{"id":10740,"date":"2025-12-08T15:08:50","date_gmt":"2025-12-08T15:08:50","guid":{"rendered":""},"modified":"2026-04-29T15:14:42","modified_gmt":"2026-04-29T18:14:42","slug":"tomada-fixa-com-suporte-metalico","status":"publish","type":"product","link":"https:\/\/www.exatron.com.br\/en\/produtos\/tomada-fixa-com-suporte-metalico\/","title":{"rendered":"Fixed Socket with Metal Bracket"},"content":{"rendered":"<h3>Technical Specifications<\/h3>\n<ul>\n<li>Tomada fixa para rel\u00e9, bivolt, com suporte met\u00e1lico;<\/li>\n<li>Material: Al\u00e7a em a\u00e7o 1020 zincada, tomada e soquete constru\u00eddos em resina polipropileno (PP) e terminais de encaixe em lat\u00e3o estanhado;<\/li>\n<li>Aplica\u00e7\u00e3o: Tomada com al\u00e7a de fixa\u00e7\u00e3o para instala\u00e7\u00e3o de rel\u00e9s fotoel\u00e9tricos (fotoeletr\u00f4nicos);<\/li>\n<li>Aplica\u00e7\u00e3o: Tomada com al\u00e7a de fixa\u00e7\u00e3o para poste ou parede, destinada a instala\u00e7\u00e3o de rel\u00e9s fotoel\u00e9tricos (fotoeletr\u00f4nicos);<\/li>\n<li>Se\u00e7\u00e3o transversal dos fios de 1,0mm\u00b2, comprimento de 15 cm;<\/li>\n<li>Mapa de marca\u00e7\u00e3o indel\u00e9vel com identifica\u00e7\u00e3o do sentido de encaixe do rel\u00e9 e identifica\u00e7\u00e3o dos terminais de encaixe;<\/li>\n<li>Liga\u00e7\u00e3o a 3 fios: fase 1 (preto), neutro ou fase 2 (branco) e carga (vermelho);<\/li>\n<li>Intercambiabilidade total: pode ser utilizada com rel\u00e9s de qualquer fabricante;<\/li>\n<li>Atende a norma NBR 5123;<\/li>\n<li>Corrente nominal: 10A;<\/li>\n<li>Tens\u00e3o de opera\u00e7\u00e3o: at\u00e9 250 Vac;<\/li>\n<li>Operating frequency: 50\/60Hz;<\/li>\n<li>Garantia m\u00ednima: 1 ano;<\/li>\n<li>Grau de prote\u00e7\u00e3o: IP33\/IP65 \u2013 com rel\u00e9 fotoel\u00e9trico (TFBR0LM)*;<\/li>\n<li>Rigidez diel\u00e9trica : Maior 2500V.<\/li>\n<\/ul>\n<p>* A veda\u00e7\u00e3o da gaxeta do rel\u00e9 fotoel\u00e9trico deve ser adequada para o grau de prote\u00e7\u00e3o IP33\/65 de acordo com NBR5123:2016.<\/p>","protected":false},"excerpt":{"rendered":"<p>A\u00a0Tomada\u00a0Fixa com suporte met\u00e1lico (TFBR0LM PP) Exatron foi desenvolvida de acordo com a normativa NBR 5123 para instala\u00e7\u00e3o de rel\u00e9s fotoel\u00e9tricos em postes ou paredes, onde proporciona\u00a0uma\u00a0perfeita instala\u00e7\u00e3o.<\/p>","protected":false},"featured_media":10321,"comment_status":"open","ping_status":"closed","template":"","meta":{"_acf_changed":false,"_joinchat":[]},"aplicacao":[],"product_brand":[],"product_cat":[356,321],"product_tag":[797,805,798],"class_list":{"0":"post-10740","1":"product","2":"type-product","3":"status-publish","4":"has-post-thumbnail","6":"product_cat-l-metalico","7":"product_cat-tomadas-para-rele","8":"product_tag-base-para-rele","9":"product_tag-tomada-de-rele","10":"product_tag-tomada-para-rele","12":"first","13":"onbackorder","14":"shipping-taxable","15":"product-type-simple"},"acf":[],"yoast_head":"<!-- This site is optimized with the Yoast SEO plugin v27.3 - https:\/\/yoast.com\/product\/yoast-seo-wordpress\/ -->\n<title>Tomada Fixa com Suporte Met\u00e1lico - EXATRON<\/title>\n<meta name=\"description\" content=\"Desenvolvida de acordo com a normativa NBR 5123 para instala\u00e7\u00e3o de rel\u00e9s fotoel\u00e9tricos em postes ou paredes, onde proporciona\u00a0uma\u00a0perfeita instala\u00e7\u00e3o.\" \/>\n<meta name=\"robots\" content=\"index, follow, max-snippet:-1, max-image-preview:large, max-video-preview:-1\" \/>\n<link rel=\"canonical\" href=\"https:\/\/www.exatron.com.br\/en\/produtos\/tomada-fixa-com-suporte-metalico\/\" \/>\n<meta property=\"og:locale\" content=\"en_US\" \/>\n<meta property=\"og:type\" content=\"article\" \/>\n<meta property=\"og:title\" content=\"Tomada Fixa com Suporte Met\u00e1lico - EXATRON\" \/>\n<meta property=\"og:description\" content=\"Desenvolvida de acordo com a normativa NBR 5123 para instala\u00e7\u00e3o de rel\u00e9s fotoel\u00e9tricos em postes ou paredes, onde proporciona\u00a0uma\u00a0perfeita instala\u00e7\u00e3o.\" \/>\n<meta property=\"og:url\" content=\"https:\/\/www.exatron.com.br\/en\/produtos\/tomada-fixa-com-suporte-metalico\/\" \/>\n<meta property=\"og:site_name\" content=\"EXATRON\" \/>\n<meta property=\"article:modified_time\" content=\"2026-04-29T18:14:42+00:00\" \/>\n<meta property=\"og:image\" content=\"https:\/\/www.exatron.com.br\/wp-content\/uploads\/2025\/12\/fmdr2jd7xhlmtbxdrl217bekfisumdjqqek5utee.png\" \/>\n\t<meta property=\"og:image:width\" content=\"1080\" \/>\n\t<meta property=\"og:image:height\" content=\"1080\" \/>\n\t<meta property=\"og:image:type\" content=\"image\/png\" \/>\n<meta name=\"twitter:card\" content=\"summary_large_image\" \/>\n<meta name=\"twitter:label1\" content=\"Est. reading time\" \/>\n\t<meta name=\"twitter:data1\" content=\"2 minutes\" \/>\n<script type=\"application\/ld+json\" class=\"yoast-schema-graph\">{\"@context\":\"https:\\\/\\\/schema.org\",\"@graph\":[{\"@type\":\"WebPage\",\"@id\":\"https:\\\/\\\/www.exatron.com.br\\\/produtos\\\/tomada-fixa-com-suporte-metalico\\\/\",\"url\":\"https:\\\/\\\/www.exatron.com.br\\\/produtos\\\/tomada-fixa-com-suporte-metalico\\\/\",\"name\":\"Tomada Fixa com Suporte Met\u00e1lico - EXATRON\",\"isPartOf\":{\"@id\":\"https:\\\/\\\/www.exatron.com.br\\\/#website\"},\"primaryImageOfPage\":{\"@id\":\"https:\\\/\\\/www.exatron.com.br\\\/produtos\\\/tomada-fixa-com-suporte-metalico\\\/#primaryimage\"},\"image\":{\"@id\":\"https:\\\/\\\/www.exatron.com.br\\\/produtos\\\/tomada-fixa-com-suporte-metalico\\\/#primaryimage\"},\"thumbnailUrl\":\"https:\\\/\\\/www.exatron.com.br\\\/wp-content\\\/uploads\\\/2025\\\/12\\\/fmdr2jd7xhlmtbxdrl217bekfisumdjqqek5utee.png\",\"datePublished\":\"2025-12-08T15:08:50+00:00\",\"dateModified\":\"2026-04-29T18:14:42+00:00\",\"description\":\"Desenvolvida de acordo com a normativa NBR 5123 para instala\u00e7\u00e3o de rel\u00e9s fotoel\u00e9tricos em postes ou paredes, onde proporciona\u00a0uma\u00a0perfeita instala\u00e7\u00e3o.\",\"breadcrumb\":{\"@id\":\"https:\\\/\\\/www.exatron.com.br\\\/produtos\\\/tomada-fixa-com-suporte-metalico\\\/#breadcrumb\"},\"inLanguage\":\"en-US\",\"potentialAction\":[{\"@type\":\"ReadAction\",\"target\":[\"https:\\\/\\\/www.exatron.com.br\\\/produtos\\\/tomada-fixa-com-suporte-metalico\\\/\"]}]},{\"@type\":\"ImageObject\",\"inLanguage\":\"en-US\",\"@id\":\"https:\\\/\\\/www.exatron.com.br\\\/produtos\\\/tomada-fixa-com-suporte-metalico\\\/#primaryimage\",\"url\":\"https:\\\/\\\/www.exatron.com.br\\\/wp-content\\\/uploads\\\/2025\\\/12\\\/fmdr2jd7xhlmtbxdrl217bekfisumdjqqek5utee.png\",\"contentUrl\":\"https:\\\/\\\/www.exatron.com.br\\\/wp-content\\\/uploads\\\/2025\\\/12\\\/fmdr2jd7xhlmtbxdrl217bekfisumdjqqek5utee.png\",\"width\":1080,\"height\":1080,\"caption\":\"A\u00a0Tomada\u00a0Fixa com suporte met\u00e1lico (TFBR0LM PP) Exatron foi desenvolvida de acordo com a normativa NBR 5123 para instala\u00e7\u00e3o de rel\u00e9s fotoel\u00e9tricos em postes ou paredes, onde proporciona\u00a0uma\u00a0perfeita instala\u00e7\u00e3o.\"},{\"@type\":\"BreadcrumbList\",\"@id\":\"https:\\\/\\\/www.exatron.com.br\\\/produtos\\\/tomada-fixa-com-suporte-metalico\\\/#breadcrumb\",\"itemListElement\":[{\"@type\":\"ListItem\",\"position\":1,\"name\":\"In\u00edcio\",\"item\":\"https:\\\/\\\/www.exatron.com.br\\\/\"},{\"@type\":\"ListItem\",\"position\":2,\"name\":\"Loja\",\"item\":\"https:\\\/\\\/www.exatron.com.br\\\/loja\\\/\"},{\"@type\":\"ListItem\",\"position\":3,\"name\":\"Tomada Fixa com Suporte Met\u00e1lico\"}]},{\"@type\":\"WebSite\",\"@id\":\"https:\\\/\\\/www.exatron.com.br\\\/#website\",\"url\":\"https:\\\/\\\/www.exatron.com.br\\\/\",\"name\":\"EXATRON\",\"description\":\"\",\"publisher\":{\"@id\":\"https:\\\/\\\/www.exatron.com.br\\\/#organization\"},\"potentialAction\":[{\"@type\":\"SearchAction\",\"target\":{\"@type\":\"EntryPoint\",\"urlTemplate\":\"https:\\\/\\\/www.exatron.com.br\\\/?s={search_term_string}\"},\"query-input\":{\"@type\":\"PropertyValueSpecification\",\"valueRequired\":true,\"valueName\":\"search_term_string\"}}],\"inLanguage\":\"en-US\"},{\"@type\":\"Organization\",\"@id\":\"https:\\\/\\\/www.exatron.com.br\\\/#organization\",\"name\":\"EXATRON\",\"url\":\"https:\\\/\\\/www.exatron.com.br\\\/\",\"logo\":{\"@type\":\"ImageObject\",\"inLanguage\":\"en-US\",\"@id\":\"https:\\\/\\\/www.exatron.com.br\\\/#\\\/schema\\\/logo\\\/image\\\/\",\"url\":\"https:\\\/\\\/www.exatron.com.br\\\/wp-content\\\/uploads\\\/2024\\\/11\\\/default-kit.png\",\"contentUrl\":\"https:\\\/\\\/www.exatron.com.br\\\/wp-content\\\/uploads\\\/2024\\\/11\\\/default-kit.png\",\"width\":956,\"height\":192,\"caption\":\"EXATRON\"},\"image\":{\"@id\":\"https:\\\/\\\/www.exatron.com.br\\\/#\\\/schema\\\/logo\\\/image\\\/\"}}]}<\/script>\n<!-- \/ Yoast SEO plugin. -->","yoast_head_json":{"title":"Tomada Fixa com Suporte Met\u00e1lico - EXATRON","description":"Desenvolvida de acordo com a normativa NBR 5123 para instala\u00e7\u00e3o de rel\u00e9s fotoel\u00e9tricos em postes ou paredes, onde proporciona\u00a0uma\u00a0perfeita instala\u00e7\u00e3o.","robots":{"index":"index","follow":"follow","max-snippet":"max-snippet:-1","max-image-preview":"max-image-preview:large","max-video-preview":"max-video-preview:-1"},"canonical":"https:\/\/www.exatron.com.br\/en\/produtos\/tomada-fixa-com-suporte-metalico\/","og_locale":"en_US","og_type":"article","og_title":"Tomada Fixa com Suporte Met\u00e1lico - EXATRON","og_description":"Desenvolvida de acordo com a normativa NBR 5123 para instala\u00e7\u00e3o de rel\u00e9s fotoel\u00e9tricos em postes ou paredes, onde proporciona\u00a0uma\u00a0perfeita instala\u00e7\u00e3o.","og_url":"https:\/\/www.exatron.com.br\/en\/produtos\/tomada-fixa-com-suporte-metalico\/","og_site_name":"EXATRON","article_modified_time":"2026-04-29T18:14:42+00:00","og_image":[{"width":1080,"height":1080,"url":"https:\/\/www.exatron.com.br\/wp-content\/uploads\/2025\/12\/fmdr2jd7xhlmtbxdrl217bekfisumdjqqek5utee.png","type":"image\/png"}],"twitter_card":"summary_large_image","twitter_misc":{"Est. reading time":"2 minutes"},"schema":{"@context":"https:\/\/schema.org","@graph":[{"@type":"WebPage","@id":"https:\/\/www.exatron.com.br\/produtos\/tomada-fixa-com-suporte-metalico\/","url":"https:\/\/www.exatron.com.br\/produtos\/tomada-fixa-com-suporte-metalico\/","name":"Tomada Fixa com Suporte Met\u00e1lico - EXATRON","isPartOf":{"@id":"https:\/\/www.exatron.com.br\/#website"},"primaryImageOfPage":{"@id":"https:\/\/www.exatron.com.br\/produtos\/tomada-fixa-com-suporte-metalico\/#primaryimage"},"image":{"@id":"https:\/\/www.exatron.com.br\/produtos\/tomada-fixa-com-suporte-metalico\/#primaryimage"},"thumbnailUrl":"https:\/\/www.exatron.com.br\/wp-content\/uploads\/2025\/12\/fmdr2jd7xhlmtbxdrl217bekfisumdjqqek5utee.png","datePublished":"2025-12-08T15:08:50+00:00","dateModified":"2026-04-29T18:14:42+00:00","description":"Desenvolvida de acordo com a normativa NBR 5123 para instala\u00e7\u00e3o de rel\u00e9s fotoel\u00e9tricos em postes ou paredes, onde proporciona\u00a0uma\u00a0perfeita instala\u00e7\u00e3o.","breadcrumb":{"@id":"https:\/\/www.exatron.com.br\/produtos\/tomada-fixa-com-suporte-metalico\/#breadcrumb"},"inLanguage":"en-US","potentialAction":[{"@type":"ReadAction","target":["https:\/\/www.exatron.com.br\/produtos\/tomada-fixa-com-suporte-metalico\/"]}]},{"@type":"ImageObject","inLanguage":"en-US","@id":"https:\/\/www.exatron.com.br\/produtos\/tomada-fixa-com-suporte-metalico\/#primaryimage","url":"https:\/\/www.exatron.com.br\/wp-content\/uploads\/2025\/12\/fmdr2jd7xhlmtbxdrl217bekfisumdjqqek5utee.png","contentUrl":"https:\/\/www.exatron.com.br\/wp-content\/uploads\/2025\/12\/fmdr2jd7xhlmtbxdrl217bekfisumdjqqek5utee.png","width":1080,"height":1080,"caption":"A\u00a0Tomada\u00a0Fixa com suporte met\u00e1lico (TFBR0LM PP) Exatron foi desenvolvida de acordo com a normativa NBR 5123 para instala\u00e7\u00e3o de rel\u00e9s fotoel\u00e9tricos em postes ou paredes, onde proporciona\u00a0uma\u00a0perfeita instala\u00e7\u00e3o."},{"@type":"BreadcrumbList","@id":"https:\/\/www.exatron.com.br\/produtos\/tomada-fixa-com-suporte-metalico\/#breadcrumb","itemListElement":[{"@type":"ListItem","position":1,"name":"In\u00edcio","item":"https:\/\/www.exatron.com.br\/"},{"@type":"ListItem","position":2,"name":"Loja","item":"https:\/\/www.exatron.com.br\/loja\/"},{"@type":"ListItem","position":3,"name":"Tomada Fixa com Suporte Met\u00e1lico"}]},{"@type":"WebSite","@id":"https:\/\/www.exatron.com.br\/#website","url":"https:\/\/www.exatron.com.br\/","name":"EXATRON","description":"","publisher":{"@id":"https:\/\/www.exatron.com.br\/#organization"},"potentialAction":[{"@type":"SearchAction","target":{"@type":"EntryPoint","urlTemplate":"https:\/\/www.exatron.com.br\/?s={search_term_string}"},"query-input":{"@type":"PropertyValueSpecification","valueRequired":true,"valueName":"search_term_string"}}],"inLanguage":"en-US"},{"@type":"Organization","@id":"https:\/\/www.exatron.com.br\/#organization","name":"EXATRON","url":"https:\/\/www.exatron.com.br\/","logo":{"@type":"ImageObject","inLanguage":"en-US","@id":"https:\/\/www.exatron.com.br\/#\/schema\/logo\/image\/","url":"https:\/\/www.exatron.com.br\/wp-content\/uploads\/2024\/11\/default-kit.png","contentUrl":"https:\/\/www.exatron.com.br\/wp-content\/uploads\/2024\/11\/default-kit.png","width":956,"height":192,"caption":"EXATRON"},"image":{"@id":"https:\/\/www.exatron.com.br\/#\/schema\/logo\/image\/"}}]}},"_links":{"self":[{"href":"https:\/\/www.exatron.com.br\/en\/wp-json\/wp\/v2\/product\/10740","targetHints":{"allow":["GET"]}}],"collection":[{"href":"https:\/\/www.exatron.com.br\/en\/wp-json\/wp\/v2\/product"}],"about":[{"href":"https:\/\/www.exatron.com.br\/en\/wp-json\/wp\/v2\/types\/product"}],"replies":[{"embeddable":true,"href":"https:\/\/www.exatron.com.br\/en\/wp-json\/wp\/v2\/comments?post=10740"}],"wp:featuredmedia":[{"embeddable":true,"href":"https:\/\/www.exatron.com.br\/en\/wp-json\/wp\/v2\/media\/10321"}],"wp:attachment":[{"href":"https:\/\/www.exatron.com.br\/en\/wp-json\/wp\/v2\/media?parent=10740"}],"wp:term":[{"taxonomy":"aplicacao","embeddable":true,"href":"https:\/\/www.exatron.com.br\/en\/wp-json\/wp\/v2\/aplicacao?post=10740"},{"taxonomy":"product_brand","embeddable":true,"href":"https:\/\/www.exatron.com.br\/en\/wp-json\/wp\/v2\/product_brand?post=10740"},{"taxonomy":"product_cat","embeddable":true,"href":"https:\/\/www.exatron.com.br\/en\/wp-json\/wp\/v2\/product_cat?post=10740"},{"taxonomy":"product_tag","embeddable":true,"href":"https:\/\/www.exatron.com.br\/en\/wp-json\/wp\/v2\/product_tag?post=10740"}],"curies":[{"name":"wp","href":"https:\/\/api.w.org\/{rel}","templated":true}]}}