{"id":10741,"date":"2025-12-08T15:08:50","date_gmt":"2025-12-08T15:08:50","guid":{"rendered":""},"modified":"2026-04-29T15:00:14","modified_gmt":"2026-04-29T18:00:14","slug":"tomada-base-de-embutir-7-fios-com-anel-metalico-para-rele-fotoeletrico-ip67","status":"publish","type":"product","link":"https:\/\/www.exatron.com.br\/en\/produtos\/tomada-base-de-embutir-7-fios-com-anel-metalico-para-rele-fotoeletrico-ip67\/","title":{"rendered":"7-wire Flush Mount Base Socket with Metal Ring for IP67 Photoelectric Relay"},"content":{"rendered":"<h3>Technical Specifications<\/h3>\n<ul>\n<li>Tens\u00e3o: 100-250V ~ 50\/60 Hz;<\/li>\n<li>Tomada de embutir alta para rel\u00e9, com anel met\u00e1lico;<\/li>\n<li>Material\/estrutura (case): Soquete em nylon com fibra de vidro, terminais de encaixe em lat\u00e3o estanhado, terminais auxiliares banhados com ouro;<\/li>\n<li>Mapa de marca\u00e7\u00e3o indel\u00e9vel com identifica\u00e7\u00e3o do sentido de encaixe do rel\u00e9 e identifica\u00e7\u00e3o dos terminais de encaixe;<\/li>\n<li>Liga\u00e7\u00e3o a 7 fios: 1-fase (preto), 2-neutro\/fase (branco), 3-carga (vermelho), 4 e 5-dimmer (violeta e cinza), 6 e 7-terminais auxiliares (laranja e marrom). Com se\u00e7\u00e3o transversal dos fios de 1,5mm\u00b2 e comprimento de 20cm comprimento dos fios de liga\u00e7\u00e3o. Quanto aos fios de dimeriza\u00e7\u00e3o, positivo (violeta), negativo\/refer\u00eancia (cinza), auxiliares (marrom e laranja) possuem se\u00e7\u00e3o transversal dos fios de 1,0mm\u00b2 e comprimento de 20cm. O comprimento dos fios de liga\u00e7\u00e3o podem ser alterados a pedido do cliente;<\/li>\n<li>Intercambialidade total, pode ser utilizada com rel\u00e9s de qualquer fabricante com ou sem dimmeriza\u00e7\u00e3o;<\/li>\n<li>Permite giro de 180\u00b0 para orienta\u00e7\u00e3o do rel\u00e9 (vide orienta\u00e7\u00e3o de fura\u00e7\u00e3o);<\/li>\n<li>Base em conformidade a NBR 5123 e da ANSI C136.41;<\/li>\n<li>Corrente nominal: 10A (m\u00e1x.: 15A);<\/li>\n<li>Rigidez diel\u00e9trica: Maior que 2500V;<\/li>\n<li>Dimens\u00f5es: 41,20mmX\u00d866,12mm;<\/li>\n<li>Grau de prote\u00e7\u00e3o (IP): IP67;<\/li>\n<li>Garantia: 1 ano;<\/li>\n<li>Temperatura de opera\u00e7\u00e3o: -40 a 80\u00b0C;<\/li>\n<li>Resistente a raios ultravioleta (UV).<\/li>\n<\/ul>\n<h3>Installation<\/h3>\n<p>Tomada para embutir em lumin\u00e1rias para instala\u00e7\u00e3o de rel\u00e9s fotoel\u00e9tricos e rel\u00e9s com dimeriza\u00e7\u00e3o de um ou dois canais (fotoeletr\u00f4nicos).<\/p>","protected":false},"excerpt":{"rendered":"<p>Para uma instala\u00e7\u00e3o segura \u00a0e com alto grau de prote\u00e7\u00e3o (IP 67), utilize a tomada (LTIP1001 67), com este modelo voc\u00ea tem a garantia de uma instala\u00e7\u00e3o perfeita e segura, seguindo os padr\u00f5es NBR5123 e ANSI136.41. Conte com a Exatron para iluminar seus projetos com efici\u00eancia e qualidade.<\/p>","protected":false},"featured_media":10322,"comment_status":"open","ping_status":"closed","template":"","meta":{"_acf_changed":false,"_joinchat":[]},"aplicacao":[],"product_brand":[],"product_cat":[358,321],"product_tag":[798,806],"class_list":{"0":"post-10741","1":"product","2":"type-product","3":"status-publish","4":"has-post-thumbnail","6":"product_cat-embutir","7":"product_cat-tomadas-para-rele","8":"product_tag-tomada-para-rele","9":"product_tag-tomada-rele-ip67","11":"first","12":"instock","13":"shipping-taxable","14":"purchasable","15":"product-type-simple"},"acf":[],"yoast_head":"<!-- This site is optimized with the Yoast SEO plugin v27.3 - https:\/\/yoast.com\/product\/yoast-seo-wordpress\/ -->\n<title>Tomada Base de Embutir 7 fios com Anel Met\u00e1lico para Rel\u00e9 Fotoel\u00e9trico IP67 - EXATRON<\/title>\n<meta name=\"description\" content=\"Ideal para fixa\u00e7\u00e3o em lumin\u00e1rias que necessitem elevado grau de prote\u00e7\u00e3o (IP), promove uma perfeita instala\u00e7\u00e3o para os rel\u00e9s fotel\u00e9tricos.\" \/>\n<meta name=\"robots\" content=\"index, follow, max-snippet:-1, max-image-preview:large, max-video-preview:-1\" \/>\n<link rel=\"canonical\" href=\"https:\/\/www.exatron.com.br\/en\/produtos\/tomada-base-de-embutir-7-fios-com-anel-metalico-para-rele-fotoeletrico-ip67\/\" \/>\n<meta property=\"og:locale\" content=\"en_US\" \/>\n<meta property=\"og:type\" content=\"article\" \/>\n<meta property=\"og:title\" content=\"Tomada Base de Embutir 7 fios com Anel Met\u00e1lico para Rel\u00e9 Fotoel\u00e9trico IP67 - EXATRON\" \/>\n<meta property=\"og:description\" content=\"Ideal para fixa\u00e7\u00e3o em lumin\u00e1rias que necessitem elevado grau de prote\u00e7\u00e3o (IP), promove uma perfeita instala\u00e7\u00e3o para os rel\u00e9s fotel\u00e9tricos.\" \/>\n<meta property=\"og:url\" content=\"https:\/\/www.exatron.com.br\/en\/produtos\/tomada-base-de-embutir-7-fios-com-anel-metalico-para-rele-fotoeletrico-ip67\/\" \/>\n<meta property=\"og:site_name\" content=\"EXATRON\" \/>\n<meta property=\"article:modified_time\" content=\"2026-04-29T18:00:14+00:00\" \/>\n<meta property=\"og:image\" content=\"https:\/\/www.exatron.com.br\/wp-content\/uploads\/2025\/12\/ck8iuqybl0l4snmk8vbkahbwyjuu17brqgwa5e5j.png\" \/>\n\t<meta property=\"og:image:width\" content=\"1080\" \/>\n\t<meta property=\"og:image:height\" content=\"1080\" \/>\n\t<meta property=\"og:image:type\" content=\"image\/png\" \/>\n<meta name=\"twitter:card\" content=\"summary_large_image\" \/>\n<meta name=\"twitter:label1\" content=\"Est. reading time\" \/>\n\t<meta name=\"twitter:data1\" content=\"2 minutes\" \/>\n<script type=\"application\/ld+json\" class=\"yoast-schema-graph\">{\"@context\":\"https:\\\/\\\/schema.org\",\"@graph\":[{\"@type\":\"WebPage\",\"@id\":\"https:\\\/\\\/www.exatron.com.br\\\/produtos\\\/tomada-base-de-embutir-7-fios-com-anel-metalico-para-rele-fotoeletrico-ip67\\\/\",\"url\":\"https:\\\/\\\/www.exatron.com.br\\\/produtos\\\/tomada-base-de-embutir-7-fios-com-anel-metalico-para-rele-fotoeletrico-ip67\\\/\",\"name\":\"Tomada Base de Embutir 7 fios com Anel Met\u00e1lico para Rel\u00e9 Fotoel\u00e9trico IP67 - EXATRON\",\"isPartOf\":{\"@id\":\"https:\\\/\\\/www.exatron.com.br\\\/#website\"},\"primaryImageOfPage\":{\"@id\":\"https:\\\/\\\/www.exatron.com.br\\\/produtos\\\/tomada-base-de-embutir-7-fios-com-anel-metalico-para-rele-fotoeletrico-ip67\\\/#primaryimage\"},\"image\":{\"@id\":\"https:\\\/\\\/www.exatron.com.br\\\/produtos\\\/tomada-base-de-embutir-7-fios-com-anel-metalico-para-rele-fotoeletrico-ip67\\\/#primaryimage\"},\"thumbnailUrl\":\"https:\\\/\\\/www.exatron.com.br\\\/wp-content\\\/uploads\\\/2025\\\/12\\\/ck8iuqybl0l4snmk8vbkahbwyjuu17brqgwa5e5j.png\",\"datePublished\":\"2025-12-08T15:08:50+00:00\",\"dateModified\":\"2026-04-29T18:00:14+00:00\",\"description\":\"Ideal para fixa\u00e7\u00e3o em lumin\u00e1rias que necessitem elevado grau de prote\u00e7\u00e3o (IP), promove uma perfeita instala\u00e7\u00e3o para os rel\u00e9s fotel\u00e9tricos.\",\"breadcrumb\":{\"@id\":\"https:\\\/\\\/www.exatron.com.br\\\/produtos\\\/tomada-base-de-embutir-7-fios-com-anel-metalico-para-rele-fotoeletrico-ip67\\\/#breadcrumb\"},\"inLanguage\":\"en-US\",\"potentialAction\":[{\"@type\":\"ReadAction\",\"target\":[\"https:\\\/\\\/www.exatron.com.br\\\/produtos\\\/tomada-base-de-embutir-7-fios-com-anel-metalico-para-rele-fotoeletrico-ip67\\\/\"]}]},{\"@type\":\"ImageObject\",\"inLanguage\":\"en-US\",\"@id\":\"https:\\\/\\\/www.exatron.com.br\\\/produtos\\\/tomada-base-de-embutir-7-fios-com-anel-metalico-para-rele-fotoeletrico-ip67\\\/#primaryimage\",\"url\":\"https:\\\/\\\/www.exatron.com.br\\\/wp-content\\\/uploads\\\/2025\\\/12\\\/ck8iuqybl0l4snmk8vbkahbwyjuu17brqgwa5e5j.png\",\"contentUrl\":\"https:\\\/\\\/www.exatron.com.br\\\/wp-content\\\/uploads\\\/2025\\\/12\\\/ck8iuqybl0l4snmk8vbkahbwyjuu17brqgwa5e5j.png\",\"width\":1080,\"height\":1080,\"caption\":\"Para uma instala\u00e7\u00e3o segura e com alto grau de prote\u00e7\u00e3o (IP 67), utilize a tomada (LTIP1001 67), com este modelo voc\u00ea tem a garantia de uma instala\u00e7\u00e3o perfeita e segura, seguindo os padr\u00f5es NBR5123 e ANSI136.41. Conte com a Exatron para iluminar seus projetos com efici\u00eancia e qualidade.\"},{\"@type\":\"BreadcrumbList\",\"@id\":\"https:\\\/\\\/www.exatron.com.br\\\/produtos\\\/tomada-base-de-embutir-7-fios-com-anel-metalico-para-rele-fotoeletrico-ip67\\\/#breadcrumb\",\"itemListElement\":[{\"@type\":\"ListItem\",\"position\":1,\"name\":\"In\u00edcio\",\"item\":\"https:\\\/\\\/www.exatron.com.br\\\/\"},{\"@type\":\"ListItem\",\"position\":2,\"name\":\"Loja\",\"item\":\"https:\\\/\\\/www.exatron.com.br\\\/loja\\\/\"},{\"@type\":\"ListItem\",\"position\":3,\"name\":\"Tomada Base de Embutir 7 fios com Anel Met\u00e1lico para Rel\u00e9 Fotoel\u00e9trico IP67\"}]},{\"@type\":\"WebSite\",\"@id\":\"https:\\\/\\\/www.exatron.com.br\\\/#website\",\"url\":\"https:\\\/\\\/www.exatron.com.br\\\/\",\"name\":\"EXATRON\",\"description\":\"\",\"publisher\":{\"@id\":\"https:\\\/\\\/www.exatron.com.br\\\/#organization\"},\"potentialAction\":[{\"@type\":\"SearchAction\",\"target\":{\"@type\":\"EntryPoint\",\"urlTemplate\":\"https:\\\/\\\/www.exatron.com.br\\\/?s={search_term_string}\"},\"query-input\":{\"@type\":\"PropertyValueSpecification\",\"valueRequired\":true,\"valueName\":\"search_term_string\"}}],\"inLanguage\":\"en-US\"},{\"@type\":\"Organization\",\"@id\":\"https:\\\/\\\/www.exatron.com.br\\\/#organization\",\"name\":\"EXATRON\",\"url\":\"https:\\\/\\\/www.exatron.com.br\\\/\",\"logo\":{\"@type\":\"ImageObject\",\"inLanguage\":\"en-US\",\"@id\":\"https:\\\/\\\/www.exatron.com.br\\\/#\\\/schema\\\/logo\\\/image\\\/\",\"url\":\"https:\\\/\\\/www.exatron.com.br\\\/wp-content\\\/uploads\\\/2024\\\/11\\\/default-kit.png\",\"contentUrl\":\"https:\\\/\\\/www.exatron.com.br\\\/wp-content\\\/uploads\\\/2024\\\/11\\\/default-kit.png\",\"width\":956,\"height\":192,\"caption\":\"EXATRON\"},\"image\":{\"@id\":\"https:\\\/\\\/www.exatron.com.br\\\/#\\\/schema\\\/logo\\\/image\\\/\"}}]}<\/script>\n<!-- \/ Yoast SEO plugin. -->","yoast_head_json":{"title":"Tomada Base de Embutir 7 fios com Anel Met\u00e1lico para Rel\u00e9 Fotoel\u00e9trico IP67 - EXATRON","description":"Ideal para fixa\u00e7\u00e3o em lumin\u00e1rias que necessitem elevado grau de prote\u00e7\u00e3o (IP), promove uma perfeita instala\u00e7\u00e3o para os rel\u00e9s fotel\u00e9tricos.","robots":{"index":"index","follow":"follow","max-snippet":"max-snippet:-1","max-image-preview":"max-image-preview:large","max-video-preview":"max-video-preview:-1"},"canonical":"https:\/\/www.exatron.com.br\/en\/produtos\/tomada-base-de-embutir-7-fios-com-anel-metalico-para-rele-fotoeletrico-ip67\/","og_locale":"en_US","og_type":"article","og_title":"Tomada Base de Embutir 7 fios com Anel Met\u00e1lico para Rel\u00e9 Fotoel\u00e9trico IP67 - EXATRON","og_description":"Ideal para fixa\u00e7\u00e3o em lumin\u00e1rias que necessitem elevado grau de prote\u00e7\u00e3o (IP), promove uma perfeita instala\u00e7\u00e3o para os rel\u00e9s fotel\u00e9tricos.","og_url":"https:\/\/www.exatron.com.br\/en\/produtos\/tomada-base-de-embutir-7-fios-com-anel-metalico-para-rele-fotoeletrico-ip67\/","og_site_name":"EXATRON","article_modified_time":"2026-04-29T18:00:14+00:00","og_image":[{"width":1080,"height":1080,"url":"https:\/\/www.exatron.com.br\/wp-content\/uploads\/2025\/12\/ck8iuqybl0l4snmk8vbkahbwyjuu17brqgwa5e5j.png","type":"image\/png"}],"twitter_card":"summary_large_image","twitter_misc":{"Est. reading time":"2 minutes"},"schema":{"@context":"https:\/\/schema.org","@graph":[{"@type":"WebPage","@id":"https:\/\/www.exatron.com.br\/produtos\/tomada-base-de-embutir-7-fios-com-anel-metalico-para-rele-fotoeletrico-ip67\/","url":"https:\/\/www.exatron.com.br\/produtos\/tomada-base-de-embutir-7-fios-com-anel-metalico-para-rele-fotoeletrico-ip67\/","name":"Tomada Base de Embutir 7 fios com Anel Met\u00e1lico para Rel\u00e9 Fotoel\u00e9trico IP67 - EXATRON","isPartOf":{"@id":"https:\/\/www.exatron.com.br\/#website"},"primaryImageOfPage":{"@id":"https:\/\/www.exatron.com.br\/produtos\/tomada-base-de-embutir-7-fios-com-anel-metalico-para-rele-fotoeletrico-ip67\/#primaryimage"},"image":{"@id":"https:\/\/www.exatron.com.br\/produtos\/tomada-base-de-embutir-7-fios-com-anel-metalico-para-rele-fotoeletrico-ip67\/#primaryimage"},"thumbnailUrl":"https:\/\/www.exatron.com.br\/wp-content\/uploads\/2025\/12\/ck8iuqybl0l4snmk8vbkahbwyjuu17brqgwa5e5j.png","datePublished":"2025-12-08T15:08:50+00:00","dateModified":"2026-04-29T18:00:14+00:00","description":"Ideal para fixa\u00e7\u00e3o em lumin\u00e1rias que necessitem elevado grau de prote\u00e7\u00e3o (IP), promove uma perfeita instala\u00e7\u00e3o para os rel\u00e9s fotel\u00e9tricos.","breadcrumb":{"@id":"https:\/\/www.exatron.com.br\/produtos\/tomada-base-de-embutir-7-fios-com-anel-metalico-para-rele-fotoeletrico-ip67\/#breadcrumb"},"inLanguage":"en-US","potentialAction":[{"@type":"ReadAction","target":["https:\/\/www.exatron.com.br\/produtos\/tomada-base-de-embutir-7-fios-com-anel-metalico-para-rele-fotoeletrico-ip67\/"]}]},{"@type":"ImageObject","inLanguage":"en-US","@id":"https:\/\/www.exatron.com.br\/produtos\/tomada-base-de-embutir-7-fios-com-anel-metalico-para-rele-fotoeletrico-ip67\/#primaryimage","url":"https:\/\/www.exatron.com.br\/wp-content\/uploads\/2025\/12\/ck8iuqybl0l4snmk8vbkahbwyjuu17brqgwa5e5j.png","contentUrl":"https:\/\/www.exatron.com.br\/wp-content\/uploads\/2025\/12\/ck8iuqybl0l4snmk8vbkahbwyjuu17brqgwa5e5j.png","width":1080,"height":1080,"caption":"Para uma instala\u00e7\u00e3o segura e com alto grau de prote\u00e7\u00e3o (IP 67), utilize a tomada (LTIP1001 67), com este modelo voc\u00ea tem a garantia de uma instala\u00e7\u00e3o perfeita e segura, seguindo os padr\u00f5es NBR5123 e ANSI136.41. Conte com a Exatron para iluminar seus projetos com efici\u00eancia e qualidade."},{"@type":"BreadcrumbList","@id":"https:\/\/www.exatron.com.br\/produtos\/tomada-base-de-embutir-7-fios-com-anel-metalico-para-rele-fotoeletrico-ip67\/#breadcrumb","itemListElement":[{"@type":"ListItem","position":1,"name":"In\u00edcio","item":"https:\/\/www.exatron.com.br\/"},{"@type":"ListItem","position":2,"name":"Loja","item":"https:\/\/www.exatron.com.br\/loja\/"},{"@type":"ListItem","position":3,"name":"Tomada Base de Embutir 7 fios com Anel Met\u00e1lico para Rel\u00e9 Fotoel\u00e9trico IP67"}]},{"@type":"WebSite","@id":"https:\/\/www.exatron.com.br\/#website","url":"https:\/\/www.exatron.com.br\/","name":"EXATRON","description":"","publisher":{"@id":"https:\/\/www.exatron.com.br\/#organization"},"potentialAction":[{"@type":"SearchAction","target":{"@type":"EntryPoint","urlTemplate":"https:\/\/www.exatron.com.br\/?s={search_term_string}"},"query-input":{"@type":"PropertyValueSpecification","valueRequired":true,"valueName":"search_term_string"}}],"inLanguage":"en-US"},{"@type":"Organization","@id":"https:\/\/www.exatron.com.br\/#organization","name":"EXATRON","url":"https:\/\/www.exatron.com.br\/","logo":{"@type":"ImageObject","inLanguage":"en-US","@id":"https:\/\/www.exatron.com.br\/#\/schema\/logo\/image\/","url":"https:\/\/www.exatron.com.br\/wp-content\/uploads\/2024\/11\/default-kit.png","contentUrl":"https:\/\/www.exatron.com.br\/wp-content\/uploads\/2024\/11\/default-kit.png","width":956,"height":192,"caption":"EXATRON"},"image":{"@id":"https:\/\/www.exatron.com.br\/#\/schema\/logo\/image\/"}}]}},"_links":{"self":[{"href":"https:\/\/www.exatron.com.br\/en\/wp-json\/wp\/v2\/product\/10741","targetHints":{"allow":["GET"]}}],"collection":[{"href":"https:\/\/www.exatron.com.br\/en\/wp-json\/wp\/v2\/product"}],"about":[{"href":"https:\/\/www.exatron.com.br\/en\/wp-json\/wp\/v2\/types\/product"}],"replies":[{"embeddable":true,"href":"https:\/\/www.exatron.com.br\/en\/wp-json\/wp\/v2\/comments?post=10741"}],"wp:featuredmedia":[{"embeddable":true,"href":"https:\/\/www.exatron.com.br\/en\/wp-json\/wp\/v2\/media\/10322"}],"wp:attachment":[{"href":"https:\/\/www.exatron.com.br\/en\/wp-json\/wp\/v2\/media?parent=10741"}],"wp:term":[{"taxonomy":"aplicacao","embeddable":true,"href":"https:\/\/www.exatron.com.br\/en\/wp-json\/wp\/v2\/aplicacao?post=10741"},{"taxonomy":"product_brand","embeddable":true,"href":"https:\/\/www.exatron.com.br\/en\/wp-json\/wp\/v2\/product_brand?post=10741"},{"taxonomy":"product_cat","embeddable":true,"href":"https:\/\/www.exatron.com.br\/en\/wp-json\/wp\/v2\/product_cat?post=10741"},{"taxonomy":"product_tag","embeddable":true,"href":"https:\/\/www.exatron.com.br\/en\/wp-json\/wp\/v2\/product_tag?post=10741"}],"curies":[{"name":"wp","href":"https:\/\/api.w.org\/{rel}","templated":true}]}}