{"id":10742,"date":"2025-12-08T15:08:50","date_gmt":"2025-12-08T15:08:50","guid":{"rendered":""},"modified":"2026-03-13T11:53:08","modified_gmt":"2026-03-13T14:53:08","slug":"llic3009-luminaria-led-tubular-18w-4-000-4500k","status":"publish","type":"product","link":"https:\/\/www.exatron.com.br\/en\/produtos\/llic3009-luminaria-led-tubular-18w-4-000-4500k\/","title":{"rendered":"18W LED Tubular Light Fixture, 4000\/4500K"},"content":{"rendered":"<h3>Technical Specifications<\/h3>\n<ul>\n<li>Pot\u00eancia: 18W;<\/li>\n<li>Tens\u00e3o: 100-277V &#8211; bivolt autom\u00e1tico;<\/li>\n<li>Frequ\u00eancia: 50\/60Hz;<\/li>\n<li>Fluxo luminoso (l\u00famens): 2340;<\/li>\n<li>Efici\u00eancia energ\u00e9tica (lm\/W): 130;<\/li>\n<li>Fator de pot\u00eancia: &gt;0,9;<\/li>\n<li>Temperatura da cor (K): 4000\/4500;<\/li>\n<li>\u00cdndice de reprodu\u00e7\u00e3o de cores (IRC): 80;<\/li>\n<li>Grau de prote\u00e7\u00e3o: IP65;<\/li>\n<li>Temperatura opera\u00e7\u00e3o (\u00b0C): -20\/+50;<\/li>\n<li>Dimens\u00f5es do produto: 50x40x600mm;<\/li>\n<li>Dimens\u00f5es da embalagem: 53x43x670mm;<\/li>\n<li>Comprimento do cabo: 500mm;<\/li>\n<li>Peso da lumin\u00e1ria sem embalagem: 0,17 kg;<\/li>\n<li>Peso da lumin\u00e1ria com embalagem: 0,22 kg;<\/li>\n<li>Baixo consumo de energia;<\/li>\n<li>Instala\u00e7\u00e3o el\u00e9trica com 2 fios \u2013 Fase (marrom) e Neutro (azul);<\/li>\n<li>Instala\u00e7\u00e3o em modo sobrepor para ambientes internos e externos com prote\u00e7\u00e3o para ser instalado na chuva;<\/li>\n<li>Componentes: Pl\u00e1sticos, eletr\u00f4nicos e ligas met\u00e1licas;<\/li>\n<li>Warranty: 1 year.<\/li>\n<\/ul>\n<h3>Installation<\/h3>\n<p>A aplica\u00e7\u00e3o espec\u00edfica de uma lumin\u00e1ria LED tubular pode variar dependendo das necessidades e aspira\u00e7\u00f5es individuais, bem como das caracter\u00edsticas do espa\u00e7o onde ser\u00e3o instaladas.<\/p>","protected":false},"excerpt":{"rendered":"<p>As lumin\u00e1rias LED tubulares podem ser instaladas em diversos ambientes, sendo eles internos ou externos.<\/p>\n<p>Com o design sofisticado e funcionalidades ampliadas, estas lumin\u00e1rias LED possuem uma ilumina\u00e7\u00e3o indireta e pode ser utilizada em corredores, salas, escadarias, quartos, banheiros e muitos outros locais.<\/p>\n<p>Possui grau de prote\u00e7\u00e3o elevado, o que permite a instala\u00e7\u00e3o em jardins e\/ou locais externos para ilumina\u00e7\u00e3o decorativa, al\u00e9m disso, aproveitam os benef\u00edcios da tecnologia LED para fornecer ilumina\u00e7\u00e3o eficiente, dur\u00e1vel e de alta qualidade. As lumin\u00e1rias LED tubulares proporcionam economia de energia, redu\u00e7\u00e3o dos custos de manuten\u00e7\u00e3o e melhoria da qualidade da ilumina\u00e7\u00e3o em diversos ambientes.<\/p>","protected":false},"featured_media":10325,"comment_status":"open","ping_status":"closed","template":"","meta":{"_acf_changed":false,"_joinchat":[]},"aplicacao":[],"product_brand":[],"product_cat":[327,386],"product_tag":[891,894,893,892,890],"class_list":{"0":"post-10742","1":"product","2":"type-product","3":"status-publish","4":"has-post-thumbnail","6":"product_cat-luminarias-led","7":"product_cat-tubular","8":"product_tag-iluminacao-indireta-led","9":"product_tag-luminaria-led-para-sala","10":"product_tag-luminaria-para-banheiro","11":"product_tag-luminaria-para-jardim","12":"product_tag-luminarias-led-tubulares","14":"first","15":"instock","16":"shipping-taxable","17":"purchasable","18":"product-type-simple"},"acf":[],"yoast_head":"<!-- This site is optimized with the Yoast SEO plugin v27.3 - https:\/\/yoast.com\/product\/yoast-seo-wordpress\/ -->\n<title>Lumin\u00e1ria LED Tubular 18W, 4.000\/4.500K - EXATRON<\/title>\n<meta name=\"description\" content=\"Lumin\u00e1ria LED Tubular (LLIC3009) - com a pot\u00eancia de 18 Watts, fluxo luminoso de 2340lm e temperatura de cor de 4000\/4500. Confira j\u00e1!\" \/>\n<meta name=\"robots\" content=\"index, follow, max-snippet:-1, max-image-preview:large, max-video-preview:-1\" \/>\n<link rel=\"canonical\" href=\"https:\/\/www.exatron.com.br\/en\/produtos\/llic3009-luminaria-led-tubular-18w-4-000-4500k\/\" \/>\n<meta property=\"og:locale\" content=\"en_US\" \/>\n<meta property=\"og:type\" content=\"article\" \/>\n<meta property=\"og:title\" content=\"Lumin\u00e1ria LED Tubular 18W, 4.000\/4.500K - EXATRON\" \/>\n<meta property=\"og:description\" content=\"Lumin\u00e1ria LED Tubular (LLIC3009) - com a pot\u00eancia de 18 Watts, fluxo luminoso de 2340lm e temperatura de cor de 4000\/4500. Confira j\u00e1!\" \/>\n<meta property=\"og:url\" content=\"https:\/\/www.exatron.com.br\/en\/produtos\/llic3009-luminaria-led-tubular-18w-4-000-4500k\/\" \/>\n<meta property=\"og:site_name\" content=\"EXATRON\" \/>\n<meta property=\"article:modified_time\" content=\"2026-03-13T14:53:08+00:00\" \/>\n<meta property=\"og:image\" content=\"https:\/\/www.exatron.com.br\/wp-content\/uploads\/2025\/12\/d0vc6e0gmty72minblbf97la2wnu0lvfu8rbrecl.png\" \/>\n\t<meta property=\"og:image:width\" content=\"1080\" \/>\n\t<meta property=\"og:image:height\" content=\"1080\" \/>\n\t<meta property=\"og:image:type\" content=\"image\/png\" \/>\n<meta name=\"twitter:card\" content=\"summary_large_image\" \/>\n<meta name=\"twitter:label1\" content=\"Est. reading time\" \/>\n\t<meta name=\"twitter:data1\" content=\"1 minute\" \/>\n<script type=\"application\/ld+json\" class=\"yoast-schema-graph\">{\"@context\":\"https:\\\/\\\/schema.org\",\"@graph\":[{\"@type\":\"WebPage\",\"@id\":\"https:\\\/\\\/www.exatron.com.br\\\/produtos\\\/llic3009-luminaria-led-tubular-18w-4-000-4500k\\\/\",\"url\":\"https:\\\/\\\/www.exatron.com.br\\\/produtos\\\/llic3009-luminaria-led-tubular-18w-4-000-4500k\\\/\",\"name\":\"Lumin\u00e1ria LED Tubular 18W, 4.000\\\/4.500K - EXATRON\",\"isPartOf\":{\"@id\":\"https:\\\/\\\/www.exatron.com.br\\\/#website\"},\"primaryImageOfPage\":{\"@id\":\"https:\\\/\\\/www.exatron.com.br\\\/produtos\\\/llic3009-luminaria-led-tubular-18w-4-000-4500k\\\/#primaryimage\"},\"image\":{\"@id\":\"https:\\\/\\\/www.exatron.com.br\\\/produtos\\\/llic3009-luminaria-led-tubular-18w-4-000-4500k\\\/#primaryimage\"},\"thumbnailUrl\":\"https:\\\/\\\/www.exatron.com.br\\\/wp-content\\\/uploads\\\/2025\\\/12\\\/d0vc6e0gmty72minblbf97la2wnu0lvfu8rbrecl.png\",\"datePublished\":\"2025-12-08T15:08:50+00:00\",\"dateModified\":\"2026-03-13T14:53:08+00:00\",\"description\":\"Lumin\u00e1ria LED Tubular (LLIC3009) - com a pot\u00eancia de 18 Watts, fluxo luminoso de 2340lm e temperatura de cor de 4000\\\/4500. Confira j\u00e1!\",\"breadcrumb\":{\"@id\":\"https:\\\/\\\/www.exatron.com.br\\\/produtos\\\/llic3009-luminaria-led-tubular-18w-4-000-4500k\\\/#breadcrumb\"},\"inLanguage\":\"en-US\",\"potentialAction\":[{\"@type\":\"ReadAction\",\"target\":[\"https:\\\/\\\/www.exatron.com.br\\\/produtos\\\/llic3009-luminaria-led-tubular-18w-4-000-4500k\\\/\"]}]},{\"@type\":\"ImageObject\",\"inLanguage\":\"en-US\",\"@id\":\"https:\\\/\\\/www.exatron.com.br\\\/produtos\\\/llic3009-luminaria-led-tubular-18w-4-000-4500k\\\/#primaryimage\",\"url\":\"https:\\\/\\\/www.exatron.com.br\\\/wp-content\\\/uploads\\\/2025\\\/12\\\/d0vc6e0gmty72minblbf97la2wnu0lvfu8rbrecl.png\",\"contentUrl\":\"https:\\\/\\\/www.exatron.com.br\\\/wp-content\\\/uploads\\\/2025\\\/12\\\/d0vc6e0gmty72minblbf97la2wnu0lvfu8rbrecl.png\",\"width\":1080,\"height\":1080,\"caption\":\"As lumin\u00e1rias LED tubulares podem ser instaladas em diversos ambientes, sendo eles internos ou externos.\"},{\"@type\":\"BreadcrumbList\",\"@id\":\"https:\\\/\\\/www.exatron.com.br\\\/produtos\\\/llic3009-luminaria-led-tubular-18w-4-000-4500k\\\/#breadcrumb\",\"itemListElement\":[{\"@type\":\"ListItem\",\"position\":1,\"name\":\"In\u00edcio\",\"item\":\"https:\\\/\\\/www.exatron.com.br\\\/\"},{\"@type\":\"ListItem\",\"position\":2,\"name\":\"Loja\",\"item\":\"https:\\\/\\\/www.exatron.com.br\\\/loja\\\/\"},{\"@type\":\"ListItem\",\"position\":3,\"name\":\"Lumin\u00e1ria LED Tubular 18W, 4.000\\\/4.500K\"}]},{\"@type\":\"WebSite\",\"@id\":\"https:\\\/\\\/www.exatron.com.br\\\/#website\",\"url\":\"https:\\\/\\\/www.exatron.com.br\\\/\",\"name\":\"EXATRON\",\"description\":\"\",\"publisher\":{\"@id\":\"https:\\\/\\\/www.exatron.com.br\\\/#organization\"},\"potentialAction\":[{\"@type\":\"SearchAction\",\"target\":{\"@type\":\"EntryPoint\",\"urlTemplate\":\"https:\\\/\\\/www.exatron.com.br\\\/?s={search_term_string}\"},\"query-input\":{\"@type\":\"PropertyValueSpecification\",\"valueRequired\":true,\"valueName\":\"search_term_string\"}}],\"inLanguage\":\"en-US\"},{\"@type\":\"Organization\",\"@id\":\"https:\\\/\\\/www.exatron.com.br\\\/#organization\",\"name\":\"EXATRON\",\"url\":\"https:\\\/\\\/www.exatron.com.br\\\/\",\"logo\":{\"@type\":\"ImageObject\",\"inLanguage\":\"en-US\",\"@id\":\"https:\\\/\\\/www.exatron.com.br\\\/#\\\/schema\\\/logo\\\/image\\\/\",\"url\":\"https:\\\/\\\/www.exatron.com.br\\\/wp-content\\\/uploads\\\/2024\\\/11\\\/default-kit.png\",\"contentUrl\":\"https:\\\/\\\/www.exatron.com.br\\\/wp-content\\\/uploads\\\/2024\\\/11\\\/default-kit.png\",\"width\":956,\"height\":192,\"caption\":\"EXATRON\"},\"image\":{\"@id\":\"https:\\\/\\\/www.exatron.com.br\\\/#\\\/schema\\\/logo\\\/image\\\/\"}}]}<\/script>\n<!-- \/ Yoast SEO plugin. -->","yoast_head_json":{"title":"Lumin\u00e1ria LED Tubular 18W, 4.000\/4.500K - EXATRON","description":"Lumin\u00e1ria LED Tubular (LLIC3009) - com a pot\u00eancia de 18 Watts, fluxo luminoso de 2340lm e temperatura de cor de 4000\/4500. Confira j\u00e1!","robots":{"index":"index","follow":"follow","max-snippet":"max-snippet:-1","max-image-preview":"max-image-preview:large","max-video-preview":"max-video-preview:-1"},"canonical":"https:\/\/www.exatron.com.br\/en\/produtos\/llic3009-luminaria-led-tubular-18w-4-000-4500k\/","og_locale":"en_US","og_type":"article","og_title":"Lumin\u00e1ria LED Tubular 18W, 4.000\/4.500K - EXATRON","og_description":"Lumin\u00e1ria LED Tubular (LLIC3009) - com a pot\u00eancia de 18 Watts, fluxo luminoso de 2340lm e temperatura de cor de 4000\/4500. Confira j\u00e1!","og_url":"https:\/\/www.exatron.com.br\/en\/produtos\/llic3009-luminaria-led-tubular-18w-4-000-4500k\/","og_site_name":"EXATRON","article_modified_time":"2026-03-13T14:53:08+00:00","og_image":[{"width":1080,"height":1080,"url":"https:\/\/www.exatron.com.br\/wp-content\/uploads\/2025\/12\/d0vc6e0gmty72minblbf97la2wnu0lvfu8rbrecl.png","type":"image\/png"}],"twitter_card":"summary_large_image","twitter_misc":{"Est. reading time":"1 minute"},"schema":{"@context":"https:\/\/schema.org","@graph":[{"@type":"WebPage","@id":"https:\/\/www.exatron.com.br\/produtos\/llic3009-luminaria-led-tubular-18w-4-000-4500k\/","url":"https:\/\/www.exatron.com.br\/produtos\/llic3009-luminaria-led-tubular-18w-4-000-4500k\/","name":"Lumin\u00e1ria LED Tubular 18W, 4.000\/4.500K - EXATRON","isPartOf":{"@id":"https:\/\/www.exatron.com.br\/#website"},"primaryImageOfPage":{"@id":"https:\/\/www.exatron.com.br\/produtos\/llic3009-luminaria-led-tubular-18w-4-000-4500k\/#primaryimage"},"image":{"@id":"https:\/\/www.exatron.com.br\/produtos\/llic3009-luminaria-led-tubular-18w-4-000-4500k\/#primaryimage"},"thumbnailUrl":"https:\/\/www.exatron.com.br\/wp-content\/uploads\/2025\/12\/d0vc6e0gmty72minblbf97la2wnu0lvfu8rbrecl.png","datePublished":"2025-12-08T15:08:50+00:00","dateModified":"2026-03-13T14:53:08+00:00","description":"Lumin\u00e1ria LED Tubular (LLIC3009) - com a pot\u00eancia de 18 Watts, fluxo luminoso de 2340lm e temperatura de cor de 4000\/4500. Confira j\u00e1!","breadcrumb":{"@id":"https:\/\/www.exatron.com.br\/produtos\/llic3009-luminaria-led-tubular-18w-4-000-4500k\/#breadcrumb"},"inLanguage":"en-US","potentialAction":[{"@type":"ReadAction","target":["https:\/\/www.exatron.com.br\/produtos\/llic3009-luminaria-led-tubular-18w-4-000-4500k\/"]}]},{"@type":"ImageObject","inLanguage":"en-US","@id":"https:\/\/www.exatron.com.br\/produtos\/llic3009-luminaria-led-tubular-18w-4-000-4500k\/#primaryimage","url":"https:\/\/www.exatron.com.br\/wp-content\/uploads\/2025\/12\/d0vc6e0gmty72minblbf97la2wnu0lvfu8rbrecl.png","contentUrl":"https:\/\/www.exatron.com.br\/wp-content\/uploads\/2025\/12\/d0vc6e0gmty72minblbf97la2wnu0lvfu8rbrecl.png","width":1080,"height":1080,"caption":"As lumin\u00e1rias LED tubulares podem ser instaladas em diversos ambientes, sendo eles internos ou externos."},{"@type":"BreadcrumbList","@id":"https:\/\/www.exatron.com.br\/produtos\/llic3009-luminaria-led-tubular-18w-4-000-4500k\/#breadcrumb","itemListElement":[{"@type":"ListItem","position":1,"name":"In\u00edcio","item":"https:\/\/www.exatron.com.br\/"},{"@type":"ListItem","position":2,"name":"Loja","item":"https:\/\/www.exatron.com.br\/loja\/"},{"@type":"ListItem","position":3,"name":"Lumin\u00e1ria LED Tubular 18W, 4.000\/4.500K"}]},{"@type":"WebSite","@id":"https:\/\/www.exatron.com.br\/#website","url":"https:\/\/www.exatron.com.br\/","name":"EXATRON","description":"","publisher":{"@id":"https:\/\/www.exatron.com.br\/#organization"},"potentialAction":[{"@type":"SearchAction","target":{"@type":"EntryPoint","urlTemplate":"https:\/\/www.exatron.com.br\/?s={search_term_string}"},"query-input":{"@type":"PropertyValueSpecification","valueRequired":true,"valueName":"search_term_string"}}],"inLanguage":"en-US"},{"@type":"Organization","@id":"https:\/\/www.exatron.com.br\/#organization","name":"EXATRON","url":"https:\/\/www.exatron.com.br\/","logo":{"@type":"ImageObject","inLanguage":"en-US","@id":"https:\/\/www.exatron.com.br\/#\/schema\/logo\/image\/","url":"https:\/\/www.exatron.com.br\/wp-content\/uploads\/2024\/11\/default-kit.png","contentUrl":"https:\/\/www.exatron.com.br\/wp-content\/uploads\/2024\/11\/default-kit.png","width":956,"height":192,"caption":"EXATRON"},"image":{"@id":"https:\/\/www.exatron.com.br\/#\/schema\/logo\/image\/"}}]}},"_links":{"self":[{"href":"https:\/\/www.exatron.com.br\/en\/wp-json\/wp\/v2\/product\/10742","targetHints":{"allow":["GET"]}}],"collection":[{"href":"https:\/\/www.exatron.com.br\/en\/wp-json\/wp\/v2\/product"}],"about":[{"href":"https:\/\/www.exatron.com.br\/en\/wp-json\/wp\/v2\/types\/product"}],"replies":[{"embeddable":true,"href":"https:\/\/www.exatron.com.br\/en\/wp-json\/wp\/v2\/comments?post=10742"}],"wp:featuredmedia":[{"embeddable":true,"href":"https:\/\/www.exatron.com.br\/en\/wp-json\/wp\/v2\/media\/10325"}],"wp:attachment":[{"href":"https:\/\/www.exatron.com.br\/en\/wp-json\/wp\/v2\/media?parent=10742"}],"wp:term":[{"taxonomy":"aplicacao","embeddable":true,"href":"https:\/\/www.exatron.com.br\/en\/wp-json\/wp\/v2\/aplicacao?post=10742"},{"taxonomy":"product_brand","embeddable":true,"href":"https:\/\/www.exatron.com.br\/en\/wp-json\/wp\/v2\/product_brand?post=10742"},{"taxonomy":"product_cat","embeddable":true,"href":"https:\/\/www.exatron.com.br\/en\/wp-json\/wp\/v2\/product_cat?post=10742"},{"taxonomy":"product_tag","embeddable":true,"href":"https:\/\/www.exatron.com.br\/en\/wp-json\/wp\/v2\/product_tag?post=10742"}],"curies":[{"name":"wp","href":"https:\/\/api.w.org\/{rel}","templated":true}]}}