{"id":10754,"date":"2025-12-08T15:08:51","date_gmt":"2025-12-08T15:08:51","guid":{"rendered":""},"modified":"2026-04-22T13:25:19","modified_gmt":"2026-04-22T16:25:19","slug":"interruptor-smart-glass-1-tecla","status":"publish","type":"product","link":"https:\/\/www.exatron.com.br\/en\/produtos\/interruptor-smart-glass-1-tecla\/","title":{"rendered":"Interruptor Smart Glass &#8211; 1 tecla"},"content":{"rendered":"<h3>Technical Specifications<\/h3>\n<p>\u2022 Alimenta\u00e7\u00e3o: 100-240V~ 50\/60Hz &#8211; Fase\/Neutro;<\/p>\n<p>\u2022 Consumo: &lt;1,0W;<\/p>\n<p>\u2022 Consumo em stand by: 0,1W;<\/p>\n<p>\u2022 Corrente Nominal Resistiva: 10A m\u00e1xima do produto;<\/p>\n<p>\u2022 Dimens\u00f5es: 122,5&#215;82,5x38mm;<\/p>\n<p>\u2022 Tecnologia: BLE SIG Mesh 2,4GHz;<\/p>\n<p>\u2022 Criptografia: AES;<\/p>\n<p>\u2022 Dist\u00e2ncia m\u00e1xima do Gateway Wi-Fi\/BLE SIG Mesh: At\u00e9 10m do Gateway ou dispositivo BLE SIG Mesh, sem obst\u00e1culos. Dimens\u00e3o da rede depende do n\u00famero de dispositivos e rotas de repeti\u00e7\u00e3o;<\/p>\n<p>\u2022\u00a0Repeti\u00e7\u00e3o do sinal BLE SIG Mesh: Sim &#8211; repete o sinal BLE entre dispositivos que possuem a mesma tecnologia e que est\u00e3o na mesma rede;<\/p>\n<p>\u2022 Temperatura de opera\u00e7\u00e3o: 0\u00b0C a 40\u00b0C;<\/p>\n<p>\u2022\u00a0Garantia: 02 anos;<\/p>\n<p>\u2022\u00a0Pot\u00eancia de Comando:<\/p>\n<figure class=\"table\">\n<table>\n<tbody>\n<tr>\n<td style=\"text-align: center\" rowspan=\"2\"><strong>Voltage<\/strong><\/td>\n<td style=\"text-align: center\" colspan=\"2\"><strong>L\u00e2mpadas<\/strong><\/td>\n<td style=\"text-align: center\" rowspan=\"2\"><strong>Motor<\/strong><\/td>\n<td style=\"text-align: center\" rowspan=\"2\"><strong>Resistivo<\/strong><\/td>\n<\/tr>\n<tr>\n<td style=\"text-align: center\"><strong>FP&lt;0,7<\/strong><\/td>\n<td style=\"text-align: center\"><strong>FP\u22650,7<\/strong><\/td>\n<\/tr>\n<tr>\n<td style=\"text-align: center\">127V~<\/td>\n<td style=\"text-align: center\">80W<\/td>\n<td style=\"text-align: center\">150W<\/td>\n<td style=\"text-align: center\">300W<\/td>\n<td style=\"text-align: center\">1300W<\/td>\n<\/tr>\n<tr>\n<td style=\"text-align: center\">220V~<\/td>\n<td style=\"text-align: center\">120W<\/td>\n<td style=\"text-align: center\">200W<\/td>\n<td style=\"text-align: center\">500W<\/td>\n<td style=\"text-align: center\">2200W<\/td>\n<\/tr>\n<\/tbody>\n<\/table>\n<\/figure>\n<p>Obs.: A tabela acima apresenta a pot\u00eancia m\u00e1xima que o conjunto suporta, independente do n\u00famero de interruptores, o somat\u00f3rio das pot\u00eancias consumidas n\u00e3o deve ser maior que os valores apresentados na tabela. Esse dispositivo n\u00e3o deve ser utilizado no acionamento direto de motores e equipamentos el\u00e9tricos que possuam corrente de partida maior que a corrente m\u00e1xima do dispositivo. Para sua seguran\u00e7a, n\u00e3o abra o produto sob nenhuma circunst\u00e2ncia.<\/p>\n<p>&nbsp;<\/p>\n<h3>Installation<\/h3>\n<p>\u2022 Configure o Interruptor Smart Glass pelo aplicativo myhouse X, dispon\u00edvel para download no Google Play e na App Store. Vers\u00e3o m\u00ednima do sistema operacional: iOS 11.0 \/ Android\u2122 7.0;<\/p>\n<p>\u2022 O produto deve ser instalado em ambiente interno, sem umidade, vibra\u00e7\u00f5es e distante de fontes de calor;<\/p>\n<p>\u2022 Este produto possui comunica\u00e7\u00e3o Bluetooth BLE SIG Mesh. Para que voc\u00ea consiga usufruir de todos os recursos da automa\u00e7\u00e3o, tenha um Gateway Wi-Fi\/BLE SIG Mesh, assim voc\u00ea poder\u00e1 interagir com outros dispositivos da linha myhouse X. Certifique que o local de instala\u00e7\u00e3o possui um Gateway Wi-Fi\/BLE SIG Mesh e sinal padr\u00e3o Wi-Fi 2,4GHz com conex\u00e3o \u00e0 internet;<\/p>\n<p>\u2022 A instala\u00e7\u00e3o deve ser feita diretamente em caixas 4&#215;2.<\/p>","protected":false},"excerpt":{"rendered":"<p>Revolucione e conecte espa\u00e7os com a linha myhouse X da Exatron! Mais seguran\u00e7a, qualidade e inova\u00e7\u00e3o na automa\u00e7\u00e3o de ambientes.<\/p>\n<p>O Interruptor Smart Glass &#8211; 1 tecla (LSIF6104) possibilita que voc\u00ea acione diretamente suas l\u00e2mpadas e cargas el\u00e9tricas, integrando dispositivos inteligentes em sua automa\u00e7\u00e3o. Seu meio de acionamento pode ser diretamente na tecla touch, sens\u00edvel ao toque, ou utilizando o app myhouse X.<\/p>\n<p>Possui tecnologia BLE SIG Mesh, para n\u00e3o sobrecarregar seu roteador Wi-Fi, sendo que em conjunto com a Interface Gateway Smart Wi-Fi\/BLE SIG Mesh, possibilita que voc\u00ea tenha at\u00e9 128 dispositivos ocupando apenas um canal da sua rede Wi-Fi.<\/p>\n<p>Esta aplica\u00e7\u00e3o \u00e9 muito utilizada quando se busca instalar v\u00e1rios produtos em uma mesma rede de automa\u00e7\u00e3o, visto que a tecnologia BLE SIG Mesh distribui, entre seus dispositivos, a comunica\u00e7\u00e3o, aumentando a cobertura dos comandos que trafegam na rede BLE, pois os mesmos s\u00e3o repetidos em cada dispositivo que possui esta tecnologia.<\/p>\n<p>De f\u00e1cil instala\u00e7\u00e3o, proporciona uma nova forma de controlar suas cargas el\u00e9tricas, por meio de outros dispositivos da linha e aplicativo myhouse X e comando de voz da Amazon Alexa ou Google Assistente.<\/p>\n<p>&nbsp;<\/p>\n<p><i>13614-23-15947<\/i><\/p>\n<p><i>&quot;This equipment is not entitled to protection against harmful interference and may not cause interference to duly authorized systems.&quot;<\/i><\/p>\n<p><i>\u201cEste produto est\u00e1 Homologado pela ANATEL, de acordo com os procedimentos regulamentados pela Resolu\u00e7\u00e3o n\u00ba715, de 23 de outubro de 2019 e atende aos requisitos t\u00e9cnicos aplicados\u201d.<\/i><\/p>\n<p><i>&quot;For more information, please visit the Anatel website: www.gov.br\/anatel\/pt-br\/&quot;<\/i><\/p>","protected":false},"featured_media":10335,"comment_status":"open","ping_status":"closed","template":"","meta":{"_acf_changed":false,"_joinchat":[]},"aplicacao":[],"product_brand":[],"product_cat":[359,322],"product_tag":[850,849,752,875,873,872],"class_list":{"0":"post-10754","1":"product","2":"type-product","3":"status-publish","4":"has-post-thumbnail","6":"product_cat-myhouse-x-interruptor-smart","7":"product_cat-myhouse-x","8":"product_tag-aplicativo-myhouse-x","9":"product_tag-automacao-predial","10":"product_tag-automacao-residencial","11":"product_tag-interruptor-de-vidro","12":"product_tag-interruptor-inteligente","13":"product_tag-interruptor-smart","15":"first","16":"instock","17":"shipping-taxable","18":"purchasable","19":"product-type-variable","20":"has-default-attributes"},"acf":[],"yoast_head":"<!-- This site is optimized with the Yoast SEO plugin v27.3 - https:\/\/yoast.com\/product\/yoast-seo-wordpress\/ -->\n<title>Interruptor Smart Glass - 1 tecla - EXATRON<\/title>\n<meta name=\"description\" content=\"Possibilita que voc\u00ea acione diretamente suas l\u00e2mpadas e cargas el\u00e9tricas, integrando dispositivos inteligentes em sua automa\u00e7\u00e3o.\" \/>\n<meta name=\"robots\" content=\"index, follow, max-snippet:-1, max-image-preview:large, max-video-preview:-1\" \/>\n<link rel=\"canonical\" href=\"https:\/\/www.exatron.com.br\/en\/produtos\/interruptor-smart-glass-1-tecla\/\" \/>\n<meta property=\"og:locale\" content=\"en_US\" \/>\n<meta property=\"og:type\" content=\"article\" \/>\n<meta property=\"og:title\" content=\"Interruptor Smart Glass - 1 tecla - EXATRON\" \/>\n<meta property=\"og:description\" content=\"Possibilita que voc\u00ea acione diretamente suas l\u00e2mpadas e cargas el\u00e9tricas, integrando dispositivos inteligentes em sua automa\u00e7\u00e3o.\" \/>\n<meta property=\"og:url\" content=\"https:\/\/www.exatron.com.br\/en\/produtos\/interruptor-smart-glass-1-tecla\/\" \/>\n<meta property=\"og:site_name\" content=\"EXATRON\" \/>\n<meta property=\"article:modified_time\" content=\"2026-04-22T16:25:19+00:00\" \/>\n<meta property=\"og:image\" content=\"https:\/\/www.exatron.com.br\/wp-content\/uploads\/2025\/12\/kdts5awpg7yynqw47n3ekjulatfh1ofvtsfvnpku.png\" \/>\n\t<meta property=\"og:image:width\" content=\"1080\" \/>\n\t<meta property=\"og:image:height\" content=\"1080\" \/>\n\t<meta property=\"og:image:type\" content=\"image\/png\" \/>\n<meta name=\"twitter:card\" content=\"summary_large_image\" \/>\n<meta name=\"twitter:label1\" content=\"Est. reading time\" \/>\n\t<meta name=\"twitter:data1\" content=\"2 minutes\" \/>\n<script type=\"application\/ld+json\" class=\"yoast-schema-graph\">{\"@context\":\"https:\\\/\\\/schema.org\",\"@graph\":[{\"@type\":\"WebPage\",\"@id\":\"https:\\\/\\\/www.exatron.com.br\\\/produtos\\\/interruptor-smart-glass-1-tecla\\\/\",\"url\":\"https:\\\/\\\/www.exatron.com.br\\\/produtos\\\/interruptor-smart-glass-1-tecla\\\/\",\"name\":\"Interruptor Smart Glass - 1 tecla - EXATRON\",\"isPartOf\":{\"@id\":\"https:\\\/\\\/www.exatron.com.br\\\/#website\"},\"primaryImageOfPage\":{\"@id\":\"https:\\\/\\\/www.exatron.com.br\\\/produtos\\\/interruptor-smart-glass-1-tecla\\\/#primaryimage\"},\"image\":{\"@id\":\"https:\\\/\\\/www.exatron.com.br\\\/produtos\\\/interruptor-smart-glass-1-tecla\\\/#primaryimage\"},\"thumbnailUrl\":\"https:\\\/\\\/www.exatron.com.br\\\/wp-content\\\/uploads\\\/2025\\\/12\\\/kdts5awpg7yynqw47n3ekjulatfh1ofvtsfvnpku.png\",\"datePublished\":\"2025-12-08T15:08:51+00:00\",\"dateModified\":\"2026-04-22T16:25:19+00:00\",\"description\":\"Possibilita que voc\u00ea acione diretamente suas l\u00e2mpadas e cargas el\u00e9tricas, integrando dispositivos inteligentes em sua automa\u00e7\u00e3o.\",\"breadcrumb\":{\"@id\":\"https:\\\/\\\/www.exatron.com.br\\\/produtos\\\/interruptor-smart-glass-1-tecla\\\/#breadcrumb\"},\"inLanguage\":\"en-US\",\"potentialAction\":[{\"@type\":\"ReadAction\",\"target\":[\"https:\\\/\\\/www.exatron.com.br\\\/produtos\\\/interruptor-smart-glass-1-tecla\\\/\"]}]},{\"@type\":\"ImageObject\",\"inLanguage\":\"en-US\",\"@id\":\"https:\\\/\\\/www.exatron.com.br\\\/produtos\\\/interruptor-smart-glass-1-tecla\\\/#primaryimage\",\"url\":\"https:\\\/\\\/www.exatron.com.br\\\/wp-content\\\/uploads\\\/2025\\\/12\\\/kdts5awpg7yynqw47n3ekjulatfh1ofvtsfvnpku.png\",\"contentUrl\":\"https:\\\/\\\/www.exatron.com.br\\\/wp-content\\\/uploads\\\/2025\\\/12\\\/kdts5awpg7yynqw47n3ekjulatfh1ofvtsfvnpku.png\",\"width\":1080,\"height\":1080,\"caption\":\"Revolucione e conecte espa\u00e7os com a linha myhouse X da Exatron! Mais seguran\u00e7a, qualidade e inova\u00e7\u00e3o na automa\u00e7\u00e3o de ambientes.\"},{\"@type\":\"BreadcrumbList\",\"@id\":\"https:\\\/\\\/www.exatron.com.br\\\/produtos\\\/interruptor-smart-glass-1-tecla\\\/#breadcrumb\",\"itemListElement\":[{\"@type\":\"ListItem\",\"position\":1,\"name\":\"In\u00edcio\",\"item\":\"https:\\\/\\\/www.exatron.com.br\\\/\"},{\"@type\":\"ListItem\",\"position\":2,\"name\":\"Loja\",\"item\":\"https:\\\/\\\/www.exatron.com.br\\\/loja\\\/\"},{\"@type\":\"ListItem\",\"position\":3,\"name\":\"Interruptor Smart Glass &#8211; 1 tecla\"}]},{\"@type\":\"WebSite\",\"@id\":\"https:\\\/\\\/www.exatron.com.br\\\/#website\",\"url\":\"https:\\\/\\\/www.exatron.com.br\\\/\",\"name\":\"EXATRON\",\"description\":\"\",\"publisher\":{\"@id\":\"https:\\\/\\\/www.exatron.com.br\\\/#organization\"},\"potentialAction\":[{\"@type\":\"SearchAction\",\"target\":{\"@type\":\"EntryPoint\",\"urlTemplate\":\"https:\\\/\\\/www.exatron.com.br\\\/?s={search_term_string}\"},\"query-input\":{\"@type\":\"PropertyValueSpecification\",\"valueRequired\":true,\"valueName\":\"search_term_string\"}}],\"inLanguage\":\"en-US\"},{\"@type\":\"Organization\",\"@id\":\"https:\\\/\\\/www.exatron.com.br\\\/#organization\",\"name\":\"EXATRON\",\"url\":\"https:\\\/\\\/www.exatron.com.br\\\/\",\"logo\":{\"@type\":\"ImageObject\",\"inLanguage\":\"en-US\",\"@id\":\"https:\\\/\\\/www.exatron.com.br\\\/#\\\/schema\\\/logo\\\/image\\\/\",\"url\":\"https:\\\/\\\/www.exatron.com.br\\\/wp-content\\\/uploads\\\/2024\\\/11\\\/default-kit.png\",\"contentUrl\":\"https:\\\/\\\/www.exatron.com.br\\\/wp-content\\\/uploads\\\/2024\\\/11\\\/default-kit.png\",\"width\":956,\"height\":192,\"caption\":\"EXATRON\"},\"image\":{\"@id\":\"https:\\\/\\\/www.exatron.com.br\\\/#\\\/schema\\\/logo\\\/image\\\/\"}}]}<\/script>\n<!-- \/ Yoast SEO plugin. -->","yoast_head_json":{"title":"Interruptor Smart Glass - 1 tecla - EXATRON","description":"Possibilita que voc\u00ea acione diretamente suas l\u00e2mpadas e cargas el\u00e9tricas, integrando dispositivos inteligentes em sua automa\u00e7\u00e3o.","robots":{"index":"index","follow":"follow","max-snippet":"max-snippet:-1","max-image-preview":"max-image-preview:large","max-video-preview":"max-video-preview:-1"},"canonical":"https:\/\/www.exatron.com.br\/en\/produtos\/interruptor-smart-glass-1-tecla\/","og_locale":"en_US","og_type":"article","og_title":"Interruptor Smart Glass - 1 tecla - EXATRON","og_description":"Possibilita que voc\u00ea acione diretamente suas l\u00e2mpadas e cargas el\u00e9tricas, integrando dispositivos inteligentes em sua automa\u00e7\u00e3o.","og_url":"https:\/\/www.exatron.com.br\/en\/produtos\/interruptor-smart-glass-1-tecla\/","og_site_name":"EXATRON","article_modified_time":"2026-04-22T16:25:19+00:00","og_image":[{"width":1080,"height":1080,"url":"https:\/\/www.exatron.com.br\/wp-content\/uploads\/2025\/12\/kdts5awpg7yynqw47n3ekjulatfh1ofvtsfvnpku.png","type":"image\/png"}],"twitter_card":"summary_large_image","twitter_misc":{"Est. reading time":"2 minutes"},"schema":{"@context":"https:\/\/schema.org","@graph":[{"@type":"WebPage","@id":"https:\/\/www.exatron.com.br\/produtos\/interruptor-smart-glass-1-tecla\/","url":"https:\/\/www.exatron.com.br\/produtos\/interruptor-smart-glass-1-tecla\/","name":"Interruptor Smart Glass - 1 tecla - EXATRON","isPartOf":{"@id":"https:\/\/www.exatron.com.br\/#website"},"primaryImageOfPage":{"@id":"https:\/\/www.exatron.com.br\/produtos\/interruptor-smart-glass-1-tecla\/#primaryimage"},"image":{"@id":"https:\/\/www.exatron.com.br\/produtos\/interruptor-smart-glass-1-tecla\/#primaryimage"},"thumbnailUrl":"https:\/\/www.exatron.com.br\/wp-content\/uploads\/2025\/12\/kdts5awpg7yynqw47n3ekjulatfh1ofvtsfvnpku.png","datePublished":"2025-12-08T15:08:51+00:00","dateModified":"2026-04-22T16:25:19+00:00","description":"Possibilita que voc\u00ea acione diretamente suas l\u00e2mpadas e cargas el\u00e9tricas, integrando dispositivos inteligentes em sua automa\u00e7\u00e3o.","breadcrumb":{"@id":"https:\/\/www.exatron.com.br\/produtos\/interruptor-smart-glass-1-tecla\/#breadcrumb"},"inLanguage":"en-US","potentialAction":[{"@type":"ReadAction","target":["https:\/\/www.exatron.com.br\/produtos\/interruptor-smart-glass-1-tecla\/"]}]},{"@type":"ImageObject","inLanguage":"en-US","@id":"https:\/\/www.exatron.com.br\/produtos\/interruptor-smart-glass-1-tecla\/#primaryimage","url":"https:\/\/www.exatron.com.br\/wp-content\/uploads\/2025\/12\/kdts5awpg7yynqw47n3ekjulatfh1ofvtsfvnpku.png","contentUrl":"https:\/\/www.exatron.com.br\/wp-content\/uploads\/2025\/12\/kdts5awpg7yynqw47n3ekjulatfh1ofvtsfvnpku.png","width":1080,"height":1080,"caption":"Revolucione e conecte espa\u00e7os com a linha myhouse X da Exatron! Mais seguran\u00e7a, qualidade e inova\u00e7\u00e3o na automa\u00e7\u00e3o de ambientes."},{"@type":"BreadcrumbList","@id":"https:\/\/www.exatron.com.br\/produtos\/interruptor-smart-glass-1-tecla\/#breadcrumb","itemListElement":[{"@type":"ListItem","position":1,"name":"In\u00edcio","item":"https:\/\/www.exatron.com.br\/"},{"@type":"ListItem","position":2,"name":"Loja","item":"https:\/\/www.exatron.com.br\/loja\/"},{"@type":"ListItem","position":3,"name":"Interruptor Smart Glass &#8211; 1 tecla"}]},{"@type":"WebSite","@id":"https:\/\/www.exatron.com.br\/#website","url":"https:\/\/www.exatron.com.br\/","name":"EXATRON","description":"","publisher":{"@id":"https:\/\/www.exatron.com.br\/#organization"},"potentialAction":[{"@type":"SearchAction","target":{"@type":"EntryPoint","urlTemplate":"https:\/\/www.exatron.com.br\/?s={search_term_string}"},"query-input":{"@type":"PropertyValueSpecification","valueRequired":true,"valueName":"search_term_string"}}],"inLanguage":"en-US"},{"@type":"Organization","@id":"https:\/\/www.exatron.com.br\/#organization","name":"EXATRON","url":"https:\/\/www.exatron.com.br\/","logo":{"@type":"ImageObject","inLanguage":"en-US","@id":"https:\/\/www.exatron.com.br\/#\/schema\/logo\/image\/","url":"https:\/\/www.exatron.com.br\/wp-content\/uploads\/2024\/11\/default-kit.png","contentUrl":"https:\/\/www.exatron.com.br\/wp-content\/uploads\/2024\/11\/default-kit.png","width":956,"height":192,"caption":"EXATRON"},"image":{"@id":"https:\/\/www.exatron.com.br\/#\/schema\/logo\/image\/"}}]}},"_links":{"self":[{"href":"https:\/\/www.exatron.com.br\/en\/wp-json\/wp\/v2\/product\/10754","targetHints":{"allow":["GET"]}}],"collection":[{"href":"https:\/\/www.exatron.com.br\/en\/wp-json\/wp\/v2\/product"}],"about":[{"href":"https:\/\/www.exatron.com.br\/en\/wp-json\/wp\/v2\/types\/product"}],"replies":[{"embeddable":true,"href":"https:\/\/www.exatron.com.br\/en\/wp-json\/wp\/v2\/comments?post=10754"}],"wp:featuredmedia":[{"embeddable":true,"href":"https:\/\/www.exatron.com.br\/en\/wp-json\/wp\/v2\/media\/10335"}],"wp:attachment":[{"href":"https:\/\/www.exatron.com.br\/en\/wp-json\/wp\/v2\/media?parent=10754"}],"wp:term":[{"taxonomy":"aplicacao","embeddable":true,"href":"https:\/\/www.exatron.com.br\/en\/wp-json\/wp\/v2\/aplicacao?post=10754"},{"taxonomy":"product_brand","embeddable":true,"href":"https:\/\/www.exatron.com.br\/en\/wp-json\/wp\/v2\/product_brand?post=10754"},{"taxonomy":"product_cat","embeddable":true,"href":"https:\/\/www.exatron.com.br\/en\/wp-json\/wp\/v2\/product_cat?post=10754"},{"taxonomy":"product_tag","embeddable":true,"href":"https:\/\/www.exatron.com.br\/en\/wp-json\/wp\/v2\/product_tag?post=10754"}],"curies":[{"name":"wp","href":"https:\/\/api.w.org\/{rel}","templated":true}]}}