{"id":10761,"date":"2025-12-08T15:08:52","date_gmt":"2025-12-08T15:08:52","guid":{"rendered":""},"modified":"2026-04-28T15:14:03","modified_gmt":"2026-04-28T18:14:03","slug":"conjunto-4x2-com-tomada-usb-saidas-tipo-a-c-5v-2-1a","status":"publish","type":"product","link":"https:\/\/www.exatron.com.br\/en\/produtos\/conjunto-4x2-com-tomada-usb-saidas-tipo-a-c-5v-2-1a\/","title":{"rendered":"Conjunto 4X2 com tomada USB sa\u00eddas Tipo A-C 5V 2.1A"},"content":{"rendered":"<h3>Technical Specifications<\/h3>\n<ul>\n<li>Tens\u00e3o nominal: 100\u2013240 V~;<\/li>\n<li>Tens\u00e3o de sa\u00edda: 5VDC +\/-5%;<\/li>\n<li>Consumo pr\u00f3prio: 0,3W;<\/li>\n<li>Capacidade de carga: 2,1A @ 5VDC (10,5W);<\/li>\n<li>Operating frequency: 50\/60Hz;<\/li>\n<li>Prote\u00e7\u00e3o contra surto: 3kV;<\/li>\n<li>Observa\u00e7\u00e3o: Compat\u00edvel com dispositivos com fun\u00e7\u00e3o Quick Charger 1.0 permitindo cargas mais r\u00e1pidas sem afetar a vida \u00fatil da bateria do dispositivo USB, quando esta estiver dispon\u00edvel. Quando as portas tipo A e tipo C s\u00e3o utilizadas simultaneamente, ou seja, ao mesmo tempo, a pot\u00eancia da fonte \u00e9 compartilhada entre elas;<\/li>\n<li>Prote\u00e7\u00e3o contra sobretens\u00e3o, sobrecorrente e sobretemperatura;<\/li>\n<li>Liga\u00e7\u00e3o a dois fios (fase-neutro ou fase-fase);<\/li>\n<li>Possibilidade de instala\u00e7\u00e3o adicional de tomada, interruptor, dimmer ou at\u00e9 mesmo outra tomada USB, bastando para isto, adquiri-los como partes adicionais respeitando uma quantidade total de no m\u00e1ximo 3 m\u00f3dulos por grade de suporte. <a href=\"https:\/\/www.exatron.com.br\/en\/categoria\/linha-eletrica\/\">Consulte a linha el\u00e9trica MyX Exatron<\/a>;<\/li>\n<li>Material: Resina ABS e Poliamida anti-chama;<\/li>\n<li>Grau de prote\u00e7\u00e3o: IP20;<\/li>\n<li>Dimens\u00f5es: 122x82x46mm;<\/li>\n<li>Warranty: 2 years.<\/li>\n<\/ul>","protected":false},"excerpt":{"rendered":"<p>O Conjunto 4X2 com tomada USB tipo A-C (LECO4036 AC) da Exatron \u00e9 uma fonte de 5V, 2.1A que permite ser utilizada em qualquer dispositivo USB tipo A ou tipo C. Possui compatibilidade com carregamento inteligente Quick Charger 1.0, fun\u00e7\u00e3o que pode estar presente em celulares com processador Qualcomm, que permite carregar os dispositivos de maneira inteligente e mais r\u00e1pida sem comprometer a vida \u00fatil da bateria.<\/p>\n<p>O Conjunto 4X2 com tomada USB tipo A-C \u00e9 uma solu\u00e7\u00e3o vers\u00e1til, pois permite carregar dispositivos com diferentes tipos de conectores USB, permite carregar dois dispositivos simultaneamente, um atrav\u00e9s da porta Tipo A e outro atrav\u00e9s da porta Tipo C, aumentando a efici\u00eancia e conveni\u00eancia dos usu\u00e1rios.<\/p>","protected":false},"featured_media":10341,"comment_status":"open","ping_status":"closed","template":"","meta":{"_acf_changed":false,"_joinchat":[]},"aplicacao":[],"product_brand":[],"product_cat":[372,325],"product_tag":[1040,1004],"class_list":{"0":"post-10761","1":"product","2":"type-product","3":"status-publish","4":"has-post-thumbnail","6":"product_cat-conjuntos","7":"product_cat-linha-eletrica","8":"product_tag-conjunto-4x2","9":"product_tag-linha-eletrica","11":"first","12":"instock","13":"shipping-taxable","14":"purchasable","15":"product-type-simple"},"acf":[],"yoast_head":"<!-- This site is optimized with the Yoast SEO plugin v27.3 - https:\/\/yoast.com\/product\/yoast-seo-wordpress\/ -->\n<title>Conjunto 4X2 com tomada USB sa\u00eddas Tipo A-C 5V 2.1A - EXATRON<\/title>\n<meta name=\"description\" content=\"Tomada USB Tipo A-C 5V 2,1A 4x2 (LECO4036 AC): Carregue at\u00e9 dois dispositivos simultaneamente com portas USB A e C. Compat\u00edvel com Quick Charger para maior efici\u00eancia.\" \/>\n<meta name=\"robots\" content=\"index, follow, max-snippet:-1, max-image-preview:large, max-video-preview:-1\" \/>\n<link rel=\"canonical\" href=\"https:\/\/www.exatron.com.br\/en\/produtos\/conjunto-4x2-com-tomada-usb-saidas-tipo-a-c-5v-2-1a\/\" \/>\n<meta property=\"og:locale\" content=\"en_US\" \/>\n<meta property=\"og:type\" content=\"article\" \/>\n<meta property=\"og:title\" content=\"Conjunto 4X2 com tomada USB sa\u00eddas Tipo A-C 5V 2.1A - EXATRON\" \/>\n<meta property=\"og:description\" content=\"Tomada USB Tipo A-C 5V 2,1A 4x2 (LECO4036 AC): Carregue at\u00e9 dois dispositivos simultaneamente com portas USB A e C. Compat\u00edvel com Quick Charger para maior efici\u00eancia.\" \/>\n<meta property=\"og:url\" content=\"https:\/\/www.exatron.com.br\/en\/produtos\/conjunto-4x2-com-tomada-usb-saidas-tipo-a-c-5v-2-1a\/\" \/>\n<meta property=\"og:site_name\" content=\"EXATRON\" \/>\n<meta property=\"article:modified_time\" content=\"2026-04-28T18:14:03+00:00\" \/>\n<meta property=\"og:image\" content=\"https:\/\/www.exatron.com.br\/wp-content\/uploads\/2025\/12\/ohwjw4kon6unoeixcfcjjbmszdfwphizsfsuvgwz.png\" \/>\n\t<meta property=\"og:image:width\" content=\"2160\" \/>\n\t<meta property=\"og:image:height\" content=\"2160\" \/>\n\t<meta property=\"og:image:type\" content=\"image\/png\" \/>\n<meta name=\"twitter:card\" content=\"summary_large_image\" \/>\n<meta name=\"twitter:label1\" content=\"Est. reading time\" \/>\n\t<meta name=\"twitter:data1\" content=\"2 minutes\" \/>\n<script type=\"application\/ld+json\" class=\"yoast-schema-graph\">{\"@context\":\"https:\\\/\\\/schema.org\",\"@graph\":[{\"@type\":\"WebPage\",\"@id\":\"https:\\\/\\\/www.exatron.com.br\\\/produtos\\\/conjunto-4x2-com-tomada-usb-saidas-tipo-a-c-5v-2-1a\\\/\",\"url\":\"https:\\\/\\\/www.exatron.com.br\\\/produtos\\\/conjunto-4x2-com-tomada-usb-saidas-tipo-a-c-5v-2-1a\\\/\",\"name\":\"Conjunto 4X2 com tomada USB sa\u00eddas Tipo A-C 5V 2.1A - EXATRON\",\"isPartOf\":{\"@id\":\"https:\\\/\\\/www.exatron.com.br\\\/#website\"},\"primaryImageOfPage\":{\"@id\":\"https:\\\/\\\/www.exatron.com.br\\\/produtos\\\/conjunto-4x2-com-tomada-usb-saidas-tipo-a-c-5v-2-1a\\\/#primaryimage\"},\"image\":{\"@id\":\"https:\\\/\\\/www.exatron.com.br\\\/produtos\\\/conjunto-4x2-com-tomada-usb-saidas-tipo-a-c-5v-2-1a\\\/#primaryimage\"},\"thumbnailUrl\":\"https:\\\/\\\/www.exatron.com.br\\\/wp-content\\\/uploads\\\/2025\\\/12\\\/ohwjw4kon6unoeixcfcjjbmszdfwphizsfsuvgwz.png\",\"datePublished\":\"2025-12-08T15:08:52+00:00\",\"dateModified\":\"2026-04-28T18:14:03+00:00\",\"description\":\"Tomada USB Tipo A-C 5V 2,1A 4x2 (LECO4036 AC): Carregue at\u00e9 dois dispositivos simultaneamente com portas USB A e C. Compat\u00edvel com Quick Charger para maior efici\u00eancia.\",\"breadcrumb\":{\"@id\":\"https:\\\/\\\/www.exatron.com.br\\\/produtos\\\/conjunto-4x2-com-tomada-usb-saidas-tipo-a-c-5v-2-1a\\\/#breadcrumb\"},\"inLanguage\":\"en-US\",\"potentialAction\":[{\"@type\":\"ReadAction\",\"target\":[\"https:\\\/\\\/www.exatron.com.br\\\/produtos\\\/conjunto-4x2-com-tomada-usb-saidas-tipo-a-c-5v-2-1a\\\/\"]}]},{\"@type\":\"ImageObject\",\"inLanguage\":\"en-US\",\"@id\":\"https:\\\/\\\/www.exatron.com.br\\\/produtos\\\/conjunto-4x2-com-tomada-usb-saidas-tipo-a-c-5v-2-1a\\\/#primaryimage\",\"url\":\"https:\\\/\\\/www.exatron.com.br\\\/wp-content\\\/uploads\\\/2025\\\/12\\\/ohwjw4kon6unoeixcfcjjbmszdfwphizsfsuvgwz.png\",\"contentUrl\":\"https:\\\/\\\/www.exatron.com.br\\\/wp-content\\\/uploads\\\/2025\\\/12\\\/ohwjw4kon6unoeixcfcjjbmszdfwphizsfsuvgwz.png\",\"width\":2160,\"height\":2160,\"caption\":\"Conjunto 4X2 com tomada USB sa\u00eddas Tipo A-C 5V 2.1A\"},{\"@type\":\"BreadcrumbList\",\"@id\":\"https:\\\/\\\/www.exatron.com.br\\\/produtos\\\/conjunto-4x2-com-tomada-usb-saidas-tipo-a-c-5v-2-1a\\\/#breadcrumb\",\"itemListElement\":[{\"@type\":\"ListItem\",\"position\":1,\"name\":\"In\u00edcio\",\"item\":\"https:\\\/\\\/www.exatron.com.br\\\/\"},{\"@type\":\"ListItem\",\"position\":2,\"name\":\"Loja\",\"item\":\"https:\\\/\\\/www.exatron.com.br\\\/loja\\\/\"},{\"@type\":\"ListItem\",\"position\":3,\"name\":\"Conjunto 4X2 com tomada USB sa\u00eddas Tipo A-C 5V 2.1A\"}]},{\"@type\":\"WebSite\",\"@id\":\"https:\\\/\\\/www.exatron.com.br\\\/#website\",\"url\":\"https:\\\/\\\/www.exatron.com.br\\\/\",\"name\":\"EXATRON\",\"description\":\"\",\"publisher\":{\"@id\":\"https:\\\/\\\/www.exatron.com.br\\\/#organization\"},\"potentialAction\":[{\"@type\":\"SearchAction\",\"target\":{\"@type\":\"EntryPoint\",\"urlTemplate\":\"https:\\\/\\\/www.exatron.com.br\\\/?s={search_term_string}\"},\"query-input\":{\"@type\":\"PropertyValueSpecification\",\"valueRequired\":true,\"valueName\":\"search_term_string\"}}],\"inLanguage\":\"en-US\"},{\"@type\":\"Organization\",\"@id\":\"https:\\\/\\\/www.exatron.com.br\\\/#organization\",\"name\":\"EXATRON\",\"url\":\"https:\\\/\\\/www.exatron.com.br\\\/\",\"logo\":{\"@type\":\"ImageObject\",\"inLanguage\":\"en-US\",\"@id\":\"https:\\\/\\\/www.exatron.com.br\\\/#\\\/schema\\\/logo\\\/image\\\/\",\"url\":\"https:\\\/\\\/www.exatron.com.br\\\/wp-content\\\/uploads\\\/2024\\\/11\\\/default-kit.png\",\"contentUrl\":\"https:\\\/\\\/www.exatron.com.br\\\/wp-content\\\/uploads\\\/2024\\\/11\\\/default-kit.png\",\"width\":956,\"height\":192,\"caption\":\"EXATRON\"},\"image\":{\"@id\":\"https:\\\/\\\/www.exatron.com.br\\\/#\\\/schema\\\/logo\\\/image\\\/\"}}]}<\/script>\n<!-- \/ Yoast SEO plugin. -->","yoast_head_json":{"title":"Conjunto 4X2 com tomada USB sa\u00eddas Tipo A-C 5V 2.1A - EXATRON","description":"Tomada USB Tipo A-C 5V 2,1A 4x2 (LECO4036 AC): Carregue at\u00e9 dois dispositivos simultaneamente com portas USB A e C. Compat\u00edvel com Quick Charger para maior efici\u00eancia.","robots":{"index":"index","follow":"follow","max-snippet":"max-snippet:-1","max-image-preview":"max-image-preview:large","max-video-preview":"max-video-preview:-1"},"canonical":"https:\/\/www.exatron.com.br\/en\/produtos\/conjunto-4x2-com-tomada-usb-saidas-tipo-a-c-5v-2-1a\/","og_locale":"en_US","og_type":"article","og_title":"Conjunto 4X2 com tomada USB sa\u00eddas Tipo A-C 5V 2.1A - EXATRON","og_description":"Tomada USB Tipo A-C 5V 2,1A 4x2 (LECO4036 AC): Carregue at\u00e9 dois dispositivos simultaneamente com portas USB A e C. Compat\u00edvel com Quick Charger para maior efici\u00eancia.","og_url":"https:\/\/www.exatron.com.br\/en\/produtos\/conjunto-4x2-com-tomada-usb-saidas-tipo-a-c-5v-2-1a\/","og_site_name":"EXATRON","article_modified_time":"2026-04-28T18:14:03+00:00","og_image":[{"width":2160,"height":2160,"url":"https:\/\/www.exatron.com.br\/wp-content\/uploads\/2025\/12\/ohwjw4kon6unoeixcfcjjbmszdfwphizsfsuvgwz.png","type":"image\/png"}],"twitter_card":"summary_large_image","twitter_misc":{"Est. reading time":"2 minutes"},"schema":{"@context":"https:\/\/schema.org","@graph":[{"@type":"WebPage","@id":"https:\/\/www.exatron.com.br\/produtos\/conjunto-4x2-com-tomada-usb-saidas-tipo-a-c-5v-2-1a\/","url":"https:\/\/www.exatron.com.br\/produtos\/conjunto-4x2-com-tomada-usb-saidas-tipo-a-c-5v-2-1a\/","name":"Conjunto 4X2 com tomada USB sa\u00eddas Tipo A-C 5V 2.1A - EXATRON","isPartOf":{"@id":"https:\/\/www.exatron.com.br\/#website"},"primaryImageOfPage":{"@id":"https:\/\/www.exatron.com.br\/produtos\/conjunto-4x2-com-tomada-usb-saidas-tipo-a-c-5v-2-1a\/#primaryimage"},"image":{"@id":"https:\/\/www.exatron.com.br\/produtos\/conjunto-4x2-com-tomada-usb-saidas-tipo-a-c-5v-2-1a\/#primaryimage"},"thumbnailUrl":"https:\/\/www.exatron.com.br\/wp-content\/uploads\/2025\/12\/ohwjw4kon6unoeixcfcjjbmszdfwphizsfsuvgwz.png","datePublished":"2025-12-08T15:08:52+00:00","dateModified":"2026-04-28T18:14:03+00:00","description":"Tomada USB Tipo A-C 5V 2,1A 4x2 (LECO4036 AC): Carregue at\u00e9 dois dispositivos simultaneamente com portas USB A e C. Compat\u00edvel com Quick Charger para maior efici\u00eancia.","breadcrumb":{"@id":"https:\/\/www.exatron.com.br\/produtos\/conjunto-4x2-com-tomada-usb-saidas-tipo-a-c-5v-2-1a\/#breadcrumb"},"inLanguage":"en-US","potentialAction":[{"@type":"ReadAction","target":["https:\/\/www.exatron.com.br\/produtos\/conjunto-4x2-com-tomada-usb-saidas-tipo-a-c-5v-2-1a\/"]}]},{"@type":"ImageObject","inLanguage":"en-US","@id":"https:\/\/www.exatron.com.br\/produtos\/conjunto-4x2-com-tomada-usb-saidas-tipo-a-c-5v-2-1a\/#primaryimage","url":"https:\/\/www.exatron.com.br\/wp-content\/uploads\/2025\/12\/ohwjw4kon6unoeixcfcjjbmszdfwphizsfsuvgwz.png","contentUrl":"https:\/\/www.exatron.com.br\/wp-content\/uploads\/2025\/12\/ohwjw4kon6unoeixcfcjjbmszdfwphizsfsuvgwz.png","width":2160,"height":2160,"caption":"Conjunto 4X2 com tomada USB sa\u00eddas Tipo A-C 5V 2.1A"},{"@type":"BreadcrumbList","@id":"https:\/\/www.exatron.com.br\/produtos\/conjunto-4x2-com-tomada-usb-saidas-tipo-a-c-5v-2-1a\/#breadcrumb","itemListElement":[{"@type":"ListItem","position":1,"name":"In\u00edcio","item":"https:\/\/www.exatron.com.br\/"},{"@type":"ListItem","position":2,"name":"Loja","item":"https:\/\/www.exatron.com.br\/loja\/"},{"@type":"ListItem","position":3,"name":"Conjunto 4X2 com tomada USB sa\u00eddas Tipo A-C 5V 2.1A"}]},{"@type":"WebSite","@id":"https:\/\/www.exatron.com.br\/#website","url":"https:\/\/www.exatron.com.br\/","name":"EXATRON","description":"","publisher":{"@id":"https:\/\/www.exatron.com.br\/#organization"},"potentialAction":[{"@type":"SearchAction","target":{"@type":"EntryPoint","urlTemplate":"https:\/\/www.exatron.com.br\/?s={search_term_string}"},"query-input":{"@type":"PropertyValueSpecification","valueRequired":true,"valueName":"search_term_string"}}],"inLanguage":"en-US"},{"@type":"Organization","@id":"https:\/\/www.exatron.com.br\/#organization","name":"EXATRON","url":"https:\/\/www.exatron.com.br\/","logo":{"@type":"ImageObject","inLanguage":"en-US","@id":"https:\/\/www.exatron.com.br\/#\/schema\/logo\/image\/","url":"https:\/\/www.exatron.com.br\/wp-content\/uploads\/2024\/11\/default-kit.png","contentUrl":"https:\/\/www.exatron.com.br\/wp-content\/uploads\/2024\/11\/default-kit.png","width":956,"height":192,"caption":"EXATRON"},"image":{"@id":"https:\/\/www.exatron.com.br\/#\/schema\/logo\/image\/"}}]}},"_links":{"self":[{"href":"https:\/\/www.exatron.com.br\/en\/wp-json\/wp\/v2\/product\/10761","targetHints":{"allow":["GET"]}}],"collection":[{"href":"https:\/\/www.exatron.com.br\/en\/wp-json\/wp\/v2\/product"}],"about":[{"href":"https:\/\/www.exatron.com.br\/en\/wp-json\/wp\/v2\/types\/product"}],"replies":[{"embeddable":true,"href":"https:\/\/www.exatron.com.br\/en\/wp-json\/wp\/v2\/comments?post=10761"}],"wp:featuredmedia":[{"embeddable":true,"href":"https:\/\/www.exatron.com.br\/en\/wp-json\/wp\/v2\/media\/10341"}],"wp:attachment":[{"href":"https:\/\/www.exatron.com.br\/en\/wp-json\/wp\/v2\/media?parent=10761"}],"wp:term":[{"taxonomy":"aplicacao","embeddable":true,"href":"https:\/\/www.exatron.com.br\/en\/wp-json\/wp\/v2\/aplicacao?post=10761"},{"taxonomy":"product_brand","embeddable":true,"href":"https:\/\/www.exatron.com.br\/en\/wp-json\/wp\/v2\/product_brand?post=10761"},{"taxonomy":"product_cat","embeddable":true,"href":"https:\/\/www.exatron.com.br\/en\/wp-json\/wp\/v2\/product_cat?post=10761"},{"taxonomy":"product_tag","embeddable":true,"href":"https:\/\/www.exatron.com.br\/en\/wp-json\/wp\/v2\/product_tag?post=10761"}],"curies":[{"name":"wp","href":"https:\/\/api.w.org\/{rel}","templated":true}]}}