{"id":10767,"date":"2025-12-08T15:08:52","date_gmt":"2025-12-08T15:08:52","guid":{"rendered":""},"modified":"2026-04-22T11:13:27","modified_gmt":"2026-04-22T14:13:27","slug":"camera-de-video-smart-wi-fi","status":"publish","type":"product","link":"https:\/\/www.exatron.com.br\/en\/produtos\/camera-de-video-smart-wi-fi\/","title":{"rendered":"Smart Wi-Fi Video Camera"},"content":{"rendered":"<h3>Technical Specifications<\/h3>\n<p>\u2022 Power supply voltage: Input: 100-240V~ 50\/60Hz and Output: 5V\/1A;<\/p>\n<p>\u2022 Power consumption: &lt;5W;<\/p>\n<p>\u2022 Power supply: 5V\/1A USB-C;<\/p>\n<p>\u2022 Technology: Wi-Fi IEEE 802.11b\/g\/n 2.4GHz;<\/p>\n<p>\u2022 Encryption: WEP, WPA, WPA2;<\/p>\n<p>\u2022 Infrared (IR) distance: 5 meters;<\/p>\n<p>\u2022 Infrared\/Capture: 6 high-power IR LEDs. Automatic IR cut-off day\/night;<\/p>\n<p>\u2022 Sensor Type: 1\/2.9\u2033 CMOS;<\/p>\n<p>\u2022 Resolution: 1080P\/2MP Full HD;<\/p>\n<p>\u2022 Maximum Image Size: 1080P (1920\u00d71080) in VGA (640\u00d7480);<\/p>\n<p>\u2022 Video Compression: H.264;<\/p>\n<p>\u2022 Frame rate: 15 fps;<\/p>\n<p>\u2022 Storage: Local: MicroSD card up to 128GB. Cloud: With a purchased plan;<\/p>\n<p>\u2022 Rotation: 355\u00b0 horizontal and 80\u00b0 vertical;<\/p>\n<p>\u2022 Viewing angle: 360\u00b0 horizontal and 101\u00b0 vertical;<\/p>\n<p>\u2022 Audio: Two-way;<\/p>\n<p>\u2022 Distance: up to 30m from the router without obstacles;<\/p>\n<p>\u2022 Operating temperature: 0\u00b0C to 40\u00b0C;<\/p>\n<p>\u2022 Camera Dimensions: 111x78mm;<\/p>\n<p>\u2022 USB Adapter Dimensions: 80x39x22mm;<\/p>\n<p>\u2022 ONVIF (Open Network Video Interface Forum) is a communication standard that allows IP products in the video surveillance industry (cameras, recorders) to communicate with each other, regardless of their brand or model.<\/p>\n<p>&nbsp;<\/p>\n<h3>Installation<\/h3>\n<p>\u2022 Set up the Smart Video Camera using the myhouse X app, available for download on Google Play and the App Store. Minimum operating system version: iOS 11.0 \/ Android\u2122 7.0;<\/p>\n<p>\u2022 Installation on surfaces that allow for camera rotation and reach;<\/p>\n<p>\u2022 Use indoors with Wi-Fi coverage, protected from the elements.<\/p>","protected":false},"excerpt":{"rendered":"<p>Revolutionize and connect spaces with the myhouse X line from Exatron!<\/p>\n<p>The Smart Video Camera (LSCV6200) is used to monitor indoor environments, providing the convenience of remote access.<\/p>\n<p>Easy to install, it provides a new way to use your equipment, with control and images at your fingertips, through the myhouse X app or Alexa and Google Assistant voice assistants*.<\/p>\n<p><i>*To take advantage of audio, video, and voice features, you must activate your camera with Exatron. Contact us by phone: 0800 541 3310, email: <\/i><a href=\"mailto:contato@exatron.com.br\"><i>contact@exatron.com.br<\/i><\/a><i> or WhatsApp: 51 3357-5019.<\/i><\/p>\n<p>&nbsp;<\/p>\n<p><i>LSCV6200 | 00539-24-13287<\/i><\/p>\n<p><i>&quot;This equipment is not entitled to protection against harmful interference and may not cause interference to duly authorized systems.&quot;<\/i><\/p>\n<p><i>&quot;This product is approved by ANATEL, in accordance with the procedures regulated by Resolution No. 715, of October 23, 2019, and meets the applicable technical requirements.&quot;<\/i><\/p>\n<p><i>&quot;For more information, please visit the Anatel website: www.gov.br\/anatel\/pt-br\/&quot;<\/i><\/p>","protected":false},"featured_media":10346,"comment_status":"open","ping_status":"closed","template":"","meta":{"_acf_changed":false,"_joinchat":[]},"aplicacao":[],"product_brand":[],"product_cat":[369,322],"product_tag":[855,850,849,752,851,852,853,854,857,856],"class_list":{"0":"post-10767","1":"product","2":"type-product","3":"status-publish","4":"has-post-thumbnail","6":"product_cat-myhouse-x-camera-de-video","7":"product_cat-myhouse-x","8":"product_tag-355-rotacao","9":"product_tag-aplicativo-myhouse-x","10":"product_tag-automacao-predial","11":"product_tag-automacao-residencial","12":"product_tag-camera","13":"product_tag-camera-inteligente","14":"product_tag-camera-smart","15":"product_tag-casa-inteligente","16":"product_tag-facil-instalacao","17":"product_tag-monitoramento","19":"first","20":"instock","21":"shipping-taxable","22":"purchasable","23":"product-type-simple"},"acf":[],"yoast_head":"<!-- This site is optimized with the Yoast SEO plugin v27.3 - https:\/\/yoast.com\/product\/yoast-seo-wordpress\/ -->\n<title>C\u00e2mera de V\u00eddeo Smart Wi-Fi - EXATRON<\/title>\n<meta name=\"description\" content=\"Para ambientes internos. Possu\u00ed comando de voz, Wi-Fi, modo noturno, f\u00e1cil instala\u00e7\u00e3o, rota\u00e7\u00e3o 355\u00b0, \u00e1udio bidirecional, rastreamento de movimentos e zoom.\" \/>\n<meta name=\"robots\" content=\"index, follow, max-snippet:-1, max-image-preview:large, max-video-preview:-1\" \/>\n<link rel=\"canonical\" href=\"https:\/\/www.exatron.com.br\/en\/produtos\/camera-de-video-smart-wi-fi\/\" \/>\n<meta property=\"og:locale\" content=\"en_US\" \/>\n<meta property=\"og:type\" content=\"article\" \/>\n<meta property=\"og:title\" content=\"C\u00e2mera de V\u00eddeo Smart Wi-Fi - EXATRON\" \/>\n<meta property=\"og:description\" content=\"Para ambientes internos. Possu\u00ed comando de voz, Wi-Fi, modo noturno, f\u00e1cil instala\u00e7\u00e3o, rota\u00e7\u00e3o 355\u00b0, \u00e1udio bidirecional, rastreamento de movimentos e zoom.\" \/>\n<meta property=\"og:url\" content=\"https:\/\/www.exatron.com.br\/en\/produtos\/camera-de-video-smart-wi-fi\/\" \/>\n<meta property=\"og:site_name\" content=\"EXATRON\" \/>\n<meta property=\"article:modified_time\" content=\"2026-04-22T14:13:27+00:00\" \/>\n<meta property=\"og:image\" content=\"https:\/\/www.exatron.com.br\/wp-content\/uploads\/2025\/12\/wcka1he3ghnlij4x9hhr4lsjfdvzt3qvsgvvbve2.png\" \/>\n\t<meta property=\"og:image:width\" content=\"1506\" \/>\n\t<meta property=\"og:image:height\" content=\"1505\" \/>\n\t<meta property=\"og:image:type\" content=\"image\/png\" \/>\n<meta name=\"twitter:card\" content=\"summary_large_image\" \/>\n<meta name=\"twitter:label1\" content=\"Est. reading time\" \/>\n\t<meta name=\"twitter:data1\" content=\"2 minutes\" \/>\n<script type=\"application\/ld+json\" class=\"yoast-schema-graph\">{\"@context\":\"https:\\\/\\\/schema.org\",\"@graph\":[{\"@type\":\"WebPage\",\"@id\":\"https:\\\/\\\/www.exatron.com.br\\\/produtos\\\/camera-de-video-smart-wi-fi\\\/\",\"url\":\"https:\\\/\\\/www.exatron.com.br\\\/produtos\\\/camera-de-video-smart-wi-fi\\\/\",\"name\":\"C\u00e2mera de V\u00eddeo Smart Wi-Fi - EXATRON\",\"isPartOf\":{\"@id\":\"https:\\\/\\\/www.exatron.com.br\\\/#website\"},\"primaryImageOfPage\":{\"@id\":\"https:\\\/\\\/www.exatron.com.br\\\/produtos\\\/camera-de-video-smart-wi-fi\\\/#primaryimage\"},\"image\":{\"@id\":\"https:\\\/\\\/www.exatron.com.br\\\/produtos\\\/camera-de-video-smart-wi-fi\\\/#primaryimage\"},\"thumbnailUrl\":\"https:\\\/\\\/www.exatron.com.br\\\/wp-content\\\/uploads\\\/2025\\\/12\\\/wcka1he3ghnlij4x9hhr4lsjfdvzt3qvsgvvbve2.png\",\"datePublished\":\"2025-12-08T15:08:52+00:00\",\"dateModified\":\"2026-04-22T14:13:27+00:00\",\"description\":\"Para ambientes internos. Possu\u00ed comando de voz, Wi-Fi, modo noturno, f\u00e1cil instala\u00e7\u00e3o, rota\u00e7\u00e3o 355\u00b0, \u00e1udio bidirecional, rastreamento de movimentos e zoom.\",\"breadcrumb\":{\"@id\":\"https:\\\/\\\/www.exatron.com.br\\\/produtos\\\/camera-de-video-smart-wi-fi\\\/#breadcrumb\"},\"inLanguage\":\"en-US\",\"potentialAction\":[{\"@type\":\"ReadAction\",\"target\":[\"https:\\\/\\\/www.exatron.com.br\\\/produtos\\\/camera-de-video-smart-wi-fi\\\/\"]}]},{\"@type\":\"ImageObject\",\"inLanguage\":\"en-US\",\"@id\":\"https:\\\/\\\/www.exatron.com.br\\\/produtos\\\/camera-de-video-smart-wi-fi\\\/#primaryimage\",\"url\":\"https:\\\/\\\/www.exatron.com.br\\\/wp-content\\\/uploads\\\/2025\\\/12\\\/wcka1he3ghnlij4x9hhr4lsjfdvzt3qvsgvvbve2.png\",\"contentUrl\":\"https:\\\/\\\/www.exatron.com.br\\\/wp-content\\\/uploads\\\/2025\\\/12\\\/wcka1he3ghnlij4x9hhr4lsjfdvzt3qvsgvvbve2.png\",\"width\":1506,\"height\":1505,\"caption\":\"Revolucione e conecte espa\u00e7os com a linha myhouse X da Exatron!\"},{\"@type\":\"BreadcrumbList\",\"@id\":\"https:\\\/\\\/www.exatron.com.br\\\/produtos\\\/camera-de-video-smart-wi-fi\\\/#breadcrumb\",\"itemListElement\":[{\"@type\":\"ListItem\",\"position\":1,\"name\":\"In\u00edcio\",\"item\":\"https:\\\/\\\/www.exatron.com.br\\\/\"},{\"@type\":\"ListItem\",\"position\":2,\"name\":\"Loja\",\"item\":\"https:\\\/\\\/www.exatron.com.br\\\/loja\\\/\"},{\"@type\":\"ListItem\",\"position\":3,\"name\":\"C\u00e2mera de V\u00eddeo Smart Wi-Fi\"}]},{\"@type\":\"WebSite\",\"@id\":\"https:\\\/\\\/www.exatron.com.br\\\/#website\",\"url\":\"https:\\\/\\\/www.exatron.com.br\\\/\",\"name\":\"EXATRON\",\"description\":\"\",\"publisher\":{\"@id\":\"https:\\\/\\\/www.exatron.com.br\\\/#organization\"},\"potentialAction\":[{\"@type\":\"SearchAction\",\"target\":{\"@type\":\"EntryPoint\",\"urlTemplate\":\"https:\\\/\\\/www.exatron.com.br\\\/?s={search_term_string}\"},\"query-input\":{\"@type\":\"PropertyValueSpecification\",\"valueRequired\":true,\"valueName\":\"search_term_string\"}}],\"inLanguage\":\"en-US\"},{\"@type\":\"Organization\",\"@id\":\"https:\\\/\\\/www.exatron.com.br\\\/#organization\",\"name\":\"EXATRON\",\"url\":\"https:\\\/\\\/www.exatron.com.br\\\/\",\"logo\":{\"@type\":\"ImageObject\",\"inLanguage\":\"en-US\",\"@id\":\"https:\\\/\\\/www.exatron.com.br\\\/#\\\/schema\\\/logo\\\/image\\\/\",\"url\":\"https:\\\/\\\/www.exatron.com.br\\\/wp-content\\\/uploads\\\/2024\\\/11\\\/default-kit.png\",\"contentUrl\":\"https:\\\/\\\/www.exatron.com.br\\\/wp-content\\\/uploads\\\/2024\\\/11\\\/default-kit.png\",\"width\":956,\"height\":192,\"caption\":\"EXATRON\"},\"image\":{\"@id\":\"https:\\\/\\\/www.exatron.com.br\\\/#\\\/schema\\\/logo\\\/image\\\/\"}}]}<\/script>\n<!-- \/ Yoast SEO plugin. -->","yoast_head_json":{"title":"C\u00e2mera de V\u00eddeo Smart Wi-Fi - EXATRON","description":"Para ambientes internos. Possu\u00ed comando de voz, Wi-Fi, modo noturno, f\u00e1cil instala\u00e7\u00e3o, rota\u00e7\u00e3o 355\u00b0, \u00e1udio bidirecional, rastreamento de movimentos e zoom.","robots":{"index":"index","follow":"follow","max-snippet":"max-snippet:-1","max-image-preview":"max-image-preview:large","max-video-preview":"max-video-preview:-1"},"canonical":"https:\/\/www.exatron.com.br\/en\/produtos\/camera-de-video-smart-wi-fi\/","og_locale":"en_US","og_type":"article","og_title":"C\u00e2mera de V\u00eddeo Smart Wi-Fi - EXATRON","og_description":"Para ambientes internos. Possu\u00ed comando de voz, Wi-Fi, modo noturno, f\u00e1cil instala\u00e7\u00e3o, rota\u00e7\u00e3o 355\u00b0, \u00e1udio bidirecional, rastreamento de movimentos e zoom.","og_url":"https:\/\/www.exatron.com.br\/en\/produtos\/camera-de-video-smart-wi-fi\/","og_site_name":"EXATRON","article_modified_time":"2026-04-22T14:13:27+00:00","og_image":[{"width":1506,"height":1505,"url":"https:\/\/www.exatron.com.br\/wp-content\/uploads\/2025\/12\/wcka1he3ghnlij4x9hhr4lsjfdvzt3qvsgvvbve2.png","type":"image\/png"}],"twitter_card":"summary_large_image","twitter_misc":{"Est. reading time":"2 minutes"},"schema":{"@context":"https:\/\/schema.org","@graph":[{"@type":"WebPage","@id":"https:\/\/www.exatron.com.br\/produtos\/camera-de-video-smart-wi-fi\/","url":"https:\/\/www.exatron.com.br\/produtos\/camera-de-video-smart-wi-fi\/","name":"C\u00e2mera de V\u00eddeo Smart Wi-Fi - EXATRON","isPartOf":{"@id":"https:\/\/www.exatron.com.br\/#website"},"primaryImageOfPage":{"@id":"https:\/\/www.exatron.com.br\/produtos\/camera-de-video-smart-wi-fi\/#primaryimage"},"image":{"@id":"https:\/\/www.exatron.com.br\/produtos\/camera-de-video-smart-wi-fi\/#primaryimage"},"thumbnailUrl":"https:\/\/www.exatron.com.br\/wp-content\/uploads\/2025\/12\/wcka1he3ghnlij4x9hhr4lsjfdvzt3qvsgvvbve2.png","datePublished":"2025-12-08T15:08:52+00:00","dateModified":"2026-04-22T14:13:27+00:00","description":"Para ambientes internos. Possu\u00ed comando de voz, Wi-Fi, modo noturno, f\u00e1cil instala\u00e7\u00e3o, rota\u00e7\u00e3o 355\u00b0, \u00e1udio bidirecional, rastreamento de movimentos e zoom.","breadcrumb":{"@id":"https:\/\/www.exatron.com.br\/produtos\/camera-de-video-smart-wi-fi\/#breadcrumb"},"inLanguage":"en-US","potentialAction":[{"@type":"ReadAction","target":["https:\/\/www.exatron.com.br\/produtos\/camera-de-video-smart-wi-fi\/"]}]},{"@type":"ImageObject","inLanguage":"en-US","@id":"https:\/\/www.exatron.com.br\/produtos\/camera-de-video-smart-wi-fi\/#primaryimage","url":"https:\/\/www.exatron.com.br\/wp-content\/uploads\/2025\/12\/wcka1he3ghnlij4x9hhr4lsjfdvzt3qvsgvvbve2.png","contentUrl":"https:\/\/www.exatron.com.br\/wp-content\/uploads\/2025\/12\/wcka1he3ghnlij4x9hhr4lsjfdvzt3qvsgvvbve2.png","width":1506,"height":1505,"caption":"Revolucione e conecte espa\u00e7os com a linha myhouse X da Exatron!"},{"@type":"BreadcrumbList","@id":"https:\/\/www.exatron.com.br\/produtos\/camera-de-video-smart-wi-fi\/#breadcrumb","itemListElement":[{"@type":"ListItem","position":1,"name":"In\u00edcio","item":"https:\/\/www.exatron.com.br\/"},{"@type":"ListItem","position":2,"name":"Loja","item":"https:\/\/www.exatron.com.br\/loja\/"},{"@type":"ListItem","position":3,"name":"C\u00e2mera de V\u00eddeo Smart Wi-Fi"}]},{"@type":"WebSite","@id":"https:\/\/www.exatron.com.br\/#website","url":"https:\/\/www.exatron.com.br\/","name":"EXATRON","description":"","publisher":{"@id":"https:\/\/www.exatron.com.br\/#organization"},"potentialAction":[{"@type":"SearchAction","target":{"@type":"EntryPoint","urlTemplate":"https:\/\/www.exatron.com.br\/?s={search_term_string}"},"query-input":{"@type":"PropertyValueSpecification","valueRequired":true,"valueName":"search_term_string"}}],"inLanguage":"en-US"},{"@type":"Organization","@id":"https:\/\/www.exatron.com.br\/#organization","name":"EXATRON","url":"https:\/\/www.exatron.com.br\/","logo":{"@type":"ImageObject","inLanguage":"en-US","@id":"https:\/\/www.exatron.com.br\/#\/schema\/logo\/image\/","url":"https:\/\/www.exatron.com.br\/wp-content\/uploads\/2024\/11\/default-kit.png","contentUrl":"https:\/\/www.exatron.com.br\/wp-content\/uploads\/2024\/11\/default-kit.png","width":956,"height":192,"caption":"EXATRON"},"image":{"@id":"https:\/\/www.exatron.com.br\/#\/schema\/logo\/image\/"}}]}},"_links":{"self":[{"href":"https:\/\/www.exatron.com.br\/en\/wp-json\/wp\/v2\/product\/10767","targetHints":{"allow":["GET"]}}],"collection":[{"href":"https:\/\/www.exatron.com.br\/en\/wp-json\/wp\/v2\/product"}],"about":[{"href":"https:\/\/www.exatron.com.br\/en\/wp-json\/wp\/v2\/types\/product"}],"replies":[{"embeddable":true,"href":"https:\/\/www.exatron.com.br\/en\/wp-json\/wp\/v2\/comments?post=10767"}],"wp:featuredmedia":[{"embeddable":true,"href":"https:\/\/www.exatron.com.br\/en\/wp-json\/wp\/v2\/media\/10346"}],"wp:attachment":[{"href":"https:\/\/www.exatron.com.br\/en\/wp-json\/wp\/v2\/media?parent=10767"}],"wp:term":[{"taxonomy":"aplicacao","embeddable":true,"href":"https:\/\/www.exatron.com.br\/en\/wp-json\/wp\/v2\/aplicacao?post=10767"},{"taxonomy":"product_brand","embeddable":true,"href":"https:\/\/www.exatron.com.br\/en\/wp-json\/wp\/v2\/product_brand?post=10767"},{"taxonomy":"product_cat","embeddable":true,"href":"https:\/\/www.exatron.com.br\/en\/wp-json\/wp\/v2\/product_cat?post=10767"},{"taxonomy":"product_tag","embeddable":true,"href":"https:\/\/www.exatron.com.br\/en\/wp-json\/wp\/v2\/product_tag?post=10767"}],"curies":[{"name":"wp","href":"https:\/\/api.w.org\/{rel}","templated":true}]}}