{"id":10776,"date":"2025-12-08T15:08:53","date_gmt":"2025-12-08T15:08:53","guid":{"rendered":""},"modified":"2026-04-23T17:15:48","modified_gmt":"2026-04-23T20:15:48","slug":"dispositivo-de-protecao-interruptor-diferencial-residual-2p-25a-30ma","status":"publish","type":"product","link":"https:\/\/www.exatron.com.br\/en\/produtos\/dispositivo-de-protecao-interruptor-diferencial-residual-2p-25a-30ma\/","title":{"rendered":"IDR &#8211; 2P, 25A, 30mA"},"content":{"rendered":"<h3>Technical Specifications<\/h3>\n<ul>\n<li>N\u00famero de polos: 2<\/li>\n<li>Tens\u00e3o nominal Ue:\u00a0230V~<\/li>\n<li>Tens\u00e3o de isola\u00e7\u00e3o Ui: 500V<\/li>\n<li>Frequ\u00eancia de opera\u00e7\u00e3o:\u00a050\/60Hz<\/li>\n<li>Sensibilidade nominal:\u00a00,03A (30mA)<\/li>\n<li>Corrente m\u00e1xima de opera\u00e7\u00e3o: 25A<\/li>\n<li>Corrente de curto circuito:\u00a06kA<\/li>\n<li>Tempo de desligamento:\u00a0\u2264 0.1 s<\/li>\n<li>Tens\u00e3o nominal de impulso suport\u00e1vel:\u00a06kV<\/li>\n<li>Tens\u00e3o diel\u00e9trica 60Hz durante 60s:\u00a02.5kV<\/li>\n<li>Vida \u00fatil el\u00e9trica e mec\u00e2nica:\u00a02000 ciclos<\/li>\n<li>Grau de prote\u00e7\u00e3o:\u00a0IP 20<\/li>\n<li>Temperatura ambiente: 0~+40\u00baC<\/li>\n<li>Temperatura de armazenamento: -25~+70\u00baC<\/li>\n<li>Instala\u00e7\u00e3o: Trilho DIN 35mm<\/li>\n<li>Conex\u00e3o: Superior e inferior<\/li>\n<li>Warranty: 1 year.<\/li>\n<\/ul>\n<p>&nbsp;<\/p>\n<p><i>O produto LEDR4005 foi projetado para prote\u00e7\u00e3o contra correntes diferenciais maiores que 30mA, prevenindo choques el\u00e9tricos e\/ou fugas. A prote\u00e7\u00e3o completa do sistema el\u00e9trico \u00e9 garantida com o uso em conjunto a um disjuntor de sobrecorrente, que atuar\u00e1 na prote\u00e7\u00e3o de sobrecargas e curtos-circuitos. Consulte a linha de produtos Exatron para prote\u00e7\u00e3o el\u00e9trica e confira os dispositivos combinados com prote\u00e7\u00e3o DR (diferencial residual) e prote\u00e7\u00e3o de sobre carga.\u00a0<\/i><\/p>\n<p>&nbsp;<\/p>\n<h3>Installation<\/h3>\n<p>Utilizado em sistemas de rede el\u00e9trica onde monitora constantemente a tens\u00e3o, reagindo instantaneamente ao detectar alguma fuga de corrente. Quando a fuga \u00e9 detectada, o IDR age como um interruptor e desliga a carga imediatamente, protegendo o usu\u00e1rio e os equipamentos ligados \u00e0 rede.<\/p>","protected":false},"excerpt":{"rendered":"<p>Os interruptores Diferenciais Residuais (IDR) da Exatron tem como fun\u00e7\u00e3o principal a prote\u00e7\u00e3o dos usu\u00e1rios contra choques el\u00e9tricos, desligando automaticamente a energia el\u00e9trica ao detectar fuga de corrente. Possui sistema de controle com sensibilidade de detec\u00e7\u00e3o de 30mA diferencial de fuga para desarme.<\/p>","protected":false},"featured_media":10355,"comment_status":"open","ping_status":"closed","template":"","meta":{"_acf_changed":false,"_joinchat":[]},"aplicacao":[269],"product_brand":[],"product_cat":[991],"product_tag":[953,935,949,951,952],"class_list":{"0":"post-10776","1":"product","2":"type-product","3":"status-publish","4":"has-post-thumbnail","6":"aplicacao-seguranca-de-rede-eletrica-baixa-tensao","7":"product_cat-idr","8":"product_tag-choques-eletricos","9":"product_tag-dps","10":"product_tag-interruptor-diferencial-residual","11":"product_tag-protecao","12":"product_tag-protecao-contra-choques","14":"first","15":"instock","16":"shipping-taxable","17":"purchasable","18":"product-type-simple"},"acf":[],"yoast_head":"<!-- This site is optimized with the Yoast SEO plugin v27.3 - https:\/\/yoast.com\/product\/yoast-seo-wordpress\/ -->\n<title>IDR - 2P, 25A, 30mA - EXATRON<\/title>\n<meta name=\"description\" content=\"O IDR LEDR4005 protege contra choques el\u00e9tricos, desligando a energia ao detectar fuga acima de 30mA. 2 Polos e 25A\/30mA.\" \/>\n<meta name=\"robots\" content=\"index, follow, max-snippet:-1, max-image-preview:large, max-video-preview:-1\" \/>\n<link rel=\"canonical\" href=\"https:\/\/www.exatron.com.br\/en\/produtos\/dispositivo-de-protecao-interruptor-diferencial-residual-2p-25a-30ma\/\" \/>\n<meta property=\"og:locale\" content=\"en_US\" \/>\n<meta property=\"og:type\" content=\"article\" \/>\n<meta property=\"og:title\" content=\"IDR - 2P, 25A, 30mA - EXATRON\" \/>\n<meta property=\"og:description\" content=\"O IDR LEDR4005 protege contra choques el\u00e9tricos, desligando a energia ao detectar fuga acima de 30mA. 2 Polos e 25A\/30mA.\" \/>\n<meta property=\"og:url\" content=\"https:\/\/www.exatron.com.br\/en\/produtos\/dispositivo-de-protecao-interruptor-diferencial-residual-2p-25a-30ma\/\" \/>\n<meta property=\"og:site_name\" content=\"EXATRON\" \/>\n<meta property=\"article:modified_time\" content=\"2026-04-23T20:15:48+00:00\" \/>\n<meta property=\"og:image\" content=\"https:\/\/www.exatron.com.br\/wp-content\/uploads\/2025\/12\/i0u3pe8xnmdshighhjava5wcrq3rewkda8culgev.png\" \/>\n\t<meta property=\"og:image:width\" content=\"969\" \/>\n\t<meta property=\"og:image:height\" content=\"969\" \/>\n\t<meta property=\"og:image:type\" content=\"image\/png\" \/>\n<meta name=\"twitter:card\" content=\"summary_large_image\" \/>\n<meta name=\"twitter:label1\" content=\"Est. reading time\" \/>\n\t<meta name=\"twitter:data1\" content=\"2 minutes\" \/>\n<script type=\"application\/ld+json\" class=\"yoast-schema-graph\">{\"@context\":\"https:\\\/\\\/schema.org\",\"@graph\":[{\"@type\":\"WebPage\",\"@id\":\"https:\\\/\\\/www.exatron.com.br\\\/produtos\\\/dispositivo-de-protecao-interruptor-diferencial-residual-2p-25a-30ma\\\/\",\"url\":\"https:\\\/\\\/www.exatron.com.br\\\/produtos\\\/dispositivo-de-protecao-interruptor-diferencial-residual-2p-25a-30ma\\\/\",\"name\":\"IDR - 2P, 25A, 30mA - EXATRON\",\"isPartOf\":{\"@id\":\"https:\\\/\\\/www.exatron.com.br\\\/#website\"},\"primaryImageOfPage\":{\"@id\":\"https:\\\/\\\/www.exatron.com.br\\\/produtos\\\/dispositivo-de-protecao-interruptor-diferencial-residual-2p-25a-30ma\\\/#primaryimage\"},\"image\":{\"@id\":\"https:\\\/\\\/www.exatron.com.br\\\/produtos\\\/dispositivo-de-protecao-interruptor-diferencial-residual-2p-25a-30ma\\\/#primaryimage\"},\"thumbnailUrl\":\"https:\\\/\\\/www.exatron.com.br\\\/wp-content\\\/uploads\\\/2025\\\/12\\\/i0u3pe8xnmdshighhjava5wcrq3rewkda8culgev.png\",\"datePublished\":\"2025-12-08T15:08:53+00:00\",\"dateModified\":\"2026-04-23T20:15:48+00:00\",\"description\":\"O IDR LEDR4005 protege contra choques el\u00e9tricos, desligando a energia ao detectar fuga acima de 30mA. 2 Polos e 25A\\\/30mA.\",\"breadcrumb\":{\"@id\":\"https:\\\/\\\/www.exatron.com.br\\\/produtos\\\/dispositivo-de-protecao-interruptor-diferencial-residual-2p-25a-30ma\\\/#breadcrumb\"},\"inLanguage\":\"en-US\",\"potentialAction\":[{\"@type\":\"ReadAction\",\"target\":[\"https:\\\/\\\/www.exatron.com.br\\\/produtos\\\/dispositivo-de-protecao-interruptor-diferencial-residual-2p-25a-30ma\\\/\"]}]},{\"@type\":\"ImageObject\",\"inLanguage\":\"en-US\",\"@id\":\"https:\\\/\\\/www.exatron.com.br\\\/produtos\\\/dispositivo-de-protecao-interruptor-diferencial-residual-2p-25a-30ma\\\/#primaryimage\",\"url\":\"https:\\\/\\\/www.exatron.com.br\\\/wp-content\\\/uploads\\\/2025\\\/12\\\/i0u3pe8xnmdshighhjava5wcrq3rewkda8culgev.png\",\"contentUrl\":\"https:\\\/\\\/www.exatron.com.br\\\/wp-content\\\/uploads\\\/2025\\\/12\\\/i0u3pe8xnmdshighhjava5wcrq3rewkda8culgev.png\",\"width\":969,\"height\":969,\"caption\":\"Dispositivo de prote\u00e7\u00e3o interruptor diferencial residual 2P 25A\\\/30mA\"},{\"@type\":\"BreadcrumbList\",\"@id\":\"https:\\\/\\\/www.exatron.com.br\\\/produtos\\\/dispositivo-de-protecao-interruptor-diferencial-residual-2p-25a-30ma\\\/#breadcrumb\",\"itemListElement\":[{\"@type\":\"ListItem\",\"position\":1,\"name\":\"In\u00edcio\",\"item\":\"https:\\\/\\\/www.exatron.com.br\\\/\"},{\"@type\":\"ListItem\",\"position\":2,\"name\":\"Loja\",\"item\":\"https:\\\/\\\/www.exatron.com.br\\\/loja\\\/\"},{\"@type\":\"ListItem\",\"position\":3,\"name\":\"IDR &#8211; 2P, 25A, 30mA\"}]},{\"@type\":\"WebSite\",\"@id\":\"https:\\\/\\\/www.exatron.com.br\\\/#website\",\"url\":\"https:\\\/\\\/www.exatron.com.br\\\/\",\"name\":\"EXATRON\",\"description\":\"\",\"publisher\":{\"@id\":\"https:\\\/\\\/www.exatron.com.br\\\/#organization\"},\"potentialAction\":[{\"@type\":\"SearchAction\",\"target\":{\"@type\":\"EntryPoint\",\"urlTemplate\":\"https:\\\/\\\/www.exatron.com.br\\\/?s={search_term_string}\"},\"query-input\":{\"@type\":\"PropertyValueSpecification\",\"valueRequired\":true,\"valueName\":\"search_term_string\"}}],\"inLanguage\":\"en-US\"},{\"@type\":\"Organization\",\"@id\":\"https:\\\/\\\/www.exatron.com.br\\\/#organization\",\"name\":\"EXATRON\",\"url\":\"https:\\\/\\\/www.exatron.com.br\\\/\",\"logo\":{\"@type\":\"ImageObject\",\"inLanguage\":\"en-US\",\"@id\":\"https:\\\/\\\/www.exatron.com.br\\\/#\\\/schema\\\/logo\\\/image\\\/\",\"url\":\"https:\\\/\\\/www.exatron.com.br\\\/wp-content\\\/uploads\\\/2024\\\/11\\\/default-kit.png\",\"contentUrl\":\"https:\\\/\\\/www.exatron.com.br\\\/wp-content\\\/uploads\\\/2024\\\/11\\\/default-kit.png\",\"width\":956,\"height\":192,\"caption\":\"EXATRON\"},\"image\":{\"@id\":\"https:\\\/\\\/www.exatron.com.br\\\/#\\\/schema\\\/logo\\\/image\\\/\"}}]}<\/script>\n<!-- \/ Yoast SEO plugin. -->","yoast_head_json":{"title":"IDR - 2P, 25A, 30mA - EXATRON","description":"O IDR LEDR4005 protege contra choques el\u00e9tricos, desligando a energia ao detectar fuga acima de 30mA. 2 Polos e 25A\/30mA.","robots":{"index":"index","follow":"follow","max-snippet":"max-snippet:-1","max-image-preview":"max-image-preview:large","max-video-preview":"max-video-preview:-1"},"canonical":"https:\/\/www.exatron.com.br\/en\/produtos\/dispositivo-de-protecao-interruptor-diferencial-residual-2p-25a-30ma\/","og_locale":"en_US","og_type":"article","og_title":"IDR - 2P, 25A, 30mA - EXATRON","og_description":"O IDR LEDR4005 protege contra choques el\u00e9tricos, desligando a energia ao detectar fuga acima de 30mA. 2 Polos e 25A\/30mA.","og_url":"https:\/\/www.exatron.com.br\/en\/produtos\/dispositivo-de-protecao-interruptor-diferencial-residual-2p-25a-30ma\/","og_site_name":"EXATRON","article_modified_time":"2026-04-23T20:15:48+00:00","og_image":[{"width":969,"height":969,"url":"https:\/\/www.exatron.com.br\/wp-content\/uploads\/2025\/12\/i0u3pe8xnmdshighhjava5wcrq3rewkda8culgev.png","type":"image\/png"}],"twitter_card":"summary_large_image","twitter_misc":{"Est. reading time":"2 minutes"},"schema":{"@context":"https:\/\/schema.org","@graph":[{"@type":"WebPage","@id":"https:\/\/www.exatron.com.br\/produtos\/dispositivo-de-protecao-interruptor-diferencial-residual-2p-25a-30ma\/","url":"https:\/\/www.exatron.com.br\/produtos\/dispositivo-de-protecao-interruptor-diferencial-residual-2p-25a-30ma\/","name":"IDR - 2P, 25A, 30mA - EXATRON","isPartOf":{"@id":"https:\/\/www.exatron.com.br\/#website"},"primaryImageOfPage":{"@id":"https:\/\/www.exatron.com.br\/produtos\/dispositivo-de-protecao-interruptor-diferencial-residual-2p-25a-30ma\/#primaryimage"},"image":{"@id":"https:\/\/www.exatron.com.br\/produtos\/dispositivo-de-protecao-interruptor-diferencial-residual-2p-25a-30ma\/#primaryimage"},"thumbnailUrl":"https:\/\/www.exatron.com.br\/wp-content\/uploads\/2025\/12\/i0u3pe8xnmdshighhjava5wcrq3rewkda8culgev.png","datePublished":"2025-12-08T15:08:53+00:00","dateModified":"2026-04-23T20:15:48+00:00","description":"O IDR LEDR4005 protege contra choques el\u00e9tricos, desligando a energia ao detectar fuga acima de 30mA. 2 Polos e 25A\/30mA.","breadcrumb":{"@id":"https:\/\/www.exatron.com.br\/produtos\/dispositivo-de-protecao-interruptor-diferencial-residual-2p-25a-30ma\/#breadcrumb"},"inLanguage":"en-US","potentialAction":[{"@type":"ReadAction","target":["https:\/\/www.exatron.com.br\/produtos\/dispositivo-de-protecao-interruptor-diferencial-residual-2p-25a-30ma\/"]}]},{"@type":"ImageObject","inLanguage":"en-US","@id":"https:\/\/www.exatron.com.br\/produtos\/dispositivo-de-protecao-interruptor-diferencial-residual-2p-25a-30ma\/#primaryimage","url":"https:\/\/www.exatron.com.br\/wp-content\/uploads\/2025\/12\/i0u3pe8xnmdshighhjava5wcrq3rewkda8culgev.png","contentUrl":"https:\/\/www.exatron.com.br\/wp-content\/uploads\/2025\/12\/i0u3pe8xnmdshighhjava5wcrq3rewkda8culgev.png","width":969,"height":969,"caption":"Dispositivo de prote\u00e7\u00e3o interruptor diferencial residual 2P 25A\/30mA"},{"@type":"BreadcrumbList","@id":"https:\/\/www.exatron.com.br\/produtos\/dispositivo-de-protecao-interruptor-diferencial-residual-2p-25a-30ma\/#breadcrumb","itemListElement":[{"@type":"ListItem","position":1,"name":"In\u00edcio","item":"https:\/\/www.exatron.com.br\/"},{"@type":"ListItem","position":2,"name":"Loja","item":"https:\/\/www.exatron.com.br\/loja\/"},{"@type":"ListItem","position":3,"name":"IDR &#8211; 2P, 25A, 30mA"}]},{"@type":"WebSite","@id":"https:\/\/www.exatron.com.br\/#website","url":"https:\/\/www.exatron.com.br\/","name":"EXATRON","description":"","publisher":{"@id":"https:\/\/www.exatron.com.br\/#organization"},"potentialAction":[{"@type":"SearchAction","target":{"@type":"EntryPoint","urlTemplate":"https:\/\/www.exatron.com.br\/?s={search_term_string}"},"query-input":{"@type":"PropertyValueSpecification","valueRequired":true,"valueName":"search_term_string"}}],"inLanguage":"en-US"},{"@type":"Organization","@id":"https:\/\/www.exatron.com.br\/#organization","name":"EXATRON","url":"https:\/\/www.exatron.com.br\/","logo":{"@type":"ImageObject","inLanguage":"en-US","@id":"https:\/\/www.exatron.com.br\/#\/schema\/logo\/image\/","url":"https:\/\/www.exatron.com.br\/wp-content\/uploads\/2024\/11\/default-kit.png","contentUrl":"https:\/\/www.exatron.com.br\/wp-content\/uploads\/2024\/11\/default-kit.png","width":956,"height":192,"caption":"EXATRON"},"image":{"@id":"https:\/\/www.exatron.com.br\/#\/schema\/logo\/image\/"}}]}},"_links":{"self":[{"href":"https:\/\/www.exatron.com.br\/en\/wp-json\/wp\/v2\/product\/10776","targetHints":{"allow":["GET"]}}],"collection":[{"href":"https:\/\/www.exatron.com.br\/en\/wp-json\/wp\/v2\/product"}],"about":[{"href":"https:\/\/www.exatron.com.br\/en\/wp-json\/wp\/v2\/types\/product"}],"replies":[{"embeddable":true,"href":"https:\/\/www.exatron.com.br\/en\/wp-json\/wp\/v2\/comments?post=10776"}],"wp:featuredmedia":[{"embeddable":true,"href":"https:\/\/www.exatron.com.br\/en\/wp-json\/wp\/v2\/media\/10355"}],"wp:attachment":[{"href":"https:\/\/www.exatron.com.br\/en\/wp-json\/wp\/v2\/media?parent=10776"}],"wp:term":[{"taxonomy":"aplicacao","embeddable":true,"href":"https:\/\/www.exatron.com.br\/en\/wp-json\/wp\/v2\/aplicacao?post=10776"},{"taxonomy":"product_brand","embeddable":true,"href":"https:\/\/www.exatron.com.br\/en\/wp-json\/wp\/v2\/product_brand?post=10776"},{"taxonomy":"product_cat","embeddable":true,"href":"https:\/\/www.exatron.com.br\/en\/wp-json\/wp\/v2\/product_cat?post=10776"},{"taxonomy":"product_tag","embeddable":true,"href":"https:\/\/www.exatron.com.br\/en\/wp-json\/wp\/v2\/product_tag?post=10776"}],"curies":[{"name":"wp","href":"https:\/\/api.w.org\/{rel}","templated":true}]}}