{"id":10781,"date":"2025-12-08T15:08:53","date_gmt":"2025-12-08T15:08:53","guid":{"rendered":""},"modified":"2026-04-17T11:22:45","modified_gmt":"2026-04-17T14:22:45","slug":"sensor-de-presenca-frontal-110-dip-switch","status":"publish","type":"product","link":"https:\/\/www.exatron.com.br\/en\/produtos\/sensor-de-presenca-frontal-110-dip-switch\/","title":{"rendered":"Frontal Presence Sensor 110\u00b0 DIP Switch"},"content":{"rendered":"<h3>Technical Specifications<\/h3>\n<ul>\n<li>Tens\u00e3o: 100 &#8211; 240 V<\/li>\n<li>Consumo: &lt;1W<\/li>\n<li>Frequ\u00eancia de opera\u00e7\u00e3o: 60Hz<\/li>\n<li>\u00c1rea de cobertura: 110\u00b0 com alcance de at\u00e9 12m em temperatura ambiente de 25\u00b0C; instalado \u00e0 uma altura de aproximadamente 2,1m<\/li>\n<li>Fotoc\u00e9lula: ao detectar movimento no ambiente, no modo SEM, aciona sempre a l\u00e2mpada. J\u00e1 no modo COM, acionar\u00e1 com o ambiente escuro (depende da luminosidade ambiente onde o sensor est\u00e1 instalado)<\/li>\n<li>Timer configur\u00e1vel ajustes pelo Dip Switch:\u00a04 tempos: 1 segundo, 1 minuto, 3 minutos, 10 minutos.<\/li>\n<li>LED indicador de funcionamento;<\/li>\n<li>Proporciona at\u00e9 75% de economia de energia;<\/li>\n<li>Detecta fontes de calor (pessoas, carros, etc) deve estar no m\u00ednimo a 3\u00b0C de diferen\u00e7a em rela\u00e7\u00e3o \u00e0 temperatura do meio ambiente onde o sensor est\u00e1 instalado (utilizar em ambientes internos);<\/li>\n<li>Exclusivo Inrush Control Technology, sistema de comuta\u00e7\u00e3o pr\u00f3xima do zero da rede (sen\u00f3ide) aumentando a vida \u00fatil da carga e do sensor;<\/li>\n<li>Comanda qualquer tipo de l\u00e2mpada at\u00e9 a pot\u00eancia m\u00e1xima.<\/li>\n<li>Grau de prote\u00e7\u00e3o (IP): IP32<\/li>\n<li>Capacidade de carga (l\u00e2mpadas):<\/li>\n<\/ul>\n<figure class=\"table\">\n<table>\n<tbody>\n<tr>\n<td>Voltage<\/td>\n<td>Electronics\/LED<\/td>\n<td>Halogen<\/td>\n<\/tr>\n<tr>\n<td>127V<\/td>\n<td>180W<\/td>\n<td>400W<\/td>\n<\/tr>\n<tr>\n<td>220V<\/td>\n<td>280W<\/td>\n<td>800W<\/td>\n<\/tr>\n<tr>\n<td colspan=\"3\">THD&lt;20% E FP&gt;0,90<\/td>\n<\/tr>\n<\/tbody>\n<\/table>\n<\/figure>\n<ul>\n<li>Garantia: 02 anos<\/li>\n<\/ul>","protected":false},"excerpt":{"rendered":"<p>O Sensor de Presen\u00e7a Frontal DIP SWITCH LESFZDDP SP \u00e9 ideal para automa\u00e7\u00e3o de ilumina\u00e7\u00e3o em ambientes internos. Detecta movimentos e aciona a luz automaticamente, desligando conforme o tempo configurado.<\/p>\n<p>Com tecnologia microcontrolada, ajustes pr\u00e1ticos via DIP SWITCH e sistema Inrush Control, aumenta a durabilidade de l\u00e2mpadas e sensores, al\u00e9m de proporcionar at\u00e9 75% de economia de energia.<\/p>\n<p>Com cobertura de 110\u00b0 e alcance de at\u00e9 12 metros, \u00e9 a solu\u00e7\u00e3o eficiente e confi\u00e1vel para corredores, garagens, escadas e recep\u00e7\u00f5es.<\/p>\n<p>&nbsp;<\/p>","protected":false},"featured_media":14569,"comment_status":"open","ping_status":"closed","template":"","meta":{"_acf_changed":false,"_joinchat":[]},"aplicacao":[267],"product_brand":[],"product_cat":[349,380,326],"product_tag":[716,582,715,710,719,625,709,707,708,646,717,720,718,697,713,712,692,714,711],"class_list":{"0":"post-10781","1":"product","2":"type-product","3":"status-publish","4":"has-post-thumbnail","6":"aplicacao-iluminacao-interna-sensores-de-presenca","7":"product_cat-dip","8":"product_cat-frontal","9":"product_cat-sensores-de-presenca-para-iluminacao","10":"product_tag-automacao-de-iluminacao","11":"product_tag-economia-de-energia","12":"product_tag-sensor-automatico-de-luz","13":"product_tag-sensor-com-dip-switch","14":"product_tag-sensor-com-fotocelula","15":"product_tag-sensor-de-presenca","16":"product_tag-sensor-de-presenca-12m-sensor-110-graus","17":"product_tag-sensor-de-presenca-frontal","18":"product_tag-sensor-de-presenca-parede","19":"product_tag-sensor-infravermelho","20":"product_tag-sensor-ip32","21":"product_tag-sensor-lesfzddp-sp","22":"product_tag-sensor-microcontrolado","23":"product_tag-sensor-para-corredor","24":"product_tag-sensor-para-escada","25":"product_tag-sensor-para-garagem","26":"product_tag-sensor-para-iluminacao-interna","27":"product_tag-sensor-para-recepcao","28":"product_tag-sensor-temporizador","30":"first","31":"onbackorder","32":"shipping-taxable","33":"product-type-simple"},"acf":[],"yoast_head":"<!-- This site is optimized with the Yoast SEO plugin v27.3 - https:\/\/yoast.com\/product\/yoast-seo-wordpress\/ -->\n<title>Sensor de Presen\u00e7a Frontal 110\u00b0 DIP SWITCH - EXATRON<\/title>\n<meta name=\"description\" content=\"Sensor de Presen\u00e7a Frontal DIP SWITCH com alcance de 12m e 110\u00b0. Timer ajust\u00e1vel e at\u00e9 75% de economia de energia com LESFZDDP SP\" \/>\n<meta name=\"robots\" content=\"index, follow, max-snippet:-1, max-image-preview:large, max-video-preview:-1\" \/>\n<link rel=\"canonical\" href=\"https:\/\/www.exatron.com.br\/en\/produtos\/sensor-de-presenca-frontal-110-dip-switch\/\" \/>\n<meta property=\"og:locale\" content=\"en_US\" \/>\n<meta property=\"og:type\" content=\"article\" \/>\n<meta property=\"og:title\" content=\"Sensor de Presen\u00e7a Frontal 110\u00b0 DIP SWITCH - EXATRON\" \/>\n<meta property=\"og:description\" content=\"Sensor de Presen\u00e7a Frontal DIP SWITCH com alcance de 12m e 110\u00b0. Timer ajust\u00e1vel e at\u00e9 75% de economia de energia com LESFZDDP SP\" \/>\n<meta property=\"og:url\" content=\"https:\/\/www.exatron.com.br\/en\/produtos\/sensor-de-presenca-frontal-110-dip-switch\/\" \/>\n<meta property=\"og:site_name\" content=\"EXATRON\" \/>\n<meta property=\"article:modified_time\" content=\"2026-04-17T14:22:45+00:00\" \/>\n<meta property=\"og:image\" content=\"https:\/\/www.exatron.com.br\/wp-content\/uploads\/lesf4000-2-1.png\" \/>\n\t<meta property=\"og:image:width\" content=\"1000\" \/>\n\t<meta property=\"og:image:height\" content=\"1000\" \/>\n\t<meta property=\"og:image:type\" content=\"image\/png\" \/>\n<meta name=\"twitter:card\" content=\"summary_large_image\" \/>\n<meta name=\"twitter:label1\" content=\"Est. reading time\" \/>\n\t<meta name=\"twitter:data1\" content=\"2 minutes\" \/>\n<script type=\"application\/ld+json\" class=\"yoast-schema-graph\">{\"@context\":\"https:\\\/\\\/schema.org\",\"@graph\":[{\"@type\":\"WebPage\",\"@id\":\"https:\\\/\\\/www.exatron.com.br\\\/produtos\\\/sensor-de-presenca-frontal-110-dip-switch\\\/\",\"url\":\"https:\\\/\\\/www.exatron.com.br\\\/produtos\\\/sensor-de-presenca-frontal-110-dip-switch\\\/\",\"name\":\"Sensor de Presen\u00e7a Frontal 110\u00b0 DIP SWITCH - EXATRON\",\"isPartOf\":{\"@id\":\"https:\\\/\\\/www.exatron.com.br\\\/#website\"},\"primaryImageOfPage\":{\"@id\":\"https:\\\/\\\/www.exatron.com.br\\\/produtos\\\/sensor-de-presenca-frontal-110-dip-switch\\\/#primaryimage\"},\"image\":{\"@id\":\"https:\\\/\\\/www.exatron.com.br\\\/produtos\\\/sensor-de-presenca-frontal-110-dip-switch\\\/#primaryimage\"},\"thumbnailUrl\":\"https:\\\/\\\/www.exatron.com.br\\\/wp-content\\\/uploads\\\/lesf4000-2-1.png\",\"datePublished\":\"2025-12-08T15:08:53+00:00\",\"dateModified\":\"2026-04-17T14:22:45+00:00\",\"description\":\"Sensor de Presen\u00e7a Frontal DIP SWITCH com alcance de 12m e 110\u00b0. Timer ajust\u00e1vel e at\u00e9 75% de economia de energia com LESFZDDP SP\",\"breadcrumb\":{\"@id\":\"https:\\\/\\\/www.exatron.com.br\\\/produtos\\\/sensor-de-presenca-frontal-110-dip-switch\\\/#breadcrumb\"},\"inLanguage\":\"en-US\",\"potentialAction\":[{\"@type\":\"ReadAction\",\"target\":[\"https:\\\/\\\/www.exatron.com.br\\\/produtos\\\/sensor-de-presenca-frontal-110-dip-switch\\\/\"]}]},{\"@type\":\"ImageObject\",\"inLanguage\":\"en-US\",\"@id\":\"https:\\\/\\\/www.exatron.com.br\\\/produtos\\\/sensor-de-presenca-frontal-110-dip-switch\\\/#primaryimage\",\"url\":\"https:\\\/\\\/www.exatron.com.br\\\/wp-content\\\/uploads\\\/lesf4000-2-1.png\",\"contentUrl\":\"https:\\\/\\\/www.exatron.com.br\\\/wp-content\\\/uploads\\\/lesf4000-2-1.png\",\"width\":1000,\"height\":1000,\"caption\":\"Sensor de Presen\u00e7a Frontal 110\u00b0 DIP SWITCH - Frente\"},{\"@type\":\"BreadcrumbList\",\"@id\":\"https:\\\/\\\/www.exatron.com.br\\\/produtos\\\/sensor-de-presenca-frontal-110-dip-switch\\\/#breadcrumb\",\"itemListElement\":[{\"@type\":\"ListItem\",\"position\":1,\"name\":\"In\u00edcio\",\"item\":\"https:\\\/\\\/www.exatron.com.br\\\/\"},{\"@type\":\"ListItem\",\"position\":2,\"name\":\"Loja\",\"item\":\"https:\\\/\\\/www.exatron.com.br\\\/loja\\\/\"},{\"@type\":\"ListItem\",\"position\":3,\"name\":\"Sensor de Presen\u00e7a Frontal 110\u00b0 DIP SWITCH\"}]},{\"@type\":\"WebSite\",\"@id\":\"https:\\\/\\\/www.exatron.com.br\\\/#website\",\"url\":\"https:\\\/\\\/www.exatron.com.br\\\/\",\"name\":\"EXATRON\",\"description\":\"\",\"publisher\":{\"@id\":\"https:\\\/\\\/www.exatron.com.br\\\/#organization\"},\"potentialAction\":[{\"@type\":\"SearchAction\",\"target\":{\"@type\":\"EntryPoint\",\"urlTemplate\":\"https:\\\/\\\/www.exatron.com.br\\\/?s={search_term_string}\"},\"query-input\":{\"@type\":\"PropertyValueSpecification\",\"valueRequired\":true,\"valueName\":\"search_term_string\"}}],\"inLanguage\":\"en-US\"},{\"@type\":\"Organization\",\"@id\":\"https:\\\/\\\/www.exatron.com.br\\\/#organization\",\"name\":\"EXATRON\",\"url\":\"https:\\\/\\\/www.exatron.com.br\\\/\",\"logo\":{\"@type\":\"ImageObject\",\"inLanguage\":\"en-US\",\"@id\":\"https:\\\/\\\/www.exatron.com.br\\\/#\\\/schema\\\/logo\\\/image\\\/\",\"url\":\"https:\\\/\\\/www.exatron.com.br\\\/wp-content\\\/uploads\\\/2024\\\/11\\\/default-kit.png\",\"contentUrl\":\"https:\\\/\\\/www.exatron.com.br\\\/wp-content\\\/uploads\\\/2024\\\/11\\\/default-kit.png\",\"width\":956,\"height\":192,\"caption\":\"EXATRON\"},\"image\":{\"@id\":\"https:\\\/\\\/www.exatron.com.br\\\/#\\\/schema\\\/logo\\\/image\\\/\"}}]}<\/script>\n<!-- \/ Yoast SEO plugin. -->","yoast_head_json":{"title":"Sensor de Presen\u00e7a Frontal 110\u00b0 DIP SWITCH - EXATRON","description":"Sensor de Presen\u00e7a Frontal DIP SWITCH com alcance de 12m e 110\u00b0. Timer ajust\u00e1vel e at\u00e9 75% de economia de energia com LESFZDDP SP","robots":{"index":"index","follow":"follow","max-snippet":"max-snippet:-1","max-image-preview":"max-image-preview:large","max-video-preview":"max-video-preview:-1"},"canonical":"https:\/\/www.exatron.com.br\/en\/produtos\/sensor-de-presenca-frontal-110-dip-switch\/","og_locale":"en_US","og_type":"article","og_title":"Sensor de Presen\u00e7a Frontal 110\u00b0 DIP SWITCH - EXATRON","og_description":"Sensor de Presen\u00e7a Frontal DIP SWITCH com alcance de 12m e 110\u00b0. Timer ajust\u00e1vel e at\u00e9 75% de economia de energia com LESFZDDP SP","og_url":"https:\/\/www.exatron.com.br\/en\/produtos\/sensor-de-presenca-frontal-110-dip-switch\/","og_site_name":"EXATRON","article_modified_time":"2026-04-17T14:22:45+00:00","og_image":[{"width":1000,"height":1000,"url":"https:\/\/www.exatron.com.br\/wp-content\/uploads\/lesf4000-2-1.png","type":"image\/png"}],"twitter_card":"summary_large_image","twitter_misc":{"Est. reading time":"2 minutes"},"schema":{"@context":"https:\/\/schema.org","@graph":[{"@type":"WebPage","@id":"https:\/\/www.exatron.com.br\/produtos\/sensor-de-presenca-frontal-110-dip-switch\/","url":"https:\/\/www.exatron.com.br\/produtos\/sensor-de-presenca-frontal-110-dip-switch\/","name":"Sensor de Presen\u00e7a Frontal 110\u00b0 DIP SWITCH - EXATRON","isPartOf":{"@id":"https:\/\/www.exatron.com.br\/#website"},"primaryImageOfPage":{"@id":"https:\/\/www.exatron.com.br\/produtos\/sensor-de-presenca-frontal-110-dip-switch\/#primaryimage"},"image":{"@id":"https:\/\/www.exatron.com.br\/produtos\/sensor-de-presenca-frontal-110-dip-switch\/#primaryimage"},"thumbnailUrl":"https:\/\/www.exatron.com.br\/wp-content\/uploads\/lesf4000-2-1.png","datePublished":"2025-12-08T15:08:53+00:00","dateModified":"2026-04-17T14:22:45+00:00","description":"Sensor de Presen\u00e7a Frontal DIP SWITCH com alcance de 12m e 110\u00b0. Timer ajust\u00e1vel e at\u00e9 75% de economia de energia com LESFZDDP SP","breadcrumb":{"@id":"https:\/\/www.exatron.com.br\/produtos\/sensor-de-presenca-frontal-110-dip-switch\/#breadcrumb"},"inLanguage":"en-US","potentialAction":[{"@type":"ReadAction","target":["https:\/\/www.exatron.com.br\/produtos\/sensor-de-presenca-frontal-110-dip-switch\/"]}]},{"@type":"ImageObject","inLanguage":"en-US","@id":"https:\/\/www.exatron.com.br\/produtos\/sensor-de-presenca-frontal-110-dip-switch\/#primaryimage","url":"https:\/\/www.exatron.com.br\/wp-content\/uploads\/lesf4000-2-1.png","contentUrl":"https:\/\/www.exatron.com.br\/wp-content\/uploads\/lesf4000-2-1.png","width":1000,"height":1000,"caption":"Sensor de Presen\u00e7a Frontal 110\u00b0 DIP SWITCH - Frente"},{"@type":"BreadcrumbList","@id":"https:\/\/www.exatron.com.br\/produtos\/sensor-de-presenca-frontal-110-dip-switch\/#breadcrumb","itemListElement":[{"@type":"ListItem","position":1,"name":"In\u00edcio","item":"https:\/\/www.exatron.com.br\/"},{"@type":"ListItem","position":2,"name":"Loja","item":"https:\/\/www.exatron.com.br\/loja\/"},{"@type":"ListItem","position":3,"name":"Sensor de Presen\u00e7a Frontal 110\u00b0 DIP SWITCH"}]},{"@type":"WebSite","@id":"https:\/\/www.exatron.com.br\/#website","url":"https:\/\/www.exatron.com.br\/","name":"EXATRON","description":"","publisher":{"@id":"https:\/\/www.exatron.com.br\/#organization"},"potentialAction":[{"@type":"SearchAction","target":{"@type":"EntryPoint","urlTemplate":"https:\/\/www.exatron.com.br\/?s={search_term_string}"},"query-input":{"@type":"PropertyValueSpecification","valueRequired":true,"valueName":"search_term_string"}}],"inLanguage":"en-US"},{"@type":"Organization","@id":"https:\/\/www.exatron.com.br\/#organization","name":"EXATRON","url":"https:\/\/www.exatron.com.br\/","logo":{"@type":"ImageObject","inLanguage":"en-US","@id":"https:\/\/www.exatron.com.br\/#\/schema\/logo\/image\/","url":"https:\/\/www.exatron.com.br\/wp-content\/uploads\/2024\/11\/default-kit.png","contentUrl":"https:\/\/www.exatron.com.br\/wp-content\/uploads\/2024\/11\/default-kit.png","width":956,"height":192,"caption":"EXATRON"},"image":{"@id":"https:\/\/www.exatron.com.br\/#\/schema\/logo\/image\/"}}]}},"_links":{"self":[{"href":"https:\/\/www.exatron.com.br\/en\/wp-json\/wp\/v2\/product\/10781","targetHints":{"allow":["GET"]}}],"collection":[{"href":"https:\/\/www.exatron.com.br\/en\/wp-json\/wp\/v2\/product"}],"about":[{"href":"https:\/\/www.exatron.com.br\/en\/wp-json\/wp\/v2\/types\/product"}],"replies":[{"embeddable":true,"href":"https:\/\/www.exatron.com.br\/en\/wp-json\/wp\/v2\/comments?post=10781"}],"wp:featuredmedia":[{"embeddable":true,"href":"https:\/\/www.exatron.com.br\/en\/wp-json\/wp\/v2\/media\/14569"}],"wp:attachment":[{"href":"https:\/\/www.exatron.com.br\/en\/wp-json\/wp\/v2\/media?parent=10781"}],"wp:term":[{"taxonomy":"aplicacao","embeddable":true,"href":"https:\/\/www.exatron.com.br\/en\/wp-json\/wp\/v2\/aplicacao?post=10781"},{"taxonomy":"product_brand","embeddable":true,"href":"https:\/\/www.exatron.com.br\/en\/wp-json\/wp\/v2\/product_brand?post=10781"},{"taxonomy":"product_cat","embeddable":true,"href":"https:\/\/www.exatron.com.br\/en\/wp-json\/wp\/v2\/product_cat?post=10781"},{"taxonomy":"product_tag","embeddable":true,"href":"https:\/\/www.exatron.com.br\/en\/wp-json\/wp\/v2\/product_tag?post=10781"}],"curies":[{"name":"wp","href":"https:\/\/api.w.org\/{rel}","templated":true}]}}