{"id":10782,"date":"2025-12-08T15:08:53","date_gmt":"2025-12-08T15:08:53","guid":{"rendered":""},"modified":"2026-03-13T16:45:32","modified_gmt":"2026-03-13T19:45:32","slug":"sensor-de-abertura-smart","status":"publish","type":"product","link":"https:\/\/www.exatron.com.br\/en\/produtos\/sensor-de-abertura-smart\/","title":{"rendered":"Smart Opening Sensor"},"content":{"rendered":"<h3>Technical Specifications<\/h3>\n<p>\u2022 Alimenta\u00e7\u00e3o: 3V \u2013 Pilha CR2032;<\/p>\n<p>\u2022 Consumo em stand by:&lt;20uA;<\/p>\n<p>\u2022 Tecnologia: BLE SIG Mesh 2,4GHz;<\/p>\n<p>\u2022 Criptografia: AES;<\/p>\n<p>\u2022\u00a0Dist\u00e2ncia m\u00e1xima do Gateway Wi-Fi\/BLE SIG Mesh: At\u00e9 10m do Gateway BLE SIG Mesh ou dispositivo com BLE SIG Mesh, sem obst\u00e1culos;<\/p>\n<p>\u2022 Instala\u00e7\u00e3o direta em superf\u00edcies com fita dupla face;<\/p>\n<p>\u2022 Dimens\u00f5es M\u00f3dulo Principal: 43x27x13mm;<\/p>\n<p>\u2022\u00a0Dimens\u00f5es M\u00f3dulo Magn\u00e9tico: 29x12x10mm;<\/p>\n<p>\u2022 Operating temperature: 0\u00b0C to 40\u00b0C;<\/p>\n<p>\u2022\u00a0Material: Resinas ABS;<\/p>\n<p>\u2022\u00a0Cor: Branco;<\/p>\n<p>\u2022\u00a0Garantia: 01 ano.<\/p>\n<p>Obs.: O dispositivo opera em rede Bluetooth BLE SIG Mesh, na frequ\u00eancia de 2,4GHz, portanto \u00e9 preciso que o smartphone possua conex\u00e3o Bluetooth e tamb\u00e9m o Gateway Wi-Fi\/BLE SIG Mesh esteja conectado a uma rede Wi-Fi, para possibilitar intera\u00e7\u00e3o de forma remota. O desempenho do aplicativo e do produto dependem da estrutura de rede e do dispositivo m\u00f3vel utilizado.<\/p>\n<p>&nbsp;<\/p>\n<h3>Installation<\/h3>\n<p>\u2022 Configure o Sensor de Abertura Smart pelo aplicativo myhouse X, dispon\u00edvel para download no Google Play e na App Store. Vers\u00e3o m\u00ednima do sistema operacional: iOS 11.0 \/ Android\u2122 7.0;<\/p>\n<p>\u2022 O produto deve ser instalado em ambiente interno, sem umidade, vibra\u00e7\u00f5es e distante de fontes de calor;<\/p>\n<p>\u2022 Certifique que o local de instala\u00e7\u00e3o possui sinal padr\u00e3o Wi-Fi 2,4 GHz com conex\u00e3o \u00e0 internet e que a rede suporte a quantidade de dispositivos conectados a ela;<\/p>\n<p>\u2022 O produto vem de f\u00e1brica com bateria instalada, protegida por uma pel\u00edcula pl\u00e1stica. No primeiro uso, puxe a lingueta da pel\u00edcula de prote\u00e7\u00e3o da bateria, para liberar a alimenta\u00e7\u00e3o do produto.<\/p>","protected":false},"excerpt":{"rendered":"<p>Revolucione e conecte espa\u00e7os com a linha myhouse X da Exatron! Mais seguran\u00e7a, qualidade e inova\u00e7\u00e3o na automa\u00e7\u00e3o de ambientes.<\/p>\n<p>Sensor de Abertura Smart (LSIF6108) \u00e9 um sensor inteligente para controlar a abertura e fechamento de portas, janelas, gavetas e outros dispositivos que possam ser monitorados por movimenta\u00e7\u00e3o de abertura e fechamento, sendo poss\u00edvel criar alertas e alarmes que podem ser gatilhos de ativa\u00e7\u00e3o de outros produtos da linha.<\/p>\n<p>Possui tecnologia BLE SIG Mesh, para n\u00e3o sobrecarregar seu roteador Wi-Fi, sendo que em conjunto com a Interface Gateway Smart Wi-Fi\/BLE SIG Mesh, possibilita que voc\u00ea tenha at\u00e9 128 dispositivos ocupando apenas um canal da sua rede Wi-Fi.<\/p>\n<p>&nbsp;<\/p>\n<p><i>LSIF6108 | <\/i>08122-24-17098<\/p>\n<p><i>&quot;This equipment is not entitled to protection against harmful interference and may not cause interference to duly authorized systems.&quot;<\/i><\/p>\n<p><i>\u201cEste produto est\u00e1 Homologado pela ANATEL, de acordo com os procedimentos regulamentados pela Resolu\u00e7\u00e3o n\u00ba715, de 23 de outubro de 2019 e atende aos requisitos t\u00e9cnicos aplicados\u201d.<\/i><\/p>\n<p><i>&quot;For more information, please visit the Anatel website: www.gov.br\/anatel\/pt-br\/&quot;<\/i><\/p>","protected":false},"featured_media":10176,"comment_status":"open","ping_status":"closed","template":"","meta":{"_acf_changed":false,"_joinchat":[]},"aplicacao":[],"product_brand":[],"product_cat":[322,371],"product_tag":[880,850,752,854,856,673,754,877,879,878,882,881],"class_list":{"0":"post-10782","1":"product","2":"type-product","3":"status-publish","4":"has-post-thumbnail","6":"product_cat-myhouse-x","7":"product_cat-sensor-de-abertura","8":"product_tag-alarme","9":"product_tag-aplicativo-myhouse-x","10":"product_tag-automacao-residencial","11":"product_tag-casa-inteligente","12":"product_tag-monitoramento","13":"product_tag-seguranca","14":"product_tag-seguranca-residencial","15":"product_tag-sensor-de-abertura","16":"product_tag-sensor-de-janela","17":"product_tag-sensor-de-portam","18":"product_tag-sensor-magnetico","19":"product_tag-smart-home","21":"first","22":"instock","23":"shipping-taxable","24":"purchasable","25":"product-type-simple"},"acf":[],"yoast_head":"<!-- This site is optimized with the Yoast SEO plugin v27.3 - https:\/\/yoast.com\/product\/yoast-seo-wordpress\/ -->\n<title>Sensor de Abertura Smart - EXATRON<\/title>\n<meta name=\"description\" content=\"Aumente a seguran\u00e7a da sua casa com o Sensor de Abertura Smart Exatron! Receba alertas instant\u00e2neos no seu celular e tenha mais tranquilidade.\" \/>\n<meta name=\"robots\" content=\"index, follow, max-snippet:-1, max-image-preview:large, max-video-preview:-1\" \/>\n<link rel=\"canonical\" href=\"https:\/\/www.exatron.com.br\/en\/produtos\/sensor-de-abertura-smart\/\" \/>\n<meta property=\"og:locale\" content=\"en_US\" \/>\n<meta property=\"og:type\" content=\"article\" \/>\n<meta property=\"og:title\" content=\"Sensor de Abertura Smart - EXATRON\" \/>\n<meta property=\"og:description\" content=\"Aumente a seguran\u00e7a da sua casa com o Sensor de Abertura Smart Exatron! Receba alertas instant\u00e2neos no seu celular e tenha mais tranquilidade.\" \/>\n<meta property=\"og:url\" content=\"https:\/\/www.exatron.com.br\/en\/produtos\/sensor-de-abertura-smart\/\" \/>\n<meta property=\"og:site_name\" content=\"EXATRON\" \/>\n<meta property=\"article:modified_time\" content=\"2026-03-13T19:45:32+00:00\" \/>\n<meta property=\"og:image\" content=\"https:\/\/www.exatron.com.br\/wp-content\/uploads\/2025\/12\/7sggqvywjqix71e3z4ehqxzymqfayscwfotslvt6-1.png\" \/>\n\t<meta property=\"og:image:width\" content=\"900\" \/>\n\t<meta property=\"og:image:height\" content=\"900\" \/>\n\t<meta property=\"og:image:type\" content=\"image\/png\" \/>\n<meta name=\"twitter:card\" content=\"summary_large_image\" \/>\n<meta name=\"twitter:label1\" content=\"Est. reading time\" \/>\n\t<meta name=\"twitter:data1\" content=\"2 minutes\" \/>\n<script type=\"application\/ld+json\" class=\"yoast-schema-graph\">{\"@context\":\"https:\\\/\\\/schema.org\",\"@graph\":[{\"@type\":\"WebPage\",\"@id\":\"https:\\\/\\\/www.exatron.com.br\\\/produtos\\\/sensor-de-abertura-smart\\\/\",\"url\":\"https:\\\/\\\/www.exatron.com.br\\\/produtos\\\/sensor-de-abertura-smart\\\/\",\"name\":\"Sensor de Abertura Smart - EXATRON\",\"isPartOf\":{\"@id\":\"https:\\\/\\\/www.exatron.com.br\\\/#website\"},\"primaryImageOfPage\":{\"@id\":\"https:\\\/\\\/www.exatron.com.br\\\/produtos\\\/sensor-de-abertura-smart\\\/#primaryimage\"},\"image\":{\"@id\":\"https:\\\/\\\/www.exatron.com.br\\\/produtos\\\/sensor-de-abertura-smart\\\/#primaryimage\"},\"thumbnailUrl\":\"https:\\\/\\\/www.exatron.com.br\\\/wp-content\\\/uploads\\\/2025\\\/12\\\/7sggqvywjqix71e3z4ehqxzymqfayscwfotslvt6-1.png\",\"datePublished\":\"2025-12-08T15:08:53+00:00\",\"dateModified\":\"2026-03-13T19:45:32+00:00\",\"description\":\"Aumente a seguran\u00e7a da sua casa com o Sensor de Abertura Smart Exatron! Receba alertas instant\u00e2neos no seu celular e tenha mais tranquilidade.\",\"breadcrumb\":{\"@id\":\"https:\\\/\\\/www.exatron.com.br\\\/produtos\\\/sensor-de-abertura-smart\\\/#breadcrumb\"},\"inLanguage\":\"en-US\",\"potentialAction\":[{\"@type\":\"ReadAction\",\"target\":[\"https:\\\/\\\/www.exatron.com.br\\\/produtos\\\/sensor-de-abertura-smart\\\/\"]}]},{\"@type\":\"ImageObject\",\"inLanguage\":\"en-US\",\"@id\":\"https:\\\/\\\/www.exatron.com.br\\\/produtos\\\/sensor-de-abertura-smart\\\/#primaryimage\",\"url\":\"https:\\\/\\\/www.exatron.com.br\\\/wp-content\\\/uploads\\\/2025\\\/12\\\/7sggqvywjqix71e3z4ehqxzymqfayscwfotslvt6-1.png\",\"contentUrl\":\"https:\\\/\\\/www.exatron.com.br\\\/wp-content\\\/uploads\\\/2025\\\/12\\\/7sggqvywjqix71e3z4ehqxzymqfayscwfotslvt6-1.png\",\"width\":900,\"height\":900,\"caption\":\"Revolucione e conecte espa\u00e7os com a linha myhouse X da Exatron! Mais seguran\u00e7a, qualidade e inova\u00e7\u00e3o na automa\u00e7\u00e3o de ambientes.\"},{\"@type\":\"BreadcrumbList\",\"@id\":\"https:\\\/\\\/www.exatron.com.br\\\/produtos\\\/sensor-de-abertura-smart\\\/#breadcrumb\",\"itemListElement\":[{\"@type\":\"ListItem\",\"position\":1,\"name\":\"In\u00edcio\",\"item\":\"https:\\\/\\\/www.exatron.com.br\\\/\"},{\"@type\":\"ListItem\",\"position\":2,\"name\":\"Loja\",\"item\":\"https:\\\/\\\/www.exatron.com.br\\\/loja\\\/\"},{\"@type\":\"ListItem\",\"position\":3,\"name\":\"Sensor de Abertura Smart\"}]},{\"@type\":\"WebSite\",\"@id\":\"https:\\\/\\\/www.exatron.com.br\\\/#website\",\"url\":\"https:\\\/\\\/www.exatron.com.br\\\/\",\"name\":\"EXATRON\",\"description\":\"\",\"publisher\":{\"@id\":\"https:\\\/\\\/www.exatron.com.br\\\/#organization\"},\"potentialAction\":[{\"@type\":\"SearchAction\",\"target\":{\"@type\":\"EntryPoint\",\"urlTemplate\":\"https:\\\/\\\/www.exatron.com.br\\\/?s={search_term_string}\"},\"query-input\":{\"@type\":\"PropertyValueSpecification\",\"valueRequired\":true,\"valueName\":\"search_term_string\"}}],\"inLanguage\":\"en-US\"},{\"@type\":\"Organization\",\"@id\":\"https:\\\/\\\/www.exatron.com.br\\\/#organization\",\"name\":\"EXATRON\",\"url\":\"https:\\\/\\\/www.exatron.com.br\\\/\",\"logo\":{\"@type\":\"ImageObject\",\"inLanguage\":\"en-US\",\"@id\":\"https:\\\/\\\/www.exatron.com.br\\\/#\\\/schema\\\/logo\\\/image\\\/\",\"url\":\"https:\\\/\\\/www.exatron.com.br\\\/wp-content\\\/uploads\\\/2024\\\/11\\\/default-kit.png\",\"contentUrl\":\"https:\\\/\\\/www.exatron.com.br\\\/wp-content\\\/uploads\\\/2024\\\/11\\\/default-kit.png\",\"width\":956,\"height\":192,\"caption\":\"EXATRON\"},\"image\":{\"@id\":\"https:\\\/\\\/www.exatron.com.br\\\/#\\\/schema\\\/logo\\\/image\\\/\"}}]}<\/script>\n<!-- \/ Yoast SEO plugin. -->","yoast_head_json":{"title":"Sensor de Abertura Smart - EXATRON","description":"Aumente a seguran\u00e7a da sua casa com o Sensor de Abertura Smart Exatron! Receba alertas instant\u00e2neos no seu celular e tenha mais tranquilidade.","robots":{"index":"index","follow":"follow","max-snippet":"max-snippet:-1","max-image-preview":"max-image-preview:large","max-video-preview":"max-video-preview:-1"},"canonical":"https:\/\/www.exatron.com.br\/en\/produtos\/sensor-de-abertura-smart\/","og_locale":"en_US","og_type":"article","og_title":"Sensor de Abertura Smart - EXATRON","og_description":"Aumente a seguran\u00e7a da sua casa com o Sensor de Abertura Smart Exatron! Receba alertas instant\u00e2neos no seu celular e tenha mais tranquilidade.","og_url":"https:\/\/www.exatron.com.br\/en\/produtos\/sensor-de-abertura-smart\/","og_site_name":"EXATRON","article_modified_time":"2026-03-13T19:45:32+00:00","og_image":[{"width":900,"height":900,"url":"https:\/\/www.exatron.com.br\/wp-content\/uploads\/2025\/12\/7sggqvywjqix71e3z4ehqxzymqfayscwfotslvt6-1.png","type":"image\/png"}],"twitter_card":"summary_large_image","twitter_misc":{"Est. reading time":"2 minutes"},"schema":{"@context":"https:\/\/schema.org","@graph":[{"@type":"WebPage","@id":"https:\/\/www.exatron.com.br\/produtos\/sensor-de-abertura-smart\/","url":"https:\/\/www.exatron.com.br\/produtos\/sensor-de-abertura-smart\/","name":"Sensor de Abertura Smart - EXATRON","isPartOf":{"@id":"https:\/\/www.exatron.com.br\/#website"},"primaryImageOfPage":{"@id":"https:\/\/www.exatron.com.br\/produtos\/sensor-de-abertura-smart\/#primaryimage"},"image":{"@id":"https:\/\/www.exatron.com.br\/produtos\/sensor-de-abertura-smart\/#primaryimage"},"thumbnailUrl":"https:\/\/www.exatron.com.br\/wp-content\/uploads\/2025\/12\/7sggqvywjqix71e3z4ehqxzymqfayscwfotslvt6-1.png","datePublished":"2025-12-08T15:08:53+00:00","dateModified":"2026-03-13T19:45:32+00:00","description":"Aumente a seguran\u00e7a da sua casa com o Sensor de Abertura Smart Exatron! Receba alertas instant\u00e2neos no seu celular e tenha mais tranquilidade.","breadcrumb":{"@id":"https:\/\/www.exatron.com.br\/produtos\/sensor-de-abertura-smart\/#breadcrumb"},"inLanguage":"en-US","potentialAction":[{"@type":"ReadAction","target":["https:\/\/www.exatron.com.br\/produtos\/sensor-de-abertura-smart\/"]}]},{"@type":"ImageObject","inLanguage":"en-US","@id":"https:\/\/www.exatron.com.br\/produtos\/sensor-de-abertura-smart\/#primaryimage","url":"https:\/\/www.exatron.com.br\/wp-content\/uploads\/2025\/12\/7sggqvywjqix71e3z4ehqxzymqfayscwfotslvt6-1.png","contentUrl":"https:\/\/www.exatron.com.br\/wp-content\/uploads\/2025\/12\/7sggqvywjqix71e3z4ehqxzymqfayscwfotslvt6-1.png","width":900,"height":900,"caption":"Revolucione e conecte espa\u00e7os com a linha myhouse X da Exatron! Mais seguran\u00e7a, qualidade e inova\u00e7\u00e3o na automa\u00e7\u00e3o de ambientes."},{"@type":"BreadcrumbList","@id":"https:\/\/www.exatron.com.br\/produtos\/sensor-de-abertura-smart\/#breadcrumb","itemListElement":[{"@type":"ListItem","position":1,"name":"In\u00edcio","item":"https:\/\/www.exatron.com.br\/"},{"@type":"ListItem","position":2,"name":"Loja","item":"https:\/\/www.exatron.com.br\/loja\/"},{"@type":"ListItem","position":3,"name":"Sensor de Abertura Smart"}]},{"@type":"WebSite","@id":"https:\/\/www.exatron.com.br\/#website","url":"https:\/\/www.exatron.com.br\/","name":"EXATRON","description":"","publisher":{"@id":"https:\/\/www.exatron.com.br\/#organization"},"potentialAction":[{"@type":"SearchAction","target":{"@type":"EntryPoint","urlTemplate":"https:\/\/www.exatron.com.br\/?s={search_term_string}"},"query-input":{"@type":"PropertyValueSpecification","valueRequired":true,"valueName":"search_term_string"}}],"inLanguage":"en-US"},{"@type":"Organization","@id":"https:\/\/www.exatron.com.br\/#organization","name":"EXATRON","url":"https:\/\/www.exatron.com.br\/","logo":{"@type":"ImageObject","inLanguage":"en-US","@id":"https:\/\/www.exatron.com.br\/#\/schema\/logo\/image\/","url":"https:\/\/www.exatron.com.br\/wp-content\/uploads\/2024\/11\/default-kit.png","contentUrl":"https:\/\/www.exatron.com.br\/wp-content\/uploads\/2024\/11\/default-kit.png","width":956,"height":192,"caption":"EXATRON"},"image":{"@id":"https:\/\/www.exatron.com.br\/#\/schema\/logo\/image\/"}}]}},"_links":{"self":[{"href":"https:\/\/www.exatron.com.br\/en\/wp-json\/wp\/v2\/product\/10782","targetHints":{"allow":["GET"]}}],"collection":[{"href":"https:\/\/www.exatron.com.br\/en\/wp-json\/wp\/v2\/product"}],"about":[{"href":"https:\/\/www.exatron.com.br\/en\/wp-json\/wp\/v2\/types\/product"}],"replies":[{"embeddable":true,"href":"https:\/\/www.exatron.com.br\/en\/wp-json\/wp\/v2\/comments?post=10782"}],"wp:featuredmedia":[{"embeddable":true,"href":"https:\/\/www.exatron.com.br\/en\/wp-json\/wp\/v2\/media\/10176"}],"wp:attachment":[{"href":"https:\/\/www.exatron.com.br\/en\/wp-json\/wp\/v2\/media?parent=10782"}],"wp:term":[{"taxonomy":"aplicacao","embeddable":true,"href":"https:\/\/www.exatron.com.br\/en\/wp-json\/wp\/v2\/aplicacao?post=10782"},{"taxonomy":"product_brand","embeddable":true,"href":"https:\/\/www.exatron.com.br\/en\/wp-json\/wp\/v2\/product_brand?post=10782"},{"taxonomy":"product_cat","embeddable":true,"href":"https:\/\/www.exatron.com.br\/en\/wp-json\/wp\/v2\/product_cat?post=10782"},{"taxonomy":"product_tag","embeddable":true,"href":"https:\/\/www.exatron.com.br\/en\/wp-json\/wp\/v2\/product_tag?post=10782"}],"curies":[{"name":"wp","href":"https:\/\/api.w.org\/{rel}","templated":true}]}}