{"id":10783,"date":"2025-12-08T15:08:53","date_gmt":"2025-12-08T15:08:53","guid":{"rendered":""},"modified":"2026-04-22T10:27:53","modified_gmt":"2026-04-22T13:27:53","slug":"sensor-de-presenca-frontal-smart","status":"publish","type":"product","link":"https:\/\/www.exatron.com.br\/en\/produtos\/sensor-de-presenca-frontal-smart\/","title":{"rendered":"Smart Front Presence Sensor"},"content":{"rendered":"<h3>Technical Specifications<\/h3>\n<p>\u2022 Alimenta\u00e7\u00e3o: 3V \u2013 Pilha CR123A;<\/p>\n<p>\u2022 Consumo em stand by: 20uA;<\/p>\n<p>\u2022 Tecnologia: BLE SIG Mesh 2,4GHz;<\/p>\n<p>\u2022 Criptografia: AES;<\/p>\n<p>\u2022 Dist\u00e2ncia de detec\u00e7\u00e3o a 2,1m de altura: At\u00e9 8 metros (ver mapa de detec\u00e7\u00e3o);<\/p>\n<p>\u2022 \u00c2ngulo de detec\u00e7\u00e3o: 90\u00b0C;<\/p>\n<p>\u2022\u00a0Dist\u00e2ncia m\u00e1xima do Gateway Wi-Fi\/BLE SIG Mesh: At\u00e9 10m do Gateway BLE SIG Mesh ou dispositivo com BLE SIG Mesh, sem obst\u00e1culos;<\/p>\n<p>\u2022 Instala\u00e7\u00e3o: Instala\u00e7\u00e3o direta em superf\u00edcies com parafuso e bucha;<\/p>\n<p>\u2022 Dimens\u00f5es: 50x48x48mm;<\/p>\n<p>\u2022 Temperatura de opera\u00e7\u00e3o: 0\u00b0C a 40\u00b0C;<\/p>\n<p>\u2022 Material: Resina ABS;<\/p>\n<p>\u2022 Cor: Branco.<\/p>\n<p>&nbsp;<\/p>\n<h3>Installation<\/h3>\n<p>\u2022 Configure o Sensor de Presen\u00e7a Frontal Smart pelo aplicativo myhouse X, dispon\u00edvel para download no Google Play e na App Store. Vers\u00e3o m\u00ednima do sistema operacional: iOS 11.0 \/ Android\u2122 7.0;<\/p>\n<p>\u2022 Antes de iniciar a instala\u00e7\u00e3o, verifique se o local possibilita a comunica\u00e7\u00e3o Bluetooth com o Gateway ou outro dispositivo que repete o sinal BLE SIG Mesh, o que pode ser feito utilizando o seu smartphone. Lembre-se que esse produto utiliza a tecnologia BLE SIG Mesh, portanto para testar seu funcionamento \u00e9 preciso que voc\u00ea possua um dispositivo Gateway que deve ser instalado onde existe sinal de Wi-Fi 2,4GHz;<\/p>\n<p>\u2022 O produto vem de f\u00e1brica com bateria instalada, protegida por uma pel\u00edcula pl\u00e1stica. No primeiro uso, puxe a lingueta da pel\u00edcula de prote\u00e7\u00e3o da bateria, para liberar a alimenta\u00e7\u00e3o do produto;<\/p>\n<p>\u2022 Caso esteja substituindo a bateria, abra a tampa do m\u00f3dulo sensor para inserir a bateria padr\u00e3o CR123A.<\/p>","protected":false},"excerpt":{"rendered":"<p>Revolucione e conecte espa\u00e7os com a linha myhouse X da Exatron! Mais seguran\u00e7a, qualidade e inova\u00e7\u00e3o na automa\u00e7\u00e3o de ambientes.<\/p>\n<p>O Sensor de Presen\u00e7a Frontal Smart (LSSF6100) monitora e detecta o movimento de fontes de calor como pessoas, animais e carros. Por ser um produto a bateria pode ser instalado em locais sem pontos de alimenta\u00e7\u00e3o da rede el\u00e9trica. Ao detectar o movimento envia um comando para sua rede de automa\u00e7\u00e3o, possibilitando que voc\u00ea utilize este comando para disparar cen\u00e1rios de automa\u00e7\u00e3o, ligar\/desligar produtos que est\u00e3o em sua rede e mensagens de notifica\u00e7\u00e3o em seu aplicativo.<\/p>\n<p>\u00c9 ideal para automa\u00e7\u00e3o de resid\u00eancias, pr\u00e9dios comerciais e industriais, desempenhando um papel fundamental na cria\u00e7\u00e3o de ambientes mais eficientes, convenientes e seguros.<\/p>\n<p>&nbsp;<\/p>\n<p><i>LSSF6100 | <\/i>07929-24-13636<\/p>\n<p><i>&quot;This equipment is not entitled to protection against harmful interference and may not cause interference to duly authorized systems.&quot;<\/i><\/p>\n<p><i>\u201cEste produto est\u00e1 Homologado pela ANATEL, de acordo com os procedimentos regulamentados pela Resolu\u00e7\u00e3o n\u00ba715, de 23 de outubro de 2019 e atende aos requisitos t\u00e9cnicos aplicados\u201d.<\/i><\/p>\n<p><i>&quot;For more information, please visit the Anatel website: www.gov.br\/anatel\/pt-br\/&quot;<\/i><\/p>","protected":false},"featured_media":10177,"comment_status":"open","ping_status":"closed","template":"","meta":{"_acf_changed":false,"_joinchat":[]},"aplicacao":[],"product_brand":[],"product_cat":[322,368],"product_tag":[752,596,884,646,881],"class_list":{"0":"post-10783","1":"product","2":"type-product","3":"status-publish","4":"has-post-thumbnail","6":"product_cat-myhouse-x","7":"product_cat-myhouse-x-sensor-de-presenca-smart","8":"product_tag-automacao-residencial","9":"product_tag-controle-de-iluminacao","10":"product_tag-eficiencia-energetica","11":"product_tag-sensor-infravermelho","12":"product_tag-smart-home","14":"first","15":"instock","16":"shipping-taxable","17":"purchasable","18":"product-type-simple"},"acf":[],"yoast_head":"<!-- This site is optimized with the Yoast SEO plugin v27.3 - https:\/\/yoast.com\/product\/yoast-seo-wordpress\/ -->\n<title>Sensor de Presen\u00e7a Frontal Smart - EXATRON<\/title>\n<meta name=\"description\" content=\"Sensor de presen\u00e7a frontal smart \u00e9 um dispositivo eletr\u00f4nico inteligente projetado para detectar a presen\u00e7a de pessoas ou objetos em um determinado espa\u00e7o.\" \/>\n<meta name=\"robots\" content=\"index, follow, max-snippet:-1, max-image-preview:large, max-video-preview:-1\" \/>\n<link rel=\"canonical\" href=\"https:\/\/www.exatron.com.br\/en\/produtos\/sensor-de-presenca-frontal-smart\/\" \/>\n<meta property=\"og:locale\" content=\"en_US\" \/>\n<meta property=\"og:type\" content=\"article\" \/>\n<meta property=\"og:title\" content=\"Sensor de Presen\u00e7a Frontal Smart - EXATRON\" \/>\n<meta property=\"og:description\" content=\"Sensor de presen\u00e7a frontal smart \u00e9 um dispositivo eletr\u00f4nico inteligente projetado para detectar a presen\u00e7a de pessoas ou objetos em um determinado espa\u00e7o.\" \/>\n<meta property=\"og:url\" content=\"https:\/\/www.exatron.com.br\/en\/produtos\/sensor-de-presenca-frontal-smart\/\" \/>\n<meta property=\"og:site_name\" content=\"EXATRON\" \/>\n<meta property=\"article:modified_time\" content=\"2026-04-22T13:27:53+00:00\" \/>\n<meta property=\"og:image\" content=\"https:\/\/www.exatron.com.br\/wp-content\/uploads\/2025\/12\/a8xcegci3cpkzre3uknb4t8cktrepibtscjeomdc-1.png\" \/>\n\t<meta property=\"og:image:width\" content=\"478\" \/>\n\t<meta property=\"og:image:height\" content=\"500\" \/>\n\t<meta property=\"og:image:type\" content=\"image\/png\" \/>\n<meta name=\"twitter:card\" content=\"summary_large_image\" \/>\n<meta name=\"twitter:label1\" content=\"Est. reading time\" \/>\n\t<meta name=\"twitter:data1\" content=\"2 minutes\" \/>\n<script type=\"application\/ld+json\" class=\"yoast-schema-graph\">{\"@context\":\"https:\\\/\\\/schema.org\",\"@graph\":[{\"@type\":\"WebPage\",\"@id\":\"https:\\\/\\\/www.exatron.com.br\\\/produtos\\\/sensor-de-presenca-frontal-smart\\\/\",\"url\":\"https:\\\/\\\/www.exatron.com.br\\\/produtos\\\/sensor-de-presenca-frontal-smart\\\/\",\"name\":\"Sensor de Presen\u00e7a Frontal Smart - EXATRON\",\"isPartOf\":{\"@id\":\"https:\\\/\\\/www.exatron.com.br\\\/#website\"},\"primaryImageOfPage\":{\"@id\":\"https:\\\/\\\/www.exatron.com.br\\\/produtos\\\/sensor-de-presenca-frontal-smart\\\/#primaryimage\"},\"image\":{\"@id\":\"https:\\\/\\\/www.exatron.com.br\\\/produtos\\\/sensor-de-presenca-frontal-smart\\\/#primaryimage\"},\"thumbnailUrl\":\"https:\\\/\\\/www.exatron.com.br\\\/wp-content\\\/uploads\\\/2025\\\/12\\\/a8xcegci3cpkzre3uknb4t8cktrepibtscjeomdc-1.png\",\"datePublished\":\"2025-12-08T15:08:53+00:00\",\"dateModified\":\"2026-04-22T13:27:53+00:00\",\"description\":\"Sensor de presen\u00e7a frontal smart \u00e9 um dispositivo eletr\u00f4nico inteligente projetado para detectar a presen\u00e7a de pessoas ou objetos em um determinado espa\u00e7o.\",\"breadcrumb\":{\"@id\":\"https:\\\/\\\/www.exatron.com.br\\\/produtos\\\/sensor-de-presenca-frontal-smart\\\/#breadcrumb\"},\"inLanguage\":\"en-US\",\"potentialAction\":[{\"@type\":\"ReadAction\",\"target\":[\"https:\\\/\\\/www.exatron.com.br\\\/produtos\\\/sensor-de-presenca-frontal-smart\\\/\"]}]},{\"@type\":\"ImageObject\",\"inLanguage\":\"en-US\",\"@id\":\"https:\\\/\\\/www.exatron.com.br\\\/produtos\\\/sensor-de-presenca-frontal-smart\\\/#primaryimage\",\"url\":\"https:\\\/\\\/www.exatron.com.br\\\/wp-content\\\/uploads\\\/2025\\\/12\\\/a8xcegci3cpkzre3uknb4t8cktrepibtscjeomdc-1.png\",\"contentUrl\":\"https:\\\/\\\/www.exatron.com.br\\\/wp-content\\\/uploads\\\/2025\\\/12\\\/a8xcegci3cpkzre3uknb4t8cktrepibtscjeomdc-1.png\",\"width\":478,\"height\":500,\"caption\":\"Revolucione e conecte espa\u00e7os com a linha myhouse X da Exatron! Mais seguran\u00e7a, qualidade e inova\u00e7\u00e3o na automa\u00e7\u00e3o de ambientes.\"},{\"@type\":\"BreadcrumbList\",\"@id\":\"https:\\\/\\\/www.exatron.com.br\\\/produtos\\\/sensor-de-presenca-frontal-smart\\\/#breadcrumb\",\"itemListElement\":[{\"@type\":\"ListItem\",\"position\":1,\"name\":\"In\u00edcio\",\"item\":\"https:\\\/\\\/www.exatron.com.br\\\/\"},{\"@type\":\"ListItem\",\"position\":2,\"name\":\"Loja\",\"item\":\"https:\\\/\\\/www.exatron.com.br\\\/loja\\\/\"},{\"@type\":\"ListItem\",\"position\":3,\"name\":\"Sensor de Presen\u00e7a Frontal Smart\"}]},{\"@type\":\"WebSite\",\"@id\":\"https:\\\/\\\/www.exatron.com.br\\\/#website\",\"url\":\"https:\\\/\\\/www.exatron.com.br\\\/\",\"name\":\"EXATRON\",\"description\":\"\",\"publisher\":{\"@id\":\"https:\\\/\\\/www.exatron.com.br\\\/#organization\"},\"potentialAction\":[{\"@type\":\"SearchAction\",\"target\":{\"@type\":\"EntryPoint\",\"urlTemplate\":\"https:\\\/\\\/www.exatron.com.br\\\/?s={search_term_string}\"},\"query-input\":{\"@type\":\"PropertyValueSpecification\",\"valueRequired\":true,\"valueName\":\"search_term_string\"}}],\"inLanguage\":\"en-US\"},{\"@type\":\"Organization\",\"@id\":\"https:\\\/\\\/www.exatron.com.br\\\/#organization\",\"name\":\"EXATRON\",\"url\":\"https:\\\/\\\/www.exatron.com.br\\\/\",\"logo\":{\"@type\":\"ImageObject\",\"inLanguage\":\"en-US\",\"@id\":\"https:\\\/\\\/www.exatron.com.br\\\/#\\\/schema\\\/logo\\\/image\\\/\",\"url\":\"https:\\\/\\\/www.exatron.com.br\\\/wp-content\\\/uploads\\\/2024\\\/11\\\/default-kit.png\",\"contentUrl\":\"https:\\\/\\\/www.exatron.com.br\\\/wp-content\\\/uploads\\\/2024\\\/11\\\/default-kit.png\",\"width\":956,\"height\":192,\"caption\":\"EXATRON\"},\"image\":{\"@id\":\"https:\\\/\\\/www.exatron.com.br\\\/#\\\/schema\\\/logo\\\/image\\\/\"}}]}<\/script>\n<!-- \/ Yoast SEO plugin. -->","yoast_head_json":{"title":"Sensor de Presen\u00e7a Frontal Smart - EXATRON","description":"Sensor de presen\u00e7a frontal smart \u00e9 um dispositivo eletr\u00f4nico inteligente projetado para detectar a presen\u00e7a de pessoas ou objetos em um determinado espa\u00e7o.","robots":{"index":"index","follow":"follow","max-snippet":"max-snippet:-1","max-image-preview":"max-image-preview:large","max-video-preview":"max-video-preview:-1"},"canonical":"https:\/\/www.exatron.com.br\/en\/produtos\/sensor-de-presenca-frontal-smart\/","og_locale":"en_US","og_type":"article","og_title":"Sensor de Presen\u00e7a Frontal Smart - EXATRON","og_description":"Sensor de presen\u00e7a frontal smart \u00e9 um dispositivo eletr\u00f4nico inteligente projetado para detectar a presen\u00e7a de pessoas ou objetos em um determinado espa\u00e7o.","og_url":"https:\/\/www.exatron.com.br\/en\/produtos\/sensor-de-presenca-frontal-smart\/","og_site_name":"EXATRON","article_modified_time":"2026-04-22T13:27:53+00:00","og_image":[{"width":478,"height":500,"url":"https:\/\/www.exatron.com.br\/wp-content\/uploads\/2025\/12\/a8xcegci3cpkzre3uknb4t8cktrepibtscjeomdc-1.png","type":"image\/png"}],"twitter_card":"summary_large_image","twitter_misc":{"Est. reading time":"2 minutes"},"schema":{"@context":"https:\/\/schema.org","@graph":[{"@type":"WebPage","@id":"https:\/\/www.exatron.com.br\/produtos\/sensor-de-presenca-frontal-smart\/","url":"https:\/\/www.exatron.com.br\/produtos\/sensor-de-presenca-frontal-smart\/","name":"Sensor de Presen\u00e7a Frontal Smart - EXATRON","isPartOf":{"@id":"https:\/\/www.exatron.com.br\/#website"},"primaryImageOfPage":{"@id":"https:\/\/www.exatron.com.br\/produtos\/sensor-de-presenca-frontal-smart\/#primaryimage"},"image":{"@id":"https:\/\/www.exatron.com.br\/produtos\/sensor-de-presenca-frontal-smart\/#primaryimage"},"thumbnailUrl":"https:\/\/www.exatron.com.br\/wp-content\/uploads\/2025\/12\/a8xcegci3cpkzre3uknb4t8cktrepibtscjeomdc-1.png","datePublished":"2025-12-08T15:08:53+00:00","dateModified":"2026-04-22T13:27:53+00:00","description":"Sensor de presen\u00e7a frontal smart \u00e9 um dispositivo eletr\u00f4nico inteligente projetado para detectar a presen\u00e7a de pessoas ou objetos em um determinado espa\u00e7o.","breadcrumb":{"@id":"https:\/\/www.exatron.com.br\/produtos\/sensor-de-presenca-frontal-smart\/#breadcrumb"},"inLanguage":"en-US","potentialAction":[{"@type":"ReadAction","target":["https:\/\/www.exatron.com.br\/produtos\/sensor-de-presenca-frontal-smart\/"]}]},{"@type":"ImageObject","inLanguage":"en-US","@id":"https:\/\/www.exatron.com.br\/produtos\/sensor-de-presenca-frontal-smart\/#primaryimage","url":"https:\/\/www.exatron.com.br\/wp-content\/uploads\/2025\/12\/a8xcegci3cpkzre3uknb4t8cktrepibtscjeomdc-1.png","contentUrl":"https:\/\/www.exatron.com.br\/wp-content\/uploads\/2025\/12\/a8xcegci3cpkzre3uknb4t8cktrepibtscjeomdc-1.png","width":478,"height":500,"caption":"Revolucione e conecte espa\u00e7os com a linha myhouse X da Exatron! Mais seguran\u00e7a, qualidade e inova\u00e7\u00e3o na automa\u00e7\u00e3o de ambientes."},{"@type":"BreadcrumbList","@id":"https:\/\/www.exatron.com.br\/produtos\/sensor-de-presenca-frontal-smart\/#breadcrumb","itemListElement":[{"@type":"ListItem","position":1,"name":"In\u00edcio","item":"https:\/\/www.exatron.com.br\/"},{"@type":"ListItem","position":2,"name":"Loja","item":"https:\/\/www.exatron.com.br\/loja\/"},{"@type":"ListItem","position":3,"name":"Sensor de Presen\u00e7a Frontal Smart"}]},{"@type":"WebSite","@id":"https:\/\/www.exatron.com.br\/#website","url":"https:\/\/www.exatron.com.br\/","name":"EXATRON","description":"","publisher":{"@id":"https:\/\/www.exatron.com.br\/#organization"},"potentialAction":[{"@type":"SearchAction","target":{"@type":"EntryPoint","urlTemplate":"https:\/\/www.exatron.com.br\/?s={search_term_string}"},"query-input":{"@type":"PropertyValueSpecification","valueRequired":true,"valueName":"search_term_string"}}],"inLanguage":"en-US"},{"@type":"Organization","@id":"https:\/\/www.exatron.com.br\/#organization","name":"EXATRON","url":"https:\/\/www.exatron.com.br\/","logo":{"@type":"ImageObject","inLanguage":"en-US","@id":"https:\/\/www.exatron.com.br\/#\/schema\/logo\/image\/","url":"https:\/\/www.exatron.com.br\/wp-content\/uploads\/2024\/11\/default-kit.png","contentUrl":"https:\/\/www.exatron.com.br\/wp-content\/uploads\/2024\/11\/default-kit.png","width":956,"height":192,"caption":"EXATRON"},"image":{"@id":"https:\/\/www.exatron.com.br\/#\/schema\/logo\/image\/"}}]}},"_links":{"self":[{"href":"https:\/\/www.exatron.com.br\/en\/wp-json\/wp\/v2\/product\/10783","targetHints":{"allow":["GET"]}}],"collection":[{"href":"https:\/\/www.exatron.com.br\/en\/wp-json\/wp\/v2\/product"}],"about":[{"href":"https:\/\/www.exatron.com.br\/en\/wp-json\/wp\/v2\/types\/product"}],"replies":[{"embeddable":true,"href":"https:\/\/www.exatron.com.br\/en\/wp-json\/wp\/v2\/comments?post=10783"}],"wp:featuredmedia":[{"embeddable":true,"href":"https:\/\/www.exatron.com.br\/en\/wp-json\/wp\/v2\/media\/10177"}],"wp:attachment":[{"href":"https:\/\/www.exatron.com.br\/en\/wp-json\/wp\/v2\/media?parent=10783"}],"wp:term":[{"taxonomy":"aplicacao","embeddable":true,"href":"https:\/\/www.exatron.com.br\/en\/wp-json\/wp\/v2\/aplicacao?post=10783"},{"taxonomy":"product_brand","embeddable":true,"href":"https:\/\/www.exatron.com.br\/en\/wp-json\/wp\/v2\/product_brand?post=10783"},{"taxonomy":"product_cat","embeddable":true,"href":"https:\/\/www.exatron.com.br\/en\/wp-json\/wp\/v2\/product_cat?post=10783"},{"taxonomy":"product_tag","embeddable":true,"href":"https:\/\/www.exatron.com.br\/en\/wp-json\/wp\/v2\/product_tag?post=10783"}],"curies":[{"name":"wp","href":"https:\/\/api.w.org\/{rel}","templated":true}]}}