{"id":10785,"date":"2025-12-08T15:08:54","date_gmt":"2025-12-08T15:08:54","guid":{"rendered":""},"modified":"2026-04-27T16:16:59","modified_gmt":"2026-04-27T19:16:59","slug":"rele-fotocontrolador-retardo-220v-fl-falha-ligado","status":"publish","type":"product","link":"https:\/\/www.exatron.com.br\/en\/produtos\/rele-fotocontrolador-retardo-220v-fl-falha-ligado\/","title":{"rendered":"Standard 220V Photocontroller Relay \u2013 Delay | FL (Fail-On)"},"content":{"rendered":"<h3>Technical Specifications<\/h3>\n<ul>\n<li>Tens\u00e3o: 220V;<\/li>\n<li>Operating frequency: 50\/60Hz;<\/li>\n<li>Consumo pr\u00f3prio: &lt;1W;<\/li>\n<li>Luminosidade para ligar: &lt;20 Lux;<\/li>\n<li>Luminosidade para desligar: &lt;50 Lux respeitando a rela\u00e7\u00e3o de histerese;<\/li>\n<li>Estado inicial dos contatos:\u00a0Normalmente fechado (NF);<\/li>\n<li>Modo de falha: Falha ligado (FL) \/ Fail-on;<\/li>\n<li>Modo de opera\u00e7\u00e3o: aciona a carga durante a noite e desliga durante o dia (Liga noite);<\/li>\n<li>Classifica\u00e7\u00e3o de retardo: AL (acionamento lento);<\/li>\n<li>Prote\u00e7\u00e3o contra surto*: De 4.000 at\u00e9 10.000V (1,2&#215;50\u00b5s);<\/li>\n<li>Rigidez diel\u00e9trica: \u2265 2500V @ 1 minuto;<\/li>\n<li>Filtro de ilumin\u00e2ncia: impede acionamento indevido devido a varia\u00e7\u00f5es bruscas de luminosidade como raios, laser, nuvens, etc. Tempo de retardo de 1 a 5 minutos para comuta\u00e7\u00e3o dos cantos;<\/li>\n<li>Material: Copo e base em resina polipropileno (PP) com anti-UV e terminais em lat\u00e3o estanhado;<\/li>\n<li>Grau de prote\u00e7\u00e3o: IP65;<\/li>\n<li>Garantia: 1 ano;<\/li>\n<li>Dimens\u00f5es: \u00d876&#215;54,8mm;<\/li>\n<li>Padr\u00e3o NBR5123;<\/li>\n<li>C\u00f3digo de opera\u00e7\u00e3o: T1LNFLRNAL;<\/li>\n<li>Mapa de marca\u00e7\u00e3o indel\u00e9vel do momento de retirada e coloca\u00e7\u00e3o em campo;<\/li>\n<li>Para comandar cargas acima da capacidade estipulada, utilize o rel\u00e9 em conjunto com uma Chave Comando de Grupo Exatron (de 30, 50 ou 60 amperes) dispon\u00edvel na vers\u00e3o de controle sub\/sobre tens\u00e3o;<\/li>\n<li>Acionamento t\u00e9rmico atrav\u00e9s de dispositivo mec\u00e2nico (bi met\u00e1lico);<\/li>\n<li>Rela\u00e7\u00e3o entre liga e desliga (histerese): 1, 2 a 4 vezes;<\/li>\n<li>Sensor fotoc\u00e9lula de sulfeto de c\u00e1dmio (LDR) encapsulado em resina blindada para alta durabilidade;<\/li>\n<li>Exclusivo sistema de prote\u00e7\u00e3o contra surtos de tens\u00e3o (customiz\u00e1vel);<\/li>\n<li>Temperatura de armazenamento: -30 e +60\u00b0C;<\/li>\n<li>Temperatura de opera\u00e7\u00e3o: -10 e +50\u00b0C;<\/li>\n<li>Ciclos de opera\u00e7\u00e3o: m\u00ednimo de 5000 ciclos conforme NBR5123 vigente;<\/li>\n<li>Tens\u00e3o de surto: \u00a0at\u00e9 4000V \/ 2000A;<\/li>\n<li>Cor: vinho (de acordo com norma NBR5123).<\/li>\n<li>Control power:<\/li>\n<\/ul>\n<figure class=\"table\">\n<table>\n<tbody>\n<tr>\n<td><strong>Tens\u00e3o Nominal<\/strong><\/td>\n<td><strong>Resistiva<\/strong><\/td>\n<td><strong>Indutiva<\/strong><\/td>\n<td><strong>Corrigida<\/strong><\/td>\n<td><strong>LED<\/strong><\/td>\n<\/tr>\n<tr>\n<td>220V<\/td>\n<td>1000W<\/td>\n<td>1800VA<\/td>\n<td>500VA<\/td>\n<td>300W FP&gt;0,9<\/td>\n<\/tr>\n<\/tbody>\n<\/table>\n<\/figure>\n<p>*Pode ser customizada.<\/p>\n<h3>Installation<\/h3>\n<p>Encaixe o rel\u00e9 na tomada padr\u00e3o NEMA &#8211; NBR5123 nas posi\u00e7\u00f5es correspondentes;<\/p>\n<p>Girar o rel\u00e9 no sentido hor\u00e1rio para travar.<\/p>","protected":false},"excerpt":{"rendered":"<p>O Rel\u00e9 \u00a0Fotocontrolador Standard Exatron \u00e9 ideal para o acionamento\u00a0de pontos luminosos e outras cargas. Este equipamento mant\u00e9m acesas lumin\u00e1rias na aus\u00eancia de luz natural e \u00e9 insens\u00edvel a varia\u00e7\u00f5es\u00a0bruscas de luminosidade, rel\u00e2mpagos e far\u00f3is.<\/p>\n<p>Pode ser instalado com qualquer tipo de l\u00e2mpada e seu sistema de acionamento \u00e9 tipo t\u00e9rmico.<\/p>\n<p>O produto RFR2FT \u00e9 um modelo t\u00e9rmico, monotens\u00e3o (220V), opera\u00e7\u00e3o liga noite (LN), falha ligado (FL), normalmente fechado (NF) e com acionamento lento (AL). \u00cdndice de prote\u00e7\u00e3o IP65 e material da tampa no polipropileno\u00a0(PP) com anti-UV.<\/p>","protected":false},"featured_media":15139,"comment_status":"open","ping_status":"closed","template":"","meta":{"_acf_changed":false,"_joinchat":[]},"aplicacao":[98],"product_brand":[],"product_cat":[315,342],"product_tag":[541,524,521,513,510,527,602,579,592,508,601,594,603,604],"class_list":{"0":"post-10785","1":"product","2":"type-product","3":"status-publish","4":"has-post-thumbnail","6":"aplicacao-iluminacao-externa-reles","7":"product_cat-reles-para-iluminacao","8":"product_cat-termico","9":"product_tag-220v","10":"product_tag-fail-on","11":"product_tag-falha-ligado","12":"product_tag-ip65","13":"product_tag-liga-noite","14":"product_tag-normalmente-fechado","15":"product_tag-rele-com-acionamento-termico","16":"product_tag-rele-fotocelula","17":"product_tag-rele-fotocelula-exatron","18":"product_tag-rele-fotocontrolador","19":"product_tag-rele-fotocontrolador-220v","20":"product_tag-rele-para-iluminacao-externa","21":"product_tag-retardo","22":"product_tag-standard-220v","24":"first","25":"onbackorder","26":"shipping-taxable","27":"product-type-simple"},"acf":[],"yoast_head":"<!-- This site is optimized with the Yoast SEO plugin v27.3 - https:\/\/yoast.com\/product\/yoast-seo-wordpress\/ -->\n<title>Rel\u00e9 Fotocontrolador Standard 220V \u2013 Retardo | FL (Falha Ligado) - EXATRON<\/title>\n<meta name=\"description\" content=\"Aciona pontos luminosos e outras cargas com o Rel\u00e9 Standard 220V - Retardo. Imune a varia\u00e7\u00f5es bruscas e compat\u00edvel com qualquer l\u00e2mpada.\" \/>\n<meta name=\"robots\" content=\"index, follow, max-snippet:-1, max-image-preview:large, max-video-preview:-1\" \/>\n<link rel=\"canonical\" href=\"https:\/\/www.exatron.com.br\/en\/produtos\/rele-fotocontrolador-retardo-220v-fl-falha-ligado\/\" \/>\n<meta property=\"og:locale\" content=\"en_US\" \/>\n<meta property=\"og:type\" content=\"article\" \/>\n<meta property=\"og:title\" content=\"Rel\u00e9 Fotocontrolador Standard 220V \u2013 Retardo | FL (Falha Ligado) - EXATRON\" \/>\n<meta property=\"og:description\" content=\"Aciona pontos luminosos e outras cargas com o Rel\u00e9 Standard 220V - Retardo. Imune a varia\u00e7\u00f5es bruscas e compat\u00edvel com qualquer l\u00e2mpada.\" \/>\n<meta property=\"og:url\" content=\"https:\/\/www.exatron.com.br\/en\/produtos\/rele-fotocontrolador-retardo-220v-fl-falha-ligado\/\" \/>\n<meta property=\"og:site_name\" content=\"EXATRON\" \/>\n<meta property=\"article:modified_time\" content=\"2026-04-27T19:16:59+00:00\" \/>\n<meta property=\"og:image\" content=\"https:\/\/www.exatron.com.br\/wp-content\/uploads\/rfr2ft_4.png\" \/>\n\t<meta property=\"og:image:width\" content=\"1000\" \/>\n\t<meta property=\"og:image:height\" content=\"1000\" \/>\n\t<meta property=\"og:image:type\" content=\"image\/png\" \/>\n<meta name=\"twitter:card\" content=\"summary_large_image\" \/>\n<meta name=\"twitter:label1\" content=\"Est. reading time\" \/>\n\t<meta name=\"twitter:data1\" content=\"2 minutes\" \/>\n<script type=\"application\/ld+json\" class=\"yoast-schema-graph\">{\"@context\":\"https:\\\/\\\/schema.org\",\"@graph\":[{\"@type\":\"WebPage\",\"@id\":\"https:\\\/\\\/www.exatron.com.br\\\/produtos\\\/rele-fotocontrolador-retardo-220v-fl-falha-ligado\\\/\",\"url\":\"https:\\\/\\\/www.exatron.com.br\\\/produtos\\\/rele-fotocontrolador-retardo-220v-fl-falha-ligado\\\/\",\"name\":\"Rel\u00e9 Fotocontrolador Standard 220V \u2013 Retardo | FL (Falha Ligado) - EXATRON\",\"isPartOf\":{\"@id\":\"https:\\\/\\\/www.exatron.com.br\\\/#website\"},\"primaryImageOfPage\":{\"@id\":\"https:\\\/\\\/www.exatron.com.br\\\/produtos\\\/rele-fotocontrolador-retardo-220v-fl-falha-ligado\\\/#primaryimage\"},\"image\":{\"@id\":\"https:\\\/\\\/www.exatron.com.br\\\/produtos\\\/rele-fotocontrolador-retardo-220v-fl-falha-ligado\\\/#primaryimage\"},\"thumbnailUrl\":\"https:\\\/\\\/www.exatron.com.br\\\/wp-content\\\/uploads\\\/rfr2ft_4.png\",\"datePublished\":\"2025-12-08T15:08:54+00:00\",\"dateModified\":\"2026-04-27T19:16:59+00:00\",\"description\":\"Aciona pontos luminosos e outras cargas com o Rel\u00e9 Standard 220V - Retardo. Imune a varia\u00e7\u00f5es bruscas e compat\u00edvel com qualquer l\u00e2mpada.\",\"breadcrumb\":{\"@id\":\"https:\\\/\\\/www.exatron.com.br\\\/produtos\\\/rele-fotocontrolador-retardo-220v-fl-falha-ligado\\\/#breadcrumb\"},\"inLanguage\":\"en-US\",\"potentialAction\":[{\"@type\":\"ReadAction\",\"target\":[\"https:\\\/\\\/www.exatron.com.br\\\/produtos\\\/rele-fotocontrolador-retardo-220v-fl-falha-ligado\\\/\"]}]},{\"@type\":\"ImageObject\",\"inLanguage\":\"en-US\",\"@id\":\"https:\\\/\\\/www.exatron.com.br\\\/produtos\\\/rele-fotocontrolador-retardo-220v-fl-falha-ligado\\\/#primaryimage\",\"url\":\"https:\\\/\\\/www.exatron.com.br\\\/wp-content\\\/uploads\\\/rfr2ft_4.png\",\"contentUrl\":\"https:\\\/\\\/www.exatron.com.br\\\/wp-content\\\/uploads\\\/rfr2ft_4.png\",\"width\":1000,\"height\":1000,\"caption\":\"O produto RFR2FT \u00e9 um modelo t\u00e9rmico, monotens\u00e3o (220V), opera\u00e7\u00e3o liga noite (LN), falha ligado (FL), normalmente fechado (NF) e com acionamento lento (AL). \u00cdndice de prote\u00e7\u00e3o IP65 e material da tampa no polipropileno (PP) com anti-UV.\"},{\"@type\":\"BreadcrumbList\",\"@id\":\"https:\\\/\\\/www.exatron.com.br\\\/produtos\\\/rele-fotocontrolador-retardo-220v-fl-falha-ligado\\\/#breadcrumb\",\"itemListElement\":[{\"@type\":\"ListItem\",\"position\":1,\"name\":\"In\u00edcio\",\"item\":\"https:\\\/\\\/www.exatron.com.br\\\/\"},{\"@type\":\"ListItem\",\"position\":2,\"name\":\"Loja\",\"item\":\"https:\\\/\\\/www.exatron.com.br\\\/loja\\\/\"},{\"@type\":\"ListItem\",\"position\":3,\"name\":\"Rel\u00e9 Fotocontrolador Standard 220V \u2013 Retardo | FL (Falha Ligado)\"}]},{\"@type\":\"WebSite\",\"@id\":\"https:\\\/\\\/www.exatron.com.br\\\/#website\",\"url\":\"https:\\\/\\\/www.exatron.com.br\\\/\",\"name\":\"EXATRON\",\"description\":\"\",\"publisher\":{\"@id\":\"https:\\\/\\\/www.exatron.com.br\\\/#organization\"},\"potentialAction\":[{\"@type\":\"SearchAction\",\"target\":{\"@type\":\"EntryPoint\",\"urlTemplate\":\"https:\\\/\\\/www.exatron.com.br\\\/?s={search_term_string}\"},\"query-input\":{\"@type\":\"PropertyValueSpecification\",\"valueRequired\":true,\"valueName\":\"search_term_string\"}}],\"inLanguage\":\"en-US\"},{\"@type\":\"Organization\",\"@id\":\"https:\\\/\\\/www.exatron.com.br\\\/#organization\",\"name\":\"EXATRON\",\"url\":\"https:\\\/\\\/www.exatron.com.br\\\/\",\"logo\":{\"@type\":\"ImageObject\",\"inLanguage\":\"en-US\",\"@id\":\"https:\\\/\\\/www.exatron.com.br\\\/#\\\/schema\\\/logo\\\/image\\\/\",\"url\":\"https:\\\/\\\/www.exatron.com.br\\\/wp-content\\\/uploads\\\/2024\\\/11\\\/default-kit.png\",\"contentUrl\":\"https:\\\/\\\/www.exatron.com.br\\\/wp-content\\\/uploads\\\/2024\\\/11\\\/default-kit.png\",\"width\":956,\"height\":192,\"caption\":\"EXATRON\"},\"image\":{\"@id\":\"https:\\\/\\\/www.exatron.com.br\\\/#\\\/schema\\\/logo\\\/image\\\/\"}}]}<\/script>\n<!-- \/ Yoast SEO plugin. -->","yoast_head_json":{"title":"Rel\u00e9 Fotocontrolador Standard 220V \u2013 Retardo | FL (Falha Ligado) - EXATRON","description":"Aciona pontos luminosos e outras cargas com o Rel\u00e9 Standard 220V - Retardo. Imune a varia\u00e7\u00f5es bruscas e compat\u00edvel com qualquer l\u00e2mpada.","robots":{"index":"index","follow":"follow","max-snippet":"max-snippet:-1","max-image-preview":"max-image-preview:large","max-video-preview":"max-video-preview:-1"},"canonical":"https:\/\/www.exatron.com.br\/en\/produtos\/rele-fotocontrolador-retardo-220v-fl-falha-ligado\/","og_locale":"en_US","og_type":"article","og_title":"Rel\u00e9 Fotocontrolador Standard 220V \u2013 Retardo | FL (Falha Ligado) - EXATRON","og_description":"Aciona pontos luminosos e outras cargas com o Rel\u00e9 Standard 220V - Retardo. Imune a varia\u00e7\u00f5es bruscas e compat\u00edvel com qualquer l\u00e2mpada.","og_url":"https:\/\/www.exatron.com.br\/en\/produtos\/rele-fotocontrolador-retardo-220v-fl-falha-ligado\/","og_site_name":"EXATRON","article_modified_time":"2026-04-27T19:16:59+00:00","og_image":[{"width":1000,"height":1000,"url":"https:\/\/www.exatron.com.br\/wp-content\/uploads\/rfr2ft_4.png","type":"image\/png"}],"twitter_card":"summary_large_image","twitter_misc":{"Est. reading time":"2 minutes"},"schema":{"@context":"https:\/\/schema.org","@graph":[{"@type":"WebPage","@id":"https:\/\/www.exatron.com.br\/produtos\/rele-fotocontrolador-retardo-220v-fl-falha-ligado\/","url":"https:\/\/www.exatron.com.br\/produtos\/rele-fotocontrolador-retardo-220v-fl-falha-ligado\/","name":"Rel\u00e9 Fotocontrolador Standard 220V \u2013 Retardo | FL (Falha Ligado) - EXATRON","isPartOf":{"@id":"https:\/\/www.exatron.com.br\/#website"},"primaryImageOfPage":{"@id":"https:\/\/www.exatron.com.br\/produtos\/rele-fotocontrolador-retardo-220v-fl-falha-ligado\/#primaryimage"},"image":{"@id":"https:\/\/www.exatron.com.br\/produtos\/rele-fotocontrolador-retardo-220v-fl-falha-ligado\/#primaryimage"},"thumbnailUrl":"https:\/\/www.exatron.com.br\/wp-content\/uploads\/rfr2ft_4.png","datePublished":"2025-12-08T15:08:54+00:00","dateModified":"2026-04-27T19:16:59+00:00","description":"Aciona pontos luminosos e outras cargas com o Rel\u00e9 Standard 220V - Retardo. Imune a varia\u00e7\u00f5es bruscas e compat\u00edvel com qualquer l\u00e2mpada.","breadcrumb":{"@id":"https:\/\/www.exatron.com.br\/produtos\/rele-fotocontrolador-retardo-220v-fl-falha-ligado\/#breadcrumb"},"inLanguage":"en-US","potentialAction":[{"@type":"ReadAction","target":["https:\/\/www.exatron.com.br\/produtos\/rele-fotocontrolador-retardo-220v-fl-falha-ligado\/"]}]},{"@type":"ImageObject","inLanguage":"en-US","@id":"https:\/\/www.exatron.com.br\/produtos\/rele-fotocontrolador-retardo-220v-fl-falha-ligado\/#primaryimage","url":"https:\/\/www.exatron.com.br\/wp-content\/uploads\/rfr2ft_4.png","contentUrl":"https:\/\/www.exatron.com.br\/wp-content\/uploads\/rfr2ft_4.png","width":1000,"height":1000,"caption":"O produto RFR2FT \u00e9 um modelo t\u00e9rmico, monotens\u00e3o (220V), opera\u00e7\u00e3o liga noite (LN), falha ligado (FL), normalmente fechado (NF) e com acionamento lento (AL). \u00cdndice de prote\u00e7\u00e3o IP65 e material da tampa no polipropileno (PP) com anti-UV."},{"@type":"BreadcrumbList","@id":"https:\/\/www.exatron.com.br\/produtos\/rele-fotocontrolador-retardo-220v-fl-falha-ligado\/#breadcrumb","itemListElement":[{"@type":"ListItem","position":1,"name":"In\u00edcio","item":"https:\/\/www.exatron.com.br\/"},{"@type":"ListItem","position":2,"name":"Loja","item":"https:\/\/www.exatron.com.br\/loja\/"},{"@type":"ListItem","position":3,"name":"Rel\u00e9 Fotocontrolador Standard 220V \u2013 Retardo | FL (Falha Ligado)"}]},{"@type":"WebSite","@id":"https:\/\/www.exatron.com.br\/#website","url":"https:\/\/www.exatron.com.br\/","name":"EXATRON","description":"","publisher":{"@id":"https:\/\/www.exatron.com.br\/#organization"},"potentialAction":[{"@type":"SearchAction","target":{"@type":"EntryPoint","urlTemplate":"https:\/\/www.exatron.com.br\/?s={search_term_string}"},"query-input":{"@type":"PropertyValueSpecification","valueRequired":true,"valueName":"search_term_string"}}],"inLanguage":"en-US"},{"@type":"Organization","@id":"https:\/\/www.exatron.com.br\/#organization","name":"EXATRON","url":"https:\/\/www.exatron.com.br\/","logo":{"@type":"ImageObject","inLanguage":"en-US","@id":"https:\/\/www.exatron.com.br\/#\/schema\/logo\/image\/","url":"https:\/\/www.exatron.com.br\/wp-content\/uploads\/2024\/11\/default-kit.png","contentUrl":"https:\/\/www.exatron.com.br\/wp-content\/uploads\/2024\/11\/default-kit.png","width":956,"height":192,"caption":"EXATRON"},"image":{"@id":"https:\/\/www.exatron.com.br\/#\/schema\/logo\/image\/"}}]}},"_links":{"self":[{"href":"https:\/\/www.exatron.com.br\/en\/wp-json\/wp\/v2\/product\/10785","targetHints":{"allow":["GET"]}}],"collection":[{"href":"https:\/\/www.exatron.com.br\/en\/wp-json\/wp\/v2\/product"}],"about":[{"href":"https:\/\/www.exatron.com.br\/en\/wp-json\/wp\/v2\/types\/product"}],"replies":[{"embeddable":true,"href":"https:\/\/www.exatron.com.br\/en\/wp-json\/wp\/v2\/comments?post=10785"}],"wp:featuredmedia":[{"embeddable":true,"href":"https:\/\/www.exatron.com.br\/en\/wp-json\/wp\/v2\/media\/15139"}],"wp:attachment":[{"href":"https:\/\/www.exatron.com.br\/en\/wp-json\/wp\/v2\/media?parent=10785"}],"wp:term":[{"taxonomy":"aplicacao","embeddable":true,"href":"https:\/\/www.exatron.com.br\/en\/wp-json\/wp\/v2\/aplicacao?post=10785"},{"taxonomy":"product_brand","embeddable":true,"href":"https:\/\/www.exatron.com.br\/en\/wp-json\/wp\/v2\/product_brand?post=10785"},{"taxonomy":"product_cat","embeddable":true,"href":"https:\/\/www.exatron.com.br\/en\/wp-json\/wp\/v2\/product_cat?post=10785"},{"taxonomy":"product_tag","embeddable":true,"href":"https:\/\/www.exatron.com.br\/en\/wp-json\/wp\/v2\/product_tag?post=10785"}],"curies":[{"name":"wp","href":"https:\/\/api.w.org\/{rel}","templated":true}]}}