{"id":13091,"date":"2026-02-23T13:21:54","date_gmt":"2026-02-23T16:21:54","guid":{"rendered":"https:\/\/exatron.com.br\/?post_type=product&#038;p=13091"},"modified":"2026-04-23T16:52:12","modified_gmt":"2026-04-23T19:52:12","slug":"rele-compacto-smart-x-control-bivolt","status":"publish","type":"product","link":"https:\/\/www.exatron.com.br\/en\/produtos\/rele-compacto-smart-x-control-bivolt\/","title":{"rendered":"Smart X-Control 2.0 Compact Relay"},"content":{"rendered":"<h3>Technical Specifications:<\/h3>\n<ul>\n<li>Voltage: 100-240V~;<\/li>\n<li>Operating frequency: 50\/60Hz;<\/li>\n<li>Power consumption: &lt;0.4W;<\/li>\n<li>Technology: Microcontroller-based and comes pre-configured from the factory. Its settings can be changed via the Smart X-Control app;<\/li>\n<li>Initial state of the contacts: Normally open (NO);<\/li>\n<li>Material: Polypropylene (PP) resin and electronic components;<\/li>\n<li>Timer function: Automatic, 1, 2, 3, 4, 5, 6, 7, 8, 9, 10, 11, 12 hours;<\/li>\n<li>Automatic function (AUTO): turns the light on when it gets dark and turns it off automatically when there is natural light;<\/li>\n<li>Photocell adjustment: at night, at dusk and at dusk;<\/li>\n<li>Random function: turns the light on and off randomly in the absence of natural light, varying between 10 minutes and 3 hours and 40 minutes.<\/li>\n<li>Reset function: Returns the product settings to factory defaults;<\/li>\n<li>Lamp-friendly: load activation system with low electrical voltage &lt;50V, increasing the lifespan of the assembly (load and relay);<\/li>\n<li>Protection rating: IP67;<\/li>\n<li>Warranty: 2 years;<\/li>\n<li>Dimensions: 54\u00d750.8x26mm;<\/li>\n<li>Time filter: double delay that prevents unintended activations due to sudden changes in brightness such as lightning, lasers, clouds, etc. Between 2 and 5 seconds to turn on or off;<\/li>\n<li>Operating temperature: -5\u00b0C to +50\u00b0C;<\/li>\n<li>It has a removable mounting bracket;<\/li>\n<li>Control power:<\/li>\n<\/ul>\n<table>\n<tbody>\n<tr>\n<td><strong>Voltage<\/strong><\/td>\n<td><strong>Electronics\/LED<\/strong><\/td>\n<td><strong>Halogen<\/strong><\/td>\n<\/tr>\n<tr>\n<td>220V<\/td>\n<td>300W<\/td>\n<td>1000W<\/td>\n<\/tr>\n<tr>\n<td>127V<\/td>\n<td>200W<\/td>\n<td>1000W<\/td>\n<\/tr>\n<tr>\n<td colspan=\"3\">THD&lt;20% and FP&gt;0.90<\/td>\n<\/tr>\n<\/tbody>\n<\/table>\n<h3>Installation:<\/h3>\n<div class=\"install-description\">\n<p>There is no need to open the relay or use tools to perform the programming.<\/p>\n<p>Install the relay so that the sensor is exposed to natural daylight and is not affected by other nearby lamps.<\/p>\n<\/div>","protected":false},"excerpt":{"rendered":"<p>Take your lighting automation to the next level with the Smart X-Control Compact Relay. Equipped with exclusive technology.\u00a0<strong>Smart X-Control<\/strong>This compact relay allows you to customize its operation directly from your smartphone.<\/p>\n<p>Download the Smart X-Control app (available for iOS and Android) and precisely configure the activation times and sensitivity. It&#039;s the perfect solution for residential, commercial, and condominium projects that demand technology, versatility, and efficiency.<\/p>","protected":false},"featured_media":14841,"comment_status":"closed","ping_status":"closed","template":"","meta":{"_acf_changed":false,"_joinchat":[]},"aplicacao":[98],"product_brand":[],"product_cat":[993,315,387],"product_tag":[546,545,525,528,512,526,544,523,547],"class_list":{"0":"post-13091","1":"product","2":"type-product","3":"status-publish","4":"has-post-thumbnail","6":"aplicacao-iluminacao-externa-reles","7":"product_cat-lancamentos","8":"product_cat-reles-para-iluminacao","9":"product_cat-smart-x-control-5","10":"product_tag-fotoeletronico","11":"product_tag-iluminacao","12":"product_tag-iluminacao-externa","13":"product_tag-ip67","14":"product_tag-normalmente-aberto","15":"product_tag-rele","16":"product_tag-rele-compacto","17":"product_tag-rele-para-iluminacao","18":"product_tag-smart-x-control","20":"first","21":"instock","22":"shipping-taxable","23":"purchasable","24":"product-type-variable","25":"has-default-attributes"},"acf":[],"yoast_head":"<!-- This site is optimized with the Yoast SEO plugin v27.3 - https:\/\/yoast.com\/product\/yoast-seo-wordpress\/ -->\n<title>Rel\u00e9 Compacto Smart X-Control 2.0 - EXATRON<\/title>\n<meta name=\"description\" content=\"LERL4001XC2 - Rel\u00e9 Compacto Smart X-Control 2.0 - Configure via app com o Rel\u00e9 Compacto Smart. Ideal para ilumina\u00e7\u00e3o externa. Efici\u00eancia e praticidade.\" \/>\n<meta name=\"robots\" content=\"index, follow, max-snippet:-1, max-image-preview:large, max-video-preview:-1\" \/>\n<link rel=\"canonical\" href=\"https:\/\/www.exatron.com.br\/en\/produtos\/rele-compacto-smart-x-control-bivolt\/\" \/>\n<meta property=\"og:locale\" content=\"en_US\" \/>\n<meta property=\"og:type\" content=\"article\" \/>\n<meta property=\"og:title\" content=\"Rel\u00e9 Compacto Smart X-Control 2.0 - EXATRON\" \/>\n<meta property=\"og:description\" content=\"LERL4001XC2 - Rel\u00e9 Compacto Smart X-Control 2.0 - Configure via app com o Rel\u00e9 Compacto Smart. Ideal para ilumina\u00e7\u00e3o externa. Efici\u00eancia e praticidade.\" \/>\n<meta property=\"og:url\" content=\"https:\/\/www.exatron.com.br\/en\/produtos\/rele-compacto-smart-x-control-bivolt\/\" \/>\n<meta property=\"og:site_name\" content=\"EXATRON\" \/>\n<meta property=\"article:modified_time\" content=\"2026-04-23T19:52:12+00:00\" \/>\n<meta property=\"og:image\" content=\"https:\/\/www.exatron.com.br\/wp-content\/uploads\/lerl4001xc2pt_2.png\" \/>\n\t<meta property=\"og:image:width\" content=\"1000\" \/>\n\t<meta property=\"og:image:height\" content=\"1000\" \/>\n\t<meta property=\"og:image:type\" content=\"image\/png\" \/>\n<meta name=\"twitter:card\" content=\"summary_large_image\" \/>\n<meta name=\"twitter:label1\" content=\"Est. reading time\" \/>\n\t<meta name=\"twitter:data1\" content=\"2 minutes\" \/>\n<script type=\"application\/ld+json\" class=\"yoast-schema-graph\">{\"@context\":\"https:\\\/\\\/schema.org\",\"@graph\":[{\"@type\":\"WebPage\",\"@id\":\"https:\\\/\\\/www.exatron.com.br\\\/produtos\\\/rele-compacto-smart-x-control-bivolt\\\/\",\"url\":\"https:\\\/\\\/www.exatron.com.br\\\/produtos\\\/rele-compacto-smart-x-control-bivolt\\\/\",\"name\":\"Rel\u00e9 Compacto Smart X-Control 2.0 - EXATRON\",\"isPartOf\":{\"@id\":\"https:\\\/\\\/www.exatron.com.br\\\/#website\"},\"primaryImageOfPage\":{\"@id\":\"https:\\\/\\\/www.exatron.com.br\\\/produtos\\\/rele-compacto-smart-x-control-bivolt\\\/#primaryimage\"},\"image\":{\"@id\":\"https:\\\/\\\/www.exatron.com.br\\\/produtos\\\/rele-compacto-smart-x-control-bivolt\\\/#primaryimage\"},\"thumbnailUrl\":\"https:\\\/\\\/www.exatron.com.br\\\/wp-content\\\/uploads\\\/lerl4001xc2pt_2.png\",\"datePublished\":\"2026-02-23T16:21:54+00:00\",\"dateModified\":\"2026-04-23T19:52:12+00:00\",\"description\":\"LERL4001XC2 - Rel\u00e9 Compacto Smart X-Control 2.0 - Configure via app com o Rel\u00e9 Compacto Smart. Ideal para ilumina\u00e7\u00e3o externa. Efici\u00eancia e praticidade.\",\"breadcrumb\":{\"@id\":\"https:\\\/\\\/www.exatron.com.br\\\/produtos\\\/rele-compacto-smart-x-control-bivolt\\\/#breadcrumb\"},\"inLanguage\":\"en-US\",\"potentialAction\":[{\"@type\":\"ReadAction\",\"target\":[\"https:\\\/\\\/www.exatron.com.br\\\/produtos\\\/rele-compacto-smart-x-control-bivolt\\\/\"]}]},{\"@type\":\"ImageObject\",\"inLanguage\":\"en-US\",\"@id\":\"https:\\\/\\\/www.exatron.com.br\\\/produtos\\\/rele-compacto-smart-x-control-bivolt\\\/#primaryimage\",\"url\":\"https:\\\/\\\/www.exatron.com.br\\\/wp-content\\\/uploads\\\/lerl4001xc2pt_2.png\",\"contentUrl\":\"https:\\\/\\\/www.exatron.com.br\\\/wp-content\\\/uploads\\\/lerl4001xc2pt_2.png\",\"width\":1000,\"height\":1000,\"caption\":\"Leve a automa\u00e7\u00e3o da sua ilumina\u00e7\u00e3o para o pr\u00f3ximo n\u00edvel com o Rel\u00e9 Compacto Smart X-Control. Equipado com a exclusiva tecnologia Smart X-Control, este rel\u00e9 compacto permite que voc\u00ea personalize seu funcionamento diretamente pelo smartphone.\"},{\"@type\":\"BreadcrumbList\",\"@id\":\"https:\\\/\\\/www.exatron.com.br\\\/produtos\\\/rele-compacto-smart-x-control-bivolt\\\/#breadcrumb\",\"itemListElement\":[{\"@type\":\"ListItem\",\"position\":1,\"name\":\"In\u00edcio\",\"item\":\"https:\\\/\\\/www.exatron.com.br\\\/\"},{\"@type\":\"ListItem\",\"position\":2,\"name\":\"Loja\",\"item\":\"https:\\\/\\\/www.exatron.com.br\\\/loja\\\/\"},{\"@type\":\"ListItem\",\"position\":3,\"name\":\"Rel\u00e9 Compacto Smart X-Control 2.0\"}]},{\"@type\":\"WebSite\",\"@id\":\"https:\\\/\\\/www.exatron.com.br\\\/#website\",\"url\":\"https:\\\/\\\/www.exatron.com.br\\\/\",\"name\":\"EXATRON\",\"description\":\"\",\"publisher\":{\"@id\":\"https:\\\/\\\/www.exatron.com.br\\\/#organization\"},\"potentialAction\":[{\"@type\":\"SearchAction\",\"target\":{\"@type\":\"EntryPoint\",\"urlTemplate\":\"https:\\\/\\\/www.exatron.com.br\\\/?s={search_term_string}\"},\"query-input\":{\"@type\":\"PropertyValueSpecification\",\"valueRequired\":true,\"valueName\":\"search_term_string\"}}],\"inLanguage\":\"en-US\"},{\"@type\":\"Organization\",\"@id\":\"https:\\\/\\\/www.exatron.com.br\\\/#organization\",\"name\":\"EXATRON\",\"url\":\"https:\\\/\\\/www.exatron.com.br\\\/\",\"logo\":{\"@type\":\"ImageObject\",\"inLanguage\":\"en-US\",\"@id\":\"https:\\\/\\\/www.exatron.com.br\\\/#\\\/schema\\\/logo\\\/image\\\/\",\"url\":\"https:\\\/\\\/www.exatron.com.br\\\/wp-content\\\/uploads\\\/2024\\\/11\\\/default-kit.png\",\"contentUrl\":\"https:\\\/\\\/www.exatron.com.br\\\/wp-content\\\/uploads\\\/2024\\\/11\\\/default-kit.png\",\"width\":956,\"height\":192,\"caption\":\"EXATRON\"},\"image\":{\"@id\":\"https:\\\/\\\/www.exatron.com.br\\\/#\\\/schema\\\/logo\\\/image\\\/\"}}]}<\/script>\n<!-- \/ Yoast SEO plugin. -->","yoast_head_json":{"title":"Rel\u00e9 Compacto Smart X-Control 2.0 - EXATRON","description":"LERL4001XC2 - Rel\u00e9 Compacto Smart X-Control 2.0 - Configure via app com o Rel\u00e9 Compacto Smart. Ideal para ilumina\u00e7\u00e3o externa. Efici\u00eancia e praticidade.","robots":{"index":"index","follow":"follow","max-snippet":"max-snippet:-1","max-image-preview":"max-image-preview:large","max-video-preview":"max-video-preview:-1"},"canonical":"https:\/\/www.exatron.com.br\/en\/produtos\/rele-compacto-smart-x-control-bivolt\/","og_locale":"en_US","og_type":"article","og_title":"Rel\u00e9 Compacto Smart X-Control 2.0 - EXATRON","og_description":"LERL4001XC2 - Rel\u00e9 Compacto Smart X-Control 2.0 - Configure via app com o Rel\u00e9 Compacto Smart. Ideal para ilumina\u00e7\u00e3o externa. Efici\u00eancia e praticidade.","og_url":"https:\/\/www.exatron.com.br\/en\/produtos\/rele-compacto-smart-x-control-bivolt\/","og_site_name":"EXATRON","article_modified_time":"2026-04-23T19:52:12+00:00","og_image":[{"width":1000,"height":1000,"url":"https:\/\/www.exatron.com.br\/wp-content\/uploads\/lerl4001xc2pt_2.png","type":"image\/png"}],"twitter_card":"summary_large_image","twitter_misc":{"Est. reading time":"2 minutes"},"schema":{"@context":"https:\/\/schema.org","@graph":[{"@type":"WebPage","@id":"https:\/\/www.exatron.com.br\/produtos\/rele-compacto-smart-x-control-bivolt\/","url":"https:\/\/www.exatron.com.br\/produtos\/rele-compacto-smart-x-control-bivolt\/","name":"Rel\u00e9 Compacto Smart X-Control 2.0 - EXATRON","isPartOf":{"@id":"https:\/\/www.exatron.com.br\/#website"},"primaryImageOfPage":{"@id":"https:\/\/www.exatron.com.br\/produtos\/rele-compacto-smart-x-control-bivolt\/#primaryimage"},"image":{"@id":"https:\/\/www.exatron.com.br\/produtos\/rele-compacto-smart-x-control-bivolt\/#primaryimage"},"thumbnailUrl":"https:\/\/www.exatron.com.br\/wp-content\/uploads\/lerl4001xc2pt_2.png","datePublished":"2026-02-23T16:21:54+00:00","dateModified":"2026-04-23T19:52:12+00:00","description":"LERL4001XC2 - Rel\u00e9 Compacto Smart X-Control 2.0 - Configure via app com o Rel\u00e9 Compacto Smart. Ideal para ilumina\u00e7\u00e3o externa. Efici\u00eancia e praticidade.","breadcrumb":{"@id":"https:\/\/www.exatron.com.br\/produtos\/rele-compacto-smart-x-control-bivolt\/#breadcrumb"},"inLanguage":"en-US","potentialAction":[{"@type":"ReadAction","target":["https:\/\/www.exatron.com.br\/produtos\/rele-compacto-smart-x-control-bivolt\/"]}]},{"@type":"ImageObject","inLanguage":"en-US","@id":"https:\/\/www.exatron.com.br\/produtos\/rele-compacto-smart-x-control-bivolt\/#primaryimage","url":"https:\/\/www.exatron.com.br\/wp-content\/uploads\/lerl4001xc2pt_2.png","contentUrl":"https:\/\/www.exatron.com.br\/wp-content\/uploads\/lerl4001xc2pt_2.png","width":1000,"height":1000,"caption":"Leve a automa\u00e7\u00e3o da sua ilumina\u00e7\u00e3o para o pr\u00f3ximo n\u00edvel com o Rel\u00e9 Compacto Smart X-Control. Equipado com a exclusiva tecnologia Smart X-Control, este rel\u00e9 compacto permite que voc\u00ea personalize seu funcionamento diretamente pelo smartphone."},{"@type":"BreadcrumbList","@id":"https:\/\/www.exatron.com.br\/produtos\/rele-compacto-smart-x-control-bivolt\/#breadcrumb","itemListElement":[{"@type":"ListItem","position":1,"name":"In\u00edcio","item":"https:\/\/www.exatron.com.br\/"},{"@type":"ListItem","position":2,"name":"Loja","item":"https:\/\/www.exatron.com.br\/loja\/"},{"@type":"ListItem","position":3,"name":"Rel\u00e9 Compacto Smart X-Control 2.0"}]},{"@type":"WebSite","@id":"https:\/\/www.exatron.com.br\/#website","url":"https:\/\/www.exatron.com.br\/","name":"EXATRON","description":"","publisher":{"@id":"https:\/\/www.exatron.com.br\/#organization"},"potentialAction":[{"@type":"SearchAction","target":{"@type":"EntryPoint","urlTemplate":"https:\/\/www.exatron.com.br\/?s={search_term_string}"},"query-input":{"@type":"PropertyValueSpecification","valueRequired":true,"valueName":"search_term_string"}}],"inLanguage":"en-US"},{"@type":"Organization","@id":"https:\/\/www.exatron.com.br\/#organization","name":"EXATRON","url":"https:\/\/www.exatron.com.br\/","logo":{"@type":"ImageObject","inLanguage":"en-US","@id":"https:\/\/www.exatron.com.br\/#\/schema\/logo\/image\/","url":"https:\/\/www.exatron.com.br\/wp-content\/uploads\/2024\/11\/default-kit.png","contentUrl":"https:\/\/www.exatron.com.br\/wp-content\/uploads\/2024\/11\/default-kit.png","width":956,"height":192,"caption":"EXATRON"},"image":{"@id":"https:\/\/www.exatron.com.br\/#\/schema\/logo\/image\/"}}]}},"_links":{"self":[{"href":"https:\/\/www.exatron.com.br\/en\/wp-json\/wp\/v2\/product\/13091","targetHints":{"allow":["GET"]}}],"collection":[{"href":"https:\/\/www.exatron.com.br\/en\/wp-json\/wp\/v2\/product"}],"about":[{"href":"https:\/\/www.exatron.com.br\/en\/wp-json\/wp\/v2\/types\/product"}],"replies":[{"embeddable":true,"href":"https:\/\/www.exatron.com.br\/en\/wp-json\/wp\/v2\/comments?post=13091"}],"wp:featuredmedia":[{"embeddable":true,"href":"https:\/\/www.exatron.com.br\/en\/wp-json\/wp\/v2\/media\/14841"}],"wp:attachment":[{"href":"https:\/\/www.exatron.com.br\/en\/wp-json\/wp\/v2\/media?parent=13091"}],"wp:term":[{"taxonomy":"aplicacao","embeddable":true,"href":"https:\/\/www.exatron.com.br\/en\/wp-json\/wp\/v2\/aplicacao?post=13091"},{"taxonomy":"product_brand","embeddable":true,"href":"https:\/\/www.exatron.com.br\/en\/wp-json\/wp\/v2\/product_brand?post=13091"},{"taxonomy":"product_cat","embeddable":true,"href":"https:\/\/www.exatron.com.br\/en\/wp-json\/wp\/v2\/product_cat?post=13091"},{"taxonomy":"product_tag","embeddable":true,"href":"https:\/\/www.exatron.com.br\/en\/wp-json\/wp\/v2\/product_tag?post=13091"}],"curies":[{"name":"wp","href":"https:\/\/api.w.org\/{rel}","templated":true}]}}