{"id":13117,"date":"2026-02-24T13:25:47","date_gmt":"2026-02-24T16:25:47","guid":{"rendered":"https:\/\/exatron.com.br\/?post_type=product&#038;p=13117"},"modified":"2026-04-23T17:04:02","modified_gmt":"2026-04-23T20:04:02","slug":"rele-fotosoquete-e27-smart-x-control2-bivolt","status":"publish","type":"product","link":"https:\/\/www.exatron.com.br\/en\/produtos\/rele-fotosoquete-e27-smart-x-control2-bivolt\/","title":{"rendered":"Photosocket Relay E27 Smart X-Control 2.0"},"content":{"rendered":"<h3>Technical Specifications<\/h3>\n<ul>\n<li>Voltage: 100~240V;<\/li>\n<li>Operating frequency: 50\/60Hz;<\/li>\n<li>Power consumption: &lt;0.4W;<\/li>\n<li>Technology: Microprocessor-controlled and comes pre-configured from the factory. Its functions can be altered using Smart X-Control technology, configured via the Smart X-Control app;<\/li>\n<li>Configura\u00e7\u00e3o de f\u00e1brica:\u00a0Tempo: autom\u00e1tico, Fotoc\u00e9lula: m\u00ednima e Fun\u00e7\u00e3o Random: desativada;<\/li>\n<li>Components: plastics, electronics, and metal alloys;<\/li>\n<li>Insensitive to sudden changes in brightness (headlights, lightning, laser pointers, etc.);<\/li>\n<li>Timer function: Automatic, 1, 2, 3, 4, 5, 6, 7, 8, 9, 10, 11, 12 hours;<\/li>\n<li>Automatic function (AUTO): turns the light on when it gets dark and turns it off automatically when there is natural light;<\/li>\n<li>It has a red LED to confirm successful recording of the configured parameters;<\/li>\n<li>Photocell setting: Minimum (at night) to Maximum (at dusk);<\/li>\n<li>Random function: turns the light on and off randomly in the absence of natural light, varying between 10 minutes and 3 hours and 40 minutes.<\/li>\n<li>Reset function: Returns the product settings to factory defaults;<\/li>\n<li>Lamp-friendly: load activation system with low electrical voltage &lt;50V, increasing the lifespan of the assembly (lamps, ballast and sensor);<\/li>\n<li>Exclusive intelligent light learning system: prevents the flickering effect;<\/li>\n<li>Electrical connection: Directly into the E27 socket of the light bulbs;<\/li>\n<li>It features a unique 340\u00ba rotating base, allowing you to direct the photocell window towards the side with the greatest incidence of natural sunlight for optimal performance;<\/li>\n<li>Operating temperature: -5\u00b0C to +40\u00b0C;<\/li>\n<li>Protection rating: IP30 (should not be installed in locations exposed to rain or moisture);<\/li>\n<li>Warranty: 2 years;<\/li>\n<li>Dimensions: \u00d849.3\u00d782.1mm;<\/li>\n<li>Control power:<\/li>\n<\/ul>\n<figure class=\"table\">\n<table>\n<tbody>\n<tr>\n<td><strong>Voltage<\/strong><\/td>\n<td><strong>Lamp position<\/strong><\/td>\n<td><strong>Electronics\/LED\/Halogen<\/strong><\/td>\n<\/tr>\n<tr>\n<td rowspan=\"2\">127\/220V~<\/td>\n<td>Upside down or horizontal<\/td>\n<td>60W<\/td>\n<\/tr>\n<tr>\n<td>Virada para baixo<\/td>\n<td>40W<\/td>\n<\/tr>\n<tr>\n<td colspan=\"3\">THD&lt;20% and FP&gt;0.90<\/td>\n<\/tr>\n<\/tbody>\n<\/table>\n<\/figure>\n<h3>Installation<\/h3>\n<p>There is no need to open the relay or use tools to program it. To install the photocell relay, simply screw it into an E27 socket. Then, direct the photocell towards the location with the highest incidence of natural light.<\/p>","protected":false},"excerpt":{"rendered":"<p>Automatic and intelligent lighting without complications. The Smart X-Control Photosocket Relay turns the light on at dusk and off at dawn. Want more? Easily customize everything with the Smart X-Control app on your phone. Install in minutes and enjoy greater comfort and safety.<\/p>","protected":false},"featured_media":14855,"comment_status":"closed","ping_status":"closed","template":"","meta":{"_acf_changed":false,"_joinchat":[]},"aplicacao":[],"product_brand":[],"product_cat":[343,993,315,387],"product_tag":[608,614,610,523,613],"class_list":{"0":"post-13117","1":"product","2":"type-product","3":"status-publish","4":"has-post-thumbnail","6":"product_cat-fotosoquete","7":"product_cat-lancamentos","8":"product_cat-reles-para-iluminacao","9":"product_cat-smart-x-control-5","10":"product_tag-bivolt-automatico","11":"product_tag-rele-e27","12":"product_tag-rele-fotosoquete","13":"product_tag-rele-para-iluminacao","14":"product_tag-rele-smart-x-control","16":"first","17":"instock","18":"shipping-taxable","19":"purchasable","20":"product-type-simple"},"acf":[],"yoast_head":"<!-- This site is optimized with the Yoast SEO plugin v27.3 - https:\/\/yoast.com\/product\/yoast-seo-wordpress\/ -->\n<title>Rel\u00e9 Fotosoquete E27 Smart X-Control 2.0 - EXATRON<\/title>\n<meta name=\"description\" content=\"Acionamento autom\u00e1tico ao escurecer, timer e fun\u00e7\u00e3o random. Configura\u00e7\u00e3o pelo app, base girat\u00f3ria 340\u00b0 e instala\u00e7\u00e3o f\u00e1cil. Confira j\u00e1!\" \/>\n<meta name=\"robots\" content=\"index, follow, max-snippet:-1, max-image-preview:large, max-video-preview:-1\" \/>\n<link rel=\"canonical\" href=\"https:\/\/www.exatron.com.br\/en\/produtos\/rele-fotosoquete-e27-smart-x-control2-bivolt\/\" \/>\n<meta property=\"og:locale\" content=\"en_US\" \/>\n<meta property=\"og:type\" content=\"article\" \/>\n<meta property=\"og:title\" content=\"Rel\u00e9 Fotosoquete E27 Smart X-Control 2.0 - EXATRON\" \/>\n<meta property=\"og:description\" content=\"Acionamento autom\u00e1tico ao escurecer, timer e fun\u00e7\u00e3o random. Configura\u00e7\u00e3o pelo app, base girat\u00f3ria 340\u00b0 e instala\u00e7\u00e3o f\u00e1cil. Confira j\u00e1!\" \/>\n<meta property=\"og:url\" content=\"https:\/\/www.exatron.com.br\/en\/produtos\/rele-fotosoquete-e27-smart-x-control2-bivolt\/\" \/>\n<meta property=\"og:site_name\" content=\"EXATRON\" \/>\n<meta property=\"article:modified_time\" content=\"2026-04-23T20:04:02+00:00\" \/>\n<meta property=\"og:image\" content=\"https:\/\/www.exatron.com.br\/wp-content\/uploads\/fts0mpxc2bc-01.png\" \/>\n\t<meta property=\"og:image:width\" content=\"1024\" \/>\n\t<meta property=\"og:image:height\" content=\"1024\" \/>\n\t<meta property=\"og:image:type\" content=\"image\/png\" \/>\n<meta name=\"twitter:card\" content=\"summary_large_image\" \/>\n<meta name=\"twitter:label1\" content=\"Est. reading time\" \/>\n\t<meta name=\"twitter:data1\" content=\"2 minutes\" \/>\n<script type=\"application\/ld+json\" class=\"yoast-schema-graph\">{\"@context\":\"https:\\\/\\\/schema.org\",\"@graph\":[{\"@type\":\"WebPage\",\"@id\":\"https:\\\/\\\/www.exatron.com.br\\\/produtos\\\/rele-fotosoquete-e27-smart-x-control2-bivolt\\\/\",\"url\":\"https:\\\/\\\/www.exatron.com.br\\\/produtos\\\/rele-fotosoquete-e27-smart-x-control2-bivolt\\\/\",\"name\":\"Rel\u00e9 Fotosoquete E27 Smart X-Control 2.0 - EXATRON\",\"isPartOf\":{\"@id\":\"https:\\\/\\\/www.exatron.com.br\\\/#website\"},\"primaryImageOfPage\":{\"@id\":\"https:\\\/\\\/www.exatron.com.br\\\/produtos\\\/rele-fotosoquete-e27-smart-x-control2-bivolt\\\/#primaryimage\"},\"image\":{\"@id\":\"https:\\\/\\\/www.exatron.com.br\\\/produtos\\\/rele-fotosoquete-e27-smart-x-control2-bivolt\\\/#primaryimage\"},\"thumbnailUrl\":\"https:\\\/\\\/www.exatron.com.br\\\/wp-content\\\/uploads\\\/fts0mpxc2bc-01.png\",\"datePublished\":\"2026-02-24T16:25:47+00:00\",\"dateModified\":\"2026-04-23T20:04:02+00:00\",\"description\":\"Acionamento autom\u00e1tico ao escurecer, timer e fun\u00e7\u00e3o random. Configura\u00e7\u00e3o pelo app, base girat\u00f3ria 340\u00b0 e instala\u00e7\u00e3o f\u00e1cil. Confira j\u00e1!\",\"breadcrumb\":{\"@id\":\"https:\\\/\\\/www.exatron.com.br\\\/produtos\\\/rele-fotosoquete-e27-smart-x-control2-bivolt\\\/#breadcrumb\"},\"inLanguage\":\"en-US\",\"potentialAction\":[{\"@type\":\"ReadAction\",\"target\":[\"https:\\\/\\\/www.exatron.com.br\\\/produtos\\\/rele-fotosoquete-e27-smart-x-control2-bivolt\\\/\"]}]},{\"@type\":\"ImageObject\",\"inLanguage\":\"en-US\",\"@id\":\"https:\\\/\\\/www.exatron.com.br\\\/produtos\\\/rele-fotosoquete-e27-smart-x-control2-bivolt\\\/#primaryimage\",\"url\":\"https:\\\/\\\/www.exatron.com.br\\\/wp-content\\\/uploads\\\/fts0mpxc2bc-01.png\",\"contentUrl\":\"https:\\\/\\\/www.exatron.com.br\\\/wp-content\\\/uploads\\\/fts0mpxc2bc-01.png\",\"width\":1024,\"height\":1024,\"caption\":\"Ilumina\u00e7\u00e3o autom\u00e1tica e inteligente sem complica\u00e7\u00e3o. O Rel\u00e9 Fotosoquete Smart X-Control liga a luz ao escurecer e desliga ao clarear.\"},{\"@type\":\"BreadcrumbList\",\"@id\":\"https:\\\/\\\/www.exatron.com.br\\\/produtos\\\/rele-fotosoquete-e27-smart-x-control2-bivolt\\\/#breadcrumb\",\"itemListElement\":[{\"@type\":\"ListItem\",\"position\":1,\"name\":\"In\u00edcio\",\"item\":\"https:\\\/\\\/www.exatron.com.br\\\/\"},{\"@type\":\"ListItem\",\"position\":2,\"name\":\"Loja\",\"item\":\"https:\\\/\\\/www.exatron.com.br\\\/loja\\\/\"},{\"@type\":\"ListItem\",\"position\":3,\"name\":\"Rel\u00e9 Fotosoquete E27 Smart X-Control 2.0\"}]},{\"@type\":\"WebSite\",\"@id\":\"https:\\\/\\\/www.exatron.com.br\\\/#website\",\"url\":\"https:\\\/\\\/www.exatron.com.br\\\/\",\"name\":\"EXATRON\",\"description\":\"\",\"publisher\":{\"@id\":\"https:\\\/\\\/www.exatron.com.br\\\/#organization\"},\"potentialAction\":[{\"@type\":\"SearchAction\",\"target\":{\"@type\":\"EntryPoint\",\"urlTemplate\":\"https:\\\/\\\/www.exatron.com.br\\\/?s={search_term_string}\"},\"query-input\":{\"@type\":\"PropertyValueSpecification\",\"valueRequired\":true,\"valueName\":\"search_term_string\"}}],\"inLanguage\":\"en-US\"},{\"@type\":\"Organization\",\"@id\":\"https:\\\/\\\/www.exatron.com.br\\\/#organization\",\"name\":\"EXATRON\",\"url\":\"https:\\\/\\\/www.exatron.com.br\\\/\",\"logo\":{\"@type\":\"ImageObject\",\"inLanguage\":\"en-US\",\"@id\":\"https:\\\/\\\/www.exatron.com.br\\\/#\\\/schema\\\/logo\\\/image\\\/\",\"url\":\"https:\\\/\\\/www.exatron.com.br\\\/wp-content\\\/uploads\\\/2024\\\/11\\\/default-kit.png\",\"contentUrl\":\"https:\\\/\\\/www.exatron.com.br\\\/wp-content\\\/uploads\\\/2024\\\/11\\\/default-kit.png\",\"width\":956,\"height\":192,\"caption\":\"EXATRON\"},\"image\":{\"@id\":\"https:\\\/\\\/www.exatron.com.br\\\/#\\\/schema\\\/logo\\\/image\\\/\"}}]}<\/script>\n<!-- \/ Yoast SEO plugin. -->","yoast_head_json":{"title":"Rel\u00e9 Fotosoquete E27 Smart X-Control 2.0 - EXATRON","description":"Acionamento autom\u00e1tico ao escurecer, timer e fun\u00e7\u00e3o random. Configura\u00e7\u00e3o pelo app, base girat\u00f3ria 340\u00b0 e instala\u00e7\u00e3o f\u00e1cil. Confira j\u00e1!","robots":{"index":"index","follow":"follow","max-snippet":"max-snippet:-1","max-image-preview":"max-image-preview:large","max-video-preview":"max-video-preview:-1"},"canonical":"https:\/\/www.exatron.com.br\/en\/produtos\/rele-fotosoquete-e27-smart-x-control2-bivolt\/","og_locale":"en_US","og_type":"article","og_title":"Rel\u00e9 Fotosoquete E27 Smart X-Control 2.0 - EXATRON","og_description":"Acionamento autom\u00e1tico ao escurecer, timer e fun\u00e7\u00e3o random. Configura\u00e7\u00e3o pelo app, base girat\u00f3ria 340\u00b0 e instala\u00e7\u00e3o f\u00e1cil. Confira j\u00e1!","og_url":"https:\/\/www.exatron.com.br\/en\/produtos\/rele-fotosoquete-e27-smart-x-control2-bivolt\/","og_site_name":"EXATRON","article_modified_time":"2026-04-23T20:04:02+00:00","og_image":[{"width":1024,"height":1024,"url":"https:\/\/www.exatron.com.br\/wp-content\/uploads\/fts0mpxc2bc-01.png","type":"image\/png"}],"twitter_card":"summary_large_image","twitter_misc":{"Est. reading time":"2 minutes"},"schema":{"@context":"https:\/\/schema.org","@graph":[{"@type":"WebPage","@id":"https:\/\/www.exatron.com.br\/produtos\/rele-fotosoquete-e27-smart-x-control2-bivolt\/","url":"https:\/\/www.exatron.com.br\/produtos\/rele-fotosoquete-e27-smart-x-control2-bivolt\/","name":"Rel\u00e9 Fotosoquete E27 Smart X-Control 2.0 - EXATRON","isPartOf":{"@id":"https:\/\/www.exatron.com.br\/#website"},"primaryImageOfPage":{"@id":"https:\/\/www.exatron.com.br\/produtos\/rele-fotosoquete-e27-smart-x-control2-bivolt\/#primaryimage"},"image":{"@id":"https:\/\/www.exatron.com.br\/produtos\/rele-fotosoquete-e27-smart-x-control2-bivolt\/#primaryimage"},"thumbnailUrl":"https:\/\/www.exatron.com.br\/wp-content\/uploads\/fts0mpxc2bc-01.png","datePublished":"2026-02-24T16:25:47+00:00","dateModified":"2026-04-23T20:04:02+00:00","description":"Acionamento autom\u00e1tico ao escurecer, timer e fun\u00e7\u00e3o random. Configura\u00e7\u00e3o pelo app, base girat\u00f3ria 340\u00b0 e instala\u00e7\u00e3o f\u00e1cil. Confira j\u00e1!","breadcrumb":{"@id":"https:\/\/www.exatron.com.br\/produtos\/rele-fotosoquete-e27-smart-x-control2-bivolt\/#breadcrumb"},"inLanguage":"en-US","potentialAction":[{"@type":"ReadAction","target":["https:\/\/www.exatron.com.br\/produtos\/rele-fotosoquete-e27-smart-x-control2-bivolt\/"]}]},{"@type":"ImageObject","inLanguage":"en-US","@id":"https:\/\/www.exatron.com.br\/produtos\/rele-fotosoquete-e27-smart-x-control2-bivolt\/#primaryimage","url":"https:\/\/www.exatron.com.br\/wp-content\/uploads\/fts0mpxc2bc-01.png","contentUrl":"https:\/\/www.exatron.com.br\/wp-content\/uploads\/fts0mpxc2bc-01.png","width":1024,"height":1024,"caption":"Ilumina\u00e7\u00e3o autom\u00e1tica e inteligente sem complica\u00e7\u00e3o. O Rel\u00e9 Fotosoquete Smart X-Control liga a luz ao escurecer e desliga ao clarear."},{"@type":"BreadcrumbList","@id":"https:\/\/www.exatron.com.br\/produtos\/rele-fotosoquete-e27-smart-x-control2-bivolt\/#breadcrumb","itemListElement":[{"@type":"ListItem","position":1,"name":"In\u00edcio","item":"https:\/\/www.exatron.com.br\/"},{"@type":"ListItem","position":2,"name":"Loja","item":"https:\/\/www.exatron.com.br\/loja\/"},{"@type":"ListItem","position":3,"name":"Rel\u00e9 Fotosoquete E27 Smart X-Control 2.0"}]},{"@type":"WebSite","@id":"https:\/\/www.exatron.com.br\/#website","url":"https:\/\/www.exatron.com.br\/","name":"EXATRON","description":"","publisher":{"@id":"https:\/\/www.exatron.com.br\/#organization"},"potentialAction":[{"@type":"SearchAction","target":{"@type":"EntryPoint","urlTemplate":"https:\/\/www.exatron.com.br\/?s={search_term_string}"},"query-input":{"@type":"PropertyValueSpecification","valueRequired":true,"valueName":"search_term_string"}}],"inLanguage":"en-US"},{"@type":"Organization","@id":"https:\/\/www.exatron.com.br\/#organization","name":"EXATRON","url":"https:\/\/www.exatron.com.br\/","logo":{"@type":"ImageObject","inLanguage":"en-US","@id":"https:\/\/www.exatron.com.br\/#\/schema\/logo\/image\/","url":"https:\/\/www.exatron.com.br\/wp-content\/uploads\/2024\/11\/default-kit.png","contentUrl":"https:\/\/www.exatron.com.br\/wp-content\/uploads\/2024\/11\/default-kit.png","width":956,"height":192,"caption":"EXATRON"},"image":{"@id":"https:\/\/www.exatron.com.br\/#\/schema\/logo\/image\/"}}]}},"_links":{"self":[{"href":"https:\/\/www.exatron.com.br\/en\/wp-json\/wp\/v2\/product\/13117","targetHints":{"allow":["GET"]}}],"collection":[{"href":"https:\/\/www.exatron.com.br\/en\/wp-json\/wp\/v2\/product"}],"about":[{"href":"https:\/\/www.exatron.com.br\/en\/wp-json\/wp\/v2\/types\/product"}],"replies":[{"embeddable":true,"href":"https:\/\/www.exatron.com.br\/en\/wp-json\/wp\/v2\/comments?post=13117"}],"wp:featuredmedia":[{"embeddable":true,"href":"https:\/\/www.exatron.com.br\/en\/wp-json\/wp\/v2\/media\/14855"}],"wp:attachment":[{"href":"https:\/\/www.exatron.com.br\/en\/wp-json\/wp\/v2\/media?parent=13117"}],"wp:term":[{"taxonomy":"aplicacao","embeddable":true,"href":"https:\/\/www.exatron.com.br\/en\/wp-json\/wp\/v2\/aplicacao?post=13117"},{"taxonomy":"product_brand","embeddable":true,"href":"https:\/\/www.exatron.com.br\/en\/wp-json\/wp\/v2\/product_brand?post=13117"},{"taxonomy":"product_cat","embeddable":true,"href":"https:\/\/www.exatron.com.br\/en\/wp-json\/wp\/v2\/product_cat?post=13117"},{"taxonomy":"product_tag","embeddable":true,"href":"https:\/\/www.exatron.com.br\/en\/wp-json\/wp\/v2\/product_tag?post=13117"}],"curies":[{"name":"wp","href":"https:\/\/api.w.org\/{rel}","templated":true}]}}