{"id":13199,"date":"2026-02-25T16:44:14","date_gmt":"2026-02-25T19:44:14","guid":{"rendered":"https:\/\/exatron.com.br\/?post_type=product&#038;p=13199"},"modified":"2026-04-20T08:42:57","modified_gmt":"2026-04-20T11:42:57","slug":"sensor-de-presenca-frontal-externo-smart-x-control-2","status":"publish","type":"product","link":"https:\/\/www.exatron.com.br\/en\/produtos\/sensor-de-presenca-frontal-externo-smart-x-control-2\/","title":{"rendered":"Smart X-Control 2.0 External Front Presence Sensor"},"content":{"rendered":"<h3>Technical Specifications<\/h3>\n<ul>\n<li>Tens\u00e3o de alimenta\u00e7\u00e3o: 100 &#8211; 240 V~ 50\/60 Hz \u2013 bivolt autom\u00e1tico;<\/li>\n<li>Consumo pr\u00f3prio: &lt;1W;<\/li>\n<li>Aplica\u00e7\u00e3o: acionamento temporizado de qualquer tipo de carga em ambientes diversos;<\/li>\n<li>Para instala\u00e7\u00e3o na parede a uma altura de aproximadamente 2,1 m. Pode ser instalado em ambientes internos e externos;<\/li>\n<li>Recontagem de tempo autom\u00e1tica a partir da \u00faltima detec\u00e7\u00e3o;<\/li>\n<li>Alcance de at\u00e9 12 m (com uma temperatura ambiente de 25\u00b0C);<\/li>\n<li>\u00c2ngulo de cobertura: at\u00e9 180\u00b0 (com cortinas deslizantes para regulagem do \u00e2ngulo de vis\u00e3o);<\/li>\n<li>Regulagem de tempo: 1 e 30 s, 1, 3, 5, 10, 15, 20, 25, 30 e 45 minutos, 1, 2, 3 e 4 horas;<\/li>\n<li>Sensor de Luminosidade (FOTOC\u00c9LULA): MIN (\u00e0 noite), MAX (entardecer) e DESLIGADA (sem fotoc\u00e9lula);<\/li>\n<li>Material de constru\u00e7\u00e3o: Resina (ABS), componentes eletr\u00f4nicos e ligas met\u00e1licas;<\/li>\n<li>Cor: branco e preto;<\/li>\n<li>Grau de prote\u00e7\u00e3o: IP42\u00a0(ver esquema de instala\u00e7\u00e3o em \u00e1rea externa);<\/li>\n<li>Proporciona at\u00e9 75% de economia de energia;<\/li>\n<li>Amigo da l\u00e2mpada: sistema de acionamento da carga com baixa tens\u00e3o el\u00e9trica &lt; 50 V, aumentando a vida \u00fatil do conjunto (carga e sensor);<\/li>\n<li>Anti-Wind System &#8211; fun\u00e7\u00e3o para reduzir a incid\u00eancia de acionamentos indesejados;<\/li>\n<li>Fun\u00e7\u00e3o Rel\u00e9: O sensor funciona como um rel\u00e9 fotocontrolador temporizado. Sempre ao anoitecer (Fotoc\u00e9lula M\u00ednima) ou entardecer (Fotoc\u00e9lula M\u00e1xima) mant\u00e9m a carga ligada pelo tempo programado (0:30 a 12 horas) e depois retorna \u00e0 fun\u00e7\u00e3o sensor;<\/li>\n<li>Fun\u00e7\u00e3o RESET: Retorna as configura\u00e7\u00f5es do produto para o padr\u00e3o de f\u00e1brica.<\/li>\n<li>LED VERDE: Indicador de funcionamento e de detec\u00e7\u00e3on na fun\u00e7\u00e3o Rel\u00e9 o LED oscila (pisca lentamente de modo gruadual);<\/li>\n<li>LED VERMELHO: indicador de sucesso na grava\u00e7\u00e3o dos par\u00e2metros configurados;<\/li>\n<li>Garantia: 03 anos<\/li>\n<li>Pot\u00eancia de Comando:<\/li>\n<\/ul>\n<figure class=\"table\">\n<table>\n<tbody>\n<tr>\n<td><strong>Tipo de L\u00e2mpada<\/strong><\/td>\n<td><strong>Incandescente<\/strong><\/td>\n<td><strong>Eletr\u00f4nica<\/strong><\/td>\n<td><strong>LED<\/strong><\/td>\n<\/tr>\n<tr>\n<td>220V~<\/td>\n<td>1200W<\/td>\n<td>300W<\/td>\n<td>250W<\/td>\n<\/tr>\n<tr>\n<td>127V~<\/td>\n<td>600W<\/td>\n<td>200W<\/td>\n<td>150W<\/td>\n<\/tr>\n<tr>\n<td colspan=\"4\">THD&lt;20% E FP&gt;0,90<\/td>\n<\/tr>\n<\/tbody>\n<\/table>\n<\/figure>","protected":false},"excerpt":{"rendered":"<p>O Sensor de Presen\u00e7a Frontal Externo Smart X-Control \u00e9 a solu\u00e7\u00e3o inteligente para o controle de ilumina\u00e7\u00e3o em resid\u00eancias e estabelecimentos comerciais.<\/p>\n<p>Com tecnologia microcontrolada avan\u00e7ada, este sensor detecta o movimento de fontes de calor, como pessoas e ve\u00edculos, e aciona temporariamente a carga, desligando-a ap\u00f3s a aus\u00eancia de movimento. Sua imunidade superior contra interfer\u00eancias eletromagn\u00e9ticas proporciona um desempenho confi\u00e1vel, mesmo em presen\u00e7a de reatores eletr\u00f4nicos, celulares e r\u00e1dios comunicadores.<\/p>\n<p>Al\u00e9m disso, o modelo permite o acionamento da carga com baixa tens\u00e3o el\u00e9trica, prolongando a vida \u00fatil do sistema completo.<\/p>\n<p>Sua configura\u00e7\u00e3o \u00e9 simples e r\u00e1pida, sem a necessidade de exposi\u00e7\u00e3o \u00e0 energia el\u00e9trica, utilizando o aplicativo Smart X-Control, atrav\u00e9s do seu smartphone Android ou iOS.<\/p>","protected":false},"featured_media":14384,"comment_status":"closed","ping_status":"closed","template":"","meta":{"_acf_changed":false,"_joinchat":[]},"aplicacao":[267],"product_brand":[],"product_cat":[380,993,326,381],"product_tag":[755,752,596,661,705,754,659,625,751,750,718,753,547],"class_list":{"0":"post-13199","1":"product","2":"type-product","3":"status-publish","4":"has-post-thumbnail","6":"aplicacao-iluminacao-interna-sensores-de-presenca","7":"product_cat-frontal","8":"product_cat-lancamentos","9":"product_cat-sensores-de-presenca-para-iluminacao","10":"product_cat-smart-x-control","11":"product_tag-automacao-comercial","12":"product_tag-automacao-residencial","13":"product_tag-controle-de-iluminacao","14":"product_tag-exatron","15":"product_tag-iluminacao-inteligente","16":"product_tag-seguranca-residencial","17":"product_tag-sensor-de-movimento","18":"product_tag-sensor-de-presenca","19":"product_tag-sensor-externo","20":"product_tag-sensor-frontal","21":"product_tag-sensor-microcontrolado","22":"product_tag-sensor-smart","23":"product_tag-smart-x-control","25":"first","26":"instock","27":"shipping-taxable","28":"purchasable","29":"product-type-variable","30":"has-default-attributes"},"acf":[],"yoast_head":"<!-- This site is optimized with the Yoast SEO plugin v27.3 - https:\/\/yoast.com\/product\/yoast-seo-wordpress\/ -->\n<title>Sensor de Presen\u00e7a Frontal Externo Smart X-Control 2.0 - EXATRON<\/title>\n<meta name=\"description\" content=\"Sensor de Presen\u00e7a Frontal Externo LESFEXXC2 Smart X-Control com detec\u00e7\u00e3o precisa, alta imunidade e configura\u00e7\u00e3o r\u00e1pida via app.\" \/>\n<meta name=\"robots\" content=\"index, follow, max-snippet:-1, max-image-preview:large, max-video-preview:-1\" \/>\n<link rel=\"canonical\" href=\"https:\/\/www.exatron.com.br\/en\/produtos\/sensor-de-presenca-frontal-externo-smart-x-control-2\/\" \/>\n<meta property=\"og:locale\" content=\"en_US\" \/>\n<meta property=\"og:type\" content=\"article\" \/>\n<meta property=\"og:title\" content=\"Sensor de Presen\u00e7a Frontal Externo Smart X-Control 2.0 - EXATRON\" \/>\n<meta property=\"og:description\" content=\"Sensor de Presen\u00e7a Frontal Externo LESFEXXC2 Smart X-Control com detec\u00e7\u00e3o precisa, alta imunidade e configura\u00e7\u00e3o r\u00e1pida via app.\" \/>\n<meta property=\"og:url\" content=\"https:\/\/www.exatron.com.br\/en\/produtos\/sensor-de-presenca-frontal-externo-smart-x-control-2\/\" \/>\n<meta property=\"og:site_name\" content=\"EXATRON\" \/>\n<meta property=\"article:modified_time\" content=\"2026-04-20T11:42:57+00:00\" \/>\n<meta property=\"og:image\" content=\"https:\/\/www.exatron.com.br\/wp-content\/uploads\/lesfexxc2_5.png\" \/>\n\t<meta property=\"og:image:width\" content=\"1000\" \/>\n\t<meta property=\"og:image:height\" content=\"1000\" \/>\n\t<meta property=\"og:image:type\" content=\"image\/png\" \/>\n<meta name=\"twitter:card\" content=\"summary_large_image\" \/>\n<meta name=\"twitter:label1\" content=\"Est. reading time\" \/>\n\t<meta name=\"twitter:data1\" content=\"2 minutes\" \/>\n<script type=\"application\/ld+json\" class=\"yoast-schema-graph\">{\"@context\":\"https:\\\/\\\/schema.org\",\"@graph\":[{\"@type\":\"WebPage\",\"@id\":\"https:\\\/\\\/www.exatron.com.br\\\/produtos\\\/sensor-de-presenca-frontal-externo-smart-x-control-2\\\/\",\"url\":\"https:\\\/\\\/www.exatron.com.br\\\/produtos\\\/sensor-de-presenca-frontal-externo-smart-x-control-2\\\/\",\"name\":\"Sensor de Presen\u00e7a Frontal Externo Smart X-Control 2.0 - EXATRON\",\"isPartOf\":{\"@id\":\"https:\\\/\\\/www.exatron.com.br\\\/#website\"},\"primaryImageOfPage\":{\"@id\":\"https:\\\/\\\/www.exatron.com.br\\\/produtos\\\/sensor-de-presenca-frontal-externo-smart-x-control-2\\\/#primaryimage\"},\"image\":{\"@id\":\"https:\\\/\\\/www.exatron.com.br\\\/produtos\\\/sensor-de-presenca-frontal-externo-smart-x-control-2\\\/#primaryimage\"},\"thumbnailUrl\":\"https:\\\/\\\/www.exatron.com.br\\\/wp-content\\\/uploads\\\/lesfexxc2_5.png\",\"datePublished\":\"2026-02-25T19:44:14+00:00\",\"dateModified\":\"2026-04-20T11:42:57+00:00\",\"description\":\"Sensor de Presen\u00e7a Frontal Externo LESFEXXC2 Smart X-Control com detec\u00e7\u00e3o precisa, alta imunidade e configura\u00e7\u00e3o r\u00e1pida via app.\",\"breadcrumb\":{\"@id\":\"https:\\\/\\\/www.exatron.com.br\\\/produtos\\\/sensor-de-presenca-frontal-externo-smart-x-control-2\\\/#breadcrumb\"},\"inLanguage\":\"en-US\",\"potentialAction\":[{\"@type\":\"ReadAction\",\"target\":[\"https:\\\/\\\/www.exatron.com.br\\\/produtos\\\/sensor-de-presenca-frontal-externo-smart-x-control-2\\\/\"]}]},{\"@type\":\"ImageObject\",\"inLanguage\":\"en-US\",\"@id\":\"https:\\\/\\\/www.exatron.com.br\\\/produtos\\\/sensor-de-presenca-frontal-externo-smart-x-control-2\\\/#primaryimage\",\"url\":\"https:\\\/\\\/www.exatron.com.br\\\/wp-content\\\/uploads\\\/lesfexxc2_5.png\",\"contentUrl\":\"https:\\\/\\\/www.exatron.com.br\\\/wp-content\\\/uploads\\\/lesfexxc2_5.png\",\"width\":1000,\"height\":1000,\"caption\":\"Sensor de Presen\u00e7a Frontal Externo Smart X-Control - lado 2\"},{\"@type\":\"BreadcrumbList\",\"@id\":\"https:\\\/\\\/www.exatron.com.br\\\/produtos\\\/sensor-de-presenca-frontal-externo-smart-x-control-2\\\/#breadcrumb\",\"itemListElement\":[{\"@type\":\"ListItem\",\"position\":1,\"name\":\"In\u00edcio\",\"item\":\"https:\\\/\\\/www.exatron.com.br\\\/\"},{\"@type\":\"ListItem\",\"position\":2,\"name\":\"Loja\",\"item\":\"https:\\\/\\\/www.exatron.com.br\\\/loja\\\/\"},{\"@type\":\"ListItem\",\"position\":3,\"name\":\"Sensor de Presen\u00e7a Frontal Externo Smart X-Control 2.0\"}]},{\"@type\":\"WebSite\",\"@id\":\"https:\\\/\\\/www.exatron.com.br\\\/#website\",\"url\":\"https:\\\/\\\/www.exatron.com.br\\\/\",\"name\":\"EXATRON\",\"description\":\"\",\"publisher\":{\"@id\":\"https:\\\/\\\/www.exatron.com.br\\\/#organization\"},\"potentialAction\":[{\"@type\":\"SearchAction\",\"target\":{\"@type\":\"EntryPoint\",\"urlTemplate\":\"https:\\\/\\\/www.exatron.com.br\\\/?s={search_term_string}\"},\"query-input\":{\"@type\":\"PropertyValueSpecification\",\"valueRequired\":true,\"valueName\":\"search_term_string\"}}],\"inLanguage\":\"en-US\"},{\"@type\":\"Organization\",\"@id\":\"https:\\\/\\\/www.exatron.com.br\\\/#organization\",\"name\":\"EXATRON\",\"url\":\"https:\\\/\\\/www.exatron.com.br\\\/\",\"logo\":{\"@type\":\"ImageObject\",\"inLanguage\":\"en-US\",\"@id\":\"https:\\\/\\\/www.exatron.com.br\\\/#\\\/schema\\\/logo\\\/image\\\/\",\"url\":\"https:\\\/\\\/www.exatron.com.br\\\/wp-content\\\/uploads\\\/2024\\\/11\\\/default-kit.png\",\"contentUrl\":\"https:\\\/\\\/www.exatron.com.br\\\/wp-content\\\/uploads\\\/2024\\\/11\\\/default-kit.png\",\"width\":956,\"height\":192,\"caption\":\"EXATRON\"},\"image\":{\"@id\":\"https:\\\/\\\/www.exatron.com.br\\\/#\\\/schema\\\/logo\\\/image\\\/\"}}]}<\/script>\n<!-- \/ Yoast SEO plugin. -->","yoast_head_json":{"title":"Sensor de Presen\u00e7a Frontal Externo Smart X-Control 2.0 - EXATRON","description":"Sensor de Presen\u00e7a Frontal Externo LESFEXXC2 Smart X-Control com detec\u00e7\u00e3o precisa, alta imunidade e configura\u00e7\u00e3o r\u00e1pida via app.","robots":{"index":"index","follow":"follow","max-snippet":"max-snippet:-1","max-image-preview":"max-image-preview:large","max-video-preview":"max-video-preview:-1"},"canonical":"https:\/\/www.exatron.com.br\/en\/produtos\/sensor-de-presenca-frontal-externo-smart-x-control-2\/","og_locale":"en_US","og_type":"article","og_title":"Sensor de Presen\u00e7a Frontal Externo Smart X-Control 2.0 - EXATRON","og_description":"Sensor de Presen\u00e7a Frontal Externo LESFEXXC2 Smart X-Control com detec\u00e7\u00e3o precisa, alta imunidade e configura\u00e7\u00e3o r\u00e1pida via app.","og_url":"https:\/\/www.exatron.com.br\/en\/produtos\/sensor-de-presenca-frontal-externo-smart-x-control-2\/","og_site_name":"EXATRON","article_modified_time":"2026-04-20T11:42:57+00:00","og_image":[{"width":1000,"height":1000,"url":"https:\/\/www.exatron.com.br\/wp-content\/uploads\/lesfexxc2_5.png","type":"image\/png"}],"twitter_card":"summary_large_image","twitter_misc":{"Est. reading time":"2 minutes"},"schema":{"@context":"https:\/\/schema.org","@graph":[{"@type":"WebPage","@id":"https:\/\/www.exatron.com.br\/produtos\/sensor-de-presenca-frontal-externo-smart-x-control-2\/","url":"https:\/\/www.exatron.com.br\/produtos\/sensor-de-presenca-frontal-externo-smart-x-control-2\/","name":"Sensor de Presen\u00e7a Frontal Externo Smart X-Control 2.0 - EXATRON","isPartOf":{"@id":"https:\/\/www.exatron.com.br\/#website"},"primaryImageOfPage":{"@id":"https:\/\/www.exatron.com.br\/produtos\/sensor-de-presenca-frontal-externo-smart-x-control-2\/#primaryimage"},"image":{"@id":"https:\/\/www.exatron.com.br\/produtos\/sensor-de-presenca-frontal-externo-smart-x-control-2\/#primaryimage"},"thumbnailUrl":"https:\/\/www.exatron.com.br\/wp-content\/uploads\/lesfexxc2_5.png","datePublished":"2026-02-25T19:44:14+00:00","dateModified":"2026-04-20T11:42:57+00:00","description":"Sensor de Presen\u00e7a Frontal Externo LESFEXXC2 Smart X-Control com detec\u00e7\u00e3o precisa, alta imunidade e configura\u00e7\u00e3o r\u00e1pida via app.","breadcrumb":{"@id":"https:\/\/www.exatron.com.br\/produtos\/sensor-de-presenca-frontal-externo-smart-x-control-2\/#breadcrumb"},"inLanguage":"en-US","potentialAction":[{"@type":"ReadAction","target":["https:\/\/www.exatron.com.br\/produtos\/sensor-de-presenca-frontal-externo-smart-x-control-2\/"]}]},{"@type":"ImageObject","inLanguage":"en-US","@id":"https:\/\/www.exatron.com.br\/produtos\/sensor-de-presenca-frontal-externo-smart-x-control-2\/#primaryimage","url":"https:\/\/www.exatron.com.br\/wp-content\/uploads\/lesfexxc2_5.png","contentUrl":"https:\/\/www.exatron.com.br\/wp-content\/uploads\/lesfexxc2_5.png","width":1000,"height":1000,"caption":"Sensor de Presen\u00e7a Frontal Externo Smart X-Control - lado 2"},{"@type":"BreadcrumbList","@id":"https:\/\/www.exatron.com.br\/produtos\/sensor-de-presenca-frontal-externo-smart-x-control-2\/#breadcrumb","itemListElement":[{"@type":"ListItem","position":1,"name":"In\u00edcio","item":"https:\/\/www.exatron.com.br\/"},{"@type":"ListItem","position":2,"name":"Loja","item":"https:\/\/www.exatron.com.br\/loja\/"},{"@type":"ListItem","position":3,"name":"Sensor de Presen\u00e7a Frontal Externo Smart X-Control 2.0"}]},{"@type":"WebSite","@id":"https:\/\/www.exatron.com.br\/#website","url":"https:\/\/www.exatron.com.br\/","name":"EXATRON","description":"","publisher":{"@id":"https:\/\/www.exatron.com.br\/#organization"},"potentialAction":[{"@type":"SearchAction","target":{"@type":"EntryPoint","urlTemplate":"https:\/\/www.exatron.com.br\/?s={search_term_string}"},"query-input":{"@type":"PropertyValueSpecification","valueRequired":true,"valueName":"search_term_string"}}],"inLanguage":"en-US"},{"@type":"Organization","@id":"https:\/\/www.exatron.com.br\/#organization","name":"EXATRON","url":"https:\/\/www.exatron.com.br\/","logo":{"@type":"ImageObject","inLanguage":"en-US","@id":"https:\/\/www.exatron.com.br\/#\/schema\/logo\/image\/","url":"https:\/\/www.exatron.com.br\/wp-content\/uploads\/2024\/11\/default-kit.png","contentUrl":"https:\/\/www.exatron.com.br\/wp-content\/uploads\/2024\/11\/default-kit.png","width":956,"height":192,"caption":"EXATRON"},"image":{"@id":"https:\/\/www.exatron.com.br\/#\/schema\/logo\/image\/"}}]}},"_links":{"self":[{"href":"https:\/\/www.exatron.com.br\/en\/wp-json\/wp\/v2\/product\/13199","targetHints":{"allow":["GET"]}}],"collection":[{"href":"https:\/\/www.exatron.com.br\/en\/wp-json\/wp\/v2\/product"}],"about":[{"href":"https:\/\/www.exatron.com.br\/en\/wp-json\/wp\/v2\/types\/product"}],"replies":[{"embeddable":true,"href":"https:\/\/www.exatron.com.br\/en\/wp-json\/wp\/v2\/comments?post=13199"}],"wp:featuredmedia":[{"embeddable":true,"href":"https:\/\/www.exatron.com.br\/en\/wp-json\/wp\/v2\/media\/14384"}],"wp:attachment":[{"href":"https:\/\/www.exatron.com.br\/en\/wp-json\/wp\/v2\/media?parent=13199"}],"wp:term":[{"taxonomy":"aplicacao","embeddable":true,"href":"https:\/\/www.exatron.com.br\/en\/wp-json\/wp\/v2\/aplicacao?post=13199"},{"taxonomy":"product_brand","embeddable":true,"href":"https:\/\/www.exatron.com.br\/en\/wp-json\/wp\/v2\/product_brand?post=13199"},{"taxonomy":"product_cat","embeddable":true,"href":"https:\/\/www.exatron.com.br\/en\/wp-json\/wp\/v2\/product_cat?post=13199"},{"taxonomy":"product_tag","embeddable":true,"href":"https:\/\/www.exatron.com.br\/en\/wp-json\/wp\/v2\/product_tag?post=13199"}],"curies":[{"name":"wp","href":"https:\/\/api.w.org\/{rel}","templated":true}]}}