{"id":13214,"date":"2026-02-25T17:23:54","date_gmt":"2026-02-25T20:23:54","guid":{"rendered":"https:\/\/exatron.com.br\/?post_type=product&#038;p=13214"},"modified":"2026-04-20T08:42:49","modified_gmt":"2026-04-20T11:42:49","slug":"sensor-de-presenca-frontal-smart-x-control2-bivolt","status":"publish","type":"product","link":"https:\/\/www.exatron.com.br\/en\/produtos\/sensor-de-presenca-frontal-smart-x-control2-bivolt\/","title":{"rendered":"Smart X-Control 2.0 Front Presence Sensor"},"content":{"rendered":"<h3>Technical Specifications<\/h3>\n<ul>\n<li>Tens\u00e3o de alimenta\u00e7\u00e3o: 100-240V~;<\/li>\n<li>Operating frequency: 50\/60Hz;<\/li>\n<li>Consumo pr\u00f3prio: &lt;1W;<\/li>\n<li>Prote\u00e7\u00e3o contra surto: 2KV;<\/li>\n<li>\u00c1rea de cobertura: 110\u00b0 com alcance de at\u00e9 15m de dist\u00e2ncia na temperatura ambiente de 25\u00b0C, a uma altura de 2,1m;<\/li>\n<li>Observa\u00e7\u00e3o: Este produto possui tecnologia microprocessada e configura\u00e7\u00e3o pelo aplicativo Smart X-Control;<\/li>\n<li>Temperatura de opera\u00e7\u00e3o: -5\u00b0C a 40\u00b0C;<\/li>\n<li>Utiliza\u00e7\u00e3o em ambientes internos;<\/li>\n<li>Regulagem de tempo: 1 e 30 segundos, 1, 3, 5, 10, 15, 20, 25, 30 e 45 minutos e 1, 2, 3 e 4 horas;<\/li>\n<li>Sensor de Luminosidade (LUX-FOTOC\u00c9LULA): MIN (\u00e0 noite), MAX (entardecer) e DESLIGADA (sem fotoc\u00e9lula);<\/li>\n<li>Regulagem de sensibilidade: m\u00ednima, m\u00e9dia e m\u00e1xima;<\/li>\n<li>Relay Function: The sensor functions as a timed photocontrolled relay. At dusk, it keeps the load switched on for the programmed time (0:30 to 12 hours) and then returns to sensor function.<\/li>\n<li>Reset function: Returns the product settings to factory defaults;<\/li>\n<li>Amigo da l\u00e2mpada: sistema de acionamento da carga com baixa tens\u00e3o el\u00e9trica &lt;50V, aumentando a vida \u00fatil do conjunto (l\u00e2mpadas, reator e sensor);<\/li>\n<li>Possui LED indicador de funcionamento e de detec\u00e7\u00e3o na cor VERDE &#8211; quando o produto est\u00e1 operando no modo Fun\u00e7\u00e3o Rel\u00e9, o LED oscila (pisca lentamente e de maneira gradual);<\/li>\n<li>Possui LED para confirma\u00e7\u00e3o no sucesso de grava\u00e7\u00e3o dos par\u00e2metros configurados na cor VERMELHA;<\/li>\n<li>Energy savings of up to 75%;<\/li>\n<li>Components: plastics, electronics, and metal alloys;<\/li>\n<li>Acompanha parafuso e bucha de instala\u00e7\u00e3o;<\/li>\n<li>Configura\u00e7\u00e3o de f\u00e1brica: Tempo: 03 minutos, Fotoc\u00e9lula: Desativada e Sensibilidade: M\u00e1xima;<\/li>\n<li>Protection rating: IP32;<\/li>\n<li>Dimens\u00f5es (CxLxA): 70,1&#215;59,7&#215;68,6mm;<\/li>\n<li>Garantia: 02 anos;<\/li>\n<li>Pot\u00eancia de Comando:<\/li>\n<\/ul>\n<figure class=\"table\">\n<table>\n<thead>\n<tr>\n<th>Food<\/th>\n<th>Eletr\u00f4nica<\/th>\n<th>LED<\/th>\n<th>Hal\u00f3gena\/Resistiva<\/th>\n<\/tr>\n<\/thead>\n<tbody>\n<tr>\n<td>220V~<\/td>\n<td>280W<\/td>\n<td>280W<\/td>\n<td>800W<\/td>\n<\/tr>\n<tr>\n<td>127V~<\/td>\n<td>180W<\/td>\n<td>180W<\/td>\n<td>400W<\/td>\n<\/tr>\n<tr>\n<td colspan=\"4\">THD&lt;20% and FP&gt;0.90<\/td>\n<\/tr>\n<\/tbody>\n<\/table>\n<\/figure>","protected":false},"excerpt":{"rendered":"<p>O Sensor de Presen\u00e7a Frontal Smart X-Control \u00e9 um comando inteligente que se destina ao acionamento temporizado de cargas. Detecta a movimenta\u00e7\u00e3o de fontes de calor como pessoas e carros, atrav\u00e9s de um sensor infravermelho, acionando a carga e permanecendo ligado enquanto houver detec\u00e7\u00e3o de presen\u00e7a e desligando no tempo programado ap\u00f3s a \u00faltima detec\u00e7\u00e3o de presen\u00e7a.<\/p>\n<p>Os modelos fazem parte da nova gera\u00e7\u00e3o de sensores de presen\u00e7a com tecnologia micro controlada e com ajustes atrav\u00e9s do aplicativo Smart X-Control dispon\u00edvel para iOS e Android.<\/p>\n<p>Possui imunidade superior contra interfer\u00eancias emanadas e induzidas, provocadas por reatores eletr\u00f4nicos, celulares, r\u00e1dios comunicadores e instala\u00e7\u00f5es de sensores em paralelo e tamb\u00e9m possui a tecnologia de comuta\u00e7\u00e3o por baixa tens\u00e3o el\u00e9trica menor que 50V, aumentando a vida \u00fatil do conjunto (l\u00e2mpadas e sensor).<\/p>","protected":false},"featured_media":14068,"comment_status":"closed","ping_status":"closed","template":"","meta":{"_acf_changed":false,"_joinchat":[]},"aplicacao":[267],"product_brand":[],"product_cat":[380,993,326,381],"product_tag":[752,582,768,625,770,769,759,777,776,760,775,772,774,773,708,771],"class_list":{"0":"post-13214","1":"product","2":"type-product","3":"status-publish","4":"has-post-thumbnail","6":"aplicacao-iluminacao-interna-sensores-de-presenca","7":"product_cat-frontal","8":"product_cat-lancamentos","9":"product_cat-sensores-de-presenca-para-iluminacao","10":"product_cat-smart-x-control","11":"product_tag-automacao-residencial","12":"product_tag-economia-de-energia","13":"product_tag-sensor-de-parede","14":"product_tag-sensor-de-presenca","15":"product_tag-sensor-de-presenca-120-graus","16":"product_tag-sensor-de-presenca-bivolt","17":"product_tag-sensor-de-presenca-com-app","18":"product_tag-sensor-de-presenca-economico","19":"product_tag-sensor-de-presenca-facil-de-instalar","20":"product_tag-sensor-de-presenca-inteligente","21":"product_tag-sensor-de-presenca-para-ambientes-internos","22":"product_tag-sensor-de-presenca-para-casa","23":"product_tag-sensor-de-presenca-para-condominio","24":"product_tag-sensor-de-presenca-para-escritorio","25":"product_tag-sensor-de-presenca-parede","26":"product_tag-sensor-de-presenca-smart-x-control","28":"first","29":"instock","30":"shipping-taxable","31":"purchasable","32":"product-type-variable","33":"has-default-attributes"},"acf":[],"yoast_head":"<!-- This site is optimized with the Yoast SEO plugin v27.3 - https:\/\/yoast.com\/product\/yoast-seo-wordpress\/ -->\n<title>Sensor de Presen\u00e7a Frontal Smart X-Control 2.0 - EXATRON<\/title>\n<meta name=\"description\" content=\"Sensor de Presen\u00e7a Frontal Smart X-Control Exatron: seguran\u00e7a e economia. Ajuste f\u00e1cil via APP, bivolt, ideal para ambientes internos.\" \/>\n<meta name=\"robots\" content=\"index, follow, max-snippet:-1, max-image-preview:large, max-video-preview:-1\" \/>\n<link rel=\"canonical\" href=\"https:\/\/www.exatron.com.br\/en\/produtos\/sensor-de-presenca-frontal-smart-x-control2-bivolt\/\" \/>\n<meta property=\"og:locale\" content=\"en_US\" \/>\n<meta property=\"og:type\" content=\"article\" \/>\n<meta property=\"og:title\" content=\"Sensor de Presen\u00e7a Frontal Smart X-Control 2.0 - EXATRON\" \/>\n<meta property=\"og:description\" content=\"Sensor de Presen\u00e7a Frontal Smart X-Control Exatron: seguran\u00e7a e economia. Ajuste f\u00e1cil via APP, bivolt, ideal para ambientes internos.\" \/>\n<meta property=\"og:url\" content=\"https:\/\/www.exatron.com.br\/en\/produtos\/sensor-de-presenca-frontal-smart-x-control2-bivolt\/\" \/>\n<meta property=\"og:site_name\" content=\"EXATRON\" \/>\n<meta property=\"article:modified_time\" content=\"2026-04-20T11:42:49+00:00\" \/>\n<meta property=\"og:image\" content=\"https:\/\/www.exatron.com.br\/wp-content\/uploads\/lesf4000xc2-1.png\" \/>\n\t<meta property=\"og:image:width\" content=\"1000\" \/>\n\t<meta property=\"og:image:height\" content=\"1000\" \/>\n\t<meta property=\"og:image:type\" content=\"image\/png\" \/>\n<meta name=\"twitter:card\" content=\"summary_large_image\" \/>\n<meta name=\"twitter:label1\" content=\"Est. reading time\" \/>\n\t<meta name=\"twitter:data1\" content=\"2 minutes\" \/>\n<script type=\"application\/ld+json\" class=\"yoast-schema-graph\">{\"@context\":\"https:\\\/\\\/schema.org\",\"@graph\":[{\"@type\":\"WebPage\",\"@id\":\"https:\\\/\\\/www.exatron.com.br\\\/produtos\\\/sensor-de-presenca-frontal-smart-x-control2-bivolt\\\/\",\"url\":\"https:\\\/\\\/www.exatron.com.br\\\/produtos\\\/sensor-de-presenca-frontal-smart-x-control2-bivolt\\\/\",\"name\":\"Sensor de Presen\u00e7a Frontal Smart X-Control 2.0 - EXATRON\",\"isPartOf\":{\"@id\":\"https:\\\/\\\/www.exatron.com.br\\\/#website\"},\"primaryImageOfPage\":{\"@id\":\"https:\\\/\\\/www.exatron.com.br\\\/produtos\\\/sensor-de-presenca-frontal-smart-x-control2-bivolt\\\/#primaryimage\"},\"image\":{\"@id\":\"https:\\\/\\\/www.exatron.com.br\\\/produtos\\\/sensor-de-presenca-frontal-smart-x-control2-bivolt\\\/#primaryimage\"},\"thumbnailUrl\":\"https:\\\/\\\/www.exatron.com.br\\\/wp-content\\\/uploads\\\/lesf4000xc2-1.png\",\"datePublished\":\"2026-02-25T20:23:54+00:00\",\"dateModified\":\"2026-04-20T11:42:49+00:00\",\"description\":\"Sensor de Presen\u00e7a Frontal Smart X-Control Exatron: seguran\u00e7a e economia. Ajuste f\u00e1cil via APP, bivolt, ideal para ambientes internos.\",\"breadcrumb\":{\"@id\":\"https:\\\/\\\/www.exatron.com.br\\\/produtos\\\/sensor-de-presenca-frontal-smart-x-control2-bivolt\\\/#breadcrumb\"},\"inLanguage\":\"en-US\",\"potentialAction\":[{\"@type\":\"ReadAction\",\"target\":[\"https:\\\/\\\/www.exatron.com.br\\\/produtos\\\/sensor-de-presenca-frontal-smart-x-control2-bivolt\\\/\"]}]},{\"@type\":\"ImageObject\",\"inLanguage\":\"en-US\",\"@id\":\"https:\\\/\\\/www.exatron.com.br\\\/produtos\\\/sensor-de-presenca-frontal-smart-x-control2-bivolt\\\/#primaryimage\",\"url\":\"https:\\\/\\\/www.exatron.com.br\\\/wp-content\\\/uploads\\\/lesf4000xc2-1.png\",\"contentUrl\":\"https:\\\/\\\/www.exatron.com.br\\\/wp-content\\\/uploads\\\/lesf4000xc2-1.png\",\"width\":1000,\"height\":1000,\"caption\":\"Sensor de Presen\u00e7a Frontal Smart X-Control Branco\"},{\"@type\":\"BreadcrumbList\",\"@id\":\"https:\\\/\\\/www.exatron.com.br\\\/produtos\\\/sensor-de-presenca-frontal-smart-x-control2-bivolt\\\/#breadcrumb\",\"itemListElement\":[{\"@type\":\"ListItem\",\"position\":1,\"name\":\"In\u00edcio\",\"item\":\"https:\\\/\\\/www.exatron.com.br\\\/\"},{\"@type\":\"ListItem\",\"position\":2,\"name\":\"Loja\",\"item\":\"https:\\\/\\\/www.exatron.com.br\\\/loja\\\/\"},{\"@type\":\"ListItem\",\"position\":3,\"name\":\"Sensor de Presen\u00e7a Frontal Smart X-Control 2.0\"}]},{\"@type\":\"WebSite\",\"@id\":\"https:\\\/\\\/www.exatron.com.br\\\/#website\",\"url\":\"https:\\\/\\\/www.exatron.com.br\\\/\",\"name\":\"EXATRON\",\"description\":\"\",\"publisher\":{\"@id\":\"https:\\\/\\\/www.exatron.com.br\\\/#organization\"},\"potentialAction\":[{\"@type\":\"SearchAction\",\"target\":{\"@type\":\"EntryPoint\",\"urlTemplate\":\"https:\\\/\\\/www.exatron.com.br\\\/?s={search_term_string}\"},\"query-input\":{\"@type\":\"PropertyValueSpecification\",\"valueRequired\":true,\"valueName\":\"search_term_string\"}}],\"inLanguage\":\"en-US\"},{\"@type\":\"Organization\",\"@id\":\"https:\\\/\\\/www.exatron.com.br\\\/#organization\",\"name\":\"EXATRON\",\"url\":\"https:\\\/\\\/www.exatron.com.br\\\/\",\"logo\":{\"@type\":\"ImageObject\",\"inLanguage\":\"en-US\",\"@id\":\"https:\\\/\\\/www.exatron.com.br\\\/#\\\/schema\\\/logo\\\/image\\\/\",\"url\":\"https:\\\/\\\/www.exatron.com.br\\\/wp-content\\\/uploads\\\/2024\\\/11\\\/default-kit.png\",\"contentUrl\":\"https:\\\/\\\/www.exatron.com.br\\\/wp-content\\\/uploads\\\/2024\\\/11\\\/default-kit.png\",\"width\":956,\"height\":192,\"caption\":\"EXATRON\"},\"image\":{\"@id\":\"https:\\\/\\\/www.exatron.com.br\\\/#\\\/schema\\\/logo\\\/image\\\/\"}}]}<\/script>\n<!-- \/ Yoast SEO plugin. -->","yoast_head_json":{"title":"Sensor de Presen\u00e7a Frontal Smart X-Control 2.0 - EXATRON","description":"Sensor de Presen\u00e7a Frontal Smart X-Control Exatron: seguran\u00e7a e economia. Ajuste f\u00e1cil via APP, bivolt, ideal para ambientes internos.","robots":{"index":"index","follow":"follow","max-snippet":"max-snippet:-1","max-image-preview":"max-image-preview:large","max-video-preview":"max-video-preview:-1"},"canonical":"https:\/\/www.exatron.com.br\/en\/produtos\/sensor-de-presenca-frontal-smart-x-control2-bivolt\/","og_locale":"en_US","og_type":"article","og_title":"Sensor de Presen\u00e7a Frontal Smart X-Control 2.0 - EXATRON","og_description":"Sensor de Presen\u00e7a Frontal Smart X-Control Exatron: seguran\u00e7a e economia. Ajuste f\u00e1cil via APP, bivolt, ideal para ambientes internos.","og_url":"https:\/\/www.exatron.com.br\/en\/produtos\/sensor-de-presenca-frontal-smart-x-control2-bivolt\/","og_site_name":"EXATRON","article_modified_time":"2026-04-20T11:42:49+00:00","og_image":[{"width":1000,"height":1000,"url":"https:\/\/www.exatron.com.br\/wp-content\/uploads\/lesf4000xc2-1.png","type":"image\/png"}],"twitter_card":"summary_large_image","twitter_misc":{"Est. reading time":"2 minutes"},"schema":{"@context":"https:\/\/schema.org","@graph":[{"@type":"WebPage","@id":"https:\/\/www.exatron.com.br\/produtos\/sensor-de-presenca-frontal-smart-x-control2-bivolt\/","url":"https:\/\/www.exatron.com.br\/produtos\/sensor-de-presenca-frontal-smart-x-control2-bivolt\/","name":"Sensor de Presen\u00e7a Frontal Smart X-Control 2.0 - EXATRON","isPartOf":{"@id":"https:\/\/www.exatron.com.br\/#website"},"primaryImageOfPage":{"@id":"https:\/\/www.exatron.com.br\/produtos\/sensor-de-presenca-frontal-smart-x-control2-bivolt\/#primaryimage"},"image":{"@id":"https:\/\/www.exatron.com.br\/produtos\/sensor-de-presenca-frontal-smart-x-control2-bivolt\/#primaryimage"},"thumbnailUrl":"https:\/\/www.exatron.com.br\/wp-content\/uploads\/lesf4000xc2-1.png","datePublished":"2026-02-25T20:23:54+00:00","dateModified":"2026-04-20T11:42:49+00:00","description":"Sensor de Presen\u00e7a Frontal Smart X-Control Exatron: seguran\u00e7a e economia. Ajuste f\u00e1cil via APP, bivolt, ideal para ambientes internos.","breadcrumb":{"@id":"https:\/\/www.exatron.com.br\/produtos\/sensor-de-presenca-frontal-smart-x-control2-bivolt\/#breadcrumb"},"inLanguage":"en-US","potentialAction":[{"@type":"ReadAction","target":["https:\/\/www.exatron.com.br\/produtos\/sensor-de-presenca-frontal-smart-x-control2-bivolt\/"]}]},{"@type":"ImageObject","inLanguage":"en-US","@id":"https:\/\/www.exatron.com.br\/produtos\/sensor-de-presenca-frontal-smart-x-control2-bivolt\/#primaryimage","url":"https:\/\/www.exatron.com.br\/wp-content\/uploads\/lesf4000xc2-1.png","contentUrl":"https:\/\/www.exatron.com.br\/wp-content\/uploads\/lesf4000xc2-1.png","width":1000,"height":1000,"caption":"Sensor de Presen\u00e7a Frontal Smart X-Control Branco"},{"@type":"BreadcrumbList","@id":"https:\/\/www.exatron.com.br\/produtos\/sensor-de-presenca-frontal-smart-x-control2-bivolt\/#breadcrumb","itemListElement":[{"@type":"ListItem","position":1,"name":"In\u00edcio","item":"https:\/\/www.exatron.com.br\/"},{"@type":"ListItem","position":2,"name":"Loja","item":"https:\/\/www.exatron.com.br\/loja\/"},{"@type":"ListItem","position":3,"name":"Sensor de Presen\u00e7a Frontal Smart X-Control 2.0"}]},{"@type":"WebSite","@id":"https:\/\/www.exatron.com.br\/#website","url":"https:\/\/www.exatron.com.br\/","name":"EXATRON","description":"","publisher":{"@id":"https:\/\/www.exatron.com.br\/#organization"},"potentialAction":[{"@type":"SearchAction","target":{"@type":"EntryPoint","urlTemplate":"https:\/\/www.exatron.com.br\/?s={search_term_string}"},"query-input":{"@type":"PropertyValueSpecification","valueRequired":true,"valueName":"search_term_string"}}],"inLanguage":"en-US"},{"@type":"Organization","@id":"https:\/\/www.exatron.com.br\/#organization","name":"EXATRON","url":"https:\/\/www.exatron.com.br\/","logo":{"@type":"ImageObject","inLanguage":"en-US","@id":"https:\/\/www.exatron.com.br\/#\/schema\/logo\/image\/","url":"https:\/\/www.exatron.com.br\/wp-content\/uploads\/2024\/11\/default-kit.png","contentUrl":"https:\/\/www.exatron.com.br\/wp-content\/uploads\/2024\/11\/default-kit.png","width":956,"height":192,"caption":"EXATRON"},"image":{"@id":"https:\/\/www.exatron.com.br\/#\/schema\/logo\/image\/"}}]}},"_links":{"self":[{"href":"https:\/\/www.exatron.com.br\/en\/wp-json\/wp\/v2\/product\/13214","targetHints":{"allow":["GET"]}}],"collection":[{"href":"https:\/\/www.exatron.com.br\/en\/wp-json\/wp\/v2\/product"}],"about":[{"href":"https:\/\/www.exatron.com.br\/en\/wp-json\/wp\/v2\/types\/product"}],"replies":[{"embeddable":true,"href":"https:\/\/www.exatron.com.br\/en\/wp-json\/wp\/v2\/comments?post=13214"}],"wp:featuredmedia":[{"embeddable":true,"href":"https:\/\/www.exatron.com.br\/en\/wp-json\/wp\/v2\/media\/14068"}],"wp:attachment":[{"href":"https:\/\/www.exatron.com.br\/en\/wp-json\/wp\/v2\/media?parent=13214"}],"wp:term":[{"taxonomy":"aplicacao","embeddable":true,"href":"https:\/\/www.exatron.com.br\/en\/wp-json\/wp\/v2\/aplicacao?post=13214"},{"taxonomy":"product_brand","embeddable":true,"href":"https:\/\/www.exatron.com.br\/en\/wp-json\/wp\/v2\/product_brand?post=13214"},{"taxonomy":"product_cat","embeddable":true,"href":"https:\/\/www.exatron.com.br\/en\/wp-json\/wp\/v2\/product_cat?post=13214"},{"taxonomy":"product_tag","embeddable":true,"href":"https:\/\/www.exatron.com.br\/en\/wp-json\/wp\/v2\/product_tag?post=13214"}],"curies":[{"name":"wp","href":"https:\/\/api.w.org\/{rel}","templated":true}]}}