{"id":13280,"date":"2026-03-03T10:06:00","date_gmt":"2026-03-03T13:06:00","guid":{"rendered":"https:\/\/exatron.com.br\/?post_type=product&#038;p=13280"},"modified":"2026-04-23T16:38:21","modified_gmt":"2026-04-23T19:38:21","slug":"dispositivo-de-protecao-contra-surtos-dps-para-luminarias","status":"publish","type":"product","link":"https:\/\/www.exatron.com.br\/en\/produtos\/dispositivo-de-protecao-contra-surtos-dps-para-luminarias\/","title":{"rendered":"Surge Protection Device (SPD) for Lighting Fixtures"},"content":{"rendered":"<h3>Technical Specifications<\/h3>\n<ul>\n<li>Tens\u00e3o Nominal de Opera\u00e7\u00e3o: 127-220Vac ~ 50\/60 Hz;<\/li>\n<li>Prote\u00e7\u00e3o contra surto: 15kA;<\/li>\n<li>Aplica\u00e7\u00e3o para prote\u00e7\u00e3o de produtos eletroeletr\u00f4nicos em geral e sistemas de ilumina\u00e7\u00e3o com tecnologia LED;<\/li>\n<li>Liga\u00e7\u00e3o em s\u00e9rie ou paralelo com a carga;<\/li>\n<li>Led indicativo de Opera\u00e7\u00e3o. Aten\u00e7\u00e3o: Led indicador desligado significa falta de energia el\u00e9trica ou fim da vida \u00fatil por surto de maior energia absorv\u00edvel, neste caso, o DPS dever\u00e1 ser substitu\u00eddo;<\/li>\n<li>Possui tecnologia de prote\u00e7\u00e3o com varistor de \u00f3xido met\u00e1lico (MOV) e centelhador a g\u00e1s (GDT);<\/li>\n<li>Material: Isolante PVC e fibra antichama;<\/li>\n<li>Grau de prote\u00e7\u00e3o: IP20;<\/li>\n<li>Tabela t\u00e9cnica:<\/li>\n<\/ul>\n<figure class=\"image\"><img decoding=\"async\" src=\"https:\/\/www.exatron.com.br\/storage\/editor\/yrdkT5rsEr2eTjPBNxyb7Nr5A0l18Zx1QdzXMERN.jpg\" \/><\/figure>\n<p>&nbsp;<\/p>","protected":false},"excerpt":{"rendered":"<p>A linha de Dispositivos de Prote\u00e7\u00e3o Contra Surtos (DPS) para lumin\u00e1rias da Exatron possui classe II de prote\u00e7\u00e3o, e s\u00e3o equipamentos com tecnologia combinada de Varistor de \u00d3xido Met\u00e1lico (MOV) e Centelhador a G\u00e1s (GDT), que oferecem maior vida \u00fatil aos drives de pot\u00eancia de lumin\u00e1rias e equipamentos eletroeletr\u00f4nicos em geral.<\/p>\n<p>Projetado para suportar surtos el\u00e9tricos, provocados por descargas atmosf\u00e9ricas e manobras no sistema el\u00e9trico, conforme IEC 61643-11.<\/p>\n<p>Constru\u00eddos com materiais de alta qualidade para assegurar uma longa vida \u00fatil e desempenho consistente \u00e9 projetada para oferecer prote\u00e7\u00e3o robusta e confi\u00e1vel suportando surtos de corrente de at\u00e9 15 kA e tens\u00e3o de 10kV.<\/p>","protected":false},"featured_media":13401,"comment_status":"closed","ping_status":"closed","template":"","meta":{"_acf_changed":false,"_joinchat":[]},"aplicacao":[269],"product_brand":[],"product_cat":[314],"product_tag":[936,969,935,968],"class_list":{"0":"post-13280","1":"product","2":"type-product","3":"status-publish","4":"has-post-thumbnail","6":"aplicacao-seguranca-de-rede-eletrica-baixa-tensao","7":"product_cat-dps","8":"product_tag-dispositivo-de-protecao-contra-surtos","9":"product_tag-dispositivo-de-protecao-contra-surtos-para-luminarias","10":"product_tag-dps","11":"product_tag-dps-para-luminarias","13":"first","14":"onbackorder","15":"shipping-taxable","16":"product-type-simple"},"acf":[],"yoast_head":"<!-- This site is optimized with the Yoast SEO plugin v27.3 - https:\/\/yoast.com\/product\/yoast-seo-wordpress\/ -->\n<title>Dispositivo de Prote\u00e7\u00e3o Contra Surtos (DPS) para Lumin\u00e1rias - EXATRON<\/title>\n<meta name=\"description\" content=\"Para lumin\u00e1rias, com tecnologia MOV e GDT, suporta surtos de at\u00e9 15kA e tens\u00e3o de 10kV. Indicado para prote\u00e7\u00e3o de sistemas de ilumina\u00e7\u00e3o LED.\" \/>\n<meta name=\"robots\" content=\"index, follow, max-snippet:-1, max-image-preview:large, max-video-preview:-1\" \/>\n<link rel=\"canonical\" href=\"https:\/\/www.exatron.com.br\/en\/produtos\/dispositivo-de-protecao-contra-surtos-dps-para-luminarias\/\" \/>\n<meta property=\"og:locale\" content=\"en_US\" \/>\n<meta property=\"og:type\" content=\"article\" \/>\n<meta property=\"og:title\" content=\"Dispositivo de Prote\u00e7\u00e3o Contra Surtos (DPS) para Lumin\u00e1rias - EXATRON\" \/>\n<meta property=\"og:description\" content=\"Para lumin\u00e1rias, com tecnologia MOV e GDT, suporta surtos de at\u00e9 15kA e tens\u00e3o de 10kV. Indicado para prote\u00e7\u00e3o de sistemas de ilumina\u00e7\u00e3o LED.\" \/>\n<meta property=\"og:url\" content=\"https:\/\/www.exatron.com.br\/en\/produtos\/dispositivo-de-protecao-contra-surtos-dps-para-luminarias\/\" \/>\n<meta property=\"og:site_name\" content=\"EXATRON\" \/>\n<meta property=\"article:modified_time\" content=\"2026-04-23T19:38:21+00:00\" \/>\n<meta property=\"og:image\" content=\"https:\/\/www.exatron.com.br\/wp-content\/uploads\/llip3000-15tr.jpg\" \/>\n\t<meta property=\"og:image:width\" content=\"540\" \/>\n\t<meta property=\"og:image:height\" content=\"540\" \/>\n\t<meta property=\"og:image:type\" content=\"image\/jpeg\" \/>\n<meta name=\"twitter:card\" content=\"summary_large_image\" \/>\n<meta name=\"twitter:label1\" content=\"Est. reading time\" \/>\n\t<meta name=\"twitter:data1\" content=\"1 minute\" \/>\n<script type=\"application\/ld+json\" class=\"yoast-schema-graph\">{\"@context\":\"https:\\\/\\\/schema.org\",\"@graph\":[{\"@type\":\"WebPage\",\"@id\":\"https:\\\/\\\/www.exatron.com.br\\\/produtos\\\/dispositivo-de-protecao-contra-surtos-dps-para-luminarias\\\/\",\"url\":\"https:\\\/\\\/www.exatron.com.br\\\/produtos\\\/dispositivo-de-protecao-contra-surtos-dps-para-luminarias\\\/\",\"name\":\"Dispositivo de Prote\u00e7\u00e3o Contra Surtos (DPS) para Lumin\u00e1rias - EXATRON\",\"isPartOf\":{\"@id\":\"https:\\\/\\\/www.exatron.com.br\\\/#website\"},\"primaryImageOfPage\":{\"@id\":\"https:\\\/\\\/www.exatron.com.br\\\/produtos\\\/dispositivo-de-protecao-contra-surtos-dps-para-luminarias\\\/#primaryimage\"},\"image\":{\"@id\":\"https:\\\/\\\/www.exatron.com.br\\\/produtos\\\/dispositivo-de-protecao-contra-surtos-dps-para-luminarias\\\/#primaryimage\"},\"thumbnailUrl\":\"https:\\\/\\\/www.exatron.com.br\\\/wp-content\\\/uploads\\\/llip3000-15tr.jpg\",\"datePublished\":\"2026-03-03T13:06:00+00:00\",\"dateModified\":\"2026-04-23T19:38:21+00:00\",\"description\":\"Para lumin\u00e1rias, com tecnologia MOV e GDT, suporta surtos de at\u00e9 15kA e tens\u00e3o de 10kV. Indicado para prote\u00e7\u00e3o de sistemas de ilumina\u00e7\u00e3o LED.\",\"breadcrumb\":{\"@id\":\"https:\\\/\\\/www.exatron.com.br\\\/produtos\\\/dispositivo-de-protecao-contra-surtos-dps-para-luminarias\\\/#breadcrumb\"},\"inLanguage\":\"en-US\",\"potentialAction\":[{\"@type\":\"ReadAction\",\"target\":[\"https:\\\/\\\/www.exatron.com.br\\\/produtos\\\/dispositivo-de-protecao-contra-surtos-dps-para-luminarias\\\/\"]}]},{\"@type\":\"ImageObject\",\"inLanguage\":\"en-US\",\"@id\":\"https:\\\/\\\/www.exatron.com.br\\\/produtos\\\/dispositivo-de-protecao-contra-surtos-dps-para-luminarias\\\/#primaryimage\",\"url\":\"https:\\\/\\\/www.exatron.com.br\\\/wp-content\\\/uploads\\\/llip3000-15tr.jpg\",\"contentUrl\":\"https:\\\/\\\/www.exatron.com.br\\\/wp-content\\\/uploads\\\/llip3000-15tr.jpg\",\"width\":540,\"height\":540,\"caption\":\"A linha de Dispositivos de Prote\u00e7\u00e3o Contra Surtos (DPS) para lumin\u00e1rias da Exatron possui classe II de prote\u00e7\u00e3o, e s\u00e3o equipamentos com tecnologia combinada de Varistor de \u00d3xido Met\u00e1lico (MOV) e Centelhador a G\u00e1s (GDT), que oferecem maior vida \u00fatil aos drives de pot\u00eancia de lumin\u00e1rias e equipamentos eletroeletr\u00f4nicos em geral.\"},{\"@type\":\"BreadcrumbList\",\"@id\":\"https:\\\/\\\/www.exatron.com.br\\\/produtos\\\/dispositivo-de-protecao-contra-surtos-dps-para-luminarias\\\/#breadcrumb\",\"itemListElement\":[{\"@type\":\"ListItem\",\"position\":1,\"name\":\"In\u00edcio\",\"item\":\"https:\\\/\\\/www.exatron.com.br\\\/\"},{\"@type\":\"ListItem\",\"position\":2,\"name\":\"Loja\",\"item\":\"https:\\\/\\\/www.exatron.com.br\\\/loja\\\/\"},{\"@type\":\"ListItem\",\"position\":3,\"name\":\"Dispositivo de Prote\u00e7\u00e3o Contra Surtos (DPS) para Lumin\u00e1rias\"}]},{\"@type\":\"WebSite\",\"@id\":\"https:\\\/\\\/www.exatron.com.br\\\/#website\",\"url\":\"https:\\\/\\\/www.exatron.com.br\\\/\",\"name\":\"EXATRON\",\"description\":\"\",\"publisher\":{\"@id\":\"https:\\\/\\\/www.exatron.com.br\\\/#organization\"},\"potentialAction\":[{\"@type\":\"SearchAction\",\"target\":{\"@type\":\"EntryPoint\",\"urlTemplate\":\"https:\\\/\\\/www.exatron.com.br\\\/?s={search_term_string}\"},\"query-input\":{\"@type\":\"PropertyValueSpecification\",\"valueRequired\":true,\"valueName\":\"search_term_string\"}}],\"inLanguage\":\"en-US\"},{\"@type\":\"Organization\",\"@id\":\"https:\\\/\\\/www.exatron.com.br\\\/#organization\",\"name\":\"EXATRON\",\"url\":\"https:\\\/\\\/www.exatron.com.br\\\/\",\"logo\":{\"@type\":\"ImageObject\",\"inLanguage\":\"en-US\",\"@id\":\"https:\\\/\\\/www.exatron.com.br\\\/#\\\/schema\\\/logo\\\/image\\\/\",\"url\":\"https:\\\/\\\/www.exatron.com.br\\\/wp-content\\\/uploads\\\/2024\\\/11\\\/default-kit.png\",\"contentUrl\":\"https:\\\/\\\/www.exatron.com.br\\\/wp-content\\\/uploads\\\/2024\\\/11\\\/default-kit.png\",\"width\":956,\"height\":192,\"caption\":\"EXATRON\"},\"image\":{\"@id\":\"https:\\\/\\\/www.exatron.com.br\\\/#\\\/schema\\\/logo\\\/image\\\/\"}}]}<\/script>\n<!-- \/ Yoast SEO plugin. -->","yoast_head_json":{"title":"Dispositivo de Prote\u00e7\u00e3o Contra Surtos (DPS) para Lumin\u00e1rias - EXATRON","description":"Para lumin\u00e1rias, com tecnologia MOV e GDT, suporta surtos de at\u00e9 15kA e tens\u00e3o de 10kV. Indicado para prote\u00e7\u00e3o de sistemas de ilumina\u00e7\u00e3o LED.","robots":{"index":"index","follow":"follow","max-snippet":"max-snippet:-1","max-image-preview":"max-image-preview:large","max-video-preview":"max-video-preview:-1"},"canonical":"https:\/\/www.exatron.com.br\/en\/produtos\/dispositivo-de-protecao-contra-surtos-dps-para-luminarias\/","og_locale":"en_US","og_type":"article","og_title":"Dispositivo de Prote\u00e7\u00e3o Contra Surtos (DPS) para Lumin\u00e1rias - EXATRON","og_description":"Para lumin\u00e1rias, com tecnologia MOV e GDT, suporta surtos de at\u00e9 15kA e tens\u00e3o de 10kV. Indicado para prote\u00e7\u00e3o de sistemas de ilumina\u00e7\u00e3o LED.","og_url":"https:\/\/www.exatron.com.br\/en\/produtos\/dispositivo-de-protecao-contra-surtos-dps-para-luminarias\/","og_site_name":"EXATRON","article_modified_time":"2026-04-23T19:38:21+00:00","og_image":[{"width":540,"height":540,"url":"https:\/\/www.exatron.com.br\/wp-content\/uploads\/llip3000-15tr.jpg","type":"image\/jpeg"}],"twitter_card":"summary_large_image","twitter_misc":{"Est. reading time":"1 minute"},"schema":{"@context":"https:\/\/schema.org","@graph":[{"@type":"WebPage","@id":"https:\/\/www.exatron.com.br\/produtos\/dispositivo-de-protecao-contra-surtos-dps-para-luminarias\/","url":"https:\/\/www.exatron.com.br\/produtos\/dispositivo-de-protecao-contra-surtos-dps-para-luminarias\/","name":"Dispositivo de Prote\u00e7\u00e3o Contra Surtos (DPS) para Lumin\u00e1rias - EXATRON","isPartOf":{"@id":"https:\/\/www.exatron.com.br\/#website"},"primaryImageOfPage":{"@id":"https:\/\/www.exatron.com.br\/produtos\/dispositivo-de-protecao-contra-surtos-dps-para-luminarias\/#primaryimage"},"image":{"@id":"https:\/\/www.exatron.com.br\/produtos\/dispositivo-de-protecao-contra-surtos-dps-para-luminarias\/#primaryimage"},"thumbnailUrl":"https:\/\/www.exatron.com.br\/wp-content\/uploads\/llip3000-15tr.jpg","datePublished":"2026-03-03T13:06:00+00:00","dateModified":"2026-04-23T19:38:21+00:00","description":"Para lumin\u00e1rias, com tecnologia MOV e GDT, suporta surtos de at\u00e9 15kA e tens\u00e3o de 10kV. Indicado para prote\u00e7\u00e3o de sistemas de ilumina\u00e7\u00e3o LED.","breadcrumb":{"@id":"https:\/\/www.exatron.com.br\/produtos\/dispositivo-de-protecao-contra-surtos-dps-para-luminarias\/#breadcrumb"},"inLanguage":"en-US","potentialAction":[{"@type":"ReadAction","target":["https:\/\/www.exatron.com.br\/produtos\/dispositivo-de-protecao-contra-surtos-dps-para-luminarias\/"]}]},{"@type":"ImageObject","inLanguage":"en-US","@id":"https:\/\/www.exatron.com.br\/produtos\/dispositivo-de-protecao-contra-surtos-dps-para-luminarias\/#primaryimage","url":"https:\/\/www.exatron.com.br\/wp-content\/uploads\/llip3000-15tr.jpg","contentUrl":"https:\/\/www.exatron.com.br\/wp-content\/uploads\/llip3000-15tr.jpg","width":540,"height":540,"caption":"A linha de Dispositivos de Prote\u00e7\u00e3o Contra Surtos (DPS) para lumin\u00e1rias da Exatron possui classe II de prote\u00e7\u00e3o, e s\u00e3o equipamentos com tecnologia combinada de Varistor de \u00d3xido Met\u00e1lico (MOV) e Centelhador a G\u00e1s (GDT), que oferecem maior vida \u00fatil aos drives de pot\u00eancia de lumin\u00e1rias e equipamentos eletroeletr\u00f4nicos em geral."},{"@type":"BreadcrumbList","@id":"https:\/\/www.exatron.com.br\/produtos\/dispositivo-de-protecao-contra-surtos-dps-para-luminarias\/#breadcrumb","itemListElement":[{"@type":"ListItem","position":1,"name":"In\u00edcio","item":"https:\/\/www.exatron.com.br\/"},{"@type":"ListItem","position":2,"name":"Loja","item":"https:\/\/www.exatron.com.br\/loja\/"},{"@type":"ListItem","position":3,"name":"Dispositivo de Prote\u00e7\u00e3o Contra Surtos (DPS) para Lumin\u00e1rias"}]},{"@type":"WebSite","@id":"https:\/\/www.exatron.com.br\/#website","url":"https:\/\/www.exatron.com.br\/","name":"EXATRON","description":"","publisher":{"@id":"https:\/\/www.exatron.com.br\/#organization"},"potentialAction":[{"@type":"SearchAction","target":{"@type":"EntryPoint","urlTemplate":"https:\/\/www.exatron.com.br\/?s={search_term_string}"},"query-input":{"@type":"PropertyValueSpecification","valueRequired":true,"valueName":"search_term_string"}}],"inLanguage":"en-US"},{"@type":"Organization","@id":"https:\/\/www.exatron.com.br\/#organization","name":"EXATRON","url":"https:\/\/www.exatron.com.br\/","logo":{"@type":"ImageObject","inLanguage":"en-US","@id":"https:\/\/www.exatron.com.br\/#\/schema\/logo\/image\/","url":"https:\/\/www.exatron.com.br\/wp-content\/uploads\/2024\/11\/default-kit.png","contentUrl":"https:\/\/www.exatron.com.br\/wp-content\/uploads\/2024\/11\/default-kit.png","width":956,"height":192,"caption":"EXATRON"},"image":{"@id":"https:\/\/www.exatron.com.br\/#\/schema\/logo\/image\/"}}]}},"_links":{"self":[{"href":"https:\/\/www.exatron.com.br\/en\/wp-json\/wp\/v2\/product\/13280","targetHints":{"allow":["GET"]}}],"collection":[{"href":"https:\/\/www.exatron.com.br\/en\/wp-json\/wp\/v2\/product"}],"about":[{"href":"https:\/\/www.exatron.com.br\/en\/wp-json\/wp\/v2\/types\/product"}],"replies":[{"embeddable":true,"href":"https:\/\/www.exatron.com.br\/en\/wp-json\/wp\/v2\/comments?post=13280"}],"wp:featuredmedia":[{"embeddable":true,"href":"https:\/\/www.exatron.com.br\/en\/wp-json\/wp\/v2\/media\/13401"}],"wp:attachment":[{"href":"https:\/\/www.exatron.com.br\/en\/wp-json\/wp\/v2\/media?parent=13280"}],"wp:term":[{"taxonomy":"aplicacao","embeddable":true,"href":"https:\/\/www.exatron.com.br\/en\/wp-json\/wp\/v2\/aplicacao?post=13280"},{"taxonomy":"product_brand","embeddable":true,"href":"https:\/\/www.exatron.com.br\/en\/wp-json\/wp\/v2\/product_brand?post=13280"},{"taxonomy":"product_cat","embeddable":true,"href":"https:\/\/www.exatron.com.br\/en\/wp-json\/wp\/v2\/product_cat?post=13280"},{"taxonomy":"product_tag","embeddable":true,"href":"https:\/\/www.exatron.com.br\/en\/wp-json\/wp\/v2\/product_tag?post=13280"}],"curies":[{"name":"wp","href":"https:\/\/api.w.org\/{rel}","templated":true}]}}