{"id":14683,"date":"2026-04-22T09:23:22","date_gmt":"2026-04-22T12:23:22","guid":{"rendered":"https:\/\/exatron.com.br\/?post_type=product&#038;p=14683"},"modified":"2026-04-27T19:16:03","modified_gmt":"2026-04-27T22:16:03","slug":"campainha-eletronica-sem-fio-bivolt-40-toques","status":"publish","type":"product","link":"https:\/\/www.exatron.com.br\/en\/produtos\/campainha-eletronica-sem-fio-bivolt-40-toques\/","title":{"rendered":"Wireless Electronic Doorbell, Dual Voltage, 40 Tones"},"content":{"rendered":"<h3>Technical Specifications<\/h3>\n<ul>\n<li>Tens\u00e3o: 100-240V~ &#8211; bivolt autom\u00e1tico (Receptor) e 12VCD (Transmissor\/Controle remoto);<\/li>\n<li>Power consumption: &lt; 1W;<\/li>\n<li>Operating frequency: 50\/60Hz;<\/li>\n<li>Dimens\u00f5es (CxLxA): 86x50x64mm (Receptor) e 78x56x20mm (Transmissor\/Controle remoto);<\/li>\n<li>Prote\u00e7\u00e3o contra surto: Sim;<\/li>\n<li>Alcance: At\u00e9 250m entre o controle remoto e o receptor (em campo aberto);<\/li>\n<li>Observa\u00e7\u00e3o: Poss\u00edvel adicionar mais de um controle remoto (at\u00e9 40 controles remotos associados simultaneamente);<\/li>\n<li>Instala\u00e7\u00e3o: Ambiente externo: Transmissor\/Controle remoto e em Ambiente interno: Receptor;<\/li>\n<li>Intensidade de volume: tr\u00eas op\u00e7\u00f5es;<\/li>\n<li>Intensidade sonora: entre 70dBA e 90dBA variando de acordo com o volume e som selecionado (Condi\u00e7\u00f5es do teste: medido dBA a 1m do receptor);<\/li>\n<li>Noise classification: discontinuous;<\/li>\n<li>Sound device type R2: activated by a switch with the sound emission duration according to the selected tone;<\/li>\n<li>Mem\u00f3ria de programa\u00e7\u00e3o: ap\u00f3s a campainha ser desenergizada, o som e o n\u00edvel de volume selecionados anteriormente permanecem os mesmos quando o dispositivo for ligado novamente;<\/li>\n<li>Indicador luminoso: sempre que acionada, a campainha piscar\u00e1 o Led do transmissor\/controle remoto e receptor;<\/li>\n<li>40 op\u00e7\u00f5es de toques;<\/li>\n<li>Poss\u00edvel ajustar um toque musical diferente para cada controle remoto;<\/li>\n<li>Poss\u00edvel associar at\u00e9 40 controles remotos para o acionamento;<\/li>\n<li>Temperatura de opera\u00e7\u00e3o: 0\u00b0C a 40\u00b0C;<\/li>\n<li>RF 433.92MHZ;<\/li>\n<li>Plugue padr\u00e3o NBR 10A-250VAC;<\/li>\n<li>Composi\u00e7\u00e3o: Componentes pl\u00e1sticos, eletr\u00f4nicos e ligas met\u00e1licas;<\/li>\n<li>Cor: Branco;<\/li>\n<li>Grau de prote\u00e7\u00e3o (IP): Transmissor\/Controle remoto (IP65) e Receptor (IP20);<\/li>\n<li>Garantia: 02 anos.<\/li>\n<\/ul>","protected":false},"excerpt":{"rendered":"<p>A Campainha Eletr\u00f4nica Sem Fio da Exatron \u00e9 um produto eletr\u00f4nico que traz comodidade e facilidade aos seus usu\u00e1rios, com r\u00e1pida e f\u00e1cil instala\u00e7\u00e3o, design clean oferece uma solu\u00e7\u00e3o mais segura, enquanto embeleza e harmoniza o ambiente. Possui 40 op\u00e7\u00f5es de sons polif\u00f4nicos com 3 n\u00edveis de volume configur\u00e1veis e ainda possibilita adicionar at\u00e9 40 controles ao receptor. Sua instala\u00e7\u00e3o \u00e9 f\u00e1cil pode ser feita sem nenhum tipo de ferramenta. Acompanha fita dupla face e parafusos para instala\u00e7\u00e3o.<\/p>\n<p><i>Incorpora produto homologado pela ANATEL (Ag\u00eancia Nacional de Telecomunica\u00e7\u00f5es).<\/i><\/p>","protected":false},"featured_media":14618,"comment_status":"open","ping_status":"closed","template":"","meta":{"_acf_changed":false,"_joinchat":[]},"aplicacao":[],"product_brand":[],"product_cat":[312,340],"product_tag":[828,826,827],"class_list":{"0":"post-14683","1":"product","2":"type-product","3":"status-publish","4":"has-post-thumbnail","6":"product_cat-campainhas-musicais-eletronicas","7":"product_cat-campainhas-sem-fio","8":"product_tag-campainha-exatron","9":"product_tag-campainha-sem-fio","10":"product_tag-campainha-wireless","12":"first","13":"instock","14":"shipping-taxable","15":"purchasable","16":"product-type-simple"},"acf":[],"yoast_head":"<!-- This site is optimized with the Yoast SEO plugin v27.3 - https:\/\/yoast.com\/product\/yoast-seo-wordpress\/ -->\n<title>Campainha Eletr\u00f4nica sem fio Bivolt 40 Toques - EXATRON<\/title>\n<meta name=\"description\" content=\"Garanta mais seguran\u00e7a com a Campainha Eletr\u00f4nica Exatron. Sem fio, f\u00e1cil de instalar, com 40 melodias, 3 volumes e suporte para at\u00e9 40 controles. A melhor solu\u00e7\u00e3o para sua casa ou empresa.\" \/>\n<meta name=\"robots\" content=\"index, follow, max-snippet:-1, max-image-preview:large, max-video-preview:-1\" \/>\n<link rel=\"canonical\" href=\"https:\/\/www.exatron.com.br\/en\/produtos\/campainha-eletronica-sem-fio-bivolt-40-toques\/\" \/>\n<meta property=\"og:locale\" content=\"en_US\" \/>\n<meta property=\"og:type\" content=\"article\" \/>\n<meta property=\"og:title\" content=\"Campainha Eletr\u00f4nica sem fio Bivolt 40 Toques - EXATRON\" \/>\n<meta property=\"og:description\" content=\"Garanta mais seguran\u00e7a com a Campainha Eletr\u00f4nica Exatron. Sem fio, f\u00e1cil de instalar, com 40 melodias, 3 volumes e suporte para at\u00e9 40 controles. A melhor solu\u00e7\u00e3o para sua casa ou empresa.\" \/>\n<meta property=\"og:url\" content=\"https:\/\/www.exatron.com.br\/en\/produtos\/campainha-eletronica-sem-fio-bivolt-40-toques\/\" \/>\n<meta property=\"og:site_name\" content=\"EXATRON\" \/>\n<meta property=\"article:modified_time\" content=\"2026-04-27T22:16:03+00:00\" \/>\n<meta property=\"og:image\" content=\"https:\/\/www.exatron.com.br\/wp-content\/uploads\/leca4950_7-1.png\" \/>\n\t<meta property=\"og:image:width\" content=\"1000\" \/>\n\t<meta property=\"og:image:height\" content=\"1000\" \/>\n\t<meta property=\"og:image:type\" content=\"image\/png\" \/>\n<meta name=\"twitter:card\" content=\"summary_large_image\" \/>\n<meta name=\"twitter:label1\" content=\"Est. reading time\" \/>\n\t<meta name=\"twitter:data1\" content=\"2 minutes\" \/>\n<script type=\"application\/ld+json\" class=\"yoast-schema-graph\">{\"@context\":\"https:\\\/\\\/schema.org\",\"@graph\":[{\"@type\":\"WebPage\",\"@id\":\"https:\\\/\\\/www.exatron.com.br\\\/produtos\\\/campainha-eletronica-sem-fio-bivolt-40-toques\\\/\",\"url\":\"https:\\\/\\\/www.exatron.com.br\\\/produtos\\\/campainha-eletronica-sem-fio-bivolt-40-toques\\\/\",\"name\":\"Campainha Eletr\u00f4nica sem fio Bivolt 40 Toques - EXATRON\",\"isPartOf\":{\"@id\":\"https:\\\/\\\/www.exatron.com.br\\\/#website\"},\"primaryImageOfPage\":{\"@id\":\"https:\\\/\\\/www.exatron.com.br\\\/produtos\\\/campainha-eletronica-sem-fio-bivolt-40-toques\\\/#primaryimage\"},\"image\":{\"@id\":\"https:\\\/\\\/www.exatron.com.br\\\/produtos\\\/campainha-eletronica-sem-fio-bivolt-40-toques\\\/#primaryimage\"},\"thumbnailUrl\":\"https:\\\/\\\/www.exatron.com.br\\\/wp-content\\\/uploads\\\/leca4950_7-1.png\",\"datePublished\":\"2026-04-22T12:23:22+00:00\",\"dateModified\":\"2026-04-27T22:16:03+00:00\",\"description\":\"Garanta mais seguran\u00e7a com a Campainha Eletr\u00f4nica Exatron. Sem fio, f\u00e1cil de instalar, com 40 melodias, 3 volumes e suporte para at\u00e9 40 controles. A melhor solu\u00e7\u00e3o para sua casa ou empresa.\",\"breadcrumb\":{\"@id\":\"https:\\\/\\\/www.exatron.com.br\\\/produtos\\\/campainha-eletronica-sem-fio-bivolt-40-toques\\\/#breadcrumb\"},\"inLanguage\":\"en-US\",\"potentialAction\":[{\"@type\":\"ReadAction\",\"target\":[\"https:\\\/\\\/www.exatron.com.br\\\/produtos\\\/campainha-eletronica-sem-fio-bivolt-40-toques\\\/\"]}]},{\"@type\":\"ImageObject\",\"inLanguage\":\"en-US\",\"@id\":\"https:\\\/\\\/www.exatron.com.br\\\/produtos\\\/campainha-eletronica-sem-fio-bivolt-40-toques\\\/#primaryimage\",\"url\":\"https:\\\/\\\/www.exatron.com.br\\\/wp-content\\\/uploads\\\/leca4950_7-1.png\",\"contentUrl\":\"https:\\\/\\\/www.exatron.com.br\\\/wp-content\\\/uploads\\\/leca4950_7-1.png\",\"width\":1000,\"height\":1000,\"caption\":\"Campainha Eletr\u00f4nica sem fio Bivolt 28 Toques 01 Controle - Frente\"},{\"@type\":\"BreadcrumbList\",\"@id\":\"https:\\\/\\\/www.exatron.com.br\\\/produtos\\\/campainha-eletronica-sem-fio-bivolt-40-toques\\\/#breadcrumb\",\"itemListElement\":[{\"@type\":\"ListItem\",\"position\":1,\"name\":\"In\u00edcio\",\"item\":\"https:\\\/\\\/www.exatron.com.br\\\/\"},{\"@type\":\"ListItem\",\"position\":2,\"name\":\"Loja\",\"item\":\"https:\\\/\\\/www.exatron.com.br\\\/loja\\\/\"},{\"@type\":\"ListItem\",\"position\":3,\"name\":\"Campainha Eletr\u00f4nica sem fio Bivolt 40 Toques\"}]},{\"@type\":\"WebSite\",\"@id\":\"https:\\\/\\\/www.exatron.com.br\\\/#website\",\"url\":\"https:\\\/\\\/www.exatron.com.br\\\/\",\"name\":\"EXATRON\",\"description\":\"\",\"publisher\":{\"@id\":\"https:\\\/\\\/www.exatron.com.br\\\/#organization\"},\"potentialAction\":[{\"@type\":\"SearchAction\",\"target\":{\"@type\":\"EntryPoint\",\"urlTemplate\":\"https:\\\/\\\/www.exatron.com.br\\\/?s={search_term_string}\"},\"query-input\":{\"@type\":\"PropertyValueSpecification\",\"valueRequired\":true,\"valueName\":\"search_term_string\"}}],\"inLanguage\":\"en-US\"},{\"@type\":\"Organization\",\"@id\":\"https:\\\/\\\/www.exatron.com.br\\\/#organization\",\"name\":\"EXATRON\",\"url\":\"https:\\\/\\\/www.exatron.com.br\\\/\",\"logo\":{\"@type\":\"ImageObject\",\"inLanguage\":\"en-US\",\"@id\":\"https:\\\/\\\/www.exatron.com.br\\\/#\\\/schema\\\/logo\\\/image\\\/\",\"url\":\"https:\\\/\\\/www.exatron.com.br\\\/wp-content\\\/uploads\\\/2024\\\/11\\\/default-kit.png\",\"contentUrl\":\"https:\\\/\\\/www.exatron.com.br\\\/wp-content\\\/uploads\\\/2024\\\/11\\\/default-kit.png\",\"width\":956,\"height\":192,\"caption\":\"EXATRON\"},\"image\":{\"@id\":\"https:\\\/\\\/www.exatron.com.br\\\/#\\\/schema\\\/logo\\\/image\\\/\"}}]}<\/script>\n<!-- \/ Yoast SEO plugin. -->","yoast_head_json":{"title":"Campainha Eletr\u00f4nica sem fio Bivolt 40 Toques - EXATRON","description":"Garanta mais seguran\u00e7a com a Campainha Eletr\u00f4nica Exatron. Sem fio, f\u00e1cil de instalar, com 40 melodias, 3 volumes e suporte para at\u00e9 40 controles. A melhor solu\u00e7\u00e3o para sua casa ou empresa.","robots":{"index":"index","follow":"follow","max-snippet":"max-snippet:-1","max-image-preview":"max-image-preview:large","max-video-preview":"max-video-preview:-1"},"canonical":"https:\/\/www.exatron.com.br\/en\/produtos\/campainha-eletronica-sem-fio-bivolt-40-toques\/","og_locale":"en_US","og_type":"article","og_title":"Campainha Eletr\u00f4nica sem fio Bivolt 40 Toques - EXATRON","og_description":"Garanta mais seguran\u00e7a com a Campainha Eletr\u00f4nica Exatron. Sem fio, f\u00e1cil de instalar, com 40 melodias, 3 volumes e suporte para at\u00e9 40 controles. A melhor solu\u00e7\u00e3o para sua casa ou empresa.","og_url":"https:\/\/www.exatron.com.br\/en\/produtos\/campainha-eletronica-sem-fio-bivolt-40-toques\/","og_site_name":"EXATRON","article_modified_time":"2026-04-27T22:16:03+00:00","og_image":[{"width":1000,"height":1000,"url":"https:\/\/www.exatron.com.br\/wp-content\/uploads\/leca4950_7-1.png","type":"image\/png"}],"twitter_card":"summary_large_image","twitter_misc":{"Est. reading time":"2 minutes"},"schema":{"@context":"https:\/\/schema.org","@graph":[{"@type":"WebPage","@id":"https:\/\/www.exatron.com.br\/produtos\/campainha-eletronica-sem-fio-bivolt-40-toques\/","url":"https:\/\/www.exatron.com.br\/produtos\/campainha-eletronica-sem-fio-bivolt-40-toques\/","name":"Campainha Eletr\u00f4nica sem fio Bivolt 40 Toques - EXATRON","isPartOf":{"@id":"https:\/\/www.exatron.com.br\/#website"},"primaryImageOfPage":{"@id":"https:\/\/www.exatron.com.br\/produtos\/campainha-eletronica-sem-fio-bivolt-40-toques\/#primaryimage"},"image":{"@id":"https:\/\/www.exatron.com.br\/produtos\/campainha-eletronica-sem-fio-bivolt-40-toques\/#primaryimage"},"thumbnailUrl":"https:\/\/www.exatron.com.br\/wp-content\/uploads\/leca4950_7-1.png","datePublished":"2026-04-22T12:23:22+00:00","dateModified":"2026-04-27T22:16:03+00:00","description":"Garanta mais seguran\u00e7a com a Campainha Eletr\u00f4nica Exatron. Sem fio, f\u00e1cil de instalar, com 40 melodias, 3 volumes e suporte para at\u00e9 40 controles. A melhor solu\u00e7\u00e3o para sua casa ou empresa.","breadcrumb":{"@id":"https:\/\/www.exatron.com.br\/produtos\/campainha-eletronica-sem-fio-bivolt-40-toques\/#breadcrumb"},"inLanguage":"en-US","potentialAction":[{"@type":"ReadAction","target":["https:\/\/www.exatron.com.br\/produtos\/campainha-eletronica-sem-fio-bivolt-40-toques\/"]}]},{"@type":"ImageObject","inLanguage":"en-US","@id":"https:\/\/www.exatron.com.br\/produtos\/campainha-eletronica-sem-fio-bivolt-40-toques\/#primaryimage","url":"https:\/\/www.exatron.com.br\/wp-content\/uploads\/leca4950_7-1.png","contentUrl":"https:\/\/www.exatron.com.br\/wp-content\/uploads\/leca4950_7-1.png","width":1000,"height":1000,"caption":"Campainha Eletr\u00f4nica sem fio Bivolt 28 Toques 01 Controle - Frente"},{"@type":"BreadcrumbList","@id":"https:\/\/www.exatron.com.br\/produtos\/campainha-eletronica-sem-fio-bivolt-40-toques\/#breadcrumb","itemListElement":[{"@type":"ListItem","position":1,"name":"In\u00edcio","item":"https:\/\/www.exatron.com.br\/"},{"@type":"ListItem","position":2,"name":"Loja","item":"https:\/\/www.exatron.com.br\/loja\/"},{"@type":"ListItem","position":3,"name":"Campainha Eletr\u00f4nica sem fio Bivolt 40 Toques"}]},{"@type":"WebSite","@id":"https:\/\/www.exatron.com.br\/#website","url":"https:\/\/www.exatron.com.br\/","name":"EXATRON","description":"","publisher":{"@id":"https:\/\/www.exatron.com.br\/#organization"},"potentialAction":[{"@type":"SearchAction","target":{"@type":"EntryPoint","urlTemplate":"https:\/\/www.exatron.com.br\/?s={search_term_string}"},"query-input":{"@type":"PropertyValueSpecification","valueRequired":true,"valueName":"search_term_string"}}],"inLanguage":"en-US"},{"@type":"Organization","@id":"https:\/\/www.exatron.com.br\/#organization","name":"EXATRON","url":"https:\/\/www.exatron.com.br\/","logo":{"@type":"ImageObject","inLanguage":"en-US","@id":"https:\/\/www.exatron.com.br\/#\/schema\/logo\/image\/","url":"https:\/\/www.exatron.com.br\/wp-content\/uploads\/2024\/11\/default-kit.png","contentUrl":"https:\/\/www.exatron.com.br\/wp-content\/uploads\/2024\/11\/default-kit.png","width":956,"height":192,"caption":"EXATRON"},"image":{"@id":"https:\/\/www.exatron.com.br\/#\/schema\/logo\/image\/"}}]}},"_links":{"self":[{"href":"https:\/\/www.exatron.com.br\/en\/wp-json\/wp\/v2\/product\/14683","targetHints":{"allow":["GET"]}}],"collection":[{"href":"https:\/\/www.exatron.com.br\/en\/wp-json\/wp\/v2\/product"}],"about":[{"href":"https:\/\/www.exatron.com.br\/en\/wp-json\/wp\/v2\/types\/product"}],"replies":[{"embeddable":true,"href":"https:\/\/www.exatron.com.br\/en\/wp-json\/wp\/v2\/comments?post=14683"}],"wp:featuredmedia":[{"embeddable":true,"href":"https:\/\/www.exatron.com.br\/en\/wp-json\/wp\/v2\/media\/14618"}],"wp:attachment":[{"href":"https:\/\/www.exatron.com.br\/en\/wp-json\/wp\/v2\/media?parent=14683"}],"wp:term":[{"taxonomy":"aplicacao","embeddable":true,"href":"https:\/\/www.exatron.com.br\/en\/wp-json\/wp\/v2\/aplicacao?post=14683"},{"taxonomy":"product_brand","embeddable":true,"href":"https:\/\/www.exatron.com.br\/en\/wp-json\/wp\/v2\/product_brand?post=14683"},{"taxonomy":"product_cat","embeddable":true,"href":"https:\/\/www.exatron.com.br\/en\/wp-json\/wp\/v2\/product_cat?post=14683"},{"taxonomy":"product_tag","embeddable":true,"href":"https:\/\/www.exatron.com.br\/en\/wp-json\/wp\/v2\/product_tag?post=14683"}],"curies":[{"name":"wp","href":"https:\/\/api.w.org\/{rel}","templated":true}]}}