{"id":2228,"date":"2025-10-16T20:34:31","date_gmt":"2025-10-16T23:34:31","guid":{"rendered":"https:\/\/exatron.com.br\/?page_id=2228"},"modified":"2026-05-07T10:28:52","modified_gmt":"2026-05-07T13:28:52","slug":"design-e-tecnologia","status":"publish","type":"page","link":"https:\/\/www.exatron.com.br\/es\/design-e-tecnologia\/","title":{"rendered":"Dise\u00f1o"},"content":{"rendered":"<div data-elementor-type=\"wp-page\" data-elementor-id=\"2228\" class=\"elementor elementor-2228\" data-elementor-post-type=\"page\">\n\t\t\t\t<div class=\"elementor-element elementor-element-31d0934 e-flex e-con-boxed e-con e-parent\" data-id=\"31d0934\" data-element_type=\"container\" data-e-type=\"container\" data-settings=\"{&quot;background_background&quot;:&quot;classic&quot;}\">\n\t\t\t\t\t<div class=\"e-con-inner\">\n\t\t\t\t<div class=\"elementor-element elementor-element-adcda19 elementor-widget__width-initial elementor-widget elementor-widget-heading\" data-id=\"adcda19\" data-element_type=\"widget\" data-e-type=\"widget\" data-widget_type=\"heading.default\">\n\t\t\t\t<div class=\"elementor-widget-container\">\n\t\t\t\t\t<h1 class=\"elementor-heading-title elementor-size-default\">Soluciones dise\u00f1adas para potenciar su proyecto.<\/h1>\t\t\t\t<\/div>\n\t\t\t\t<\/div>\n\t\t\t\t<div class=\"elementor-element elementor-element-f6664e1 elementor-widget__width-initial elementor-widget elementor-widget-heading\" data-id=\"f6664e1\" data-element_type=\"widget\" data-e-type=\"widget\" data-widget_type=\"heading.default\">\n\t\t\t\t<div class=\"elementor-widget-container\">\n\t\t\t\t\t<p class=\"elementor-heading-title elementor-size-default\">El dise\u00f1o y la tecnolog\u00eda se complementan para crear entornos m\u00e1s inteligentes, sofisticados y funcionales. Exatron desarrolla productos que combinan est\u00e9tica, innovaci\u00f3n y rendimiento para satisfacer las necesidades de los profesionales m\u00e1s exigentes.<\/p>\t\t\t\t<\/div>\n\t\t\t\t<\/div>\n\t\t<div class=\"elementor-element elementor-element-69b257d e-con-full e-flex e-con e-child\" data-id=\"69b257d\" data-element_type=\"container\" data-e-type=\"container\">\n\t\t\t\t<div class=\"elementor-element elementor-element-a175d70 elementor-widget elementor-widget-heading\" data-id=\"a175d70\" data-element_type=\"widget\" data-e-type=\"widget\" data-widget_type=\"heading.default\">\n\t\t\t\t<div class=\"elementor-widget-container\">\n\t\t\t\t\t<p class=\"elementor-heading-title elementor-size-default\"><a href=\"https:\/\/www.exatron.com.br\/es\/\">Hogar<\/a><\/p>\t\t\t\t<\/div>\n\t\t\t\t<\/div>\n\t\t\t\t<div class=\"elementor-element elementor-element-659a775 elementor-widget elementor-widget-image\" data-id=\"659a775\" data-element_type=\"widget\" data-e-type=\"widget\" data-widget_type=\"image.default\">\n\t\t\t\t<div class=\"elementor-widget-container\">\n\t\t\t\t\t\t\t\t\t\t\t\t\t\t\t<img decoding=\"async\" width=\"3\" height=\"30\" src=\"https:\/\/www.exatron.com.br\/wp-content\/uploads\/2025\/11\/unnamed-file.png\" class=\"attachment-large size-large wp-image-8604\" alt=\"Archivo sin nombre\" \/>\t\t\t\t\t\t\t\t\t\t\t\t\t\t\t<\/div>\n\t\t\t\t<\/div>\n\t\t\t\t<div class=\"elementor-element elementor-element-879d6c8 elementor-widget elementor-widget-heading\" data-id=\"879d6c8\" data-element_type=\"widget\" data-e-type=\"widget\" data-widget_type=\"heading.default\">\n\t\t\t\t<div class=\"elementor-widget-container\">\n\t\t\t\t\t<p class=\"elementor-heading-title elementor-size-default\"><a href=\"https:\/\/www.exatron.com.br\/es\/design\/\">Dise\u00f1o<\/a><\/p>\t\t\t\t<\/div>\n\t\t\t\t<\/div>\n\t\t\t\t<\/div>\n\t\t\t\t\t<\/div>\n\t\t\t\t<\/div>\n\t\t<div class=\"elementor-element elementor-element-7c5f096 e-flex e-con-boxed e-con e-parent\" data-id=\"7c5f096\" data-element_type=\"container\" data-e-type=\"container\">\n\t\t\t\t\t<div class=\"e-con-inner\">\n\t\t\t\t<div class=\"elementor-element elementor-element-044ea82 elementor-widget elementor-widget-heading\" data-id=\"044ea82\" data-element_type=\"widget\" data-e-type=\"widget\" data-widget_type=\"heading.default\">\n\t\t\t\t<div class=\"elementor-widget-container\">\n\t\t\t\t\t<h2 class=\"elementor-heading-title elementor-size-default\">Dise\u00f1o<\/h2>\t\t\t\t<\/div>\n\t\t\t\t<\/div>\n\t\t\t\t<div class=\"elementor-element elementor-element-51ef165 elementor-widget elementor-widget-text-editor\" data-id=\"51ef165\" data-element_type=\"widget\" data-e-type=\"widget\" data-widget_type=\"text-editor.default\">\n\t\t\t\t<div class=\"elementor-widget-container\">\n\t\t\t\t\t\t\t\t\t<p>Para Exatron, el dise\u00f1o es estrat\u00e9gico y abarca no s\u00f3lo la creaci\u00f3n est\u00e9tica y material, sino tambi\u00e9n la construcci\u00f3n de significado y la transformaci\u00f3n social.<\/p><p>Con herramientas de dise\u00f1o estrat\u00e9gico, redefinimos problemas, identificamos oportunidades in\u00e9ditas y ofrecemos soluciones innovadoras, competitivas, sostenibles y diferenciadas, dise\u00f1ando productos con mayor usabilidad, menores costos, nuevas funcionalidades y mayor eficiencia. Todo esto enfocado en la acci\u00f3n y los resultados para satisfacer a nuestros clientes.<\/p>\t\t\t\t\t\t\t\t<\/div>\n\t\t\t\t<\/div>\n\t\t\t\t\t<\/div>\n\t\t\t\t<\/div>\n\t\t\t\t<\/div>","protected":false},"excerpt":{"rendered":"<p>Solu\u00e7\u00f5es pensadas para valorizar o seu projeto Design e tecnologia caminham juntos na cria\u00e7\u00e3o de ambientes mais inteligentes, sofisticados e funcionais. A Exatron desenvolve produtos que aliam est\u00e9tica, inova\u00e7\u00e3o e desempenho para atender \u00e0s demandas de profissionais exigentes. Home Design Design Para a Exatron o design \u00e9 estrat\u00e9gico abrangendo al\u00e9m da cria\u00e7\u00e3o est\u00e9tica e material, [&hellip;]<\/p>","protected":false},"author":1,"featured_media":14807,"parent":0,"menu_order":0,"comment_status":"closed","ping_status":"closed","template":"","meta":{"_acf_changed":false,"_joinchat":[],"footnotes":""},"class_list":["post-2228","page","type-page","status-publish","has-post-thumbnail","hentry"],"acf":[],"yoast_head":"<!-- This site is optimized with the Yoast SEO plugin v27.3 - https:\/\/yoast.com\/product\/yoast-seo-wordpress\/ -->\n<title>Design - EXATRON<\/title>\n<meta name=\"description\" content=\"Design e tecnologia caminham juntos na cria\u00e7\u00e3o de ambientes mais inteligentes, sofisticados e funcionais. A Exatron desenvolve produtos...\" \/>\n<meta name=\"robots\" content=\"index, follow, max-snippet:-1, max-image-preview:large, max-video-preview:-1\" \/>\n<link rel=\"canonical\" href=\"https:\/\/www.exatron.com.br\/es\/design-e-tecnologia\/\" \/>\n<meta property=\"og:locale\" content=\"es_ES\" \/>\n<meta property=\"og:type\" content=\"article\" \/>\n<meta property=\"og:title\" content=\"Design - EXATRON\" \/>\n<meta property=\"og:description\" content=\"Design e tecnologia caminham juntos na cria\u00e7\u00e3o de ambientes mais inteligentes, sofisticados e funcionais. A Exatron desenvolve produtos...\" \/>\n<meta property=\"og:url\" content=\"https:\/\/www.exatron.com.br\/es\/design-e-tecnologia\/\" \/>\n<meta property=\"og:site_name\" content=\"EXATRON\" \/>\n<meta property=\"article:modified_time\" content=\"2026-05-07T13:28:52+00:00\" \/>\n<meta property=\"og:image\" content=\"https:\/\/www.exatron.com.br\/wp-content\/uploads\/fcr2tf_7.png\" \/>\n\t<meta property=\"og:image:width\" content=\"1000\" \/>\n\t<meta property=\"og:image:height\" content=\"1000\" \/>\n\t<meta property=\"og:image:type\" content=\"image\/png\" \/>\n<meta name=\"twitter:card\" content=\"summary_large_image\" \/>\n<meta name=\"twitter:label1\" content=\"Tiempo de lectura\" \/>\n\t<meta name=\"twitter:data1\" content=\"2 minutos\" \/>\n<script type=\"application\/ld+json\" class=\"yoast-schema-graph\">{\"@context\":\"https:\\\/\\\/schema.org\",\"@graph\":[{\"@type\":\"WebPage\",\"@id\":\"https:\\\/\\\/www.exatron.com.br\\\/design-e-tecnologia\\\/\",\"url\":\"https:\\\/\\\/www.exatron.com.br\\\/design-e-tecnologia\\\/\",\"name\":\"Design - EXATRON\",\"isPartOf\":{\"@id\":\"https:\\\/\\\/www.exatron.com.br\\\/#website\"},\"primaryImageOfPage\":{\"@id\":\"https:\\\/\\\/www.exatron.com.br\\\/design-e-tecnologia\\\/#primaryimage\"},\"image\":{\"@id\":\"https:\\\/\\\/www.exatron.com.br\\\/design-e-tecnologia\\\/#primaryimage\"},\"thumbnailUrl\":\"https:\\\/\\\/www.exatron.com.br\\\/wp-content\\\/uploads\\\/fcr2tf_7.png\",\"datePublished\":\"2025-10-16T23:34:31+00:00\",\"dateModified\":\"2026-05-07T13:28:52+00:00\",\"description\":\"Design e tecnologia caminham juntos na cria\u00e7\u00e3o de ambientes mais inteligentes, sofisticados e funcionais. A Exatron desenvolve produtos...\",\"breadcrumb\":{\"@id\":\"https:\\\/\\\/www.exatron.com.br\\\/design-e-tecnologia\\\/#breadcrumb\"},\"inLanguage\":\"es\",\"potentialAction\":[{\"@type\":\"ReadAction\",\"target\":[\"https:\\\/\\\/www.exatron.com.br\\\/design-e-tecnologia\\\/\"]}]},{\"@type\":\"ImageObject\",\"inLanguage\":\"es\",\"@id\":\"https:\\\/\\\/www.exatron.com.br\\\/design-e-tecnologia\\\/#primaryimage\",\"url\":\"https:\\\/\\\/www.exatron.com.br\\\/wp-content\\\/uploads\\\/fcr2tf_7.png\",\"contentUrl\":\"https:\\\/\\\/www.exatron.com.br\\\/wp-content\\\/uploads\\\/fcr2tf_7.png\",\"width\":1000,\"height\":1000,\"caption\":\"Design e tecnologia\"},{\"@type\":\"BreadcrumbList\",\"@id\":\"https:\\\/\\\/www.exatron.com.br\\\/design-e-tecnologia\\\/#breadcrumb\",\"itemListElement\":[{\"@type\":\"ListItem\",\"position\":1,\"name\":\"In\u00edcio\",\"item\":\"https:\\\/\\\/www.exatron.com.br\\\/\"},{\"@type\":\"ListItem\",\"position\":2,\"name\":\"Design\"}]},{\"@type\":\"WebSite\",\"@id\":\"https:\\\/\\\/www.exatron.com.br\\\/#website\",\"url\":\"https:\\\/\\\/www.exatron.com.br\\\/\",\"name\":\"EXATRON\",\"description\":\"\",\"publisher\":{\"@id\":\"https:\\\/\\\/www.exatron.com.br\\\/#organization\"},\"potentialAction\":[{\"@type\":\"SearchAction\",\"target\":{\"@type\":\"EntryPoint\",\"urlTemplate\":\"https:\\\/\\\/www.exatron.com.br\\\/?s={search_term_string}\"},\"query-input\":{\"@type\":\"PropertyValueSpecification\",\"valueRequired\":true,\"valueName\":\"search_term_string\"}}],\"inLanguage\":\"es\"},{\"@type\":\"Organization\",\"@id\":\"https:\\\/\\\/www.exatron.com.br\\\/#organization\",\"name\":\"EXATRON\",\"url\":\"https:\\\/\\\/www.exatron.com.br\\\/\",\"logo\":{\"@type\":\"ImageObject\",\"inLanguage\":\"es\",\"@id\":\"https:\\\/\\\/www.exatron.com.br\\\/#\\\/schema\\\/logo\\\/image\\\/\",\"url\":\"https:\\\/\\\/www.exatron.com.br\\\/wp-content\\\/uploads\\\/2024\\\/11\\\/default-kit.png\",\"contentUrl\":\"https:\\\/\\\/www.exatron.com.br\\\/wp-content\\\/uploads\\\/2024\\\/11\\\/default-kit.png\",\"width\":956,\"height\":192,\"caption\":\"EXATRON\"},\"image\":{\"@id\":\"https:\\\/\\\/www.exatron.com.br\\\/#\\\/schema\\\/logo\\\/image\\\/\"}}]}<\/script>\n<!-- \/ Yoast SEO plugin. -->","yoast_head_json":{"title":"Design - EXATRON","description":"Design e tecnologia caminham juntos na cria\u00e7\u00e3o de ambientes mais inteligentes, sofisticados e funcionais. A Exatron desenvolve produtos...","robots":{"index":"index","follow":"follow","max-snippet":"max-snippet:-1","max-image-preview":"max-image-preview:large","max-video-preview":"max-video-preview:-1"},"canonical":"https:\/\/www.exatron.com.br\/es\/design-e-tecnologia\/","og_locale":"es_ES","og_type":"article","og_title":"Design - EXATRON","og_description":"Design e tecnologia caminham juntos na cria\u00e7\u00e3o de ambientes mais inteligentes, sofisticados e funcionais. A Exatron desenvolve produtos...","og_url":"https:\/\/www.exatron.com.br\/es\/design-e-tecnologia\/","og_site_name":"EXATRON","article_modified_time":"2026-05-07T13:28:52+00:00","og_image":[{"width":1000,"height":1000,"url":"https:\/\/www.exatron.com.br\/wp-content\/uploads\/fcr2tf_7.png","type":"image\/png"}],"twitter_card":"summary_large_image","twitter_misc":{"Tiempo de lectura":"2 minutos"},"schema":{"@context":"https:\/\/schema.org","@graph":[{"@type":"WebPage","@id":"https:\/\/www.exatron.com.br\/design-e-tecnologia\/","url":"https:\/\/www.exatron.com.br\/design-e-tecnologia\/","name":"Design - EXATRON","isPartOf":{"@id":"https:\/\/www.exatron.com.br\/#website"},"primaryImageOfPage":{"@id":"https:\/\/www.exatron.com.br\/design-e-tecnologia\/#primaryimage"},"image":{"@id":"https:\/\/www.exatron.com.br\/design-e-tecnologia\/#primaryimage"},"thumbnailUrl":"https:\/\/www.exatron.com.br\/wp-content\/uploads\/fcr2tf_7.png","datePublished":"2025-10-16T23:34:31+00:00","dateModified":"2026-05-07T13:28:52+00:00","description":"Design e tecnologia caminham juntos na cria\u00e7\u00e3o de ambientes mais inteligentes, sofisticados e funcionais. A Exatron desenvolve produtos...","breadcrumb":{"@id":"https:\/\/www.exatron.com.br\/design-e-tecnologia\/#breadcrumb"},"inLanguage":"es","potentialAction":[{"@type":"ReadAction","target":["https:\/\/www.exatron.com.br\/design-e-tecnologia\/"]}]},{"@type":"ImageObject","inLanguage":"es","@id":"https:\/\/www.exatron.com.br\/design-e-tecnologia\/#primaryimage","url":"https:\/\/www.exatron.com.br\/wp-content\/uploads\/fcr2tf_7.png","contentUrl":"https:\/\/www.exatron.com.br\/wp-content\/uploads\/fcr2tf_7.png","width":1000,"height":1000,"caption":"Design e tecnologia"},{"@type":"BreadcrumbList","@id":"https:\/\/www.exatron.com.br\/design-e-tecnologia\/#breadcrumb","itemListElement":[{"@type":"ListItem","position":1,"name":"In\u00edcio","item":"https:\/\/www.exatron.com.br\/"},{"@type":"ListItem","position":2,"name":"Design"}]},{"@type":"WebSite","@id":"https:\/\/www.exatron.com.br\/#website","url":"https:\/\/www.exatron.com.br\/","name":"EXATRON","description":"","publisher":{"@id":"https:\/\/www.exatron.com.br\/#organization"},"potentialAction":[{"@type":"SearchAction","target":{"@type":"EntryPoint","urlTemplate":"https:\/\/www.exatron.com.br\/?s={search_term_string}"},"query-input":{"@type":"PropertyValueSpecification","valueRequired":true,"valueName":"search_term_string"}}],"inLanguage":"es"},{"@type":"Organization","@id":"https:\/\/www.exatron.com.br\/#organization","name":"EXATRON","url":"https:\/\/www.exatron.com.br\/","logo":{"@type":"ImageObject","inLanguage":"es","@id":"https:\/\/www.exatron.com.br\/#\/schema\/logo\/image\/","url":"https:\/\/www.exatron.com.br\/wp-content\/uploads\/2024\/11\/default-kit.png","contentUrl":"https:\/\/www.exatron.com.br\/wp-content\/uploads\/2024\/11\/default-kit.png","width":956,"height":192,"caption":"EXATRON"},"image":{"@id":"https:\/\/www.exatron.com.br\/#\/schema\/logo\/image\/"}}]}},"_links":{"self":[{"href":"https:\/\/www.exatron.com.br\/es\/wp-json\/wp\/v2\/pages\/2228","targetHints":{"allow":["GET"]}}],"collection":[{"href":"https:\/\/www.exatron.com.br\/es\/wp-json\/wp\/v2\/pages"}],"about":[{"href":"https:\/\/www.exatron.com.br\/es\/wp-json\/wp\/v2\/types\/page"}],"author":[{"embeddable":true,"href":"https:\/\/www.exatron.com.br\/es\/wp-json\/wp\/v2\/users\/1"}],"replies":[{"embeddable":true,"href":"https:\/\/www.exatron.com.br\/es\/wp-json\/wp\/v2\/comments?post=2228"}],"version-history":[{"count":1,"href":"https:\/\/www.exatron.com.br\/es\/wp-json\/wp\/v2\/pages\/2228\/revisions"}],"predecessor-version":[{"id":15310,"href":"https:\/\/www.exatron.com.br\/es\/wp-json\/wp\/v2\/pages\/2228\/revisions\/15310"}],"wp:featuredmedia":[{"embeddable":true,"href":"https:\/\/www.exatron.com.br\/es\/wp-json\/wp\/v2\/media\/14807"}],"wp:attachment":[{"href":"https:\/\/www.exatron.com.br\/es\/wp-json\/wp\/v2\/media?parent=2228"}],"curies":[{"name":"wp","href":"https:\/\/api.w.org\/{rel}","templated":true}]}}