{"id":2229,"date":"2025-10-16T20:34:43","date_gmt":"2025-10-16T23:34:43","guid":{"rendered":"https:\/\/exatron.com.br\/?page_id=2229"},"modified":"2026-03-20T12:19:54","modified_gmt":"2026-03-20T15:19:54","slug":"inovacao","status":"publish","type":"page","link":"https:\/\/www.exatron.com.br\/es\/inovacao\/","title":{"rendered":"Innovaci\u00f3n"},"content":{"rendered":"<div data-elementor-type=\"wp-page\" data-elementor-id=\"2229\" class=\"elementor elementor-2229\" data-elementor-post-type=\"page\">\n\t\t\t\t<div class=\"elementor-element elementor-element-6d410ef e-flex e-con-boxed e-con e-parent\" data-id=\"6d410ef\" data-element_type=\"container\" data-e-type=\"container\" data-settings=\"{&quot;background_background&quot;:&quot;classic&quot;}\">\n\t\t\t\t\t<div class=\"e-con-inner\">\n\t\t\t\t<div class=\"elementor-element elementor-element-80076c1 elementor-widget__width-initial elementor-widget elementor-widget-heading\" data-id=\"80076c1\" data-element_type=\"widget\" data-e-type=\"widget\" data-widget_type=\"heading.default\">\n\t\t\t\t<div class=\"elementor-widget-container\">\n\t\t\t\t\t<h1 class=\"elementor-heading-title elementor-size-default\">Innovaci\u00f3n que transforma la vida cotidiana.<\/h1>\t\t\t\t<\/div>\n\t\t\t\t<\/div>\n\t\t\t\t<div class=\"elementor-element elementor-element-6ee63e1 elementor-widget__width-initial elementor-widget elementor-widget-heading\" data-id=\"6ee63e1\" data-element_type=\"widget\" data-e-type=\"widget\" data-widget_type=\"heading.default\">\n\t\t\t\t<div class=\"elementor-widget-container\">\n\t\t\t\t\t<p class=\"elementor-heading-title elementor-size-default\">En Exatron, innovar significa pensar en el futuro. Desarrollamos soluciones tecnol\u00f3gicas que optimizan espacios, ahorran energ\u00eda y elevan los est\u00e1ndares de confort, seguridad y eficiencia para hogares y negocios.<\/p>\t\t\t\t<\/div>\n\t\t\t\t<\/div>\n\t\t<div class=\"elementor-element elementor-element-9e6fc7b e-con-full e-flex e-con e-child\" data-id=\"9e6fc7b\" data-element_type=\"container\" data-e-type=\"container\">\n\t\t\t\t<div class=\"elementor-element elementor-element-118cbe2 elementor-widget elementor-widget-heading\" data-id=\"118cbe2\" data-element_type=\"widget\" data-e-type=\"widget\" data-widget_type=\"heading.default\">\n\t\t\t\t<div class=\"elementor-widget-container\">\n\t\t\t\t\t<p class=\"elementor-heading-title elementor-size-default\"><a href=\"https:\/\/www.exatron.com.br\/es\/\">Hogar<\/a><\/p>\t\t\t\t<\/div>\n\t\t\t\t<\/div>\n\t\t\t\t<div class=\"elementor-element elementor-element-28b7d94 elementor-widget elementor-widget-image\" data-id=\"28b7d94\" data-element_type=\"widget\" data-e-type=\"widget\" data-widget_type=\"image.default\">\n\t\t\t\t<div class=\"elementor-widget-container\">\n\t\t\t\t\t\t\t\t\t\t\t\t\t\t\t<img decoding=\"async\" width=\"3\" height=\"30\" src=\"https:\/\/www.exatron.com.br\/wp-content\/uploads\/2025\/11\/unnamed-file.png\" class=\"attachment-large size-large wp-image-8604\" alt=\"Archivo sin nombre\" \/>\t\t\t\t\t\t\t\t\t\t\t\t\t\t\t<\/div>\n\t\t\t\t<\/div>\n\t\t\t\t<div class=\"elementor-element elementor-element-59b77cc elementor-widget elementor-widget-heading\" data-id=\"59b77cc\" data-element_type=\"widget\" data-e-type=\"widget\" data-widget_type=\"heading.default\">\n\t\t\t\t<div class=\"elementor-widget-container\">\n\t\t\t\t\t<p class=\"elementor-heading-title elementor-size-default\"><a href=\"https:\/\/www.exatron.com.br\/es\/inovacao\/\">Innovaci\u00f3n<\/a><\/p>\t\t\t\t<\/div>\n\t\t\t\t<\/div>\n\t\t\t\t<\/div>\n\t\t\t\t\t<\/div>\n\t\t\t\t<\/div>\n\t\t<div class=\"elementor-element elementor-element-df9d644 e-flex e-con-boxed e-con e-parent\" data-id=\"df9d644\" data-element_type=\"container\" data-e-type=\"container\">\n\t\t\t\t\t<div class=\"e-con-inner\">\n\t\t\t\t<div class=\"elementor-element elementor-element-23fb8fd elementor-widget elementor-widget-heading\" data-id=\"23fb8fd\" data-element_type=\"widget\" data-e-type=\"widget\" data-widget_type=\"heading.default\">\n\t\t\t\t<div class=\"elementor-widget-container\">\n\t\t\t\t\t<h2 class=\"elementor-heading-title elementor-size-default\">Innovaci\u00f3n<\/h2>\t\t\t\t<\/div>\n\t\t\t\t<\/div>\n\t\t\t\t<div class=\"elementor-element elementor-element-d9e21c4 elementor-widget elementor-widget-text-editor\" data-id=\"d9e21c4\" data-element_type=\"widget\" data-e-type=\"widget\" data-widget_type=\"text-editor.default\">\n\t\t\t\t<div class=\"elementor-widget-container\">\n\t\t\t\t\t\t\t\t\t<p>Ideas e innovaciones centradas en productos, procesos, canales y soluciones para el mercado: fue a trav\u00e9s de la estructuraci\u00f3n de este proceso de captura de conocimientos, refinamiento, creaci\u00f3n de prototipos, pruebas y ejecuci\u00f3n que Exatron logr\u00f3 de manera sostenible su posici\u00f3n privilegiada en el mercado brasile\u00f1o.<\/p><p>Aqu\u00ed, la gesti\u00f3n de la innovaci\u00f3n es responsabilidad de un equipo multidisciplinario talentoso y totalmente integrado, con habilidades y conocimientos complementarios, que opera en colaboraci\u00f3n con TICs (Institutos de Ciencia y Tecnolog\u00eda), universidades, proveedores, empresas asociadas y clientes, tanto brasile\u00f1os como multinacionales.\u00a0<\/p><p>Pionero en Brasil en la fabricaci\u00f3n de sensores de presencia basados en microcontroladores desde 1999 y con firmware exclusivo desde el principio, en 2010 Exatron ya colaboraba con DHSM (Casa de Dise\u00f1o de la Universidad Federal de Santa Maria-RS) en el proyecto del microcontrolador ZR16. En 2019, nuestros esfuerzos de desarrollo dieron a\u00fan m\u00e1s frutos al patentar la innovadora tecnolog\u00eda Smart-Xcontrol, responsable de la comunicaci\u00f3n y programaci\u00f3n de productos mediante la funci\u00f3n de linterna del smartphone. Posteriormente, tambi\u00e9n lanzamos la l\u00ednea Myhouse, dom\u00f3tica de vanguardia con tecnolog\u00eda Bluetooth Mesh.\u00a0<\/p><p>Actualmente, nos hemos ganado las designaciones de &quot;early adopters&quot;, &quot;betatesters&quot; y &quot;socios desarrolladores&quot; en fabricantes de chips de renombre, colaborando estrechamente en el desarrollo de soluciones innovadoras que formar\u00e1n parte de los microcontroladores del futuro. Esta colaboraci\u00f3n con los gigantes que dictan las nuevas tecnolog\u00edas nos permite un acceso anticipado a las innovaciones, absorbi\u00e9ndolas incluso antes de su lanzamiento.\u00a0<\/p><p>Es as\u00ed como Exatron se compromete con la b\u00fasqueda sistem\u00e1tica de innovaciones, mejoras y adaptaciones al mercado global, que la hagan destacar y ser altamente competitiva.<\/p><p><strong>Nuestro ADN es la innovaci\u00f3n, nos especializamos en transformar ideas en resultados.<\/strong><br \/><strong>\u00a1Nuestro lema es &quot;hacer mucho m\u00e1s con mucho menos&quot;!<\/strong><\/p>\t\t\t\t\t\t\t\t<\/div>\n\t\t\t\t<\/div>\n\t\t\t\t\t<\/div>\n\t\t\t\t<\/div>\n\t\t\t\t<\/div>","protected":false},"excerpt":{"rendered":"<p>Inova\u00e7\u00e3o que transforma o dia a dia Na Exatron, inovar \u00e9 pensar no futuro. Desenvolvemos solu\u00e7\u00f5es tecnol\u00f3gicas que otimizam espa\u00e7os, economizam energia e elevam o padr\u00e3o de conforto, seguran\u00e7a e efici\u00eancia para resid\u00eancias e empresas. Home Inova\u00e7\u00e3o Inova\u00e7\u00e3o Ideias e inova\u00e7\u00f5es com foco em produtos, processos, canais e solu\u00e7\u00f5es para o mercado, foi estruturando este [&hellip;]<\/p>","protected":false},"author":1,"featured_media":0,"parent":0,"menu_order":0,"comment_status":"closed","ping_status":"closed","template":"","meta":{"_acf_changed":false,"_joinchat":[],"footnotes":""},"class_list":["post-2229","page","type-page","status-publish","hentry"],"acf":[],"yoast_head":"<!-- This site is optimized with the Yoast SEO plugin v27.3 - https:\/\/yoast.com\/product\/yoast-seo-wordpress\/ -->\n<title>Inova\u00e7\u00e3o - EXATRON<\/title>\n<meta name=\"robots\" content=\"index, follow, max-snippet:-1, max-image-preview:large, max-video-preview:-1\" \/>\n<link rel=\"canonical\" href=\"https:\/\/www.exatron.com.br\/es\/inovacao\/\" \/>\n<meta property=\"og:locale\" content=\"es_ES\" \/>\n<meta property=\"og:type\" content=\"article\" \/>\n<meta property=\"og:title\" content=\"Inova\u00e7\u00e3o - EXATRON\" \/>\n<meta property=\"og:description\" content=\"Inova\u00e7\u00e3o que transforma o dia a dia Na Exatron, inovar \u00e9 pensar no futuro. Desenvolvemos solu\u00e7\u00f5es tecnol\u00f3gicas que otimizam espa\u00e7os, economizam energia e elevam o padr\u00e3o de conforto, seguran\u00e7a e efici\u00eancia para resid\u00eancias e empresas. Home Inova\u00e7\u00e3o Inova\u00e7\u00e3o Ideias e inova\u00e7\u00f5es com foco em produtos, processos, canais e solu\u00e7\u00f5es para o mercado, foi estruturando este [&hellip;]\" \/>\n<meta property=\"og:url\" content=\"https:\/\/www.exatron.com.br\/es\/inovacao\/\" \/>\n<meta property=\"og:site_name\" content=\"EXATRON\" \/>\n<meta property=\"article:modified_time\" content=\"2026-03-20T15:19:54+00:00\" \/>\n<meta property=\"og:image\" content=\"https:\/\/exatron.com.br\/wp-content\/uploads\/2025\/11\/unnamed-file.png\" \/>\n<meta name=\"twitter:card\" content=\"summary_large_image\" \/>\n<meta name=\"twitter:label1\" content=\"Tiempo de lectura\" \/>\n\t<meta name=\"twitter:data1\" content=\"2 minutos\" \/>\n<script type=\"application\/ld+json\" class=\"yoast-schema-graph\">{\"@context\":\"https:\\\/\\\/schema.org\",\"@graph\":[{\"@type\":\"WebPage\",\"@id\":\"https:\\\/\\\/www.exatron.com.br\\\/inovacao\\\/\",\"url\":\"https:\\\/\\\/www.exatron.com.br\\\/inovacao\\\/\",\"name\":\"Inova\u00e7\u00e3o - EXATRON\",\"isPartOf\":{\"@id\":\"https:\\\/\\\/www.exatron.com.br\\\/#website\"},\"primaryImageOfPage\":{\"@id\":\"https:\\\/\\\/www.exatron.com.br\\\/inovacao\\\/#primaryimage\"},\"image\":{\"@id\":\"https:\\\/\\\/www.exatron.com.br\\\/inovacao\\\/#primaryimage\"},\"thumbnailUrl\":\"https:\\\/\\\/exatron.com.br\\\/wp-content\\\/uploads\\\/2025\\\/11\\\/unnamed-file.png\",\"datePublished\":\"2025-10-16T23:34:43+00:00\",\"dateModified\":\"2026-03-20T15:19:54+00:00\",\"breadcrumb\":{\"@id\":\"https:\\\/\\\/www.exatron.com.br\\\/inovacao\\\/#breadcrumb\"},\"inLanguage\":\"es\",\"potentialAction\":[{\"@type\":\"ReadAction\",\"target\":[\"https:\\\/\\\/www.exatron.com.br\\\/inovacao\\\/\"]}]},{\"@type\":\"ImageObject\",\"inLanguage\":\"es\",\"@id\":\"https:\\\/\\\/www.exatron.com.br\\\/inovacao\\\/#primaryimage\",\"url\":\"https:\\\/\\\/exatron.com.br\\\/wp-content\\\/uploads\\\/2025\\\/11\\\/unnamed-file.png\",\"contentUrl\":\"https:\\\/\\\/exatron.com.br\\\/wp-content\\\/uploads\\\/2025\\\/11\\\/unnamed-file.png\"},{\"@type\":\"BreadcrumbList\",\"@id\":\"https:\\\/\\\/www.exatron.com.br\\\/inovacao\\\/#breadcrumb\",\"itemListElement\":[{\"@type\":\"ListItem\",\"position\":1,\"name\":\"In\u00edcio\",\"item\":\"https:\\\/\\\/www.exatron.com.br\\\/\"},{\"@type\":\"ListItem\",\"position\":2,\"name\":\"Inova\u00e7\u00e3o\"}]},{\"@type\":\"WebSite\",\"@id\":\"https:\\\/\\\/www.exatron.com.br\\\/#website\",\"url\":\"https:\\\/\\\/www.exatron.com.br\\\/\",\"name\":\"EXATRON\",\"description\":\"\",\"publisher\":{\"@id\":\"https:\\\/\\\/www.exatron.com.br\\\/#organization\"},\"potentialAction\":[{\"@type\":\"SearchAction\",\"target\":{\"@type\":\"EntryPoint\",\"urlTemplate\":\"https:\\\/\\\/www.exatron.com.br\\\/?s={search_term_string}\"},\"query-input\":{\"@type\":\"PropertyValueSpecification\",\"valueRequired\":true,\"valueName\":\"search_term_string\"}}],\"inLanguage\":\"es\"},{\"@type\":\"Organization\",\"@id\":\"https:\\\/\\\/www.exatron.com.br\\\/#organization\",\"name\":\"EXATRON\",\"url\":\"https:\\\/\\\/www.exatron.com.br\\\/\",\"logo\":{\"@type\":\"ImageObject\",\"inLanguage\":\"es\",\"@id\":\"https:\\\/\\\/www.exatron.com.br\\\/#\\\/schema\\\/logo\\\/image\\\/\",\"url\":\"https:\\\/\\\/www.exatron.com.br\\\/wp-content\\\/uploads\\\/2024\\\/11\\\/default-kit.png\",\"contentUrl\":\"https:\\\/\\\/www.exatron.com.br\\\/wp-content\\\/uploads\\\/2024\\\/11\\\/default-kit.png\",\"width\":956,\"height\":192,\"caption\":\"EXATRON\"},\"image\":{\"@id\":\"https:\\\/\\\/www.exatron.com.br\\\/#\\\/schema\\\/logo\\\/image\\\/\"}}]}<\/script>\n<!-- \/ Yoast SEO plugin. -->","yoast_head_json":{"title":"Inova\u00e7\u00e3o - EXATRON","robots":{"index":"index","follow":"follow","max-snippet":"max-snippet:-1","max-image-preview":"max-image-preview:large","max-video-preview":"max-video-preview:-1"},"canonical":"https:\/\/www.exatron.com.br\/es\/inovacao\/","og_locale":"es_ES","og_type":"article","og_title":"Inova\u00e7\u00e3o - EXATRON","og_description":"Inova\u00e7\u00e3o que transforma o dia a dia Na Exatron, inovar \u00e9 pensar no futuro. Desenvolvemos solu\u00e7\u00f5es tecnol\u00f3gicas que otimizam espa\u00e7os, economizam energia e elevam o padr\u00e3o de conforto, seguran\u00e7a e efici\u00eancia para resid\u00eancias e empresas. Home Inova\u00e7\u00e3o Inova\u00e7\u00e3o Ideias e inova\u00e7\u00f5es com foco em produtos, processos, canais e solu\u00e7\u00f5es para o mercado, foi estruturando este [&hellip;]","og_url":"https:\/\/www.exatron.com.br\/es\/inovacao\/","og_site_name":"EXATRON","article_modified_time":"2026-03-20T15:19:54+00:00","og_image":[{"url":"https:\/\/exatron.com.br\/wp-content\/uploads\/2025\/11\/unnamed-file.png","type":"","width":"","height":""}],"twitter_card":"summary_large_image","twitter_misc":{"Tiempo de lectura":"2 minutos"},"schema":{"@context":"https:\/\/schema.org","@graph":[{"@type":"WebPage","@id":"https:\/\/www.exatron.com.br\/inovacao\/","url":"https:\/\/www.exatron.com.br\/inovacao\/","name":"Inova\u00e7\u00e3o - EXATRON","isPartOf":{"@id":"https:\/\/www.exatron.com.br\/#website"},"primaryImageOfPage":{"@id":"https:\/\/www.exatron.com.br\/inovacao\/#primaryimage"},"image":{"@id":"https:\/\/www.exatron.com.br\/inovacao\/#primaryimage"},"thumbnailUrl":"https:\/\/exatron.com.br\/wp-content\/uploads\/2025\/11\/unnamed-file.png","datePublished":"2025-10-16T23:34:43+00:00","dateModified":"2026-03-20T15:19:54+00:00","breadcrumb":{"@id":"https:\/\/www.exatron.com.br\/inovacao\/#breadcrumb"},"inLanguage":"es","potentialAction":[{"@type":"ReadAction","target":["https:\/\/www.exatron.com.br\/inovacao\/"]}]},{"@type":"ImageObject","inLanguage":"es","@id":"https:\/\/www.exatron.com.br\/inovacao\/#primaryimage","url":"https:\/\/exatron.com.br\/wp-content\/uploads\/2025\/11\/unnamed-file.png","contentUrl":"https:\/\/exatron.com.br\/wp-content\/uploads\/2025\/11\/unnamed-file.png"},{"@type":"BreadcrumbList","@id":"https:\/\/www.exatron.com.br\/inovacao\/#breadcrumb","itemListElement":[{"@type":"ListItem","position":1,"name":"In\u00edcio","item":"https:\/\/www.exatron.com.br\/"},{"@type":"ListItem","position":2,"name":"Inova\u00e7\u00e3o"}]},{"@type":"WebSite","@id":"https:\/\/www.exatron.com.br\/#website","url":"https:\/\/www.exatron.com.br\/","name":"EXATRON","description":"","publisher":{"@id":"https:\/\/www.exatron.com.br\/#organization"},"potentialAction":[{"@type":"SearchAction","target":{"@type":"EntryPoint","urlTemplate":"https:\/\/www.exatron.com.br\/?s={search_term_string}"},"query-input":{"@type":"PropertyValueSpecification","valueRequired":true,"valueName":"search_term_string"}}],"inLanguage":"es"},{"@type":"Organization","@id":"https:\/\/www.exatron.com.br\/#organization","name":"EXATRON","url":"https:\/\/www.exatron.com.br\/","logo":{"@type":"ImageObject","inLanguage":"es","@id":"https:\/\/www.exatron.com.br\/#\/schema\/logo\/image\/","url":"https:\/\/www.exatron.com.br\/wp-content\/uploads\/2024\/11\/default-kit.png","contentUrl":"https:\/\/www.exatron.com.br\/wp-content\/uploads\/2024\/11\/default-kit.png","width":956,"height":192,"caption":"EXATRON"},"image":{"@id":"https:\/\/www.exatron.com.br\/#\/schema\/logo\/image\/"}}]}},"_links":{"self":[{"href":"https:\/\/www.exatron.com.br\/es\/wp-json\/wp\/v2\/pages\/2229","targetHints":{"allow":["GET"]}}],"collection":[{"href":"https:\/\/www.exatron.com.br\/es\/wp-json\/wp\/v2\/pages"}],"about":[{"href":"https:\/\/www.exatron.com.br\/es\/wp-json\/wp\/v2\/types\/page"}],"author":[{"embeddable":true,"href":"https:\/\/www.exatron.com.br\/es\/wp-json\/wp\/v2\/users\/1"}],"replies":[{"embeddable":true,"href":"https:\/\/www.exatron.com.br\/es\/wp-json\/wp\/v2\/comments?post=2229"}],"version-history":[{"count":0,"href":"https:\/\/www.exatron.com.br\/es\/wp-json\/wp\/v2\/pages\/2229\/revisions"}],"wp:attachment":[{"href":"https:\/\/www.exatron.com.br\/es\/wp-json\/wp\/v2\/media?parent=2229"}],"curies":[{"name":"wp","href":"https:\/\/api.w.org\/{rel}","templated":true}]}}