{"id":2236,"date":"2025-10-16T20:36:14","date_gmt":"2025-10-16T23:36:14","guid":{"rendered":"https:\/\/exatron.com.br\/?page_id=2236"},"modified":"2026-05-07T10:31:46","modified_gmt":"2026-05-07T13:31:46","slug":"garantia-qualidade","status":"publish","type":"page","link":"https:\/\/www.exatron.com.br\/es\/garantia-qualidade\/","title":{"rendered":"Garantizar"},"content":{"rendered":"<div data-elementor-type=\"wp-page\" data-elementor-id=\"2236\" class=\"elementor elementor-2236\" data-elementor-post-type=\"page\">\n\t\t\t\t<div class=\"elementor-element elementor-element-0f778a2 e-flex e-con-boxed e-con e-parent\" data-id=\"0f778a2\" data-element_type=\"container\" data-e-type=\"container\" data-settings=\"{&quot;background_background&quot;:&quot;classic&quot;}\">\n\t\t\t\t\t<div class=\"e-con-inner\">\n\t\t\t\t<div class=\"elementor-element elementor-element-6c72c2c elementor-widget__width-initial elementor-widget elementor-widget-heading\" data-id=\"6c72c2c\" data-element_type=\"widget\" data-e-type=\"widget\" data-widget_type=\"heading.default\">\n\t\t\t\t<div class=\"elementor-widget-container\">\n\t\t\t\t\t<h1 class=\"elementor-heading-title elementor-size-default\">Confianza garantizada en cada producto.<\/h1>\t\t\t\t<\/div>\n\t\t\t\t<\/div>\n\t\t\t\t<div class=\"elementor-element elementor-element-c6ea215 elementor-widget__width-initial elementor-widget elementor-widget-heading\" data-id=\"c6ea215\" data-element_type=\"widget\" data-e-type=\"widget\" data-widget_type=\"heading.default\">\n\t\t\t\t<div class=\"elementor-widget-container\">\n\t\t\t\t\t<p class=\"elementor-heading-title elementor-size-default\">Creemos en la calidad de lo que ofrecemos. Por eso ofrecemos garant\u00eda en nuestros productos y atenci\u00f3n al cliente completa, reforzando nuestro compromiso con la seguridad, la innovaci\u00f3n y la excelencia.<\/p>\t\t\t\t<\/div>\n\t\t\t\t<\/div>\n\t\t<div class=\"elementor-element elementor-element-59b3da0 e-con-full e-flex e-con e-child\" data-id=\"59b3da0\" data-element_type=\"container\" data-e-type=\"container\">\n\t\t\t\t<div class=\"elementor-element elementor-element-875b377 elementor-widget elementor-widget-heading\" data-id=\"875b377\" data-element_type=\"widget\" data-e-type=\"widget\" data-widget_type=\"heading.default\">\n\t\t\t\t<div class=\"elementor-widget-container\">\n\t\t\t\t\t<p class=\"elementor-heading-title elementor-size-default\"><a href=\"https:\/\/www.exatron.com.br\/es\/\">Hogar<\/a><\/p>\t\t\t\t<\/div>\n\t\t\t\t<\/div>\n\t\t\t\t<div class=\"elementor-element elementor-element-523d431 elementor-widget elementor-widget-image\" data-id=\"523d431\" data-element_type=\"widget\" data-e-type=\"widget\" data-widget_type=\"image.default\">\n\t\t\t\t<div class=\"elementor-widget-container\">\n\t\t\t\t\t\t\t\t\t\t\t\t\t\t\t<img decoding=\"async\" width=\"3\" height=\"30\" src=\"https:\/\/www.exatron.com.br\/wp-content\/uploads\/2025\/11\/unnamed-file.png\" class=\"attachment-large size-large wp-image-8604\" alt=\"Archivo sin nombre\" \/>\t\t\t\t\t\t\t\t\t\t\t\t\t\t\t<\/div>\n\t\t\t\t<\/div>\n\t\t\t\t<div class=\"elementor-element elementor-element-1718398 elementor-widget elementor-widget-heading\" data-id=\"1718398\" data-element_type=\"widget\" data-e-type=\"widget\" data-widget_type=\"heading.default\">\n\t\t\t\t<div class=\"elementor-widget-container\">\n\t\t\t\t\t<p class=\"elementor-heading-title elementor-size-default\"><a href=\"https:\/\/www.exatron.com.br\/es\/garantia\/\">Garantizar<\/a><\/p>\t\t\t\t<\/div>\n\t\t\t\t<\/div>\n\t\t\t\t<\/div>\n\t\t\t\t\t<\/div>\n\t\t\t\t<\/div>\n\t\t<div class=\"elementor-element elementor-element-2801b11 e-flex e-con-boxed e-con e-parent\" data-id=\"2801b11\" data-element_type=\"container\" data-e-type=\"container\">\n\t\t\t\t\t<div class=\"e-con-inner\">\n\t\t\t\t<div class=\"elementor-element elementor-element-2cdf30c elementor-widget elementor-widget-heading\" data-id=\"2cdf30c\" data-element_type=\"widget\" data-e-type=\"widget\" data-widget_type=\"heading.default\">\n\t\t\t\t<div class=\"elementor-widget-container\">\n\t\t\t\t\t<h2 class=\"elementor-heading-title elementor-size-default\">Garantizar<\/h2>\t\t\t\t<\/div>\n\t\t\t\t<\/div>\n\t\t\t\t<div class=\"elementor-element elementor-element-adfc2f5 elementor-widget elementor-widget-text-editor\" data-id=\"adfc2f5\" data-element_type=\"widget\" data-e-type=\"widget\" data-widget_type=\"text-editor.default\">\n\t\t\t\t<div class=\"elementor-widget-container\">\n\t\t\t\t\t\t\t\t\t<p><strong>1. Garant\u00eda del producto Exatron<br \/><\/strong><br \/>\u00a0 EXATRON garantiza sus productos contra defectos de fabricaci\u00f3n, siempre que se utilicen en condiciones normales de uso y mantenimiento (producto, embalaje y accesorios).<br \/>\u00a0 EXATRON reparar\u00e1 o reemplazar\u00e1 el producto sin costo para el consumidor, revendedor, distribuidor u otros clientes B2B.<br \/><strong>C\u00f3mo proceder:<\/strong><\/p><ul role=\"list\"><li>Compra en un revendedor (tienda f\u00edsica): El consumidor final debe acudir a la tienda donde realiz\u00f3 la compra, acompa\u00f1ado de la factura o el recibo de compra correspondiente. La tienda se encargar\u00e1 del cambio y el env\u00edo a Exatron.<\/li><li>Compra a un revendedor (tienda en l\u00ednea): El consumidor final debe contactar con la tienda en l\u00ednea donde realiz\u00f3 la compra, proporcionando la factura o el recibo de compra. La tienda en l\u00ednea procesar\u00e1 el cambio y el env\u00edo a Exatron.<\/li><li>Compra en la web de Exatron (tienda online): el consumidor final deber\u00e1 contactar con la tienda online de Exatron llamando al 0800 5413310 o por correo electr\u00f3nico:\u00a0<a href=\"mailto:lojaonline@exatron.com.br\" target=\"_blank\" rel=\"noopener\" data-fpl-component=\"primitive\">tiendaonline@exatron.com.br<\/a>\u00a0Se le indicar\u00e1 c\u00f3mo proceder, es importante tener a mano la informaci\u00f3n de la factura o recibo de venta.<\/li><li>Compra B2B: El cliente debe contactar con Exatron, indicando la factura correspondiente y el defecto. Exatron reparar\u00e1 o reemplazar\u00e1 el producto.<\/li><li>El producto reparado o reemplazado tendr\u00e1 garant\u00eda por el resto del per\u00edodo de garant\u00eda original. Todas las piezas defectuosas reemplazadas seguir\u00e1n siendo propiedad de EXATRON.<\/li><\/ul><p>\u00a0 Exatron valora brindar el mejor servicio a consumidores y clientes. Si tiene alguna duda sobre la garant\u00eda o el funcionamiento del producto, nuestro departamento de atenci\u00f3n al cliente est\u00e1 disponible para brindarle una soluci\u00f3n r\u00e1pida y eficaz. Ll\u00e1menos al 0800 5413310 y solicite la extensi\u00f3n 500 o por correo electr\u00f3nico:\u00a0<a href=\"mailto:ouvidoria@exatron.com.br\" target=\"_blank\" rel=\"noopener\" data-fpl-component=\"primitive\">ouvidoria@exatron.com.br<\/a>.<br \/>\u00a0 Nuestro compromiso es brindar siempre el mejor servicio, satisfaciendo a nuestros consumidores y clientes. \u00a1Cuente con Exatron!<\/p><p><strong>2. CONDICIONES DE GARANT\u00cdA<br \/><\/strong><br \/>EXATRON no asume ninguna obligaci\u00f3n ni responsabilidad por las modificaciones de esta garant\u00eda, salvo que exista un acuerdo escrito y firmado entre EXATRON y el cliente\/usuario. La garant\u00eda no cubre la instalaci\u00f3n ni la reinstalaci\u00f3n del equipo, ni los da\u00f1os causados por una instalaci\u00f3n o uso incorrectos del producto. Si el producto falla dentro del per\u00edodo de garant\u00eda, el cliente puede reclamar la garant\u00eda en el punto de compra (TIENDA) para su reemplazo o directamente por tel\u00e9fono al 08005413310 o por correo electr\u00f3nico.\u00a0<a href=\"mailto:garantia@exatron.com.br\" target=\"_blank\" rel=\"noopener\" data-fpl-component=\"primitive\">garant\u00eda@exatron.com.br<\/a>\u00a0o\u00a0<a href=\"mailto:asc@exatron.com.br\" target=\"_blank\" rel=\"noopener\" data-fpl-component=\"primitive\">asc@exatron.com.br<\/a>Nuestro horario de apertura es de lunes a viernes de 8:00 a 12:00 y de 13:00 a 17:00.<\/p><p><strong>3. ART\u00cdCULOS EXCLUIDOS DE LA GARANT\u00cdA<br \/><\/strong><br \/>La garant\u00eda no cubre:<\/p><ul role=\"list\"><li>Defectos o da\u00f1os resultantes de un uso indebido del producto;<\/li><li>Defectos o da\u00f1os resultantes de la ca\u00edda de rayos, cableado el\u00e9ctrico inadecuado o maniobras en la red el\u00e9ctrica (sobretensiones y subtensiones, cortocircuitos) y\/o problemas de acceso a Internet;<\/li><li>Defectos o da\u00f1os causados por sobrecarga o funcionamiento fuera de los par\u00e1metros m\u00e1ximos indicados;<\/li><li>Defectos y da\u00f1os ocasionados por ca\u00eddas o almacenamiento inadecuado del producto;<\/li><li>Defectos o da\u00f1os causados por la manipulaci\u00f3n del producto con herramientas no adecuadas;<\/li><li>Defectos o da\u00f1os causados por agentes naturales (inundaciones, aire marino, oxidaci\u00f3n o exposici\u00f3n excesiva al calor);<\/li><li>Rendimiento insatisfactorio del producto debido a la instalaci\u00f3n en una ubicaci\u00f3n inadecuada;<\/li><li>Defectos y da\u00f1os causados por mal uso o desgaste natural del producto;<\/li><li>Defectos y da\u00f1os causados por servicios de instalaci\u00f3n de terceros.<\/li><li>Costos y gastos de instalaci\u00f3n y desinstalaci\u00f3n.<\/li><\/ul><p><strong>4. PER\u00cdODO DE GARANT\u00cdA DEL PRODUCTO<br \/><\/strong><br \/>El per\u00edodo de garant\u00eda de los productos Exatron var\u00eda seg\u00fan el tipo de producto y comienza a partir de la fecha de la factura de venta emitida al consumidor final. El per\u00edodo de garant\u00eda se indica en el embalaje del producto y en el sitio web.\u00a0<a href=\"https:\/\/www.exatron.com.br\/es\/\" target=\"_blank\" rel=\"noopener\" data-fpl-component=\"primitive\">www.exatron.com.br<\/a>, en la pesta\u00f1a del producto.<br \/>Notas:<br \/>a) Para un mejor an\u00e1lisis por parte de nuestra \u00e1rea t\u00e9cnica, es importante que el consumidor proporcione el mayor detalle posible sobre el defecto que presenta el producto, su aplicaci\u00f3n, as\u00ed como detalles de instalaci\u00f3n como el tipo de carga y potencia que controla, voltaje de red, etc\u2026<br \/>b) En caso de que el departamento de pruebas diagnostique un mal funcionamiento del producto que no se deba a un defecto de fabricaci\u00f3n, por ejemplo, debido a ca\u00eddas, manipulaci\u00f3n incorrecta o descarga el\u00e9ctrica, el producto tambi\u00e9n se devolver\u00e1 por correo, con gastos de env\u00edo a cargo del cliente mediante contra reembolso (COD). En caso de reparaciones, se cobrar\u00e1 una tarifa por el servicio realizado.<\/p>\t\t\t\t\t\t\t\t<\/div>\n\t\t\t\t<\/div>\n\t\t\t\t\t<\/div>\n\t\t\t\t<\/div>\n\t\t\t\t<\/div>","protected":false},"excerpt":{"rendered":"<p>Confian\u00e7a garantida em cada produto Acreditamos na qualidade do que entregamos. Por isso, oferecemos garantia em nossos produtos e total suporte ao cliente, refor\u00e7ando nosso compromisso com seguran\u00e7a, inova\u00e7\u00e3o e excel\u00eancia. Home Garantia Garantia 1. GARANTIA DOS PRODUTOS EXATRON\u00a0 A EXATRON garante seus produtos contra defeitos de fabrica\u00e7\u00e3o, desde que utilizados em condi\u00e7\u00f5es normais de [&hellip;]<\/p>","protected":false},"author":1,"featured_media":14837,"parent":0,"menu_order":0,"comment_status":"closed","ping_status":"closed","template":"","meta":{"_acf_changed":false,"_joinchat":[],"footnotes":""},"class_list":["post-2236","page","type-page","status-publish","has-post-thumbnail","hentry"],"acf":[],"yoast_head":"<!-- This site is optimized with the Yoast SEO plugin v27.3 - https:\/\/yoast.com\/product\/yoast-seo-wordpress\/ -->\n<title>Garantia - EXATRON<\/title>\n<meta name=\"description\" content=\"Acreditamos na qualidade do que entregamos. Por isso, oferecemos garantia em nossos produtos e total suporte ao cliente, refor\u00e7ando...\" \/>\n<meta name=\"robots\" content=\"index, follow, max-snippet:-1, max-image-preview:large, max-video-preview:-1\" \/>\n<link rel=\"canonical\" href=\"https:\/\/www.exatron.com.br\/es\/garantia-qualidade\/\" \/>\n<meta property=\"og:locale\" content=\"es_ES\" \/>\n<meta property=\"og:type\" content=\"article\" \/>\n<meta property=\"og:title\" content=\"Garantia - EXATRON\" \/>\n<meta property=\"og:description\" content=\"Acreditamos na qualidade do que entregamos. Por isso, oferecemos garantia em nossos produtos e total suporte ao cliente, refor\u00e7ando...\" \/>\n<meta property=\"og:url\" content=\"https:\/\/www.exatron.com.br\/es\/garantia-qualidade\/\" \/>\n<meta property=\"og:site_name\" content=\"EXATRON\" \/>\n<meta property=\"article:modified_time\" content=\"2026-05-07T13:31:46+00:00\" \/>\n<meta property=\"og:image\" content=\"https:\/\/www.exatron.com.br\/wp-content\/uploads\/lerl4001xc2bc_6.png\" \/>\n\t<meta property=\"og:image:width\" content=\"1000\" \/>\n\t<meta property=\"og:image:height\" content=\"1000\" \/>\n\t<meta property=\"og:image:type\" content=\"image\/png\" \/>\n<meta name=\"twitter:card\" content=\"summary_large_image\" \/>\n<meta name=\"twitter:label1\" content=\"Tiempo de lectura\" \/>\n\t<meta name=\"twitter:data1\" content=\"5 minutos\" \/>\n<script type=\"application\/ld+json\" class=\"yoast-schema-graph\">{\"@context\":\"https:\\\/\\\/schema.org\",\"@graph\":[{\"@type\":\"WebPage\",\"@id\":\"https:\\\/\\\/www.exatron.com.br\\\/garantia-qualidade\\\/\",\"url\":\"https:\\\/\\\/www.exatron.com.br\\\/garantia-qualidade\\\/\",\"name\":\"Garantia - EXATRON\",\"isPartOf\":{\"@id\":\"https:\\\/\\\/www.exatron.com.br\\\/#website\"},\"primaryImageOfPage\":{\"@id\":\"https:\\\/\\\/www.exatron.com.br\\\/garantia-qualidade\\\/#primaryimage\"},\"image\":{\"@id\":\"https:\\\/\\\/www.exatron.com.br\\\/garantia-qualidade\\\/#primaryimage\"},\"thumbnailUrl\":\"https:\\\/\\\/www.exatron.com.br\\\/wp-content\\\/uploads\\\/lerl4001xc2bc_6.png\",\"datePublished\":\"2025-10-16T23:36:14+00:00\",\"dateModified\":\"2026-05-07T13:31:46+00:00\",\"description\":\"Acreditamos na qualidade do que entregamos. Por isso, oferecemos garantia em nossos produtos e total suporte ao cliente, refor\u00e7ando...\",\"breadcrumb\":{\"@id\":\"https:\\\/\\\/www.exatron.com.br\\\/garantia-qualidade\\\/#breadcrumb\"},\"inLanguage\":\"es\",\"potentialAction\":[{\"@type\":\"ReadAction\",\"target\":[\"https:\\\/\\\/www.exatron.com.br\\\/garantia-qualidade\\\/\"]}]},{\"@type\":\"ImageObject\",\"inLanguage\":\"es\",\"@id\":\"https:\\\/\\\/www.exatron.com.br\\\/garantia-qualidade\\\/#primaryimage\",\"url\":\"https:\\\/\\\/www.exatron.com.br\\\/wp-content\\\/uploads\\\/lerl4001xc2bc_6.png\",\"contentUrl\":\"https:\\\/\\\/www.exatron.com.br\\\/wp-content\\\/uploads\\\/lerl4001xc2bc_6.png\",\"width\":1000,\"height\":1000,\"caption\":\"qualidade\"},{\"@type\":\"BreadcrumbList\",\"@id\":\"https:\\\/\\\/www.exatron.com.br\\\/garantia-qualidade\\\/#breadcrumb\",\"itemListElement\":[{\"@type\":\"ListItem\",\"position\":1,\"name\":\"In\u00edcio\",\"item\":\"https:\\\/\\\/www.exatron.com.br\\\/\"},{\"@type\":\"ListItem\",\"position\":2,\"name\":\"Garantia\"}]},{\"@type\":\"WebSite\",\"@id\":\"https:\\\/\\\/www.exatron.com.br\\\/#website\",\"url\":\"https:\\\/\\\/www.exatron.com.br\\\/\",\"name\":\"EXATRON\",\"description\":\"\",\"publisher\":{\"@id\":\"https:\\\/\\\/www.exatron.com.br\\\/#organization\"},\"potentialAction\":[{\"@type\":\"SearchAction\",\"target\":{\"@type\":\"EntryPoint\",\"urlTemplate\":\"https:\\\/\\\/www.exatron.com.br\\\/?s={search_term_string}\"},\"query-input\":{\"@type\":\"PropertyValueSpecification\",\"valueRequired\":true,\"valueName\":\"search_term_string\"}}],\"inLanguage\":\"es\"},{\"@type\":\"Organization\",\"@id\":\"https:\\\/\\\/www.exatron.com.br\\\/#organization\",\"name\":\"EXATRON\",\"url\":\"https:\\\/\\\/www.exatron.com.br\\\/\",\"logo\":{\"@type\":\"ImageObject\",\"inLanguage\":\"es\",\"@id\":\"https:\\\/\\\/www.exatron.com.br\\\/#\\\/schema\\\/logo\\\/image\\\/\",\"url\":\"https:\\\/\\\/www.exatron.com.br\\\/wp-content\\\/uploads\\\/2024\\\/11\\\/default-kit.png\",\"contentUrl\":\"https:\\\/\\\/www.exatron.com.br\\\/wp-content\\\/uploads\\\/2024\\\/11\\\/default-kit.png\",\"width\":956,\"height\":192,\"caption\":\"EXATRON\"},\"image\":{\"@id\":\"https:\\\/\\\/www.exatron.com.br\\\/#\\\/schema\\\/logo\\\/image\\\/\"}}]}<\/script>\n<!-- \/ Yoast SEO plugin. -->","yoast_head_json":{"title":"Garantia - EXATRON","description":"Acreditamos na qualidade do que entregamos. Por isso, oferecemos garantia em nossos produtos e total suporte ao cliente, refor\u00e7ando...","robots":{"index":"index","follow":"follow","max-snippet":"max-snippet:-1","max-image-preview":"max-image-preview:large","max-video-preview":"max-video-preview:-1"},"canonical":"https:\/\/www.exatron.com.br\/es\/garantia-qualidade\/","og_locale":"es_ES","og_type":"article","og_title":"Garantia - EXATRON","og_description":"Acreditamos na qualidade do que entregamos. Por isso, oferecemos garantia em nossos produtos e total suporte ao cliente, refor\u00e7ando...","og_url":"https:\/\/www.exatron.com.br\/es\/garantia-qualidade\/","og_site_name":"EXATRON","article_modified_time":"2026-05-07T13:31:46+00:00","og_image":[{"width":1000,"height":1000,"url":"https:\/\/www.exatron.com.br\/wp-content\/uploads\/lerl4001xc2bc_6.png","type":"image\/png"}],"twitter_card":"summary_large_image","twitter_misc":{"Tiempo de lectura":"5 minutos"},"schema":{"@context":"https:\/\/schema.org","@graph":[{"@type":"WebPage","@id":"https:\/\/www.exatron.com.br\/garantia-qualidade\/","url":"https:\/\/www.exatron.com.br\/garantia-qualidade\/","name":"Garantia - EXATRON","isPartOf":{"@id":"https:\/\/www.exatron.com.br\/#website"},"primaryImageOfPage":{"@id":"https:\/\/www.exatron.com.br\/garantia-qualidade\/#primaryimage"},"image":{"@id":"https:\/\/www.exatron.com.br\/garantia-qualidade\/#primaryimage"},"thumbnailUrl":"https:\/\/www.exatron.com.br\/wp-content\/uploads\/lerl4001xc2bc_6.png","datePublished":"2025-10-16T23:36:14+00:00","dateModified":"2026-05-07T13:31:46+00:00","description":"Acreditamos na qualidade do que entregamos. Por isso, oferecemos garantia em nossos produtos e total suporte ao cliente, refor\u00e7ando...","breadcrumb":{"@id":"https:\/\/www.exatron.com.br\/garantia-qualidade\/#breadcrumb"},"inLanguage":"es","potentialAction":[{"@type":"ReadAction","target":["https:\/\/www.exatron.com.br\/garantia-qualidade\/"]}]},{"@type":"ImageObject","inLanguage":"es","@id":"https:\/\/www.exatron.com.br\/garantia-qualidade\/#primaryimage","url":"https:\/\/www.exatron.com.br\/wp-content\/uploads\/lerl4001xc2bc_6.png","contentUrl":"https:\/\/www.exatron.com.br\/wp-content\/uploads\/lerl4001xc2bc_6.png","width":1000,"height":1000,"caption":"qualidade"},{"@type":"BreadcrumbList","@id":"https:\/\/www.exatron.com.br\/garantia-qualidade\/#breadcrumb","itemListElement":[{"@type":"ListItem","position":1,"name":"In\u00edcio","item":"https:\/\/www.exatron.com.br\/"},{"@type":"ListItem","position":2,"name":"Garantia"}]},{"@type":"WebSite","@id":"https:\/\/www.exatron.com.br\/#website","url":"https:\/\/www.exatron.com.br\/","name":"EXATRON","description":"","publisher":{"@id":"https:\/\/www.exatron.com.br\/#organization"},"potentialAction":[{"@type":"SearchAction","target":{"@type":"EntryPoint","urlTemplate":"https:\/\/www.exatron.com.br\/?s={search_term_string}"},"query-input":{"@type":"PropertyValueSpecification","valueRequired":true,"valueName":"search_term_string"}}],"inLanguage":"es"},{"@type":"Organization","@id":"https:\/\/www.exatron.com.br\/#organization","name":"EXATRON","url":"https:\/\/www.exatron.com.br\/","logo":{"@type":"ImageObject","inLanguage":"es","@id":"https:\/\/www.exatron.com.br\/#\/schema\/logo\/image\/","url":"https:\/\/www.exatron.com.br\/wp-content\/uploads\/2024\/11\/default-kit.png","contentUrl":"https:\/\/www.exatron.com.br\/wp-content\/uploads\/2024\/11\/default-kit.png","width":956,"height":192,"caption":"EXATRON"},"image":{"@id":"https:\/\/www.exatron.com.br\/#\/schema\/logo\/image\/"}}]}},"_links":{"self":[{"href":"https:\/\/www.exatron.com.br\/es\/wp-json\/wp\/v2\/pages\/2236","targetHints":{"allow":["GET"]}}],"collection":[{"href":"https:\/\/www.exatron.com.br\/es\/wp-json\/wp\/v2\/pages"}],"about":[{"href":"https:\/\/www.exatron.com.br\/es\/wp-json\/wp\/v2\/types\/page"}],"author":[{"embeddable":true,"href":"https:\/\/www.exatron.com.br\/es\/wp-json\/wp\/v2\/users\/1"}],"replies":[{"embeddable":true,"href":"https:\/\/www.exatron.com.br\/es\/wp-json\/wp\/v2\/comments?post=2236"}],"version-history":[{"count":1,"href":"https:\/\/www.exatron.com.br\/es\/wp-json\/wp\/v2\/pages\/2236\/revisions"}],"predecessor-version":[{"id":15311,"href":"https:\/\/www.exatron.com.br\/es\/wp-json\/wp\/v2\/pages\/2236\/revisions\/15311"}],"wp:featuredmedia":[{"embeddable":true,"href":"https:\/\/www.exatron.com.br\/es\/wp-json\/wp\/v2\/media\/14837"}],"wp:attachment":[{"href":"https:\/\/www.exatron.com.br\/es\/wp-json\/wp\/v2\/media?parent=2236"}],"curies":[{"name":"wp","href":"https:\/\/api.w.org\/{rel}","templated":true}]}}