{"id":3,"date":"2024-11-22T18:07:39","date_gmt":"2024-11-22T18:07:39","guid":{"rendered":"https:\/\/exatron.com.br\/?page_id=3"},"modified":"2026-01-27T15:04:24","modified_gmt":"2026-01-27T18:04:24","slug":"politica-de-privacidade","status":"publish","type":"page","link":"https:\/\/www.exatron.com.br\/es\/politica-de-privacidad\/","title":{"rendered":"pol\u00edtica de privacidad"},"content":{"rendered":"<div data-elementor-type=\"wp-page\" data-elementor-id=\"3\" class=\"elementor elementor-3\" data-elementor-post-type=\"page\">\n\t\t\t\t<div class=\"elementor-element elementor-element-a5ff450 e-flex e-con-boxed e-con e-parent\" data-id=\"a5ff450\" data-element_type=\"container\" data-e-type=\"container\" data-settings=\"{&quot;background_background&quot;:&quot;classic&quot;}\">\n\t\t\t\t\t<div class=\"e-con-inner\">\n\t\t\t\t<div class=\"elementor-element elementor-element-86157b1 elementor-widget__width-initial elementor-widget elementor-widget-heading\" data-id=\"86157b1\" data-element_type=\"widget\" data-e-type=\"widget\" data-widget_type=\"heading.default\">\n\t\t\t\t<div class=\"elementor-widget-container\">\n\t\t\t\t\t<h1 class=\"elementor-heading-title elementor-size-default\">Su privacidad es nuestra prioridad.<\/h1>\t\t\t\t<\/div>\n\t\t\t\t<\/div>\n\t\t\t\t<div class=\"elementor-element elementor-element-fd2b6da elementor-widget__width-initial elementor-widget elementor-widget-heading\" data-id=\"fd2b6da\" data-element_type=\"widget\" data-e-type=\"widget\" data-widget_type=\"heading.default\">\n\t\t\t\t<div class=\"elementor-widget-container\">\n\t\t\t\t\t<p class=\"elementor-heading-title elementor-size-default\">Exatron respeta y protege los datos de sus clientes, socios y visitantes. En esta p\u00e1gina encontrar\u00e1 informaci\u00f3n clara sobre c\u00f3mo recopilamos, usamos y almacenamos sus datos, de acuerdo con la normativa vigente.<\/p>\t\t\t\t<\/div>\n\t\t\t\t<\/div>\n\t\t<div class=\"elementor-element elementor-element-f3207ed e-con-full e-flex e-con e-child\" data-id=\"f3207ed\" data-element_type=\"container\" data-e-type=\"container\">\n\t\t\t\t<div class=\"elementor-element elementor-element-00b5b3d elementor-widget elementor-widget-heading\" data-id=\"00b5b3d\" data-element_type=\"widget\" data-e-type=\"widget\" data-widget_type=\"heading.default\">\n\t\t\t\t<div class=\"elementor-widget-container\">\n\t\t\t\t\t<p class=\"elementor-heading-title elementor-size-default\"><a href=\"https:\/\/www.exatron.com.br\/es\/\">Hogar<\/a><\/p>\t\t\t\t<\/div>\n\t\t\t\t<\/div>\n\t\t\t\t<div class=\"elementor-element elementor-element-66d8312 elementor-widget elementor-widget-image\" data-id=\"66d8312\" data-element_type=\"widget\" data-e-type=\"widget\" data-widget_type=\"image.default\">\n\t\t\t\t<div class=\"elementor-widget-container\">\n\t\t\t\t\t\t\t\t\t\t\t\t\t\t\t<img decoding=\"async\" width=\"3\" height=\"30\" src=\"https:\/\/exatron.com.br\/wp-content\/uploads\/2025\/11\/unnamed-file.png\" class=\"attachment-large size-large wp-image-8604\" alt=\"Archivo sin nombre\" \/>\t\t\t\t\t\t\t\t\t\t\t\t\t\t\t<\/div>\n\t\t\t\t<\/div>\n\t\t\t\t<div class=\"elementor-element elementor-element-0507b6c elementor-widget elementor-widget-heading\" data-id=\"0507b6c\" data-element_type=\"widget\" data-e-type=\"widget\" data-widget_type=\"heading.default\">\n\t\t\t\t<div class=\"elementor-widget-container\">\n\t\t\t\t\t<p class=\"elementor-heading-title elementor-size-default\"><a href=\"https:\/\/www.exatron.com.br\/es\/politica-de-privacidad\/\">pol\u00edtica de privacidad<\/a><\/p>\t\t\t\t<\/div>\n\t\t\t\t<\/div>\n\t\t\t\t<\/div>\n\t\t\t\t\t<\/div>\n\t\t\t\t<\/div>\n\t\t<div class=\"elementor-element elementor-element-3a5055bb e-flex e-con-boxed e-con e-parent\" data-id=\"3a5055bb\" data-element_type=\"container\" data-e-type=\"container\">\n\t\t\t\t\t<div class=\"e-con-inner\">\n\t\t\t\t<div class=\"elementor-element elementor-element-4117e644 elementor-widget elementor-widget-text-editor\" data-id=\"4117e644\" data-element_type=\"widget\" data-e-type=\"widget\" data-widget_type=\"text-editor.default\">\n\t\t\t\t<div class=\"elementor-widget-container\">\n\t\t\t\t\t\t\t\t\t<p><strong>1. POL\u00cdTICA DE PRIVACIDAD:<\/strong><\/p><p>Esta p\u00e1gina describe la pol\u00edtica de privacidad de nuestros sitios web y servicios, describiendo los tipos de informaci\u00f3n personal que podemos recopilar en nuestros sistemas y c\u00f3mo la utilizaremos para mejorar la prestaci\u00f3n de nuestros servicios. Los datos recopilados durante su uso son estrictamente necesarios para los fines previstos y no se alquilar\u00e1n, vender\u00e1n ni compartir\u00e1n bajo ninguna circunstancia sin su autorizaci\u00f3n expresa.<\/p><p><strong>1.1 DERECHOS DEL USUARIO:<\/strong><\/p><p>Exatron se compromete a cumplir con todas las normas y principios establecidos en la Ley General de Protecci\u00f3n de Datos, garantizando al usuario:<\/p><ol><li>Derecho de Confirmaci\u00f3n y Acceso: El usuario tiene derecho a obtener del sitio web confirmaci\u00f3n de si se est\u00e1n tratando o no sus datos personales, as\u00ed como el derecho a acceder a dichos datos personales.<\/li><li>Derecho de Rectificaci\u00f3n y Correcci\u00f3n de Datos: El usuario podr\u00e1 solicitar la rectificaci\u00f3n de los datos personales inexactos que le conciernan.<\/li><li>Derecho de Supresi\u00f3n y Bloqueo: El usuario podr\u00e1 solicitar la supresi\u00f3n de los datos personales almacenados en el sitio web.<\/li><li>El derecho a restringir el procesamiento de datos: El usuario tiene derecho a limitar el procesamiento de sus datos personales \u00fanicamente a lo necesario.<\/li><li>Derecho de Oposici\u00f3n: El usuario podr\u00e1 oponerse, por motivos relacionados con su situaci\u00f3n particular, al tratamiento de datos personales que le conciernan.<\/li><li>Derecho a la Portabilidad de los Datos: El usuario tiene derecho a recibir los datos personales que le incumban y que haya facilitado a la aplicaci\u00f3n, en un formato estructurado, de uso com\u00fan y lectura mec\u00e1nica, y el derecho a transmitir dichos datos a otra aplicaci\u00f3n.<\/li><li>Derecho a revocar el consentimiento.<\/li><\/ol><p>\u00a0<\/p><p><strong>2. SOBRE DATOS Y SEGURIDAD:<\/strong><\/p><p>Los datos personales se definen como cualquier dato relacionado con una persona f\u00edsica identificada o identificable, como: geolocalizaci\u00f3n, nombre, CPF (n\u00famero de identificaci\u00f3n fiscal brasile\u00f1o), direcciones, RG (documento de identidad brasile\u00f1o), n\u00famero de tel\u00e9fono, g\u00e9nero, entre otros. Toda la informaci\u00f3n que recopilamos se almacena en entornos operativos seguros, que utilizan diversas herramientas y t\u00e9cnicas para brindar la m\u00e1xima seguridad, y no est\u00e1 disponible al p\u00fablico. Nuestro equipo est\u00e1 altamente capacitado y calificado para proteger su privacidad y seguridad.<\/p><p>\u00a0<\/p><p><strong>3. SUS DATOS PERSONALES Y C\u00d3MO LOS USAMOS:<\/strong><\/p><p>Utilizaremos los datos proporcionados por el usuario, de acuerdo con los t\u00e9rminos del servicio, \u00fanicamente para el \u201cServicio\u201d solicitado.<\/p><p><strong>3.1 Sitios:<\/strong><\/p><p>El uso de datos puede incluir la direcci\u00f3n IP, el ID de sesi\u00f3n, las p\u00e1ginas visitadas por el usuario y las fechas y horas de acceso almacenadas en cookies y registros. Todos los datos se procesan \u00fanicamente con el fin de mejorar la experiencia de navegaci\u00f3n del usuario.<\/p><p><strong>3.1.1 SOBRE LAS COOKIES:<\/strong><\/p><p>Una cookie es un peque\u00f1o archivo de datos que se env\u00eda a su ordenador cuando visita un sitio web. Al igual que otros sitios web actuales, nuestras cookies optimizan su experiencia de navegaci\u00f3n e incluyen un n\u00famero de identificaci\u00f3n \u00fanico para el ordenador que utiliza. Este identificador nos ayuda a comprender mejor a nuestros usuarios y c\u00f3mo utilizan nuestro sitio web y nuestros servicios. Como usuario visitante, tiene la opci\u00f3n de configurar su navegador para que le notifique sobre la recepci\u00f3n de cookies y para evitar su instalaci\u00f3n en su disco duro. La informaci\u00f3n sobre esta configuraci\u00f3n est\u00e1 disponible en las instrucciones y manuales del navegador. Sin embargo, algunas funciones de este sitio web pueden verse limitadas si se bloquean las cookies. El sitio web utilizar\u00e1 la informaci\u00f3n obtenida a trav\u00e9s de las cookies para analizar las p\u00e1ginas visitadas por el usuario y sus b\u00fasquedas, as\u00ed como para mejorar las iniciativas comerciales y promocionales, presentar publicidad o promociones, banners de mayor inter\u00e9s, noticias sobre nuestra empresa y mejorar la oferta de nuestros contenidos, productos y servicios.<\/p><p><strong>3.1.2 SOBRE LOS P\u00cdXELES DE CONTROL O BALIZAS WEB:<\/strong><\/p><p>Un p\u00edxel de seguimiento es una imagen electr\u00f3nica, una baliza web, un p\u00edxel transparente o un p\u00edxel \u00fanico (1x1) con funciones similares a las de las cookies. Adem\u00e1s, se utiliza para medir los patrones de tr\u00e1fico de los usuarios al navegar entre p\u00e1ginas, con el objetivo de maximizar el flujo de tr\u00e1fico web. Este sitio web utiliza esta funci\u00f3n para mejorar la experiencia de nuestros visitantes.<\/p><p><strong>3.1.3 SOBRE LOS REGISTROS:<\/strong><\/p><p>Como medida de seguridad, las actividades realizadas por los usuarios de este sitio web se registran a trav\u00e9s de registros que proporcionan informaci\u00f3n como la direcci\u00f3n IP, ID de sesi\u00f3n, p\u00e1ginas accedidas por el usuario y fechas y horas de acceso.<\/p><p><strong>3.2 TIENDA ONLINE:<\/strong><\/p><p>De conformidad con el art\u00edculo 7, V de la LGPD (Ley General de Protecci\u00f3n de Datos de Brasil), el tratamiento se realiza exclusivamente para la ejecuci\u00f3n de un contrato. Puede incluir datos personales como el CPF (N\u00famero de Identificaci\u00f3n Fiscal), nombre completo, direcci\u00f3n completa, n\u00famero de tel\u00e9fono y correo electr\u00f3nico. La finalidad del tratamiento es generar la factura de venta del producto y enviarla al cliente. No se utilizar\u00e1n para ning\u00fan otro fin bajo ninguna circunstancia.<\/p><p><strong>3.3 CONT\u00c1CTENOS:<\/strong><\/p><p>Al acceder a nuestra secci\u00f3n &quot;Cont\u00e1ctenos&quot;, es posible que se le solicite informaci\u00f3n personal relevante para el servicio seleccionado y necesaria para su finalidad. Toda la informaci\u00f3n ingresada se considera confidencial y solo se procesar\u00e1 para el prop\u00f3sito para el que se aplica.<\/p><p><strong>3.3.1 CONTACTO:<\/strong><\/p><p>La informaci\u00f3n introducida en el formulario de contacto se utilizar\u00e1 exclusivamente para la comunicaci\u00f3n entre las partes. Los datos facilitados son para uso exclusivo de EXATRON y no se compartir\u00e1n bajo ninguna circunstancia. No es necesario introducir ning\u00fan dato personal aparte de los solicitados en los campos del formulario. Los datos excesivos ser\u00e1n anonimizados.<\/p><p><strong>3.3.2 TRABAJA CON NOSOTROS:<\/strong><\/p><p>La informaci\u00f3n ingresada en el formulario &quot;Trabaja con nosotros&quot; se env\u00eda directamente al departamento de Recursos Humanos de Exatron y se utiliza exclusivamente para la b\u00fasqueda de talento. Los datos se almacenan en un entorno seguro y no se comparten con terceros bajo ninguna circunstancia. No es necesario ingresar ning\u00fan dato personal aparte de los solicitados en los campos del formulario. No se deben ingresar datos personales sensibles, como la orientaci\u00f3n religiosa, sexual, pol\u00edtica o racial. En el proceso precontractual, la empresa no recopilar\u00e1 m\u00e1s datos de los necesarios para el proceso de selecci\u00f3n. En la fase contractual, la empresa deber\u00e1 recopilar datos para cumplir con las obligaciones regulatorias, as\u00ed como otras, como la prestaci\u00f3n de servicios m\u00e9dicos, etc. Los datos excesivos se anonimizar\u00e1n.<\/p><p><strong>3.4 Bolet\u00edn informativo:<\/strong><\/p><p>Una vez que se suscriba al bolet\u00edn informativo y proporcione su informaci\u00f3n personal, podr\u00e1 recibir comunicaciones promocionales. En tal caso, podr\u00e1 cancelar su suscripci\u00f3n. No se le enviar\u00e1n comunicaciones no solicitadas sobre ofertas comerciales ni publicidad si ha optado por no recibir este tipo de informaci\u00f3n.<\/p><p>\u00a0<\/p><p><strong>4. PERIODO DE CONSERVACI\u00d3N DE LOS DATOS PERSONALES:<\/strong><\/p><p>Todos los datos recopilados a trav\u00e9s del sitio web, como nombre completo, CPF, direcci\u00f3n y n\u00famero de tel\u00e9fono, proporcionados con el consentimiento del cliente, se conservar\u00e1n durante un per\u00edodo de 5 (cinco) a\u00f1os a partir de la fecha de recopilaci\u00f3n, y podr\u00e1n almacenarse por un per\u00edodo de 10 (diez) a\u00f1os.<\/p><p>\u00a0<\/p><p><strong>5. CONFIDENCIALIDAD:<\/strong><\/p><p>La informaci\u00f3n personal ingresada y transmitida a trav\u00e9s de los servicios descritos se considera confidencial y no podr\u00e1 ser divulgada a terceros, salvo en caso de orden judicial, solicitud o resoluci\u00f3n judicial. Bajo ninguna circunstancia se realizar\u00e1n transferencias internacionales de datos.<\/p><p>\u00a0<\/p><p><strong>6. SOBRE ENLACES EXTERNOS Y SERVICIOS EXTERNOS:<\/strong><\/p><p>Los servicios descritos pueden contener enlaces a otros sitios web, servicios y portales controlados por terceros, y sus pr\u00e1cticas de privacidad y seguridad no est\u00e1n cubiertas por esta pol\u00edtica de privacidad.<\/p><p><strong>6.1 GOOGLE ANALYTICS:<\/strong><\/p><p>Utilizamos un servicio de Google para visualizar los datos de uso del sitio web en forma de informes. La pol\u00edtica de privacidad del sistema est\u00e1 disponible en [enlace a la pol\u00edtica de privacidad].\u00a0<a href=\"https:\/\/policies.google.com\/privacy\">https:\/\/policies.google.com\/privacy<\/a><\/p><p><strong>6.2 P\u00c1GINA SEGURO:<\/strong><\/p><p>Nuestra tienda utiliza el sistema PAGSEGURO INTERNET S\/A como pasarela de pago. La pol\u00edtica de privacidad del sistema est\u00e1 disponible en [enlace a la pol\u00edtica de privacidad].\u00a0<a href=\"https:\/\/sobreuol.noticias.uol.com.br\/normas-de-seguranca-e-privacidade.html\">https:\/\/sobreuol.noticias.uol.com.br\/normas-de-seguranca-e-privacidade.html<\/a><\/p><p><strong>6.3 WHATSAPP:<\/strong><\/p><p>Ofrecemos contacto directo por WhatsApp en nuestro sitio web. Utilizamos la informaci\u00f3n ingresada all\u00ed \u00fanicamente para el fin previsto y no la compartimos con terceros. El uso del servicio tambi\u00e9n est\u00e1 sujeto a la aceptaci\u00f3n de las condiciones de uso de la herramienta.\u00a0<a href=\"https:\/\/www.whatsapp.com\/legal\/updates\/privacy-policy\">https:\/\/www.whatsapp.com\/legal\/updates\/privacy-policy<\/a><\/p><p>\u00a0<\/p><p><strong>7. LA EMPRESA:<\/strong><\/p><p>La empresa EXATRON IND\u00daSTRIA ELETR\u00d4NICA LTDA, con domicilio en Rua Engenheiro Homero Carlos Simon, N\u00ba 1089, Bairro Guajuviras, Canoas\/RS, con CNPJ n\u00ba 90.191.529\/0001-22, se compromete a aclarar cualquier informaci\u00f3n o duda presente en esta pol\u00edtica de privacidad.\u00a0<\/p><p>En Exatron, nos comprometemos a proteger la privacidad de sus datos personales, tal como establece la Ley General de Protecci\u00f3n de Datos (LGPD). Si tiene alguna pregunta, inquietud o necesita m\u00e1s informaci\u00f3n sobre c\u00f3mo gestionamos sus datos, p\u00f3ngase en contacto con el DPO Jonathan Haubert por correo electr\u00f3nico:\u00a0<a href=\"mailto:dpo@exatron.com.br\">dpo@exatron.com.br<\/a>.<\/p><p>\u00a0<\/p><p><strong>Versi\u00f3n 1.4<\/strong><\/p>\t\t\t\t\t\t\t\t<\/div>\n\t\t\t\t<\/div>\n\t\t\t\t\t<\/div>\n\t\t\t\t<\/div>\n\t\t\t\t<\/div>","protected":false},"excerpt":{"rendered":"<p>Sua privacidade \u00e9 prioridade para n\u00f3s A Exatron respeita e protege os dados dos seus clientes, parceiros e visitantes. Nesta p\u00e1gina, voc\u00ea encontra informa\u00e7\u00f5es claras sobre como coletamos, usamos e armazenamos seus dados, de acordo com as normas vigentes. Home Pol\u00edtica de privacidade 1. POL\u00cdTICA DE PRIVACIDADE: Esta p\u00e1gina apresenta a pol\u00edtica de privacidade de [&hellip;]<\/p>","protected":false},"author":1,"featured_media":0,"parent":0,"menu_order":0,"comment_status":"closed","ping_status":"closed","template":"","meta":{"_acf_changed":false,"_joinchat":[],"footnotes":""},"class_list":["post-3","page","type-page","status-publish","hentry"],"acf":[],"yoast_head":"<!-- This site is optimized with the Yoast SEO plugin v27.3 - https:\/\/yoast.com\/product\/yoast-seo-wordpress\/ -->\n<title>Pol\u00edtica de Privacidade - EXATRON<\/title>\n<meta name=\"robots\" content=\"index, follow, max-snippet:-1, max-image-preview:large, max-video-preview:-1\" \/>\n<link rel=\"canonical\" href=\"https:\/\/www.exatron.com.br\/es\/politica-de-privacidad\/\" \/>\n<meta property=\"og:locale\" content=\"es_ES\" \/>\n<meta property=\"og:type\" content=\"article\" \/>\n<meta property=\"og:title\" content=\"Pol\u00edtica de Privacidade - EXATRON\" \/>\n<meta property=\"og:description\" content=\"Sua privacidade \u00e9 prioridade para n\u00f3s A Exatron respeita e protege os dados dos seus clientes, parceiros e visitantes. Nesta p\u00e1gina, voc\u00ea encontra informa\u00e7\u00f5es claras sobre como coletamos, usamos e armazenamos seus dados, de acordo com as normas vigentes. Home Pol\u00edtica de privacidade 1. POL\u00cdTICA DE PRIVACIDADE: Esta p\u00e1gina apresenta a pol\u00edtica de privacidade de [&hellip;]\" \/>\n<meta property=\"og:url\" content=\"https:\/\/www.exatron.com.br\/es\/politica-de-privacidad\/\" \/>\n<meta property=\"og:site_name\" content=\"EXATRON\" \/>\n<meta property=\"article:modified_time\" content=\"2026-01-27T18:04:24+00:00\" \/>\n<meta property=\"og:image\" content=\"https:\/\/exatron.com.br\/wp-content\/uploads\/2025\/11\/unnamed-file.png\" \/>\n<meta name=\"twitter:card\" content=\"summary_large_image\" \/>\n<meta name=\"twitter:label1\" content=\"Tiempo de lectura\" \/>\n\t<meta name=\"twitter:data1\" content=\"9 minutos\" \/>\n<script type=\"application\/ld+json\" class=\"yoast-schema-graph\">{\"@context\":\"https:\\\/\\\/schema.org\",\"@graph\":[{\"@type\":\"WebPage\",\"@id\":\"https:\\\/\\\/www.exatron.com.br\\\/politica-de-privacidade\\\/\",\"url\":\"https:\\\/\\\/www.exatron.com.br\\\/politica-de-privacidade\\\/\",\"name\":\"Pol\u00edtica de Privacidade - EXATRON\",\"isPartOf\":{\"@id\":\"https:\\\/\\\/www.exatron.com.br\\\/#website\"},\"primaryImageOfPage\":{\"@id\":\"https:\\\/\\\/www.exatron.com.br\\\/politica-de-privacidade\\\/#primaryimage\"},\"image\":{\"@id\":\"https:\\\/\\\/www.exatron.com.br\\\/politica-de-privacidade\\\/#primaryimage\"},\"thumbnailUrl\":\"https:\\\/\\\/exatron.com.br\\\/wp-content\\\/uploads\\\/2025\\\/11\\\/unnamed-file.png\",\"datePublished\":\"2024-11-22T18:07:39+00:00\",\"dateModified\":\"2026-01-27T18:04:24+00:00\",\"breadcrumb\":{\"@id\":\"https:\\\/\\\/www.exatron.com.br\\\/politica-de-privacidade\\\/#breadcrumb\"},\"inLanguage\":\"es\",\"potentialAction\":[{\"@type\":\"ReadAction\",\"target\":[\"https:\\\/\\\/www.exatron.com.br\\\/politica-de-privacidade\\\/\"]}]},{\"@type\":\"ImageObject\",\"inLanguage\":\"es\",\"@id\":\"https:\\\/\\\/www.exatron.com.br\\\/politica-de-privacidade\\\/#primaryimage\",\"url\":\"https:\\\/\\\/exatron.com.br\\\/wp-content\\\/uploads\\\/2025\\\/11\\\/unnamed-file.png\",\"contentUrl\":\"https:\\\/\\\/exatron.com.br\\\/wp-content\\\/uploads\\\/2025\\\/11\\\/unnamed-file.png\"},{\"@type\":\"BreadcrumbList\",\"@id\":\"https:\\\/\\\/www.exatron.com.br\\\/politica-de-privacidade\\\/#breadcrumb\",\"itemListElement\":[{\"@type\":\"ListItem\",\"position\":1,\"name\":\"In\u00edcio\",\"item\":\"https:\\\/\\\/www.exatron.com.br\\\/\"},{\"@type\":\"ListItem\",\"position\":2,\"name\":\"Pol\u00edtica de Privacidade\"}]},{\"@type\":\"WebSite\",\"@id\":\"https:\\\/\\\/www.exatron.com.br\\\/#website\",\"url\":\"https:\\\/\\\/www.exatron.com.br\\\/\",\"name\":\"EXATRON\",\"description\":\"\",\"publisher\":{\"@id\":\"https:\\\/\\\/www.exatron.com.br\\\/#organization\"},\"potentialAction\":[{\"@type\":\"SearchAction\",\"target\":{\"@type\":\"EntryPoint\",\"urlTemplate\":\"https:\\\/\\\/www.exatron.com.br\\\/?s={search_term_string}\"},\"query-input\":{\"@type\":\"PropertyValueSpecification\",\"valueRequired\":true,\"valueName\":\"search_term_string\"}}],\"inLanguage\":\"es\"},{\"@type\":\"Organization\",\"@id\":\"https:\\\/\\\/www.exatron.com.br\\\/#organization\",\"name\":\"EXATRON\",\"url\":\"https:\\\/\\\/www.exatron.com.br\\\/\",\"logo\":{\"@type\":\"ImageObject\",\"inLanguage\":\"es\",\"@id\":\"https:\\\/\\\/www.exatron.com.br\\\/#\\\/schema\\\/logo\\\/image\\\/\",\"url\":\"https:\\\/\\\/www.exatron.com.br\\\/wp-content\\\/uploads\\\/2024\\\/11\\\/default-kit.png\",\"contentUrl\":\"https:\\\/\\\/www.exatron.com.br\\\/wp-content\\\/uploads\\\/2024\\\/11\\\/default-kit.png\",\"width\":956,\"height\":192,\"caption\":\"EXATRON\"},\"image\":{\"@id\":\"https:\\\/\\\/www.exatron.com.br\\\/#\\\/schema\\\/logo\\\/image\\\/\"}}]}<\/script>\n<!-- \/ Yoast SEO plugin. -->","yoast_head_json":{"title":"Pol\u00edtica de Privacidade - EXATRON","robots":{"index":"index","follow":"follow","max-snippet":"max-snippet:-1","max-image-preview":"max-image-preview:large","max-video-preview":"max-video-preview:-1"},"canonical":"https:\/\/www.exatron.com.br\/es\/politica-de-privacidad\/","og_locale":"es_ES","og_type":"article","og_title":"Pol\u00edtica de Privacidade - EXATRON","og_description":"Sua privacidade \u00e9 prioridade para n\u00f3s A Exatron respeita e protege os dados dos seus clientes, parceiros e visitantes. Nesta p\u00e1gina, voc\u00ea encontra informa\u00e7\u00f5es claras sobre como coletamos, usamos e armazenamos seus dados, de acordo com as normas vigentes. Home Pol\u00edtica de privacidade 1. POL\u00cdTICA DE PRIVACIDADE: Esta p\u00e1gina apresenta a pol\u00edtica de privacidade de [&hellip;]","og_url":"https:\/\/www.exatron.com.br\/es\/politica-de-privacidad\/","og_site_name":"EXATRON","article_modified_time":"2026-01-27T18:04:24+00:00","og_image":[{"url":"https:\/\/exatron.com.br\/wp-content\/uploads\/2025\/11\/unnamed-file.png","type":"","width":"","height":""}],"twitter_card":"summary_large_image","twitter_misc":{"Tiempo de lectura":"9 minutos"},"schema":{"@context":"https:\/\/schema.org","@graph":[{"@type":"WebPage","@id":"https:\/\/www.exatron.com.br\/politica-de-privacidade\/","url":"https:\/\/www.exatron.com.br\/politica-de-privacidade\/","name":"Pol\u00edtica de Privacidade - EXATRON","isPartOf":{"@id":"https:\/\/www.exatron.com.br\/#website"},"primaryImageOfPage":{"@id":"https:\/\/www.exatron.com.br\/politica-de-privacidade\/#primaryimage"},"image":{"@id":"https:\/\/www.exatron.com.br\/politica-de-privacidade\/#primaryimage"},"thumbnailUrl":"https:\/\/exatron.com.br\/wp-content\/uploads\/2025\/11\/unnamed-file.png","datePublished":"2024-11-22T18:07:39+00:00","dateModified":"2026-01-27T18:04:24+00:00","breadcrumb":{"@id":"https:\/\/www.exatron.com.br\/politica-de-privacidade\/#breadcrumb"},"inLanguage":"es","potentialAction":[{"@type":"ReadAction","target":["https:\/\/www.exatron.com.br\/politica-de-privacidade\/"]}]},{"@type":"ImageObject","inLanguage":"es","@id":"https:\/\/www.exatron.com.br\/politica-de-privacidade\/#primaryimage","url":"https:\/\/exatron.com.br\/wp-content\/uploads\/2025\/11\/unnamed-file.png","contentUrl":"https:\/\/exatron.com.br\/wp-content\/uploads\/2025\/11\/unnamed-file.png"},{"@type":"BreadcrumbList","@id":"https:\/\/www.exatron.com.br\/politica-de-privacidade\/#breadcrumb","itemListElement":[{"@type":"ListItem","position":1,"name":"In\u00edcio","item":"https:\/\/www.exatron.com.br\/"},{"@type":"ListItem","position":2,"name":"Pol\u00edtica de Privacidade"}]},{"@type":"WebSite","@id":"https:\/\/www.exatron.com.br\/#website","url":"https:\/\/www.exatron.com.br\/","name":"EXATRON","description":"","publisher":{"@id":"https:\/\/www.exatron.com.br\/#organization"},"potentialAction":[{"@type":"SearchAction","target":{"@type":"EntryPoint","urlTemplate":"https:\/\/www.exatron.com.br\/?s={search_term_string}"},"query-input":{"@type":"PropertyValueSpecification","valueRequired":true,"valueName":"search_term_string"}}],"inLanguage":"es"},{"@type":"Organization","@id":"https:\/\/www.exatron.com.br\/#organization","name":"EXATRON","url":"https:\/\/www.exatron.com.br\/","logo":{"@type":"ImageObject","inLanguage":"es","@id":"https:\/\/www.exatron.com.br\/#\/schema\/logo\/image\/","url":"https:\/\/www.exatron.com.br\/wp-content\/uploads\/2024\/11\/default-kit.png","contentUrl":"https:\/\/www.exatron.com.br\/wp-content\/uploads\/2024\/11\/default-kit.png","width":956,"height":192,"caption":"EXATRON"},"image":{"@id":"https:\/\/www.exatron.com.br\/#\/schema\/logo\/image\/"}}]}},"_links":{"self":[{"href":"https:\/\/www.exatron.com.br\/es\/wp-json\/wp\/v2\/pages\/3","targetHints":{"allow":["GET"]}}],"collection":[{"href":"https:\/\/www.exatron.com.br\/es\/wp-json\/wp\/v2\/pages"}],"about":[{"href":"https:\/\/www.exatron.com.br\/es\/wp-json\/wp\/v2\/types\/page"}],"author":[{"embeddable":true,"href":"https:\/\/www.exatron.com.br\/es\/wp-json\/wp\/v2\/users\/1"}],"replies":[{"embeddable":true,"href":"https:\/\/www.exatron.com.br\/es\/wp-json\/wp\/v2\/comments?post=3"}],"version-history":[{"count":0,"href":"https:\/\/www.exatron.com.br\/es\/wp-json\/wp\/v2\/pages\/3\/revisions"}],"wp:attachment":[{"href":"https:\/\/www.exatron.com.br\/es\/wp-json\/wp\/v2\/media?parent=3"}],"curies":[{"name":"wp","href":"https:\/\/api.w.org\/{rel}","templated":true}]}}