{"id":8584,"date":"2025-11-18T16:13:48","date_gmt":"2025-11-18T19:13:48","guid":{"rendered":"https:\/\/exatron.com.br\/?page_id=8584"},"modified":"2025-11-18T17:56:59","modified_gmt":"2025-11-18T20:56:59","slug":"politica-da-loja","status":"publish","type":"page","link":"https:\/\/www.exatron.com.br\/es\/politica-de-la-tienda\/","title":{"rendered":"Pol\u00edtica de la tienda"},"content":{"rendered":"<div data-elementor-type=\"wp-page\" data-elementor-id=\"8584\" class=\"elementor elementor-8584\" data-elementor-post-type=\"page\">\n\t\t\t\t<div class=\"elementor-element elementor-element-10d9896 e-flex e-con-boxed e-con e-parent\" data-id=\"10d9896\" data-element_type=\"container\" data-e-type=\"container\" data-settings=\"{&quot;background_background&quot;:&quot;classic&quot;}\">\n\t\t\t\t\t<div class=\"e-con-inner\">\n\t\t\t\t<div class=\"elementor-element elementor-element-1743d1a elementor-widget__width-initial elementor-widget elementor-widget-heading\" data-id=\"1743d1a\" data-element_type=\"widget\" data-e-type=\"widget\" data-widget_type=\"heading.default\">\n\t\t\t\t<div class=\"elementor-widget-container\">\n\t\t\t\t\t<h1 class=\"elementor-heading-title elementor-size-default\">Conozca nuestra pol\u00edtica de tienda.<\/h1>\t\t\t\t<\/div>\n\t\t\t\t<\/div>\n\t\t\t\t<div class=\"elementor-element elementor-element-e60bde4 elementor-widget__width-initial elementor-widget elementor-widget-heading\" data-id=\"e60bde4\" data-element_type=\"widget\" data-e-type=\"widget\" data-widget_type=\"heading.default\">\n\t\t\t\t<div class=\"elementor-widget-container\">\n\t\t\t\t\t<p class=\"elementor-heading-title elementor-size-default\">La transparencia es fundamental. Aqu\u00ed encontrar\u00e1 todas las directrices sobre pedidos, plazos, cambios, devoluciones, garant\u00edas y dem\u00e1s condiciones comerciales aplicables a nuestros productos y servicios.<\/p>\t\t\t\t<\/div>\n\t\t\t\t<\/div>\n\t\t<div class=\"elementor-element elementor-element-cc22726 e-con-full e-flex e-con e-child\" data-id=\"cc22726\" data-element_type=\"container\" data-e-type=\"container\">\n\t\t\t\t<div class=\"elementor-element elementor-element-11caed9 elementor-widget elementor-widget-heading\" data-id=\"11caed9\" data-element_type=\"widget\" data-e-type=\"widget\" data-widget_type=\"heading.default\">\n\t\t\t\t<div class=\"elementor-widget-container\">\n\t\t\t\t\t<p class=\"elementor-heading-title elementor-size-default\"><a href=\"https:\/\/www.exatron.com.br\/es\/\">Hogar<\/a><\/p>\t\t\t\t<\/div>\n\t\t\t\t<\/div>\n\t\t\t\t<div class=\"elementor-element elementor-element-f761345 elementor-widget elementor-widget-image\" data-id=\"f761345\" data-element_type=\"widget\" data-e-type=\"widget\" data-widget_type=\"image.default\">\n\t\t\t\t<div class=\"elementor-widget-container\">\n\t\t\t\t\t\t\t\t\t\t\t\t\t\t\t<img decoding=\"async\" width=\"3\" height=\"30\" src=\"https:\/\/www.exatron.com.br\/wp-content\/uploads\/2025\/11\/unnamed-file.png\" class=\"attachment-large size-large wp-image-8604\" alt=\"Archivo sin nombre\" \/>\t\t\t\t\t\t\t\t\t\t\t\t\t\t\t<\/div>\n\t\t\t\t<\/div>\n\t\t\t\t<div class=\"elementor-element elementor-element-79e40d3 elementor-widget elementor-widget-heading\" data-id=\"79e40d3\" data-element_type=\"widget\" data-e-type=\"widget\" data-widget_type=\"heading.default\">\n\t\t\t\t<div class=\"elementor-widget-container\">\n\t\t\t\t\t<p class=\"elementor-heading-title elementor-size-default\"><a href=\"https:\/\/www.exatron.com.br\/es\/politica-de-la-tienda\/\">Pol\u00edtica de la tienda<\/a><\/p>\t\t\t\t<\/div>\n\t\t\t\t<\/div>\n\t\t\t\t<\/div>\n\t\t\t\t\t<\/div>\n\t\t\t\t<\/div>\n\t\t<div class=\"elementor-element elementor-element-8383c74 e-flex e-con-boxed e-con e-parent\" data-id=\"8383c74\" data-element_type=\"container\" data-e-type=\"container\">\n\t\t\t\t\t<div class=\"e-con-inner\">\n\t\t\t\t<div class=\"elementor-element elementor-element-439e060 elementor-widget elementor-widget-heading\" data-id=\"439e060\" data-element_type=\"widget\" data-e-type=\"widget\" data-widget_type=\"heading.default\">\n\t\t\t\t<div class=\"elementor-widget-container\">\n\t\t\t\t\t<h2 class=\"elementor-heading-title elementor-size-default\">Pol\u00edtica de la tienda<\/h2>\t\t\t\t<\/div>\n\t\t\t\t<\/div>\n\t\t\t\t<div class=\"elementor-element elementor-element-e45b5e4 elementor-widget elementor-widget-text-editor\" data-id=\"e45b5e4\" data-element_type=\"widget\" data-e-type=\"widget\" data-widget_type=\"text-editor.default\">\n\t\t\t\t<div class=\"elementor-widget-container\">\n\t\t\t\t\t\t\t\t\t<div class=\"page-content\"><p>Con el fin de brindarle un servicio de calidad, la siguiente es la pol\u00edtica de la Tienda Exatron con respecto a compras, cambios, devoluciones, entregas y m\u00e9todos de pago.<\/p><p>EXATRON IND\u00daSTRIA ELETR\u00d4NICA LTDA se reserva el derecho de realizar cambios a los T\u00e9rminos de esta Pol\u00edtica en cualquier momento.<\/p><p>Al recibir su pedido, verifique que el embalaje no est\u00e9 da\u00f1ado, que los art\u00edculos est\u00e9n en perfecto estado y que coincidan con la factura adjunta. Si alguno de estos art\u00edculos es incorrecto, comun\u00edquese con nuestro CENTRO DE ATENCI\u00d3N AL CLIENTE para obtener ayuda: (51) 3357.5000.<\/p><p><strong>El tiempo de entrega<\/strong><\/p><p>El tiempo de entrega y los costos de env\u00edo pueden variar seg\u00fan el m\u00e9todo de env\u00edo seleccionado por el cliente al momento de la compra y el destino de entrega. Las opciones de env\u00edo predefinidas elegidas por el cliente ser\u00e1n calculadas autom\u00e1ticamente por el sistema de env\u00edos del servicio postal. Cualquier retraso en la entrega que se produzca despu\u00e9s del env\u00edo del producto (despu\u00e9s de salir de f\u00e1brica) es responsabilidad exclusiva del Servicio Postal Brasile\u00f1o.<\/p><p>El pedido se env\u00eda tras la confirmaci\u00f3n del pago y la verificaci\u00f3n de los datos de registro del cliente, lo que puede tardar hasta 7 d\u00edas h\u00e1biles. Transcurrido este plazo, comienza el plazo de entrega indicado por el servicio postal.<\/p><p>Las entregas se realizan seg\u00fan las normas del servicio postal, por lo que no es posible programar una hora de entrega. Por lo tanto, es fundamental que el cliente se asegure de que alguien est\u00e9 presente en la direcci\u00f3n registrada para recibir el pedido y de que la direcci\u00f3n sea completa y correcta.<\/p><p>En todos los casos, el cliente recibir\u00e1 un correo electr\u00f3nico confirmando la liberaci\u00f3n de su pedido y la factura electr\u00f3nica una vez facturada.<\/p><p><strong>Cambio o devoluci\u00f3n de mercanc\u00eda<\/strong><\/p><p>Los productos pueden cambiarse o devolverse dentro de los 7 (siete) d\u00edas naturales siguientes a su recepci\u00f3n, de conformidad con el Art\u00edculo 49 del C\u00f3digo de Protecci\u00f3n al Consumidor. La fecha de recepci\u00f3n se considera la indicada por la empresa responsable de la entrega, incluso si la recepci\u00f3n no la realiz\u00f3 el destinatario, sino terceros como porteros, recepcionistas, familiares, etc.<\/p><p>S\u00f3lo se procesar\u00e1 un cambio o devoluci\u00f3n si el producto est\u00e1 en PERFECTAS condiciones y en su embalaje original.<\/p><p>El cliente deber\u00e1 comunicar su intenci\u00f3n de cambiar el producto v\u00eda e-mail a lojaonline@exatron.com.br, indicando el n\u00famero de factura de venta del producto; el c\u00f3digo, conforme aparece en la factura, del producto a cambiar; y el motivo de la solicitud.<\/p><p>Tras la autorizaci\u00f3n para el cambio, el cliente deber\u00e1 enviar el\/los producto(s) en un plazo de 7 (siete) d\u00edas naturales. Transcurrido este plazo, caduca el derecho a cambio o devoluci\u00f3n.<\/p><p>Para cambios o devoluciones, la mercanc\u00eda a enviar de vuelta a EXATRON IND\u00daSTRIA ELETR\u00d4NICA LTDA deber\u00e1 estar embalada en su embalaje original, debiendo enviarse todos los accesorios que acompa\u00f1an a los productos junto con la factura de venta.<\/p><p>Es responsabilidad del consumidor conservar los recibos de cualquier compra. Si no se presenta el recibo junto con la mercanc\u00eda para el cambio, EXATRON IND\u00daSTRIA ELETR\u00d4NICA LTDA se reserva el derecho de decidir si se realiza o no el cambio.<\/p><p>La ausencia de alg\u00fan producto puede provocar un retraso en la resoluci\u00f3n del problema.<\/p><p>El paquete deber\u00e1 estar etiquetado y enviado a la siguiente direcci\u00f3n:<\/p><p>Destinatario: EXATRON (TIENDA ONLINE)<\/p><p>Direcci\u00f3n: Rua Eng. Homero Carlos Sim\u00f3n, 1089; Barrio Guajuviras; C\u00f3digo postal: 92442-000; Canoas-RS<\/p><p><strong>Se aplican cargos de env\u00edo para las devoluciones.<\/strong><\/p><p>Para las devoluciones solicitadas por el cliente, los gastos de env\u00edo correr\u00e1n a su cargo. Si la solicitud de cancelaci\u00f3n del pedido se produce despu\u00e9s del env\u00edo de la mercanc\u00eda, los gastos de env\u00edo correr\u00e1n a cargo del cliente. Si la mercanc\u00eda ya se ha entregado, el cliente tambi\u00e9n ser\u00e1 responsable de los gastos de env\u00edo de la devoluci\u00f3n a EXATRON IND\u00daSTRIA ELETR\u00d4NICA LTDA. En caso de defectos del producto o errores en el pedido, los gastos de env\u00edo correr\u00e1n a cargo de EXATRON IND\u00daSTRIA ELETR\u00d4NICA LTDA.<\/p><p><strong>Reembolso de pago<\/strong><\/p><p>EXATRON IND\u00daSTRIA ELETR\u00d4NICA LTDA, despu\u00e9s de inspeccionar la mercanc\u00eda devuelta y no encontrar irregularidades, solicitar\u00e1 un reembolso parcial o total al procesador de pago.<\/p><p>El reembolso de la mercanc\u00eda devuelta se procesar\u00e1 dentro de los 7 (siete) d\u00edas h\u00e1biles, contados a partir de la fecha de recepci\u00f3n de la mercanc\u00eda por EXATRON IND\u00daSTRIA ELETR\u00d4NICA LTDA.<\/p><p>El cr\u00e9dito por la reversi\u00f3n del d\u00e9bito debe aparecer en el pr\u00f3ximo estado de cuenta del cliente.<\/p><p><strong>\u00c1rea de acceso y datos personales<\/strong><\/p><p>Para realizar compras en el sitio web, es necesario crear una cuenta en nuestra \u00e1rea segura. Todos los datos necesarios se almacenan en servidores con las medidas de seguridad m\u00e1s modernas.<\/p><p>Los datos se utilizan como se indica en nuestra\u00a0<a href=\"https:\/\/www.exatron.com.br\/es\/politica-de-privacidad\/\">pol\u00edtica de privacidad<\/a>.<\/p><p><strong>Fecha l\u00edmite para concretar el cambio de mercanc\u00eda.<\/strong><\/p><p>Toda mercanc\u00eda devuelta a EXATRON IND\u00daSTRIA ELETR\u00d4NICA LTDA ser\u00e1 analizada seg\u00fan la informaci\u00f3n proporcionada por el cliente a trav\u00e9s del servicio de asistencia t\u00e9cnica en la sede central. EXATRON IND\u00daSTRIA ELETR\u00d4NICA LTDA tomar\u00e1 las medidas necesarias, optimizando siempre los plazos, para el reenv\u00edo de la mercanc\u00eda, con un plazo m\u00e1ximo de 15 (quince) d\u00edas h\u00e1biles a partir de la fecha de recepci\u00f3n.<\/p><p><strong>Intercambio de bienes con diferentes valores individuales.<\/strong><\/p><p>Cuando un cliente solicita un cambio de mercanc\u00eda por otro art\u00edculo de diferente precio, se seguir\u00e1 el siguiente procedimiento:<\/p><p>1) Si el valor de la nueva mercanc\u00eda es mayor que la anterior, EXATRON IND\u00daSTRIA ELETR\u00d4NICA LTDA cobrar\u00e1 la diferencia, solicitando dep\u00f3sito en cuenta corriente.<\/p><p>2) Si el valor del nuevo producto es menor que el anterior, EXATRON IND\u00daSTRIA ELETR\u00d4NICA LTDA generar\u00e1 un c\u00f3digo de cr\u00e9dito a favor del cliente para ser utilizado en futuras compras.<\/p><p><strong>La tienda cumple con el Decreto Federal 7.962\/13. Para cualquier consulta, cont\u00e1ctenos por correo electr\u00f3nico: lojaonline@exatron.com.br<\/strong><\/p><\/div><div class=\"page-blocks\">\u00a0<\/div>\t\t\t\t\t\t\t\t<\/div>\n\t\t\t\t<\/div>\n\t\t\t\t\t<\/div>\n\t\t\t\t<\/div>\n\t\t\t\t<\/div>","protected":false},"excerpt":{"rendered":"<p>Conhe\u00e7a a pol\u00edtica da nossa loja Transpar\u00eancia \u00e9 essencial. Aqui voc\u00ea encontra todas as diretrizes sobre pedidos, prazos, trocas, devolu\u00e7\u00f5es, garantias e demais condi\u00e7\u00f5es comerciais aplicadas aos nossos produtos e servi\u00e7os. Home Pol\u00edtica da loja Pol\u00edtica da loja Com o objetivo de atend\u00ea-lo com qualidade, segue a pol\u00edtica de compras, troca, devolu\u00e7\u00e3o, entrega e formas [&hellip;]<\/p>","protected":false},"author":2,"featured_media":0,"parent":0,"menu_order":0,"comment_status":"closed","ping_status":"closed","template":"","meta":{"_acf_changed":false,"_joinchat":[],"footnotes":""},"class_list":["post-8584","page","type-page","status-publish","hentry"],"acf":[],"yoast_head":"<!-- This site is optimized with the Yoast SEO plugin v27.3 - https:\/\/yoast.com\/product\/yoast-seo-wordpress\/ -->\n<title>Pol\u00edtica da Loja - EXATRON<\/title>\n<meta name=\"robots\" content=\"index, follow, max-snippet:-1, max-image-preview:large, max-video-preview:-1\" \/>\n<link rel=\"canonical\" href=\"https:\/\/www.exatron.com.br\/es\/politica-de-la-tienda\/\" \/>\n<meta property=\"og:locale\" content=\"es_ES\" \/>\n<meta property=\"og:type\" content=\"article\" \/>\n<meta property=\"og:title\" content=\"Pol\u00edtica da Loja - EXATRON\" \/>\n<meta property=\"og:description\" content=\"Conhe\u00e7a a pol\u00edtica da nossa loja Transpar\u00eancia \u00e9 essencial. Aqui voc\u00ea encontra todas as diretrizes sobre pedidos, prazos, trocas, devolu\u00e7\u00f5es, garantias e demais condi\u00e7\u00f5es comerciais aplicadas aos nossos produtos e servi\u00e7os. Home Pol\u00edtica da loja Pol\u00edtica da loja Com o objetivo de atend\u00ea-lo com qualidade, segue a pol\u00edtica de compras, troca, devolu\u00e7\u00e3o, entrega e formas [&hellip;]\" \/>\n<meta property=\"og:url\" content=\"https:\/\/www.exatron.com.br\/es\/politica-de-la-tienda\/\" \/>\n<meta property=\"og:site_name\" content=\"EXATRON\" \/>\n<meta property=\"article:modified_time\" content=\"2025-11-18T20:56:59+00:00\" \/>\n<meta property=\"og:image\" content=\"https:\/\/exatron.com.br\/wp-content\/uploads\/2025\/11\/unnamed-file.png\" \/>\n<meta name=\"twitter:card\" content=\"summary_large_image\" \/>\n<meta name=\"twitter:label1\" content=\"Tiempo de lectura\" \/>\n\t<meta name=\"twitter:data1\" content=\"6 minutos\" \/>\n<script type=\"application\/ld+json\" class=\"yoast-schema-graph\">{\"@context\":\"https:\\\/\\\/schema.org\",\"@graph\":[{\"@type\":\"WebPage\",\"@id\":\"https:\\\/\\\/www.exatron.com.br\\\/politica-da-loja\\\/\",\"url\":\"https:\\\/\\\/www.exatron.com.br\\\/politica-da-loja\\\/\",\"name\":\"Pol\u00edtica da Loja - EXATRON\",\"isPartOf\":{\"@id\":\"https:\\\/\\\/www.exatron.com.br\\\/#website\"},\"primaryImageOfPage\":{\"@id\":\"https:\\\/\\\/www.exatron.com.br\\\/politica-da-loja\\\/#primaryimage\"},\"image\":{\"@id\":\"https:\\\/\\\/www.exatron.com.br\\\/politica-da-loja\\\/#primaryimage\"},\"thumbnailUrl\":\"https:\\\/\\\/exatron.com.br\\\/wp-content\\\/uploads\\\/2025\\\/11\\\/unnamed-file.png\",\"datePublished\":\"2025-11-18T19:13:48+00:00\",\"dateModified\":\"2025-11-18T20:56:59+00:00\",\"breadcrumb\":{\"@id\":\"https:\\\/\\\/www.exatron.com.br\\\/politica-da-loja\\\/#breadcrumb\"},\"inLanguage\":\"es\",\"potentialAction\":[{\"@type\":\"ReadAction\",\"target\":[\"https:\\\/\\\/www.exatron.com.br\\\/politica-da-loja\\\/\"]}]},{\"@type\":\"ImageObject\",\"inLanguage\":\"es\",\"@id\":\"https:\\\/\\\/www.exatron.com.br\\\/politica-da-loja\\\/#primaryimage\",\"url\":\"https:\\\/\\\/exatron.com.br\\\/wp-content\\\/uploads\\\/2025\\\/11\\\/unnamed-file.png\",\"contentUrl\":\"https:\\\/\\\/exatron.com.br\\\/wp-content\\\/uploads\\\/2025\\\/11\\\/unnamed-file.png\"},{\"@type\":\"BreadcrumbList\",\"@id\":\"https:\\\/\\\/www.exatron.com.br\\\/politica-da-loja\\\/#breadcrumb\",\"itemListElement\":[{\"@type\":\"ListItem\",\"position\":1,\"name\":\"In\u00edcio\",\"item\":\"https:\\\/\\\/www.exatron.com.br\\\/\"},{\"@type\":\"ListItem\",\"position\":2,\"name\":\"Pol\u00edtica da Loja\"}]},{\"@type\":\"WebSite\",\"@id\":\"https:\\\/\\\/www.exatron.com.br\\\/#website\",\"url\":\"https:\\\/\\\/www.exatron.com.br\\\/\",\"name\":\"EXATRON\",\"description\":\"\",\"publisher\":{\"@id\":\"https:\\\/\\\/www.exatron.com.br\\\/#organization\"},\"potentialAction\":[{\"@type\":\"SearchAction\",\"target\":{\"@type\":\"EntryPoint\",\"urlTemplate\":\"https:\\\/\\\/www.exatron.com.br\\\/?s={search_term_string}\"},\"query-input\":{\"@type\":\"PropertyValueSpecification\",\"valueRequired\":true,\"valueName\":\"search_term_string\"}}],\"inLanguage\":\"es\"},{\"@type\":\"Organization\",\"@id\":\"https:\\\/\\\/www.exatron.com.br\\\/#organization\",\"name\":\"EXATRON\",\"url\":\"https:\\\/\\\/www.exatron.com.br\\\/\",\"logo\":{\"@type\":\"ImageObject\",\"inLanguage\":\"es\",\"@id\":\"https:\\\/\\\/www.exatron.com.br\\\/#\\\/schema\\\/logo\\\/image\\\/\",\"url\":\"https:\\\/\\\/www.exatron.com.br\\\/wp-content\\\/uploads\\\/2024\\\/11\\\/default-kit.png\",\"contentUrl\":\"https:\\\/\\\/www.exatron.com.br\\\/wp-content\\\/uploads\\\/2024\\\/11\\\/default-kit.png\",\"width\":956,\"height\":192,\"caption\":\"EXATRON\"},\"image\":{\"@id\":\"https:\\\/\\\/www.exatron.com.br\\\/#\\\/schema\\\/logo\\\/image\\\/\"}}]}<\/script>\n<!-- \/ Yoast SEO plugin. -->","yoast_head_json":{"title":"Pol\u00edtica da Loja - EXATRON","robots":{"index":"index","follow":"follow","max-snippet":"max-snippet:-1","max-image-preview":"max-image-preview:large","max-video-preview":"max-video-preview:-1"},"canonical":"https:\/\/www.exatron.com.br\/es\/politica-de-la-tienda\/","og_locale":"es_ES","og_type":"article","og_title":"Pol\u00edtica da Loja - EXATRON","og_description":"Conhe\u00e7a a pol\u00edtica da nossa loja Transpar\u00eancia \u00e9 essencial. Aqui voc\u00ea encontra todas as diretrizes sobre pedidos, prazos, trocas, devolu\u00e7\u00f5es, garantias e demais condi\u00e7\u00f5es comerciais aplicadas aos nossos produtos e servi\u00e7os. Home Pol\u00edtica da loja Pol\u00edtica da loja Com o objetivo de atend\u00ea-lo com qualidade, segue a pol\u00edtica de compras, troca, devolu\u00e7\u00e3o, entrega e formas [&hellip;]","og_url":"https:\/\/www.exatron.com.br\/es\/politica-de-la-tienda\/","og_site_name":"EXATRON","article_modified_time":"2025-11-18T20:56:59+00:00","og_image":[{"url":"https:\/\/exatron.com.br\/wp-content\/uploads\/2025\/11\/unnamed-file.png","type":"","width":"","height":""}],"twitter_card":"summary_large_image","twitter_misc":{"Tiempo de lectura":"6 minutos"},"schema":{"@context":"https:\/\/schema.org","@graph":[{"@type":"WebPage","@id":"https:\/\/www.exatron.com.br\/politica-da-loja\/","url":"https:\/\/www.exatron.com.br\/politica-da-loja\/","name":"Pol\u00edtica da Loja - EXATRON","isPartOf":{"@id":"https:\/\/www.exatron.com.br\/#website"},"primaryImageOfPage":{"@id":"https:\/\/www.exatron.com.br\/politica-da-loja\/#primaryimage"},"image":{"@id":"https:\/\/www.exatron.com.br\/politica-da-loja\/#primaryimage"},"thumbnailUrl":"https:\/\/exatron.com.br\/wp-content\/uploads\/2025\/11\/unnamed-file.png","datePublished":"2025-11-18T19:13:48+00:00","dateModified":"2025-11-18T20:56:59+00:00","breadcrumb":{"@id":"https:\/\/www.exatron.com.br\/politica-da-loja\/#breadcrumb"},"inLanguage":"es","potentialAction":[{"@type":"ReadAction","target":["https:\/\/www.exatron.com.br\/politica-da-loja\/"]}]},{"@type":"ImageObject","inLanguage":"es","@id":"https:\/\/www.exatron.com.br\/politica-da-loja\/#primaryimage","url":"https:\/\/exatron.com.br\/wp-content\/uploads\/2025\/11\/unnamed-file.png","contentUrl":"https:\/\/exatron.com.br\/wp-content\/uploads\/2025\/11\/unnamed-file.png"},{"@type":"BreadcrumbList","@id":"https:\/\/www.exatron.com.br\/politica-da-loja\/#breadcrumb","itemListElement":[{"@type":"ListItem","position":1,"name":"In\u00edcio","item":"https:\/\/www.exatron.com.br\/"},{"@type":"ListItem","position":2,"name":"Pol\u00edtica da Loja"}]},{"@type":"WebSite","@id":"https:\/\/www.exatron.com.br\/#website","url":"https:\/\/www.exatron.com.br\/","name":"EXATRON","description":"","publisher":{"@id":"https:\/\/www.exatron.com.br\/#organization"},"potentialAction":[{"@type":"SearchAction","target":{"@type":"EntryPoint","urlTemplate":"https:\/\/www.exatron.com.br\/?s={search_term_string}"},"query-input":{"@type":"PropertyValueSpecification","valueRequired":true,"valueName":"search_term_string"}}],"inLanguage":"es"},{"@type":"Organization","@id":"https:\/\/www.exatron.com.br\/#organization","name":"EXATRON","url":"https:\/\/www.exatron.com.br\/","logo":{"@type":"ImageObject","inLanguage":"es","@id":"https:\/\/www.exatron.com.br\/#\/schema\/logo\/image\/","url":"https:\/\/www.exatron.com.br\/wp-content\/uploads\/2024\/11\/default-kit.png","contentUrl":"https:\/\/www.exatron.com.br\/wp-content\/uploads\/2024\/11\/default-kit.png","width":956,"height":192,"caption":"EXATRON"},"image":{"@id":"https:\/\/www.exatron.com.br\/#\/schema\/logo\/image\/"}}]}},"_links":{"self":[{"href":"https:\/\/www.exatron.com.br\/es\/wp-json\/wp\/v2\/pages\/8584","targetHints":{"allow":["GET"]}}],"collection":[{"href":"https:\/\/www.exatron.com.br\/es\/wp-json\/wp\/v2\/pages"}],"about":[{"href":"https:\/\/www.exatron.com.br\/es\/wp-json\/wp\/v2\/types\/page"}],"author":[{"embeddable":true,"href":"https:\/\/www.exatron.com.br\/es\/wp-json\/wp\/v2\/users\/2"}],"replies":[{"embeddable":true,"href":"https:\/\/www.exatron.com.br\/es\/wp-json\/wp\/v2\/comments?post=8584"}],"version-history":[{"count":0,"href":"https:\/\/www.exatron.com.br\/es\/wp-json\/wp\/v2\/pages\/8584\/revisions"}],"wp:attachment":[{"href":"https:\/\/www.exatron.com.br\/es\/wp-json\/wp\/v2\/media?parent=8584"}],"curies":[{"name":"wp","href":"https:\/\/api.w.org\/{rel}","templated":true}]}}