{"id":10454,"date":"2025-12-08T15:08:50","date_gmt":"2025-12-08T15:08:50","guid":{"rendered":"https:\/\/exatron.com.br\/produtos\/rele-fotocontrolador-liga-noite-protecao-ip67-li\/"},"modified":"2026-04-22T09:00:16","modified_gmt":"2026-04-22T12:00:16","slug":"rele-fotocontrolador-liga-noite-protecao-ip67-li","status":"publish","type":"product","link":"https:\/\/www.exatron.com.br\/es\/produtos\/rele-fotocontrolador-liga-noite-protecao-ip67-li\/","title":{"rendered":"Rel\u00e9 Fotocontrolador Liga Noite Prote\u00e7\u00e3o IP67 LI"},"content":{"rendered":"<h3>Especificaciones t\u00e9cnicas<\/h3>\n<ul>\n<li>Tens\u00e3o: 105~305Vac 50\/60Hz<\/li>\n<li>Capacidade de carga: at\u00e9 1000W resistivo (FP=1), 1800VA\/220Vac indutivo ou 1200VA\/127Vac indutivo com fator de pot\u00eancia n\u00e3o corrigido FP&gt;0,5 e FP&gt;0,92.<\/li>\n<li>Tecnologia: microcontrolado.<\/li>\n<li>Rele Fotoeletr\u00f4nico 105 A 305V ~, sa\u00edda ligada durante a noite, sistema fail-off.<\/li>\n<li>Aplica\u00e7\u00e3o: rel\u00e9 de alta performance para ilumina\u00e7\u00e3o p\u00fablica.<\/li>\n<li>Contatos do rel\u00e9 quando desenergizado: normalmente aberto (NA), falha desligado (FD), Liga Noite (LN).<\/li>\n<li>Filtro de tempo: duplo retardo que impede acionamentos indevidos devido a varia\u00e7\u00f5es bruscas de luminosidade como raios, laser, nuvens e etc. Entre 2 e 5 segundos para ligar ou para desligar (tipo AR: r\u00e1pido).<\/li>\n<li>Lux para ligar: menor que 10 Lux.<\/li>\n<li>Lux para desligar: menor que 30 Lux respeitando a rela\u00e7\u00e3o de histerese rela\u00e7\u00e3o entre liga e desliga (histerese): 1,5 a 2,8 vezes.<\/li>\n<li>Tens\u00e3o de surto: suporta at\u00e9 10000 V (1,2&#215;50\u00b5s).<\/li>\n<li>Consumo: menor que 1 W ou 10 VA capacitivo.<\/li>\n<li>Rigidez diel\u00e9trica: \u2265 2500V @ 1 minuto.<\/li>\n<li>Sensor fotoc\u00e9lula de sil\u00edcio: fototransistor<\/li>\n<li>Mapa de marca\u00e7\u00e3o indel\u00e9vel do momento de retirada e coloca\u00e7\u00e3o em campo.<\/li>\n<li>Temperatura de opera\u00e7\u00e3o: -5\u00b0C a 50\u00b0C.<\/li>\n<li>\u00cdndice de prote\u00e7\u00e3o: IP67.<\/li>\n<li>Para o correto funcionamento deste produto, a potencia m\u00ednima necess\u00e1ria de carga \u00e9 de 1W.<\/li>\n<li>C\u00f3digo\u00a0de opera\u00e7\u00e3o: T2LNFDRNAR.<\/li>\n<li>Produto Homologado Londrina Ilumina\u00e7\u00e3o<\/li>\n<li>Grava\u00e7\u00e3o no copo indicando: Londrina Ilumina\u00e7\u00e3o;<\/li>\n<li>Grava\u00e7\u00e3o no copo indicando data de fabrica\u00e7\u00e3o e garantia;<\/li>\n<li>Garantia: 10 anos.<\/li>\n<li>Potencia de control:<\/li>\n<\/ul>\n<figure class=\"table\">\n<table>\n<tbody>\n<tr>\n<td>Resistiva<\/td>\n<td>Indutiva<\/td>\n<td>Corrigido<\/td>\n<\/tr>\n<tr>\n<td>1000 W<\/td>\n<td>1800 VA<\/td>\n<td>500 VA<\/td>\n<\/tr>\n<\/tbody>\n<\/table>\n<\/figure>","protected":false},"excerpt":{"rendered":"<p>O Rel\u00e9 Fotocontrolador Eletr\u00f4nico Exatron \u00e9 um rel\u00e9 fotoel\u00e9trico microcontrolado ideal para o acionamento de pontos luminosos e outras cargas. Este equipamento mant\u00e9m acesas lumin\u00e1rias na aus\u00eancia de luz natural e \u00e9 insens\u00edvel a varia\u00e7\u00f5es bruscas de luminosidade, rel\u00e2mpagos e far\u00f3is. Pode ser instalado com qualquer tipo de l\u00e2mpada. O produto LUXON FD possui contato NA (normalmente aberto) mantendo as l\u00e2mpadas desligadas durante o dia e a noite, no caso rel\u00e9 ficar inoperante.<\/p>\n<p>Produto Homologado Londrina Ilumina\u00e7\u00e3o.<\/p>\n<p><strong>ATEN\u00c7\u00c3O:<\/strong> PARA INSTALA\u00c7\u00c3O SEGURA DE REL\u00c9S FOTOEL\u00c9TRICOS, \u00c9 RECOMENDADO A UTILIZA\u00c7\u00c3O DE TOMADA PARA REL\u00c9S.<\/p>","protected":false},"featured_media":14665,"comment_status":"open","ping_status":"closed","template":"","meta":{"_acf_changed":false,"_joinchat":[]},"aplicacao":[],"product_brand":[],"product_cat":[344,315],"product_tag":[509,528,510,526,508,567],"class_list":{"0":"post-10454","1":"product","2":"type-product","3":"status-publish","4":"has-post-thumbnail","6":"product_cat-eletronico","7":"product_cat-reles-para-iluminacao","8":"product_tag-iluminacao-publica","9":"product_tag-ip67","10":"product_tag-liga-noite","11":"product_tag-rele","12":"product_tag-rele-fotocontrolador","13":"product_tag-rele-fotoeletronico","15":"first","16":"outofstock","17":"shipping-taxable","18":"product-type-simple"},"acf":[],"yoast_head":"<!-- This site is optimized with the Yoast SEO plugin v27.3 - https:\/\/yoast.com\/product\/yoast-seo-wordpress\/ -->\n<title>Rel\u00e9 Fotocontrolador Liga Noite Prote\u00e7\u00e3o IP67 LI - EXATRON<\/title>\n<meta name=\"description\" content=\"Otimize sua ilumina\u00e7\u00e3o p\u00fablica com o Rel\u00e9 Fotocontrolador Liga Noite Prote\u00e7\u00e3o IP67 LI, ideal para ambiente seguro. Garanta efici\u00eancia e qualidade!\" \/>\n<meta name=\"robots\" content=\"index, follow, max-snippet:-1, max-image-preview:large, max-video-preview:-1\" \/>\n<link rel=\"canonical\" href=\"https:\/\/www.exatron.com.br\/es\/produtos\/rele-fotocontrolador-liga-noite-protecao-ip67-li\/\" \/>\n<meta property=\"og:locale\" content=\"es_ES\" \/>\n<meta property=\"og:type\" content=\"article\" \/>\n<meta property=\"og:title\" content=\"Rel\u00e9 Fotocontrolador Liga Noite Prote\u00e7\u00e3o IP67 LI - EXATRON\" \/>\n<meta property=\"og:description\" content=\"Otimize sua ilumina\u00e7\u00e3o p\u00fablica com o Rel\u00e9 Fotocontrolador Liga Noite Prote\u00e7\u00e3o IP67 LI, ideal para ambiente seguro. Garanta efici\u00eancia e qualidade!\" \/>\n<meta property=\"og:url\" content=\"https:\/\/www.exatron.com.br\/es\/produtos\/rele-fotocontrolador-liga-noite-protecao-ip67-li\/\" \/>\n<meta property=\"og:site_name\" content=\"EXATRON\" \/>\n<meta property=\"article:modified_time\" content=\"2026-04-22T12:00:16+00:00\" \/>\n<meta property=\"og:image\" content=\"https:\/\/www.exatron.com.br\/wp-content\/uploads\/rele-azul_05.png\" \/>\n\t<meta property=\"og:image:width\" content=\"1000\" \/>\n\t<meta property=\"og:image:height\" content=\"1000\" \/>\n\t<meta property=\"og:image:type\" content=\"image\/png\" \/>\n<meta name=\"twitter:card\" content=\"summary_large_image\" \/>\n<meta name=\"twitter:label1\" content=\"Tiempo de lectura\" \/>\n\t<meta name=\"twitter:data1\" content=\"2 minutos\" \/>\n<script type=\"application\/ld+json\" class=\"yoast-schema-graph\">{\"@context\":\"https:\\\/\\\/schema.org\",\"@graph\":[{\"@type\":\"WebPage\",\"@id\":\"https:\\\/\\\/www.exatron.com.br\\\/produtos\\\/rele-fotocontrolador-liga-noite-protecao-ip67-li\\\/\",\"url\":\"https:\\\/\\\/www.exatron.com.br\\\/produtos\\\/rele-fotocontrolador-liga-noite-protecao-ip67-li\\\/\",\"name\":\"Rel\u00e9 Fotocontrolador Liga Noite Prote\u00e7\u00e3o IP67 LI - EXATRON\",\"isPartOf\":{\"@id\":\"https:\\\/\\\/www.exatron.com.br\\\/#website\"},\"primaryImageOfPage\":{\"@id\":\"https:\\\/\\\/www.exatron.com.br\\\/produtos\\\/rele-fotocontrolador-liga-noite-protecao-ip67-li\\\/#primaryimage\"},\"image\":{\"@id\":\"https:\\\/\\\/www.exatron.com.br\\\/produtos\\\/rele-fotocontrolador-liga-noite-protecao-ip67-li\\\/#primaryimage\"},\"thumbnailUrl\":\"https:\\\/\\\/www.exatron.com.br\\\/wp-content\\\/uploads\\\/rele-azul_05.png\",\"datePublished\":\"2025-12-08T15:08:50+00:00\",\"dateModified\":\"2026-04-22T12:00:16+00:00\",\"description\":\"Otimize sua ilumina\u00e7\u00e3o p\u00fablica com o Rel\u00e9 Fotocontrolador Liga Noite Prote\u00e7\u00e3o IP67 LI, ideal para ambiente seguro. Garanta efici\u00eancia e qualidade!\",\"breadcrumb\":{\"@id\":\"https:\\\/\\\/www.exatron.com.br\\\/produtos\\\/rele-fotocontrolador-liga-noite-protecao-ip67-li\\\/#breadcrumb\"},\"inLanguage\":\"es\",\"potentialAction\":[{\"@type\":\"ReadAction\",\"target\":[\"https:\\\/\\\/www.exatron.com.br\\\/produtos\\\/rele-fotocontrolador-liga-noite-protecao-ip67-li\\\/\"]}]},{\"@type\":\"ImageObject\",\"inLanguage\":\"es\",\"@id\":\"https:\\\/\\\/www.exatron.com.br\\\/produtos\\\/rele-fotocontrolador-liga-noite-protecao-ip67-li\\\/#primaryimage\",\"url\":\"https:\\\/\\\/www.exatron.com.br\\\/wp-content\\\/uploads\\\/rele-azul_05.png\",\"contentUrl\":\"https:\\\/\\\/www.exatron.com.br\\\/wp-content\\\/uploads\\\/rele-azul_05.png\",\"width\":1000,\"height\":1000,\"caption\":\"Rel\u00e9 Fotocontrolador\"},{\"@type\":\"BreadcrumbList\",\"@id\":\"https:\\\/\\\/www.exatron.com.br\\\/produtos\\\/rele-fotocontrolador-liga-noite-protecao-ip67-li\\\/#breadcrumb\",\"itemListElement\":[{\"@type\":\"ListItem\",\"position\":1,\"name\":\"In\u00edcio\",\"item\":\"https:\\\/\\\/www.exatron.com.br\\\/\"},{\"@type\":\"ListItem\",\"position\":2,\"name\":\"Loja\",\"item\":\"https:\\\/\\\/www.exatron.com.br\\\/loja\\\/\"},{\"@type\":\"ListItem\",\"position\":3,\"name\":\"Rel\u00e9 Fotocontrolador Liga Noite Prote\u00e7\u00e3o IP67 LI\"}]},{\"@type\":\"WebSite\",\"@id\":\"https:\\\/\\\/www.exatron.com.br\\\/#website\",\"url\":\"https:\\\/\\\/www.exatron.com.br\\\/\",\"name\":\"EXATRON\",\"description\":\"\",\"publisher\":{\"@id\":\"https:\\\/\\\/www.exatron.com.br\\\/#organization\"},\"potentialAction\":[{\"@type\":\"SearchAction\",\"target\":{\"@type\":\"EntryPoint\",\"urlTemplate\":\"https:\\\/\\\/www.exatron.com.br\\\/?s={search_term_string}\"},\"query-input\":{\"@type\":\"PropertyValueSpecification\",\"valueRequired\":true,\"valueName\":\"search_term_string\"}}],\"inLanguage\":\"es\"},{\"@type\":\"Organization\",\"@id\":\"https:\\\/\\\/www.exatron.com.br\\\/#organization\",\"name\":\"EXATRON\",\"url\":\"https:\\\/\\\/www.exatron.com.br\\\/\",\"logo\":{\"@type\":\"ImageObject\",\"inLanguage\":\"es\",\"@id\":\"https:\\\/\\\/www.exatron.com.br\\\/#\\\/schema\\\/logo\\\/image\\\/\",\"url\":\"https:\\\/\\\/www.exatron.com.br\\\/wp-content\\\/uploads\\\/2024\\\/11\\\/default-kit.png\",\"contentUrl\":\"https:\\\/\\\/www.exatron.com.br\\\/wp-content\\\/uploads\\\/2024\\\/11\\\/default-kit.png\",\"width\":956,\"height\":192,\"caption\":\"EXATRON\"},\"image\":{\"@id\":\"https:\\\/\\\/www.exatron.com.br\\\/#\\\/schema\\\/logo\\\/image\\\/\"}}]}<\/script>\n<!-- \/ Yoast SEO plugin. -->","yoast_head_json":{"title":"Rel\u00e9 Fotocontrolador Liga Noite Prote\u00e7\u00e3o IP67 LI - EXATRON","description":"Otimize sua ilumina\u00e7\u00e3o p\u00fablica com o Rel\u00e9 Fotocontrolador Liga Noite Prote\u00e7\u00e3o IP67 LI, ideal para ambiente seguro. Garanta efici\u00eancia e qualidade!","robots":{"index":"index","follow":"follow","max-snippet":"max-snippet:-1","max-image-preview":"max-image-preview:large","max-video-preview":"max-video-preview:-1"},"canonical":"https:\/\/www.exatron.com.br\/es\/produtos\/rele-fotocontrolador-liga-noite-protecao-ip67-li\/","og_locale":"es_ES","og_type":"article","og_title":"Rel\u00e9 Fotocontrolador Liga Noite Prote\u00e7\u00e3o IP67 LI - EXATRON","og_description":"Otimize sua ilumina\u00e7\u00e3o p\u00fablica com o Rel\u00e9 Fotocontrolador Liga Noite Prote\u00e7\u00e3o IP67 LI, ideal para ambiente seguro. Garanta efici\u00eancia e qualidade!","og_url":"https:\/\/www.exatron.com.br\/es\/produtos\/rele-fotocontrolador-liga-noite-protecao-ip67-li\/","og_site_name":"EXATRON","article_modified_time":"2026-04-22T12:00:16+00:00","og_image":[{"width":1000,"height":1000,"url":"https:\/\/www.exatron.com.br\/wp-content\/uploads\/rele-azul_05.png","type":"image\/png"}],"twitter_card":"summary_large_image","twitter_misc":{"Tiempo de lectura":"2 minutos"},"schema":{"@context":"https:\/\/schema.org","@graph":[{"@type":"WebPage","@id":"https:\/\/www.exatron.com.br\/produtos\/rele-fotocontrolador-liga-noite-protecao-ip67-li\/","url":"https:\/\/www.exatron.com.br\/produtos\/rele-fotocontrolador-liga-noite-protecao-ip67-li\/","name":"Rel\u00e9 Fotocontrolador Liga Noite Prote\u00e7\u00e3o IP67 LI - EXATRON","isPartOf":{"@id":"https:\/\/www.exatron.com.br\/#website"},"primaryImageOfPage":{"@id":"https:\/\/www.exatron.com.br\/produtos\/rele-fotocontrolador-liga-noite-protecao-ip67-li\/#primaryimage"},"image":{"@id":"https:\/\/www.exatron.com.br\/produtos\/rele-fotocontrolador-liga-noite-protecao-ip67-li\/#primaryimage"},"thumbnailUrl":"https:\/\/www.exatron.com.br\/wp-content\/uploads\/rele-azul_05.png","datePublished":"2025-12-08T15:08:50+00:00","dateModified":"2026-04-22T12:00:16+00:00","description":"Otimize sua ilumina\u00e7\u00e3o p\u00fablica com o Rel\u00e9 Fotocontrolador Liga Noite Prote\u00e7\u00e3o IP67 LI, ideal para ambiente seguro. Garanta efici\u00eancia e qualidade!","breadcrumb":{"@id":"https:\/\/www.exatron.com.br\/produtos\/rele-fotocontrolador-liga-noite-protecao-ip67-li\/#breadcrumb"},"inLanguage":"es","potentialAction":[{"@type":"ReadAction","target":["https:\/\/www.exatron.com.br\/produtos\/rele-fotocontrolador-liga-noite-protecao-ip67-li\/"]}]},{"@type":"ImageObject","inLanguage":"es","@id":"https:\/\/www.exatron.com.br\/produtos\/rele-fotocontrolador-liga-noite-protecao-ip67-li\/#primaryimage","url":"https:\/\/www.exatron.com.br\/wp-content\/uploads\/rele-azul_05.png","contentUrl":"https:\/\/www.exatron.com.br\/wp-content\/uploads\/rele-azul_05.png","width":1000,"height":1000,"caption":"Rel\u00e9 Fotocontrolador"},{"@type":"BreadcrumbList","@id":"https:\/\/www.exatron.com.br\/produtos\/rele-fotocontrolador-liga-noite-protecao-ip67-li\/#breadcrumb","itemListElement":[{"@type":"ListItem","position":1,"name":"In\u00edcio","item":"https:\/\/www.exatron.com.br\/"},{"@type":"ListItem","position":2,"name":"Loja","item":"https:\/\/www.exatron.com.br\/loja\/"},{"@type":"ListItem","position":3,"name":"Rel\u00e9 Fotocontrolador Liga Noite Prote\u00e7\u00e3o IP67 LI"}]},{"@type":"WebSite","@id":"https:\/\/www.exatron.com.br\/#website","url":"https:\/\/www.exatron.com.br\/","name":"EXATRON","description":"","publisher":{"@id":"https:\/\/www.exatron.com.br\/#organization"},"potentialAction":[{"@type":"SearchAction","target":{"@type":"EntryPoint","urlTemplate":"https:\/\/www.exatron.com.br\/?s={search_term_string}"},"query-input":{"@type":"PropertyValueSpecification","valueRequired":true,"valueName":"search_term_string"}}],"inLanguage":"es"},{"@type":"Organization","@id":"https:\/\/www.exatron.com.br\/#organization","name":"EXATRON","url":"https:\/\/www.exatron.com.br\/","logo":{"@type":"ImageObject","inLanguage":"es","@id":"https:\/\/www.exatron.com.br\/#\/schema\/logo\/image\/","url":"https:\/\/www.exatron.com.br\/wp-content\/uploads\/2024\/11\/default-kit.png","contentUrl":"https:\/\/www.exatron.com.br\/wp-content\/uploads\/2024\/11\/default-kit.png","width":956,"height":192,"caption":"EXATRON"},"image":{"@id":"https:\/\/www.exatron.com.br\/#\/schema\/logo\/image\/"}}]}},"_links":{"self":[{"href":"https:\/\/www.exatron.com.br\/es\/wp-json\/wp\/v2\/product\/10454","targetHints":{"allow":["GET"]}}],"collection":[{"href":"https:\/\/www.exatron.com.br\/es\/wp-json\/wp\/v2\/product"}],"about":[{"href":"https:\/\/www.exatron.com.br\/es\/wp-json\/wp\/v2\/types\/product"}],"replies":[{"embeddable":true,"href":"https:\/\/www.exatron.com.br\/es\/wp-json\/wp\/v2\/comments?post=10454"}],"wp:featuredmedia":[{"embeddable":true,"href":"https:\/\/www.exatron.com.br\/es\/wp-json\/wp\/v2\/media\/14665"}],"wp:attachment":[{"href":"https:\/\/www.exatron.com.br\/es\/wp-json\/wp\/v2\/media?parent=10454"}],"wp:term":[{"taxonomy":"aplicacao","embeddable":true,"href":"https:\/\/www.exatron.com.br\/es\/wp-json\/wp\/v2\/aplicacao?post=10454"},{"taxonomy":"product_brand","embeddable":true,"href":"https:\/\/www.exatron.com.br\/es\/wp-json\/wp\/v2\/product_brand?post=10454"},{"taxonomy":"product_cat","embeddable":true,"href":"https:\/\/www.exatron.com.br\/es\/wp-json\/wp\/v2\/product_cat?post=10454"},{"taxonomy":"product_tag","embeddable":true,"href":"https:\/\/www.exatron.com.br\/es\/wp-json\/wp\/v2\/product_tag?post=10454"}],"curies":[{"name":"wp","href":"https:\/\/api.w.org\/{rel}","templated":true}]}}