{"id":10474,"date":"2025-12-08T15:05:57","date_gmt":"2025-12-08T15:05:57","guid":{"rendered":""},"modified":"2026-04-22T17:26:22","modified_gmt":"2026-04-22T20:26:22","slug":"rele-fotimer-105-a-305-v-temporizador","status":"publish","type":"product","link":"https:\/\/www.exatron.com.br\/es\/produtos\/rele-fotimer-105-a-305-v-temporizador\/","title":{"rendered":"Rel\u00e9 fototemporizador de 105 a 305 V"},"content":{"rendered":"<h3>Especificaciones t\u00e9cnicas<\/h3>\n<ul>\n<li>Tens\u00e3o: 105\/305V~;<\/li>\n<li>Frecuencia de funcionamiento: 50\/60Hz;<\/li>\n<li>Consumo de energ\u00eda: &lt;1W;<\/li>\n<li>Luminosidade para ligar: entre 2 a 40 lux, ajust\u00e1vel atrav\u00e9s de trimpot;<\/li>\n<li>Luminosidade pra desligar: menor que 50 lux, proporcional ao lux para ligar;<\/li>\n<li>Estado inicial dos contatos: Normalmente aberto (NA);<\/li>\n<li>Modo de falha: Falha desligado (FD) \/ Fail-off;<\/li>\n<li>Modo de opera\u00e7\u00e3o: aciona a carga durante a noite e desliga durante o dia (Liga noite);<\/li>\n<li>Classifica\u00e7\u00e3o de retardo: AR (acionamento r\u00e1pido);<\/li>\n<li>Tens\u00e3o de surto: at\u00e9 4000V\/2000A;<\/li>\n<li>Rigidez diel\u00e9trica: \u2265 2500V @ 1 minuto;<\/li>\n<li>Filtro de tiempo: doble retardo que evita activaciones involuntarias por cambios bruscos de luminosidad como rayos, l\u00e1seres, nubes, etc. Entre 2 y 5 segundos para encender o apagar;<\/li>\n<li>Material: Copo em policarbonato (PC) com prote\u00e7\u00e3o UV, base em copol\u00edmero polipropileno e gaxeta em PVC;<\/li>\n<li>Tempo de desligamento ajust\u00e1vel atrv\u00e9s de trimpot: 1, 2, 3, 4, 6, 8, 10 ou 12 horas;<\/li>\n<li>Grau de prote\u00e7\u00e3o: IP65;<\/li>\n<li>Garantia: 1 ano;<\/li>\n<li>Dimens\u00f5es: \u230077x52mm;<\/li>\n<li>C\u00f3digo\u00a0de opera\u00e7\u00e3o: T4LNFDRNAR;<\/li>\n<li>Inrush Control Technology: Exclusivo sistema comuta\u00e7\u00e3o por gradua\u00e7\u00e3o em tens\u00e3o el\u00e9trica &lt;50V, aumentando a vida \u00fatil da carga e do rel\u00e9;<\/li>\n<li>Para comandar cargas acima da capacidade estipulada, utilize o rel\u00e9 em conjunto com uma Chave Comando de Grupo Exatron (de 30, 50 ou 60 amperes) dispon\u00edvel na vers\u00e3o de controle sub\/sobre tens\u00e3o;<\/li>\n<li>Design moderno com exclusivo fechamento sem parafusos;<\/li>\n<li>Temperatura de opera\u00e7\u00e3o: -5 a 50\u00b0C;<\/li>\n<li>Potencia de control:<\/li>\n<\/ul>\n<figure class=\"table\">\n<table>\n<tbody>\n<tr>\n<td>Voltaje<\/td>\n<td>Resistiva<\/td>\n<td>Indutiva<\/td>\n<td>Corrigida<\/td>\n<\/tr>\n<tr>\n<td>127 V<\/td>\n<td>1000W<\/td>\n<td>1800VA<\/td>\n<td>500VA FP\u22650,92<\/td>\n<\/tr>\n<tr>\n<td>220 V<\/td>\n<td>1000W<\/td>\n<td>1200VA<\/td>\n<td>500VA FP\u22650,92<\/td>\n<\/tr>\n<\/tbody>\n<\/table>\n<\/figure>\n<h3>Instalaci\u00f3n<\/h3>\n<p>Encaixe o rel\u00e9 na tomada padr\u00e3o NEMA &#8211; NBR5123 nas posi\u00e7\u00f5es correspondentes;<\/p>\n<p>Girar o rel\u00e9 no sentido hor\u00e1rio para travar.<\/p>","protected":false},"excerpt":{"rendered":"<p>O Rel\u00e9 Fototimer Exatron (RTT\u00d8MP) \u00e9 um rel\u00e9 fotoel\u00e9trico temporizador, ideal para ilumina\u00e7\u00e3o de fachadas, luminosos, vitrines, pain\u00e9is ou qualquer outra carga. Este equipamento mant\u00e9m acesas as lumin\u00e1rias na aus\u00eancia de luz natural e pelo tempo que voc\u00ea programar.<\/p>\n<p>O Rel\u00e9 Fototimer Exatron \u00e9 insens\u00edvel a varia\u00e7\u00f5es bruscas de luminosidade, rel\u00e2mpagos e far\u00f3is. Pode ser instalado com qualquer tipo de l\u00e2mpada.<\/p>\n<p>O produto RTT\u00d8MP \u00e9 um modelo multitens\u00e3o, program\u00e1vel, opera\u00e7\u00e3o liga noite (LN), falha desligado (FD), normalmente aberto (NA) e com acionamento r\u00e1pido (AR). \u00cdndice de prote\u00e7\u00e3o IP65 e material da tampa no policarbonato (PC) com anti-UV.<\/p>","protected":false},"featured_media":14766,"comment_status":"open","ping_status":"closed","template":"","meta":{"_acf_changed":false,"_joinchat":[]},"aplicacao":[98],"product_brand":[],"product_cat":[315,345],"product_tag":[532,511,533,513,510,515,512,535,522,531,536,534],"class_list":{"0":"post-10474","1":"product","2":"type-product","3":"status-publish","4":"has-post-thumbnail","6":"aplicacao-iluminacao-externa-reles","7":"product_cat-reles-para-iluminacao","8":"product_cat-timer","9":"product_tag-acionamento-rapido","10":"product_tag-falha-desligado","11":"product_tag-fototimer","12":"product_tag-ip65","13":"product_tag-liga-noite","14":"product_tag-multitensao","15":"product_tag-normalmente-aberto","16":"product_tag-paineis","17":"product_tag-policarbonato","18":"product_tag-rele-fototimer","19":"product_tag-temporizador","20":"product_tag-vitrines","22":"first","23":"instock","24":"shipping-taxable","25":"purchasable","26":"product-type-simple"},"acf":[],"yoast_head":"<!-- This site is optimized with the Yoast SEO plugin v27.3 - https:\/\/yoast.com\/product\/yoast-seo-wordpress\/ -->\n<title>Rel\u00e9 Fototimer 105 a 305V - EXATRON<\/title>\n<meta name=\"description\" content=\"RTT0MP \u2013 Rel\u00e9 Fototimer Temporizador: Programe luzes com o RTT0MP. Ideal para vitrines e pain\u00e9is, com ajuste de luminosidade e temporiza\u00e7\u00e3o de at\u00e9 12 horas.\" \/>\n<meta name=\"robots\" content=\"index, follow, max-snippet:-1, max-image-preview:large, max-video-preview:-1\" \/>\n<link rel=\"canonical\" href=\"https:\/\/www.exatron.com.br\/es\/produtos\/rele-fotimer-105-a-305-v-temporizador\/\" \/>\n<meta property=\"og:locale\" content=\"es_ES\" \/>\n<meta property=\"og:type\" content=\"article\" \/>\n<meta property=\"og:title\" content=\"Rel\u00e9 Fototimer 105 a 305V - EXATRON\" \/>\n<meta property=\"og:description\" content=\"RTT0MP \u2013 Rel\u00e9 Fototimer Temporizador: Programe luzes com o RTT0MP. Ideal para vitrines e pain\u00e9is, com ajuste de luminosidade e temporiza\u00e7\u00e3o de at\u00e9 12 horas.\" \/>\n<meta property=\"og:url\" content=\"https:\/\/www.exatron.com.br\/es\/produtos\/rele-fotimer-105-a-305-v-temporizador\/\" \/>\n<meta property=\"og:site_name\" content=\"EXATRON\" \/>\n<meta property=\"article:modified_time\" content=\"2026-04-22T20:26:22+00:00\" \/>\n<meta property=\"og:image\" content=\"https:\/\/www.exatron.com.br\/wp-content\/uploads\/rtt0mp_9.png\" \/>\n\t<meta property=\"og:image:width\" content=\"1000\" \/>\n\t<meta property=\"og:image:height\" content=\"1000\" \/>\n\t<meta property=\"og:image:type\" content=\"image\/png\" \/>\n<meta name=\"twitter:card\" content=\"summary_large_image\" \/>\n<meta name=\"twitter:label1\" content=\"Tiempo de lectura\" \/>\n\t<meta name=\"twitter:data1\" content=\"2 minutos\" \/>\n<script type=\"application\/ld+json\" class=\"yoast-schema-graph\">{\"@context\":\"https:\\\/\\\/schema.org\",\"@graph\":[{\"@type\":\"WebPage\",\"@id\":\"https:\\\/\\\/www.exatron.com.br\\\/produtos\\\/rele-fotimer-105-a-305-v-temporizador\\\/\",\"url\":\"https:\\\/\\\/www.exatron.com.br\\\/produtos\\\/rele-fotimer-105-a-305-v-temporizador\\\/\",\"name\":\"Rel\u00e9 Fototimer 105 a 305V - EXATRON\",\"isPartOf\":{\"@id\":\"https:\\\/\\\/www.exatron.com.br\\\/#website\"},\"primaryImageOfPage\":{\"@id\":\"https:\\\/\\\/www.exatron.com.br\\\/produtos\\\/rele-fotimer-105-a-305-v-temporizador\\\/#primaryimage\"},\"image\":{\"@id\":\"https:\\\/\\\/www.exatron.com.br\\\/produtos\\\/rele-fotimer-105-a-305-v-temporizador\\\/#primaryimage\"},\"thumbnailUrl\":\"https:\\\/\\\/www.exatron.com.br\\\/wp-content\\\/uploads\\\/rtt0mp_9.png\",\"datePublished\":\"2025-12-08T15:05:57+00:00\",\"dateModified\":\"2026-04-22T20:26:22+00:00\",\"description\":\"RTT0MP \u2013 Rel\u00e9 Fototimer Temporizador: Programe luzes com o RTT0MP. Ideal para vitrines e pain\u00e9is, com ajuste de luminosidade e temporiza\u00e7\u00e3o de at\u00e9 12 horas.\",\"breadcrumb\":{\"@id\":\"https:\\\/\\\/www.exatron.com.br\\\/produtos\\\/rele-fotimer-105-a-305-v-temporizador\\\/#breadcrumb\"},\"inLanguage\":\"es\",\"potentialAction\":[{\"@type\":\"ReadAction\",\"target\":[\"https:\\\/\\\/www.exatron.com.br\\\/produtos\\\/rele-fotimer-105-a-305-v-temporizador\\\/\"]}]},{\"@type\":\"ImageObject\",\"inLanguage\":\"es\",\"@id\":\"https:\\\/\\\/www.exatron.com.br\\\/produtos\\\/rele-fotimer-105-a-305-v-temporizador\\\/#primaryimage\",\"url\":\"https:\\\/\\\/www.exatron.com.br\\\/wp-content\\\/uploads\\\/rtt0mp_9.png\",\"contentUrl\":\"https:\\\/\\\/www.exatron.com.br\\\/wp-content\\\/uploads\\\/rtt0mp_9.png\",\"width\":1000,\"height\":1000,\"caption\":\"O Rel\u00e9 Fototimer Exatron (RTT\u00d8MP) \u00e9 um rel\u00e9 fotoel\u00e9trico temporizador, ideal para ilumina\u00e7\u00e3o de fachadas, luminosos, vitrines, pain\u00e9is ou qualquer outra carga.\"},{\"@type\":\"BreadcrumbList\",\"@id\":\"https:\\\/\\\/www.exatron.com.br\\\/produtos\\\/rele-fotimer-105-a-305-v-temporizador\\\/#breadcrumb\",\"itemListElement\":[{\"@type\":\"ListItem\",\"position\":1,\"name\":\"In\u00edcio\",\"item\":\"https:\\\/\\\/www.exatron.com.br\\\/\"},{\"@type\":\"ListItem\",\"position\":2,\"name\":\"Loja\",\"item\":\"https:\\\/\\\/www.exatron.com.br\\\/loja\\\/\"},{\"@type\":\"ListItem\",\"position\":3,\"name\":\"Rel\u00e9 Fototimer 105 a 305V\"}]},{\"@type\":\"WebSite\",\"@id\":\"https:\\\/\\\/www.exatron.com.br\\\/#website\",\"url\":\"https:\\\/\\\/www.exatron.com.br\\\/\",\"name\":\"EXATRON\",\"description\":\"\",\"publisher\":{\"@id\":\"https:\\\/\\\/www.exatron.com.br\\\/#organization\"},\"potentialAction\":[{\"@type\":\"SearchAction\",\"target\":{\"@type\":\"EntryPoint\",\"urlTemplate\":\"https:\\\/\\\/www.exatron.com.br\\\/?s={search_term_string}\"},\"query-input\":{\"@type\":\"PropertyValueSpecification\",\"valueRequired\":true,\"valueName\":\"search_term_string\"}}],\"inLanguage\":\"es\"},{\"@type\":\"Organization\",\"@id\":\"https:\\\/\\\/www.exatron.com.br\\\/#organization\",\"name\":\"EXATRON\",\"url\":\"https:\\\/\\\/www.exatron.com.br\\\/\",\"logo\":{\"@type\":\"ImageObject\",\"inLanguage\":\"es\",\"@id\":\"https:\\\/\\\/www.exatron.com.br\\\/#\\\/schema\\\/logo\\\/image\\\/\",\"url\":\"https:\\\/\\\/www.exatron.com.br\\\/wp-content\\\/uploads\\\/2024\\\/11\\\/default-kit.png\",\"contentUrl\":\"https:\\\/\\\/www.exatron.com.br\\\/wp-content\\\/uploads\\\/2024\\\/11\\\/default-kit.png\",\"width\":956,\"height\":192,\"caption\":\"EXATRON\"},\"image\":{\"@id\":\"https:\\\/\\\/www.exatron.com.br\\\/#\\\/schema\\\/logo\\\/image\\\/\"}}]}<\/script>\n<!-- \/ Yoast SEO plugin. -->","yoast_head_json":{"title":"Rel\u00e9 Fototimer 105 a 305V - EXATRON","description":"RTT0MP \u2013 Rel\u00e9 Fototimer Temporizador: Programe luzes com o RTT0MP. Ideal para vitrines e pain\u00e9is, com ajuste de luminosidade e temporiza\u00e7\u00e3o de at\u00e9 12 horas.","robots":{"index":"index","follow":"follow","max-snippet":"max-snippet:-1","max-image-preview":"max-image-preview:large","max-video-preview":"max-video-preview:-1"},"canonical":"https:\/\/www.exatron.com.br\/es\/produtos\/rele-fotimer-105-a-305-v-temporizador\/","og_locale":"es_ES","og_type":"article","og_title":"Rel\u00e9 Fototimer 105 a 305V - EXATRON","og_description":"RTT0MP \u2013 Rel\u00e9 Fototimer Temporizador: Programe luzes com o RTT0MP. Ideal para vitrines e pain\u00e9is, com ajuste de luminosidade e temporiza\u00e7\u00e3o de at\u00e9 12 horas.","og_url":"https:\/\/www.exatron.com.br\/es\/produtos\/rele-fotimer-105-a-305-v-temporizador\/","og_site_name":"EXATRON","article_modified_time":"2026-04-22T20:26:22+00:00","og_image":[{"width":1000,"height":1000,"url":"https:\/\/www.exatron.com.br\/wp-content\/uploads\/rtt0mp_9.png","type":"image\/png"}],"twitter_card":"summary_large_image","twitter_misc":{"Tiempo de lectura":"2 minutos"},"schema":{"@context":"https:\/\/schema.org","@graph":[{"@type":"WebPage","@id":"https:\/\/www.exatron.com.br\/produtos\/rele-fotimer-105-a-305-v-temporizador\/","url":"https:\/\/www.exatron.com.br\/produtos\/rele-fotimer-105-a-305-v-temporizador\/","name":"Rel\u00e9 Fototimer 105 a 305V - EXATRON","isPartOf":{"@id":"https:\/\/www.exatron.com.br\/#website"},"primaryImageOfPage":{"@id":"https:\/\/www.exatron.com.br\/produtos\/rele-fotimer-105-a-305-v-temporizador\/#primaryimage"},"image":{"@id":"https:\/\/www.exatron.com.br\/produtos\/rele-fotimer-105-a-305-v-temporizador\/#primaryimage"},"thumbnailUrl":"https:\/\/www.exatron.com.br\/wp-content\/uploads\/rtt0mp_9.png","datePublished":"2025-12-08T15:05:57+00:00","dateModified":"2026-04-22T20:26:22+00:00","description":"RTT0MP \u2013 Rel\u00e9 Fototimer Temporizador: Programe luzes com o RTT0MP. Ideal para vitrines e pain\u00e9is, com ajuste de luminosidade e temporiza\u00e7\u00e3o de at\u00e9 12 horas.","breadcrumb":{"@id":"https:\/\/www.exatron.com.br\/produtos\/rele-fotimer-105-a-305-v-temporizador\/#breadcrumb"},"inLanguage":"es","potentialAction":[{"@type":"ReadAction","target":["https:\/\/www.exatron.com.br\/produtos\/rele-fotimer-105-a-305-v-temporizador\/"]}]},{"@type":"ImageObject","inLanguage":"es","@id":"https:\/\/www.exatron.com.br\/produtos\/rele-fotimer-105-a-305-v-temporizador\/#primaryimage","url":"https:\/\/www.exatron.com.br\/wp-content\/uploads\/rtt0mp_9.png","contentUrl":"https:\/\/www.exatron.com.br\/wp-content\/uploads\/rtt0mp_9.png","width":1000,"height":1000,"caption":"O Rel\u00e9 Fototimer Exatron (RTT\u00d8MP) \u00e9 um rel\u00e9 fotoel\u00e9trico temporizador, ideal para ilumina\u00e7\u00e3o de fachadas, luminosos, vitrines, pain\u00e9is ou qualquer outra carga."},{"@type":"BreadcrumbList","@id":"https:\/\/www.exatron.com.br\/produtos\/rele-fotimer-105-a-305-v-temporizador\/#breadcrumb","itemListElement":[{"@type":"ListItem","position":1,"name":"In\u00edcio","item":"https:\/\/www.exatron.com.br\/"},{"@type":"ListItem","position":2,"name":"Loja","item":"https:\/\/www.exatron.com.br\/loja\/"},{"@type":"ListItem","position":3,"name":"Rel\u00e9 Fototimer 105 a 305V"}]},{"@type":"WebSite","@id":"https:\/\/www.exatron.com.br\/#website","url":"https:\/\/www.exatron.com.br\/","name":"EXATRON","description":"","publisher":{"@id":"https:\/\/www.exatron.com.br\/#organization"},"potentialAction":[{"@type":"SearchAction","target":{"@type":"EntryPoint","urlTemplate":"https:\/\/www.exatron.com.br\/?s={search_term_string}"},"query-input":{"@type":"PropertyValueSpecification","valueRequired":true,"valueName":"search_term_string"}}],"inLanguage":"es"},{"@type":"Organization","@id":"https:\/\/www.exatron.com.br\/#organization","name":"EXATRON","url":"https:\/\/www.exatron.com.br\/","logo":{"@type":"ImageObject","inLanguage":"es","@id":"https:\/\/www.exatron.com.br\/#\/schema\/logo\/image\/","url":"https:\/\/www.exatron.com.br\/wp-content\/uploads\/2024\/11\/default-kit.png","contentUrl":"https:\/\/www.exatron.com.br\/wp-content\/uploads\/2024\/11\/default-kit.png","width":956,"height":192,"caption":"EXATRON"},"image":{"@id":"https:\/\/www.exatron.com.br\/#\/schema\/logo\/image\/"}}]}},"_links":{"self":[{"href":"https:\/\/www.exatron.com.br\/es\/wp-json\/wp\/v2\/product\/10474","targetHints":{"allow":["GET"]}}],"collection":[{"href":"https:\/\/www.exatron.com.br\/es\/wp-json\/wp\/v2\/product"}],"about":[{"href":"https:\/\/www.exatron.com.br\/es\/wp-json\/wp\/v2\/types\/product"}],"replies":[{"embeddable":true,"href":"https:\/\/www.exatron.com.br\/es\/wp-json\/wp\/v2\/comments?post=10474"}],"wp:featuredmedia":[{"embeddable":true,"href":"https:\/\/www.exatron.com.br\/es\/wp-json\/wp\/v2\/media\/14766"}],"wp:attachment":[{"href":"https:\/\/www.exatron.com.br\/es\/wp-json\/wp\/v2\/media?parent=10474"}],"wp:term":[{"taxonomy":"aplicacao","embeddable":true,"href":"https:\/\/www.exatron.com.br\/es\/wp-json\/wp\/v2\/aplicacao?post=10474"},{"taxonomy":"product_brand","embeddable":true,"href":"https:\/\/www.exatron.com.br\/es\/wp-json\/wp\/v2\/product_brand?post=10474"},{"taxonomy":"product_cat","embeddable":true,"href":"https:\/\/www.exatron.com.br\/es\/wp-json\/wp\/v2\/product_cat?post=10474"},{"taxonomy":"product_tag","embeddable":true,"href":"https:\/\/www.exatron.com.br\/es\/wp-json\/wp\/v2\/product_tag?post=10474"}],"curies":[{"name":"wp","href":"https:\/\/api.w.org\/{rel}","templated":true}]}}