{"id":10495,"date":"2025-12-08T15:08:23","date_gmt":"2025-12-08T15:08:23","guid":{"rendered":""},"modified":"2026-04-24T16:33:59","modified_gmt":"2026-04-24T19:33:59","slug":"rele-fotoeletrico-220v-suporte","status":"publish","type":"product","link":"https:\/\/www.exatron.com.br\/es\/produtos\/rele-fotoeletrico-220v-suporte\/","title":{"rendered":"Rel\u00e9 Fotoel\u00e9ctrico + F\u00e1cil 220V"},"content":{"rendered":"<h3>Especificaciones t\u00e9cnicas<\/h3>\n<ul>\n<li>Tens\u00e3o: 220V;<\/li>\n<li>Frecuencia de funcionamiento: 50\/60Hz;<\/li>\n<li>Consumo: &lt;1,5W;<\/li>\n<li>Luminosidade para ligar: Menor que 20 Lux;<\/li>\n<li>Luminosidade para desligar: Menor que 80 Lux respeitando a rela\u00e7\u00e3o de histerese;<\/li>\n<li>Estado inicial dos contatos: Normalmente fechado (NF);<\/li>\n<li>Modo de falha:\u00a0Falha ligado (FL) \/ Fail-on;<\/li>\n<li>Modo de opera\u00e7\u00e3o: aciona a carga durante a noite e desliga durante o dia (Liga noite);<\/li>\n<li>Classifica\u00e7\u00e3o de retardo: AL (acionamento lento);<\/li>\n<li>Tens\u00e3o de surto: 4000V \/ 2000A;<\/li>\n<li>Filtro de tempo: Impede acionamentos indevidos devido a varia\u00e7\u00f5es bruscas de luminosidade como raios, laser, nuvens e etc. Tempo de retardo de 1 a 5 minutos para comuta\u00e7\u00e3o dos contatos;<\/li>\n<li>Material: Copo e base em resina Polipropileno (PP) com prote\u00e7\u00e3o UV;<\/li>\n<li>Grau de prote\u00e7\u00e3o: IP55;<\/li>\n<li>Garantia: 1 ano;<\/li>\n<li>Dimens\u00f5es: 134,3&#215;103,3mm (rel\u00e9 + haste);<\/li>\n<li>C\u00f3digo de opera\u00e7\u00e3o: T1LNFLRNAL;<\/li>\n<li>Mapa de marca\u00e7\u00e3o indel\u00e9vel do momento de retirada e coloca\u00e7\u00e3o em campo;<\/li>\n<li>Para comandar cargas acima da capacidade estipulada, utilize o rel\u00e9 em conjunto com uma Chave Comando de Grupo Exatron (de 30, 50 ou 60 amperes) dispon\u00edvel na vers\u00e3o de controle sub\/sobre tens\u00e3o;<\/li>\n<li>Rela\u00e7\u00e3o entre liga e desliga (histerese): 1, 2 a 4 vezes;<\/li>\n<li>Liga\u00e7\u00e3o: 4 fios;<\/li>\n<li>Cor: Vinho;<\/li>\n<li>Potencia de control:<\/li>\n<\/ul>\n<figure class=\"table\">\n<table>\n<tbody>\n<tr>\n<td>Resistiva<\/td>\n<td>Indutiva<\/td>\n<td>Corrigido<\/td>\n<td>LED FP&gt;0,9<\/td>\n<td>LED FP&lt;0,9<\/td>\n<\/tr>\n<tr>\n<td>1000W<\/td>\n<td>1800VA<\/td>\n<td>500VA<\/td>\n<td>300 W<\/td>\n<td>200 W<\/td>\n<\/tr>\n<\/tbody>\n<\/table>\n<\/figure>\n<h3>Instalaci\u00f3n<\/h3>\n<p>Conecte o Rel\u00e9 na tomada e observe que a l\u00e2mpada permanecer\u00e1 acesa, pois o contato \u00e9 Normalmente Fechado (NF). Aguarde o tempo de retardo de (1 a 5 minutos, depende da luminosidade do ambiente) e a l\u00e2mpada desligar\u00e1, o que indica que o Rel\u00e9 est\u00e1 funcionando. Aten\u00e7\u00e3o: desligue a corrente el\u00e9trica antes de iniciar a instala\u00e7\u00e3o.<\/p>","protected":false},"excerpt":{"rendered":"<p>O Rel\u00e9 Fotel\u00e9trico + F\u00e1cil Exatron (RFG2FC) \u00e9 ideal para o acionamento de pontos luminosos e outras cargas. Este equipamento mant\u00e9m acesas lumin\u00e1rias na aus\u00eancia de luz natural e \u00e9 insens\u00edvel a varia\u00e7\u00f5es bruscas de luminosidade, rel\u00e2mpagos e far\u00f3is. Pode ser instalado com qualquer tipo de l\u00e2mpada.<\/p>\n<p>O produto RFG2FC \u00e9 um modelo t\u00e9rmico, monotens\u00e3o (220V), opera\u00e7\u00e3o liga noite (LN), falha ligado (FL), normalmente fechado (NF) e com acionamento lento (AL). \u00cdndice de prote\u00e7\u00e3o IP55 e material da tampa no polipropileno (PP) com anti-UV.<\/p>","protected":false},"featured_media":14931,"comment_status":"open","ping_status":"closed","template":"","meta":{"_acf_changed":false,"_joinchat":[]},"aplicacao":[98],"product_brand":[],"product_cat":[315,342],"product_tag":[541,539,521,542,509,540,510,538,527,517,526,537],"class_list":{"0":"post-10495","1":"product","2":"type-product","3":"status-publish","4":"has-post-thumbnail","6":"aplicacao-iluminacao-externa-reles","7":"product_cat-reles-para-iluminacao","8":"product_cat-termico","9":"product_tag-220v","10":"product_tag-acionamento-lento","11":"product_tag-falha-ligado","12":"product_tag-fotoeletrico","13":"product_tag-iluminacao-publica","14":"product_tag-ip55","15":"product_tag-liga-noite","16":"product_tag-monotensao-220v","17":"product_tag-normalmente-fechado","18":"product_tag-polipropileno","19":"product_tag-rele","20":"product_tag-rele-termico","22":"first","23":"instock","24":"shipping-taxable","25":"purchasable","26":"product-type-simple"},"acf":[],"yoast_head":"<!-- This site is optimized with the Yoast SEO plugin v27.3 - https:\/\/yoast.com\/product\/yoast-seo-wordpress\/ -->\n<title>Rel\u00e9 Fotoel\u00e9trico + F\u00e1cil 220V - EXATRON<\/title>\n<meta name=\"description\" content=\"Automatize lumin\u00e1rias com o RFG2FC. Ideal para ilumina\u00e7\u00e3o eficiente, resistente a raios e com IP55 Rel\u00e9 Fotoel\u00e9trico + F\u00e1cil 220V.\" \/>\n<meta name=\"robots\" content=\"index, follow, max-snippet:-1, max-image-preview:large, max-video-preview:-1\" \/>\n<link rel=\"canonical\" href=\"https:\/\/www.exatron.com.br\/es\/produtos\/rele-fotoeletrico-220v-suporte\/\" \/>\n<meta property=\"og:locale\" content=\"es_ES\" \/>\n<meta property=\"og:type\" content=\"article\" \/>\n<meta property=\"og:title\" content=\"Rel\u00e9 Fotoel\u00e9trico + F\u00e1cil 220V - EXATRON\" \/>\n<meta property=\"og:description\" content=\"Automatize lumin\u00e1rias com o RFG2FC. Ideal para ilumina\u00e7\u00e3o eficiente, resistente a raios e com IP55 Rel\u00e9 Fotoel\u00e9trico + F\u00e1cil 220V.\" \/>\n<meta property=\"og:url\" content=\"https:\/\/www.exatron.com.br\/es\/produtos\/rele-fotoeletrico-220v-suporte\/\" \/>\n<meta property=\"og:site_name\" content=\"EXATRON\" \/>\n<meta property=\"article:modified_time\" content=\"2026-04-24T19:33:59+00:00\" \/>\n<meta property=\"og:image\" content=\"https:\/\/www.exatron.com.br\/wp-content\/uploads\/rfg2fc_2.png\" \/>\n\t<meta property=\"og:image:width\" content=\"1000\" \/>\n\t<meta property=\"og:image:height\" content=\"1000\" \/>\n\t<meta property=\"og:image:type\" content=\"image\/png\" \/>\n<meta name=\"twitter:card\" content=\"summary_large_image\" \/>\n<meta name=\"twitter:label1\" content=\"Tiempo de lectura\" \/>\n\t<meta name=\"twitter:data1\" content=\"2 minutos\" \/>\n<script type=\"application\/ld+json\" class=\"yoast-schema-graph\">{\"@context\":\"https:\\\/\\\/schema.org\",\"@graph\":[{\"@type\":\"WebPage\",\"@id\":\"https:\\\/\\\/www.exatron.com.br\\\/produtos\\\/rele-fotoeletrico-220v-suporte\\\/\",\"url\":\"https:\\\/\\\/www.exatron.com.br\\\/produtos\\\/rele-fotoeletrico-220v-suporte\\\/\",\"name\":\"Rel\u00e9 Fotoel\u00e9trico + F\u00e1cil 220V - EXATRON\",\"isPartOf\":{\"@id\":\"https:\\\/\\\/www.exatron.com.br\\\/#website\"},\"primaryImageOfPage\":{\"@id\":\"https:\\\/\\\/www.exatron.com.br\\\/produtos\\\/rele-fotoeletrico-220v-suporte\\\/#primaryimage\"},\"image\":{\"@id\":\"https:\\\/\\\/www.exatron.com.br\\\/produtos\\\/rele-fotoeletrico-220v-suporte\\\/#primaryimage\"},\"thumbnailUrl\":\"https:\\\/\\\/www.exatron.com.br\\\/wp-content\\\/uploads\\\/rfg2fc_2.png\",\"datePublished\":\"2025-12-08T15:08:23+00:00\",\"dateModified\":\"2026-04-24T19:33:59+00:00\",\"description\":\"Automatize lumin\u00e1rias com o RFG2FC. Ideal para ilumina\u00e7\u00e3o eficiente, resistente a raios e com IP55 Rel\u00e9 Fotoel\u00e9trico + F\u00e1cil 220V.\",\"breadcrumb\":{\"@id\":\"https:\\\/\\\/www.exatron.com.br\\\/produtos\\\/rele-fotoeletrico-220v-suporte\\\/#breadcrumb\"},\"inLanguage\":\"es\",\"potentialAction\":[{\"@type\":\"ReadAction\",\"target\":[\"https:\\\/\\\/www.exatron.com.br\\\/produtos\\\/rele-fotoeletrico-220v-suporte\\\/\"]}]},{\"@type\":\"ImageObject\",\"inLanguage\":\"es\",\"@id\":\"https:\\\/\\\/www.exatron.com.br\\\/produtos\\\/rele-fotoeletrico-220v-suporte\\\/#primaryimage\",\"url\":\"https:\\\/\\\/www.exatron.com.br\\\/wp-content\\\/uploads\\\/rfg2fc_2.png\",\"contentUrl\":\"https:\\\/\\\/www.exatron.com.br\\\/wp-content\\\/uploads\\\/rfg2fc_2.png\",\"width\":1000,\"height\":1000,\"caption\":\"O Rel\u00e9 Fotel\u00e9trico + F\u00e1cil Exatron (RFG2FC) \u00e9 ideal para o acionamento de pontos luminosos e outras cargas.\"},{\"@type\":\"BreadcrumbList\",\"@id\":\"https:\\\/\\\/www.exatron.com.br\\\/produtos\\\/rele-fotoeletrico-220v-suporte\\\/#breadcrumb\",\"itemListElement\":[{\"@type\":\"ListItem\",\"position\":1,\"name\":\"In\u00edcio\",\"item\":\"https:\\\/\\\/www.exatron.com.br\\\/\"},{\"@type\":\"ListItem\",\"position\":2,\"name\":\"Loja\",\"item\":\"https:\\\/\\\/www.exatron.com.br\\\/loja\\\/\"},{\"@type\":\"ListItem\",\"position\":3,\"name\":\"Rel\u00e9 Fotoel\u00e9trico + F\u00e1cil 220V\"}]},{\"@type\":\"WebSite\",\"@id\":\"https:\\\/\\\/www.exatron.com.br\\\/#website\",\"url\":\"https:\\\/\\\/www.exatron.com.br\\\/\",\"name\":\"EXATRON\",\"description\":\"\",\"publisher\":{\"@id\":\"https:\\\/\\\/www.exatron.com.br\\\/#organization\"},\"potentialAction\":[{\"@type\":\"SearchAction\",\"target\":{\"@type\":\"EntryPoint\",\"urlTemplate\":\"https:\\\/\\\/www.exatron.com.br\\\/?s={search_term_string}\"},\"query-input\":{\"@type\":\"PropertyValueSpecification\",\"valueRequired\":true,\"valueName\":\"search_term_string\"}}],\"inLanguage\":\"es\"},{\"@type\":\"Organization\",\"@id\":\"https:\\\/\\\/www.exatron.com.br\\\/#organization\",\"name\":\"EXATRON\",\"url\":\"https:\\\/\\\/www.exatron.com.br\\\/\",\"logo\":{\"@type\":\"ImageObject\",\"inLanguage\":\"es\",\"@id\":\"https:\\\/\\\/www.exatron.com.br\\\/#\\\/schema\\\/logo\\\/image\\\/\",\"url\":\"https:\\\/\\\/www.exatron.com.br\\\/wp-content\\\/uploads\\\/2024\\\/11\\\/default-kit.png\",\"contentUrl\":\"https:\\\/\\\/www.exatron.com.br\\\/wp-content\\\/uploads\\\/2024\\\/11\\\/default-kit.png\",\"width\":956,\"height\":192,\"caption\":\"EXATRON\"},\"image\":{\"@id\":\"https:\\\/\\\/www.exatron.com.br\\\/#\\\/schema\\\/logo\\\/image\\\/\"}}]}<\/script>\n<!-- \/ Yoast SEO plugin. -->","yoast_head_json":{"title":"Rel\u00e9 Fotoel\u00e9trico + F\u00e1cil 220V - EXATRON","description":"Automatize lumin\u00e1rias com o RFG2FC. Ideal para ilumina\u00e7\u00e3o eficiente, resistente a raios e com IP55 Rel\u00e9 Fotoel\u00e9trico + F\u00e1cil 220V.","robots":{"index":"index","follow":"follow","max-snippet":"max-snippet:-1","max-image-preview":"max-image-preview:large","max-video-preview":"max-video-preview:-1"},"canonical":"https:\/\/www.exatron.com.br\/es\/produtos\/rele-fotoeletrico-220v-suporte\/","og_locale":"es_ES","og_type":"article","og_title":"Rel\u00e9 Fotoel\u00e9trico + F\u00e1cil 220V - EXATRON","og_description":"Automatize lumin\u00e1rias com o RFG2FC. Ideal para ilumina\u00e7\u00e3o eficiente, resistente a raios e com IP55 Rel\u00e9 Fotoel\u00e9trico + F\u00e1cil 220V.","og_url":"https:\/\/www.exatron.com.br\/es\/produtos\/rele-fotoeletrico-220v-suporte\/","og_site_name":"EXATRON","article_modified_time":"2026-04-24T19:33:59+00:00","og_image":[{"width":1000,"height":1000,"url":"https:\/\/www.exatron.com.br\/wp-content\/uploads\/rfg2fc_2.png","type":"image\/png"}],"twitter_card":"summary_large_image","twitter_misc":{"Tiempo de lectura":"2 minutos"},"schema":{"@context":"https:\/\/schema.org","@graph":[{"@type":"WebPage","@id":"https:\/\/www.exatron.com.br\/produtos\/rele-fotoeletrico-220v-suporte\/","url":"https:\/\/www.exatron.com.br\/produtos\/rele-fotoeletrico-220v-suporte\/","name":"Rel\u00e9 Fotoel\u00e9trico + F\u00e1cil 220V - EXATRON","isPartOf":{"@id":"https:\/\/www.exatron.com.br\/#website"},"primaryImageOfPage":{"@id":"https:\/\/www.exatron.com.br\/produtos\/rele-fotoeletrico-220v-suporte\/#primaryimage"},"image":{"@id":"https:\/\/www.exatron.com.br\/produtos\/rele-fotoeletrico-220v-suporte\/#primaryimage"},"thumbnailUrl":"https:\/\/www.exatron.com.br\/wp-content\/uploads\/rfg2fc_2.png","datePublished":"2025-12-08T15:08:23+00:00","dateModified":"2026-04-24T19:33:59+00:00","description":"Automatize lumin\u00e1rias com o RFG2FC. Ideal para ilumina\u00e7\u00e3o eficiente, resistente a raios e com IP55 Rel\u00e9 Fotoel\u00e9trico + F\u00e1cil 220V.","breadcrumb":{"@id":"https:\/\/www.exatron.com.br\/produtos\/rele-fotoeletrico-220v-suporte\/#breadcrumb"},"inLanguage":"es","potentialAction":[{"@type":"ReadAction","target":["https:\/\/www.exatron.com.br\/produtos\/rele-fotoeletrico-220v-suporte\/"]}]},{"@type":"ImageObject","inLanguage":"es","@id":"https:\/\/www.exatron.com.br\/produtos\/rele-fotoeletrico-220v-suporte\/#primaryimage","url":"https:\/\/www.exatron.com.br\/wp-content\/uploads\/rfg2fc_2.png","contentUrl":"https:\/\/www.exatron.com.br\/wp-content\/uploads\/rfg2fc_2.png","width":1000,"height":1000,"caption":"O Rel\u00e9 Fotel\u00e9trico + F\u00e1cil Exatron (RFG2FC) \u00e9 ideal para o acionamento de pontos luminosos e outras cargas."},{"@type":"BreadcrumbList","@id":"https:\/\/www.exatron.com.br\/produtos\/rele-fotoeletrico-220v-suporte\/#breadcrumb","itemListElement":[{"@type":"ListItem","position":1,"name":"In\u00edcio","item":"https:\/\/www.exatron.com.br\/"},{"@type":"ListItem","position":2,"name":"Loja","item":"https:\/\/www.exatron.com.br\/loja\/"},{"@type":"ListItem","position":3,"name":"Rel\u00e9 Fotoel\u00e9trico + F\u00e1cil 220V"}]},{"@type":"WebSite","@id":"https:\/\/www.exatron.com.br\/#website","url":"https:\/\/www.exatron.com.br\/","name":"EXATRON","description":"","publisher":{"@id":"https:\/\/www.exatron.com.br\/#organization"},"potentialAction":[{"@type":"SearchAction","target":{"@type":"EntryPoint","urlTemplate":"https:\/\/www.exatron.com.br\/?s={search_term_string}"},"query-input":{"@type":"PropertyValueSpecification","valueRequired":true,"valueName":"search_term_string"}}],"inLanguage":"es"},{"@type":"Organization","@id":"https:\/\/www.exatron.com.br\/#organization","name":"EXATRON","url":"https:\/\/www.exatron.com.br\/","logo":{"@type":"ImageObject","inLanguage":"es","@id":"https:\/\/www.exatron.com.br\/#\/schema\/logo\/image\/","url":"https:\/\/www.exatron.com.br\/wp-content\/uploads\/2024\/11\/default-kit.png","contentUrl":"https:\/\/www.exatron.com.br\/wp-content\/uploads\/2024\/11\/default-kit.png","width":956,"height":192,"caption":"EXATRON"},"image":{"@id":"https:\/\/www.exatron.com.br\/#\/schema\/logo\/image\/"}}]}},"_links":{"self":[{"href":"https:\/\/www.exatron.com.br\/es\/wp-json\/wp\/v2\/product\/10495","targetHints":{"allow":["GET"]}}],"collection":[{"href":"https:\/\/www.exatron.com.br\/es\/wp-json\/wp\/v2\/product"}],"about":[{"href":"https:\/\/www.exatron.com.br\/es\/wp-json\/wp\/v2\/types\/product"}],"replies":[{"embeddable":true,"href":"https:\/\/www.exatron.com.br\/es\/wp-json\/wp\/v2\/comments?post=10495"}],"wp:featuredmedia":[{"embeddable":true,"href":"https:\/\/www.exatron.com.br\/es\/wp-json\/wp\/v2\/media\/14931"}],"wp:attachment":[{"href":"https:\/\/www.exatron.com.br\/es\/wp-json\/wp\/v2\/media?parent=10495"}],"wp:term":[{"taxonomy":"aplicacao","embeddable":true,"href":"https:\/\/www.exatron.com.br\/es\/wp-json\/wp\/v2\/aplicacao?post=10495"},{"taxonomy":"product_brand","embeddable":true,"href":"https:\/\/www.exatron.com.br\/es\/wp-json\/wp\/v2\/product_brand?post=10495"},{"taxonomy":"product_cat","embeddable":true,"href":"https:\/\/www.exatron.com.br\/es\/wp-json\/wp\/v2\/product_cat?post=10495"},{"taxonomy":"product_tag","embeddable":true,"href":"https:\/\/www.exatron.com.br\/es\/wp-json\/wp\/v2\/product_tag?post=10495"}],"curies":[{"name":"wp","href":"https:\/\/api.w.org\/{rel}","templated":true}]}}