{"id":10520,"date":"2025-12-08T15:08:26","date_gmt":"2025-12-08T15:08:26","guid":{"rendered":""},"modified":"2026-04-15T10:48:50","modified_gmt":"2026-04-15T13:48:50","slug":"sensor-de-presenca-4x2-xcontrol","status":"publish","type":"product","link":"https:\/\/www.exatron.com.br\/es\/produtos\/sensor-de-presenca-4x2-xcontrol\/","title":{"rendered":"Sensor de Presen\u00e7a 4&#215;2 Smart X-Control"},"content":{"rendered":"<h3>Especificaciones t\u00e9cnicas<\/h3>\n<ul>\n<li>Tens\u00e3o: 100 &#8211; 240V ~ 50\/60Hz.<\/li>\n<li>Consumo: menor que 1,0W.<\/li>\n<li>Para instala\u00e7\u00e3o na parede a uma altura de aproximadamente 1,2m. Deve ser utilizado em ambientes internos.<\/li>\n<li>Cobertura: 110\u00b0 com alcance de at\u00e9 10m @ 25\u00baC.<\/li>\n<li><strong>Sensor com maior flexibilidade de escolha de tempos. <\/strong>Regulagem do tempo: 1 e 30 s, 1 a 5 min, 10, 15, 20, 25, 30, 40 e 50 min, 1, 1:30, 2, 2:30, 3 e 4 horas.<\/li>\n<li>Regulagem de lux da fotoc\u00e9lula: 1 (\u00e0 noite) a 4\u00a0 (sem fotoc\u00e9lula).<\/li>\n<li>Regulagem de sensibilidade: 1 (movimentos bruscos) a 3 (maior alcance).<\/li>\n<li>Material: Corpo em ABS na cor branca.<\/li>\n<li>Possui LED indicador de funcionamento quando ocorre uma detec\u00e7\u00e3o e tamb\u00e9m indica par\u00e2metros configurados.<\/li>\n<li>Economia de energia de at\u00e9 75%.<\/li>\n<li>Garant\u00eda: 2 a\u00f1os.<\/li>\n<li>Pot\u00eancia de Comando:<\/li>\n<\/ul>\n<figure class=\"table\">\n<table>\n<tbody>\n<tr>\n<td><strong>Voltaje<\/strong><\/p>\n<p>127V~<\/p>\n<p>&nbsp;<\/p>\n<p>220V~<\/td>\n<td><strong>Pot\u00eancia<\/strong><\/p>\n<p>120 W<\/p>\n<p>&nbsp;<\/p>\n<p>220 W<\/td>\n<td><strong>LED\/Eletr\u00f4nica Hal\u00f3gena<\/strong><\/p>\n<p>&nbsp;<\/p>\n<p>THD &lt; 20% PF&gt;0,90<\/td>\n<\/tr>\n<\/tbody>\n<\/table>\n<\/figure>","protected":false},"excerpt":{"rendered":"<p>O Conjunto 4&#215;2 Sensor de Presen\u00e7a 4&#215;2 de Parede da Exatron &#8211; LESP4000 (XC) \u00e9 um comando inteligente que se destina ao acionamento de cargas temporizadas. Este equipamento detecta a movimenta\u00e7\u00e3o de fontes de calor como pessoas e carros atrav\u00e9s de um sensor infravermelho, ligando uma l\u00e2mpada ou outro equipamento e desligando-a ap\u00f3s a aus\u00eancia ou sessar de acordo com o tempo programado.<\/p>\n<p>\u00c9 ideal para o controle de ilumina\u00e7\u00e3o de corredores, escadas, garagens, entradas de acesso, quartos, banheiros, cozinhas, recep\u00e7\u00e3o e demais ambientes internos de resid\u00eancias, escrit\u00f3rios, hot\u00e9is e condom\u00ednios.<\/p>\n<p>Smart X-Control (XC): Com a exclusiva tecnologia Smart X-Control, atrav\u00e9s do smartphone \u00e9 poss\u00edvel configurar o sensor em segundo, sem a necessidade de abri-los e se expor \u00e0 energia el\u00e9trica ou ent\u00e3o ter que desligar os disjuntores.<\/p>","protected":false},"featured_media":9844,"comment_status":"open","ping_status":"closed","template":"","meta":{"_acf_changed":false,"_joinchat":[]},"aplicacao":[267],"product_brand":[],"product_cat":[383,326,381],"product_tag":[639,641,642,582,545,637,632,636,625],"class_list":{"0":"post-10520","1":"product","2":"type-product","3":"status-publish","4":"has-post-thumbnail","6":"aplicacao-iluminacao-interna-sensores-de-presenca","7":"product_cat-4x2","8":"product_cat-sensores-de-presenca-para-iluminacao","9":"product_cat-smart-x-control","10":"product_tag-639","11":"product_tag-4x2","12":"product_tag-ambientes-internos","13":"product_tag-economia-de-energia","14":"product_tag-iluminacao","15":"product_tag-iluminacao-interna","16":"product_tag-sensor","17":"product_tag-sensor-4x2","18":"product_tag-sensor-de-presenca","20":"first","21":"indisponivel","22":"shipping-taxable","23":"product-type-variable","24":"has-default-attributes"},"acf":[],"yoast_head":"<!-- This site is optimized with the Yoast SEO plugin v27.3 - https:\/\/yoast.com\/product\/yoast-seo-wordpress\/ -->\n<title>Sensor de Presen\u00e7a 4x2 Smart X-Control - EXATRON<\/title>\n<meta name=\"description\" content=\"LESP4000 (XC): Sensor de Presen\u00e7a Smart X-Control, ajuste por app, cobertura de 110\u00b0, efici\u00eancia para controle de ilumina\u00e7\u00e3o.\" \/>\n<meta name=\"robots\" content=\"index, follow, max-snippet:-1, max-image-preview:large, max-video-preview:-1\" \/>\n<link rel=\"canonical\" href=\"https:\/\/www.exatron.com.br\/es\/produtos\/sensor-de-presenca-4x2-xcontrol\/\" \/>\n<meta property=\"og:locale\" content=\"es_ES\" \/>\n<meta property=\"og:type\" content=\"article\" \/>\n<meta property=\"og:title\" content=\"Sensor de Presen\u00e7a 4x2 Smart X-Control - EXATRON\" \/>\n<meta property=\"og:description\" content=\"LESP4000 (XC): Sensor de Presen\u00e7a Smart X-Control, ajuste por app, cobertura de 110\u00b0, efici\u00eancia para controle de ilumina\u00e7\u00e3o.\" \/>\n<meta property=\"og:url\" content=\"https:\/\/www.exatron.com.br\/es\/produtos\/sensor-de-presenca-4x2-xcontrol\/\" \/>\n<meta property=\"og:site_name\" content=\"EXATRON\" \/>\n<meta property=\"article:modified_time\" content=\"2026-04-15T13:48:50+00:00\" \/>\n<meta property=\"og:image\" content=\"https:\/\/www.exatron.com.br\/wp-content\/uploads\/2025\/12\/ugxn6rs5dxlwjeayauitofr6xfbzfscnmvfz2tjx.png\" \/>\n\t<meta property=\"og:image:width\" content=\"2160\" \/>\n\t<meta property=\"og:image:height\" content=\"2160\" \/>\n\t<meta property=\"og:image:type\" content=\"image\/png\" \/>\n<meta name=\"twitter:card\" content=\"summary_large_image\" \/>\n<meta name=\"twitter:label1\" content=\"Tiempo de lectura\" \/>\n\t<meta name=\"twitter:data1\" content=\"1 minuto\" \/>\n<script type=\"application\/ld+json\" class=\"yoast-schema-graph\">{\"@context\":\"https:\\\/\\\/schema.org\",\"@graph\":[{\"@type\":\"WebPage\",\"@id\":\"https:\\\/\\\/www.exatron.com.br\\\/produtos\\\/sensor-de-presenca-4x2-xcontrol\\\/\",\"url\":\"https:\\\/\\\/www.exatron.com.br\\\/produtos\\\/sensor-de-presenca-4x2-xcontrol\\\/\",\"name\":\"Sensor de Presen\u00e7a 4x2 Smart X-Control - EXATRON\",\"isPartOf\":{\"@id\":\"https:\\\/\\\/www.exatron.com.br\\\/#website\"},\"primaryImageOfPage\":{\"@id\":\"https:\\\/\\\/www.exatron.com.br\\\/produtos\\\/sensor-de-presenca-4x2-xcontrol\\\/#primaryimage\"},\"image\":{\"@id\":\"https:\\\/\\\/www.exatron.com.br\\\/produtos\\\/sensor-de-presenca-4x2-xcontrol\\\/#primaryimage\"},\"thumbnailUrl\":\"https:\\\/\\\/www.exatron.com.br\\\/wp-content\\\/uploads\\\/2025\\\/12\\\/ugxn6rs5dxlwjeayauitofr6xfbzfscnmvfz2tjx.png\",\"datePublished\":\"2025-12-08T15:08:26+00:00\",\"dateModified\":\"2026-04-15T13:48:50+00:00\",\"description\":\"LESP4000 (XC): Sensor de Presen\u00e7a Smart X-Control, ajuste por app, cobertura de 110\u00b0, efici\u00eancia para controle de ilumina\u00e7\u00e3o.\",\"breadcrumb\":{\"@id\":\"https:\\\/\\\/www.exatron.com.br\\\/produtos\\\/sensor-de-presenca-4x2-xcontrol\\\/#breadcrumb\"},\"inLanguage\":\"es\",\"potentialAction\":[{\"@type\":\"ReadAction\",\"target\":[\"https:\\\/\\\/www.exatron.com.br\\\/produtos\\\/sensor-de-presenca-4x2-xcontrol\\\/\"]}]},{\"@type\":\"ImageObject\",\"inLanguage\":\"es\",\"@id\":\"https:\\\/\\\/www.exatron.com.br\\\/produtos\\\/sensor-de-presenca-4x2-xcontrol\\\/#primaryimage\",\"url\":\"https:\\\/\\\/www.exatron.com.br\\\/wp-content\\\/uploads\\\/2025\\\/12\\\/ugxn6rs5dxlwjeayauitofr6xfbzfscnmvfz2tjx.png\",\"contentUrl\":\"https:\\\/\\\/www.exatron.com.br\\\/wp-content\\\/uploads\\\/2025\\\/12\\\/ugxn6rs5dxlwjeayauitofr6xfbzfscnmvfz2tjx.png\",\"width\":2160,\"height\":2160,\"caption\":\"\u00c9 ideal para o controle de ilumina\u00e7\u00e3o de corredores, escadas, garagens, entradas de acesso, quartos, banheiros, cozinhas, recep\u00e7\u00e3o e demais ambientes internos de resid\u00eancias, escrit\u00f3rios, hot\u00e9is e condom\u00ednios.\"},{\"@type\":\"BreadcrumbList\",\"@id\":\"https:\\\/\\\/www.exatron.com.br\\\/produtos\\\/sensor-de-presenca-4x2-xcontrol\\\/#breadcrumb\",\"itemListElement\":[{\"@type\":\"ListItem\",\"position\":1,\"name\":\"In\u00edcio\",\"item\":\"https:\\\/\\\/www.exatron.com.br\\\/\"},{\"@type\":\"ListItem\",\"position\":2,\"name\":\"Loja\",\"item\":\"https:\\\/\\\/www.exatron.com.br\\\/loja\\\/\"},{\"@type\":\"ListItem\",\"position\":3,\"name\":\"Sensor de Presen\u00e7a 4&#215;2 Smart X-Control\"}]},{\"@type\":\"WebSite\",\"@id\":\"https:\\\/\\\/www.exatron.com.br\\\/#website\",\"url\":\"https:\\\/\\\/www.exatron.com.br\\\/\",\"name\":\"EXATRON\",\"description\":\"\",\"publisher\":{\"@id\":\"https:\\\/\\\/www.exatron.com.br\\\/#organization\"},\"potentialAction\":[{\"@type\":\"SearchAction\",\"target\":{\"@type\":\"EntryPoint\",\"urlTemplate\":\"https:\\\/\\\/www.exatron.com.br\\\/?s={search_term_string}\"},\"query-input\":{\"@type\":\"PropertyValueSpecification\",\"valueRequired\":true,\"valueName\":\"search_term_string\"}}],\"inLanguage\":\"es\"},{\"@type\":\"Organization\",\"@id\":\"https:\\\/\\\/www.exatron.com.br\\\/#organization\",\"name\":\"EXATRON\",\"url\":\"https:\\\/\\\/www.exatron.com.br\\\/\",\"logo\":{\"@type\":\"ImageObject\",\"inLanguage\":\"es\",\"@id\":\"https:\\\/\\\/www.exatron.com.br\\\/#\\\/schema\\\/logo\\\/image\\\/\",\"url\":\"https:\\\/\\\/www.exatron.com.br\\\/wp-content\\\/uploads\\\/2024\\\/11\\\/default-kit.png\",\"contentUrl\":\"https:\\\/\\\/www.exatron.com.br\\\/wp-content\\\/uploads\\\/2024\\\/11\\\/default-kit.png\",\"width\":956,\"height\":192,\"caption\":\"EXATRON\"},\"image\":{\"@id\":\"https:\\\/\\\/www.exatron.com.br\\\/#\\\/schema\\\/logo\\\/image\\\/\"}}]}<\/script>\n<!-- \/ Yoast SEO plugin. -->","yoast_head_json":{"title":"Sensor de Presen\u00e7a 4x2 Smart X-Control - EXATRON","description":"LESP4000 (XC): Sensor de Presen\u00e7a Smart X-Control, ajuste por app, cobertura de 110\u00b0, efici\u00eancia para controle de ilumina\u00e7\u00e3o.","robots":{"index":"index","follow":"follow","max-snippet":"max-snippet:-1","max-image-preview":"max-image-preview:large","max-video-preview":"max-video-preview:-1"},"canonical":"https:\/\/www.exatron.com.br\/es\/produtos\/sensor-de-presenca-4x2-xcontrol\/","og_locale":"es_ES","og_type":"article","og_title":"Sensor de Presen\u00e7a 4x2 Smart X-Control - EXATRON","og_description":"LESP4000 (XC): Sensor de Presen\u00e7a Smart X-Control, ajuste por app, cobertura de 110\u00b0, efici\u00eancia para controle de ilumina\u00e7\u00e3o.","og_url":"https:\/\/www.exatron.com.br\/es\/produtos\/sensor-de-presenca-4x2-xcontrol\/","og_site_name":"EXATRON","article_modified_time":"2026-04-15T13:48:50+00:00","og_image":[{"width":2160,"height":2160,"url":"https:\/\/www.exatron.com.br\/wp-content\/uploads\/2025\/12\/ugxn6rs5dxlwjeayauitofr6xfbzfscnmvfz2tjx.png","type":"image\/png"}],"twitter_card":"summary_large_image","twitter_misc":{"Tiempo de lectura":"1 minuto"},"schema":{"@context":"https:\/\/schema.org","@graph":[{"@type":"WebPage","@id":"https:\/\/www.exatron.com.br\/produtos\/sensor-de-presenca-4x2-xcontrol\/","url":"https:\/\/www.exatron.com.br\/produtos\/sensor-de-presenca-4x2-xcontrol\/","name":"Sensor de Presen\u00e7a 4x2 Smart X-Control - EXATRON","isPartOf":{"@id":"https:\/\/www.exatron.com.br\/#website"},"primaryImageOfPage":{"@id":"https:\/\/www.exatron.com.br\/produtos\/sensor-de-presenca-4x2-xcontrol\/#primaryimage"},"image":{"@id":"https:\/\/www.exatron.com.br\/produtos\/sensor-de-presenca-4x2-xcontrol\/#primaryimage"},"thumbnailUrl":"https:\/\/www.exatron.com.br\/wp-content\/uploads\/2025\/12\/ugxn6rs5dxlwjeayauitofr6xfbzfscnmvfz2tjx.png","datePublished":"2025-12-08T15:08:26+00:00","dateModified":"2026-04-15T13:48:50+00:00","description":"LESP4000 (XC): Sensor de Presen\u00e7a Smart X-Control, ajuste por app, cobertura de 110\u00b0, efici\u00eancia para controle de ilumina\u00e7\u00e3o.","breadcrumb":{"@id":"https:\/\/www.exatron.com.br\/produtos\/sensor-de-presenca-4x2-xcontrol\/#breadcrumb"},"inLanguage":"es","potentialAction":[{"@type":"ReadAction","target":["https:\/\/www.exatron.com.br\/produtos\/sensor-de-presenca-4x2-xcontrol\/"]}]},{"@type":"ImageObject","inLanguage":"es","@id":"https:\/\/www.exatron.com.br\/produtos\/sensor-de-presenca-4x2-xcontrol\/#primaryimage","url":"https:\/\/www.exatron.com.br\/wp-content\/uploads\/2025\/12\/ugxn6rs5dxlwjeayauitofr6xfbzfscnmvfz2tjx.png","contentUrl":"https:\/\/www.exatron.com.br\/wp-content\/uploads\/2025\/12\/ugxn6rs5dxlwjeayauitofr6xfbzfscnmvfz2tjx.png","width":2160,"height":2160,"caption":"\u00c9 ideal para o controle de ilumina\u00e7\u00e3o de corredores, escadas, garagens, entradas de acesso, quartos, banheiros, cozinhas, recep\u00e7\u00e3o e demais ambientes internos de resid\u00eancias, escrit\u00f3rios, hot\u00e9is e condom\u00ednios."},{"@type":"BreadcrumbList","@id":"https:\/\/www.exatron.com.br\/produtos\/sensor-de-presenca-4x2-xcontrol\/#breadcrumb","itemListElement":[{"@type":"ListItem","position":1,"name":"In\u00edcio","item":"https:\/\/www.exatron.com.br\/"},{"@type":"ListItem","position":2,"name":"Loja","item":"https:\/\/www.exatron.com.br\/loja\/"},{"@type":"ListItem","position":3,"name":"Sensor de Presen\u00e7a 4&#215;2 Smart X-Control"}]},{"@type":"WebSite","@id":"https:\/\/www.exatron.com.br\/#website","url":"https:\/\/www.exatron.com.br\/","name":"EXATRON","description":"","publisher":{"@id":"https:\/\/www.exatron.com.br\/#organization"},"potentialAction":[{"@type":"SearchAction","target":{"@type":"EntryPoint","urlTemplate":"https:\/\/www.exatron.com.br\/?s={search_term_string}"},"query-input":{"@type":"PropertyValueSpecification","valueRequired":true,"valueName":"search_term_string"}}],"inLanguage":"es"},{"@type":"Organization","@id":"https:\/\/www.exatron.com.br\/#organization","name":"EXATRON","url":"https:\/\/www.exatron.com.br\/","logo":{"@type":"ImageObject","inLanguage":"es","@id":"https:\/\/www.exatron.com.br\/#\/schema\/logo\/image\/","url":"https:\/\/www.exatron.com.br\/wp-content\/uploads\/2024\/11\/default-kit.png","contentUrl":"https:\/\/www.exatron.com.br\/wp-content\/uploads\/2024\/11\/default-kit.png","width":956,"height":192,"caption":"EXATRON"},"image":{"@id":"https:\/\/www.exatron.com.br\/#\/schema\/logo\/image\/"}}]}},"_links":{"self":[{"href":"https:\/\/www.exatron.com.br\/es\/wp-json\/wp\/v2\/product\/10520","targetHints":{"allow":["GET"]}}],"collection":[{"href":"https:\/\/www.exatron.com.br\/es\/wp-json\/wp\/v2\/product"}],"about":[{"href":"https:\/\/www.exatron.com.br\/es\/wp-json\/wp\/v2\/types\/product"}],"replies":[{"embeddable":true,"href":"https:\/\/www.exatron.com.br\/es\/wp-json\/wp\/v2\/comments?post=10520"}],"wp:featuredmedia":[{"embeddable":true,"href":"https:\/\/www.exatron.com.br\/es\/wp-json\/wp\/v2\/media\/9844"}],"wp:attachment":[{"href":"https:\/\/www.exatron.com.br\/es\/wp-json\/wp\/v2\/media?parent=10520"}],"wp:term":[{"taxonomy":"aplicacao","embeddable":true,"href":"https:\/\/www.exatron.com.br\/es\/wp-json\/wp\/v2\/aplicacao?post=10520"},{"taxonomy":"product_brand","embeddable":true,"href":"https:\/\/www.exatron.com.br\/es\/wp-json\/wp\/v2\/product_brand?post=10520"},{"taxonomy":"product_cat","embeddable":true,"href":"https:\/\/www.exatron.com.br\/es\/wp-json\/wp\/v2\/product_cat?post=10520"},{"taxonomy":"product_tag","embeddable":true,"href":"https:\/\/www.exatron.com.br\/es\/wp-json\/wp\/v2\/product_tag?post=10520"}],"curies":[{"name":"wp","href":"https:\/\/api.w.org\/{rel}","templated":true}]}}