{"id":10559,"date":"2025-12-08T15:08:34","date_gmt":"2025-12-08T15:08:34","guid":{"rendered":""},"modified":"2026-04-22T09:23:01","modified_gmt":"2026-04-22T12:23:01","slug":"campainha-eletronica-sem-fio-01-controle","status":"publish","type":"product","link":"https:\/\/www.exatron.com.br\/es\/produtos\/campainha-eletronica-sem-fio-01-controle\/","title":{"rendered":"Timbre electr\u00f3nico inal\u00e1mbrico, doble voltaje, 28 tonos, 1 control remoto"},"content":{"rendered":"<h3>Especificaciones t\u00e9cnicas<\/h3>\n<ul>\n<li>Voltaje: 100-240 V~ \u2013 voltaje dual autom\u00e1tico (receptor) y 12 V CC (transmisor\/control remoto);<\/li>\n<li>Consumo de energ\u00eda: &lt; 1W;<\/li>\n<li>Frecuencia de funcionamiento: 50\/60Hz;<\/li>\n<li>Dimensiones: 86x64x50mm (Receptor) y 78x56x20mm (Transmisor\/Control remoto);<\/li>\n<li>Protecci\u00f3n contra sobretensiones: S\u00ed;<\/li>\n<li>Alcance: Hasta 150m entre el control remoto y el receptor (en campo abierto);<\/li>\n<li>Nota: Es posible agregar m\u00e1s de un control remoto: Se pueden asociar hasta 28 controles remotos simult\u00e1neamente;<\/li>\n<li>Instalaci\u00f3n: Entorno exterior: Transmisor\/Control remoto y Entorno interior: Receptor;<\/li>\n<li>Intensidad del volumen: tres opciones;<\/li>\n<li>Intensidad de sonido: entre 55dBA y 75dBA variando seg\u00fan el volumen y sonido seleccionado (Condiciones de prueba: dBA medidos a 1m del receptor);<\/li>\n<li>Clasificaci\u00f3n del ruido: discontinuo;<\/li>\n<li>Dispositivo de sonido tipo R2: se activa mediante interruptor con duraci\u00f3n de emisi\u00f3n de sonido seg\u00fan tono seleccionado;<\/li>\n<li>Memoria de programaci\u00f3n: despu\u00e9s de desactivar el timbre, el sonido y el nivel de volumen seleccionados previamente permanecen iguales cuando se enciende nuevamente el dispositivo;<\/li>\n<li>Luz indicadora: siempre que se active, el timbre har\u00e1 parpadear el LED en el transmisor\/control remoto y el receptor;<\/li>\n<li>28 opciones de tono de llamada;<\/li>\n<li>Es posible configurar un tono musical diferente para cada control remoto;<\/li>\n<li>Es posible conectar hasta 28 mandos a distancia para su activaci\u00f3n;<\/li>\n<li>Temperatura de funcionamiento: 0\u00b0C a 40\u00b0C;<\/li>\n<li>Composici\u00f3n: Componentes pl\u00e1sticos, componentes electr\u00f3nicos y aleaciones met\u00e1licas;<\/li>\n<li>Color: Blanco;<\/li>\n<li>Grado de protecci\u00f3n (IP): Transmisor\/Control remoto (IP65) y Receptor (IP20);<\/li>\n<li>Garant\u00eda: 2 a\u00f1os.<\/li>\n<\/ul>","protected":false},"excerpt":{"rendered":"<p>El timbre electr\u00f3nico inal\u00e1mbrico Exatron es un producto electr\u00f3nico que ofrece comodidad y facilidad de uso, con una instalaci\u00f3n r\u00e1pida y sencilla. Su dise\u00f1o limpio ofrece una soluci\u00f3n m\u00e1s segura, a la vez que embellece y armoniza el ambiente. Cuenta con 28 opciones de sonido polif\u00f3nico con 3 niveles de volumen configurables y permite a\u00f1adir hasta 28 controles remotos al receptor. La instalaci\u00f3n es sencilla y se realiza sin herramientas. Incluye cinta adhesiva de doble cara y tornillos para la instalaci\u00f3n.<\/p>","protected":false},"featured_media":14618,"comment_status":"open","ping_status":"closed","template":"","meta":{"_acf_changed":false,"_joinchat":[]},"aplicacao":[],"product_brand":[],"product_cat":[312,340],"product_tag":[828,826,827],"class_list":{"0":"post-10559","1":"product","2":"type-product","3":"status-publish","4":"has-post-thumbnail","6":"product_cat-campainhas-musicais-eletronicas","7":"product_cat-campainhas-sem-fio","8":"product_tag-campainha-exatron","9":"product_tag-campainha-sem-fio","10":"product_tag-campainha-wireless","12":"first","13":"venda_encerrada","14":"shipping-taxable","15":"product-type-simple"},"acf":[],"yoast_head":"<!-- This site is optimized with the Yoast SEO plugin v27.3 - https:\/\/yoast.com\/product\/yoast-seo-wordpress\/ -->\n<title>Campainha Eletr\u00f4nica sem fio Bivolt 28 Toques 01 Controle - EXATRON<\/title>\n<meta name=\"description\" content=\"Na busca de uma campainha wireless? A Campainha sem fio com um contole da Exatron oferece comodidade, design e funcionalidade em um \u00fanico produto.\" \/>\n<meta name=\"robots\" content=\"index, follow, max-snippet:-1, max-image-preview:large, max-video-preview:-1\" \/>\n<link rel=\"canonical\" href=\"https:\/\/www.exatron.com.br\/es\/produtos\/campainha-eletronica-sem-fio-01-controle\/\" \/>\n<meta property=\"og:locale\" content=\"es_ES\" \/>\n<meta property=\"og:type\" content=\"article\" \/>\n<meta property=\"og:title\" content=\"Campainha Eletr\u00f4nica sem fio Bivolt 28 Toques 01 Controle - EXATRON\" \/>\n<meta property=\"og:description\" content=\"Na busca de uma campainha wireless? A Campainha sem fio com um contole da Exatron oferece comodidade, design e funcionalidade em um \u00fanico produto.\" \/>\n<meta property=\"og:url\" content=\"https:\/\/www.exatron.com.br\/es\/produtos\/campainha-eletronica-sem-fio-01-controle\/\" \/>\n<meta property=\"og:site_name\" content=\"EXATRON\" \/>\n<meta property=\"article:modified_time\" content=\"2026-04-22T12:23:01+00:00\" \/>\n<meta property=\"og:image\" content=\"https:\/\/www.exatron.com.br\/wp-content\/uploads\/leca4950_7-1.png\" \/>\n\t<meta property=\"og:image:width\" content=\"1000\" \/>\n\t<meta property=\"og:image:height\" content=\"1000\" \/>\n\t<meta property=\"og:image:type\" content=\"image\/png\" \/>\n<meta name=\"twitter:card\" content=\"summary_large_image\" \/>\n<meta name=\"twitter:label1\" content=\"Tiempo de lectura\" \/>\n\t<meta name=\"twitter:data1\" content=\"2 minutos\" \/>\n<script type=\"application\/ld+json\" class=\"yoast-schema-graph\">{\"@context\":\"https:\\\/\\\/schema.org\",\"@graph\":[{\"@type\":\"WebPage\",\"@id\":\"https:\\\/\\\/www.exatron.com.br\\\/produtos\\\/campainha-eletronica-sem-fio-01-controle\\\/\",\"url\":\"https:\\\/\\\/www.exatron.com.br\\\/produtos\\\/campainha-eletronica-sem-fio-01-controle\\\/\",\"name\":\"Campainha Eletr\u00f4nica sem fio Bivolt 28 Toques 01 Controle - EXATRON\",\"isPartOf\":{\"@id\":\"https:\\\/\\\/www.exatron.com.br\\\/#website\"},\"primaryImageOfPage\":{\"@id\":\"https:\\\/\\\/www.exatron.com.br\\\/produtos\\\/campainha-eletronica-sem-fio-01-controle\\\/#primaryimage\"},\"image\":{\"@id\":\"https:\\\/\\\/www.exatron.com.br\\\/produtos\\\/campainha-eletronica-sem-fio-01-controle\\\/#primaryimage\"},\"thumbnailUrl\":\"https:\\\/\\\/www.exatron.com.br\\\/wp-content\\\/uploads\\\/leca4950_7-1.png\",\"datePublished\":\"2025-12-08T15:08:34+00:00\",\"dateModified\":\"2026-04-22T12:23:01+00:00\",\"description\":\"Na busca de uma campainha wireless? A Campainha sem fio com um contole da Exatron oferece comodidade, design e funcionalidade em um \u00fanico produto.\",\"breadcrumb\":{\"@id\":\"https:\\\/\\\/www.exatron.com.br\\\/produtos\\\/campainha-eletronica-sem-fio-01-controle\\\/#breadcrumb\"},\"inLanguage\":\"es\",\"potentialAction\":[{\"@type\":\"ReadAction\",\"target\":[\"https:\\\/\\\/www.exatron.com.br\\\/produtos\\\/campainha-eletronica-sem-fio-01-controle\\\/\"]}]},{\"@type\":\"ImageObject\",\"inLanguage\":\"es\",\"@id\":\"https:\\\/\\\/www.exatron.com.br\\\/produtos\\\/campainha-eletronica-sem-fio-01-controle\\\/#primaryimage\",\"url\":\"https:\\\/\\\/www.exatron.com.br\\\/wp-content\\\/uploads\\\/leca4950_7-1.png\",\"contentUrl\":\"https:\\\/\\\/www.exatron.com.br\\\/wp-content\\\/uploads\\\/leca4950_7-1.png\",\"width\":1000,\"height\":1000,\"caption\":\"Campainha Eletr\u00f4nica sem fio Bivolt 28 Toques 01 Controle - Frente\"},{\"@type\":\"BreadcrumbList\",\"@id\":\"https:\\\/\\\/www.exatron.com.br\\\/produtos\\\/campainha-eletronica-sem-fio-01-controle\\\/#breadcrumb\",\"itemListElement\":[{\"@type\":\"ListItem\",\"position\":1,\"name\":\"In\u00edcio\",\"item\":\"https:\\\/\\\/www.exatron.com.br\\\/\"},{\"@type\":\"ListItem\",\"position\":2,\"name\":\"Loja\",\"item\":\"https:\\\/\\\/www.exatron.com.br\\\/loja\\\/\"},{\"@type\":\"ListItem\",\"position\":3,\"name\":\"Campainha Eletr\u00f4nica sem fio Bivolt 28 Toques 01 Controle\"}]},{\"@type\":\"WebSite\",\"@id\":\"https:\\\/\\\/www.exatron.com.br\\\/#website\",\"url\":\"https:\\\/\\\/www.exatron.com.br\\\/\",\"name\":\"EXATRON\",\"description\":\"\",\"publisher\":{\"@id\":\"https:\\\/\\\/www.exatron.com.br\\\/#organization\"},\"potentialAction\":[{\"@type\":\"SearchAction\",\"target\":{\"@type\":\"EntryPoint\",\"urlTemplate\":\"https:\\\/\\\/www.exatron.com.br\\\/?s={search_term_string}\"},\"query-input\":{\"@type\":\"PropertyValueSpecification\",\"valueRequired\":true,\"valueName\":\"search_term_string\"}}],\"inLanguage\":\"es\"},{\"@type\":\"Organization\",\"@id\":\"https:\\\/\\\/www.exatron.com.br\\\/#organization\",\"name\":\"EXATRON\",\"url\":\"https:\\\/\\\/www.exatron.com.br\\\/\",\"logo\":{\"@type\":\"ImageObject\",\"inLanguage\":\"es\",\"@id\":\"https:\\\/\\\/www.exatron.com.br\\\/#\\\/schema\\\/logo\\\/image\\\/\",\"url\":\"https:\\\/\\\/www.exatron.com.br\\\/wp-content\\\/uploads\\\/2024\\\/11\\\/default-kit.png\",\"contentUrl\":\"https:\\\/\\\/www.exatron.com.br\\\/wp-content\\\/uploads\\\/2024\\\/11\\\/default-kit.png\",\"width\":956,\"height\":192,\"caption\":\"EXATRON\"},\"image\":{\"@id\":\"https:\\\/\\\/www.exatron.com.br\\\/#\\\/schema\\\/logo\\\/image\\\/\"}}]}<\/script>\n<!-- \/ Yoast SEO plugin. -->","yoast_head_json":{"title":"Campainha Eletr\u00f4nica sem fio Bivolt 28 Toques 01 Controle - EXATRON","description":"Na busca de uma campainha wireless? A Campainha sem fio com um contole da Exatron oferece comodidade, design e funcionalidade em um \u00fanico produto.","robots":{"index":"index","follow":"follow","max-snippet":"max-snippet:-1","max-image-preview":"max-image-preview:large","max-video-preview":"max-video-preview:-1"},"canonical":"https:\/\/www.exatron.com.br\/es\/produtos\/campainha-eletronica-sem-fio-01-controle\/","og_locale":"es_ES","og_type":"article","og_title":"Campainha Eletr\u00f4nica sem fio Bivolt 28 Toques 01 Controle - EXATRON","og_description":"Na busca de uma campainha wireless? A Campainha sem fio com um contole da Exatron oferece comodidade, design e funcionalidade em um \u00fanico produto.","og_url":"https:\/\/www.exatron.com.br\/es\/produtos\/campainha-eletronica-sem-fio-01-controle\/","og_site_name":"EXATRON","article_modified_time":"2026-04-22T12:23:01+00:00","og_image":[{"width":1000,"height":1000,"url":"https:\/\/www.exatron.com.br\/wp-content\/uploads\/leca4950_7-1.png","type":"image\/png"}],"twitter_card":"summary_large_image","twitter_misc":{"Tiempo de lectura":"2 minutos"},"schema":{"@context":"https:\/\/schema.org","@graph":[{"@type":"WebPage","@id":"https:\/\/www.exatron.com.br\/produtos\/campainha-eletronica-sem-fio-01-controle\/","url":"https:\/\/www.exatron.com.br\/produtos\/campainha-eletronica-sem-fio-01-controle\/","name":"Campainha Eletr\u00f4nica sem fio Bivolt 28 Toques 01 Controle - EXATRON","isPartOf":{"@id":"https:\/\/www.exatron.com.br\/#website"},"primaryImageOfPage":{"@id":"https:\/\/www.exatron.com.br\/produtos\/campainha-eletronica-sem-fio-01-controle\/#primaryimage"},"image":{"@id":"https:\/\/www.exatron.com.br\/produtos\/campainha-eletronica-sem-fio-01-controle\/#primaryimage"},"thumbnailUrl":"https:\/\/www.exatron.com.br\/wp-content\/uploads\/leca4950_7-1.png","datePublished":"2025-12-08T15:08:34+00:00","dateModified":"2026-04-22T12:23:01+00:00","description":"Na busca de uma campainha wireless? A Campainha sem fio com um contole da Exatron oferece comodidade, design e funcionalidade em um \u00fanico produto.","breadcrumb":{"@id":"https:\/\/www.exatron.com.br\/produtos\/campainha-eletronica-sem-fio-01-controle\/#breadcrumb"},"inLanguage":"es","potentialAction":[{"@type":"ReadAction","target":["https:\/\/www.exatron.com.br\/produtos\/campainha-eletronica-sem-fio-01-controle\/"]}]},{"@type":"ImageObject","inLanguage":"es","@id":"https:\/\/www.exatron.com.br\/produtos\/campainha-eletronica-sem-fio-01-controle\/#primaryimage","url":"https:\/\/www.exatron.com.br\/wp-content\/uploads\/leca4950_7-1.png","contentUrl":"https:\/\/www.exatron.com.br\/wp-content\/uploads\/leca4950_7-1.png","width":1000,"height":1000,"caption":"Campainha Eletr\u00f4nica sem fio Bivolt 28 Toques 01 Controle - Frente"},{"@type":"BreadcrumbList","@id":"https:\/\/www.exatron.com.br\/produtos\/campainha-eletronica-sem-fio-01-controle\/#breadcrumb","itemListElement":[{"@type":"ListItem","position":1,"name":"In\u00edcio","item":"https:\/\/www.exatron.com.br\/"},{"@type":"ListItem","position":2,"name":"Loja","item":"https:\/\/www.exatron.com.br\/loja\/"},{"@type":"ListItem","position":3,"name":"Campainha Eletr\u00f4nica sem fio Bivolt 28 Toques 01 Controle"}]},{"@type":"WebSite","@id":"https:\/\/www.exatron.com.br\/#website","url":"https:\/\/www.exatron.com.br\/","name":"EXATRON","description":"","publisher":{"@id":"https:\/\/www.exatron.com.br\/#organization"},"potentialAction":[{"@type":"SearchAction","target":{"@type":"EntryPoint","urlTemplate":"https:\/\/www.exatron.com.br\/?s={search_term_string}"},"query-input":{"@type":"PropertyValueSpecification","valueRequired":true,"valueName":"search_term_string"}}],"inLanguage":"es"},{"@type":"Organization","@id":"https:\/\/www.exatron.com.br\/#organization","name":"EXATRON","url":"https:\/\/www.exatron.com.br\/","logo":{"@type":"ImageObject","inLanguage":"es","@id":"https:\/\/www.exatron.com.br\/#\/schema\/logo\/image\/","url":"https:\/\/www.exatron.com.br\/wp-content\/uploads\/2024\/11\/default-kit.png","contentUrl":"https:\/\/www.exatron.com.br\/wp-content\/uploads\/2024\/11\/default-kit.png","width":956,"height":192,"caption":"EXATRON"},"image":{"@id":"https:\/\/www.exatron.com.br\/#\/schema\/logo\/image\/"}}]}},"_links":{"self":[{"href":"https:\/\/www.exatron.com.br\/es\/wp-json\/wp\/v2\/product\/10559","targetHints":{"allow":["GET"]}}],"collection":[{"href":"https:\/\/www.exatron.com.br\/es\/wp-json\/wp\/v2\/product"}],"about":[{"href":"https:\/\/www.exatron.com.br\/es\/wp-json\/wp\/v2\/types\/product"}],"replies":[{"embeddable":true,"href":"https:\/\/www.exatron.com.br\/es\/wp-json\/wp\/v2\/comments?post=10559"}],"wp:featuredmedia":[{"embeddable":true,"href":"https:\/\/www.exatron.com.br\/es\/wp-json\/wp\/v2\/media\/14618"}],"wp:attachment":[{"href":"https:\/\/www.exatron.com.br\/es\/wp-json\/wp\/v2\/media?parent=10559"}],"wp:term":[{"taxonomy":"aplicacao","embeddable":true,"href":"https:\/\/www.exatron.com.br\/es\/wp-json\/wp\/v2\/aplicacao?post=10559"},{"taxonomy":"product_brand","embeddable":true,"href":"https:\/\/www.exatron.com.br\/es\/wp-json\/wp\/v2\/product_brand?post=10559"},{"taxonomy":"product_cat","embeddable":true,"href":"https:\/\/www.exatron.com.br\/es\/wp-json\/wp\/v2\/product_cat?post=10559"},{"taxonomy":"product_tag","embeddable":true,"href":"https:\/\/www.exatron.com.br\/es\/wp-json\/wp\/v2\/product_tag?post=10559"}],"curies":[{"name":"wp","href":"https:\/\/api.w.org\/{rel}","templated":true}]}}