{"id":10588,"date":"2025-12-08T15:08:36","date_gmt":"2025-12-08T15:08:36","guid":{"rendered":""},"modified":"2026-04-28T14:21:51","modified_gmt":"2026-04-28T17:21:51","slug":"conjunto-4x2-01-tomada-2pt-20a250v-vermelha","status":"publish","type":"product","link":"https:\/\/www.exatron.com.br\/es\/produtos\/conjunto-4x2-01-tomada-2pt-20a250v-vermelha\/","title":{"rendered":"Conjunto 4&#215;2 01 Tomada 2P+T 20A\/250V Vermelha"},"content":{"rendered":"<h3>Especificaciones t\u00e9cnicas<\/h3>\n<ul>\n<li>Acabamento: Branco Alto Brilho \u2013 N\u00e3o adere poeira;<\/li>\n<li>Compatibilidade: Linha El\u00e9trica MyX Exatron;<\/li>\n<li>Capacidade de Corrente da tomada:\u00a0 20A;<\/li>\n<li>Alimenta\u00e7\u00e3o:\u00a0 Bivolt 100-250V~;<\/li>\n<li>Fixa\u00e7\u00e3o dos condutores:\u00a0 Borne Parafuso;<\/li>\n<li>Conjunto 4&#215;2 com 01 Tomada 2P+T 20A\/250V Vermelha;<\/li>\n<li>Dimens\u00f5es da Placa:\u00a0 123 x 82 mm;<\/li>\n<li>Se\u00e7\u00e3o de cabo suportada:\u00a0 De 1,5 a 2,5 mm;<\/li>\n<li>Material de fabrica\u00e7\u00e3o:\u00a0 Nylon aditivado + ABS + Policarbonato. Contatos el\u00e9tricos de ligas de cobre e prata;<\/li>\n<li>Prote\u00e7\u00e3o contra Raios UV \u2013 N\u00e3o altera a cor;<\/li>\n<li>Prote\u00e7\u00e3o antichamas \u2013 N\u00e3o propaga chama;<\/li>\n<li>Tipo de Produto:\u00a0 Padr\u00e3o;<\/li>\n<li>Norma:\u00a0 NBR14136 (Tomadas);<\/li>\n<li>Garantia: 05 anos.<\/li>\n<\/ul>\n<figure class=\"image\"><img decoding=\"async\" src=\"https:\/\/www.exatron.com.br\/storage\/editor\/SKoaAB9LWetXLvTvrxQTAt82jZxezO2rLLxIiHjV.png\" \/><figcaption>Produto certificado de acordo com a Portaria Inmetro n\u00b0 90 de 09\/03\/2022.<\/figcaption><\/figure>","protected":false},"excerpt":{"rendered":"<p>A Linha El\u00e9trica MyX da Exatron destaca-se pelo seu design, qualidade e praticidade. Ela pode ser montada de acordo com a sua necessidade, s\u00e3o mais de 15 m\u00f3dulos dispon\u00edveis para a composi\u00e7\u00e3o. Produzido em ABS com acabamento brilho, tem toda sua produ\u00e7\u00e3o realizada pela Exatron.<\/p>\n<p>Estrutura refor\u00e7ada garante que o produto n\u00e3o se deforme ao ser instalado. O ajuste de posi\u00e7\u00e3o ainda permite que voc\u00ea instale corretamente os seus produtos.<\/p>\n<p>Todos os produtos da Linha El\u00e9trica MyX s\u00e3o intercambi\u00e1veis entre si. Os engates inteligentes facilitam na hora de alterar as composi\u00e7\u00f5es, dispensando a utiliza\u00e7\u00e3o de ferramentas.<\/p>\n<p>Os produtos MyX foram projetados para facilitar o seu uso, garantindo a ergonomia e ainda possuem acabamento refinado.<\/p>\n<p>A linha MyX ainda tem uma excelente durabilidade, com rigorosos testes, podemos garantir que os produtos ter\u00e3o uma longa vida \u00fatil em sua casa.<\/p>","protected":false},"featured_media":9990,"comment_status":"open","ping_status":"closed","template":"","meta":{"_acf_changed":false,"_joinchat":[]},"aplicacao":[],"product_brand":[],"product_cat":[372,325],"product_tag":[1040,1004],"class_list":{"0":"post-10588","1":"product","2":"type-product","3":"status-publish","4":"has-post-thumbnail","6":"product_cat-conjuntos","7":"product_cat-linha-eletrica","8":"product_tag-conjunto-4x2","9":"product_tag-linha-eletrica","11":"first","12":"instock","13":"shipping-taxable","14":"purchasable","15":"product-type-simple"},"acf":[],"yoast_head":"<!-- This site is optimized with the Yoast SEO plugin v27.3 - https:\/\/yoast.com\/product\/yoast-seo-wordpress\/ -->\n<title>Conjunto 4x2 01 Tomada 2P+T 20A\/250V Vermelha - EXATRON<\/title>\n<meta name=\"description\" content=\"Tomada 20A 2P+T Vermelha 4x2 (LECO4029): Tomada 2P+T 20A vermelha com placa 4x2. Linha MyX Exatron: design refinado, f\u00e1cil instala\u00e7\u00e3o e longa durabilidade.\" \/>\n<meta name=\"robots\" content=\"index, follow, max-snippet:-1, max-image-preview:large, max-video-preview:-1\" \/>\n<link rel=\"canonical\" href=\"https:\/\/www.exatron.com.br\/es\/produtos\/conjunto-4x2-01-tomada-2pt-20a250v-vermelha\/\" \/>\n<meta property=\"og:locale\" content=\"es_ES\" \/>\n<meta property=\"og:type\" content=\"article\" \/>\n<meta property=\"og:title\" content=\"Conjunto 4x2 01 Tomada 2P+T 20A\/250V Vermelha - EXATRON\" \/>\n<meta property=\"og:description\" content=\"Tomada 20A 2P+T Vermelha 4x2 (LECO4029): Tomada 2P+T 20A vermelha com placa 4x2. Linha MyX Exatron: design refinado, f\u00e1cil instala\u00e7\u00e3o e longa durabilidade.\" \/>\n<meta property=\"og:url\" content=\"https:\/\/www.exatron.com.br\/es\/produtos\/conjunto-4x2-01-tomada-2pt-20a250v-vermelha\/\" \/>\n<meta property=\"og:site_name\" content=\"EXATRON\" \/>\n<meta property=\"article:modified_time\" content=\"2026-04-28T17:21:51+00:00\" \/>\n<meta property=\"og:image\" content=\"https:\/\/www.exatron.com.br\/wp-content\/uploads\/2025\/12\/20190314013857-0.png\" \/>\n\t<meta property=\"og:image:width\" content=\"1080\" \/>\n\t<meta property=\"og:image:height\" content=\"1080\" \/>\n\t<meta property=\"og:image:type\" content=\"image\/png\" \/>\n<meta name=\"twitter:card\" content=\"summary_large_image\" \/>\n<meta name=\"twitter:label1\" content=\"Tiempo de lectura\" \/>\n\t<meta name=\"twitter:data1\" content=\"1 minuto\" \/>\n<script type=\"application\/ld+json\" class=\"yoast-schema-graph\">{\"@context\":\"https:\\\/\\\/schema.org\",\"@graph\":[{\"@type\":\"WebPage\",\"@id\":\"https:\\\/\\\/www.exatron.com.br\\\/produtos\\\/conjunto-4x2-01-tomada-2pt-20a250v-vermelha\\\/\",\"url\":\"https:\\\/\\\/www.exatron.com.br\\\/produtos\\\/conjunto-4x2-01-tomada-2pt-20a250v-vermelha\\\/\",\"name\":\"Conjunto 4x2 01 Tomada 2P+T 20A\\\/250V Vermelha - EXATRON\",\"isPartOf\":{\"@id\":\"https:\\\/\\\/www.exatron.com.br\\\/#website\"},\"primaryImageOfPage\":{\"@id\":\"https:\\\/\\\/www.exatron.com.br\\\/produtos\\\/conjunto-4x2-01-tomada-2pt-20a250v-vermelha\\\/#primaryimage\"},\"image\":{\"@id\":\"https:\\\/\\\/www.exatron.com.br\\\/produtos\\\/conjunto-4x2-01-tomada-2pt-20a250v-vermelha\\\/#primaryimage\"},\"thumbnailUrl\":\"https:\\\/\\\/www.exatron.com.br\\\/wp-content\\\/uploads\\\/2025\\\/12\\\/20190314013857-0.png\",\"datePublished\":\"2025-12-08T15:08:36+00:00\",\"dateModified\":\"2026-04-28T17:21:51+00:00\",\"description\":\"Tomada 20A 2P+T Vermelha 4x2 (LECO4029): Tomada 2P+T 20A vermelha com placa 4x2. Linha MyX Exatron: design refinado, f\u00e1cil instala\u00e7\u00e3o e longa durabilidade.\",\"breadcrumb\":{\"@id\":\"https:\\\/\\\/www.exatron.com.br\\\/produtos\\\/conjunto-4x2-01-tomada-2pt-20a250v-vermelha\\\/#breadcrumb\"},\"inLanguage\":\"es\",\"potentialAction\":[{\"@type\":\"ReadAction\",\"target\":[\"https:\\\/\\\/www.exatron.com.br\\\/produtos\\\/conjunto-4x2-01-tomada-2pt-20a250v-vermelha\\\/\"]}]},{\"@type\":\"ImageObject\",\"inLanguage\":\"es\",\"@id\":\"https:\\\/\\\/www.exatron.com.br\\\/produtos\\\/conjunto-4x2-01-tomada-2pt-20a250v-vermelha\\\/#primaryimage\",\"url\":\"https:\\\/\\\/www.exatron.com.br\\\/wp-content\\\/uploads\\\/2025\\\/12\\\/20190314013857-0.png\",\"contentUrl\":\"https:\\\/\\\/www.exatron.com.br\\\/wp-content\\\/uploads\\\/2025\\\/12\\\/20190314013857-0.png\",\"width\":1080,\"height\":1080,\"caption\":\"20190314013857 0\"},{\"@type\":\"BreadcrumbList\",\"@id\":\"https:\\\/\\\/www.exatron.com.br\\\/produtos\\\/conjunto-4x2-01-tomada-2pt-20a250v-vermelha\\\/#breadcrumb\",\"itemListElement\":[{\"@type\":\"ListItem\",\"position\":1,\"name\":\"In\u00edcio\",\"item\":\"https:\\\/\\\/www.exatron.com.br\\\/\"},{\"@type\":\"ListItem\",\"position\":2,\"name\":\"Loja\",\"item\":\"https:\\\/\\\/www.exatron.com.br\\\/loja\\\/\"},{\"@type\":\"ListItem\",\"position\":3,\"name\":\"Conjunto 4&#215;2 01 Tomada 2P+T 20A\\\/250V Vermelha\"}]},{\"@type\":\"WebSite\",\"@id\":\"https:\\\/\\\/www.exatron.com.br\\\/#website\",\"url\":\"https:\\\/\\\/www.exatron.com.br\\\/\",\"name\":\"EXATRON\",\"description\":\"\",\"publisher\":{\"@id\":\"https:\\\/\\\/www.exatron.com.br\\\/#organization\"},\"potentialAction\":[{\"@type\":\"SearchAction\",\"target\":{\"@type\":\"EntryPoint\",\"urlTemplate\":\"https:\\\/\\\/www.exatron.com.br\\\/?s={search_term_string}\"},\"query-input\":{\"@type\":\"PropertyValueSpecification\",\"valueRequired\":true,\"valueName\":\"search_term_string\"}}],\"inLanguage\":\"es\"},{\"@type\":\"Organization\",\"@id\":\"https:\\\/\\\/www.exatron.com.br\\\/#organization\",\"name\":\"EXATRON\",\"url\":\"https:\\\/\\\/www.exatron.com.br\\\/\",\"logo\":{\"@type\":\"ImageObject\",\"inLanguage\":\"es\",\"@id\":\"https:\\\/\\\/www.exatron.com.br\\\/#\\\/schema\\\/logo\\\/image\\\/\",\"url\":\"https:\\\/\\\/www.exatron.com.br\\\/wp-content\\\/uploads\\\/2024\\\/11\\\/default-kit.png\",\"contentUrl\":\"https:\\\/\\\/www.exatron.com.br\\\/wp-content\\\/uploads\\\/2024\\\/11\\\/default-kit.png\",\"width\":956,\"height\":192,\"caption\":\"EXATRON\"},\"image\":{\"@id\":\"https:\\\/\\\/www.exatron.com.br\\\/#\\\/schema\\\/logo\\\/image\\\/\"}}]}<\/script>\n<!-- \/ Yoast SEO plugin. -->","yoast_head_json":{"title":"Conjunto 4x2 01 Tomada 2P+T 20A\/250V Vermelha - EXATRON","description":"Tomada 20A 2P+T Vermelha 4x2 (LECO4029): Tomada 2P+T 20A vermelha com placa 4x2. Linha MyX Exatron: design refinado, f\u00e1cil instala\u00e7\u00e3o e longa durabilidade.","robots":{"index":"index","follow":"follow","max-snippet":"max-snippet:-1","max-image-preview":"max-image-preview:large","max-video-preview":"max-video-preview:-1"},"canonical":"https:\/\/www.exatron.com.br\/es\/produtos\/conjunto-4x2-01-tomada-2pt-20a250v-vermelha\/","og_locale":"es_ES","og_type":"article","og_title":"Conjunto 4x2 01 Tomada 2P+T 20A\/250V Vermelha - EXATRON","og_description":"Tomada 20A 2P+T Vermelha 4x2 (LECO4029): Tomada 2P+T 20A vermelha com placa 4x2. Linha MyX Exatron: design refinado, f\u00e1cil instala\u00e7\u00e3o e longa durabilidade.","og_url":"https:\/\/www.exatron.com.br\/es\/produtos\/conjunto-4x2-01-tomada-2pt-20a250v-vermelha\/","og_site_name":"EXATRON","article_modified_time":"2026-04-28T17:21:51+00:00","og_image":[{"width":1080,"height":1080,"url":"https:\/\/www.exatron.com.br\/wp-content\/uploads\/2025\/12\/20190314013857-0.png","type":"image\/png"}],"twitter_card":"summary_large_image","twitter_misc":{"Tiempo de lectura":"1 minuto"},"schema":{"@context":"https:\/\/schema.org","@graph":[{"@type":"WebPage","@id":"https:\/\/www.exatron.com.br\/produtos\/conjunto-4x2-01-tomada-2pt-20a250v-vermelha\/","url":"https:\/\/www.exatron.com.br\/produtos\/conjunto-4x2-01-tomada-2pt-20a250v-vermelha\/","name":"Conjunto 4x2 01 Tomada 2P+T 20A\/250V Vermelha - EXATRON","isPartOf":{"@id":"https:\/\/www.exatron.com.br\/#website"},"primaryImageOfPage":{"@id":"https:\/\/www.exatron.com.br\/produtos\/conjunto-4x2-01-tomada-2pt-20a250v-vermelha\/#primaryimage"},"image":{"@id":"https:\/\/www.exatron.com.br\/produtos\/conjunto-4x2-01-tomada-2pt-20a250v-vermelha\/#primaryimage"},"thumbnailUrl":"https:\/\/www.exatron.com.br\/wp-content\/uploads\/2025\/12\/20190314013857-0.png","datePublished":"2025-12-08T15:08:36+00:00","dateModified":"2026-04-28T17:21:51+00:00","description":"Tomada 20A 2P+T Vermelha 4x2 (LECO4029): Tomada 2P+T 20A vermelha com placa 4x2. Linha MyX Exatron: design refinado, f\u00e1cil instala\u00e7\u00e3o e longa durabilidade.","breadcrumb":{"@id":"https:\/\/www.exatron.com.br\/produtos\/conjunto-4x2-01-tomada-2pt-20a250v-vermelha\/#breadcrumb"},"inLanguage":"es","potentialAction":[{"@type":"ReadAction","target":["https:\/\/www.exatron.com.br\/produtos\/conjunto-4x2-01-tomada-2pt-20a250v-vermelha\/"]}]},{"@type":"ImageObject","inLanguage":"es","@id":"https:\/\/www.exatron.com.br\/produtos\/conjunto-4x2-01-tomada-2pt-20a250v-vermelha\/#primaryimage","url":"https:\/\/www.exatron.com.br\/wp-content\/uploads\/2025\/12\/20190314013857-0.png","contentUrl":"https:\/\/www.exatron.com.br\/wp-content\/uploads\/2025\/12\/20190314013857-0.png","width":1080,"height":1080,"caption":"20190314013857 0"},{"@type":"BreadcrumbList","@id":"https:\/\/www.exatron.com.br\/produtos\/conjunto-4x2-01-tomada-2pt-20a250v-vermelha\/#breadcrumb","itemListElement":[{"@type":"ListItem","position":1,"name":"In\u00edcio","item":"https:\/\/www.exatron.com.br\/"},{"@type":"ListItem","position":2,"name":"Loja","item":"https:\/\/www.exatron.com.br\/loja\/"},{"@type":"ListItem","position":3,"name":"Conjunto 4&#215;2 01 Tomada 2P+T 20A\/250V Vermelha"}]},{"@type":"WebSite","@id":"https:\/\/www.exatron.com.br\/#website","url":"https:\/\/www.exatron.com.br\/","name":"EXATRON","description":"","publisher":{"@id":"https:\/\/www.exatron.com.br\/#organization"},"potentialAction":[{"@type":"SearchAction","target":{"@type":"EntryPoint","urlTemplate":"https:\/\/www.exatron.com.br\/?s={search_term_string}"},"query-input":{"@type":"PropertyValueSpecification","valueRequired":true,"valueName":"search_term_string"}}],"inLanguage":"es"},{"@type":"Organization","@id":"https:\/\/www.exatron.com.br\/#organization","name":"EXATRON","url":"https:\/\/www.exatron.com.br\/","logo":{"@type":"ImageObject","inLanguage":"es","@id":"https:\/\/www.exatron.com.br\/#\/schema\/logo\/image\/","url":"https:\/\/www.exatron.com.br\/wp-content\/uploads\/2024\/11\/default-kit.png","contentUrl":"https:\/\/www.exatron.com.br\/wp-content\/uploads\/2024\/11\/default-kit.png","width":956,"height":192,"caption":"EXATRON"},"image":{"@id":"https:\/\/www.exatron.com.br\/#\/schema\/logo\/image\/"}}]}},"_links":{"self":[{"href":"https:\/\/www.exatron.com.br\/es\/wp-json\/wp\/v2\/product\/10588","targetHints":{"allow":["GET"]}}],"collection":[{"href":"https:\/\/www.exatron.com.br\/es\/wp-json\/wp\/v2\/product"}],"about":[{"href":"https:\/\/www.exatron.com.br\/es\/wp-json\/wp\/v2\/types\/product"}],"replies":[{"embeddable":true,"href":"https:\/\/www.exatron.com.br\/es\/wp-json\/wp\/v2\/comments?post=10588"}],"wp:featuredmedia":[{"embeddable":true,"href":"https:\/\/www.exatron.com.br\/es\/wp-json\/wp\/v2\/media\/9990"}],"wp:attachment":[{"href":"https:\/\/www.exatron.com.br\/es\/wp-json\/wp\/v2\/media?parent=10588"}],"wp:term":[{"taxonomy":"aplicacao","embeddable":true,"href":"https:\/\/www.exatron.com.br\/es\/wp-json\/wp\/v2\/aplicacao?post=10588"},{"taxonomy":"product_brand","embeddable":true,"href":"https:\/\/www.exatron.com.br\/es\/wp-json\/wp\/v2\/product_brand?post=10588"},{"taxonomy":"product_cat","embeddable":true,"href":"https:\/\/www.exatron.com.br\/es\/wp-json\/wp\/v2\/product_cat?post=10588"},{"taxonomy":"product_tag","embeddable":true,"href":"https:\/\/www.exatron.com.br\/es\/wp-json\/wp\/v2\/product_tag?post=10588"}],"curies":[{"name":"wp","href":"https:\/\/api.w.org\/{rel}","templated":true}]}}