{"id":10634,"date":"2025-12-08T15:08:41","date_gmt":"2025-12-08T15:08:41","guid":{"rendered":""},"modified":"2026-04-23T14:42:32","modified_gmt":"2026-04-23T17:42:32","slug":"shorting-gap-vr","status":"publish","type":"product","link":"https:\/\/www.exatron.com.br\/es\/produtos\/shorting-gap-vr\/","title":{"rendered":"Brecha de cortocircuito VR"},"content":{"rendered":"<h3>Especificaciones t\u00e9cnicas<\/h3>\n<ul>\n<li>Tens\u00e3o: 127-220Vac (105-305 Vac);<\/li>\n<li>Frecuencia de funcionamiento: 50\/60Hz;<\/li>\n<li>Consumo: n\u00e3o consome energia (0W);<\/li>\n<li>Rigidez diel\u00e9trica: 2500Vdc;<\/li>\n<li>Material: Resina polipropileno (UV-Stability), PVC, lat\u00e3o e cobre;<\/li>\n<li>Grau de prote\u00e7\u00e3o: IP65;<\/li>\n<li>Garantia: 1 ano;<\/li>\n<li>Dimens\u00f5es: 38,9x\u230076,5mm;<\/li>\n<li>Mapa de marca\u00e7\u00e3o indel\u00e9vel do momento de retirada e coloca\u00e7\u00e3o em campo;<\/li>\n<li>Dispositivo para liga\u00e7\u00e3o permanente entre a fase e carga de tomadas para rel\u00e9s e chaves comando de grupo;<\/li>\n<li>Design moderno, exclusivo fechamento sem parafusos;<\/li>\n<li>Cor: Cinza;<\/li>\n<li>Pot\u00eancia de comando: 1000W\/15A.<\/li>\n<\/ul>\n<h3>Instalaci\u00f3n<\/h3>\n<p>Fazer a liga\u00e7\u00e3o direta entre linha e carga em tomada de rel\u00e9 fotoel\u00e9trico ou de chave comando de grupo. Pode tamb\u00e9m substituir rel\u00e9 fotoel\u00e9trico mantendo a carga sempre ligada.<\/p>\n<p>Aten\u00e7\u00e3o: Produto designado para instala\u00e7\u00e3o em tomadas padr\u00e3o NEMA.<\/p>\n<p>&nbsp;<\/p>","protected":false},"excerpt":{"rendered":"<p>O Shorting Gap Protected (ou Cap protected) (SHG0ST15VR) da Exatron tem a fun\u00e7\u00e3o de fazer a liga\u00e7\u00e3o direta entre os contatos linha e carga com prote\u00e7\u00e3o de surto de at\u00e9 10 KV para a lumin\u00e1ria. O Shorting Gap Protected gera tamb\u00e9m prote\u00e7\u00e3o contra intemperes na tomada de rel\u00e9 fotel\u00e9trico.<\/p>\n<p>Este equipamento pode ser utilizado em lumin\u00e1rias que s\u00e3o instaladas em redes de ilumina\u00e7\u00e3o comandadas por Base (Chave) Comando de Grupo.<\/p>\n<p>&nbsp;<\/p>","protected":false},"featured_media":14821,"comment_status":"open","ping_status":"closed","template":"","meta":{"_acf_changed":false,"_joinchat":[]},"aplicacao":[],"product_brand":[],"product_cat":[315,347],"product_tag":[620,621,618,617,619],"class_list":{"0":"post-10634","1":"product","2":"type-product","3":"status-publish","4":"has-post-thumbnail","6":"product_cat-reles-para-iluminacao","7":"product_cat-shorting-gap-1","8":"product_tag-protecao-contra-surtos","9":"product_tag-prova-dagua","10":"product_tag-shorting-cap","11":"product_tag-shorting-gap","12":"product_tag-vr","14":"first","15":"instock","16":"shipping-taxable","17":"product-type-simple"},"acf":[],"yoast_head":"<!-- This site is optimized with the Yoast SEO plugin v27.3 - https:\/\/yoast.com\/product\/yoast-seo-wordpress\/ -->\n<title>Shorting Gap VR - EXATRON<\/title>\n<meta name=\"description\" content=\"Proteja lumin\u00e1rias com o SHG0ST15VR. Liga\u00e7\u00e3o direta com prote\u00e7\u00e3o contra surtos de 10kV e design \u00e0 prova d&#039;\u00e1gua Confira j\u00e1!\" \/>\n<meta name=\"robots\" content=\"index, follow, max-snippet:-1, max-image-preview:large, max-video-preview:-1\" \/>\n<link rel=\"canonical\" href=\"https:\/\/www.exatron.com.br\/es\/produtos\/shorting-gap-vr\/\" \/>\n<meta property=\"og:locale\" content=\"es_ES\" \/>\n<meta property=\"og:type\" content=\"article\" \/>\n<meta property=\"og:title\" content=\"Shorting Gap VR - EXATRON\" \/>\n<meta property=\"og:description\" content=\"Proteja lumin\u00e1rias com o SHG0ST15VR. Liga\u00e7\u00e3o direta com prote\u00e7\u00e3o contra surtos de 10kV e design \u00e0 prova d&#039;\u00e1gua Confira j\u00e1!\" \/>\n<meta property=\"og:url\" content=\"https:\/\/www.exatron.com.br\/es\/produtos\/shorting-gap-vr\/\" \/>\n<meta property=\"og:site_name\" content=\"EXATRON\" \/>\n<meta property=\"article:modified_time\" content=\"2026-04-23T17:42:32+00:00\" \/>\n<meta property=\"og:image\" content=\"https:\/\/www.exatron.com.br\/wp-content\/uploads\/shg0st15_5.png\" \/>\n\t<meta property=\"og:image:width\" content=\"1000\" \/>\n\t<meta property=\"og:image:height\" content=\"1000\" \/>\n\t<meta property=\"og:image:type\" content=\"image\/png\" \/>\n<meta name=\"twitter:card\" content=\"summary_large_image\" \/>\n<meta name=\"twitter:label1\" content=\"Tiempo de lectura\" \/>\n\t<meta name=\"twitter:data1\" content=\"1 minuto\" \/>\n<script type=\"application\/ld+json\" class=\"yoast-schema-graph\">{\"@context\":\"https:\\\/\\\/schema.org\",\"@graph\":[{\"@type\":\"WebPage\",\"@id\":\"https:\\\/\\\/www.exatron.com.br\\\/produtos\\\/shorting-gap-vr\\\/\",\"url\":\"https:\\\/\\\/www.exatron.com.br\\\/produtos\\\/shorting-gap-vr\\\/\",\"name\":\"Shorting Gap VR - EXATRON\",\"isPartOf\":{\"@id\":\"https:\\\/\\\/www.exatron.com.br\\\/#website\"},\"primaryImageOfPage\":{\"@id\":\"https:\\\/\\\/www.exatron.com.br\\\/produtos\\\/shorting-gap-vr\\\/#primaryimage\"},\"image\":{\"@id\":\"https:\\\/\\\/www.exatron.com.br\\\/produtos\\\/shorting-gap-vr\\\/#primaryimage\"},\"thumbnailUrl\":\"https:\\\/\\\/www.exatron.com.br\\\/wp-content\\\/uploads\\\/shg0st15_5.png\",\"datePublished\":\"2025-12-08T15:08:41+00:00\",\"dateModified\":\"2026-04-23T17:42:32+00:00\",\"description\":\"Proteja lumin\u00e1rias com o SHG0ST15VR. Liga\u00e7\u00e3o direta com prote\u00e7\u00e3o contra surtos de 10kV e design \u00e0 prova d'\u00e1gua Confira j\u00e1!\",\"breadcrumb\":{\"@id\":\"https:\\\/\\\/www.exatron.com.br\\\/produtos\\\/shorting-gap-vr\\\/#breadcrumb\"},\"inLanguage\":\"es\",\"potentialAction\":[{\"@type\":\"ReadAction\",\"target\":[\"https:\\\/\\\/www.exatron.com.br\\\/produtos\\\/shorting-gap-vr\\\/\"]}]},{\"@type\":\"ImageObject\",\"inLanguage\":\"es\",\"@id\":\"https:\\\/\\\/www.exatron.com.br\\\/produtos\\\/shorting-gap-vr\\\/#primaryimage\",\"url\":\"https:\\\/\\\/www.exatron.com.br\\\/wp-content\\\/uploads\\\/shg0st15_5.png\",\"contentUrl\":\"https:\\\/\\\/www.exatron.com.br\\\/wp-content\\\/uploads\\\/shg0st15_5.png\",\"width\":1000,\"height\":1000,\"caption\":\"O Shorting Gap Protected (ou Cap protected) (SHG0ST15VR) da Exatron tem a fun\u00e7\u00e3o de fazer a liga\u00e7\u00e3o direta entre os contatos linha e carga com prote\u00e7\u00e3o de surto de at\u00e9 10 KV para a lumin\u00e1ria.\"},{\"@type\":\"BreadcrumbList\",\"@id\":\"https:\\\/\\\/www.exatron.com.br\\\/produtos\\\/shorting-gap-vr\\\/#breadcrumb\",\"itemListElement\":[{\"@type\":\"ListItem\",\"position\":1,\"name\":\"In\u00edcio\",\"item\":\"https:\\\/\\\/www.exatron.com.br\\\/\"},{\"@type\":\"ListItem\",\"position\":2,\"name\":\"Loja\",\"item\":\"https:\\\/\\\/www.exatron.com.br\\\/loja\\\/\"},{\"@type\":\"ListItem\",\"position\":3,\"name\":\"Shorting Gap VR\"}]},{\"@type\":\"WebSite\",\"@id\":\"https:\\\/\\\/www.exatron.com.br\\\/#website\",\"url\":\"https:\\\/\\\/www.exatron.com.br\\\/\",\"name\":\"EXATRON\",\"description\":\"\",\"publisher\":{\"@id\":\"https:\\\/\\\/www.exatron.com.br\\\/#organization\"},\"potentialAction\":[{\"@type\":\"SearchAction\",\"target\":{\"@type\":\"EntryPoint\",\"urlTemplate\":\"https:\\\/\\\/www.exatron.com.br\\\/?s={search_term_string}\"},\"query-input\":{\"@type\":\"PropertyValueSpecification\",\"valueRequired\":true,\"valueName\":\"search_term_string\"}}],\"inLanguage\":\"es\"},{\"@type\":\"Organization\",\"@id\":\"https:\\\/\\\/www.exatron.com.br\\\/#organization\",\"name\":\"EXATRON\",\"url\":\"https:\\\/\\\/www.exatron.com.br\\\/\",\"logo\":{\"@type\":\"ImageObject\",\"inLanguage\":\"es\",\"@id\":\"https:\\\/\\\/www.exatron.com.br\\\/#\\\/schema\\\/logo\\\/image\\\/\",\"url\":\"https:\\\/\\\/www.exatron.com.br\\\/wp-content\\\/uploads\\\/2024\\\/11\\\/default-kit.png\",\"contentUrl\":\"https:\\\/\\\/www.exatron.com.br\\\/wp-content\\\/uploads\\\/2024\\\/11\\\/default-kit.png\",\"width\":956,\"height\":192,\"caption\":\"EXATRON\"},\"image\":{\"@id\":\"https:\\\/\\\/www.exatron.com.br\\\/#\\\/schema\\\/logo\\\/image\\\/\"}}]}<\/script>\n<!-- \/ Yoast SEO plugin. -->","yoast_head_json":{"title":"Shorting Gap VR - EXATRON","description":"Proteja lumin\u00e1rias com o SHG0ST15VR. Liga\u00e7\u00e3o direta com prote\u00e7\u00e3o contra surtos de 10kV e design \u00e0 prova d'\u00e1gua Confira j\u00e1!","robots":{"index":"index","follow":"follow","max-snippet":"max-snippet:-1","max-image-preview":"max-image-preview:large","max-video-preview":"max-video-preview:-1"},"canonical":"https:\/\/www.exatron.com.br\/es\/produtos\/shorting-gap-vr\/","og_locale":"es_ES","og_type":"article","og_title":"Shorting Gap VR - EXATRON","og_description":"Proteja lumin\u00e1rias com o SHG0ST15VR. Liga\u00e7\u00e3o direta com prote\u00e7\u00e3o contra surtos de 10kV e design \u00e0 prova d'\u00e1gua Confira j\u00e1!","og_url":"https:\/\/www.exatron.com.br\/es\/produtos\/shorting-gap-vr\/","og_site_name":"EXATRON","article_modified_time":"2026-04-23T17:42:32+00:00","og_image":[{"width":1000,"height":1000,"url":"https:\/\/www.exatron.com.br\/wp-content\/uploads\/shg0st15_5.png","type":"image\/png"}],"twitter_card":"summary_large_image","twitter_misc":{"Tiempo de lectura":"1 minuto"},"schema":{"@context":"https:\/\/schema.org","@graph":[{"@type":"WebPage","@id":"https:\/\/www.exatron.com.br\/produtos\/shorting-gap-vr\/","url":"https:\/\/www.exatron.com.br\/produtos\/shorting-gap-vr\/","name":"Shorting Gap VR - EXATRON","isPartOf":{"@id":"https:\/\/www.exatron.com.br\/#website"},"primaryImageOfPage":{"@id":"https:\/\/www.exatron.com.br\/produtos\/shorting-gap-vr\/#primaryimage"},"image":{"@id":"https:\/\/www.exatron.com.br\/produtos\/shorting-gap-vr\/#primaryimage"},"thumbnailUrl":"https:\/\/www.exatron.com.br\/wp-content\/uploads\/shg0st15_5.png","datePublished":"2025-12-08T15:08:41+00:00","dateModified":"2026-04-23T17:42:32+00:00","description":"Proteja lumin\u00e1rias com o SHG0ST15VR. Liga\u00e7\u00e3o direta com prote\u00e7\u00e3o contra surtos de 10kV e design \u00e0 prova d'\u00e1gua Confira j\u00e1!","breadcrumb":{"@id":"https:\/\/www.exatron.com.br\/produtos\/shorting-gap-vr\/#breadcrumb"},"inLanguage":"es","potentialAction":[{"@type":"ReadAction","target":["https:\/\/www.exatron.com.br\/produtos\/shorting-gap-vr\/"]}]},{"@type":"ImageObject","inLanguage":"es","@id":"https:\/\/www.exatron.com.br\/produtos\/shorting-gap-vr\/#primaryimage","url":"https:\/\/www.exatron.com.br\/wp-content\/uploads\/shg0st15_5.png","contentUrl":"https:\/\/www.exatron.com.br\/wp-content\/uploads\/shg0st15_5.png","width":1000,"height":1000,"caption":"O Shorting Gap Protected (ou Cap protected) (SHG0ST15VR) da Exatron tem a fun\u00e7\u00e3o de fazer a liga\u00e7\u00e3o direta entre os contatos linha e carga com prote\u00e7\u00e3o de surto de at\u00e9 10 KV para a lumin\u00e1ria."},{"@type":"BreadcrumbList","@id":"https:\/\/www.exatron.com.br\/produtos\/shorting-gap-vr\/#breadcrumb","itemListElement":[{"@type":"ListItem","position":1,"name":"In\u00edcio","item":"https:\/\/www.exatron.com.br\/"},{"@type":"ListItem","position":2,"name":"Loja","item":"https:\/\/www.exatron.com.br\/loja\/"},{"@type":"ListItem","position":3,"name":"Shorting Gap VR"}]},{"@type":"WebSite","@id":"https:\/\/www.exatron.com.br\/#website","url":"https:\/\/www.exatron.com.br\/","name":"EXATRON","description":"","publisher":{"@id":"https:\/\/www.exatron.com.br\/#organization"},"potentialAction":[{"@type":"SearchAction","target":{"@type":"EntryPoint","urlTemplate":"https:\/\/www.exatron.com.br\/?s={search_term_string}"},"query-input":{"@type":"PropertyValueSpecification","valueRequired":true,"valueName":"search_term_string"}}],"inLanguage":"es"},{"@type":"Organization","@id":"https:\/\/www.exatron.com.br\/#organization","name":"EXATRON","url":"https:\/\/www.exatron.com.br\/","logo":{"@type":"ImageObject","inLanguage":"es","@id":"https:\/\/www.exatron.com.br\/#\/schema\/logo\/image\/","url":"https:\/\/www.exatron.com.br\/wp-content\/uploads\/2024\/11\/default-kit.png","contentUrl":"https:\/\/www.exatron.com.br\/wp-content\/uploads\/2024\/11\/default-kit.png","width":956,"height":192,"caption":"EXATRON"},"image":{"@id":"https:\/\/www.exatron.com.br\/#\/schema\/logo\/image\/"}}]}},"_links":{"self":[{"href":"https:\/\/www.exatron.com.br\/es\/wp-json\/wp\/v2\/product\/10634","targetHints":{"allow":["GET"]}}],"collection":[{"href":"https:\/\/www.exatron.com.br\/es\/wp-json\/wp\/v2\/product"}],"about":[{"href":"https:\/\/www.exatron.com.br\/es\/wp-json\/wp\/v2\/types\/product"}],"replies":[{"embeddable":true,"href":"https:\/\/www.exatron.com.br\/es\/wp-json\/wp\/v2\/comments?post=10634"}],"wp:featuredmedia":[{"embeddable":true,"href":"https:\/\/www.exatron.com.br\/es\/wp-json\/wp\/v2\/media\/14821"}],"wp:attachment":[{"href":"https:\/\/www.exatron.com.br\/es\/wp-json\/wp\/v2\/media?parent=10634"}],"wp:term":[{"taxonomy":"aplicacao","embeddable":true,"href":"https:\/\/www.exatron.com.br\/es\/wp-json\/wp\/v2\/aplicacao?post=10634"},{"taxonomy":"product_brand","embeddable":true,"href":"https:\/\/www.exatron.com.br\/es\/wp-json\/wp\/v2\/product_brand?post=10634"},{"taxonomy":"product_cat","embeddable":true,"href":"https:\/\/www.exatron.com.br\/es\/wp-json\/wp\/v2\/product_cat?post=10634"},{"taxonomy":"product_tag","embeddable":true,"href":"https:\/\/www.exatron.com.br\/es\/wp-json\/wp\/v2\/product_tag?post=10634"}],"curies":[{"name":"wp","href":"https:\/\/api.w.org\/{rel}","templated":true}]}}