{"id":10638,"date":"2025-12-08T15:08:41","date_gmt":"2025-12-08T15:08:41","guid":{"rendered":""},"modified":"2026-04-16T14:11:51","modified_gmt":"2026-04-16T17:11:51","slug":"rele-compacto","status":"publish","type":"product","link":"https:\/\/www.exatron.com.br\/es\/produtos\/rele-compacto\/","title":{"rendered":"Rel\u00e9 compacto Smart X-Control"},"content":{"rendered":"<h3>Especificaciones t\u00e9cnicas<\/h3>\n<ul>\n<li>Voltaje: 100-240V~;<\/li>\n<li>Frecuencia de funcionamiento: 50\/60Hz;<\/li>\n<li>Consumo de energ\u00eda: &lt;1W;<\/li>\n<li>Tecnologia: \u00a0microcontrolado e j\u00e1 vem configurado de f\u00e1brica. Pode ter suas configura\u00e7\u00f5es alteradas atrav\u00e9s do aplicativo Smart X-Control;<\/li>\n<li>Estado inicial de los contactos: Normalmente abierto (NO);<\/li>\n<li>Material: Corpo em polipropileno (PP) cinza claro;<\/li>\n<li>Regulagem de tempo<strong>\u00a0<\/strong>que permite temporizar a l\u00e2mpada, ou seja, definir o tempo m\u00e1ximo que ela ficar\u00e1 ligada durante a noite. Temporiza\u00e7\u00e3o a partir de 1 hora at\u00e9 12 horas e tamb\u00e9m o modo autom\u00e1tico, que desliga a carga ao amanhecer;<\/li>\n<li>Regulagem de fotoc\u00e9lula: com 30 n\u00edveis de regulagem e fun\u00e7\u00e3o Autolux (permite memorizar a ilumina\u00e7\u00e3o do ambiente a partir do qual o produto ir\u00e1 ligar a carga);<\/li>\n<li>Fun\u00e7\u00e3o Manter Ligado: Mant\u00e9m a carga ligada durante o tempo programado (1 a 12 horas);<\/li>\n<li>Fun\u00e7\u00e3o Manter Desligado: Mant\u00e9m a carga desligada durante o tempo programado (1 a 12 horas);<\/li>\n<li>Configura\u00e7\u00e3o de f\u00e1brica: Retorna todos os par\u00e2metros e recursos aos valores originais de f\u00e1brica;<\/li>\n<li>Tiene un indicador de programaci\u00f3n LED;<\/li>\n<li>Lamp-friendly: sistema de activaci\u00f3n de carga con baja tensi\u00f3n el\u00e9ctrica &lt;50V, aumentando la vida \u00fatil del conjunto (carga y rel\u00e9);<\/li>\n<li>Grado de protecci\u00f3n: IP67;<\/li>\n<li>Garant\u00eda: 2 a\u00f1os;<\/li>\n<li>Dimensiones: 54\u00d750,8x26mm;<\/li>\n<li>Filtro de tiempo: doble retardo que evita activaciones involuntarias por cambios bruscos de luminosidad como rayos, l\u00e1seres, nubes, etc. Entre 2 y 5 segundos para encender o apagar;<\/li>\n<li>Temperatura de funcionamiento: -5\u00b0C a +50\u00b0C;<\/li>\n<li>Tiene un soporte de montaje extra\u00edble;<\/li>\n<li>Aplicaci\u00f3n: Para el control autom\u00e1tico de l\u00e1mparas (LED, incandescentes, fluorescentes, mixtas, electr\u00f3nicas y similares);<\/li>\n<li>Ideal para casas de campo, resid\u00eancias, letreiros luminosos, estacionamentos, jardins, vitrines, postes, etc;<\/li>\n<li>Potencia de control:<\/li>\n<\/ul>\n<figure class=\"table\">\n<table>\n<tbody>\n<tr>\n<td><strong>Voltaje<\/strong><\/td>\n<td><strong>Electr\u00f3nica\/LED<\/strong><\/td>\n<td><strong>Hal\u00f3geno<\/strong><\/td>\n<\/tr>\n<tr>\n<td>220 V<\/td>\n<td>300 W<\/td>\n<td>1000W<\/td>\n<\/tr>\n<tr>\n<td>127 V<\/td>\n<td>200 W<\/td>\n<td>1000W<\/td>\n<\/tr>\n<\/tbody>\n<\/table>\n<\/figure>\n<h3>Instalaci\u00f3n<\/h3>\n<p>No es necesario abrir el rel\u00e9 ni utilizar herramientas para realizar la programaci\u00f3n.<\/p>\n<p>Instale el rel\u00e9 de modo que el sensor est\u00e9 expuesto a la luz natural y no se vea afectado por otras l\u00e1mparas cercanas.<\/p>","protected":false},"excerpt":{"rendered":"<p>O Rel\u00e9 Compacto Smart X-Control \u00e9 um rel\u00e9 fotoeletr\u00f4nico microcontrolado capaz de controlar uma l\u00e2mpada automaticamente, ligando-a ao anoitecer e desligando-a ao amanhecer. \u00c9 ideal para ser utilizado em p\u00e1tio, quintal, jardim e demais ambientes externos residenciais, escrit\u00f3rios, hot\u00e9is e condom\u00ednios. O modelo LERL4001 conta com a tecnologia Smart X-Control, que possibilita ao usu\u00e1rio configur\u00e1-lo atrav\u00e9s de um smartphone com o aplicativo Smart X-Control, dispon\u00edvel para iOS e Android.<\/p>","protected":false},"featured_media":13095,"comment_status":"open","ping_status":"closed","template":"","meta":{"_acf_changed":false,"_joinchat":[]},"aplicacao":[98],"product_brand":[],"product_cat":[315,387],"product_tag":[546,525,528,544,523,548],"class_list":{"0":"post-10638","1":"product","2":"type-product","3":"status-publish","4":"has-post-thumbnail","6":"aplicacao-iluminacao-externa-reles","7":"product_cat-reles-para-iluminacao","8":"product_cat-smart-x-control-5","9":"product_tag-fotoeletronico","10":"product_tag-iluminacao-externa","11":"product_tag-ip67","12":"product_tag-rele-compacto","13":"product_tag-rele-para-iluminacao","14":"product_tag-sxc-1-0","16":"first","17":"indisponivel","18":"shipping-taxable","19":"product-type-variable","20":"has-default-attributes"},"acf":[],"yoast_head":"<!-- This site is optimized with the Yoast SEO plugin v27.3 - https:\/\/yoast.com\/product\/yoast-seo-wordpress\/ -->\n<title>Rel\u00e9 Compacto Smart X-Control - EXATRON<\/title>\n<meta name=\"description\" content=\"LERL4001 BC - Rel\u00e9 Compacto Smart X-Control - Controle autom\u00e1tico via app com o Rel\u00e9 Compacto Smart. Ideal para ilumina\u00e7\u00e3o externa eficiente e pr\u00e1tica.\" \/>\n<meta name=\"robots\" content=\"index, follow, max-snippet:-1, max-image-preview:large, max-video-preview:-1\" \/>\n<link rel=\"canonical\" href=\"https:\/\/www.exatron.com.br\/es\/produtos\/rele-compacto\/\" \/>\n<meta property=\"og:locale\" content=\"es_ES\" \/>\n<meta property=\"og:type\" content=\"article\" \/>\n<meta property=\"og:title\" content=\"Rel\u00e9 Compacto Smart X-Control - EXATRON\" \/>\n<meta property=\"og:description\" content=\"LERL4001 BC - Rel\u00e9 Compacto Smart X-Control - Controle autom\u00e1tico via app com o Rel\u00e9 Compacto Smart. Ideal para ilumina\u00e7\u00e3o externa eficiente e pr\u00e1tica.\" \/>\n<meta property=\"og:url\" content=\"https:\/\/www.exatron.com.br\/es\/produtos\/rele-compacto\/\" \/>\n<meta property=\"og:site_name\" content=\"EXATRON\" \/>\n<meta property=\"article:modified_time\" content=\"2026-04-16T17:11:51+00:00\" \/>\n<meta property=\"og:image\" content=\"https:\/\/www.exatron.com.br\/wp-content\/uploads\/branco.png\" \/>\n\t<meta property=\"og:image:width\" content=\"1080\" \/>\n\t<meta property=\"og:image:height\" content=\"1080\" \/>\n\t<meta property=\"og:image:type\" content=\"image\/png\" \/>\n<meta name=\"twitter:card\" content=\"summary_large_image\" \/>\n<meta name=\"twitter:label1\" content=\"Tiempo de lectura\" \/>\n\t<meta name=\"twitter:data1\" content=\"2 minutos\" \/>\n<script type=\"application\/ld+json\" class=\"yoast-schema-graph\">{\"@context\":\"https:\\\/\\\/schema.org\",\"@graph\":[{\"@type\":\"WebPage\",\"@id\":\"https:\\\/\\\/www.exatron.com.br\\\/produtos\\\/rele-compacto\\\/\",\"url\":\"https:\\\/\\\/www.exatron.com.br\\\/produtos\\\/rele-compacto\\\/\",\"name\":\"Rel\u00e9 Compacto Smart X-Control - EXATRON\",\"isPartOf\":{\"@id\":\"https:\\\/\\\/www.exatron.com.br\\\/#website\"},\"primaryImageOfPage\":{\"@id\":\"https:\\\/\\\/www.exatron.com.br\\\/produtos\\\/rele-compacto\\\/#primaryimage\"},\"image\":{\"@id\":\"https:\\\/\\\/www.exatron.com.br\\\/produtos\\\/rele-compacto\\\/#primaryimage\"},\"thumbnailUrl\":\"https:\\\/\\\/www.exatron.com.br\\\/wp-content\\\/uploads\\\/branco.png\",\"datePublished\":\"2025-12-08T15:08:41+00:00\",\"dateModified\":\"2026-04-16T17:11:51+00:00\",\"description\":\"LERL4001 BC - Rel\u00e9 Compacto Smart X-Control - Controle autom\u00e1tico via app com o Rel\u00e9 Compacto Smart. Ideal para ilumina\u00e7\u00e3o externa eficiente e pr\u00e1tica.\",\"breadcrumb\":{\"@id\":\"https:\\\/\\\/www.exatron.com.br\\\/produtos\\\/rele-compacto\\\/#breadcrumb\"},\"inLanguage\":\"es\",\"potentialAction\":[{\"@type\":\"ReadAction\",\"target\":[\"https:\\\/\\\/www.exatron.com.br\\\/produtos\\\/rele-compacto\\\/\"]}]},{\"@type\":\"ImageObject\",\"inLanguage\":\"es\",\"@id\":\"https:\\\/\\\/www.exatron.com.br\\\/produtos\\\/rele-compacto\\\/#primaryimage\",\"url\":\"https:\\\/\\\/www.exatron.com.br\\\/wp-content\\\/uploads\\\/branco.png\",\"contentUrl\":\"https:\\\/\\\/www.exatron.com.br\\\/wp-content\\\/uploads\\\/branco.png\",\"width\":1080,\"height\":1080,\"caption\":\"Rel\u00e9 Compacto Smart X-Control 2.0\"},{\"@type\":\"BreadcrumbList\",\"@id\":\"https:\\\/\\\/www.exatron.com.br\\\/produtos\\\/rele-compacto\\\/#breadcrumb\",\"itemListElement\":[{\"@type\":\"ListItem\",\"position\":1,\"name\":\"In\u00edcio\",\"item\":\"https:\\\/\\\/www.exatron.com.br\\\/\"},{\"@type\":\"ListItem\",\"position\":2,\"name\":\"Loja\",\"item\":\"https:\\\/\\\/www.exatron.com.br\\\/loja\\\/\"},{\"@type\":\"ListItem\",\"position\":3,\"name\":\"Rel\u00e9 Compacto Smart X-Control\"}]},{\"@type\":\"WebSite\",\"@id\":\"https:\\\/\\\/www.exatron.com.br\\\/#website\",\"url\":\"https:\\\/\\\/www.exatron.com.br\\\/\",\"name\":\"EXATRON\",\"description\":\"\",\"publisher\":{\"@id\":\"https:\\\/\\\/www.exatron.com.br\\\/#organization\"},\"potentialAction\":[{\"@type\":\"SearchAction\",\"target\":{\"@type\":\"EntryPoint\",\"urlTemplate\":\"https:\\\/\\\/www.exatron.com.br\\\/?s={search_term_string}\"},\"query-input\":{\"@type\":\"PropertyValueSpecification\",\"valueRequired\":true,\"valueName\":\"search_term_string\"}}],\"inLanguage\":\"es\"},{\"@type\":\"Organization\",\"@id\":\"https:\\\/\\\/www.exatron.com.br\\\/#organization\",\"name\":\"EXATRON\",\"url\":\"https:\\\/\\\/www.exatron.com.br\\\/\",\"logo\":{\"@type\":\"ImageObject\",\"inLanguage\":\"es\",\"@id\":\"https:\\\/\\\/www.exatron.com.br\\\/#\\\/schema\\\/logo\\\/image\\\/\",\"url\":\"https:\\\/\\\/www.exatron.com.br\\\/wp-content\\\/uploads\\\/2024\\\/11\\\/default-kit.png\",\"contentUrl\":\"https:\\\/\\\/www.exatron.com.br\\\/wp-content\\\/uploads\\\/2024\\\/11\\\/default-kit.png\",\"width\":956,\"height\":192,\"caption\":\"EXATRON\"},\"image\":{\"@id\":\"https:\\\/\\\/www.exatron.com.br\\\/#\\\/schema\\\/logo\\\/image\\\/\"}}]}<\/script>\n<!-- \/ Yoast SEO plugin. -->","yoast_head_json":{"title":"Rel\u00e9 Compacto Smart X-Control - EXATRON","description":"LERL4001 BC - Rel\u00e9 Compacto Smart X-Control - Controle autom\u00e1tico via app com o Rel\u00e9 Compacto Smart. Ideal para ilumina\u00e7\u00e3o externa eficiente e pr\u00e1tica.","robots":{"index":"index","follow":"follow","max-snippet":"max-snippet:-1","max-image-preview":"max-image-preview:large","max-video-preview":"max-video-preview:-1"},"canonical":"https:\/\/www.exatron.com.br\/es\/produtos\/rele-compacto\/","og_locale":"es_ES","og_type":"article","og_title":"Rel\u00e9 Compacto Smart X-Control - EXATRON","og_description":"LERL4001 BC - Rel\u00e9 Compacto Smart X-Control - Controle autom\u00e1tico via app com o Rel\u00e9 Compacto Smart. Ideal para ilumina\u00e7\u00e3o externa eficiente e pr\u00e1tica.","og_url":"https:\/\/www.exatron.com.br\/es\/produtos\/rele-compacto\/","og_site_name":"EXATRON","article_modified_time":"2026-04-16T17:11:51+00:00","og_image":[{"width":1080,"height":1080,"url":"https:\/\/www.exatron.com.br\/wp-content\/uploads\/branco.png","type":"image\/png"}],"twitter_card":"summary_large_image","twitter_misc":{"Tiempo de lectura":"2 minutos"},"schema":{"@context":"https:\/\/schema.org","@graph":[{"@type":"WebPage","@id":"https:\/\/www.exatron.com.br\/produtos\/rele-compacto\/","url":"https:\/\/www.exatron.com.br\/produtos\/rele-compacto\/","name":"Rel\u00e9 Compacto Smart X-Control - EXATRON","isPartOf":{"@id":"https:\/\/www.exatron.com.br\/#website"},"primaryImageOfPage":{"@id":"https:\/\/www.exatron.com.br\/produtos\/rele-compacto\/#primaryimage"},"image":{"@id":"https:\/\/www.exatron.com.br\/produtos\/rele-compacto\/#primaryimage"},"thumbnailUrl":"https:\/\/www.exatron.com.br\/wp-content\/uploads\/branco.png","datePublished":"2025-12-08T15:08:41+00:00","dateModified":"2026-04-16T17:11:51+00:00","description":"LERL4001 BC - Rel\u00e9 Compacto Smart X-Control - Controle autom\u00e1tico via app com o Rel\u00e9 Compacto Smart. Ideal para ilumina\u00e7\u00e3o externa eficiente e pr\u00e1tica.","breadcrumb":{"@id":"https:\/\/www.exatron.com.br\/produtos\/rele-compacto\/#breadcrumb"},"inLanguage":"es","potentialAction":[{"@type":"ReadAction","target":["https:\/\/www.exatron.com.br\/produtos\/rele-compacto\/"]}]},{"@type":"ImageObject","inLanguage":"es","@id":"https:\/\/www.exatron.com.br\/produtos\/rele-compacto\/#primaryimage","url":"https:\/\/www.exatron.com.br\/wp-content\/uploads\/branco.png","contentUrl":"https:\/\/www.exatron.com.br\/wp-content\/uploads\/branco.png","width":1080,"height":1080,"caption":"Rel\u00e9 Compacto Smart X-Control 2.0"},{"@type":"BreadcrumbList","@id":"https:\/\/www.exatron.com.br\/produtos\/rele-compacto\/#breadcrumb","itemListElement":[{"@type":"ListItem","position":1,"name":"In\u00edcio","item":"https:\/\/www.exatron.com.br\/"},{"@type":"ListItem","position":2,"name":"Loja","item":"https:\/\/www.exatron.com.br\/loja\/"},{"@type":"ListItem","position":3,"name":"Rel\u00e9 Compacto Smart X-Control"}]},{"@type":"WebSite","@id":"https:\/\/www.exatron.com.br\/#website","url":"https:\/\/www.exatron.com.br\/","name":"EXATRON","description":"","publisher":{"@id":"https:\/\/www.exatron.com.br\/#organization"},"potentialAction":[{"@type":"SearchAction","target":{"@type":"EntryPoint","urlTemplate":"https:\/\/www.exatron.com.br\/?s={search_term_string}"},"query-input":{"@type":"PropertyValueSpecification","valueRequired":true,"valueName":"search_term_string"}}],"inLanguage":"es"},{"@type":"Organization","@id":"https:\/\/www.exatron.com.br\/#organization","name":"EXATRON","url":"https:\/\/www.exatron.com.br\/","logo":{"@type":"ImageObject","inLanguage":"es","@id":"https:\/\/www.exatron.com.br\/#\/schema\/logo\/image\/","url":"https:\/\/www.exatron.com.br\/wp-content\/uploads\/2024\/11\/default-kit.png","contentUrl":"https:\/\/www.exatron.com.br\/wp-content\/uploads\/2024\/11\/default-kit.png","width":956,"height":192,"caption":"EXATRON"},"image":{"@id":"https:\/\/www.exatron.com.br\/#\/schema\/logo\/image\/"}}]}},"_links":{"self":[{"href":"https:\/\/www.exatron.com.br\/es\/wp-json\/wp\/v2\/product\/10638","targetHints":{"allow":["GET"]}}],"collection":[{"href":"https:\/\/www.exatron.com.br\/es\/wp-json\/wp\/v2\/product"}],"about":[{"href":"https:\/\/www.exatron.com.br\/es\/wp-json\/wp\/v2\/types\/product"}],"replies":[{"embeddable":true,"href":"https:\/\/www.exatron.com.br\/es\/wp-json\/wp\/v2\/comments?post=10638"}],"wp:featuredmedia":[{"embeddable":true,"href":"https:\/\/www.exatron.com.br\/es\/wp-json\/wp\/v2\/media\/13095"}],"wp:attachment":[{"href":"https:\/\/www.exatron.com.br\/es\/wp-json\/wp\/v2\/media?parent=10638"}],"wp:term":[{"taxonomy":"aplicacao","embeddable":true,"href":"https:\/\/www.exatron.com.br\/es\/wp-json\/wp\/v2\/aplicacao?post=10638"},{"taxonomy":"product_brand","embeddable":true,"href":"https:\/\/www.exatron.com.br\/es\/wp-json\/wp\/v2\/product_brand?post=10638"},{"taxonomy":"product_cat","embeddable":true,"href":"https:\/\/www.exatron.com.br\/es\/wp-json\/wp\/v2\/product_cat?post=10638"},{"taxonomy":"product_tag","embeddable":true,"href":"https:\/\/www.exatron.com.br\/es\/wp-json\/wp\/v2\/product_tag?post=10638"}],"curies":[{"name":"wp","href":"https:\/\/api.w.org\/{rel}","templated":true}]}}