{"id":10642,"date":"2025-12-08T15:08:41","date_gmt":"2025-12-08T15:08:41","guid":{"rendered":""},"modified":"2026-04-23T17:33:12","modified_gmt":"2026-04-23T20:33:12","slug":"luminaria-led-noturno-balizador","status":"publish","type":"product","link":"https:\/\/www.exatron.com.br\/es\/produtos\/luminaria-led-noturno-balizador\/","title":{"rendered":"Lumin\u00e1ria LED Noturno &#8211; Balizador"},"content":{"rendered":"<h3>Especificaciones t\u00e9cnicas<\/h3>\n<ul>\n<li>Funcionamento: fotoc\u00e9lula (liga automaticamente ao escurecer e desliga na presen\u00e7a de luz ambiente);<\/li>\n<li>110-220V~50\/60Hz;<\/li>\n<li>N\u00edvel de acionamento: 2 a 5 lux.<\/li>\n<\/ul>\n<p>&nbsp;<\/p>\n<h3>Instalaci\u00f3n<\/h3>\n<p>Para o funcionamento correto, conecte o plug na tomada.<\/p>","protected":false},"excerpt":{"rendered":"<p>Deixe os ambientes da sua casa ou empresa iluminados com mais seguran\u00e7a e baixo consumo, com o LED Noturno Exatron (LLLN3003) que possui uma luz suave, proporcionando mais tranquilidade ao circular pela sua casa a noite.<\/p>\n<p>De uso simplificado, voc\u00ea pode us\u00e1-lo em diversos ambientes internos como escadas e corredores.<\/p>","protected":false},"featured_media":10080,"comment_status":"open","ping_status":"closed","template":"","meta":{"_acf_changed":false,"_joinchat":[]},"aplicacao":[271],"product_brand":[],"product_cat":[316],"product_tag":[841,840,842],"class_list":{"0":"post-10642","1":"product","2":"type-product","3":"status-publish","4":"has-post-thumbnail","6":"aplicacao-balizador-domestico-led-noturno","7":"product_cat-led-noturno","8":"product_tag-balizador-de-parede","9":"product_tag-balizador-escada","10":"product_tag-balizador-fotocelula","12":"first","13":"instock","14":"shipping-taxable","15":"purchasable","16":"product-type-simple"},"acf":[],"yoast_head":"<!-- This site is optimized with the Yoast SEO plugin v27.3 - https:\/\/yoast.com\/product\/yoast-seo-wordpress\/ -->\n<title>Lumin\u00e1ria LED Noturno - Balizador - EXATRON<\/title>\n<meta name=\"description\" content=\"LLLN3003: Luz suave e econ\u00f4mica com fotoc\u00e9lula, ideal para quartos infantis. Liga no escuro e desliga na luz. Simples de usar!\" \/>\n<meta name=\"robots\" content=\"index, follow, max-snippet:-1, max-image-preview:large, max-video-preview:-1\" \/>\n<link rel=\"canonical\" href=\"https:\/\/www.exatron.com.br\/es\/produtos\/luminaria-led-noturno-balizador\/\" \/>\n<meta property=\"og:locale\" content=\"es_ES\" \/>\n<meta property=\"og:type\" content=\"article\" \/>\n<meta property=\"og:title\" content=\"Lumin\u00e1ria LED Noturno - Balizador - EXATRON\" \/>\n<meta property=\"og:description\" content=\"LLLN3003: Luz suave e econ\u00f4mica com fotoc\u00e9lula, ideal para quartos infantis. Liga no escuro e desliga na luz. Simples de usar!\" \/>\n<meta property=\"og:url\" content=\"https:\/\/www.exatron.com.br\/es\/produtos\/luminaria-led-noturno-balizador\/\" \/>\n<meta property=\"og:site_name\" content=\"EXATRON\" \/>\n<meta property=\"article:modified_time\" content=\"2026-04-23T20:33:12+00:00\" \/>\n<meta property=\"og:image\" content=\"https:\/\/www.exatron.com.br\/wp-content\/uploads\/2025\/12\/bxufklja8n0aode37jehrioqbyhpbyu1ej1zgc6y.png\" \/>\n\t<meta property=\"og:image:width\" content=\"368\" \/>\n\t<meta property=\"og:image:height\" content=\"368\" \/>\n\t<meta property=\"og:image:type\" content=\"image\/png\" \/>\n<meta name=\"twitter:card\" content=\"summary_large_image\" \/>\n<meta name=\"twitter:label1\" content=\"Tiempo de lectura\" \/>\n\t<meta name=\"twitter:data1\" content=\"1 minuto\" \/>\n<script type=\"application\/ld+json\" class=\"yoast-schema-graph\">{\"@context\":\"https:\\\/\\\/schema.org\",\"@graph\":[{\"@type\":\"WebPage\",\"@id\":\"https:\\\/\\\/www.exatron.com.br\\\/produtos\\\/luminaria-led-noturno-balizador\\\/\",\"url\":\"https:\\\/\\\/www.exatron.com.br\\\/produtos\\\/luminaria-led-noturno-balizador\\\/\",\"name\":\"Lumin\u00e1ria LED Noturno - Balizador - EXATRON\",\"isPartOf\":{\"@id\":\"https:\\\/\\\/www.exatron.com.br\\\/#website\"},\"primaryImageOfPage\":{\"@id\":\"https:\\\/\\\/www.exatron.com.br\\\/produtos\\\/luminaria-led-noturno-balizador\\\/#primaryimage\"},\"image\":{\"@id\":\"https:\\\/\\\/www.exatron.com.br\\\/produtos\\\/luminaria-led-noturno-balizador\\\/#primaryimage\"},\"thumbnailUrl\":\"https:\\\/\\\/www.exatron.com.br\\\/wp-content\\\/uploads\\\/2025\\\/12\\\/bxufklja8n0aode37jehrioqbyhpbyu1ej1zgc6y.png\",\"datePublished\":\"2025-12-08T15:08:41+00:00\",\"dateModified\":\"2026-04-23T20:33:12+00:00\",\"description\":\"LLLN3003: Luz suave e econ\u00f4mica com fotoc\u00e9lula, ideal para quartos infantis. Liga no escuro e desliga na luz. Simples de usar!\",\"breadcrumb\":{\"@id\":\"https:\\\/\\\/www.exatron.com.br\\\/produtos\\\/luminaria-led-noturno-balizador\\\/#breadcrumb\"},\"inLanguage\":\"es\",\"potentialAction\":[{\"@type\":\"ReadAction\",\"target\":[\"https:\\\/\\\/www.exatron.com.br\\\/produtos\\\/luminaria-led-noturno-balizador\\\/\"]}]},{\"@type\":\"ImageObject\",\"inLanguage\":\"es\",\"@id\":\"https:\\\/\\\/www.exatron.com.br\\\/produtos\\\/luminaria-led-noturno-balizador\\\/#primaryimage\",\"url\":\"https:\\\/\\\/www.exatron.com.br\\\/wp-content\\\/uploads\\\/2025\\\/12\\\/bxufklja8n0aode37jehrioqbyhpbyu1ej1zgc6y.png\",\"contentUrl\":\"https:\\\/\\\/www.exatron.com.br\\\/wp-content\\\/uploads\\\/2025\\\/12\\\/bxufklja8n0aode37jehrioqbyhpbyu1ej1zgc6y.png\",\"width\":368,\"height\":368,\"caption\":\"Deixe os ambientes da sua casa ou empresa iluminados com mais seguran\u00e7a e baixo consumo, com o LED Noturno Exatron (LLLN3003) que possui uma luz suave, proporcionando mais tranquilidade ao circular pela sua casa a noite.\"},{\"@type\":\"BreadcrumbList\",\"@id\":\"https:\\\/\\\/www.exatron.com.br\\\/produtos\\\/luminaria-led-noturno-balizador\\\/#breadcrumb\",\"itemListElement\":[{\"@type\":\"ListItem\",\"position\":1,\"name\":\"In\u00edcio\",\"item\":\"https:\\\/\\\/www.exatron.com.br\\\/\"},{\"@type\":\"ListItem\",\"position\":2,\"name\":\"Loja\",\"item\":\"https:\\\/\\\/www.exatron.com.br\\\/loja\\\/\"},{\"@type\":\"ListItem\",\"position\":3,\"name\":\"Lumin\u00e1ria LED Noturno &#8211; Balizador\"}]},{\"@type\":\"WebSite\",\"@id\":\"https:\\\/\\\/www.exatron.com.br\\\/#website\",\"url\":\"https:\\\/\\\/www.exatron.com.br\\\/\",\"name\":\"EXATRON\",\"description\":\"\",\"publisher\":{\"@id\":\"https:\\\/\\\/www.exatron.com.br\\\/#organization\"},\"potentialAction\":[{\"@type\":\"SearchAction\",\"target\":{\"@type\":\"EntryPoint\",\"urlTemplate\":\"https:\\\/\\\/www.exatron.com.br\\\/?s={search_term_string}\"},\"query-input\":{\"@type\":\"PropertyValueSpecification\",\"valueRequired\":true,\"valueName\":\"search_term_string\"}}],\"inLanguage\":\"es\"},{\"@type\":\"Organization\",\"@id\":\"https:\\\/\\\/www.exatron.com.br\\\/#organization\",\"name\":\"EXATRON\",\"url\":\"https:\\\/\\\/www.exatron.com.br\\\/\",\"logo\":{\"@type\":\"ImageObject\",\"inLanguage\":\"es\",\"@id\":\"https:\\\/\\\/www.exatron.com.br\\\/#\\\/schema\\\/logo\\\/image\\\/\",\"url\":\"https:\\\/\\\/www.exatron.com.br\\\/wp-content\\\/uploads\\\/2024\\\/11\\\/default-kit.png\",\"contentUrl\":\"https:\\\/\\\/www.exatron.com.br\\\/wp-content\\\/uploads\\\/2024\\\/11\\\/default-kit.png\",\"width\":956,\"height\":192,\"caption\":\"EXATRON\"},\"image\":{\"@id\":\"https:\\\/\\\/www.exatron.com.br\\\/#\\\/schema\\\/logo\\\/image\\\/\"}}]}<\/script>\n<!-- \/ Yoast SEO plugin. -->","yoast_head_json":{"title":"Lumin\u00e1ria LED Noturno - Balizador - EXATRON","description":"LLLN3003: Luz suave e econ\u00f4mica com fotoc\u00e9lula, ideal para quartos infantis. Liga no escuro e desliga na luz. Simples de usar!","robots":{"index":"index","follow":"follow","max-snippet":"max-snippet:-1","max-image-preview":"max-image-preview:large","max-video-preview":"max-video-preview:-1"},"canonical":"https:\/\/www.exatron.com.br\/es\/produtos\/luminaria-led-noturno-balizador\/","og_locale":"es_ES","og_type":"article","og_title":"Lumin\u00e1ria LED Noturno - Balizador - EXATRON","og_description":"LLLN3003: Luz suave e econ\u00f4mica com fotoc\u00e9lula, ideal para quartos infantis. Liga no escuro e desliga na luz. Simples de usar!","og_url":"https:\/\/www.exatron.com.br\/es\/produtos\/luminaria-led-noturno-balizador\/","og_site_name":"EXATRON","article_modified_time":"2026-04-23T20:33:12+00:00","og_image":[{"width":368,"height":368,"url":"https:\/\/www.exatron.com.br\/wp-content\/uploads\/2025\/12\/bxufklja8n0aode37jehrioqbyhpbyu1ej1zgc6y.png","type":"image\/png"}],"twitter_card":"summary_large_image","twitter_misc":{"Tiempo de lectura":"1 minuto"},"schema":{"@context":"https:\/\/schema.org","@graph":[{"@type":"WebPage","@id":"https:\/\/www.exatron.com.br\/produtos\/luminaria-led-noturno-balizador\/","url":"https:\/\/www.exatron.com.br\/produtos\/luminaria-led-noturno-balizador\/","name":"Lumin\u00e1ria LED Noturno - Balizador - EXATRON","isPartOf":{"@id":"https:\/\/www.exatron.com.br\/#website"},"primaryImageOfPage":{"@id":"https:\/\/www.exatron.com.br\/produtos\/luminaria-led-noturno-balizador\/#primaryimage"},"image":{"@id":"https:\/\/www.exatron.com.br\/produtos\/luminaria-led-noturno-balizador\/#primaryimage"},"thumbnailUrl":"https:\/\/www.exatron.com.br\/wp-content\/uploads\/2025\/12\/bxufklja8n0aode37jehrioqbyhpbyu1ej1zgc6y.png","datePublished":"2025-12-08T15:08:41+00:00","dateModified":"2026-04-23T20:33:12+00:00","description":"LLLN3003: Luz suave e econ\u00f4mica com fotoc\u00e9lula, ideal para quartos infantis. Liga no escuro e desliga na luz. Simples de usar!","breadcrumb":{"@id":"https:\/\/www.exatron.com.br\/produtos\/luminaria-led-noturno-balizador\/#breadcrumb"},"inLanguage":"es","potentialAction":[{"@type":"ReadAction","target":["https:\/\/www.exatron.com.br\/produtos\/luminaria-led-noturno-balizador\/"]}]},{"@type":"ImageObject","inLanguage":"es","@id":"https:\/\/www.exatron.com.br\/produtos\/luminaria-led-noturno-balizador\/#primaryimage","url":"https:\/\/www.exatron.com.br\/wp-content\/uploads\/2025\/12\/bxufklja8n0aode37jehrioqbyhpbyu1ej1zgc6y.png","contentUrl":"https:\/\/www.exatron.com.br\/wp-content\/uploads\/2025\/12\/bxufklja8n0aode37jehrioqbyhpbyu1ej1zgc6y.png","width":368,"height":368,"caption":"Deixe os ambientes da sua casa ou empresa iluminados com mais seguran\u00e7a e baixo consumo, com o LED Noturno Exatron (LLLN3003) que possui uma luz suave, proporcionando mais tranquilidade ao circular pela sua casa a noite."},{"@type":"BreadcrumbList","@id":"https:\/\/www.exatron.com.br\/produtos\/luminaria-led-noturno-balizador\/#breadcrumb","itemListElement":[{"@type":"ListItem","position":1,"name":"In\u00edcio","item":"https:\/\/www.exatron.com.br\/"},{"@type":"ListItem","position":2,"name":"Loja","item":"https:\/\/www.exatron.com.br\/loja\/"},{"@type":"ListItem","position":3,"name":"Lumin\u00e1ria LED Noturno &#8211; Balizador"}]},{"@type":"WebSite","@id":"https:\/\/www.exatron.com.br\/#website","url":"https:\/\/www.exatron.com.br\/","name":"EXATRON","description":"","publisher":{"@id":"https:\/\/www.exatron.com.br\/#organization"},"potentialAction":[{"@type":"SearchAction","target":{"@type":"EntryPoint","urlTemplate":"https:\/\/www.exatron.com.br\/?s={search_term_string}"},"query-input":{"@type":"PropertyValueSpecification","valueRequired":true,"valueName":"search_term_string"}}],"inLanguage":"es"},{"@type":"Organization","@id":"https:\/\/www.exatron.com.br\/#organization","name":"EXATRON","url":"https:\/\/www.exatron.com.br\/","logo":{"@type":"ImageObject","inLanguage":"es","@id":"https:\/\/www.exatron.com.br\/#\/schema\/logo\/image\/","url":"https:\/\/www.exatron.com.br\/wp-content\/uploads\/2024\/11\/default-kit.png","contentUrl":"https:\/\/www.exatron.com.br\/wp-content\/uploads\/2024\/11\/default-kit.png","width":956,"height":192,"caption":"EXATRON"},"image":{"@id":"https:\/\/www.exatron.com.br\/#\/schema\/logo\/image\/"}}]}},"_links":{"self":[{"href":"https:\/\/www.exatron.com.br\/es\/wp-json\/wp\/v2\/product\/10642","targetHints":{"allow":["GET"]}}],"collection":[{"href":"https:\/\/www.exatron.com.br\/es\/wp-json\/wp\/v2\/product"}],"about":[{"href":"https:\/\/www.exatron.com.br\/es\/wp-json\/wp\/v2\/types\/product"}],"replies":[{"embeddable":true,"href":"https:\/\/www.exatron.com.br\/es\/wp-json\/wp\/v2\/comments?post=10642"}],"wp:featuredmedia":[{"embeddable":true,"href":"https:\/\/www.exatron.com.br\/es\/wp-json\/wp\/v2\/media\/10080"}],"wp:attachment":[{"href":"https:\/\/www.exatron.com.br\/es\/wp-json\/wp\/v2\/media?parent=10642"}],"wp:term":[{"taxonomy":"aplicacao","embeddable":true,"href":"https:\/\/www.exatron.com.br\/es\/wp-json\/wp\/v2\/aplicacao?post=10642"},{"taxonomy":"product_brand","embeddable":true,"href":"https:\/\/www.exatron.com.br\/es\/wp-json\/wp\/v2\/product_brand?post=10642"},{"taxonomy":"product_cat","embeddable":true,"href":"https:\/\/www.exatron.com.br\/es\/wp-json\/wp\/v2\/product_cat?post=10642"},{"taxonomy":"product_tag","embeddable":true,"href":"https:\/\/www.exatron.com.br\/es\/wp-json\/wp\/v2\/product_tag?post=10642"}],"curies":[{"name":"wp","href":"https:\/\/api.w.org\/{rel}","templated":true}]}}