{"id":10656,"date":"2025-12-08T15:08:42","date_gmt":"2025-12-08T15:08:42","guid":{"rendered":""},"modified":"2026-02-26T14:29:24","modified_gmt":"2026-02-26T17:29:24","slug":"nova-luminaria-de-emergencia-30-led-s-de-alto-brilho","status":"publish","type":"product","link":"https:\/\/www.exatron.com.br\/es\/produtos\/nova-luminaria-de-emergencia-30-led-s-de-alto-brilho\/","title":{"rendered":"Nova Lumin\u00e1ria de Emerg\u00eancia 30 LED&#8217;s de alto brilho"},"content":{"rendered":"<h3>Especificaciones t\u00e9cnicas<\/h3>\n<p>C\u00f3digo do Item: LLEM3001<\/p>\n<p>30 LEDs de alto brilho<\/p>\n<p>Tens\u00e3o: 127-220 V~ 50\/60Hz &#8211; bivolt autom\u00e1tico<\/p>\n<p>Bateria: 3,7 V &#8211; 1000mAh Li-ion &#8211; Recarreg\u00e1vel<\/p>\n<p>Temperatura de cor: 6000 &#8211; 7000 K (branco frio)<\/p>\n<p>Fluxo luminoso nominal: at\u00e9 100 l\u00famens na posi\u00e7\u00e3o M\u00e1xima e at\u00e9 60 l\u00famens na posi\u00e7\u00e3o M\u00ednima.<\/p>\n<p>Tempo de carga: aproximadamente 48h<\/p>\n<p>Autonomia da bateria:<\/p>\n<p>&#8211; At\u00e9 3h intensidade m\u00e1xima<\/p>\n<p>&#8211; At\u00e9 6h intensidade m\u00ednima<\/p>\n<p>Consumo em stand by &lt;0,5 W<\/p>\n<p>Temperatura ambiente de opera\u00e7\u00e3o: 0\u00baC a 45\u00baC<\/p>\n<p>Prote\u00e7\u00e3o: IP20<\/p>\n<p>\u00c1rea de Cobertura: 25m\u00b2<\/p>\n<p>Exclusivo sistema de fixa\u00e7\u00e3o com parafusos n\u00e3o aparentes<\/p>\n<p>Pode ser instalada sem parafusos &#8211; suporte pelo plug da tomada.<\/p>\n<p>Exclusivo sistema de suporte retr\u00e1til \u2022 Bot\u00e3o de teste<\/p>\n<p>Acompanha parafusos e buchas.<\/p>\n<p>Liga automaticamente na falta de energia el\u00e9trica<\/p>\n<p>Compartimento para guardar o cabo para melhor manuseio<\/p>\n<p>Conformidade com a NBR 10898 e NBR 14136.<\/p>\n<p>Utilizar em ambientes internos ou externos (protegido de intemp\u00e9ries)<\/p>\n<p>Composi\u00e7\u00e3o: componentes pl\u00e1sticos, componentes eletr\u00f4nicos e ligas met\u00e1licas<\/p>\n<p>N\u00e3o armazene o produto por longos per\u00edodos de tempo fora da rede de alimenta\u00e7\u00e3o el\u00e9trica. Isto pode causar danos permanentes \u00e0 bateria e prejudicar o funcionamento do produto<\/p>\n<p>Dimens\u00f5es: 28 x 58 x 198 mm.<\/p>\n<p>Peso: 150g.<\/p>\n<p>Garantia: 1 ano<\/p>","protected":false},"excerpt":{"rendered":"<p>A Lumin\u00e1ria de Emerg\u00eancia 30 LED\u2019s pode ser usada como lumin\u00e1ria compacta e fixada no teto ou na parede.<\/p>","protected":false},"featured_media":10213,"comment_status":"open","ping_status":"closed","template":"","meta":{"_acf_changed":false,"_joinchat":[]},"aplicacao":[268],"product_brand":[],"product_cat":[334,317],"product_tag":[838,629,839,837],"class_list":{"0":"post-10656","1":"product","2":"type-product","3":"status-publish","4":"has-post-thumbnail","6":"aplicacao-iluminacao-de-emergencia","7":"product_cat-30-leds","8":"product_cat-luminarias-de-emergencia-led","9":"product_tag-30-leds","10":"product_tag-bivolt","11":"product_tag-branco-frio","12":"product_tag-luminaria-de-emergencia","14":"first","15":"venda_encerrada","16":"shipping-taxable","17":"product-type-simple"},"acf":[],"yoast_head":"<!-- This site is optimized with the Yoast SEO plugin v27.3 - https:\/\/yoast.com\/product\/yoast-seo-wordpress\/ -->\n<title>Nova Lumin\u00e1ria de Emerg\u00eancia 30 LED&#039;s de alto brilho - EXATRON<\/title>\n<meta name=\"description\" content=\"30 LEDs de alto brilho, Bivolt com temperatura de cor: 6000 - 7000 K (branco frio) e fluxo luminoso nominal: at\u00e9 100 l\u00famens.\" \/>\n<meta name=\"robots\" content=\"index, follow, max-snippet:-1, max-image-preview:large, max-video-preview:-1\" \/>\n<link rel=\"canonical\" href=\"https:\/\/www.exatron.com.br\/es\/produtos\/nova-luminaria-de-emergencia-30-led-s-de-alto-brilho\/\" \/>\n<meta property=\"og:locale\" content=\"es_ES\" \/>\n<meta property=\"og:type\" content=\"article\" \/>\n<meta property=\"og:title\" content=\"Nova Lumin\u00e1ria de Emerg\u00eancia 30 LED&#039;s de alto brilho - EXATRON\" \/>\n<meta property=\"og:description\" content=\"30 LEDs de alto brilho, Bivolt com temperatura de cor: 6000 - 7000 K (branco frio) e fluxo luminoso nominal: at\u00e9 100 l\u00famens.\" \/>\n<meta property=\"og:url\" content=\"https:\/\/www.exatron.com.br\/es\/produtos\/nova-luminaria-de-emergencia-30-led-s-de-alto-brilho\/\" \/>\n<meta property=\"og:site_name\" content=\"EXATRON\" \/>\n<meta property=\"article:modified_time\" content=\"2026-02-26T17:29:24+00:00\" \/>\n<meta property=\"og:image\" content=\"https:\/\/www.exatron.com.br\/wp-content\/uploads\/2025\/12\/iz5xt3ednvrivdwvvgp3zrndsxhjiwhgdystmvsv.png\" \/>\n\t<meta property=\"og:image:width\" content=\"300\" \/>\n\t<meta property=\"og:image:height\" content=\"300\" \/>\n\t<meta property=\"og:image:type\" content=\"image\/png\" \/>\n<meta name=\"twitter:card\" content=\"summary_large_image\" \/>\n<meta name=\"twitter:label1\" content=\"Tiempo de lectura\" \/>\n\t<meta name=\"twitter:data1\" content=\"2 minutos\" \/>\n<script type=\"application\/ld+json\" class=\"yoast-schema-graph\">{\"@context\":\"https:\\\/\\\/schema.org\",\"@graph\":[{\"@type\":\"WebPage\",\"@id\":\"https:\\\/\\\/www.exatron.com.br\\\/produtos\\\/nova-luminaria-de-emergencia-30-led-s-de-alto-brilho\\\/\",\"url\":\"https:\\\/\\\/www.exatron.com.br\\\/produtos\\\/nova-luminaria-de-emergencia-30-led-s-de-alto-brilho\\\/\",\"name\":\"Nova Lumin\u00e1ria de Emerg\u00eancia 30 LED's de alto brilho - EXATRON\",\"isPartOf\":{\"@id\":\"https:\\\/\\\/www.exatron.com.br\\\/#website\"},\"primaryImageOfPage\":{\"@id\":\"https:\\\/\\\/www.exatron.com.br\\\/produtos\\\/nova-luminaria-de-emergencia-30-led-s-de-alto-brilho\\\/#primaryimage\"},\"image\":{\"@id\":\"https:\\\/\\\/www.exatron.com.br\\\/produtos\\\/nova-luminaria-de-emergencia-30-led-s-de-alto-brilho\\\/#primaryimage\"},\"thumbnailUrl\":\"https:\\\/\\\/www.exatron.com.br\\\/wp-content\\\/uploads\\\/2025\\\/12\\\/iz5xt3ednvrivdwvvgp3zrndsxhjiwhgdystmvsv.png\",\"datePublished\":\"2025-12-08T15:08:42+00:00\",\"dateModified\":\"2026-02-26T17:29:24+00:00\",\"description\":\"30 LEDs de alto brilho, Bivolt com temperatura de cor: 6000 - 7000 K (branco frio) e fluxo luminoso nominal: at\u00e9 100 l\u00famens.\",\"breadcrumb\":{\"@id\":\"https:\\\/\\\/www.exatron.com.br\\\/produtos\\\/nova-luminaria-de-emergencia-30-led-s-de-alto-brilho\\\/#breadcrumb\"},\"inLanguage\":\"es\",\"potentialAction\":[{\"@type\":\"ReadAction\",\"target\":[\"https:\\\/\\\/www.exatron.com.br\\\/produtos\\\/nova-luminaria-de-emergencia-30-led-s-de-alto-brilho\\\/\"]}]},{\"@type\":\"ImageObject\",\"inLanguage\":\"es\",\"@id\":\"https:\\\/\\\/www.exatron.com.br\\\/produtos\\\/nova-luminaria-de-emergencia-30-led-s-de-alto-brilho\\\/#primaryimage\",\"url\":\"https:\\\/\\\/www.exatron.com.br\\\/wp-content\\\/uploads\\\/2025\\\/12\\\/iz5xt3ednvrivdwvvgp3zrndsxhjiwhgdystmvsv.png\",\"contentUrl\":\"https:\\\/\\\/www.exatron.com.br\\\/wp-content\\\/uploads\\\/2025\\\/12\\\/iz5xt3ednvrivdwvvgp3zrndsxhjiwhgdystmvsv.png\",\"width\":300,\"height\":300,\"caption\":\"Nova Lumin\u00e1ria de Emerg\u00eancia 30 LED's de alto brilho\"},{\"@type\":\"BreadcrumbList\",\"@id\":\"https:\\\/\\\/www.exatron.com.br\\\/produtos\\\/nova-luminaria-de-emergencia-30-led-s-de-alto-brilho\\\/#breadcrumb\",\"itemListElement\":[{\"@type\":\"ListItem\",\"position\":1,\"name\":\"In\u00edcio\",\"item\":\"https:\\\/\\\/www.exatron.com.br\\\/\"},{\"@type\":\"ListItem\",\"position\":2,\"name\":\"Loja\",\"item\":\"https:\\\/\\\/www.exatron.com.br\\\/loja\\\/\"},{\"@type\":\"ListItem\",\"position\":3,\"name\":\"Nova Lumin\u00e1ria de Emerg\u00eancia 30 LED&#8217;s de alto brilho\"}]},{\"@type\":\"WebSite\",\"@id\":\"https:\\\/\\\/www.exatron.com.br\\\/#website\",\"url\":\"https:\\\/\\\/www.exatron.com.br\\\/\",\"name\":\"EXATRON\",\"description\":\"\",\"publisher\":{\"@id\":\"https:\\\/\\\/www.exatron.com.br\\\/#organization\"},\"potentialAction\":[{\"@type\":\"SearchAction\",\"target\":{\"@type\":\"EntryPoint\",\"urlTemplate\":\"https:\\\/\\\/www.exatron.com.br\\\/?s={search_term_string}\"},\"query-input\":{\"@type\":\"PropertyValueSpecification\",\"valueRequired\":true,\"valueName\":\"search_term_string\"}}],\"inLanguage\":\"es\"},{\"@type\":\"Organization\",\"@id\":\"https:\\\/\\\/www.exatron.com.br\\\/#organization\",\"name\":\"EXATRON\",\"url\":\"https:\\\/\\\/www.exatron.com.br\\\/\",\"logo\":{\"@type\":\"ImageObject\",\"inLanguage\":\"es\",\"@id\":\"https:\\\/\\\/www.exatron.com.br\\\/#\\\/schema\\\/logo\\\/image\\\/\",\"url\":\"https:\\\/\\\/www.exatron.com.br\\\/wp-content\\\/uploads\\\/2024\\\/11\\\/default-kit.png\",\"contentUrl\":\"https:\\\/\\\/www.exatron.com.br\\\/wp-content\\\/uploads\\\/2024\\\/11\\\/default-kit.png\",\"width\":956,\"height\":192,\"caption\":\"EXATRON\"},\"image\":{\"@id\":\"https:\\\/\\\/www.exatron.com.br\\\/#\\\/schema\\\/logo\\\/image\\\/\"}}]}<\/script>\n<!-- \/ Yoast SEO plugin. -->","yoast_head_json":{"title":"Nova Lumin\u00e1ria de Emerg\u00eancia 30 LED's de alto brilho - EXATRON","description":"30 LEDs de alto brilho, Bivolt com temperatura de cor: 6000 - 7000 K (branco frio) e fluxo luminoso nominal: at\u00e9 100 l\u00famens.","robots":{"index":"index","follow":"follow","max-snippet":"max-snippet:-1","max-image-preview":"max-image-preview:large","max-video-preview":"max-video-preview:-1"},"canonical":"https:\/\/www.exatron.com.br\/es\/produtos\/nova-luminaria-de-emergencia-30-led-s-de-alto-brilho\/","og_locale":"es_ES","og_type":"article","og_title":"Nova Lumin\u00e1ria de Emerg\u00eancia 30 LED's de alto brilho - EXATRON","og_description":"30 LEDs de alto brilho, Bivolt com temperatura de cor: 6000 - 7000 K (branco frio) e fluxo luminoso nominal: at\u00e9 100 l\u00famens.","og_url":"https:\/\/www.exatron.com.br\/es\/produtos\/nova-luminaria-de-emergencia-30-led-s-de-alto-brilho\/","og_site_name":"EXATRON","article_modified_time":"2026-02-26T17:29:24+00:00","og_image":[{"width":300,"height":300,"url":"https:\/\/www.exatron.com.br\/wp-content\/uploads\/2025\/12\/iz5xt3ednvrivdwvvgp3zrndsxhjiwhgdystmvsv.png","type":"image\/png"}],"twitter_card":"summary_large_image","twitter_misc":{"Tiempo de lectura":"2 minutos"},"schema":{"@context":"https:\/\/schema.org","@graph":[{"@type":"WebPage","@id":"https:\/\/www.exatron.com.br\/produtos\/nova-luminaria-de-emergencia-30-led-s-de-alto-brilho\/","url":"https:\/\/www.exatron.com.br\/produtos\/nova-luminaria-de-emergencia-30-led-s-de-alto-brilho\/","name":"Nova Lumin\u00e1ria de Emerg\u00eancia 30 LED's de alto brilho - EXATRON","isPartOf":{"@id":"https:\/\/www.exatron.com.br\/#website"},"primaryImageOfPage":{"@id":"https:\/\/www.exatron.com.br\/produtos\/nova-luminaria-de-emergencia-30-led-s-de-alto-brilho\/#primaryimage"},"image":{"@id":"https:\/\/www.exatron.com.br\/produtos\/nova-luminaria-de-emergencia-30-led-s-de-alto-brilho\/#primaryimage"},"thumbnailUrl":"https:\/\/www.exatron.com.br\/wp-content\/uploads\/2025\/12\/iz5xt3ednvrivdwvvgp3zrndsxhjiwhgdystmvsv.png","datePublished":"2025-12-08T15:08:42+00:00","dateModified":"2026-02-26T17:29:24+00:00","description":"30 LEDs de alto brilho, Bivolt com temperatura de cor: 6000 - 7000 K (branco frio) e fluxo luminoso nominal: at\u00e9 100 l\u00famens.","breadcrumb":{"@id":"https:\/\/www.exatron.com.br\/produtos\/nova-luminaria-de-emergencia-30-led-s-de-alto-brilho\/#breadcrumb"},"inLanguage":"es","potentialAction":[{"@type":"ReadAction","target":["https:\/\/www.exatron.com.br\/produtos\/nova-luminaria-de-emergencia-30-led-s-de-alto-brilho\/"]}]},{"@type":"ImageObject","inLanguage":"es","@id":"https:\/\/www.exatron.com.br\/produtos\/nova-luminaria-de-emergencia-30-led-s-de-alto-brilho\/#primaryimage","url":"https:\/\/www.exatron.com.br\/wp-content\/uploads\/2025\/12\/iz5xt3ednvrivdwvvgp3zrndsxhjiwhgdystmvsv.png","contentUrl":"https:\/\/www.exatron.com.br\/wp-content\/uploads\/2025\/12\/iz5xt3ednvrivdwvvgp3zrndsxhjiwhgdystmvsv.png","width":300,"height":300,"caption":"Nova Lumin\u00e1ria de Emerg\u00eancia 30 LED's de alto brilho"},{"@type":"BreadcrumbList","@id":"https:\/\/www.exatron.com.br\/produtos\/nova-luminaria-de-emergencia-30-led-s-de-alto-brilho\/#breadcrumb","itemListElement":[{"@type":"ListItem","position":1,"name":"In\u00edcio","item":"https:\/\/www.exatron.com.br\/"},{"@type":"ListItem","position":2,"name":"Loja","item":"https:\/\/www.exatron.com.br\/loja\/"},{"@type":"ListItem","position":3,"name":"Nova Lumin\u00e1ria de Emerg\u00eancia 30 LED&#8217;s de alto brilho"}]},{"@type":"WebSite","@id":"https:\/\/www.exatron.com.br\/#website","url":"https:\/\/www.exatron.com.br\/","name":"EXATRON","description":"","publisher":{"@id":"https:\/\/www.exatron.com.br\/#organization"},"potentialAction":[{"@type":"SearchAction","target":{"@type":"EntryPoint","urlTemplate":"https:\/\/www.exatron.com.br\/?s={search_term_string}"},"query-input":{"@type":"PropertyValueSpecification","valueRequired":true,"valueName":"search_term_string"}}],"inLanguage":"es"},{"@type":"Organization","@id":"https:\/\/www.exatron.com.br\/#organization","name":"EXATRON","url":"https:\/\/www.exatron.com.br\/","logo":{"@type":"ImageObject","inLanguage":"es","@id":"https:\/\/www.exatron.com.br\/#\/schema\/logo\/image\/","url":"https:\/\/www.exatron.com.br\/wp-content\/uploads\/2024\/11\/default-kit.png","contentUrl":"https:\/\/www.exatron.com.br\/wp-content\/uploads\/2024\/11\/default-kit.png","width":956,"height":192,"caption":"EXATRON"},"image":{"@id":"https:\/\/www.exatron.com.br\/#\/schema\/logo\/image\/"}}]}},"_links":{"self":[{"href":"https:\/\/www.exatron.com.br\/es\/wp-json\/wp\/v2\/product\/10656","targetHints":{"allow":["GET"]}}],"collection":[{"href":"https:\/\/www.exatron.com.br\/es\/wp-json\/wp\/v2\/product"}],"about":[{"href":"https:\/\/www.exatron.com.br\/es\/wp-json\/wp\/v2\/types\/product"}],"replies":[{"embeddable":true,"href":"https:\/\/www.exatron.com.br\/es\/wp-json\/wp\/v2\/comments?post=10656"}],"wp:featuredmedia":[{"embeddable":true,"href":"https:\/\/www.exatron.com.br\/es\/wp-json\/wp\/v2\/media\/10213"}],"wp:attachment":[{"href":"https:\/\/www.exatron.com.br\/es\/wp-json\/wp\/v2\/media?parent=10656"}],"wp:term":[{"taxonomy":"aplicacao","embeddable":true,"href":"https:\/\/www.exatron.com.br\/es\/wp-json\/wp\/v2\/aplicacao?post=10656"},{"taxonomy":"product_brand","embeddable":true,"href":"https:\/\/www.exatron.com.br\/es\/wp-json\/wp\/v2\/product_brand?post=10656"},{"taxonomy":"product_cat","embeddable":true,"href":"https:\/\/www.exatron.com.br\/es\/wp-json\/wp\/v2\/product_cat?post=10656"},{"taxonomy":"product_tag","embeddable":true,"href":"https:\/\/www.exatron.com.br\/es\/wp-json\/wp\/v2\/product_tag?post=10656"}],"curies":[{"name":"wp","href":"https:\/\/api.w.org\/{rel}","templated":true}]}}