{"id":10679,"date":"2025-12-08T15:08:44","date_gmt":"2025-12-08T15:08:44","guid":{"rendered":""},"modified":"2026-04-23T17:04:40","modified_gmt":"2026-04-23T20:04:40","slug":"dispositivo-de-protecao-interruptor-diferencial-residual-4p-63a-30ma","status":"publish","type":"product","link":"https:\/\/www.exatron.com.br\/es\/produtos\/dispositivo-de-protecao-interruptor-diferencial-residual-4p-63a-30ma\/","title":{"rendered":"IDR &#8211; 4P, 63A, 30mA"},"content":{"rendered":"<h3>Especificaciones t\u00e9cnicas<\/h3>\n<ul>\n<li>N\u00famero polos: 4<\/li>\n<li>Temperatura opera\u00e7\u00e3o: 0 a +40\u00b0C<\/li>\n<li>Tens\u00e3o nominal Ue: 230V<\/li>\n<li>Isola\u00e7\u00e3o Ui: 500V<\/li>\n<li>Frequ\u00eancia opera\u00e7\u00e3o: 50\/60Hz<\/li>\n<li>Sensibilidade nominal IAn: 0,03A (30mA)<\/li>\n<li>M\u00e1xima corrente curto circuito Inc: 6kA<\/li>\n<li>Corrente m\u00e1xima opera\u00e7\u00e3o: 63A<\/li>\n<li>Tempo de desligamento: n &lt; 0,1s<\/li>\n<li>Impulso suport\u00e1vel (1,2\/50) Uimp: 6kV<\/li>\n<li>Tens\u00e3o diel\u00e9trica 60Hz (60s): 2,5kV<\/li>\n<li>Vida \u00fatil mec\u00e2nica\/el\u00e9trica: 2000 ciclos<\/li>\n<li>Grau de prote\u00e7\u00e3o: IP20<\/li>\n<li>Garantia: 1 ano.<\/li>\n<\/ul>\n<h3>Instalaci\u00f3n<\/h3>\n<ul>\n<li>Temperatura de armazenamento: -25~+70\u00baC<\/li>\n<li>Tipo de conex\u00e3o do terminal: Cabo &#8211; terminais U e pino<\/li>\n<li>Se\u00e7\u00e3o do cabo: 1,5~25mm\u00b2<\/li>\n<li>Torque aplicado no terminal (m\u00e1x.): 3.0N*m<\/li>\n<li>Instala\u00e7\u00e3o: Trilho DIN 35mm FN 60715<\/li>\n<li>Conex\u00e3o: Superior e inferior<\/li>\n<\/ul>\n<p>&nbsp;<\/p>\n<p><i>O produto LEDR4002 foi projetado para prote\u00e7\u00e3o contra correntes diferenciais maiores que 30mA, prevenindo choques el\u00e9tricos e\/ou fugas. A prote\u00e7\u00e3o completa do sistema el\u00e9trico \u00e9 garantida com o uso em conjunto a um disjuntor de sobrecorrente, que atuar\u00e1 na prote\u00e7\u00e3o de sobrecargas e curtos-circuitos. Consulte a linha de produtos Exatron para prote\u00e7\u00e3o el\u00e9trica e confira os dispositivos combinados com prote\u00e7\u00e3o DR (diferencial residual) e prote\u00e7\u00e3o de sobre carga.<\/i><\/p>","protected":false},"excerpt":{"rendered":"<p>Os interruptores Diferenciais Residuais (IDR) da Exatron tem como fun\u00e7\u00e3o principal a prote\u00e7\u00e3o dos usu\u00e1rios contra choques el\u00e9tricos, desligando automaticamente a energia el\u00e9trica ao detectar fuga de corrente. Possui sistema de controle com sensibilidade de detec\u00e7\u00e3o de 30mA diferencial de fuga para desarme.<\/p>","protected":false},"featured_media":10241,"comment_status":"open","ping_status":"closed","template":"","meta":{"_acf_changed":false,"_joinchat":[]},"aplicacao":[269],"product_brand":[],"product_cat":[991],"product_tag":[950,948,949],"class_list":{"0":"post-10679","1":"product","2":"type-product","3":"status-publish","4":"has-post-thumbnail","6":"aplicacao-seguranca-de-rede-eletrica-baixa-tensao","7":"product_cat-idr","8":"product_tag-dispositivo-interruptor-diferencial-residual","9":"product_tag-idr","10":"product_tag-interruptor-diferencial-residual","12":"first","13":"instock","14":"shipping-taxable","15":"purchasable","16":"product-type-simple"},"acf":[],"yoast_head":"<!-- This site is optimized with the Yoast SEO plugin v27.3 - https:\/\/yoast.com\/product\/yoast-seo-wordpress\/ -->\n<title>IDR - 4P, 63A, 30mA - EXATRON<\/title>\n<meta name=\"description\" content=\"IDR LEDR4002 Exatron: Prote\u00e7\u00e3o completa com 4 polos e suporte a 63A. Detecta fugas &gt;30mA, ideal para seguran\u00e7a el\u00e9trica trif\u00e1sica.\" \/>\n<meta name=\"robots\" content=\"index, follow, max-snippet:-1, max-image-preview:large, max-video-preview:-1\" \/>\n<link rel=\"canonical\" href=\"https:\/\/www.exatron.com.br\/es\/produtos\/dispositivo-de-protecao-interruptor-diferencial-residual-4p-63a-30ma\/\" \/>\n<meta property=\"og:locale\" content=\"es_ES\" \/>\n<meta property=\"og:type\" content=\"article\" \/>\n<meta property=\"og:title\" content=\"IDR - 4P, 63A, 30mA - EXATRON\" \/>\n<meta property=\"og:description\" content=\"IDR LEDR4002 Exatron: Prote\u00e7\u00e3o completa com 4 polos e suporte a 63A. Detecta fugas &gt;30mA, ideal para seguran\u00e7a el\u00e9trica trif\u00e1sica.\" \/>\n<meta property=\"og:url\" content=\"https:\/\/www.exatron.com.br\/es\/produtos\/dispositivo-de-protecao-interruptor-diferencial-residual-4p-63a-30ma\/\" \/>\n<meta property=\"og:site_name\" content=\"EXATRON\" \/>\n<meta property=\"article:modified_time\" content=\"2026-04-23T20:04:40+00:00\" \/>\n<meta property=\"og:image\" content=\"https:\/\/www.exatron.com.br\/wp-content\/uploads\/2025\/12\/eca0pcnpah177cnfefd9secrhlyoreybf12gd0qv.png\" \/>\n\t<meta property=\"og:image:width\" content=\"969\" \/>\n\t<meta property=\"og:image:height\" content=\"969\" \/>\n\t<meta property=\"og:image:type\" content=\"image\/png\" \/>\n<meta name=\"twitter:card\" content=\"summary_large_image\" \/>\n<meta name=\"twitter:label1\" content=\"Tiempo de lectura\" \/>\n\t<meta name=\"twitter:data1\" content=\"2 minutos\" \/>\n<script type=\"application\/ld+json\" class=\"yoast-schema-graph\">{\"@context\":\"https:\\\/\\\/schema.org\",\"@graph\":[{\"@type\":\"WebPage\",\"@id\":\"https:\\\/\\\/www.exatron.com.br\\\/produtos\\\/dispositivo-de-protecao-interruptor-diferencial-residual-4p-63a-30ma\\\/\",\"url\":\"https:\\\/\\\/www.exatron.com.br\\\/produtos\\\/dispositivo-de-protecao-interruptor-diferencial-residual-4p-63a-30ma\\\/\",\"name\":\"IDR - 4P, 63A, 30mA - EXATRON\",\"isPartOf\":{\"@id\":\"https:\\\/\\\/www.exatron.com.br\\\/#website\"},\"primaryImageOfPage\":{\"@id\":\"https:\\\/\\\/www.exatron.com.br\\\/produtos\\\/dispositivo-de-protecao-interruptor-diferencial-residual-4p-63a-30ma\\\/#primaryimage\"},\"image\":{\"@id\":\"https:\\\/\\\/www.exatron.com.br\\\/produtos\\\/dispositivo-de-protecao-interruptor-diferencial-residual-4p-63a-30ma\\\/#primaryimage\"},\"thumbnailUrl\":\"https:\\\/\\\/www.exatron.com.br\\\/wp-content\\\/uploads\\\/2025\\\/12\\\/eca0pcnpah177cnfefd9secrhlyoreybf12gd0qv.png\",\"datePublished\":\"2025-12-08T15:08:44+00:00\",\"dateModified\":\"2026-04-23T20:04:40+00:00\",\"description\":\"IDR LEDR4002 Exatron: Prote\u00e7\u00e3o completa com 4 polos e suporte a 63A. Detecta fugas >30mA, ideal para seguran\u00e7a el\u00e9trica trif\u00e1sica.\",\"breadcrumb\":{\"@id\":\"https:\\\/\\\/www.exatron.com.br\\\/produtos\\\/dispositivo-de-protecao-interruptor-diferencial-residual-4p-63a-30ma\\\/#breadcrumb\"},\"inLanguage\":\"es\",\"potentialAction\":[{\"@type\":\"ReadAction\",\"target\":[\"https:\\\/\\\/www.exatron.com.br\\\/produtos\\\/dispositivo-de-protecao-interruptor-diferencial-residual-4p-63a-30ma\\\/\"]}]},{\"@type\":\"ImageObject\",\"inLanguage\":\"es\",\"@id\":\"https:\\\/\\\/www.exatron.com.br\\\/produtos\\\/dispositivo-de-protecao-interruptor-diferencial-residual-4p-63a-30ma\\\/#primaryimage\",\"url\":\"https:\\\/\\\/www.exatron.com.br\\\/wp-content\\\/uploads\\\/2025\\\/12\\\/eca0pcnpah177cnfefd9secrhlyoreybf12gd0qv.png\",\"contentUrl\":\"https:\\\/\\\/www.exatron.com.br\\\/wp-content\\\/uploads\\\/2025\\\/12\\\/eca0pcnpah177cnfefd9secrhlyoreybf12gd0qv.png\",\"width\":969,\"height\":969,\"caption\":\"Os interruptores Diferenciais Residuais (IDR) da Exatron tem como fun\u00e7\u00e3o principal a prote\u00e7\u00e3o dos usu\u00e1rios contra choques el\u00e9tricos, desligando automaticamente a energia el\u00e9trica ao detectar fuga de corrente.\"},{\"@type\":\"BreadcrumbList\",\"@id\":\"https:\\\/\\\/www.exatron.com.br\\\/produtos\\\/dispositivo-de-protecao-interruptor-diferencial-residual-4p-63a-30ma\\\/#breadcrumb\",\"itemListElement\":[{\"@type\":\"ListItem\",\"position\":1,\"name\":\"In\u00edcio\",\"item\":\"https:\\\/\\\/www.exatron.com.br\\\/\"},{\"@type\":\"ListItem\",\"position\":2,\"name\":\"Loja\",\"item\":\"https:\\\/\\\/www.exatron.com.br\\\/loja\\\/\"},{\"@type\":\"ListItem\",\"position\":3,\"name\":\"IDR &#8211; 4P, 63A, 30mA\"}]},{\"@type\":\"WebSite\",\"@id\":\"https:\\\/\\\/www.exatron.com.br\\\/#website\",\"url\":\"https:\\\/\\\/www.exatron.com.br\\\/\",\"name\":\"EXATRON\",\"description\":\"\",\"publisher\":{\"@id\":\"https:\\\/\\\/www.exatron.com.br\\\/#organization\"},\"potentialAction\":[{\"@type\":\"SearchAction\",\"target\":{\"@type\":\"EntryPoint\",\"urlTemplate\":\"https:\\\/\\\/www.exatron.com.br\\\/?s={search_term_string}\"},\"query-input\":{\"@type\":\"PropertyValueSpecification\",\"valueRequired\":true,\"valueName\":\"search_term_string\"}}],\"inLanguage\":\"es\"},{\"@type\":\"Organization\",\"@id\":\"https:\\\/\\\/www.exatron.com.br\\\/#organization\",\"name\":\"EXATRON\",\"url\":\"https:\\\/\\\/www.exatron.com.br\\\/\",\"logo\":{\"@type\":\"ImageObject\",\"inLanguage\":\"es\",\"@id\":\"https:\\\/\\\/www.exatron.com.br\\\/#\\\/schema\\\/logo\\\/image\\\/\",\"url\":\"https:\\\/\\\/www.exatron.com.br\\\/wp-content\\\/uploads\\\/2024\\\/11\\\/default-kit.png\",\"contentUrl\":\"https:\\\/\\\/www.exatron.com.br\\\/wp-content\\\/uploads\\\/2024\\\/11\\\/default-kit.png\",\"width\":956,\"height\":192,\"caption\":\"EXATRON\"},\"image\":{\"@id\":\"https:\\\/\\\/www.exatron.com.br\\\/#\\\/schema\\\/logo\\\/image\\\/\"}}]}<\/script>\n<!-- \/ Yoast SEO plugin. -->","yoast_head_json":{"title":"IDR - 4P, 63A, 30mA - EXATRON","description":"IDR LEDR4002 Exatron: Prote\u00e7\u00e3o completa com 4 polos e suporte a 63A. Detecta fugas >30mA, ideal para seguran\u00e7a el\u00e9trica trif\u00e1sica.","robots":{"index":"index","follow":"follow","max-snippet":"max-snippet:-1","max-image-preview":"max-image-preview:large","max-video-preview":"max-video-preview:-1"},"canonical":"https:\/\/www.exatron.com.br\/es\/produtos\/dispositivo-de-protecao-interruptor-diferencial-residual-4p-63a-30ma\/","og_locale":"es_ES","og_type":"article","og_title":"IDR - 4P, 63A, 30mA - EXATRON","og_description":"IDR LEDR4002 Exatron: Prote\u00e7\u00e3o completa com 4 polos e suporte a 63A. Detecta fugas >30mA, ideal para seguran\u00e7a el\u00e9trica trif\u00e1sica.","og_url":"https:\/\/www.exatron.com.br\/es\/produtos\/dispositivo-de-protecao-interruptor-diferencial-residual-4p-63a-30ma\/","og_site_name":"EXATRON","article_modified_time":"2026-04-23T20:04:40+00:00","og_image":[{"width":969,"height":969,"url":"https:\/\/www.exatron.com.br\/wp-content\/uploads\/2025\/12\/eca0pcnpah177cnfefd9secrhlyoreybf12gd0qv.png","type":"image\/png"}],"twitter_card":"summary_large_image","twitter_misc":{"Tiempo de lectura":"2 minutos"},"schema":{"@context":"https:\/\/schema.org","@graph":[{"@type":"WebPage","@id":"https:\/\/www.exatron.com.br\/produtos\/dispositivo-de-protecao-interruptor-diferencial-residual-4p-63a-30ma\/","url":"https:\/\/www.exatron.com.br\/produtos\/dispositivo-de-protecao-interruptor-diferencial-residual-4p-63a-30ma\/","name":"IDR - 4P, 63A, 30mA - EXATRON","isPartOf":{"@id":"https:\/\/www.exatron.com.br\/#website"},"primaryImageOfPage":{"@id":"https:\/\/www.exatron.com.br\/produtos\/dispositivo-de-protecao-interruptor-diferencial-residual-4p-63a-30ma\/#primaryimage"},"image":{"@id":"https:\/\/www.exatron.com.br\/produtos\/dispositivo-de-protecao-interruptor-diferencial-residual-4p-63a-30ma\/#primaryimage"},"thumbnailUrl":"https:\/\/www.exatron.com.br\/wp-content\/uploads\/2025\/12\/eca0pcnpah177cnfefd9secrhlyoreybf12gd0qv.png","datePublished":"2025-12-08T15:08:44+00:00","dateModified":"2026-04-23T20:04:40+00:00","description":"IDR LEDR4002 Exatron: Prote\u00e7\u00e3o completa com 4 polos e suporte a 63A. Detecta fugas >30mA, ideal para seguran\u00e7a el\u00e9trica trif\u00e1sica.","breadcrumb":{"@id":"https:\/\/www.exatron.com.br\/produtos\/dispositivo-de-protecao-interruptor-diferencial-residual-4p-63a-30ma\/#breadcrumb"},"inLanguage":"es","potentialAction":[{"@type":"ReadAction","target":["https:\/\/www.exatron.com.br\/produtos\/dispositivo-de-protecao-interruptor-diferencial-residual-4p-63a-30ma\/"]}]},{"@type":"ImageObject","inLanguage":"es","@id":"https:\/\/www.exatron.com.br\/produtos\/dispositivo-de-protecao-interruptor-diferencial-residual-4p-63a-30ma\/#primaryimage","url":"https:\/\/www.exatron.com.br\/wp-content\/uploads\/2025\/12\/eca0pcnpah177cnfefd9secrhlyoreybf12gd0qv.png","contentUrl":"https:\/\/www.exatron.com.br\/wp-content\/uploads\/2025\/12\/eca0pcnpah177cnfefd9secrhlyoreybf12gd0qv.png","width":969,"height":969,"caption":"Os interruptores Diferenciais Residuais (IDR) da Exatron tem como fun\u00e7\u00e3o principal a prote\u00e7\u00e3o dos usu\u00e1rios contra choques el\u00e9tricos, desligando automaticamente a energia el\u00e9trica ao detectar fuga de corrente."},{"@type":"BreadcrumbList","@id":"https:\/\/www.exatron.com.br\/produtos\/dispositivo-de-protecao-interruptor-diferencial-residual-4p-63a-30ma\/#breadcrumb","itemListElement":[{"@type":"ListItem","position":1,"name":"In\u00edcio","item":"https:\/\/www.exatron.com.br\/"},{"@type":"ListItem","position":2,"name":"Loja","item":"https:\/\/www.exatron.com.br\/loja\/"},{"@type":"ListItem","position":3,"name":"IDR &#8211; 4P, 63A, 30mA"}]},{"@type":"WebSite","@id":"https:\/\/www.exatron.com.br\/#website","url":"https:\/\/www.exatron.com.br\/","name":"EXATRON","description":"","publisher":{"@id":"https:\/\/www.exatron.com.br\/#organization"},"potentialAction":[{"@type":"SearchAction","target":{"@type":"EntryPoint","urlTemplate":"https:\/\/www.exatron.com.br\/?s={search_term_string}"},"query-input":{"@type":"PropertyValueSpecification","valueRequired":true,"valueName":"search_term_string"}}],"inLanguage":"es"},{"@type":"Organization","@id":"https:\/\/www.exatron.com.br\/#organization","name":"EXATRON","url":"https:\/\/www.exatron.com.br\/","logo":{"@type":"ImageObject","inLanguage":"es","@id":"https:\/\/www.exatron.com.br\/#\/schema\/logo\/image\/","url":"https:\/\/www.exatron.com.br\/wp-content\/uploads\/2024\/11\/default-kit.png","contentUrl":"https:\/\/www.exatron.com.br\/wp-content\/uploads\/2024\/11\/default-kit.png","width":956,"height":192,"caption":"EXATRON"},"image":{"@id":"https:\/\/www.exatron.com.br\/#\/schema\/logo\/image\/"}}]}},"_links":{"self":[{"href":"https:\/\/www.exatron.com.br\/es\/wp-json\/wp\/v2\/product\/10679","targetHints":{"allow":["GET"]}}],"collection":[{"href":"https:\/\/www.exatron.com.br\/es\/wp-json\/wp\/v2\/product"}],"about":[{"href":"https:\/\/www.exatron.com.br\/es\/wp-json\/wp\/v2\/types\/product"}],"replies":[{"embeddable":true,"href":"https:\/\/www.exatron.com.br\/es\/wp-json\/wp\/v2\/comments?post=10679"}],"wp:featuredmedia":[{"embeddable":true,"href":"https:\/\/www.exatron.com.br\/es\/wp-json\/wp\/v2\/media\/10241"}],"wp:attachment":[{"href":"https:\/\/www.exatron.com.br\/es\/wp-json\/wp\/v2\/media?parent=10679"}],"wp:term":[{"taxonomy":"aplicacao","embeddable":true,"href":"https:\/\/www.exatron.com.br\/es\/wp-json\/wp\/v2\/aplicacao?post=10679"},{"taxonomy":"product_brand","embeddable":true,"href":"https:\/\/www.exatron.com.br\/es\/wp-json\/wp\/v2\/product_brand?post=10679"},{"taxonomy":"product_cat","embeddable":true,"href":"https:\/\/www.exatron.com.br\/es\/wp-json\/wp\/v2\/product_cat?post=10679"},{"taxonomy":"product_tag","embeddable":true,"href":"https:\/\/www.exatron.com.br\/es\/wp-json\/wp\/v2\/product_tag?post=10679"}],"curies":[{"name":"wp","href":"https:\/\/api.w.org\/{rel}","templated":true}]}}