{"id":10685,"date":"2025-12-08T15:08:45","date_gmt":"2025-12-08T15:08:45","guid":{"rendered":""},"modified":"2026-04-29T13:23:54","modified_gmt":"2026-04-29T16:23:54","slug":"plafon-e27-com-soquete-engate-rapido-100w","status":"publish","type":"product","link":"https:\/\/www.exatron.com.br\/es\/produtos\/plafon-e27-com-soquete-engate-rapido-100w\/","title":{"rendered":"Plafon E27 com soquete engate r\u00e1pido 100W"},"content":{"rendered":"<h3>Especificaciones t\u00e9cnicas<\/h3>\n<ul>\n<li>Tens\u00e3o de alimenta\u00e7\u00e3o: 100-240V ~50\/60Hz;<\/li>\n<li>Padr\u00e3o da rosca: E27;<\/li>\n<li>Pot\u00eancia de comando: L\u00e2mpadas incandescentes at\u00e9 60 Watts | L\u00e2mpadas LED at\u00e9 100 Watts;<\/li>\n<li>Materiais: Corpo em nylon (PA6.0), acabamento em Polipropileno (PP) e terminais de lat\u00e3o;<\/li>\n<li>Uso interno;<\/li>\n<li>Dimens\u00f5es (mm<strong>)<\/strong>: Di\u00e2metro: 146mm | Altura: 44,5mm;<\/li>\n<li>Fura\u00e7\u00e3o de fixa\u00e7\u00e3o padr\u00e3o das caixas 4&#215;2, 4&#215;4 e oitavadas (padr\u00e3o NBR5431);<\/li>\n<li>Acompanha parafusos de fixa\u00e7\u00e3o;<\/li>\n<li>Dispon\u00edvel nas cores branco e preto;<\/li>\n<li>Pode ser instalado em forros de madeira, PVC ou alvenaria;<\/li>\n<li>Recomenda\u00e7\u00e3o de seguran\u00e7a: sempre ser feita por profissional habilitado e com a rede el\u00e9trica desligada;<\/li>\n<li>Garantia: 5 anos.<\/li>\n<\/ul>\n<h3>Instalaci\u00f3n<\/h3>\n<ul>\n<li>Liga\u00e7\u00e3o dos fios nos bornes L\/F (fase) e N (neutro);<\/li>\n<li>Fazer o decape do fio com 12mm;<\/li>\n<li>Parafusar o corpo da rosca E27 na superf\u00edcie e logo em seguida encaixar o aro de acabamento at\u00e9 encostar na superf\u00edcie de instala\u00e7\u00e3o.<\/li>\n<\/ul>","protected":false},"excerpt":{"rendered":"<p>O Plafon E27 \u00e9 destinado para a aplica\u00e7\u00e3o em l\u00e2mpadas com rosca do tipo E27, com potencias de at\u00e9 100W. Possui um design slim e moderno, que possibilita sua aplica\u00e7\u00e3o em diversos ambientes internos e externos. Conta com um arrojado sistema de fixa\u00e7\u00e3o capaz de ser acoplado a qualquer tipo de superf\u00edcie irregular ou lisa, tamb\u00e9m possui com aro de acabamento externo e ajust\u00e1vel, que possibilita uma r\u00e1pida instala\u00e7\u00e3o e acabamento.<\/p>\n<p>O sistema de fixa\u00e7\u00e3o dos condutores el\u00e9tricos (fios) \u00e9 feito de forma r\u00e1pida e sem a necessidade de ferramentas, o Plafon conta com terminais do tipo engate r\u00e1pido de alta resist\u00eancia mec\u00e2nica, que mant\u00e9m os fios fixos e sem risco de mal contato.<\/p>","protected":false},"featured_media":10110,"comment_status":"open","ping_status":"closed","template":"","meta":{"_acf_changed":false,"_joinchat":[]},"aplicacao":[],"product_brand":[],"product_cat":[325,1045],"product_tag":[1004,1052],"class_list":{"0":"post-10685","1":"product","2":"type-product","3":"status-publish","4":"has-post-thumbnail","6":"product_cat-linha-eletrica","7":"product_cat-plafon","8":"product_tag-linha-eletrica","9":"product_tag-plafon","11":"first","12":"instock","13":"shipping-taxable","14":"purchasable","15":"product-type-variable","16":"has-default-attributes"},"acf":[],"yoast_head":"<!-- This site is optimized with the Yoast SEO plugin v27.3 - https:\/\/yoast.com\/product\/yoast-seo-wordpress\/ -->\n<title>Plafon E27 com soquete engate r\u00e1pido 100W - EXATRON<\/title>\n<meta name=\"description\" content=\"Plafon E27 com soquete engate r\u00e1pido (LESU4401): Slim, f\u00e1cil de instalar, suporta at\u00e9 100W. Ideal para ambientes internos e externos.\" \/>\n<meta name=\"robots\" content=\"index, follow, max-snippet:-1, max-image-preview:large, max-video-preview:-1\" \/>\n<link rel=\"canonical\" href=\"https:\/\/www.exatron.com.br\/es\/produtos\/plafon-e27-com-soquete-engate-rapido-100w\/\" \/>\n<meta property=\"og:locale\" content=\"es_ES\" \/>\n<meta property=\"og:type\" content=\"article\" \/>\n<meta property=\"og:title\" content=\"Plafon E27 com soquete engate r\u00e1pido 100W - EXATRON\" \/>\n<meta property=\"og:description\" content=\"Plafon E27 com soquete engate r\u00e1pido (LESU4401): Slim, f\u00e1cil de instalar, suporta at\u00e9 100W. Ideal para ambientes internos e externos.\" \/>\n<meta property=\"og:url\" content=\"https:\/\/www.exatron.com.br\/es\/produtos\/plafon-e27-com-soquete-engate-rapido-100w\/\" \/>\n<meta property=\"og:site_name\" content=\"EXATRON\" \/>\n<meta property=\"article:modified_time\" content=\"2026-04-29T16:23:54+00:00\" \/>\n<meta property=\"og:image\" content=\"https:\/\/www.exatron.com.br\/wp-content\/uploads\/2025\/12\/13085920230630649efe1b99f72.png\" \/>\n\t<meta property=\"og:image:width\" content=\"2160\" \/>\n\t<meta property=\"og:image:height\" content=\"2160\" \/>\n\t<meta property=\"og:image:type\" content=\"image\/png\" \/>\n<meta name=\"twitter:card\" content=\"summary_large_image\" \/>\n<meta name=\"twitter:label1\" content=\"Tiempo de lectura\" \/>\n\t<meta name=\"twitter:data1\" content=\"1 minuto\" \/>\n<script type=\"application\/ld+json\" class=\"yoast-schema-graph\">{\"@context\":\"https:\\\/\\\/schema.org\",\"@graph\":[{\"@type\":\"WebPage\",\"@id\":\"https:\\\/\\\/www.exatron.com.br\\\/produtos\\\/plafon-e27-com-soquete-engate-rapido-100w\\\/\",\"url\":\"https:\\\/\\\/www.exatron.com.br\\\/produtos\\\/plafon-e27-com-soquete-engate-rapido-100w\\\/\",\"name\":\"Plafon E27 com soquete engate r\u00e1pido 100W - EXATRON\",\"isPartOf\":{\"@id\":\"https:\\\/\\\/www.exatron.com.br\\\/#website\"},\"primaryImageOfPage\":{\"@id\":\"https:\\\/\\\/www.exatron.com.br\\\/produtos\\\/plafon-e27-com-soquete-engate-rapido-100w\\\/#primaryimage\"},\"image\":{\"@id\":\"https:\\\/\\\/www.exatron.com.br\\\/produtos\\\/plafon-e27-com-soquete-engate-rapido-100w\\\/#primaryimage\"},\"thumbnailUrl\":\"https:\\\/\\\/www.exatron.com.br\\\/wp-content\\\/uploads\\\/2025\\\/12\\\/13085920230630649efe1b99f72.png\",\"datePublished\":\"2025-12-08T15:08:45+00:00\",\"dateModified\":\"2026-04-29T16:23:54+00:00\",\"description\":\"Plafon E27 com soquete engate r\u00e1pido (LESU4401): Slim, f\u00e1cil de instalar, suporta at\u00e9 100W. Ideal para ambientes internos e externos.\",\"breadcrumb\":{\"@id\":\"https:\\\/\\\/www.exatron.com.br\\\/produtos\\\/plafon-e27-com-soquete-engate-rapido-100w\\\/#breadcrumb\"},\"inLanguage\":\"es\",\"potentialAction\":[{\"@type\":\"ReadAction\",\"target\":[\"https:\\\/\\\/www.exatron.com.br\\\/produtos\\\/plafon-e27-com-soquete-engate-rapido-100w\\\/\"]}]},{\"@type\":\"ImageObject\",\"inLanguage\":\"es\",\"@id\":\"https:\\\/\\\/www.exatron.com.br\\\/produtos\\\/plafon-e27-com-soquete-engate-rapido-100w\\\/#primaryimage\",\"url\":\"https:\\\/\\\/www.exatron.com.br\\\/wp-content\\\/uploads\\\/2025\\\/12\\\/13085920230630649efe1b99f72.png\",\"contentUrl\":\"https:\\\/\\\/www.exatron.com.br\\\/wp-content\\\/uploads\\\/2025\\\/12\\\/13085920230630649efe1b99f72.png\",\"width\":2160,\"height\":2160,\"caption\":\"13085920230630649efe1b99f72\"},{\"@type\":\"BreadcrumbList\",\"@id\":\"https:\\\/\\\/www.exatron.com.br\\\/produtos\\\/plafon-e27-com-soquete-engate-rapido-100w\\\/#breadcrumb\",\"itemListElement\":[{\"@type\":\"ListItem\",\"position\":1,\"name\":\"In\u00edcio\",\"item\":\"https:\\\/\\\/www.exatron.com.br\\\/\"},{\"@type\":\"ListItem\",\"position\":2,\"name\":\"Loja\",\"item\":\"https:\\\/\\\/www.exatron.com.br\\\/loja\\\/\"},{\"@type\":\"ListItem\",\"position\":3,\"name\":\"Plafon E27 com soquete engate r\u00e1pido 100W\"}]},{\"@type\":\"WebSite\",\"@id\":\"https:\\\/\\\/www.exatron.com.br\\\/#website\",\"url\":\"https:\\\/\\\/www.exatron.com.br\\\/\",\"name\":\"EXATRON\",\"description\":\"\",\"publisher\":{\"@id\":\"https:\\\/\\\/www.exatron.com.br\\\/#organization\"},\"potentialAction\":[{\"@type\":\"SearchAction\",\"target\":{\"@type\":\"EntryPoint\",\"urlTemplate\":\"https:\\\/\\\/www.exatron.com.br\\\/?s={search_term_string}\"},\"query-input\":{\"@type\":\"PropertyValueSpecification\",\"valueRequired\":true,\"valueName\":\"search_term_string\"}}],\"inLanguage\":\"es\"},{\"@type\":\"Organization\",\"@id\":\"https:\\\/\\\/www.exatron.com.br\\\/#organization\",\"name\":\"EXATRON\",\"url\":\"https:\\\/\\\/www.exatron.com.br\\\/\",\"logo\":{\"@type\":\"ImageObject\",\"inLanguage\":\"es\",\"@id\":\"https:\\\/\\\/www.exatron.com.br\\\/#\\\/schema\\\/logo\\\/image\\\/\",\"url\":\"https:\\\/\\\/www.exatron.com.br\\\/wp-content\\\/uploads\\\/2024\\\/11\\\/default-kit.png\",\"contentUrl\":\"https:\\\/\\\/www.exatron.com.br\\\/wp-content\\\/uploads\\\/2024\\\/11\\\/default-kit.png\",\"width\":956,\"height\":192,\"caption\":\"EXATRON\"},\"image\":{\"@id\":\"https:\\\/\\\/www.exatron.com.br\\\/#\\\/schema\\\/logo\\\/image\\\/\"}}]}<\/script>\n<!-- \/ Yoast SEO plugin. -->","yoast_head_json":{"title":"Plafon E27 com soquete engate r\u00e1pido 100W - EXATRON","description":"Plafon E27 com soquete engate r\u00e1pido (LESU4401): Slim, f\u00e1cil de instalar, suporta at\u00e9 100W. Ideal para ambientes internos e externos.","robots":{"index":"index","follow":"follow","max-snippet":"max-snippet:-1","max-image-preview":"max-image-preview:large","max-video-preview":"max-video-preview:-1"},"canonical":"https:\/\/www.exatron.com.br\/es\/produtos\/plafon-e27-com-soquete-engate-rapido-100w\/","og_locale":"es_ES","og_type":"article","og_title":"Plafon E27 com soquete engate r\u00e1pido 100W - EXATRON","og_description":"Plafon E27 com soquete engate r\u00e1pido (LESU4401): Slim, f\u00e1cil de instalar, suporta at\u00e9 100W. Ideal para ambientes internos e externos.","og_url":"https:\/\/www.exatron.com.br\/es\/produtos\/plafon-e27-com-soquete-engate-rapido-100w\/","og_site_name":"EXATRON","article_modified_time":"2026-04-29T16:23:54+00:00","og_image":[{"width":2160,"height":2160,"url":"https:\/\/www.exatron.com.br\/wp-content\/uploads\/2025\/12\/13085920230630649efe1b99f72.png","type":"image\/png"}],"twitter_card":"summary_large_image","twitter_misc":{"Tiempo de lectura":"1 minuto"},"schema":{"@context":"https:\/\/schema.org","@graph":[{"@type":"WebPage","@id":"https:\/\/www.exatron.com.br\/produtos\/plafon-e27-com-soquete-engate-rapido-100w\/","url":"https:\/\/www.exatron.com.br\/produtos\/plafon-e27-com-soquete-engate-rapido-100w\/","name":"Plafon E27 com soquete engate r\u00e1pido 100W - EXATRON","isPartOf":{"@id":"https:\/\/www.exatron.com.br\/#website"},"primaryImageOfPage":{"@id":"https:\/\/www.exatron.com.br\/produtos\/plafon-e27-com-soquete-engate-rapido-100w\/#primaryimage"},"image":{"@id":"https:\/\/www.exatron.com.br\/produtos\/plafon-e27-com-soquete-engate-rapido-100w\/#primaryimage"},"thumbnailUrl":"https:\/\/www.exatron.com.br\/wp-content\/uploads\/2025\/12\/13085920230630649efe1b99f72.png","datePublished":"2025-12-08T15:08:45+00:00","dateModified":"2026-04-29T16:23:54+00:00","description":"Plafon E27 com soquete engate r\u00e1pido (LESU4401): Slim, f\u00e1cil de instalar, suporta at\u00e9 100W. Ideal para ambientes internos e externos.","breadcrumb":{"@id":"https:\/\/www.exatron.com.br\/produtos\/plafon-e27-com-soquete-engate-rapido-100w\/#breadcrumb"},"inLanguage":"es","potentialAction":[{"@type":"ReadAction","target":["https:\/\/www.exatron.com.br\/produtos\/plafon-e27-com-soquete-engate-rapido-100w\/"]}]},{"@type":"ImageObject","inLanguage":"es","@id":"https:\/\/www.exatron.com.br\/produtos\/plafon-e27-com-soquete-engate-rapido-100w\/#primaryimage","url":"https:\/\/www.exatron.com.br\/wp-content\/uploads\/2025\/12\/13085920230630649efe1b99f72.png","contentUrl":"https:\/\/www.exatron.com.br\/wp-content\/uploads\/2025\/12\/13085920230630649efe1b99f72.png","width":2160,"height":2160,"caption":"13085920230630649efe1b99f72"},{"@type":"BreadcrumbList","@id":"https:\/\/www.exatron.com.br\/produtos\/plafon-e27-com-soquete-engate-rapido-100w\/#breadcrumb","itemListElement":[{"@type":"ListItem","position":1,"name":"In\u00edcio","item":"https:\/\/www.exatron.com.br\/"},{"@type":"ListItem","position":2,"name":"Loja","item":"https:\/\/www.exatron.com.br\/loja\/"},{"@type":"ListItem","position":3,"name":"Plafon E27 com soquete engate r\u00e1pido 100W"}]},{"@type":"WebSite","@id":"https:\/\/www.exatron.com.br\/#website","url":"https:\/\/www.exatron.com.br\/","name":"EXATRON","description":"","publisher":{"@id":"https:\/\/www.exatron.com.br\/#organization"},"potentialAction":[{"@type":"SearchAction","target":{"@type":"EntryPoint","urlTemplate":"https:\/\/www.exatron.com.br\/?s={search_term_string}"},"query-input":{"@type":"PropertyValueSpecification","valueRequired":true,"valueName":"search_term_string"}}],"inLanguage":"es"},{"@type":"Organization","@id":"https:\/\/www.exatron.com.br\/#organization","name":"EXATRON","url":"https:\/\/www.exatron.com.br\/","logo":{"@type":"ImageObject","inLanguage":"es","@id":"https:\/\/www.exatron.com.br\/#\/schema\/logo\/image\/","url":"https:\/\/www.exatron.com.br\/wp-content\/uploads\/2024\/11\/default-kit.png","contentUrl":"https:\/\/www.exatron.com.br\/wp-content\/uploads\/2024\/11\/default-kit.png","width":956,"height":192,"caption":"EXATRON"},"image":{"@id":"https:\/\/www.exatron.com.br\/#\/schema\/logo\/image\/"}}]}},"_links":{"self":[{"href":"https:\/\/www.exatron.com.br\/es\/wp-json\/wp\/v2\/product\/10685","targetHints":{"allow":["GET"]}}],"collection":[{"href":"https:\/\/www.exatron.com.br\/es\/wp-json\/wp\/v2\/product"}],"about":[{"href":"https:\/\/www.exatron.com.br\/es\/wp-json\/wp\/v2\/types\/product"}],"replies":[{"embeddable":true,"href":"https:\/\/www.exatron.com.br\/es\/wp-json\/wp\/v2\/comments?post=10685"}],"wp:featuredmedia":[{"embeddable":true,"href":"https:\/\/www.exatron.com.br\/es\/wp-json\/wp\/v2\/media\/10110"}],"wp:attachment":[{"href":"https:\/\/www.exatron.com.br\/es\/wp-json\/wp\/v2\/media?parent=10685"}],"wp:term":[{"taxonomy":"aplicacao","embeddable":true,"href":"https:\/\/www.exatron.com.br\/es\/wp-json\/wp\/v2\/aplicacao?post=10685"},{"taxonomy":"product_brand","embeddable":true,"href":"https:\/\/www.exatron.com.br\/es\/wp-json\/wp\/v2\/product_brand?post=10685"},{"taxonomy":"product_cat","embeddable":true,"href":"https:\/\/www.exatron.com.br\/es\/wp-json\/wp\/v2\/product_cat?post=10685"},{"taxonomy":"product_tag","embeddable":true,"href":"https:\/\/www.exatron.com.br\/es\/wp-json\/wp\/v2\/product_tag?post=10685"}],"curies":[{"name":"wp","href":"https:\/\/api.w.org\/{rel}","templated":true}]}}