{"id":10690,"date":"2025-12-08T15:08:45","date_gmt":"2025-12-08T15:08:45","guid":{"rendered":""},"modified":"2026-04-14T17:20:55","modified_gmt":"2026-04-14T20:20:55","slug":"sensor-de-presenca-de-teto-ni-plus","status":"publish","type":"product","link":"https:\/\/www.exatron.com.br\/es\/produtos\/sensor-de-presenca-de-teto-ni-plus\/","title":{"rendered":"Sensor de Presen\u00e7a de Teto UFO"},"content":{"rendered":"<h3>Especificaciones t\u00e9cnicas<\/h3>\n<ul>\n<li>Economia de energia de at\u00e9 75%.<\/li>\n<li>Cobertura: Produto possui lente com cobertura 360\u00b0, quando instalado na altura de 6 m abrange alcance de at\u00e9 20 m em temperatura ambiente de 25\u00baC.<\/li>\n<li>Ajustes atrav\u00e9s de trimpot\u00b4s internos:<\/li>\n<li>Timer configur\u00e1vel com recontagem de tempo (10seg, 30seg, 90seg, 5min, 10min e 30 minutos).<\/li>\n<li>Sensor de luminosidade que possibilita a escolha do n\u00edvel de luz em que o sensor permitir\u00e1 acionar as l\u00e2mpadas entre as op\u00e7\u00f5es existentes, evitando o desperd\u00edcio de energia.\u00a0\u00a0Fotoc\u00e9lula com regulagem: m\u00ednima at\u00e9 m\u00e1xima.<\/li>\n<li>Ajuste de Sensibilidade:\u00a0m\u00ednima at\u00e9 m\u00e1xima<\/li>\n<li>Tens\u00e3o de alimenta\u00e7\u00e3o: 100 &#8211; 240 V~ 50\/60 Hz 0,5W.<\/li>\n<li>Detecta fontes de calor (pessoas, carros, etc) deve estar no m\u00ednimo a 3\u00b0C de diferen\u00e7a em rela\u00e7\u00e3o \u00e0 temperatura do meio ambiente onde o sensor est\u00e1 instalado (utilizar em ambientes internos).<\/li>\n<li>Comanda qualquer tipo de l\u00e2mpada at\u00e9 a pot\u00eancia m\u00e1xima.<\/li>\n<li>Indicado para instala\u00e7\u00f5es de sobrepor.<\/li>\n<li>Garantia: 03 anos.<\/li>\n<li>Pot\u00eancia de Comando:<\/li>\n<\/ul>\n<figure class=\"table\">\n<table>\n<tbody>\n<tr>\n<td>Voltaje<\/td>\n<td>LED<\/td>\n<td>Compacta\/fluorescente<\/td>\n<td>Incandescente\/hal\u00f3gena<\/td>\n<\/tr>\n<tr>\n<td>127V~<\/td>\n<td>200 W<\/td>\n<td>500 W<\/td>\n<td>1.000 W<\/td>\n<\/tr>\n<tr>\n<td>220V~<\/td>\n<td>300 W<\/td>\n<td>1.000 W<\/td>\n<td>2.000 W<\/td>\n<\/tr>\n<tr>\n<td colspan=\"4\">FP &gt;0,90<\/td>\n<\/tr>\n<\/tbody>\n<\/table>\n<\/figure>\n<h3>Instalaci\u00f3n<\/h3>\n<ul>\n<li>Desligue a alimenta\u00e7\u00e3o.<\/li>\n<\/ul>\n<p>Mova a tampa superior girando no sentido anti-hor\u00e1rio . Retire a abra\u00e7adeira de fixa\u00e7\u00e3o dos fios.<\/p>\n<ul>\n<li>Conecte a carga de acordo com o diagrama de fios de conex\u00e3o .<\/li>\n<li>Recoloque a abra\u00e7adeira de fixa\u00e7\u00e3o dos fios e fixe o sensor com parafusos no local desejado<\/li>\n<li>Instale novamente a tampa superior no sensor, ligue a energia e teste o produto.<\/li>\n<\/ul>","protected":false},"excerpt":{"rendered":"<p>O Sensor de Presen\u00e7a Teto NI PLUS 360G\/20M &#8211; LEST4008 \u00e9 um comando inteligente que se destina ao acionamento temporizado de cargas. Detecta a movimenta\u00e7\u00e3o de fontes de calor como pessoas e carros, atrav\u00e9s de um sensor infravermelho, acionando a carga e permanecendo ligado enquanto houver detec\u00e7\u00e3o de presen\u00e7a e desacionando no tempo programado ap\u00f3s a \u00faltima detec\u00e7\u00e3o de presen\u00e7a.<\/p>\n<p>\u00c9 ideal para o controle de ilumina\u00e7\u00e3o de corredores, escadas, garagens, entrada de acesso, recep\u00e7\u00e3o, dep\u00f3sitos, almoxarifados e demais ambientes internos de resid\u00eancias, escrit\u00f3rios, condom\u00ednios, ind\u00fastrias, hot\u00e9is e \u00f3rg\u00e3os p\u00fablicos onde se necessite um alcance maior na detec\u00e7\u00e3o.<\/p>\n<p>Possui superior imunidade contra interfer\u00eancias emanadas e induzidas, provocadas por reatores eletr\u00f4nicos, celulares, r\u00e1dios comunicadores<\/p>","protected":false},"featured_media":14372,"comment_status":"open","ping_status":"closed","template":"","meta":{"_acf_changed":false,"_joinchat":[]},"aplicacao":[267],"product_brand":[],"product_cat":[326,379],"product_tag":[582,705,706,701,625,696,695,694,704,702,646,699,697,698,669,703,700],"class_list":{"0":"post-10690","1":"product","2":"type-product","3":"status-publish","4":"has-post-thumbnail","6":"aplicacao-iluminacao-interna-sensores-de-presenca","7":"product_cat-sensores-de-presenca-para-iluminacao","8":"product_cat-teto","9":"product_tag-economia-de-energia","10":"product_tag-iluminacao-inteligente","11":"product_tag-sensor-alta-imunidade-a-interferencia","12":"product_tag-sensor-automatico-de-luz-comando-de-iluminacao","13":"product_tag-sensor-de-presenca","14":"product_tag-sensor-de-presenca-20-metros","15":"product_tag-sensor-de-presenca-360-graus","16":"product_tag-sensor-de-presenca-teto","17":"product_tag-sensor-de-presenca-ufo-automacao-de-iluminacao","18":"product_tag-sensor-de-teto-interno","19":"product_tag-sensor-infravermelho","20":"product_tag-sensor-para-condominio","21":"product_tag-sensor-para-corredor","22":"product_tag-sensor-para-garagem-sensor-para-escada","23":"product_tag-sensor-para-iluminacao","24":"product_tag-sensor-presenca-lest4008","25":"product_tag-sensor-temporizador-de-luz","27":"first","28":"instock","29":"shipping-taxable","30":"purchasable","31":"product-type-simple"},"acf":[],"yoast_head":"<!-- This site is optimized with the Yoast SEO plugin v27.3 - https:\/\/yoast.com\/product\/yoast-seo-wordpress\/ -->\n<title>Sensor de Presen\u00e7a de Teto UFO - EXATRON<\/title>\n<meta name=\"description\" content=\"Sensor de Presen\u00e7a de Teto UFO LEST4008 com alcance de 20m e detec\u00e7\u00e3o 360\u00b0. Ideal para corredores, garagens e condom\u00ednios.\" \/>\n<meta name=\"robots\" content=\"index, follow, max-snippet:-1, max-image-preview:large, max-video-preview:-1\" \/>\n<link rel=\"canonical\" href=\"https:\/\/www.exatron.com.br\/es\/produtos\/sensor-de-presenca-de-teto-ni-plus\/\" \/>\n<meta property=\"og:locale\" content=\"es_ES\" \/>\n<meta property=\"og:type\" content=\"article\" \/>\n<meta property=\"og:title\" content=\"Sensor de Presen\u00e7a de Teto UFO - EXATRON\" \/>\n<meta property=\"og:description\" content=\"Sensor de Presen\u00e7a de Teto UFO LEST4008 com alcance de 20m e detec\u00e7\u00e3o 360\u00b0. Ideal para corredores, garagens e condom\u00ednios.\" \/>\n<meta property=\"og:url\" content=\"https:\/\/www.exatron.com.br\/es\/produtos\/sensor-de-presenca-de-teto-ni-plus\/\" \/>\n<meta property=\"og:site_name\" content=\"EXATRON\" \/>\n<meta property=\"article:modified_time\" content=\"2026-04-14T20:20:55+00:00\" \/>\n<meta property=\"og:image\" content=\"https:\/\/www.exatron.com.br\/wp-content\/uploads\/lest4008-1.png\" \/>\n\t<meta property=\"og:image:width\" content=\"1000\" \/>\n\t<meta property=\"og:image:height\" content=\"1000\" \/>\n\t<meta property=\"og:image:type\" content=\"image\/png\" \/>\n<meta name=\"twitter:card\" content=\"summary_large_image\" \/>\n<meta name=\"twitter:label1\" content=\"Tiempo de lectura\" \/>\n\t<meta name=\"twitter:data1\" content=\"2 minutos\" \/>\n<script type=\"application\/ld+json\" class=\"yoast-schema-graph\">{\"@context\":\"https:\\\/\\\/schema.org\",\"@graph\":[{\"@type\":\"WebPage\",\"@id\":\"https:\\\/\\\/www.exatron.com.br\\\/produtos\\\/sensor-de-presenca-de-teto-ni-plus\\\/\",\"url\":\"https:\\\/\\\/www.exatron.com.br\\\/produtos\\\/sensor-de-presenca-de-teto-ni-plus\\\/\",\"name\":\"Sensor de Presen\u00e7a de Teto UFO - EXATRON\",\"isPartOf\":{\"@id\":\"https:\\\/\\\/www.exatron.com.br\\\/#website\"},\"primaryImageOfPage\":{\"@id\":\"https:\\\/\\\/www.exatron.com.br\\\/produtos\\\/sensor-de-presenca-de-teto-ni-plus\\\/#primaryimage\"},\"image\":{\"@id\":\"https:\\\/\\\/www.exatron.com.br\\\/produtos\\\/sensor-de-presenca-de-teto-ni-plus\\\/#primaryimage\"},\"thumbnailUrl\":\"https:\\\/\\\/www.exatron.com.br\\\/wp-content\\\/uploads\\\/lest4008-1.png\",\"datePublished\":\"2025-12-08T15:08:45+00:00\",\"dateModified\":\"2026-04-14T20:20:55+00:00\",\"description\":\"Sensor de Presen\u00e7a de Teto UFO LEST4008 com alcance de 20m e detec\u00e7\u00e3o 360\u00b0. Ideal para corredores, garagens e condom\u00ednios.\",\"breadcrumb\":{\"@id\":\"https:\\\/\\\/www.exatron.com.br\\\/produtos\\\/sensor-de-presenca-de-teto-ni-plus\\\/#breadcrumb\"},\"inLanguage\":\"es\",\"potentialAction\":[{\"@type\":\"ReadAction\",\"target\":[\"https:\\\/\\\/www.exatron.com.br\\\/produtos\\\/sensor-de-presenca-de-teto-ni-plus\\\/\"]}]},{\"@type\":\"ImageObject\",\"inLanguage\":\"es\",\"@id\":\"https:\\\/\\\/www.exatron.com.br\\\/produtos\\\/sensor-de-presenca-de-teto-ni-plus\\\/#primaryimage\",\"url\":\"https:\\\/\\\/www.exatron.com.br\\\/wp-content\\\/uploads\\\/lest4008-1.png\",\"contentUrl\":\"https:\\\/\\\/www.exatron.com.br\\\/wp-content\\\/uploads\\\/lest4008-1.png\",\"width\":1000,\"height\":1000,\"caption\":\"Sensor de Presen\u00e7a de Teto UFO FRENTE\"},{\"@type\":\"BreadcrumbList\",\"@id\":\"https:\\\/\\\/www.exatron.com.br\\\/produtos\\\/sensor-de-presenca-de-teto-ni-plus\\\/#breadcrumb\",\"itemListElement\":[{\"@type\":\"ListItem\",\"position\":1,\"name\":\"In\u00edcio\",\"item\":\"https:\\\/\\\/www.exatron.com.br\\\/\"},{\"@type\":\"ListItem\",\"position\":2,\"name\":\"Loja\",\"item\":\"https:\\\/\\\/www.exatron.com.br\\\/loja\\\/\"},{\"@type\":\"ListItem\",\"position\":3,\"name\":\"Sensor de Presen\u00e7a de Teto UFO\"}]},{\"@type\":\"WebSite\",\"@id\":\"https:\\\/\\\/www.exatron.com.br\\\/#website\",\"url\":\"https:\\\/\\\/www.exatron.com.br\\\/\",\"name\":\"EXATRON\",\"description\":\"\",\"publisher\":{\"@id\":\"https:\\\/\\\/www.exatron.com.br\\\/#organization\"},\"potentialAction\":[{\"@type\":\"SearchAction\",\"target\":{\"@type\":\"EntryPoint\",\"urlTemplate\":\"https:\\\/\\\/www.exatron.com.br\\\/?s={search_term_string}\"},\"query-input\":{\"@type\":\"PropertyValueSpecification\",\"valueRequired\":true,\"valueName\":\"search_term_string\"}}],\"inLanguage\":\"es\"},{\"@type\":\"Organization\",\"@id\":\"https:\\\/\\\/www.exatron.com.br\\\/#organization\",\"name\":\"EXATRON\",\"url\":\"https:\\\/\\\/www.exatron.com.br\\\/\",\"logo\":{\"@type\":\"ImageObject\",\"inLanguage\":\"es\",\"@id\":\"https:\\\/\\\/www.exatron.com.br\\\/#\\\/schema\\\/logo\\\/image\\\/\",\"url\":\"https:\\\/\\\/www.exatron.com.br\\\/wp-content\\\/uploads\\\/2024\\\/11\\\/default-kit.png\",\"contentUrl\":\"https:\\\/\\\/www.exatron.com.br\\\/wp-content\\\/uploads\\\/2024\\\/11\\\/default-kit.png\",\"width\":956,\"height\":192,\"caption\":\"EXATRON\"},\"image\":{\"@id\":\"https:\\\/\\\/www.exatron.com.br\\\/#\\\/schema\\\/logo\\\/image\\\/\"}}]}<\/script>\n<!-- \/ Yoast SEO plugin. -->","yoast_head_json":{"title":"Sensor de Presen\u00e7a de Teto UFO - EXATRON","description":"Sensor de Presen\u00e7a de Teto UFO LEST4008 com alcance de 20m e detec\u00e7\u00e3o 360\u00b0. Ideal para corredores, garagens e condom\u00ednios.","robots":{"index":"index","follow":"follow","max-snippet":"max-snippet:-1","max-image-preview":"max-image-preview:large","max-video-preview":"max-video-preview:-1"},"canonical":"https:\/\/www.exatron.com.br\/es\/produtos\/sensor-de-presenca-de-teto-ni-plus\/","og_locale":"es_ES","og_type":"article","og_title":"Sensor de Presen\u00e7a de Teto UFO - EXATRON","og_description":"Sensor de Presen\u00e7a de Teto UFO LEST4008 com alcance de 20m e detec\u00e7\u00e3o 360\u00b0. Ideal para corredores, garagens e condom\u00ednios.","og_url":"https:\/\/www.exatron.com.br\/es\/produtos\/sensor-de-presenca-de-teto-ni-plus\/","og_site_name":"EXATRON","article_modified_time":"2026-04-14T20:20:55+00:00","og_image":[{"width":1000,"height":1000,"url":"https:\/\/www.exatron.com.br\/wp-content\/uploads\/lest4008-1.png","type":"image\/png"}],"twitter_card":"summary_large_image","twitter_misc":{"Tiempo de lectura":"2 minutos"},"schema":{"@context":"https:\/\/schema.org","@graph":[{"@type":"WebPage","@id":"https:\/\/www.exatron.com.br\/produtos\/sensor-de-presenca-de-teto-ni-plus\/","url":"https:\/\/www.exatron.com.br\/produtos\/sensor-de-presenca-de-teto-ni-plus\/","name":"Sensor de Presen\u00e7a de Teto UFO - EXATRON","isPartOf":{"@id":"https:\/\/www.exatron.com.br\/#website"},"primaryImageOfPage":{"@id":"https:\/\/www.exatron.com.br\/produtos\/sensor-de-presenca-de-teto-ni-plus\/#primaryimage"},"image":{"@id":"https:\/\/www.exatron.com.br\/produtos\/sensor-de-presenca-de-teto-ni-plus\/#primaryimage"},"thumbnailUrl":"https:\/\/www.exatron.com.br\/wp-content\/uploads\/lest4008-1.png","datePublished":"2025-12-08T15:08:45+00:00","dateModified":"2026-04-14T20:20:55+00:00","description":"Sensor de Presen\u00e7a de Teto UFO LEST4008 com alcance de 20m e detec\u00e7\u00e3o 360\u00b0. Ideal para corredores, garagens e condom\u00ednios.","breadcrumb":{"@id":"https:\/\/www.exatron.com.br\/produtos\/sensor-de-presenca-de-teto-ni-plus\/#breadcrumb"},"inLanguage":"es","potentialAction":[{"@type":"ReadAction","target":["https:\/\/www.exatron.com.br\/produtos\/sensor-de-presenca-de-teto-ni-plus\/"]}]},{"@type":"ImageObject","inLanguage":"es","@id":"https:\/\/www.exatron.com.br\/produtos\/sensor-de-presenca-de-teto-ni-plus\/#primaryimage","url":"https:\/\/www.exatron.com.br\/wp-content\/uploads\/lest4008-1.png","contentUrl":"https:\/\/www.exatron.com.br\/wp-content\/uploads\/lest4008-1.png","width":1000,"height":1000,"caption":"Sensor de Presen\u00e7a de Teto UFO FRENTE"},{"@type":"BreadcrumbList","@id":"https:\/\/www.exatron.com.br\/produtos\/sensor-de-presenca-de-teto-ni-plus\/#breadcrumb","itemListElement":[{"@type":"ListItem","position":1,"name":"In\u00edcio","item":"https:\/\/www.exatron.com.br\/"},{"@type":"ListItem","position":2,"name":"Loja","item":"https:\/\/www.exatron.com.br\/loja\/"},{"@type":"ListItem","position":3,"name":"Sensor de Presen\u00e7a de Teto UFO"}]},{"@type":"WebSite","@id":"https:\/\/www.exatron.com.br\/#website","url":"https:\/\/www.exatron.com.br\/","name":"EXATRON","description":"","publisher":{"@id":"https:\/\/www.exatron.com.br\/#organization"},"potentialAction":[{"@type":"SearchAction","target":{"@type":"EntryPoint","urlTemplate":"https:\/\/www.exatron.com.br\/?s={search_term_string}"},"query-input":{"@type":"PropertyValueSpecification","valueRequired":true,"valueName":"search_term_string"}}],"inLanguage":"es"},{"@type":"Organization","@id":"https:\/\/www.exatron.com.br\/#organization","name":"EXATRON","url":"https:\/\/www.exatron.com.br\/","logo":{"@type":"ImageObject","inLanguage":"es","@id":"https:\/\/www.exatron.com.br\/#\/schema\/logo\/image\/","url":"https:\/\/www.exatron.com.br\/wp-content\/uploads\/2024\/11\/default-kit.png","contentUrl":"https:\/\/www.exatron.com.br\/wp-content\/uploads\/2024\/11\/default-kit.png","width":956,"height":192,"caption":"EXATRON"},"image":{"@id":"https:\/\/www.exatron.com.br\/#\/schema\/logo\/image\/"}}]}},"_links":{"self":[{"href":"https:\/\/www.exatron.com.br\/es\/wp-json\/wp\/v2\/product\/10690","targetHints":{"allow":["GET"]}}],"collection":[{"href":"https:\/\/www.exatron.com.br\/es\/wp-json\/wp\/v2\/product"}],"about":[{"href":"https:\/\/www.exatron.com.br\/es\/wp-json\/wp\/v2\/types\/product"}],"replies":[{"embeddable":true,"href":"https:\/\/www.exatron.com.br\/es\/wp-json\/wp\/v2\/comments?post=10690"}],"wp:featuredmedia":[{"embeddable":true,"href":"https:\/\/www.exatron.com.br\/es\/wp-json\/wp\/v2\/media\/14372"}],"wp:attachment":[{"href":"https:\/\/www.exatron.com.br\/es\/wp-json\/wp\/v2\/media?parent=10690"}],"wp:term":[{"taxonomy":"aplicacao","embeddable":true,"href":"https:\/\/www.exatron.com.br\/es\/wp-json\/wp\/v2\/aplicacao?post=10690"},{"taxonomy":"product_brand","embeddable":true,"href":"https:\/\/www.exatron.com.br\/es\/wp-json\/wp\/v2\/product_brand?post=10690"},{"taxonomy":"product_cat","embeddable":true,"href":"https:\/\/www.exatron.com.br\/es\/wp-json\/wp\/v2\/product_cat?post=10690"},{"taxonomy":"product_tag","embeddable":true,"href":"https:\/\/www.exatron.com.br\/es\/wp-json\/wp\/v2\/product_tag?post=10690"}],"curies":[{"name":"wp","href":"https:\/\/api.w.org\/{rel}","templated":true}]}}