{"id":10692,"date":"2025-12-08T15:08:45","date_gmt":"2025-12-08T15:08:45","guid":{"rendered":""},"modified":"2026-04-22T14:58:31","modified_gmt":"2026-04-22T17:58:31","slug":"controlador-chamada-auxiliar-smart","status":"publish","type":"product","link":"https:\/\/www.exatron.com.br\/es\/produtos\/controlador-chamada-auxiliar-smart\/","title":{"rendered":"Controlador de llamada auxiliar inteligente"},"content":{"rendered":"<h3>Especificaciones t\u00e9cnicas<\/h3>\n<p>\u2022 Tens\u00e3o: 100-240V~ 50\/60Hz;<\/p>\n<p>\u2022 Consumo: &lt;0,8W;<\/p>\n<p>\u2022 Corrente nominal resistiva: 10A;<\/p>\n<p>\u2022 Dimens\u00f5es: 41x41x20mm;<\/p>\n<p>\u2022 Tecnolog\u00eda: Wi-Fi IEEE 802.11b\/g\/n 2.4GHz;<\/p>\n<p>\u2022 Dist\u00e2ncia: at\u00e9 30m do roteador sem obst\u00e1culos;<\/p>\n<p>\u2022 Temperatura de opera\u00e7\u00e3o: 0\u00b0C a 40\u00b0C;<\/p>\n<p>\u2022 Componentes: pl\u00e1sticos, eletr\u00f4nicos e ligas met\u00e1licas.<\/p>\n<p>\u2022\u00a0Garantia: 02 anos<\/p>\n<p>\u2022\u00a0Pot\u00eancia de Comando:<\/p>\n<figure class=\"table\">\n<table>\n<tbody>\n<tr>\n<td style=\"text-align: center\" rowspan=\"2\"><strong>Voltaje<\/strong><\/td>\n<td style=\"text-align: center\" colspan=\"2\"><strong>\u00a0L\u00e2mpadas<\/strong><\/td>\n<td style=\"text-align: center\" rowspan=\"2\"><strong>Motor<\/strong><\/td>\n<td style=\"text-align: center\" rowspan=\"2\"><strong>Resistivo<\/strong><\/td>\n<\/tr>\n<tr>\n<td style=\"text-align: center\"><strong>FP&lt;0,7<\/strong><\/td>\n<td style=\"text-align: center\"><strong>FP\u22650,7<\/strong><\/td>\n<\/tr>\n<tr>\n<td style=\"text-align: center\">127V~<\/td>\n<td style=\"text-align: center\">80W<\/td>\n<td style=\"text-align: center\">150W<\/td>\n<td style=\"text-align: center\">300 W<\/td>\n<td style=\"text-align: center\">1300W<\/td>\n<\/tr>\n<tr>\n<td style=\"text-align: center\">220V~<\/td>\n<td style=\"text-align: center\">120 W<\/td>\n<td style=\"text-align: center\">200 W<\/td>\n<td style=\"text-align: center\">500W<\/td>\n<td style=\"text-align: center\">2200W<\/td>\n<\/tr>\n<\/tbody>\n<\/table>\n<\/figure>\n<p><strong>Obs.:<\/strong> A tabela acima apresenta a pot\u00eancia m\u00e1xima que o produto suporta, a pot\u00eancia consumida n\u00e3o deve ser maior que os valores apresentados na tabela. Esse dispositivo n\u00e3o deve ser utilizado no acionamento direto de motores e equipamentos el\u00e9tricos que possuam corrente de partida maior que a corrente m\u00e1xima do dispositivo. Para sua seguran\u00e7a, n\u00e3o abra o produto sob nenhuma circunst\u00e2ncia.<\/p>\n<p>&nbsp;<\/p>\n<h3>Instalaci\u00f3n<\/h3>\n<p>\u2022 Configure o Controlador Chamada Auxiliar Smart pelo aplicativo myhouse X, dispon\u00edvel para download no Google Play e na App Store. Vers\u00e3o m\u00ednima do sistema operacional: iOS 11.0 \/ Android\u2122 7.0;<\/p>\n<p>\u2022\u00a0Instala\u00e7\u00e3o em caixas sextavadas, 4X2 ou 4X4 de forma de sobrepor ou embutir em superf\u00edcies;<\/p>\n<p>\u2022 Utilizar em ambientes internos com cobertura de Wi-Fi, protegido de intemp\u00e9ries, sem umidade, vibra\u00e7\u00f5es e distante de fonte de calor. Esse produto \u00e9 feito para instala\u00e7\u00e3o de acordo com o C\u00f3digo El\u00e9trico Nacional e regula\u00e7\u00f5es locais no Brasil (NBR5410).<\/p>","protected":false},"excerpt":{"rendered":"<p>Revolucione e conecte espa\u00e7os com a linha myhouse X da Exatron! Mais seguran\u00e7a, qualidade e inova\u00e7\u00e3o na automa\u00e7\u00e3o de ambientes.<\/p>\n<p>O Controlador Chamada Auxiliar Smart (LSRL6100) \u00e9 utilizado no acionamento de l\u00e2mpadas e eletrodom\u00e9sticos, podendo ser acionado por interruptores simples ou em modo chave hotel, assim como agendar, temporizar e automatizar a alimenta\u00e7\u00e3o el\u00e9trica de equipamentos, com a comodidade do controle realizado remotamente.<\/p>\n<p>De f\u00e1cil instala\u00e7\u00e3o, propicia uma nova forma de utilizar seus equipamentos, com o controle em suas m\u00e3os, por meio do aplicativo myhouse X, manualmente ou comando de voz da Amazon Alexa ou Google Assistente.<\/p>\n<p>&nbsp;<\/p>\n<p><i>LSRL6100 | 13610-23-15946<\/i><\/p>\n<p><i>&quot;Este equipo no tiene derecho a protecci\u00f3n contra interferencias perjudiciales y no puede causar interferencias a sistemas debidamente autorizados.&quot;<\/i><\/p>\n<p><i>&quot;Este producto est\u00e1 aprobado por ANATEL, de acuerdo con los procedimientos regulados por la Resoluci\u00f3n n\u00ba 715, del 23 de octubre de 2019, y cumple con los requisitos t\u00e9cnicos aplicables.&quot;<\/i><\/p>\n<p><i>Para obtener m\u00e1s informaci\u00f3n, visite el sitio web de Anatel: www.gov.br\/anatel\/pt-br\/<\/i><\/p>","protected":false},"featured_media":10268,"comment_status":"open","ping_status":"closed","template":"","meta":{"_acf_changed":false,"_joinchat":[]},"aplicacao":[],"product_brand":[],"product_cat":[360,322],"product_tag":[860,859,854,681,861,858],"class_list":{"0":"post-10692","1":"product","2":"type-product","3":"status-publish","4":"has-post-thumbnail","6":"product_cat-myhouse-x-controlador-smart","7":"product_cat-myhouse-x","8":"product_tag-aplicativo-de-automacao","9":"product_tag-automacao","10":"product_tag-casa-inteligente","11":"product_tag-chamada-auxiliar","12":"product_tag-controlador","13":"product_tag-myhouse-x","15":"first","16":"instock","17":"shipping-taxable","18":"purchasable","19":"product-type-simple"},"acf":[],"yoast_head":"<!-- This site is optimized with the Yoast SEO plugin v27.3 - https:\/\/yoast.com\/product\/yoast-seo-wordpress\/ -->\n<title>Controlador Chamada Auxiliar Smart - EXATRON<\/title>\n<meta name=\"description\" content=\"Utilizado no acionamento, agendamento, temporiza\u00e7\u00e3o e automatiza\u00e7\u00e3o de l\u00e2mpadas e eletrodom\u00e9sticos. Possu\u00ed comando de voz, temporizador e agendamentos.\" \/>\n<meta name=\"robots\" content=\"index, follow, max-snippet:-1, max-image-preview:large, max-video-preview:-1\" \/>\n<link rel=\"canonical\" href=\"https:\/\/www.exatron.com.br\/es\/produtos\/controlador-chamada-auxiliar-smart\/\" \/>\n<meta property=\"og:locale\" content=\"es_ES\" \/>\n<meta property=\"og:type\" content=\"article\" \/>\n<meta property=\"og:title\" content=\"Controlador Chamada Auxiliar Smart - EXATRON\" \/>\n<meta property=\"og:description\" content=\"Utilizado no acionamento, agendamento, temporiza\u00e7\u00e3o e automatiza\u00e7\u00e3o de l\u00e2mpadas e eletrodom\u00e9sticos. Possu\u00ed comando de voz, temporizador e agendamentos.\" \/>\n<meta property=\"og:url\" content=\"https:\/\/www.exatron.com.br\/es\/produtos\/controlador-chamada-auxiliar-smart\/\" \/>\n<meta property=\"og:site_name\" content=\"EXATRON\" \/>\n<meta property=\"article:modified_time\" content=\"2026-04-22T17:58:31+00:00\" \/>\n<meta property=\"og:image\" content=\"https:\/\/www.exatron.com.br\/wp-content\/uploads\/2025\/12\/jggmwvkjxhkczb4esrhdzhzosp3wbdjgaktgt35l.png\" \/>\n\t<meta property=\"og:image:width\" content=\"500\" \/>\n\t<meta property=\"og:image:height\" content=\"500\" \/>\n\t<meta property=\"og:image:type\" content=\"image\/png\" \/>\n<meta name=\"twitter:card\" content=\"summary_large_image\" \/>\n<meta name=\"twitter:label1\" content=\"Tiempo de lectura\" \/>\n\t<meta name=\"twitter:data1\" content=\"2 minutos\" \/>\n<script type=\"application\/ld+json\" class=\"yoast-schema-graph\">{\"@context\":\"https:\\\/\\\/schema.org\",\"@graph\":[{\"@type\":\"WebPage\",\"@id\":\"https:\\\/\\\/www.exatron.com.br\\\/produtos\\\/controlador-chamada-auxiliar-smart\\\/\",\"url\":\"https:\\\/\\\/www.exatron.com.br\\\/produtos\\\/controlador-chamada-auxiliar-smart\\\/\",\"name\":\"Controlador Chamada Auxiliar Smart - EXATRON\",\"isPartOf\":{\"@id\":\"https:\\\/\\\/www.exatron.com.br\\\/#website\"},\"primaryImageOfPage\":{\"@id\":\"https:\\\/\\\/www.exatron.com.br\\\/produtos\\\/controlador-chamada-auxiliar-smart\\\/#primaryimage\"},\"image\":{\"@id\":\"https:\\\/\\\/www.exatron.com.br\\\/produtos\\\/controlador-chamada-auxiliar-smart\\\/#primaryimage\"},\"thumbnailUrl\":\"https:\\\/\\\/www.exatron.com.br\\\/wp-content\\\/uploads\\\/2025\\\/12\\\/jggmwvkjxhkczb4esrhdzhzosp3wbdjgaktgt35l.png\",\"datePublished\":\"2025-12-08T15:08:45+00:00\",\"dateModified\":\"2026-04-22T17:58:31+00:00\",\"description\":\"Utilizado no acionamento, agendamento, temporiza\u00e7\u00e3o e automatiza\u00e7\u00e3o de l\u00e2mpadas e eletrodom\u00e9sticos. Possu\u00ed comando de voz, temporizador e agendamentos.\",\"breadcrumb\":{\"@id\":\"https:\\\/\\\/www.exatron.com.br\\\/produtos\\\/controlador-chamada-auxiliar-smart\\\/#breadcrumb\"},\"inLanguage\":\"es\",\"potentialAction\":[{\"@type\":\"ReadAction\",\"target\":[\"https:\\\/\\\/www.exatron.com.br\\\/produtos\\\/controlador-chamada-auxiliar-smart\\\/\"]}]},{\"@type\":\"ImageObject\",\"inLanguage\":\"es\",\"@id\":\"https:\\\/\\\/www.exatron.com.br\\\/produtos\\\/controlador-chamada-auxiliar-smart\\\/#primaryimage\",\"url\":\"https:\\\/\\\/www.exatron.com.br\\\/wp-content\\\/uploads\\\/2025\\\/12\\\/jggmwvkjxhkczb4esrhdzhzosp3wbdjgaktgt35l.png\",\"contentUrl\":\"https:\\\/\\\/www.exatron.com.br\\\/wp-content\\\/uploads\\\/2025\\\/12\\\/jggmwvkjxhkczb4esrhdzhzosp3wbdjgaktgt35l.png\",\"width\":500,\"height\":500,\"caption\":\"Revolucione e conecte espa\u00e7os com a linha myhouse X da Exatron! Mais seguran\u00e7a, qualidade e inova\u00e7\u00e3o na automa\u00e7\u00e3o de ambientes.\"},{\"@type\":\"BreadcrumbList\",\"@id\":\"https:\\\/\\\/www.exatron.com.br\\\/produtos\\\/controlador-chamada-auxiliar-smart\\\/#breadcrumb\",\"itemListElement\":[{\"@type\":\"ListItem\",\"position\":1,\"name\":\"In\u00edcio\",\"item\":\"https:\\\/\\\/www.exatron.com.br\\\/\"},{\"@type\":\"ListItem\",\"position\":2,\"name\":\"Loja\",\"item\":\"https:\\\/\\\/www.exatron.com.br\\\/loja\\\/\"},{\"@type\":\"ListItem\",\"position\":3,\"name\":\"Controlador Chamada Auxiliar Smart\"}]},{\"@type\":\"WebSite\",\"@id\":\"https:\\\/\\\/www.exatron.com.br\\\/#website\",\"url\":\"https:\\\/\\\/www.exatron.com.br\\\/\",\"name\":\"EXATRON\",\"description\":\"\",\"publisher\":{\"@id\":\"https:\\\/\\\/www.exatron.com.br\\\/#organization\"},\"potentialAction\":[{\"@type\":\"SearchAction\",\"target\":{\"@type\":\"EntryPoint\",\"urlTemplate\":\"https:\\\/\\\/www.exatron.com.br\\\/?s={search_term_string}\"},\"query-input\":{\"@type\":\"PropertyValueSpecification\",\"valueRequired\":true,\"valueName\":\"search_term_string\"}}],\"inLanguage\":\"es\"},{\"@type\":\"Organization\",\"@id\":\"https:\\\/\\\/www.exatron.com.br\\\/#organization\",\"name\":\"EXATRON\",\"url\":\"https:\\\/\\\/www.exatron.com.br\\\/\",\"logo\":{\"@type\":\"ImageObject\",\"inLanguage\":\"es\",\"@id\":\"https:\\\/\\\/www.exatron.com.br\\\/#\\\/schema\\\/logo\\\/image\\\/\",\"url\":\"https:\\\/\\\/www.exatron.com.br\\\/wp-content\\\/uploads\\\/2024\\\/11\\\/default-kit.png\",\"contentUrl\":\"https:\\\/\\\/www.exatron.com.br\\\/wp-content\\\/uploads\\\/2024\\\/11\\\/default-kit.png\",\"width\":956,\"height\":192,\"caption\":\"EXATRON\"},\"image\":{\"@id\":\"https:\\\/\\\/www.exatron.com.br\\\/#\\\/schema\\\/logo\\\/image\\\/\"}}]}<\/script>\n<!-- \/ Yoast SEO plugin. -->","yoast_head_json":{"title":"Controlador Chamada Auxiliar Smart - EXATRON","description":"Utilizado no acionamento, agendamento, temporiza\u00e7\u00e3o e automatiza\u00e7\u00e3o de l\u00e2mpadas e eletrodom\u00e9sticos. Possu\u00ed comando de voz, temporizador e agendamentos.","robots":{"index":"index","follow":"follow","max-snippet":"max-snippet:-1","max-image-preview":"max-image-preview:large","max-video-preview":"max-video-preview:-1"},"canonical":"https:\/\/www.exatron.com.br\/es\/produtos\/controlador-chamada-auxiliar-smart\/","og_locale":"es_ES","og_type":"article","og_title":"Controlador Chamada Auxiliar Smart - EXATRON","og_description":"Utilizado no acionamento, agendamento, temporiza\u00e7\u00e3o e automatiza\u00e7\u00e3o de l\u00e2mpadas e eletrodom\u00e9sticos. Possu\u00ed comando de voz, temporizador e agendamentos.","og_url":"https:\/\/www.exatron.com.br\/es\/produtos\/controlador-chamada-auxiliar-smart\/","og_site_name":"EXATRON","article_modified_time":"2026-04-22T17:58:31+00:00","og_image":[{"width":500,"height":500,"url":"https:\/\/www.exatron.com.br\/wp-content\/uploads\/2025\/12\/jggmwvkjxhkczb4esrhdzhzosp3wbdjgaktgt35l.png","type":"image\/png"}],"twitter_card":"summary_large_image","twitter_misc":{"Tiempo de lectura":"2 minutos"},"schema":{"@context":"https:\/\/schema.org","@graph":[{"@type":"WebPage","@id":"https:\/\/www.exatron.com.br\/produtos\/controlador-chamada-auxiliar-smart\/","url":"https:\/\/www.exatron.com.br\/produtos\/controlador-chamada-auxiliar-smart\/","name":"Controlador Chamada Auxiliar Smart - EXATRON","isPartOf":{"@id":"https:\/\/www.exatron.com.br\/#website"},"primaryImageOfPage":{"@id":"https:\/\/www.exatron.com.br\/produtos\/controlador-chamada-auxiliar-smart\/#primaryimage"},"image":{"@id":"https:\/\/www.exatron.com.br\/produtos\/controlador-chamada-auxiliar-smart\/#primaryimage"},"thumbnailUrl":"https:\/\/www.exatron.com.br\/wp-content\/uploads\/2025\/12\/jggmwvkjxhkczb4esrhdzhzosp3wbdjgaktgt35l.png","datePublished":"2025-12-08T15:08:45+00:00","dateModified":"2026-04-22T17:58:31+00:00","description":"Utilizado no acionamento, agendamento, temporiza\u00e7\u00e3o e automatiza\u00e7\u00e3o de l\u00e2mpadas e eletrodom\u00e9sticos. Possu\u00ed comando de voz, temporizador e agendamentos.","breadcrumb":{"@id":"https:\/\/www.exatron.com.br\/produtos\/controlador-chamada-auxiliar-smart\/#breadcrumb"},"inLanguage":"es","potentialAction":[{"@type":"ReadAction","target":["https:\/\/www.exatron.com.br\/produtos\/controlador-chamada-auxiliar-smart\/"]}]},{"@type":"ImageObject","inLanguage":"es","@id":"https:\/\/www.exatron.com.br\/produtos\/controlador-chamada-auxiliar-smart\/#primaryimage","url":"https:\/\/www.exatron.com.br\/wp-content\/uploads\/2025\/12\/jggmwvkjxhkczb4esrhdzhzosp3wbdjgaktgt35l.png","contentUrl":"https:\/\/www.exatron.com.br\/wp-content\/uploads\/2025\/12\/jggmwvkjxhkczb4esrhdzhzosp3wbdjgaktgt35l.png","width":500,"height":500,"caption":"Revolucione e conecte espa\u00e7os com a linha myhouse X da Exatron! Mais seguran\u00e7a, qualidade e inova\u00e7\u00e3o na automa\u00e7\u00e3o de ambientes."},{"@type":"BreadcrumbList","@id":"https:\/\/www.exatron.com.br\/produtos\/controlador-chamada-auxiliar-smart\/#breadcrumb","itemListElement":[{"@type":"ListItem","position":1,"name":"In\u00edcio","item":"https:\/\/www.exatron.com.br\/"},{"@type":"ListItem","position":2,"name":"Loja","item":"https:\/\/www.exatron.com.br\/loja\/"},{"@type":"ListItem","position":3,"name":"Controlador Chamada Auxiliar Smart"}]},{"@type":"WebSite","@id":"https:\/\/www.exatron.com.br\/#website","url":"https:\/\/www.exatron.com.br\/","name":"EXATRON","description":"","publisher":{"@id":"https:\/\/www.exatron.com.br\/#organization"},"potentialAction":[{"@type":"SearchAction","target":{"@type":"EntryPoint","urlTemplate":"https:\/\/www.exatron.com.br\/?s={search_term_string}"},"query-input":{"@type":"PropertyValueSpecification","valueRequired":true,"valueName":"search_term_string"}}],"inLanguage":"es"},{"@type":"Organization","@id":"https:\/\/www.exatron.com.br\/#organization","name":"EXATRON","url":"https:\/\/www.exatron.com.br\/","logo":{"@type":"ImageObject","inLanguage":"es","@id":"https:\/\/www.exatron.com.br\/#\/schema\/logo\/image\/","url":"https:\/\/www.exatron.com.br\/wp-content\/uploads\/2024\/11\/default-kit.png","contentUrl":"https:\/\/www.exatron.com.br\/wp-content\/uploads\/2024\/11\/default-kit.png","width":956,"height":192,"caption":"EXATRON"},"image":{"@id":"https:\/\/www.exatron.com.br\/#\/schema\/logo\/image\/"}}]}},"_links":{"self":[{"href":"https:\/\/www.exatron.com.br\/es\/wp-json\/wp\/v2\/product\/10692","targetHints":{"allow":["GET"]}}],"collection":[{"href":"https:\/\/www.exatron.com.br\/es\/wp-json\/wp\/v2\/product"}],"about":[{"href":"https:\/\/www.exatron.com.br\/es\/wp-json\/wp\/v2\/types\/product"}],"replies":[{"embeddable":true,"href":"https:\/\/www.exatron.com.br\/es\/wp-json\/wp\/v2\/comments?post=10692"}],"wp:featuredmedia":[{"embeddable":true,"href":"https:\/\/www.exatron.com.br\/es\/wp-json\/wp\/v2\/media\/10268"}],"wp:attachment":[{"href":"https:\/\/www.exatron.com.br\/es\/wp-json\/wp\/v2\/media?parent=10692"}],"wp:term":[{"taxonomy":"aplicacao","embeddable":true,"href":"https:\/\/www.exatron.com.br\/es\/wp-json\/wp\/v2\/aplicacao?post=10692"},{"taxonomy":"product_brand","embeddable":true,"href":"https:\/\/www.exatron.com.br\/es\/wp-json\/wp\/v2\/product_brand?post=10692"},{"taxonomy":"product_cat","embeddable":true,"href":"https:\/\/www.exatron.com.br\/es\/wp-json\/wp\/v2\/product_cat?post=10692"},{"taxonomy":"product_tag","embeddable":true,"href":"https:\/\/www.exatron.com.br\/es\/wp-json\/wp\/v2\/product_tag?post=10692"}],"curies":[{"name":"wp","href":"https:\/\/api.w.org\/{rel}","templated":true}]}}