{"id":10700,"date":"2025-12-08T15:08:46","date_gmt":"2025-12-08T15:08:46","guid":{"rendered":""},"modified":"2026-04-22T08:54:00","modified_gmt":"2026-04-22T11:54:00","slug":"timer-digital","status":"publish","type":"product","link":"https:\/\/www.exatron.com.br\/es\/produtos\/timer-digital\/","title":{"rendered":"Temporizador digital de doble voltaje"},"content":{"rendered":"<h3>Especificaciones t\u00e9cnicas<\/h3>\n<ul>\n<li>Instala\u00e7\u00e3o do tipo plug and play;<\/li>\n<li>Temperatura de Opera\u00e7\u00e3o: 0 a 40\u00baC;<\/li>\n<li>Switch de sa\u00edda: Rel\u00e9 TUV R\/C;<\/li>\n<li>Precis\u00e3o: \u00b12 minutos por m\u00eas;<\/li>\n<li>Tens\u00e3o: 127\/220VCA &#8211; 50\/60 Hz;<\/li>\n<li>\u00cdndice de prote\u00e7\u00e3o: IP20;<\/li>\n<li>Carga de bateria: &gt;100 horas;<\/li>\n<li>Programa\u00e7\u00f5es: 40 programa\u00e7\u00f5es, 20 ON e 20 OFF. Configura\u00e7\u00e3o m\u00ednima de 1 segundo;<\/li>\n<li>Garantia: 01 ano.<\/li>\n<li>Tabela de Pot\u00eancia:<\/li>\n<\/ul>\n<figure class=\"table\">\n<table>\n<tbody>\n<tr>\n<td style=\"text-align: center\"><strong>Tens\u00e3o (V)<\/strong><\/td>\n<td style=\"text-align: center\"><strong>Resistiva<\/strong><\/td>\n<td style=\"text-align: center\"><strong>Eletr\u00f4nica\/Fluorescente<\/strong><\/td>\n<td style=\"text-align: center\"><strong>LED<\/strong><\/td>\n<td style=\"text-align: center\"><strong>Motor<\/strong><\/td>\n<\/tr>\n<tr>\n<td style=\"text-align: center\">127 V<\/td>\n<td style=\"text-align: center\">1100W<\/td>\n<td style=\"text-align: center\">300 W<\/td>\n<td>150W<\/td>\n<td>180W<\/td>\n<\/tr>\n<tr>\n<td style=\"text-align: center\">220 V<\/td>\n<td style=\"text-align: center\">2200 W<\/td>\n<td style=\"text-align: center\">600W<\/td>\n<td>250W<\/td>\n<td>300 W<\/td>\n<\/tr>\n<tr>\n<td style=\"text-align: center\" colspan=\"5\">FP&gt;0,5 e THD&lt;10%<\/td>\n<\/tr>\n<\/tbody>\n<\/table>\n<\/figure>\n<p><strong>Consulte a orienta\u00e7\u00e3o do fabricante do eletrodom\u00e9stico a ser comandado com rela\u00e7\u00e3o ao uso do controlador externo.<\/strong><\/p>","protected":false},"excerpt":{"rendered":"<p>O Temporizador Digital Bivolt Exatron (LETM4003) \u00e9 ideal para programar o acionamento e desligamento de aparelhos el\u00e9tricos ou eletr\u00f4nicos nos hor\u00e1rios definidos pelo usu\u00e1rio. Com instala\u00e7\u00e3o f\u00e1cil no padr\u00e3o plug and play, permite at\u00e9 40 programa\u00e7\u00f5es di\u00e1rias e conta com fun\u00e7\u00f5es extras como contagem regressiva, modo aleat\u00f3rio e ajuste para hor\u00e1rio de ver\u00e3o, garantindo mais praticidade, automa\u00e7\u00e3o e economia no seu dia a dia.<\/p>","protected":false},"featured_media":14039,"comment_status":"open","ping_status":"closed","template":"","meta":{"_acf_changed":false,"_joinchat":[]},"aplicacao":[],"product_brand":[],"product_cat":[351,318],"product_tag":[796,536,794],"class_list":{"0":"post-10700","1":"product","2":"type-product","3":"status-publish","4":"has-post-thumbnail","6":"product_cat-digital","7":"product_cat-timer-temporizadores","8":"product_tag-programador","9":"product_tag-temporizador","10":"product_tag-timer","12":"first","13":"instock","14":"shipping-taxable","15":"purchasable","16":"product-type-simple"},"acf":[],"yoast_head":"<!-- This site is optimized with the Yoast SEO plugin v27.3 - https:\/\/yoast.com\/product\/yoast-seo-wordpress\/ -->\n<title>Timer Temporizador Digital Bivolt - EXATRON<\/title>\n<meta name=\"description\" content=\"Timer Temporizador Digital LETM4003 Exatron: controle cargas com 40 programa\u00e7\u00f5es, bivolt, instala\u00e7\u00e3o plug n&#039; play e fun\u00e7\u00f5es configur\u00e1veis.\" \/>\n<meta name=\"robots\" content=\"index, follow, max-snippet:-1, max-image-preview:large, max-video-preview:-1\" \/>\n<link rel=\"canonical\" href=\"https:\/\/www.exatron.com.br\/es\/produtos\/timer-digital\/\" \/>\n<meta property=\"og:locale\" content=\"es_ES\" \/>\n<meta property=\"og:type\" content=\"article\" \/>\n<meta property=\"og:title\" content=\"Timer Temporizador Digital Bivolt - EXATRON\" \/>\n<meta property=\"og:description\" content=\"Timer Temporizador Digital LETM4003 Exatron: controle cargas com 40 programa\u00e7\u00f5es, bivolt, instala\u00e7\u00e3o plug n&#039; play e fun\u00e7\u00f5es configur\u00e1veis.\" \/>\n<meta property=\"og:url\" content=\"https:\/\/www.exatron.com.br\/es\/produtos\/timer-digital\/\" \/>\n<meta property=\"og:site_name\" content=\"EXATRON\" \/>\n<meta property=\"article:modified_time\" content=\"2026-04-22T11:54:00+00:00\" \/>\n<meta property=\"og:image\" content=\"https:\/\/www.exatron.com.br\/wp-content\/uploads\/letm4003-5.png\" \/>\n\t<meta property=\"og:image:width\" content=\"1000\" \/>\n\t<meta property=\"og:image:height\" content=\"1000\" \/>\n\t<meta property=\"og:image:type\" content=\"image\/png\" \/>\n<meta name=\"twitter:card\" content=\"summary_large_image\" \/>\n<meta name=\"twitter:label1\" content=\"Tiempo de lectura\" \/>\n\t<meta name=\"twitter:data1\" content=\"1 minuto\" \/>\n<script type=\"application\/ld+json\" class=\"yoast-schema-graph\">{\"@context\":\"https:\\\/\\\/schema.org\",\"@graph\":[{\"@type\":\"WebPage\",\"@id\":\"https:\\\/\\\/www.exatron.com.br\\\/produtos\\\/timer-digital\\\/\",\"url\":\"https:\\\/\\\/www.exatron.com.br\\\/produtos\\\/timer-digital\\\/\",\"name\":\"Timer Temporizador Digital Bivolt - EXATRON\",\"isPartOf\":{\"@id\":\"https:\\\/\\\/www.exatron.com.br\\\/#website\"},\"primaryImageOfPage\":{\"@id\":\"https:\\\/\\\/www.exatron.com.br\\\/produtos\\\/timer-digital\\\/#primaryimage\"},\"image\":{\"@id\":\"https:\\\/\\\/www.exatron.com.br\\\/produtos\\\/timer-digital\\\/#primaryimage\"},\"thumbnailUrl\":\"https:\\\/\\\/www.exatron.com.br\\\/wp-content\\\/uploads\\\/letm4003-5.png\",\"datePublished\":\"2025-12-08T15:08:46+00:00\",\"dateModified\":\"2026-04-22T11:54:00+00:00\",\"description\":\"Timer Temporizador Digital LETM4003 Exatron: controle cargas com 40 programa\u00e7\u00f5es, bivolt, instala\u00e7\u00e3o plug n' play e fun\u00e7\u00f5es configur\u00e1veis.\",\"breadcrumb\":{\"@id\":\"https:\\\/\\\/www.exatron.com.br\\\/produtos\\\/timer-digital\\\/#breadcrumb\"},\"inLanguage\":\"es\",\"potentialAction\":[{\"@type\":\"ReadAction\",\"target\":[\"https:\\\/\\\/www.exatron.com.br\\\/produtos\\\/timer-digital\\\/\"]}]},{\"@type\":\"ImageObject\",\"inLanguage\":\"es\",\"@id\":\"https:\\\/\\\/www.exatron.com.br\\\/produtos\\\/timer-digital\\\/#primaryimage\",\"url\":\"https:\\\/\\\/www.exatron.com.br\\\/wp-content\\\/uploads\\\/letm4003-5.png\",\"contentUrl\":\"https:\\\/\\\/www.exatron.com.br\\\/wp-content\\\/uploads\\\/letm4003-5.png\",\"width\":1000,\"height\":1000,\"caption\":\"Timer Temporizador Digital Bivolt - Frente\"},{\"@type\":\"BreadcrumbList\",\"@id\":\"https:\\\/\\\/www.exatron.com.br\\\/produtos\\\/timer-digital\\\/#breadcrumb\",\"itemListElement\":[{\"@type\":\"ListItem\",\"position\":1,\"name\":\"In\u00edcio\",\"item\":\"https:\\\/\\\/www.exatron.com.br\\\/\"},{\"@type\":\"ListItem\",\"position\":2,\"name\":\"Loja\",\"item\":\"https:\\\/\\\/www.exatron.com.br\\\/loja\\\/\"},{\"@type\":\"ListItem\",\"position\":3,\"name\":\"Timer Temporizador Digital Bivolt\"}]},{\"@type\":\"WebSite\",\"@id\":\"https:\\\/\\\/www.exatron.com.br\\\/#website\",\"url\":\"https:\\\/\\\/www.exatron.com.br\\\/\",\"name\":\"EXATRON\",\"description\":\"\",\"publisher\":{\"@id\":\"https:\\\/\\\/www.exatron.com.br\\\/#organization\"},\"potentialAction\":[{\"@type\":\"SearchAction\",\"target\":{\"@type\":\"EntryPoint\",\"urlTemplate\":\"https:\\\/\\\/www.exatron.com.br\\\/?s={search_term_string}\"},\"query-input\":{\"@type\":\"PropertyValueSpecification\",\"valueRequired\":true,\"valueName\":\"search_term_string\"}}],\"inLanguage\":\"es\"},{\"@type\":\"Organization\",\"@id\":\"https:\\\/\\\/www.exatron.com.br\\\/#organization\",\"name\":\"EXATRON\",\"url\":\"https:\\\/\\\/www.exatron.com.br\\\/\",\"logo\":{\"@type\":\"ImageObject\",\"inLanguage\":\"es\",\"@id\":\"https:\\\/\\\/www.exatron.com.br\\\/#\\\/schema\\\/logo\\\/image\\\/\",\"url\":\"https:\\\/\\\/www.exatron.com.br\\\/wp-content\\\/uploads\\\/2024\\\/11\\\/default-kit.png\",\"contentUrl\":\"https:\\\/\\\/www.exatron.com.br\\\/wp-content\\\/uploads\\\/2024\\\/11\\\/default-kit.png\",\"width\":956,\"height\":192,\"caption\":\"EXATRON\"},\"image\":{\"@id\":\"https:\\\/\\\/www.exatron.com.br\\\/#\\\/schema\\\/logo\\\/image\\\/\"}}]}<\/script>\n<!-- \/ Yoast SEO plugin. -->","yoast_head_json":{"title":"Timer Temporizador Digital Bivolt - EXATRON","description":"Timer Temporizador Digital LETM4003 Exatron: controle cargas com 40 programa\u00e7\u00f5es, bivolt, instala\u00e7\u00e3o plug n' play e fun\u00e7\u00f5es configur\u00e1veis.","robots":{"index":"index","follow":"follow","max-snippet":"max-snippet:-1","max-image-preview":"max-image-preview:large","max-video-preview":"max-video-preview:-1"},"canonical":"https:\/\/www.exatron.com.br\/es\/produtos\/timer-digital\/","og_locale":"es_ES","og_type":"article","og_title":"Timer Temporizador Digital Bivolt - EXATRON","og_description":"Timer Temporizador Digital LETM4003 Exatron: controle cargas com 40 programa\u00e7\u00f5es, bivolt, instala\u00e7\u00e3o plug n' play e fun\u00e7\u00f5es configur\u00e1veis.","og_url":"https:\/\/www.exatron.com.br\/es\/produtos\/timer-digital\/","og_site_name":"EXATRON","article_modified_time":"2026-04-22T11:54:00+00:00","og_image":[{"width":1000,"height":1000,"url":"https:\/\/www.exatron.com.br\/wp-content\/uploads\/letm4003-5.png","type":"image\/png"}],"twitter_card":"summary_large_image","twitter_misc":{"Tiempo de lectura":"1 minuto"},"schema":{"@context":"https:\/\/schema.org","@graph":[{"@type":"WebPage","@id":"https:\/\/www.exatron.com.br\/produtos\/timer-digital\/","url":"https:\/\/www.exatron.com.br\/produtos\/timer-digital\/","name":"Timer Temporizador Digital Bivolt - EXATRON","isPartOf":{"@id":"https:\/\/www.exatron.com.br\/#website"},"primaryImageOfPage":{"@id":"https:\/\/www.exatron.com.br\/produtos\/timer-digital\/#primaryimage"},"image":{"@id":"https:\/\/www.exatron.com.br\/produtos\/timer-digital\/#primaryimage"},"thumbnailUrl":"https:\/\/www.exatron.com.br\/wp-content\/uploads\/letm4003-5.png","datePublished":"2025-12-08T15:08:46+00:00","dateModified":"2026-04-22T11:54:00+00:00","description":"Timer Temporizador Digital LETM4003 Exatron: controle cargas com 40 programa\u00e7\u00f5es, bivolt, instala\u00e7\u00e3o plug n' play e fun\u00e7\u00f5es configur\u00e1veis.","breadcrumb":{"@id":"https:\/\/www.exatron.com.br\/produtos\/timer-digital\/#breadcrumb"},"inLanguage":"es","potentialAction":[{"@type":"ReadAction","target":["https:\/\/www.exatron.com.br\/produtos\/timer-digital\/"]}]},{"@type":"ImageObject","inLanguage":"es","@id":"https:\/\/www.exatron.com.br\/produtos\/timer-digital\/#primaryimage","url":"https:\/\/www.exatron.com.br\/wp-content\/uploads\/letm4003-5.png","contentUrl":"https:\/\/www.exatron.com.br\/wp-content\/uploads\/letm4003-5.png","width":1000,"height":1000,"caption":"Timer Temporizador Digital Bivolt - Frente"},{"@type":"BreadcrumbList","@id":"https:\/\/www.exatron.com.br\/produtos\/timer-digital\/#breadcrumb","itemListElement":[{"@type":"ListItem","position":1,"name":"In\u00edcio","item":"https:\/\/www.exatron.com.br\/"},{"@type":"ListItem","position":2,"name":"Loja","item":"https:\/\/www.exatron.com.br\/loja\/"},{"@type":"ListItem","position":3,"name":"Timer Temporizador Digital Bivolt"}]},{"@type":"WebSite","@id":"https:\/\/www.exatron.com.br\/#website","url":"https:\/\/www.exatron.com.br\/","name":"EXATRON","description":"","publisher":{"@id":"https:\/\/www.exatron.com.br\/#organization"},"potentialAction":[{"@type":"SearchAction","target":{"@type":"EntryPoint","urlTemplate":"https:\/\/www.exatron.com.br\/?s={search_term_string}"},"query-input":{"@type":"PropertyValueSpecification","valueRequired":true,"valueName":"search_term_string"}}],"inLanguage":"es"},{"@type":"Organization","@id":"https:\/\/www.exatron.com.br\/#organization","name":"EXATRON","url":"https:\/\/www.exatron.com.br\/","logo":{"@type":"ImageObject","inLanguage":"es","@id":"https:\/\/www.exatron.com.br\/#\/schema\/logo\/image\/","url":"https:\/\/www.exatron.com.br\/wp-content\/uploads\/2024\/11\/default-kit.png","contentUrl":"https:\/\/www.exatron.com.br\/wp-content\/uploads\/2024\/11\/default-kit.png","width":956,"height":192,"caption":"EXATRON"},"image":{"@id":"https:\/\/www.exatron.com.br\/#\/schema\/logo\/image\/"}}]}},"_links":{"self":[{"href":"https:\/\/www.exatron.com.br\/es\/wp-json\/wp\/v2\/product\/10700","targetHints":{"allow":["GET"]}}],"collection":[{"href":"https:\/\/www.exatron.com.br\/es\/wp-json\/wp\/v2\/product"}],"about":[{"href":"https:\/\/www.exatron.com.br\/es\/wp-json\/wp\/v2\/types\/product"}],"replies":[{"embeddable":true,"href":"https:\/\/www.exatron.com.br\/es\/wp-json\/wp\/v2\/comments?post=10700"}],"wp:featuredmedia":[{"embeddable":true,"href":"https:\/\/www.exatron.com.br\/es\/wp-json\/wp\/v2\/media\/14039"}],"wp:attachment":[{"href":"https:\/\/www.exatron.com.br\/es\/wp-json\/wp\/v2\/media?parent=10700"}],"wp:term":[{"taxonomy":"aplicacao","embeddable":true,"href":"https:\/\/www.exatron.com.br\/es\/wp-json\/wp\/v2\/aplicacao?post=10700"},{"taxonomy":"product_brand","embeddable":true,"href":"https:\/\/www.exatron.com.br\/es\/wp-json\/wp\/v2\/product_brand?post=10700"},{"taxonomy":"product_cat","embeddable":true,"href":"https:\/\/www.exatron.com.br\/es\/wp-json\/wp\/v2\/product_cat?post=10700"},{"taxonomy":"product_tag","embeddable":true,"href":"https:\/\/www.exatron.com.br\/es\/wp-json\/wp\/v2\/product_tag?post=10700"}],"curies":[{"name":"wp","href":"https:\/\/api.w.org\/{rel}","templated":true}]}}