{"id":10701,"date":"2025-12-08T15:08:46","date_gmt":"2025-12-08T15:08:46","guid":{"rendered":""},"modified":"2026-04-17T14:26:42","modified_gmt":"2026-04-17T17:26:42","slug":"sensor-de-presenca-de-parede-smart-x-control-conjunto-placa-4x2-1-3-suporte","status":"publish","type":"product","link":"https:\/\/www.exatron.com.br\/es\/produtos\/sensor-de-presenca-de-parede-smart-x-control-conjunto-placa-4x2-1-3-suporte\/","title":{"rendered":"Sensor de presencia de montaje en pared Smart X-Control (placa de 4 x 2 1\/3 + soporte)"},"content":{"rendered":"<h3>Especificaciones t\u00e9cnicas<\/h3>\n<ul>\n<li>Voltaje: 100-240V~;<\/li>\n<li>Consumo de energ\u00eda: &lt;1W;<\/li>\n<li>Frecuencia de funcionamiento: 50-60Hz;<\/li>\n<li>Protecci\u00f3n contra sobretensiones: 1KV;<\/li>\n<li>Dimensiones: 122 (alto) x 82 (ancho) x 34,74 (largo) mm;<\/li>\n<li>Cobertura: 120\u00b0 con un alcance de hasta 7m a una temperatura ambiente de 25\u00b0C, a una altura de 1,2m;<\/li>\n<li>Conexi\u00f3n el\u00e9ctrica: Conector de cable para cables de 0,5 mm\u00b2 a 2,5 mm\u00b2 (cables no incluidos);<\/li>\n<li>Ajustes de tiempo: 1 a 5 segundos, 10, 15, 30 y 45 segundos; 1 a 5 minutos, 10, 15, 20, 25, 30, 40 y 50 minutos; 1 hora, 1:30, 2, 2:30, 3, 3:30 y 4 horas;<\/li>\n<li>Sensor de luz: 1 (de noche) a 30 (al anochecer) y 31 (siempre, sin fotoc\u00e9lula). Autolux: memoriza la luz ambiental actual como nivel m\u00ednimo de luz ambiental.<\/li>\n<li>Ajuste de sensibilidad: 1 (movimientos bruscos) a 8 (mayor alcance);<\/li>\n<li>Funci\u00f3n de rel\u00e9: El sensor funciona como un rel\u00e9 fotocontrolado temporizado. Al anochecer, mantiene la carga encendida durante el tiempo programado (de 0:30 a 12 horas) y luego vuelve a la funci\u00f3n de sensor.<\/li>\n<li>Funci\u00f3n Keep On: Mantiene la carga encendida durante el tiempo programado (de 0:30 a 12 horas). Acci\u00f3n \u00fanica.<\/li>\n<li>Funci\u00f3n de apagado: Mantiene la carga apagada durante el tiempo programado (de 0:30 a 12 horas). Acci\u00f3n \u00fanica.<\/li>\n<li>Habilitar\/Deshabilitar la funci\u00f3n LED: Le permite deshabilitar el LED, evitando que el producto parpadee cuando detecta movimiento;<\/li>\n<li>Tecnolog\u00eda exclusiva Inrush Control, un sistema de conmutaci\u00f3n de red casi nula (onda sinusoidal) que aumenta la vida \u00fatil del conjunto de carga (l\u00e1mparas, balasto y sensor);<\/li>\n<li>Tiene un indicador LED de funcionamiento, detecci\u00f3n y par\u00e1metros configurados: cuando el producto est\u00e1 funcionando en uno de los siguientes modos: Funci\u00f3n de rel\u00e9, Mantener encendido o Mantener apagado, el LED oscila (parpadea lenta y gradualmente);<\/li>\n<li>Detecta fuentes de calor (personas, coches, etc.) que deben tener al menos 3\u00b0C de diferencia con la temperatura ambiente donde est\u00e1 instalado el sensor (uso en interiores, protegido de la intemperie (viento, lluvia y sol);<\/li>\n<li>El sensor guarda los par\u00e1metros configurados previamente (configuraci\u00f3n del temporizador, brillo, sensibilidad y modo de funcionamiento) en caso de corte de energ\u00eda y restablecimiento;<\/li>\n<li>Las potencias m\u00e1ximas de accionamiento no se deben sumar en instalaciones en paralelo;<\/li>\n<li>Ahorro de energ\u00eda de hasta 75%;<\/li>\n<li>Grado de protecci\u00f3n: IP32;<\/li>\n<li>Componentes: pl\u00e1sticos, electr\u00f3nicos y aleaciones met\u00e1licas.<\/li>\n<\/ul>\n<figure class=\"table\">\n<table>\n<tbody>\n<tr>\n<td rowspan=\"3\"><strong>Capacidad de carga<\/strong><\/p>\n<p><strong>(l\u00e1mparas)<\/strong><\/td>\n<td><strong>Alimento<\/strong><\/td>\n<td><strong>Electr\u00f3nica\/LED\/Hal\u00f3geno<\/strong><\/td>\n<\/tr>\n<tr>\n<td>127 V<\/td>\n<td>120 W<\/td>\n<\/tr>\n<tr>\n<td>220 V<\/td>\n<td>220 W<\/td>\n<\/tr>\n<tr>\n<td colspan=\"3\"><strong>THD&lt;20% y FP&gt;0,90<\/strong><\/td>\n<\/tr>\n<\/tbody>\n<\/table>\n<\/figure>","protected":false},"excerpt":{"rendered":"<p>O Sensor de Presen\u00e7a de parede Smart X-Control (Conjunto Placa 4&#215;2 1\/3 + Suporte &#8211; LESP4006XC) \u00a0\u00e9 um comando inteligente que se destina ao acionamento temporizado de cargas. Detecta a movimenta\u00e7\u00e3o de fontes de calor como pessoas e carros, atrav\u00e9s de um sensor infravermelho, acionando a carga e permanecendo ligado enquanto houver detec\u00e7\u00e3o de presen\u00e7a e desligando no tempo programado, ap\u00f3s a \u00faltima detec\u00e7\u00e3o de presen\u00e7a.<\/p>\n<p>Cuenta con la exclusiva tecnolog\u00eda Smart X-Control* que te permite configurar tu sensor v\u00eda smartphone sin necesidad de abrirlo, exponerte a la electricidad o tener que apagar los magnetot\u00e9rmicos.<\/p>\n<p>*Aplicaci\u00f3n disponible para dispositivos iOS y Android.<\/p>","protected":false},"featured_media":14573,"comment_status":"open","ping_status":"closed","template":"","meta":{"_acf_changed":false,"_joinchat":[]},"aplicacao":[267],"product_brand":[],"product_cat":[383,326,381],"product_tag":[656,582,657,655,632,634,635,658,648],"class_list":{"0":"post-10701","1":"product","2":"type-product","3":"status-publish","4":"has-post-thumbnail","6":"aplicacao-iluminacao-interna-sensores-de-presenca","7":"product_cat-4x2","8":"product_cat-sensores-de-presenca-para-iluminacao","9":"product_cat-smart-x-control","10":"product_tag-deteccao-120","11":"product_tag-economia-de-energia","12":"product_tag-ip32","13":"product_tag-placa-4x2","14":"product_tag-sensor","15":"product_tag-sensor-de-presenca-de-parede","16":"product_tag-sensor-de-presenca-para-iluminacao","17":"product_tag-sensor-para-ambientes-internos","18":"product_tag-tecnologia-smart-x-control","20":"first","21":"indisponivel","22":"shipping-taxable","23":"product-type-variable","24":"has-default-attributes"},"acf":[],"yoast_head":"<!-- This site is optimized with the Yoast SEO plugin v27.3 - https:\/\/yoast.com\/product\/yoast-seo-wordpress\/ -->\n<title>Sensor de Presen\u00e7a de Parede Smart X-Control (Conjunto Placa 4x2 1\/3 + Suporte) - EXATRON<\/title>\n<meta name=\"description\" content=\"LESP4006XC: Sensor Smart X-Control, com 4 diferentes cores, detec\u00e7\u00e3o 120\u00b0 e ajuste de tempo via app. Eficiente para ilumina\u00e7\u00e3o com economia.\" \/>\n<meta name=\"robots\" content=\"index, follow, max-snippet:-1, max-image-preview:large, max-video-preview:-1\" \/>\n<link rel=\"canonical\" href=\"https:\/\/www.exatron.com.br\/es\/produtos\/sensor-de-presenca-de-parede-smart-x-control-conjunto-placa-4x2-1-3-suporte\/\" \/>\n<meta property=\"og:locale\" content=\"es_ES\" \/>\n<meta property=\"og:type\" content=\"article\" \/>\n<meta property=\"og:title\" content=\"Sensor de Presen\u00e7a de Parede Smart X-Control (Conjunto Placa 4x2 1\/3 + Suporte) - EXATRON\" \/>\n<meta property=\"og:description\" content=\"LESP4006XC: Sensor Smart X-Control, com 4 diferentes cores, detec\u00e7\u00e3o 120\u00b0 e ajuste de tempo via app. Eficiente para ilumina\u00e7\u00e3o com economia.\" \/>\n<meta property=\"og:url\" content=\"https:\/\/www.exatron.com.br\/es\/produtos\/sensor-de-presenca-de-parede-smart-x-control-conjunto-placa-4x2-1-3-suporte\/\" \/>\n<meta property=\"og:site_name\" content=\"EXATRON\" \/>\n<meta property=\"article:modified_time\" content=\"2026-04-17T17:26:42+00:00\" \/>\n<meta property=\"og:image\" content=\"https:\/\/www.exatron.com.br\/wp-content\/uploads\/lesp4006xc2_2.png\" \/>\n\t<meta property=\"og:image:width\" content=\"1000\" \/>\n\t<meta property=\"og:image:height\" content=\"1000\" \/>\n\t<meta property=\"og:image:type\" content=\"image\/png\" \/>\n<meta name=\"twitter:card\" content=\"summary_large_image\" \/>\n<meta name=\"twitter:label1\" content=\"Tiempo de lectura\" \/>\n\t<meta name=\"twitter:data1\" content=\"3 minutos\" \/>\n<script type=\"application\/ld+json\" class=\"yoast-schema-graph\">{\"@context\":\"https:\\\/\\\/schema.org\",\"@graph\":[{\"@type\":\"WebPage\",\"@id\":\"https:\\\/\\\/www.exatron.com.br\\\/produtos\\\/sensor-de-presenca-de-parede-smart-x-control-conjunto-placa-4x2-1-3-suporte\\\/\",\"url\":\"https:\\\/\\\/www.exatron.com.br\\\/produtos\\\/sensor-de-presenca-de-parede-smart-x-control-conjunto-placa-4x2-1-3-suporte\\\/\",\"name\":\"Sensor de Presen\u00e7a de Parede Smart X-Control (Conjunto Placa 4x2 1\\\/3 + Suporte) - EXATRON\",\"isPartOf\":{\"@id\":\"https:\\\/\\\/www.exatron.com.br\\\/#website\"},\"primaryImageOfPage\":{\"@id\":\"https:\\\/\\\/www.exatron.com.br\\\/produtos\\\/sensor-de-presenca-de-parede-smart-x-control-conjunto-placa-4x2-1-3-suporte\\\/#primaryimage\"},\"image\":{\"@id\":\"https:\\\/\\\/www.exatron.com.br\\\/produtos\\\/sensor-de-presenca-de-parede-smart-x-control-conjunto-placa-4x2-1-3-suporte\\\/#primaryimage\"},\"thumbnailUrl\":\"https:\\\/\\\/www.exatron.com.br\\\/wp-content\\\/uploads\\\/lesp4006xc2_2.png\",\"datePublished\":\"2025-12-08T15:08:46+00:00\",\"dateModified\":\"2026-04-17T17:26:42+00:00\",\"description\":\"LESP4006XC: Sensor Smart X-Control, com 4 diferentes cores, detec\u00e7\u00e3o 120\u00b0 e ajuste de tempo via app. Eficiente para ilumina\u00e7\u00e3o com economia.\",\"breadcrumb\":{\"@id\":\"https:\\\/\\\/www.exatron.com.br\\\/produtos\\\/sensor-de-presenca-de-parede-smart-x-control-conjunto-placa-4x2-1-3-suporte\\\/#breadcrumb\"},\"inLanguage\":\"es\",\"potentialAction\":[{\"@type\":\"ReadAction\",\"target\":[\"https:\\\/\\\/www.exatron.com.br\\\/produtos\\\/sensor-de-presenca-de-parede-smart-x-control-conjunto-placa-4x2-1-3-suporte\\\/\"]}]},{\"@type\":\"ImageObject\",\"inLanguage\":\"es\",\"@id\":\"https:\\\/\\\/www.exatron.com.br\\\/produtos\\\/sensor-de-presenca-de-parede-smart-x-control-conjunto-placa-4x2-1-3-suporte\\\/#primaryimage\",\"url\":\"https:\\\/\\\/www.exatron.com.br\\\/wp-content\\\/uploads\\\/lesp4006xc2_2.png\",\"contentUrl\":\"https:\\\/\\\/www.exatron.com.br\\\/wp-content\\\/uploads\\\/lesp4006xc2_2.png\",\"width\":1000,\"height\":1000,\"caption\":\"Sensor de Presen\u00e7a Parede Smart X-Control 2.0 (Conjunto Placa 4\u00d72 1\\\/3 + Suporte) - Frente\"},{\"@type\":\"BreadcrumbList\",\"@id\":\"https:\\\/\\\/www.exatron.com.br\\\/produtos\\\/sensor-de-presenca-de-parede-smart-x-control-conjunto-placa-4x2-1-3-suporte\\\/#breadcrumb\",\"itemListElement\":[{\"@type\":\"ListItem\",\"position\":1,\"name\":\"In\u00edcio\",\"item\":\"https:\\\/\\\/www.exatron.com.br\\\/\"},{\"@type\":\"ListItem\",\"position\":2,\"name\":\"Loja\",\"item\":\"https:\\\/\\\/www.exatron.com.br\\\/loja\\\/\"},{\"@type\":\"ListItem\",\"position\":3,\"name\":\"Sensor de Presen\u00e7a de Parede Smart X-Control (Conjunto Placa 4&#215;2 1\\\/3 + Suporte)\"}]},{\"@type\":\"WebSite\",\"@id\":\"https:\\\/\\\/www.exatron.com.br\\\/#website\",\"url\":\"https:\\\/\\\/www.exatron.com.br\\\/\",\"name\":\"EXATRON\",\"description\":\"\",\"publisher\":{\"@id\":\"https:\\\/\\\/www.exatron.com.br\\\/#organization\"},\"potentialAction\":[{\"@type\":\"SearchAction\",\"target\":{\"@type\":\"EntryPoint\",\"urlTemplate\":\"https:\\\/\\\/www.exatron.com.br\\\/?s={search_term_string}\"},\"query-input\":{\"@type\":\"PropertyValueSpecification\",\"valueRequired\":true,\"valueName\":\"search_term_string\"}}],\"inLanguage\":\"es\"},{\"@type\":\"Organization\",\"@id\":\"https:\\\/\\\/www.exatron.com.br\\\/#organization\",\"name\":\"EXATRON\",\"url\":\"https:\\\/\\\/www.exatron.com.br\\\/\",\"logo\":{\"@type\":\"ImageObject\",\"inLanguage\":\"es\",\"@id\":\"https:\\\/\\\/www.exatron.com.br\\\/#\\\/schema\\\/logo\\\/image\\\/\",\"url\":\"https:\\\/\\\/www.exatron.com.br\\\/wp-content\\\/uploads\\\/2024\\\/11\\\/default-kit.png\",\"contentUrl\":\"https:\\\/\\\/www.exatron.com.br\\\/wp-content\\\/uploads\\\/2024\\\/11\\\/default-kit.png\",\"width\":956,\"height\":192,\"caption\":\"EXATRON\"},\"image\":{\"@id\":\"https:\\\/\\\/www.exatron.com.br\\\/#\\\/schema\\\/logo\\\/image\\\/\"}}]}<\/script>\n<!-- \/ Yoast SEO plugin. -->","yoast_head_json":{"title":"Sensor de Presen\u00e7a de Parede Smart X-Control (Conjunto Placa 4x2 1\/3 + Suporte) - EXATRON","description":"LESP4006XC: Sensor Smart X-Control, com 4 diferentes cores, detec\u00e7\u00e3o 120\u00b0 e ajuste de tempo via app. Eficiente para ilumina\u00e7\u00e3o com economia.","robots":{"index":"index","follow":"follow","max-snippet":"max-snippet:-1","max-image-preview":"max-image-preview:large","max-video-preview":"max-video-preview:-1"},"canonical":"https:\/\/www.exatron.com.br\/es\/produtos\/sensor-de-presenca-de-parede-smart-x-control-conjunto-placa-4x2-1-3-suporte\/","og_locale":"es_ES","og_type":"article","og_title":"Sensor de Presen\u00e7a de Parede Smart X-Control (Conjunto Placa 4x2 1\/3 + Suporte) - EXATRON","og_description":"LESP4006XC: Sensor Smart X-Control, com 4 diferentes cores, detec\u00e7\u00e3o 120\u00b0 e ajuste de tempo via app. Eficiente para ilumina\u00e7\u00e3o com economia.","og_url":"https:\/\/www.exatron.com.br\/es\/produtos\/sensor-de-presenca-de-parede-smart-x-control-conjunto-placa-4x2-1-3-suporte\/","og_site_name":"EXATRON","article_modified_time":"2026-04-17T17:26:42+00:00","og_image":[{"width":1000,"height":1000,"url":"https:\/\/www.exatron.com.br\/wp-content\/uploads\/lesp4006xc2_2.png","type":"image\/png"}],"twitter_card":"summary_large_image","twitter_misc":{"Tiempo de lectura":"3 minutos"},"schema":{"@context":"https:\/\/schema.org","@graph":[{"@type":"WebPage","@id":"https:\/\/www.exatron.com.br\/produtos\/sensor-de-presenca-de-parede-smart-x-control-conjunto-placa-4x2-1-3-suporte\/","url":"https:\/\/www.exatron.com.br\/produtos\/sensor-de-presenca-de-parede-smart-x-control-conjunto-placa-4x2-1-3-suporte\/","name":"Sensor de Presen\u00e7a de Parede Smart X-Control (Conjunto Placa 4x2 1\/3 + Suporte) - EXATRON","isPartOf":{"@id":"https:\/\/www.exatron.com.br\/#website"},"primaryImageOfPage":{"@id":"https:\/\/www.exatron.com.br\/produtos\/sensor-de-presenca-de-parede-smart-x-control-conjunto-placa-4x2-1-3-suporte\/#primaryimage"},"image":{"@id":"https:\/\/www.exatron.com.br\/produtos\/sensor-de-presenca-de-parede-smart-x-control-conjunto-placa-4x2-1-3-suporte\/#primaryimage"},"thumbnailUrl":"https:\/\/www.exatron.com.br\/wp-content\/uploads\/lesp4006xc2_2.png","datePublished":"2025-12-08T15:08:46+00:00","dateModified":"2026-04-17T17:26:42+00:00","description":"LESP4006XC: Sensor Smart X-Control, com 4 diferentes cores, detec\u00e7\u00e3o 120\u00b0 e ajuste de tempo via app. Eficiente para ilumina\u00e7\u00e3o com economia.","breadcrumb":{"@id":"https:\/\/www.exatron.com.br\/produtos\/sensor-de-presenca-de-parede-smart-x-control-conjunto-placa-4x2-1-3-suporte\/#breadcrumb"},"inLanguage":"es","potentialAction":[{"@type":"ReadAction","target":["https:\/\/www.exatron.com.br\/produtos\/sensor-de-presenca-de-parede-smart-x-control-conjunto-placa-4x2-1-3-suporte\/"]}]},{"@type":"ImageObject","inLanguage":"es","@id":"https:\/\/www.exatron.com.br\/produtos\/sensor-de-presenca-de-parede-smart-x-control-conjunto-placa-4x2-1-3-suporte\/#primaryimage","url":"https:\/\/www.exatron.com.br\/wp-content\/uploads\/lesp4006xc2_2.png","contentUrl":"https:\/\/www.exatron.com.br\/wp-content\/uploads\/lesp4006xc2_2.png","width":1000,"height":1000,"caption":"Sensor de Presen\u00e7a Parede Smart X-Control 2.0 (Conjunto Placa 4\u00d72 1\/3 + Suporte) - Frente"},{"@type":"BreadcrumbList","@id":"https:\/\/www.exatron.com.br\/produtos\/sensor-de-presenca-de-parede-smart-x-control-conjunto-placa-4x2-1-3-suporte\/#breadcrumb","itemListElement":[{"@type":"ListItem","position":1,"name":"In\u00edcio","item":"https:\/\/www.exatron.com.br\/"},{"@type":"ListItem","position":2,"name":"Loja","item":"https:\/\/www.exatron.com.br\/loja\/"},{"@type":"ListItem","position":3,"name":"Sensor de Presen\u00e7a de Parede Smart X-Control (Conjunto Placa 4&#215;2 1\/3 + Suporte)"}]},{"@type":"WebSite","@id":"https:\/\/www.exatron.com.br\/#website","url":"https:\/\/www.exatron.com.br\/","name":"EXATRON","description":"","publisher":{"@id":"https:\/\/www.exatron.com.br\/#organization"},"potentialAction":[{"@type":"SearchAction","target":{"@type":"EntryPoint","urlTemplate":"https:\/\/www.exatron.com.br\/?s={search_term_string}"},"query-input":{"@type":"PropertyValueSpecification","valueRequired":true,"valueName":"search_term_string"}}],"inLanguage":"es"},{"@type":"Organization","@id":"https:\/\/www.exatron.com.br\/#organization","name":"EXATRON","url":"https:\/\/www.exatron.com.br\/","logo":{"@type":"ImageObject","inLanguage":"es","@id":"https:\/\/www.exatron.com.br\/#\/schema\/logo\/image\/","url":"https:\/\/www.exatron.com.br\/wp-content\/uploads\/2024\/11\/default-kit.png","contentUrl":"https:\/\/www.exatron.com.br\/wp-content\/uploads\/2024\/11\/default-kit.png","width":956,"height":192,"caption":"EXATRON"},"image":{"@id":"https:\/\/www.exatron.com.br\/#\/schema\/logo\/image\/"}}]}},"_links":{"self":[{"href":"https:\/\/www.exatron.com.br\/es\/wp-json\/wp\/v2\/product\/10701","targetHints":{"allow":["GET"]}}],"collection":[{"href":"https:\/\/www.exatron.com.br\/es\/wp-json\/wp\/v2\/product"}],"about":[{"href":"https:\/\/www.exatron.com.br\/es\/wp-json\/wp\/v2\/types\/product"}],"replies":[{"embeddable":true,"href":"https:\/\/www.exatron.com.br\/es\/wp-json\/wp\/v2\/comments?post=10701"}],"wp:featuredmedia":[{"embeddable":true,"href":"https:\/\/www.exatron.com.br\/es\/wp-json\/wp\/v2\/media\/14573"}],"wp:attachment":[{"href":"https:\/\/www.exatron.com.br\/es\/wp-json\/wp\/v2\/media?parent=10701"}],"wp:term":[{"taxonomy":"aplicacao","embeddable":true,"href":"https:\/\/www.exatron.com.br\/es\/wp-json\/wp\/v2\/aplicacao?post=10701"},{"taxonomy":"product_brand","embeddable":true,"href":"https:\/\/www.exatron.com.br\/es\/wp-json\/wp\/v2\/product_brand?post=10701"},{"taxonomy":"product_cat","embeddable":true,"href":"https:\/\/www.exatron.com.br\/es\/wp-json\/wp\/v2\/product_cat?post=10701"},{"taxonomy":"product_tag","embeddable":true,"href":"https:\/\/www.exatron.com.br\/es\/wp-json\/wp\/v2\/product_tag?post=10701"}],"curies":[{"name":"wp","href":"https:\/\/api.w.org\/{rel}","templated":true}]}}