{"id":10704,"date":"2025-12-08T15:08:46","date_gmt":"2025-12-08T15:08:46","guid":{"rendered":""},"modified":"2026-04-22T14:44:22","modified_gmt":"2026-04-22T17:44:22","slug":"rele-smart-controle-de-cortina","status":"publish","type":"product","link":"https:\/\/www.exatron.com.br\/es\/produtos\/rele-smart-controle-de-cortina\/","title":{"rendered":"Rel\u00e9 de control de cortinas inteligentes"},"content":{"rendered":"<h3>Especificaciones t\u00e9cnicas<\/h3>\n<p>\u2022\u00a0Tens\u00e3o: 100-240V~ 50\/60Hz;<\/p>\n<p>\u2022\u00a0Consumo pr\u00f3prio: &lt;1W;<\/p>\n<p>\u2022\u00a0Corrente nominal resistiva: 2A (m\u00e1ximo suportado pelo produto);<\/p>\n<p>\u2022\u00a0Dist\u00e2ncia m\u00e1xima do Gateway Wi-Fi\/BLE SIG Mesh ou de dispositivo com BLE SIG Mesh: At\u00e9 10 metros sem obst\u00e1culos. A dimens\u00e3o da rede depende do n\u00famero de dispositivos e rotas de repeti\u00e7\u00e3o;<\/p>\n<p>\u2022\u00a0Dist\u00e2ncia m\u00e1xima entre os LSRL6003 para repeti\u00e7\u00e3o do BLE SIG Mesh: At\u00e9 15 metros em ambiente aberto;<\/p>\n<p>\u2022\u00a0Grau de prote\u00e7\u00e3o: IP20.<\/p>\n<figure class=\"table\">\n<table>\n<tbody>\n<tr>\n<td style=\"text-align: center\" rowspan=\"3\"><strong>Potencia de control:<\/strong><\/td>\n<td style=\"text-align: center\"><strong>Voltaje<\/strong><\/td>\n<td style=\"text-align: center\"><strong>Motor<\/strong><\/td>\n<\/tr>\n<tr>\n<td style=\"text-align: center\">127V~<\/td>\n<td style=\"text-align: center\">200 W<\/td>\n<\/tr>\n<tr>\n<td style=\"text-align: center\">220V~<\/td>\n<td style=\"text-align: center\">300 W<\/td>\n<\/tr>\n<\/tbody>\n<\/table>\n<\/figure>\n<p>Obs.: A tabela acima apresenta a pot\u00eancia m\u00e1xima que o conjunto suporta. Esse dispositivo n\u00e3o deve ser utilizado no acionamento direto de motores e equipamentos el\u00e9tricos que possuam corrente de partida maior que a corrente m\u00e1xima do dispositivo. Para sua seguran\u00e7a, n\u00e3o abra o produto sob nenhuma circunst\u00e2ncia.<\/p>\n<p>&nbsp;<\/p>\n<h3>Instalaci\u00f3n<\/h3>\n<p>\u2022\u00a0Configure o Rel\u00e9 Smart Controle de Cortina pelo aplicativo myhouse X, dispon\u00edvel para download no Google Play e na App Store. Vers\u00e3o m\u00ednima do sistema operacional: iOS 11.0 \/ Android\u2122 7.0;<\/p>\n<p>\u2022\u00a0Instala\u00e7\u00e3o embutida em caixa 4X2, 4X4, caixa sextavada ou forro;<\/p>\n<p>\u2022 Utilizar em ambientes internos com cobertura BLE SIG Mesh, protegido de intemp\u00e9ries. Esse produto \u00e9 feito para instala\u00e7\u00e3o de acordo com o C\u00f3digo El\u00e9trico Nacional e regula\u00e7\u00f5es locais no Brasil (NBR5410).<\/p>","protected":false},"excerpt":{"rendered":"<p>O Rel\u00e9 Smart Controle de Cortina (LSRL6003) \u00e9 um dispositivo inteligente projetado para controlar a abertura e o fechamento de cortinas el\u00e9tricas. Compat\u00edvel com motores de cortina alimentados em 127\/220Vac, este rel\u00e9 oferece m\u00faltiplas op\u00e7\u00f5es de controle, como:<\/p>\n<p>\u2022 Aplicativo myhouse X: Permite controlar as cortinas de forma remota e automatizada, seja manualmente ou com base em agendamentos e cenas de automa\u00e7\u00e3o personalizadas. Para utilizar este recurso, \u00e9 necess\u00e1rio ter o Gateway Wi-Fi\/BLE SIG Mesh (LSIF6100) da Exatron integrado \u00e0 sua rede de automa\u00e7\u00e3o.<\/p>\n<p>\u2022 Controle Remoto RF 433MHz: Permite a c\u00f3pia dos comandos de controles remotos RF 433MHz (n\u00e3o criptografados) para operar a cortina de maneira simples e pr\u00e1tica. Este recurso garante a continuidade do uso de controles remotos existentes sem a necessidade de reconfigura\u00e7\u00e3o.<\/p>\n<p>\u2022 Interruptor Externo (Entradas I1 e\/ou I2): O dispositivo permite o controle manual da cortina por meio de um ou dois interruptores pulsadores conectados \u00e0s entradas I1 e\/ou I2. Estas entradas controlam o motor da cortina para abrir ou fechar.<\/p>\n<p>\u2022 Comando de voz (Amazon Alexa\/Google Assistente): O Rel\u00e9 Smart Controle de Cortina pode ser integrado aos assistentes virtuais Amazon Alexa e Google Assistente, permitindo o controle por comando de voz para maior praticidade no dia a dia.<\/p>\n<p>&nbsp;<\/p>\n<p>\u201cIncorpora produto homologado pela Anatel sob n\u00famero 07812-24-11765\u201d.<\/p>\n<p>\u201cEste equipamento n\u00e3o tem direito \u00e0 prote\u00e7\u00e3o contra interfer\u00eancia prejudicial e n\u00e3o pode causar interfer\u00eancia em sistema devidamente autorizados.\u201d<\/p>\n<p>\u201cPara maiores informa\u00e7\u00f5es consulte o site da Anatel www.gov.br\/anatel\/pt-br\/ \u201c<\/p>","protected":false},"featured_media":10280,"comment_status":"open","ping_status":"closed","template":"","meta":{"_acf_changed":false,"_joinchat":[]},"aplicacao":[],"product_brand":[],"product_cat":[322,365],"product_tag":[870,871,869],"class_list":{"0":"post-10704","1":"product","2":"type-product","3":"status-publish","4":"has-post-thumbnail","6":"product_cat-myhouse-x","7":"product_cat-rele-smart-controle-de-cortina","8":"product_tag-controlador-de-cortina","9":"product_tag-rele-cortina","10":"product_tag-rele-smart","12":"first","13":"instock","14":"shipping-taxable","15":"purchasable","16":"product-type-simple"},"acf":[],"yoast_head":"<!-- This site is optimized with the Yoast SEO plugin v27.3 - https:\/\/yoast.com\/product\/yoast-seo-wordpress\/ -->\n<title>Rel\u00e9 Smart Controle de Cortina - EXATRON<\/title>\n<meta name=\"description\" content=\"Com m\u00faltiplas op\u00e7\u00f5es de acionamento e integra\u00e7\u00e3o com assistentes de voz, ele transforma a experi\u00eancia do usu\u00e1rio, proporcionando um ambiente mais conectado.\" \/>\n<meta name=\"robots\" content=\"index, follow, max-snippet:-1, max-image-preview:large, max-video-preview:-1\" \/>\n<link rel=\"canonical\" href=\"https:\/\/www.exatron.com.br\/es\/produtos\/rele-smart-controle-de-cortina\/\" \/>\n<meta property=\"og:locale\" content=\"es_ES\" \/>\n<meta property=\"og:type\" content=\"article\" \/>\n<meta property=\"og:title\" content=\"Rel\u00e9 Smart Controle de Cortina - EXATRON\" \/>\n<meta property=\"og:description\" content=\"Com m\u00faltiplas op\u00e7\u00f5es de acionamento e integra\u00e7\u00e3o com assistentes de voz, ele transforma a experi\u00eancia do usu\u00e1rio, proporcionando um ambiente mais conectado.\" \/>\n<meta property=\"og:url\" content=\"https:\/\/www.exatron.com.br\/es\/produtos\/rele-smart-controle-de-cortina\/\" \/>\n<meta property=\"og:site_name\" content=\"EXATRON\" \/>\n<meta property=\"article:modified_time\" content=\"2026-04-22T17:44:22+00:00\" \/>\n<meta property=\"og:image\" content=\"https:\/\/www.exatron.com.br\/wp-content\/uploads\/2025\/12\/qbgzupx2i1tdz7fibcs6grytw1ug6thvrjrbeyfd.png\" \/>\n\t<meta property=\"og:image:width\" content=\"487\" \/>\n\t<meta property=\"og:image:height\" content=\"541\" \/>\n\t<meta property=\"og:image:type\" content=\"image\/png\" \/>\n<meta name=\"twitter:card\" content=\"summary_large_image\" \/>\n<meta name=\"twitter:label1\" content=\"Tiempo de lectura\" \/>\n\t<meta name=\"twitter:data1\" content=\"2 minutos\" \/>\n<script type=\"application\/ld+json\" class=\"yoast-schema-graph\">{\"@context\":\"https:\\\/\\\/schema.org\",\"@graph\":[{\"@type\":\"WebPage\",\"@id\":\"https:\\\/\\\/www.exatron.com.br\\\/produtos\\\/rele-smart-controle-de-cortina\\\/\",\"url\":\"https:\\\/\\\/www.exatron.com.br\\\/produtos\\\/rele-smart-controle-de-cortina\\\/\",\"name\":\"Rel\u00e9 Smart Controle de Cortina - EXATRON\",\"isPartOf\":{\"@id\":\"https:\\\/\\\/www.exatron.com.br\\\/#website\"},\"primaryImageOfPage\":{\"@id\":\"https:\\\/\\\/www.exatron.com.br\\\/produtos\\\/rele-smart-controle-de-cortina\\\/#primaryimage\"},\"image\":{\"@id\":\"https:\\\/\\\/www.exatron.com.br\\\/produtos\\\/rele-smart-controle-de-cortina\\\/#primaryimage\"},\"thumbnailUrl\":\"https:\\\/\\\/www.exatron.com.br\\\/wp-content\\\/uploads\\\/2025\\\/12\\\/qbgzupx2i1tdz7fibcs6grytw1ug6thvrjrbeyfd.png\",\"datePublished\":\"2025-12-08T15:08:46+00:00\",\"dateModified\":\"2026-04-22T17:44:22+00:00\",\"description\":\"Com m\u00faltiplas op\u00e7\u00f5es de acionamento e integra\u00e7\u00e3o com assistentes de voz, ele transforma a experi\u00eancia do usu\u00e1rio, proporcionando um ambiente mais conectado.\",\"breadcrumb\":{\"@id\":\"https:\\\/\\\/www.exatron.com.br\\\/produtos\\\/rele-smart-controle-de-cortina\\\/#breadcrumb\"},\"inLanguage\":\"es\",\"potentialAction\":[{\"@type\":\"ReadAction\",\"target\":[\"https:\\\/\\\/www.exatron.com.br\\\/produtos\\\/rele-smart-controle-de-cortina\\\/\"]}]},{\"@type\":\"ImageObject\",\"inLanguage\":\"es\",\"@id\":\"https:\\\/\\\/www.exatron.com.br\\\/produtos\\\/rele-smart-controle-de-cortina\\\/#primaryimage\",\"url\":\"https:\\\/\\\/www.exatron.com.br\\\/wp-content\\\/uploads\\\/2025\\\/12\\\/qbgzupx2i1tdz7fibcs6grytw1ug6thvrjrbeyfd.png\",\"contentUrl\":\"https:\\\/\\\/www.exatron.com.br\\\/wp-content\\\/uploads\\\/2025\\\/12\\\/qbgzupx2i1tdz7fibcs6grytw1ug6thvrjrbeyfd.png\",\"width\":487,\"height\":541,\"caption\":\"Instala\u00e7\u00e3o embutida em caixa 4X2, 4X4, caixa sextavada ou forro;\"},{\"@type\":\"BreadcrumbList\",\"@id\":\"https:\\\/\\\/www.exatron.com.br\\\/produtos\\\/rele-smart-controle-de-cortina\\\/#breadcrumb\",\"itemListElement\":[{\"@type\":\"ListItem\",\"position\":1,\"name\":\"In\u00edcio\",\"item\":\"https:\\\/\\\/www.exatron.com.br\\\/\"},{\"@type\":\"ListItem\",\"position\":2,\"name\":\"Loja\",\"item\":\"https:\\\/\\\/www.exatron.com.br\\\/loja\\\/\"},{\"@type\":\"ListItem\",\"position\":3,\"name\":\"Rel\u00e9 Smart Controle de Cortina\"}]},{\"@type\":\"WebSite\",\"@id\":\"https:\\\/\\\/www.exatron.com.br\\\/#website\",\"url\":\"https:\\\/\\\/www.exatron.com.br\\\/\",\"name\":\"EXATRON\",\"description\":\"\",\"publisher\":{\"@id\":\"https:\\\/\\\/www.exatron.com.br\\\/#organization\"},\"potentialAction\":[{\"@type\":\"SearchAction\",\"target\":{\"@type\":\"EntryPoint\",\"urlTemplate\":\"https:\\\/\\\/www.exatron.com.br\\\/?s={search_term_string}\"},\"query-input\":{\"@type\":\"PropertyValueSpecification\",\"valueRequired\":true,\"valueName\":\"search_term_string\"}}],\"inLanguage\":\"es\"},{\"@type\":\"Organization\",\"@id\":\"https:\\\/\\\/www.exatron.com.br\\\/#organization\",\"name\":\"EXATRON\",\"url\":\"https:\\\/\\\/www.exatron.com.br\\\/\",\"logo\":{\"@type\":\"ImageObject\",\"inLanguage\":\"es\",\"@id\":\"https:\\\/\\\/www.exatron.com.br\\\/#\\\/schema\\\/logo\\\/image\\\/\",\"url\":\"https:\\\/\\\/www.exatron.com.br\\\/wp-content\\\/uploads\\\/2024\\\/11\\\/default-kit.png\",\"contentUrl\":\"https:\\\/\\\/www.exatron.com.br\\\/wp-content\\\/uploads\\\/2024\\\/11\\\/default-kit.png\",\"width\":956,\"height\":192,\"caption\":\"EXATRON\"},\"image\":{\"@id\":\"https:\\\/\\\/www.exatron.com.br\\\/#\\\/schema\\\/logo\\\/image\\\/\"}}]}<\/script>\n<!-- \/ Yoast SEO plugin. -->","yoast_head_json":{"title":"Rel\u00e9 Smart Controle de Cortina - EXATRON","description":"Com m\u00faltiplas op\u00e7\u00f5es de acionamento e integra\u00e7\u00e3o com assistentes de voz, ele transforma a experi\u00eancia do usu\u00e1rio, proporcionando um ambiente mais conectado.","robots":{"index":"index","follow":"follow","max-snippet":"max-snippet:-1","max-image-preview":"max-image-preview:large","max-video-preview":"max-video-preview:-1"},"canonical":"https:\/\/www.exatron.com.br\/es\/produtos\/rele-smart-controle-de-cortina\/","og_locale":"es_ES","og_type":"article","og_title":"Rel\u00e9 Smart Controle de Cortina - EXATRON","og_description":"Com m\u00faltiplas op\u00e7\u00f5es de acionamento e integra\u00e7\u00e3o com assistentes de voz, ele transforma a experi\u00eancia do usu\u00e1rio, proporcionando um ambiente mais conectado.","og_url":"https:\/\/www.exatron.com.br\/es\/produtos\/rele-smart-controle-de-cortina\/","og_site_name":"EXATRON","article_modified_time":"2026-04-22T17:44:22+00:00","og_image":[{"width":487,"height":541,"url":"https:\/\/www.exatron.com.br\/wp-content\/uploads\/2025\/12\/qbgzupx2i1tdz7fibcs6grytw1ug6thvrjrbeyfd.png","type":"image\/png"}],"twitter_card":"summary_large_image","twitter_misc":{"Tiempo de lectura":"2 minutos"},"schema":{"@context":"https:\/\/schema.org","@graph":[{"@type":"WebPage","@id":"https:\/\/www.exatron.com.br\/produtos\/rele-smart-controle-de-cortina\/","url":"https:\/\/www.exatron.com.br\/produtos\/rele-smart-controle-de-cortina\/","name":"Rel\u00e9 Smart Controle de Cortina - EXATRON","isPartOf":{"@id":"https:\/\/www.exatron.com.br\/#website"},"primaryImageOfPage":{"@id":"https:\/\/www.exatron.com.br\/produtos\/rele-smart-controle-de-cortina\/#primaryimage"},"image":{"@id":"https:\/\/www.exatron.com.br\/produtos\/rele-smart-controle-de-cortina\/#primaryimage"},"thumbnailUrl":"https:\/\/www.exatron.com.br\/wp-content\/uploads\/2025\/12\/qbgzupx2i1tdz7fibcs6grytw1ug6thvrjrbeyfd.png","datePublished":"2025-12-08T15:08:46+00:00","dateModified":"2026-04-22T17:44:22+00:00","description":"Com m\u00faltiplas op\u00e7\u00f5es de acionamento e integra\u00e7\u00e3o com assistentes de voz, ele transforma a experi\u00eancia do usu\u00e1rio, proporcionando um ambiente mais conectado.","breadcrumb":{"@id":"https:\/\/www.exatron.com.br\/produtos\/rele-smart-controle-de-cortina\/#breadcrumb"},"inLanguage":"es","potentialAction":[{"@type":"ReadAction","target":["https:\/\/www.exatron.com.br\/produtos\/rele-smart-controle-de-cortina\/"]}]},{"@type":"ImageObject","inLanguage":"es","@id":"https:\/\/www.exatron.com.br\/produtos\/rele-smart-controle-de-cortina\/#primaryimage","url":"https:\/\/www.exatron.com.br\/wp-content\/uploads\/2025\/12\/qbgzupx2i1tdz7fibcs6grytw1ug6thvrjrbeyfd.png","contentUrl":"https:\/\/www.exatron.com.br\/wp-content\/uploads\/2025\/12\/qbgzupx2i1tdz7fibcs6grytw1ug6thvrjrbeyfd.png","width":487,"height":541,"caption":"Instala\u00e7\u00e3o embutida em caixa 4X2, 4X4, caixa sextavada ou forro;"},{"@type":"BreadcrumbList","@id":"https:\/\/www.exatron.com.br\/produtos\/rele-smart-controle-de-cortina\/#breadcrumb","itemListElement":[{"@type":"ListItem","position":1,"name":"In\u00edcio","item":"https:\/\/www.exatron.com.br\/"},{"@type":"ListItem","position":2,"name":"Loja","item":"https:\/\/www.exatron.com.br\/loja\/"},{"@type":"ListItem","position":3,"name":"Rel\u00e9 Smart Controle de Cortina"}]},{"@type":"WebSite","@id":"https:\/\/www.exatron.com.br\/#website","url":"https:\/\/www.exatron.com.br\/","name":"EXATRON","description":"","publisher":{"@id":"https:\/\/www.exatron.com.br\/#organization"},"potentialAction":[{"@type":"SearchAction","target":{"@type":"EntryPoint","urlTemplate":"https:\/\/www.exatron.com.br\/?s={search_term_string}"},"query-input":{"@type":"PropertyValueSpecification","valueRequired":true,"valueName":"search_term_string"}}],"inLanguage":"es"},{"@type":"Organization","@id":"https:\/\/www.exatron.com.br\/#organization","name":"EXATRON","url":"https:\/\/www.exatron.com.br\/","logo":{"@type":"ImageObject","inLanguage":"es","@id":"https:\/\/www.exatron.com.br\/#\/schema\/logo\/image\/","url":"https:\/\/www.exatron.com.br\/wp-content\/uploads\/2024\/11\/default-kit.png","contentUrl":"https:\/\/www.exatron.com.br\/wp-content\/uploads\/2024\/11\/default-kit.png","width":956,"height":192,"caption":"EXATRON"},"image":{"@id":"https:\/\/www.exatron.com.br\/#\/schema\/logo\/image\/"}}]}},"_links":{"self":[{"href":"https:\/\/www.exatron.com.br\/es\/wp-json\/wp\/v2\/product\/10704","targetHints":{"allow":["GET"]}}],"collection":[{"href":"https:\/\/www.exatron.com.br\/es\/wp-json\/wp\/v2\/product"}],"about":[{"href":"https:\/\/www.exatron.com.br\/es\/wp-json\/wp\/v2\/types\/product"}],"replies":[{"embeddable":true,"href":"https:\/\/www.exatron.com.br\/es\/wp-json\/wp\/v2\/comments?post=10704"}],"wp:featuredmedia":[{"embeddable":true,"href":"https:\/\/www.exatron.com.br\/es\/wp-json\/wp\/v2\/media\/10280"}],"wp:attachment":[{"href":"https:\/\/www.exatron.com.br\/es\/wp-json\/wp\/v2\/media?parent=10704"}],"wp:term":[{"taxonomy":"aplicacao","embeddable":true,"href":"https:\/\/www.exatron.com.br\/es\/wp-json\/wp\/v2\/aplicacao?post=10704"},{"taxonomy":"product_brand","embeddable":true,"href":"https:\/\/www.exatron.com.br\/es\/wp-json\/wp\/v2\/product_brand?post=10704"},{"taxonomy":"product_cat","embeddable":true,"href":"https:\/\/www.exatron.com.br\/es\/wp-json\/wp\/v2\/product_cat?post=10704"},{"taxonomy":"product_tag","embeddable":true,"href":"https:\/\/www.exatron.com.br\/es\/wp-json\/wp\/v2\/product_tag?post=10704"}],"curies":[{"name":"wp","href":"https:\/\/api.w.org\/{rel}","templated":true}]}}