{"id":10714,"date":"2025-12-08T15:08:47","date_gmt":"2025-12-08T15:08:47","guid":{"rendered":""},"modified":"2026-04-22T08:48:07","modified_gmt":"2026-04-22T11:48:07","slug":"rele-fotocontrolador-instantaneo-fl-falha-ligado-ip67","status":"publish","type":"product","link":"https:\/\/www.exatron.com.br\/es\/produtos\/rele-fotocontrolador-instantaneo-fl-falha-ligado-ip67\/","title":{"rendered":"Rel\u00e9 Fotocontrolador Instant\u00e2neo \u2013 FL (Falha Ligado) IP67"},"content":{"rendered":"<h3>Especificaciones t\u00e9cnicas<\/h3>\n<ul>\n<li>Tens\u00e3o: 105-305V;<\/li>\n<li>Frequ\u00eancia de opera\u00e7\u00e3o: 60Hz (50Hz sob consulta);<\/li>\n<li>Consumo: &lt;0,8W;<\/li>\n<li>Luminosidade para ligar: entre 5 e 15 Lux;<\/li>\n<li>Luminosidade para desligar: menor que 30 Lux respeitando a rela\u00e7\u00e3o de histerese entre liga e desliga (histerese) 1,5 a 3,0 vezes \u2013 Conforme NBR5123 vigente;<\/li>\n<li>Estado inicial dos contatos: Normalmente fechado (NF);<\/li>\n<li>Modo de falha:\u00a0Falha ligado (FL) \/ Fail-on;<\/li>\n<li>Modo de opera\u00e7\u00e3o: aciona a carga durante a noite e desliga durante o dia (Liga noite);<\/li>\n<li>Classifica\u00e7\u00e3o de retardo: AI (acionamento instant\u00e2neo);<\/li>\n<li>Tecnologia: Fotocontrolador magn\u00e9tico para rede el\u00e9trica de corrente alternada, com sistema de comuta\u00e7\u00e3o mec\u00e2nica magn\u00e9tica assistida eletricamente, conjunto de contato el\u00e9trico do tipo bobina-martelo-n\u00facleo ferromagn\u00e9tico. A comuta\u00e7\u00e3o mec\u00e2nica oferece robustez ao produto, contribuindo diretamente em um ciclo de vida mais longo. O sensor fotoel\u00e9trico \u00e9 encapsulado em resina blindada para alta durabilidade;<\/li>\n<li>Prote\u00e7\u00e3o contra surto: At\u00e9 10.000V (1,2&#215;50\u00b5s);<\/li>\n<li>Rigidez diel\u00e9trica: \u2265 2500V @1 minuto 60Hz;<\/li>\n<li>Filtro de ilumin\u00e2ncia: impede acionamentos indevidos devido a varia\u00e7\u00f5es bruscas de luminosidade como raios, lasers, farois, nuvens e etc. Filtro de 1 segundo para ligar ou para desligar;<\/li>\n<li>Material: Copo de prote\u00e7\u00e3o em resina policarbonato (PC) com aditivo anti-UV para suportar os mais elevados n\u00edveis de intemp\u00e9ries, base de suporte em resina polipropileno (PP) aditivado, terminais el\u00e9tricos em lat\u00e3o com banho de prote\u00e7\u00e3o em estanho para maior resist\u00eancia a intemp\u00e9ries, gaxeta de veda\u00e7\u00e3o com l\u00e1bio de borracha para garantir elevado grau de prote\u00e7\u00e3o na instala\u00e7\u00e3o;<\/li>\n<li>Grado de protecci\u00f3n: IP67;<\/li>\n<li>Garantia: 5 anos;<\/li>\n<li>Dimens\u00f5es: \u00d876&#215;54,8mm;<\/li>\n<li>Padr\u00e3o NBR5123;<\/li>\n<li>C\u00f3digo de opera\u00e7\u00e3o: T2LNFLRNAI;<\/li>\n<li>Inrush Control Technology: Exclusivo sistema comuta\u00e7\u00e3o por gradua\u00e7\u00e3o em tens\u00e3o el\u00e9trica &lt;50V, aumentando a vida \u00fatil da carga e do rel\u00e9;<\/li>\n<li>Mapa de marca\u00e7\u00e3o indel\u00e9vel no copo, conforme NBR5123;<\/li>\n<li>Para comandar cargas acima da capacidade estipulada, utilize o rel\u00e9 em conjunto com uma Chave Comando de Grupo Exatron (de 30, 50 ou 60 amperes) dispon\u00edvel na vers\u00e3o de controle sub\/sobre tens\u00e3o;<\/li>\n<li>Tipo de acionamento: eletromagn\u00e9tico assistido individual;<\/li>\n<li>Ciclos de opera\u00e7\u00e3o: m\u00ednimo de 5000 ciclos conforme NBR5123 vigente;<\/li>\n<li>Temperatura de armazenamento: -30 e +60\u00b0C;<\/li>\n<li>Temperatura de opera\u00e7\u00e3o: -10 e +50\u00b0C;<\/li>\n<li>Delay de acionamento dos contatos: &lt;1ms (em rela\u00e7\u00e3o ao n\u00edvel zero de tens\u00e3o);<\/li>\n<li>Potencia de control:<\/li>\n<\/ul>\n<figure class=\"table\">\n<table>\n<tbody>\n<tr>\n<td rowspan=\"3\"><strong>Capacidad de carga\u00a0<\/strong><\/p>\n<p><strong>(l\u00e1mparas)<\/strong><\/td>\n<td><strong>Voltaje<\/strong><\/td>\n<td><strong>Resistiva<\/strong><\/td>\n<td><strong>Indutiva<\/strong><\/td>\n<td><strong>Corrigida<\/strong><\/td>\n<\/tr>\n<tr>\n<td>220 V<\/td>\n<td>1000W<\/td>\n<td>1800VA<\/td>\n<td>500VA<\/td>\n<\/tr>\n<tr>\n<td>127 V<\/td>\n<td>1000W<\/td>\n<td>1200VA<\/td>\n<td>500VA<\/td>\n<\/tr>\n<\/tbody>\n<\/table>\n<\/figure>\n<h3>Instalaci\u00f3n<\/h3>\n<p>Encaixe o rel\u00e9 na tomada padr\u00e3o NEMA &#8211; NBR5123 nas posi\u00e7\u00f5es correspondentes;<\/p>\n<p>Girar o rel\u00e9 no sentido hor\u00e1rio para travar.<\/p>","protected":false},"excerpt":{"rendered":"<p>O Rel\u00e9 Fotoel\u00e9trico instant\u00e2neo<i>\u00a0<\/i>Exatron (LUXEN 0FL67) \u00e9 ideal para o acionamento de pontos luminosos e outras cargas. Mant\u00e9m acesas lumin\u00e1rias na aus\u00eancia de luz natural e \u00e9 insens\u00edvel a varia\u00e7\u00f5es bruscas de luminosidade, rel\u00e2mpagos e far\u00f3is. Pode ser instalado com qualquer tipo de l\u00e2mpada.<\/p>\n<p>O produto LUXEN 0FL67 \u00e9 um modelo multitens\u00e3o, opera\u00e7\u00e3o liga noite (LN), falha ligado (FL), normalmente fechado (NF) e com acionamento instant\u00e2neo (AI). \u00cdndice de prote\u00e7\u00e3o IP67 e material da tampa no policarbonato (PC) com anti-UV.<\/p>","protected":false},"featured_media":14665,"comment_status":"open","ping_status":"closed","template":"","meta":{"_acf_changed":false,"_joinchat":[]},"aplicacao":[98],"product_brand":[],"product_cat":[346,315],"product_tag":[516,524,521,528,510,515,527,522,514,508,523],"class_list":{"0":"post-10714","1":"product","2":"type-product","3":"status-publish","4":"has-post-thumbnail","6":"aplicacao-iluminacao-externa-reles","7":"product_cat-instantaneo","8":"product_cat-reles-para-iluminacao","9":"product_tag-acionamento-instantaneo","10":"product_tag-fail-on","11":"product_tag-falha-ligado","12":"product_tag-ip67","13":"product_tag-liga-noite","14":"product_tag-multitensao","15":"product_tag-normalmente-fechado","16":"product_tag-policarbonato","17":"product_tag-rele-eletronico","18":"product_tag-rele-fotocontrolador","19":"product_tag-rele-para-iluminacao","21":"first","22":"onbackorder","23":"shipping-taxable","24":"product-type-simple"},"acf":[],"yoast_head":"<!-- This site is optimized with the Yoast SEO plugin v27.3 - https:\/\/yoast.com\/product\/yoast-seo-wordpress\/ -->\n<title>Rel\u00e9 Fotocontrolador Instant\u00e2neo \u2013 FL (Falha Ligado) IP67 - EXATRON<\/title>\n<meta name=\"description\" content=\"Mantenha ilumina\u00e7\u00e3o constante com o LUXEN 0FL67. Resistente a intemp\u00e9ries, falha ligado, normalmente fechado e \u00edndice de prote\u00e7\u00e3o IP67.\" \/>\n<meta name=\"robots\" content=\"index, follow, max-snippet:-1, max-image-preview:large, max-video-preview:-1\" \/>\n<link rel=\"canonical\" href=\"https:\/\/www.exatron.com.br\/es\/produtos\/rele-fotocontrolador-instantaneo-fl-falha-ligado-ip67\/\" \/>\n<meta property=\"og:locale\" content=\"es_ES\" \/>\n<meta property=\"og:type\" content=\"article\" \/>\n<meta property=\"og:title\" content=\"Rel\u00e9 Fotocontrolador Instant\u00e2neo \u2013 FL (Falha Ligado) IP67 - EXATRON\" \/>\n<meta property=\"og:description\" content=\"Mantenha ilumina\u00e7\u00e3o constante com o LUXEN 0FL67. Resistente a intemp\u00e9ries, falha ligado, normalmente fechado e \u00edndice de prote\u00e7\u00e3o IP67.\" \/>\n<meta property=\"og:url\" content=\"https:\/\/www.exatron.com.br\/es\/produtos\/rele-fotocontrolador-instantaneo-fl-falha-ligado-ip67\/\" \/>\n<meta property=\"og:site_name\" content=\"EXATRON\" \/>\n<meta property=\"article:modified_time\" content=\"2026-04-22T11:48:07+00:00\" \/>\n<meta property=\"og:image\" content=\"https:\/\/www.exatron.com.br\/wp-content\/uploads\/rele-azul_05.png\" \/>\n\t<meta property=\"og:image:width\" content=\"1000\" \/>\n\t<meta property=\"og:image:height\" content=\"1000\" \/>\n\t<meta property=\"og:image:type\" content=\"image\/png\" \/>\n<meta name=\"twitter:card\" content=\"summary_large_image\" \/>\n<meta name=\"twitter:label1\" content=\"Tiempo de lectura\" \/>\n\t<meta name=\"twitter:data1\" content=\"3 minutos\" \/>\n<script type=\"application\/ld+json\" class=\"yoast-schema-graph\">{\"@context\":\"https:\\\/\\\/schema.org\",\"@graph\":[{\"@type\":\"WebPage\",\"@id\":\"https:\\\/\\\/www.exatron.com.br\\\/produtos\\\/rele-fotocontrolador-instantaneo-fl-falha-ligado-ip67\\\/\",\"url\":\"https:\\\/\\\/www.exatron.com.br\\\/produtos\\\/rele-fotocontrolador-instantaneo-fl-falha-ligado-ip67\\\/\",\"name\":\"Rel\u00e9 Fotocontrolador Instant\u00e2neo \u2013 FL (Falha Ligado) IP67 - EXATRON\",\"isPartOf\":{\"@id\":\"https:\\\/\\\/www.exatron.com.br\\\/#website\"},\"primaryImageOfPage\":{\"@id\":\"https:\\\/\\\/www.exatron.com.br\\\/produtos\\\/rele-fotocontrolador-instantaneo-fl-falha-ligado-ip67\\\/#primaryimage\"},\"image\":{\"@id\":\"https:\\\/\\\/www.exatron.com.br\\\/produtos\\\/rele-fotocontrolador-instantaneo-fl-falha-ligado-ip67\\\/#primaryimage\"},\"thumbnailUrl\":\"https:\\\/\\\/www.exatron.com.br\\\/wp-content\\\/uploads\\\/rele-azul_05.png\",\"datePublished\":\"2025-12-08T15:08:47+00:00\",\"dateModified\":\"2026-04-22T11:48:07+00:00\",\"description\":\"Mantenha ilumina\u00e7\u00e3o constante com o LUXEN 0FL67. Resistente a intemp\u00e9ries, falha ligado, normalmente fechado e \u00edndice de prote\u00e7\u00e3o IP67.\",\"breadcrumb\":{\"@id\":\"https:\\\/\\\/www.exatron.com.br\\\/produtos\\\/rele-fotocontrolador-instantaneo-fl-falha-ligado-ip67\\\/#breadcrumb\"},\"inLanguage\":\"es\",\"potentialAction\":[{\"@type\":\"ReadAction\",\"target\":[\"https:\\\/\\\/www.exatron.com.br\\\/produtos\\\/rele-fotocontrolador-instantaneo-fl-falha-ligado-ip67\\\/\"]}]},{\"@type\":\"ImageObject\",\"inLanguage\":\"es\",\"@id\":\"https:\\\/\\\/www.exatron.com.br\\\/produtos\\\/rele-fotocontrolador-instantaneo-fl-falha-ligado-ip67\\\/#primaryimage\",\"url\":\"https:\\\/\\\/www.exatron.com.br\\\/wp-content\\\/uploads\\\/rele-azul_05.png\",\"contentUrl\":\"https:\\\/\\\/www.exatron.com.br\\\/wp-content\\\/uploads\\\/rele-azul_05.png\",\"width\":1000,\"height\":1000,\"caption\":\"Rel\u00e9 Fotocontrolador\"},{\"@type\":\"BreadcrumbList\",\"@id\":\"https:\\\/\\\/www.exatron.com.br\\\/produtos\\\/rele-fotocontrolador-instantaneo-fl-falha-ligado-ip67\\\/#breadcrumb\",\"itemListElement\":[{\"@type\":\"ListItem\",\"position\":1,\"name\":\"In\u00edcio\",\"item\":\"https:\\\/\\\/www.exatron.com.br\\\/\"},{\"@type\":\"ListItem\",\"position\":2,\"name\":\"Loja\",\"item\":\"https:\\\/\\\/www.exatron.com.br\\\/loja\\\/\"},{\"@type\":\"ListItem\",\"position\":3,\"name\":\"Rel\u00e9 Fotocontrolador Instant\u00e2neo \u2013 FL (Falha Ligado) IP67\"}]},{\"@type\":\"WebSite\",\"@id\":\"https:\\\/\\\/www.exatron.com.br\\\/#website\",\"url\":\"https:\\\/\\\/www.exatron.com.br\\\/\",\"name\":\"EXATRON\",\"description\":\"\",\"publisher\":{\"@id\":\"https:\\\/\\\/www.exatron.com.br\\\/#organization\"},\"potentialAction\":[{\"@type\":\"SearchAction\",\"target\":{\"@type\":\"EntryPoint\",\"urlTemplate\":\"https:\\\/\\\/www.exatron.com.br\\\/?s={search_term_string}\"},\"query-input\":{\"@type\":\"PropertyValueSpecification\",\"valueRequired\":true,\"valueName\":\"search_term_string\"}}],\"inLanguage\":\"es\"},{\"@type\":\"Organization\",\"@id\":\"https:\\\/\\\/www.exatron.com.br\\\/#organization\",\"name\":\"EXATRON\",\"url\":\"https:\\\/\\\/www.exatron.com.br\\\/\",\"logo\":{\"@type\":\"ImageObject\",\"inLanguage\":\"es\",\"@id\":\"https:\\\/\\\/www.exatron.com.br\\\/#\\\/schema\\\/logo\\\/image\\\/\",\"url\":\"https:\\\/\\\/www.exatron.com.br\\\/wp-content\\\/uploads\\\/2024\\\/11\\\/default-kit.png\",\"contentUrl\":\"https:\\\/\\\/www.exatron.com.br\\\/wp-content\\\/uploads\\\/2024\\\/11\\\/default-kit.png\",\"width\":956,\"height\":192,\"caption\":\"EXATRON\"},\"image\":{\"@id\":\"https:\\\/\\\/www.exatron.com.br\\\/#\\\/schema\\\/logo\\\/image\\\/\"}}]}<\/script>\n<!-- \/ Yoast SEO plugin. -->","yoast_head_json":{"title":"Rel\u00e9 Fotocontrolador Instant\u00e2neo \u2013 FL (Falha Ligado) IP67 - EXATRON","description":"Mantenha ilumina\u00e7\u00e3o constante com o LUXEN 0FL67. Resistente a intemp\u00e9ries, falha ligado, normalmente fechado e \u00edndice de prote\u00e7\u00e3o IP67.","robots":{"index":"index","follow":"follow","max-snippet":"max-snippet:-1","max-image-preview":"max-image-preview:large","max-video-preview":"max-video-preview:-1"},"canonical":"https:\/\/www.exatron.com.br\/es\/produtos\/rele-fotocontrolador-instantaneo-fl-falha-ligado-ip67\/","og_locale":"es_ES","og_type":"article","og_title":"Rel\u00e9 Fotocontrolador Instant\u00e2neo \u2013 FL (Falha Ligado) IP67 - EXATRON","og_description":"Mantenha ilumina\u00e7\u00e3o constante com o LUXEN 0FL67. Resistente a intemp\u00e9ries, falha ligado, normalmente fechado e \u00edndice de prote\u00e7\u00e3o IP67.","og_url":"https:\/\/www.exatron.com.br\/es\/produtos\/rele-fotocontrolador-instantaneo-fl-falha-ligado-ip67\/","og_site_name":"EXATRON","article_modified_time":"2026-04-22T11:48:07+00:00","og_image":[{"width":1000,"height":1000,"url":"https:\/\/www.exatron.com.br\/wp-content\/uploads\/rele-azul_05.png","type":"image\/png"}],"twitter_card":"summary_large_image","twitter_misc":{"Tiempo de lectura":"3 minutos"},"schema":{"@context":"https:\/\/schema.org","@graph":[{"@type":"WebPage","@id":"https:\/\/www.exatron.com.br\/produtos\/rele-fotocontrolador-instantaneo-fl-falha-ligado-ip67\/","url":"https:\/\/www.exatron.com.br\/produtos\/rele-fotocontrolador-instantaneo-fl-falha-ligado-ip67\/","name":"Rel\u00e9 Fotocontrolador Instant\u00e2neo \u2013 FL (Falha Ligado) IP67 - EXATRON","isPartOf":{"@id":"https:\/\/www.exatron.com.br\/#website"},"primaryImageOfPage":{"@id":"https:\/\/www.exatron.com.br\/produtos\/rele-fotocontrolador-instantaneo-fl-falha-ligado-ip67\/#primaryimage"},"image":{"@id":"https:\/\/www.exatron.com.br\/produtos\/rele-fotocontrolador-instantaneo-fl-falha-ligado-ip67\/#primaryimage"},"thumbnailUrl":"https:\/\/www.exatron.com.br\/wp-content\/uploads\/rele-azul_05.png","datePublished":"2025-12-08T15:08:47+00:00","dateModified":"2026-04-22T11:48:07+00:00","description":"Mantenha ilumina\u00e7\u00e3o constante com o LUXEN 0FL67. Resistente a intemp\u00e9ries, falha ligado, normalmente fechado e \u00edndice de prote\u00e7\u00e3o IP67.","breadcrumb":{"@id":"https:\/\/www.exatron.com.br\/produtos\/rele-fotocontrolador-instantaneo-fl-falha-ligado-ip67\/#breadcrumb"},"inLanguage":"es","potentialAction":[{"@type":"ReadAction","target":["https:\/\/www.exatron.com.br\/produtos\/rele-fotocontrolador-instantaneo-fl-falha-ligado-ip67\/"]}]},{"@type":"ImageObject","inLanguage":"es","@id":"https:\/\/www.exatron.com.br\/produtos\/rele-fotocontrolador-instantaneo-fl-falha-ligado-ip67\/#primaryimage","url":"https:\/\/www.exatron.com.br\/wp-content\/uploads\/rele-azul_05.png","contentUrl":"https:\/\/www.exatron.com.br\/wp-content\/uploads\/rele-azul_05.png","width":1000,"height":1000,"caption":"Rel\u00e9 Fotocontrolador"},{"@type":"BreadcrumbList","@id":"https:\/\/www.exatron.com.br\/produtos\/rele-fotocontrolador-instantaneo-fl-falha-ligado-ip67\/#breadcrumb","itemListElement":[{"@type":"ListItem","position":1,"name":"In\u00edcio","item":"https:\/\/www.exatron.com.br\/"},{"@type":"ListItem","position":2,"name":"Loja","item":"https:\/\/www.exatron.com.br\/loja\/"},{"@type":"ListItem","position":3,"name":"Rel\u00e9 Fotocontrolador Instant\u00e2neo \u2013 FL (Falha Ligado) IP67"}]},{"@type":"WebSite","@id":"https:\/\/www.exatron.com.br\/#website","url":"https:\/\/www.exatron.com.br\/","name":"EXATRON","description":"","publisher":{"@id":"https:\/\/www.exatron.com.br\/#organization"},"potentialAction":[{"@type":"SearchAction","target":{"@type":"EntryPoint","urlTemplate":"https:\/\/www.exatron.com.br\/?s={search_term_string}"},"query-input":{"@type":"PropertyValueSpecification","valueRequired":true,"valueName":"search_term_string"}}],"inLanguage":"es"},{"@type":"Organization","@id":"https:\/\/www.exatron.com.br\/#organization","name":"EXATRON","url":"https:\/\/www.exatron.com.br\/","logo":{"@type":"ImageObject","inLanguage":"es","@id":"https:\/\/www.exatron.com.br\/#\/schema\/logo\/image\/","url":"https:\/\/www.exatron.com.br\/wp-content\/uploads\/2024\/11\/default-kit.png","contentUrl":"https:\/\/www.exatron.com.br\/wp-content\/uploads\/2024\/11\/default-kit.png","width":956,"height":192,"caption":"EXATRON"},"image":{"@id":"https:\/\/www.exatron.com.br\/#\/schema\/logo\/image\/"}}]}},"_links":{"self":[{"href":"https:\/\/www.exatron.com.br\/es\/wp-json\/wp\/v2\/product\/10714","targetHints":{"allow":["GET"]}}],"collection":[{"href":"https:\/\/www.exatron.com.br\/es\/wp-json\/wp\/v2\/product"}],"about":[{"href":"https:\/\/www.exatron.com.br\/es\/wp-json\/wp\/v2\/types\/product"}],"replies":[{"embeddable":true,"href":"https:\/\/www.exatron.com.br\/es\/wp-json\/wp\/v2\/comments?post=10714"}],"wp:featuredmedia":[{"embeddable":true,"href":"https:\/\/www.exatron.com.br\/es\/wp-json\/wp\/v2\/media\/14665"}],"wp:attachment":[{"href":"https:\/\/www.exatron.com.br\/es\/wp-json\/wp\/v2\/media?parent=10714"}],"wp:term":[{"taxonomy":"aplicacao","embeddable":true,"href":"https:\/\/www.exatron.com.br\/es\/wp-json\/wp\/v2\/aplicacao?post=10714"},{"taxonomy":"product_brand","embeddable":true,"href":"https:\/\/www.exatron.com.br\/es\/wp-json\/wp\/v2\/product_brand?post=10714"},{"taxonomy":"product_cat","embeddable":true,"href":"https:\/\/www.exatron.com.br\/es\/wp-json\/wp\/v2\/product_cat?post=10714"},{"taxonomy":"product_tag","embeddable":true,"href":"https:\/\/www.exatron.com.br\/es\/wp-json\/wp\/v2\/product_tag?post=10714"}],"curies":[{"name":"wp","href":"https:\/\/api.w.org\/{rel}","templated":true}]}}