{"id":10715,"date":"2025-12-08T15:08:48","date_gmt":"2025-12-08T15:08:48","guid":{"rendered":""},"modified":"2026-04-16T16:43:52","modified_gmt":"2026-04-16T19:43:52","slug":"sensor-de-presenca-de-teto-com-balizamento","status":"publish","type":"product","link":"https:\/\/www.exatron.com.br\/es\/produtos\/sensor-de-presenca-de-teto-com-balizamento\/","title":{"rendered":"Sensor de presencia de techo Smart X-Control con baliza"},"content":{"rendered":"<h3>Especificaciones t\u00e9cnicas<\/h3>\n<p>\u2022 Tens\u00e3o: 100-240V~ 50\/60Hz;<\/p>\n<p>\u2022 Consumo: &lt;1W;<\/p>\n<p>\u2022\u00a0Prote\u00e7\u00e3o para surto: 2KV;<\/p>\n<p>\u2022 Cobertura: 360\u00b0 com alcance de at\u00e9 \u00d87m na temperatura ambiente de 25\u00baC, em uma \u00a0altura de \u00a0aproximadamente 2,4m;<\/p>\n<p>\u2022 Temperatura de opera\u00e7\u00e3o: -5\u00b0C a 40\u00b0C;<\/p>\n<p>\u2022 Utiliza\u00e7\u00e3o em ambientes internos;<\/p>\n<p>\u2022 Possui Led indicador de funcionamento: led pisca a cada detec\u00e7\u00e3o por 0,5s;<\/p>\n<p>\u2022 Detecta a movimenta\u00e7\u00e3o de fontes de calor como pessoas, carros, etc. Precisa estar no m\u00ednimo a 3\u00b0C de diferen\u00e7a em rela\u00e7\u00e3o a temperatura do meio ambiente onde o sensor est\u00e1 instalado;<\/p>\n<p>\u2022 Amigo da L\u00e2mpada: sistema de acionamento da carga com baixa tens\u00e3o el\u00e9trica &lt;50V, aumentando a vida \u00fatil do conjunto (l\u00e2mpadas, reator e sensor);<\/p>\n<p>\u2022 Economia de energia de at\u00e9 75%;<\/p>\n<p>\u2022 Componentes: pl\u00e1sticos, eletr\u00f4nicos e ligas met\u00e1licas;<\/p>\n<p>\u2022\u00a0Op\u00e7\u00f5es de cores: branco ou preto;<\/p>\n<p>\u2022 Instala\u00e7\u00e3o: embutir ou sobrepor;<\/p>\n<p>\u2022\u00a0Dimens\u00f5es: \u00d889x30mm;<\/p>\n<p>\u2022\u00a0 Grau de prote\u00e7\u00e3o: IP32;<\/p>\n<p>\u2022\u00a0 Garantia: 02 anos.<\/p>\n<p>&nbsp;<\/p>\n<p><i><strong>\u2022 AJUSTES FEITOS PELO APLICATIVO SMART X-CONTROL:<\/strong><\/i><\/p>\n<p>\u2013 Ajuste de sensibilidade: 08 n\u00edveis;<\/p>\n<p>\u2013 Regulagem de tempo:<\/p>\n<p>Em segundos 1 (pulso), 2, 3, 4, 5, 10, 15, 30 e 45s;<\/p>\n<p>Em minutos: 1, 2, 3, 4, 5, 10, 15, 20, 25, 30, 40 e 50min;<\/p>\n<p>Em horas: 1, 1:30, 2, 2:30, 3, 3:30 e 4 horas.<\/p>\n<p>\u2013 Fotoc\u00e9lula: Desabilitado (liga sempre). Habilitado (30 n\u00edveis de ajuste) com fun\u00e7\u00e3o especial auto-Lux;<\/p>\n<p>\u2013 Luz de balizamento \u00a0com intensidade ajust\u00e1vel (0 a 100%) e fotoc\u00e9lula:<\/p>\n<p>Luz Ligada: Define a intensidade da luz de balizamento, entre 0 e 100%, quando a l\u00e2mpada estiver ligada;<\/p>\n<p>Luz Desligada: Define a intensidade da luz de balizamento, entre 0 e 100%, quando a l\u00e2mpada estiver desligada;<\/p>\n<p>Fotoc\u00e9lula: Quando ligada, faz com que a luz de balizamento ligue apenas quando o ambiente estiver escuro (noite). Quando desligada, faz com que a luz de balizamento funcione de maneira independente da ilumina\u00e7\u00e3o do ambiente (dia e noite).<\/p>\n<p>\u2013 Fun\u00e7\u00e3o temporizador e fun\u00e7\u00e3o rel\u00e9: 1 a 12 horas, com resolu\u00e7\u00e3o de 0,5 horas;<\/p>\n<p>\u2013 Controle do Led:<\/p>\n<p>Quando desabilitado: o Led do produto n\u00e3o ir\u00e1 piscar o Led ao detectar movimento;<\/p>\n<p>Quando habilitado: o Led do produto ir\u00e1 piscar o Led ao detectar movimento.<\/p>\n<p>&nbsp;<\/p>\n<p>\u2022 Pot\u00eancia de Comando:<\/p>\n<figure class=\"table\">\n<table>\n<tbody>\n<tr>\n<td>Voltaje<\/td>\n<td>Pot\u00eancia<\/td>\n<td>L\u00e2mpadas<\/td>\n<\/tr>\n<tr>\n<td>127V~<\/td>\n<td>120 W<\/td>\n<td rowspan=\"2\">Electr\u00f3nica\/LED\/Hal\u00f3geno<\/td>\n<\/tr>\n<tr>\n<td>220V~<\/td>\n<td>220 W<\/td>\n<\/tr>\n<tr>\n<td colspan=\"3\">THD&lt;20% y FP&gt;0,90<\/td>\n<\/tr>\n<\/tbody>\n<\/table>\n<\/figure>","protected":false},"excerpt":{"rendered":"<p>O Sensor de Presen\u00e7a de Teto com Balizamento (LEST4009XC) \u00e9 um comando inteligente que se destina ao acionamento temporizado de cargas, al\u00e9m de possuir um sistema de ilumina\u00e7\u00e3o pr\u00f3prio. Respons\u00e1vel por detectar a movimenta\u00e7\u00e3o de fontes de calor, como pessoas, atrav\u00e9s de um sensor infravermelho, acionando a carga e desligando-a ap\u00f3s a aus\u00eancia de movimento, de acordo com o tempo programado.<\/p>\n<p>A luz de balizamento permite selecionar dois n\u00edveis de ilumina\u00e7\u00e3o independentes, um para quando a carga estiver desligada e outro para quando a carga estiver ligada. Possui recurso exclusivo de fotoc\u00e9lula, que impede que a luz de balizamento seja acionada quando o ambiente estiver iluminado.<\/p>\n<p>\u00c9 ideal para o controle de ilumina\u00e7\u00e3o de ambientes internos de resid\u00eancias, pr\u00e9dios ou empresas. Configura\u00e7\u00e3o realizada pelo smartphone atrav\u00e9s do aplicativo Smart X-Control dispon\u00edvel para iOS e Android.<\/p>","protected":false},"featured_media":14546,"comment_status":"open","ping_status":"closed","template":"","meta":{"_acf_changed":false,"_joinchat":[]},"aplicacao":[267],"product_brand":[],"product_cat":[326,381,379],"product_tag":[628,582,676,657,674,632,680,677,659,625,678,660,679,672],"class_list":{"0":"post-10715","1":"product","2":"type-product","3":"status-publish","4":"has-post-thumbnail","6":"aplicacao-iluminacao-interna-sensores-de-presenca","7":"product_cat-sensores-de-presenca-para-iluminacao","8":"product_cat-smart-x-control","9":"product_cat-teto","10":"product_tag-economia","11":"product_tag-economia-de-energia","12":"product_tag-inovacao","13":"product_tag-ip32","14":"product_tag-produtos-inteligentes","15":"product_tag-sensor","16":"product_tag-sensor-cobertura-360","17":"product_tag-sensor-com-balizamento","18":"product_tag-sensor-de-movimento","19":"product_tag-sensor-de-presenca","20":"product_tag-sensor-de-presenca-com-luz-de-balizamento","21":"product_tag-sensor-de-teto","22":"product_tag-sensor-interno","23":"product_tag-tecnologia","25":"first","26":"instock","27":"shipping-taxable","28":"purchasable","29":"product-type-variable","30":"has-default-attributes"},"acf":[],"yoast_head":"<!-- This site is optimized with the Yoast SEO plugin v27.3 - https:\/\/yoast.com\/product\/yoast-seo-wordpress\/ -->\n<title>Sensor de Presen\u00e7a de Teto com Balizamento Smart X-Control - EXATRON<\/title>\n<meta name=\"description\" content=\"Sensor de teto Smart X-Control com luz de balizamento, ajuste via app, ideal para ilumina\u00e7\u00e3o eficiente e econ\u00f4mica com LEST4009XC.\" \/>\n<meta name=\"robots\" content=\"index, follow, max-snippet:-1, max-image-preview:large, max-video-preview:-1\" \/>\n<link rel=\"canonical\" href=\"https:\/\/www.exatron.com.br\/es\/produtos\/sensor-de-presenca-de-teto-com-balizamento\/\" \/>\n<meta property=\"og:locale\" content=\"es_ES\" \/>\n<meta property=\"og:type\" content=\"article\" \/>\n<meta property=\"og:title\" content=\"Sensor de Presen\u00e7a de Teto com Balizamento Smart X-Control - EXATRON\" \/>\n<meta property=\"og:description\" content=\"Sensor de teto Smart X-Control com luz de balizamento, ajuste via app, ideal para ilumina\u00e7\u00e3o eficiente e econ\u00f4mica com LEST4009XC.\" \/>\n<meta property=\"og:url\" content=\"https:\/\/www.exatron.com.br\/es\/produtos\/sensor-de-presenca-de-teto-com-balizamento\/\" \/>\n<meta property=\"og:site_name\" content=\"EXATRON\" \/>\n<meta property=\"article:modified_time\" content=\"2026-04-16T19:43:52+00:00\" \/>\n<meta property=\"og:image\" content=\"https:\/\/www.exatron.com.br\/wp-content\/uploads\/lest4009xc_4.png\" \/>\n\t<meta property=\"og:image:width\" content=\"1000\" \/>\n\t<meta property=\"og:image:height\" content=\"1000\" \/>\n\t<meta property=\"og:image:type\" content=\"image\/png\" \/>\n<meta name=\"twitter:card\" content=\"summary_large_image\" \/>\n<meta name=\"twitter:label1\" content=\"Tiempo de lectura\" \/>\n\t<meta name=\"twitter:data1\" content=\"3 minutos\" \/>\n<script type=\"application\/ld+json\" class=\"yoast-schema-graph\">{\"@context\":\"https:\\\/\\\/schema.org\",\"@graph\":[{\"@type\":\"WebPage\",\"@id\":\"https:\\\/\\\/www.exatron.com.br\\\/produtos\\\/sensor-de-presenca-de-teto-com-balizamento\\\/\",\"url\":\"https:\\\/\\\/www.exatron.com.br\\\/produtos\\\/sensor-de-presenca-de-teto-com-balizamento\\\/\",\"name\":\"Sensor de Presen\u00e7a de Teto com Balizamento Smart X-Control - EXATRON\",\"isPartOf\":{\"@id\":\"https:\\\/\\\/www.exatron.com.br\\\/#website\"},\"primaryImageOfPage\":{\"@id\":\"https:\\\/\\\/www.exatron.com.br\\\/produtos\\\/sensor-de-presenca-de-teto-com-balizamento\\\/#primaryimage\"},\"image\":{\"@id\":\"https:\\\/\\\/www.exatron.com.br\\\/produtos\\\/sensor-de-presenca-de-teto-com-balizamento\\\/#primaryimage\"},\"thumbnailUrl\":\"https:\\\/\\\/www.exatron.com.br\\\/wp-content\\\/uploads\\\/lest4009xc_4.png\",\"datePublished\":\"2025-12-08T15:08:48+00:00\",\"dateModified\":\"2026-04-16T19:43:52+00:00\",\"description\":\"Sensor de teto Smart X-Control com luz de balizamento, ajuste via app, ideal para ilumina\u00e7\u00e3o eficiente e econ\u00f4mica com LEST4009XC.\",\"breadcrumb\":{\"@id\":\"https:\\\/\\\/www.exatron.com.br\\\/produtos\\\/sensor-de-presenca-de-teto-com-balizamento\\\/#breadcrumb\"},\"inLanguage\":\"es\",\"potentialAction\":[{\"@type\":\"ReadAction\",\"target\":[\"https:\\\/\\\/www.exatron.com.br\\\/produtos\\\/sensor-de-presenca-de-teto-com-balizamento\\\/\"]}]},{\"@type\":\"ImageObject\",\"inLanguage\":\"es\",\"@id\":\"https:\\\/\\\/www.exatron.com.br\\\/produtos\\\/sensor-de-presenca-de-teto-com-balizamento\\\/#primaryimage\",\"url\":\"https:\\\/\\\/www.exatron.com.br\\\/wp-content\\\/uploads\\\/lest4009xc_4.png\",\"contentUrl\":\"https:\\\/\\\/www.exatron.com.br\\\/wp-content\\\/uploads\\\/lest4009xc_4.png\",\"width\":1000,\"height\":1000,\"caption\":\"Produto Sensor de Teto com Balizamento Smart X-Control Branco - Lado 1\"},{\"@type\":\"BreadcrumbList\",\"@id\":\"https:\\\/\\\/www.exatron.com.br\\\/produtos\\\/sensor-de-presenca-de-teto-com-balizamento\\\/#breadcrumb\",\"itemListElement\":[{\"@type\":\"ListItem\",\"position\":1,\"name\":\"In\u00edcio\",\"item\":\"https:\\\/\\\/www.exatron.com.br\\\/\"},{\"@type\":\"ListItem\",\"position\":2,\"name\":\"Loja\",\"item\":\"https:\\\/\\\/www.exatron.com.br\\\/loja\\\/\"},{\"@type\":\"ListItem\",\"position\":3,\"name\":\"Sensor de Presen\u00e7a de Teto com Balizamento Smart X-Control\"}]},{\"@type\":\"WebSite\",\"@id\":\"https:\\\/\\\/www.exatron.com.br\\\/#website\",\"url\":\"https:\\\/\\\/www.exatron.com.br\\\/\",\"name\":\"EXATRON\",\"description\":\"\",\"publisher\":{\"@id\":\"https:\\\/\\\/www.exatron.com.br\\\/#organization\"},\"potentialAction\":[{\"@type\":\"SearchAction\",\"target\":{\"@type\":\"EntryPoint\",\"urlTemplate\":\"https:\\\/\\\/www.exatron.com.br\\\/?s={search_term_string}\"},\"query-input\":{\"@type\":\"PropertyValueSpecification\",\"valueRequired\":true,\"valueName\":\"search_term_string\"}}],\"inLanguage\":\"es\"},{\"@type\":\"Organization\",\"@id\":\"https:\\\/\\\/www.exatron.com.br\\\/#organization\",\"name\":\"EXATRON\",\"url\":\"https:\\\/\\\/www.exatron.com.br\\\/\",\"logo\":{\"@type\":\"ImageObject\",\"inLanguage\":\"es\",\"@id\":\"https:\\\/\\\/www.exatron.com.br\\\/#\\\/schema\\\/logo\\\/image\\\/\",\"url\":\"https:\\\/\\\/www.exatron.com.br\\\/wp-content\\\/uploads\\\/2024\\\/11\\\/default-kit.png\",\"contentUrl\":\"https:\\\/\\\/www.exatron.com.br\\\/wp-content\\\/uploads\\\/2024\\\/11\\\/default-kit.png\",\"width\":956,\"height\":192,\"caption\":\"EXATRON\"},\"image\":{\"@id\":\"https:\\\/\\\/www.exatron.com.br\\\/#\\\/schema\\\/logo\\\/image\\\/\"}}]}<\/script>\n<!-- \/ Yoast SEO plugin. -->","yoast_head_json":{"title":"Sensor de Presen\u00e7a de Teto com Balizamento Smart X-Control - EXATRON","description":"Sensor de teto Smart X-Control com luz de balizamento, ajuste via app, ideal para ilumina\u00e7\u00e3o eficiente e econ\u00f4mica com LEST4009XC.","robots":{"index":"index","follow":"follow","max-snippet":"max-snippet:-1","max-image-preview":"max-image-preview:large","max-video-preview":"max-video-preview:-1"},"canonical":"https:\/\/www.exatron.com.br\/es\/produtos\/sensor-de-presenca-de-teto-com-balizamento\/","og_locale":"es_ES","og_type":"article","og_title":"Sensor de Presen\u00e7a de Teto com Balizamento Smart X-Control - EXATRON","og_description":"Sensor de teto Smart X-Control com luz de balizamento, ajuste via app, ideal para ilumina\u00e7\u00e3o eficiente e econ\u00f4mica com LEST4009XC.","og_url":"https:\/\/www.exatron.com.br\/es\/produtos\/sensor-de-presenca-de-teto-com-balizamento\/","og_site_name":"EXATRON","article_modified_time":"2026-04-16T19:43:52+00:00","og_image":[{"width":1000,"height":1000,"url":"https:\/\/www.exatron.com.br\/wp-content\/uploads\/lest4009xc_4.png","type":"image\/png"}],"twitter_card":"summary_large_image","twitter_misc":{"Tiempo de lectura":"3 minutos"},"schema":{"@context":"https:\/\/schema.org","@graph":[{"@type":"WebPage","@id":"https:\/\/www.exatron.com.br\/produtos\/sensor-de-presenca-de-teto-com-balizamento\/","url":"https:\/\/www.exatron.com.br\/produtos\/sensor-de-presenca-de-teto-com-balizamento\/","name":"Sensor de Presen\u00e7a de Teto com Balizamento Smart X-Control - EXATRON","isPartOf":{"@id":"https:\/\/www.exatron.com.br\/#website"},"primaryImageOfPage":{"@id":"https:\/\/www.exatron.com.br\/produtos\/sensor-de-presenca-de-teto-com-balizamento\/#primaryimage"},"image":{"@id":"https:\/\/www.exatron.com.br\/produtos\/sensor-de-presenca-de-teto-com-balizamento\/#primaryimage"},"thumbnailUrl":"https:\/\/www.exatron.com.br\/wp-content\/uploads\/lest4009xc_4.png","datePublished":"2025-12-08T15:08:48+00:00","dateModified":"2026-04-16T19:43:52+00:00","description":"Sensor de teto Smart X-Control com luz de balizamento, ajuste via app, ideal para ilumina\u00e7\u00e3o eficiente e econ\u00f4mica com LEST4009XC.","breadcrumb":{"@id":"https:\/\/www.exatron.com.br\/produtos\/sensor-de-presenca-de-teto-com-balizamento\/#breadcrumb"},"inLanguage":"es","potentialAction":[{"@type":"ReadAction","target":["https:\/\/www.exatron.com.br\/produtos\/sensor-de-presenca-de-teto-com-balizamento\/"]}]},{"@type":"ImageObject","inLanguage":"es","@id":"https:\/\/www.exatron.com.br\/produtos\/sensor-de-presenca-de-teto-com-balizamento\/#primaryimage","url":"https:\/\/www.exatron.com.br\/wp-content\/uploads\/lest4009xc_4.png","contentUrl":"https:\/\/www.exatron.com.br\/wp-content\/uploads\/lest4009xc_4.png","width":1000,"height":1000,"caption":"Produto Sensor de Teto com Balizamento Smart X-Control Branco - Lado 1"},{"@type":"BreadcrumbList","@id":"https:\/\/www.exatron.com.br\/produtos\/sensor-de-presenca-de-teto-com-balizamento\/#breadcrumb","itemListElement":[{"@type":"ListItem","position":1,"name":"In\u00edcio","item":"https:\/\/www.exatron.com.br\/"},{"@type":"ListItem","position":2,"name":"Loja","item":"https:\/\/www.exatron.com.br\/loja\/"},{"@type":"ListItem","position":3,"name":"Sensor de Presen\u00e7a de Teto com Balizamento Smart X-Control"}]},{"@type":"WebSite","@id":"https:\/\/www.exatron.com.br\/#website","url":"https:\/\/www.exatron.com.br\/","name":"EXATRON","description":"","publisher":{"@id":"https:\/\/www.exatron.com.br\/#organization"},"potentialAction":[{"@type":"SearchAction","target":{"@type":"EntryPoint","urlTemplate":"https:\/\/www.exatron.com.br\/?s={search_term_string}"},"query-input":{"@type":"PropertyValueSpecification","valueRequired":true,"valueName":"search_term_string"}}],"inLanguage":"es"},{"@type":"Organization","@id":"https:\/\/www.exatron.com.br\/#organization","name":"EXATRON","url":"https:\/\/www.exatron.com.br\/","logo":{"@type":"ImageObject","inLanguage":"es","@id":"https:\/\/www.exatron.com.br\/#\/schema\/logo\/image\/","url":"https:\/\/www.exatron.com.br\/wp-content\/uploads\/2024\/11\/default-kit.png","contentUrl":"https:\/\/www.exatron.com.br\/wp-content\/uploads\/2024\/11\/default-kit.png","width":956,"height":192,"caption":"EXATRON"},"image":{"@id":"https:\/\/www.exatron.com.br\/#\/schema\/logo\/image\/"}}]}},"_links":{"self":[{"href":"https:\/\/www.exatron.com.br\/es\/wp-json\/wp\/v2\/product\/10715","targetHints":{"allow":["GET"]}}],"collection":[{"href":"https:\/\/www.exatron.com.br\/es\/wp-json\/wp\/v2\/product"}],"about":[{"href":"https:\/\/www.exatron.com.br\/es\/wp-json\/wp\/v2\/types\/product"}],"replies":[{"embeddable":true,"href":"https:\/\/www.exatron.com.br\/es\/wp-json\/wp\/v2\/comments?post=10715"}],"wp:featuredmedia":[{"embeddable":true,"href":"https:\/\/www.exatron.com.br\/es\/wp-json\/wp\/v2\/media\/14546"}],"wp:attachment":[{"href":"https:\/\/www.exatron.com.br\/es\/wp-json\/wp\/v2\/media?parent=10715"}],"wp:term":[{"taxonomy":"aplicacao","embeddable":true,"href":"https:\/\/www.exatron.com.br\/es\/wp-json\/wp\/v2\/aplicacao?post=10715"},{"taxonomy":"product_brand","embeddable":true,"href":"https:\/\/www.exatron.com.br\/es\/wp-json\/wp\/v2\/product_brand?post=10715"},{"taxonomy":"product_cat","embeddable":true,"href":"https:\/\/www.exatron.com.br\/es\/wp-json\/wp\/v2\/product_cat?post=10715"},{"taxonomy":"product_tag","embeddable":true,"href":"https:\/\/www.exatron.com.br\/es\/wp-json\/wp\/v2\/product_tag?post=10715"}],"curies":[{"name":"wp","href":"https:\/\/api.w.org\/{rel}","templated":true}]}}