{"id":10736,"date":"2025-12-08T15:08:50","date_gmt":"2025-12-08T15:08:50","guid":{"rendered":""},"modified":"2026-04-29T11:19:02","modified_gmt":"2026-04-29T14:19:02","slug":"placa-1-3-suporte-para-moveis","status":"publish","type":"product","link":"https:\/\/www.exatron.com.br\/es\/produtos\/placa-1-3-suporte-para-moveis\/","title":{"rendered":"1\/3 Placa + Soporte para Mueble"},"content":{"rendered":"<h3>Especificaciones t\u00e9cnicas<\/h3>\n<ul>\n<li>Medidas: 67,6&#215;45,9mm;<\/li>\n<li>Garantia: 5 anos.<\/li>\n<\/ul>\n<p>&nbsp;<\/p>\n<h3>Instalaci\u00f3n<\/h3>\n<ul>\n<li>Utilizar a grade para fazer a marca\u00e7\u00e3o da fura\u00e7\u00e3o. Antes de utilizar a serra copo, fazer um pr\u00e9-furo de 3 a 5mm no centro das duas marca\u00e7\u00f5es, estes v\u00e3o servir de guia para a serra copo;<\/li>\n<li>Fazer a fura\u00e7\u00e3o com serra copo de 35mm de di\u00e2metro;<\/li>\n<li>Parafusar a grade com 4 parafusos, encaixar o m\u00f3dulo na grade e depois clicar o espelho por cima.<\/li>\n<\/ul>","protected":false},"excerpt":{"rendered":"<p>A Placa 1\/3 + Suporte para m\u00f3veis (LEPC4210) \u00e9 destinada para m\u00f3veis planejados em geral, como pain\u00e9is, arm\u00e1rios, guarda-roupas, escrit\u00f3rios e etc. Possui um design slim e moderno, que possibilita sua aplica\u00e7\u00e3o em diversos ambientes com cores distintas. Conta com um arrojado sistema de fixa\u00e7\u00e3o capaz de ser acoplado a qualquer tipo de superf\u00edcie irregular ou lisa.<\/p>\n<p>O sistema de fixa\u00e7\u00e3o do espelho frontal \u00e9 feito por engate r\u00e1pido, que possibilita r\u00e1pida montagem e desmontagem caso necess\u00e1rio.<\/p>","protected":false},"featured_media":10138,"comment_status":"open","ping_status":"closed","template":"","meta":{"_acf_changed":false,"_joinchat":[]},"aplicacao":[],"product_brand":[],"product_cat":[374,325,376,1044],"product_tag":[1004,1018,1019],"class_list":{"0":"post-10736","1":"product","2":"type-product","3":"status-publish","4":"has-post-thumbnail","6":"product_cat-linha-color","7":"product_cat-linha-eletrica","8":"product_cat-linha-para-moveis","9":"product_cat-placas-e-suporte","10":"product_tag-linha-eletrica","11":"product_tag-linha-eletrica-para-moveis","12":"product_tag-placa-para-moveis","14":"first","15":"instock","16":"shipping-taxable","17":"purchasable","18":"product-type-variable","19":"has-default-attributes"},"acf":[],"yoast_head":"<!-- This site is optimized with the Yoast SEO plugin v27.3 - https:\/\/yoast.com\/product\/yoast-seo-wordpress\/ -->\n<title>Placa 1\/3 + Suporte para m\u00f3veis - EXATRON<\/title>\n<meta name=\"description\" content=\"Placa 1\/3 + Suporte para M\u00f3veis (LEPC4210): Design slim para pain\u00e9is e m\u00f3veis planejados. Instala\u00e7\u00e3o r\u00e1pida e sistema de fixa\u00e7\u00e3o confi\u00e1vel.\" \/>\n<meta name=\"robots\" content=\"index, follow, max-snippet:-1, max-image-preview:large, max-video-preview:-1\" \/>\n<link rel=\"canonical\" href=\"https:\/\/www.exatron.com.br\/es\/produtos\/placa-1-3-suporte-para-moveis\/\" \/>\n<meta property=\"og:locale\" content=\"es_ES\" \/>\n<meta property=\"og:type\" content=\"article\" \/>\n<meta property=\"og:title\" content=\"Placa 1\/3 + Suporte para m\u00f3veis - EXATRON\" \/>\n<meta property=\"og:description\" content=\"Placa 1\/3 + Suporte para M\u00f3veis (LEPC4210): Design slim para pain\u00e9is e m\u00f3veis planejados. Instala\u00e7\u00e3o r\u00e1pida e sistema de fixa\u00e7\u00e3o confi\u00e1vel.\" \/>\n<meta property=\"og:url\" content=\"https:\/\/www.exatron.com.br\/es\/produtos\/placa-1-3-suporte-para-moveis\/\" \/>\n<meta property=\"og:site_name\" content=\"EXATRON\" \/>\n<meta property=\"article:modified_time\" content=\"2026-04-29T14:19:02+00:00\" \/>\n<meta property=\"og:image\" content=\"https:\/\/www.exatron.com.br\/wp-content\/uploads\/2025\/12\/1302042023042664494afc995d4.png\" \/>\n\t<meta property=\"og:image:width\" content=\"500\" \/>\n\t<meta property=\"og:image:height\" content=\"500\" \/>\n\t<meta property=\"og:image:type\" content=\"image\/png\" \/>\n<meta name=\"twitter:card\" content=\"summary_large_image\" \/>\n<meta name=\"twitter:label1\" content=\"Tiempo de lectura\" \/>\n\t<meta name=\"twitter:data1\" content=\"1 minuto\" \/>\n<script type=\"application\/ld+json\" class=\"yoast-schema-graph\">{\"@context\":\"https:\\\/\\\/schema.org\",\"@graph\":[{\"@type\":\"WebPage\",\"@id\":\"https:\\\/\\\/www.exatron.com.br\\\/produtos\\\/placa-1-3-suporte-para-moveis\\\/\",\"url\":\"https:\\\/\\\/www.exatron.com.br\\\/produtos\\\/placa-1-3-suporte-para-moveis\\\/\",\"name\":\"Placa 1\\\/3 + Suporte para m\u00f3veis - EXATRON\",\"isPartOf\":{\"@id\":\"https:\\\/\\\/www.exatron.com.br\\\/#website\"},\"primaryImageOfPage\":{\"@id\":\"https:\\\/\\\/www.exatron.com.br\\\/produtos\\\/placa-1-3-suporte-para-moveis\\\/#primaryimage\"},\"image\":{\"@id\":\"https:\\\/\\\/www.exatron.com.br\\\/produtos\\\/placa-1-3-suporte-para-moveis\\\/#primaryimage\"},\"thumbnailUrl\":\"https:\\\/\\\/www.exatron.com.br\\\/wp-content\\\/uploads\\\/2025\\\/12\\\/1302042023042664494afc995d4.png\",\"datePublished\":\"2025-12-08T15:08:50+00:00\",\"dateModified\":\"2026-04-29T14:19:02+00:00\",\"description\":\"Placa 1\\\/3 + Suporte para M\u00f3veis (LEPC4210): Design slim para pain\u00e9is e m\u00f3veis planejados. Instala\u00e7\u00e3o r\u00e1pida e sistema de fixa\u00e7\u00e3o confi\u00e1vel.\",\"breadcrumb\":{\"@id\":\"https:\\\/\\\/www.exatron.com.br\\\/produtos\\\/placa-1-3-suporte-para-moveis\\\/#breadcrumb\"},\"inLanguage\":\"es\",\"potentialAction\":[{\"@type\":\"ReadAction\",\"target\":[\"https:\\\/\\\/www.exatron.com.br\\\/produtos\\\/placa-1-3-suporte-para-moveis\\\/\"]}]},{\"@type\":\"ImageObject\",\"inLanguage\":\"es\",\"@id\":\"https:\\\/\\\/www.exatron.com.br\\\/produtos\\\/placa-1-3-suporte-para-moveis\\\/#primaryimage\",\"url\":\"https:\\\/\\\/www.exatron.com.br\\\/wp-content\\\/uploads\\\/2025\\\/12\\\/1302042023042664494afc995d4.png\",\"contentUrl\":\"https:\\\/\\\/www.exatron.com.br\\\/wp-content\\\/uploads\\\/2025\\\/12\\\/1302042023042664494afc995d4.png\",\"width\":500,\"height\":500,\"caption\":\"1302042023042664494afc995d4\"},{\"@type\":\"BreadcrumbList\",\"@id\":\"https:\\\/\\\/www.exatron.com.br\\\/produtos\\\/placa-1-3-suporte-para-moveis\\\/#breadcrumb\",\"itemListElement\":[{\"@type\":\"ListItem\",\"position\":1,\"name\":\"In\u00edcio\",\"item\":\"https:\\\/\\\/www.exatron.com.br\\\/\"},{\"@type\":\"ListItem\",\"position\":2,\"name\":\"Loja\",\"item\":\"https:\\\/\\\/www.exatron.com.br\\\/loja\\\/\"},{\"@type\":\"ListItem\",\"position\":3,\"name\":\"Placa 1\\\/3 + Suporte para m\u00f3veis\"}]},{\"@type\":\"WebSite\",\"@id\":\"https:\\\/\\\/www.exatron.com.br\\\/#website\",\"url\":\"https:\\\/\\\/www.exatron.com.br\\\/\",\"name\":\"EXATRON\",\"description\":\"\",\"publisher\":{\"@id\":\"https:\\\/\\\/www.exatron.com.br\\\/#organization\"},\"potentialAction\":[{\"@type\":\"SearchAction\",\"target\":{\"@type\":\"EntryPoint\",\"urlTemplate\":\"https:\\\/\\\/www.exatron.com.br\\\/?s={search_term_string}\"},\"query-input\":{\"@type\":\"PropertyValueSpecification\",\"valueRequired\":true,\"valueName\":\"search_term_string\"}}],\"inLanguage\":\"es\"},{\"@type\":\"Organization\",\"@id\":\"https:\\\/\\\/www.exatron.com.br\\\/#organization\",\"name\":\"EXATRON\",\"url\":\"https:\\\/\\\/www.exatron.com.br\\\/\",\"logo\":{\"@type\":\"ImageObject\",\"inLanguage\":\"es\",\"@id\":\"https:\\\/\\\/www.exatron.com.br\\\/#\\\/schema\\\/logo\\\/image\\\/\",\"url\":\"https:\\\/\\\/www.exatron.com.br\\\/wp-content\\\/uploads\\\/2024\\\/11\\\/default-kit.png\",\"contentUrl\":\"https:\\\/\\\/www.exatron.com.br\\\/wp-content\\\/uploads\\\/2024\\\/11\\\/default-kit.png\",\"width\":956,\"height\":192,\"caption\":\"EXATRON\"},\"image\":{\"@id\":\"https:\\\/\\\/www.exatron.com.br\\\/#\\\/schema\\\/logo\\\/image\\\/\"}}]}<\/script>\n<!-- \/ Yoast SEO plugin. -->","yoast_head_json":{"title":"Placa 1\/3 + Suporte para m\u00f3veis - EXATRON","description":"Placa 1\/3 + Suporte para M\u00f3veis (LEPC4210): Design slim para pain\u00e9is e m\u00f3veis planejados. Instala\u00e7\u00e3o r\u00e1pida e sistema de fixa\u00e7\u00e3o confi\u00e1vel.","robots":{"index":"index","follow":"follow","max-snippet":"max-snippet:-1","max-image-preview":"max-image-preview:large","max-video-preview":"max-video-preview:-1"},"canonical":"https:\/\/www.exatron.com.br\/es\/produtos\/placa-1-3-suporte-para-moveis\/","og_locale":"es_ES","og_type":"article","og_title":"Placa 1\/3 + Suporte para m\u00f3veis - EXATRON","og_description":"Placa 1\/3 + Suporte para M\u00f3veis (LEPC4210): Design slim para pain\u00e9is e m\u00f3veis planejados. Instala\u00e7\u00e3o r\u00e1pida e sistema de fixa\u00e7\u00e3o confi\u00e1vel.","og_url":"https:\/\/www.exatron.com.br\/es\/produtos\/placa-1-3-suporte-para-moveis\/","og_site_name":"EXATRON","article_modified_time":"2026-04-29T14:19:02+00:00","og_image":[{"width":500,"height":500,"url":"https:\/\/www.exatron.com.br\/wp-content\/uploads\/2025\/12\/1302042023042664494afc995d4.png","type":"image\/png"}],"twitter_card":"summary_large_image","twitter_misc":{"Tiempo de lectura":"1 minuto"},"schema":{"@context":"https:\/\/schema.org","@graph":[{"@type":"WebPage","@id":"https:\/\/www.exatron.com.br\/produtos\/placa-1-3-suporte-para-moveis\/","url":"https:\/\/www.exatron.com.br\/produtos\/placa-1-3-suporte-para-moveis\/","name":"Placa 1\/3 + Suporte para m\u00f3veis - EXATRON","isPartOf":{"@id":"https:\/\/www.exatron.com.br\/#website"},"primaryImageOfPage":{"@id":"https:\/\/www.exatron.com.br\/produtos\/placa-1-3-suporte-para-moveis\/#primaryimage"},"image":{"@id":"https:\/\/www.exatron.com.br\/produtos\/placa-1-3-suporte-para-moveis\/#primaryimage"},"thumbnailUrl":"https:\/\/www.exatron.com.br\/wp-content\/uploads\/2025\/12\/1302042023042664494afc995d4.png","datePublished":"2025-12-08T15:08:50+00:00","dateModified":"2026-04-29T14:19:02+00:00","description":"Placa 1\/3 + Suporte para M\u00f3veis (LEPC4210): Design slim para pain\u00e9is e m\u00f3veis planejados. Instala\u00e7\u00e3o r\u00e1pida e sistema de fixa\u00e7\u00e3o confi\u00e1vel.","breadcrumb":{"@id":"https:\/\/www.exatron.com.br\/produtos\/placa-1-3-suporte-para-moveis\/#breadcrumb"},"inLanguage":"es","potentialAction":[{"@type":"ReadAction","target":["https:\/\/www.exatron.com.br\/produtos\/placa-1-3-suporte-para-moveis\/"]}]},{"@type":"ImageObject","inLanguage":"es","@id":"https:\/\/www.exatron.com.br\/produtos\/placa-1-3-suporte-para-moveis\/#primaryimage","url":"https:\/\/www.exatron.com.br\/wp-content\/uploads\/2025\/12\/1302042023042664494afc995d4.png","contentUrl":"https:\/\/www.exatron.com.br\/wp-content\/uploads\/2025\/12\/1302042023042664494afc995d4.png","width":500,"height":500,"caption":"1302042023042664494afc995d4"},{"@type":"BreadcrumbList","@id":"https:\/\/www.exatron.com.br\/produtos\/placa-1-3-suporte-para-moveis\/#breadcrumb","itemListElement":[{"@type":"ListItem","position":1,"name":"In\u00edcio","item":"https:\/\/www.exatron.com.br\/"},{"@type":"ListItem","position":2,"name":"Loja","item":"https:\/\/www.exatron.com.br\/loja\/"},{"@type":"ListItem","position":3,"name":"Placa 1\/3 + Suporte para m\u00f3veis"}]},{"@type":"WebSite","@id":"https:\/\/www.exatron.com.br\/#website","url":"https:\/\/www.exatron.com.br\/","name":"EXATRON","description":"","publisher":{"@id":"https:\/\/www.exatron.com.br\/#organization"},"potentialAction":[{"@type":"SearchAction","target":{"@type":"EntryPoint","urlTemplate":"https:\/\/www.exatron.com.br\/?s={search_term_string}"},"query-input":{"@type":"PropertyValueSpecification","valueRequired":true,"valueName":"search_term_string"}}],"inLanguage":"es"},{"@type":"Organization","@id":"https:\/\/www.exatron.com.br\/#organization","name":"EXATRON","url":"https:\/\/www.exatron.com.br\/","logo":{"@type":"ImageObject","inLanguage":"es","@id":"https:\/\/www.exatron.com.br\/#\/schema\/logo\/image\/","url":"https:\/\/www.exatron.com.br\/wp-content\/uploads\/2024\/11\/default-kit.png","contentUrl":"https:\/\/www.exatron.com.br\/wp-content\/uploads\/2024\/11\/default-kit.png","width":956,"height":192,"caption":"EXATRON"},"image":{"@id":"https:\/\/www.exatron.com.br\/#\/schema\/logo\/image\/"}}]}},"_links":{"self":[{"href":"https:\/\/www.exatron.com.br\/es\/wp-json\/wp\/v2\/product\/10736","targetHints":{"allow":["GET"]}}],"collection":[{"href":"https:\/\/www.exatron.com.br\/es\/wp-json\/wp\/v2\/product"}],"about":[{"href":"https:\/\/www.exatron.com.br\/es\/wp-json\/wp\/v2\/types\/product"}],"replies":[{"embeddable":true,"href":"https:\/\/www.exatron.com.br\/es\/wp-json\/wp\/v2\/comments?post=10736"}],"wp:featuredmedia":[{"embeddable":true,"href":"https:\/\/www.exatron.com.br\/es\/wp-json\/wp\/v2\/media\/10138"}],"wp:attachment":[{"href":"https:\/\/www.exatron.com.br\/es\/wp-json\/wp\/v2\/media?parent=10736"}],"wp:term":[{"taxonomy":"aplicacao","embeddable":true,"href":"https:\/\/www.exatron.com.br\/es\/wp-json\/wp\/v2\/aplicacao?post=10736"},{"taxonomy":"product_brand","embeddable":true,"href":"https:\/\/www.exatron.com.br\/es\/wp-json\/wp\/v2\/product_brand?post=10736"},{"taxonomy":"product_cat","embeddable":true,"href":"https:\/\/www.exatron.com.br\/es\/wp-json\/wp\/v2\/product_cat?post=10736"},{"taxonomy":"product_tag","embeddable":true,"href":"https:\/\/www.exatron.com.br\/es\/wp-json\/wp\/v2\/product_tag?post=10736"}],"curies":[{"name":"wp","href":"https:\/\/api.w.org\/{rel}","templated":true}]}}