{"id":10750,"date":"2025-12-08T15:08:51","date_gmt":"2025-12-08T15:08:51","guid":{"rendered":""},"modified":"2026-04-16T14:06:41","modified_gmt":"2026-04-16T17:06:41","slug":"sensor-de-presenca-de-parede-4x2-trimpot","status":"publish","type":"product","link":"https:\/\/www.exatron.com.br\/es\/produtos\/sensor-de-presenca-de-parede-4x2-trimpot\/","title":{"rendered":"Sensor de presencia de montaje en pared 4x2 con potenci\u00f3metro ajustable"},"content":{"rendered":"<h3>Especificaciones t\u00e9cnicas<\/h3>\n<ul>\n<li>Voltaje: 100-240V~;<\/li>\n<li>Consumo de energ\u00eda: &lt;1W;<\/li>\n<li>Frecuencia de funcionamiento: 50-60Hz;<\/li>\n<li>Prote\u00e7\u00e3o contra surtos: 1kV;<\/li>\n<li>Dimens\u00f5es: 122x 82x 36,3mm<\/li>\n<li>Cobertura: 110\u00b0 com alcance de at\u00e9 10m de dist\u00e2ncia e temperatura ambiente de 25\u00b0C, instalado em caixa 4&#215;2 de parede, a uma altura de aproximadamente 1,2m;<\/li>\n<li>Regulagem de tempo (ajuste por trimpot): 0,5 (30s), 1, 2, 4, 8 e 15 minutos;<\/li>\n<li>Sensor de Luminosidade (ajuste por trimpot): OFF (sempre &#8211; sem fotoc\u00e9lula), LUX+ (ao entardecer) e LUX-(\u00e0 noite);<\/li>\n<li>Exclusivo Inrush Control Technology, sistema de comuta\u00e7\u00e3o pr\u00f3xima do zero da rede (sen\u00f3ide) aumentando a vida \u00fatil da carga e do sensor;<\/li>\n<li>Possui LED indicador de funcionamento, de detec\u00e7\u00e3o e dos par\u00e2metros configurados;<\/li>\n<li>Detecta fontes de calor (pessoas, carros, etc.) deve estar no m\u00ednimo a 3\u00b0C de diferen\u00e7a em rela\u00e7\u00e3o \u00e0 temperatura do meio ambiente onde o sensor est\u00e1 instalado (utilizar em ambientes internos);<\/li>\n<li>Las potencias m\u00e1ximas de accionamiento no se deben sumar en instalaciones en paralelo;<\/li>\n<li>Ahorro de energ\u00eda de hasta 75%;<\/li>\n<li>Componentes: pl\u00e1sticos, eletr\u00f4nicos e ligas met\u00e1licas;<\/li>\n<li>Utilizar em ambientes internos;<\/li>\n<li>Grado de protecci\u00f3n: IP32;<\/li>\n<li>Garant\u00eda: 2 a\u00f1os.<\/li>\n<\/ul>\n<figure class=\"table\">\n<table>\n<tbody>\n<tr>\n<td rowspan=\"3\"><strong>Capacidade de carga (l\u00e2mpadas)<\/strong><\/td>\n<td><strong>Alimento<\/strong><\/td>\n<td><strong>Eletr\u00f4nica<\/strong><\/td>\n<td><strong>Led<\/strong><\/td>\n<td><strong>Hal\u00f3gena\/Resistiva<\/strong><\/td>\n<\/tr>\n<tr>\n<td>127 V<\/td>\n<td>120 W<\/td>\n<td>120 W<\/td>\n<td>120 W<\/td>\n<\/tr>\n<tr>\n<td>220 V<\/td>\n<td>220 W<\/td>\n<td>220 W<\/td>\n<td>220 W<\/td>\n<\/tr>\n<tr>\n<td colspan=\"5\">THD&lt;20% y FP&gt;0,90<\/td>\n<\/tr>\n<\/tbody>\n<\/table>\n<\/figure>","protected":false},"excerpt":{"rendered":"<p>O Sensor de Presen\u00e7a de Parede 4X2 Trimpot (LESP4008) \u00e9 um comando inteligente que se destina ao acionamento temporizado de cargas. Detecta a movimenta\u00e7\u00e3o de fontes de calor como pessoas e carros, atrav\u00e9s de um sensor infravermelho, acionando a carga e permanecendo ligado enquanto houver detec\u00e7\u00e3o de presen\u00e7a e desligando no tempo programado ap\u00f3s a \u00faltima detec\u00e7\u00e3o de presen\u00e7a. Possui superior imunidade contra interfer\u00eancias emanadas e induzidas, provocadas por reatores eletr\u00f4nicos, celulares, r\u00e1dios comunicadores e instala\u00e7\u00f5es de sensores em paralelo e tamb\u00e9m possui a tecnologia de comuta\u00e7\u00e3o por baixa tens\u00e3o el\u00e9trica menor que 50V, aumentando a vida \u00fatil do conjunto (l\u00e2mpadas e sensor).<\/p>","protected":false},"featured_media":14535,"comment_status":"open","ping_status":"closed","template":"","meta":{"_acf_changed":false,"_joinchat":[]},"aplicacao":[267],"product_brand":[],"product_cat":[383,326],"product_tag":[652,582,654,644,634,635,650,651,653],"class_list":{"0":"post-10750","1":"product","2":"type-product","3":"status-publish","4":"has-post-thumbnail","6":"aplicacao-iluminacao-interna-sensores-de-presenca","7":"product_cat-4x2","8":"product_cat-sensores-de-presenca-para-iluminacao","9":"product_tag-cobertura-110","10":"product_tag-economia-de-energia","11":"product_tag-sensor-com-trimpot","12":"product_tag-sensor-de-presenca-4x2","13":"product_tag-sensor-de-presenca-de-parede","14":"product_tag-sensor-de-presenca-para-iluminacao","15":"product_tag-sensor-de-presenca-trimpot","16":"product_tag-timpot","17":"product_tag-trimpot","19":"first","20":"instock","21":"shipping-taxable","22":"purchasable","23":"product-type-variable","24":"has-default-attributes"},"acf":[],"yoast_head":"<!-- This site is optimized with the Yoast SEO plugin v27.3 - https:\/\/yoast.com\/product\/yoast-seo-wordpress\/ -->\n<title>Sensor de Presen\u00e7a de Parede 4x2 Trimpot - EXATRON<\/title>\n<meta name=\"description\" content=\"LESP4008: Sensor de presen\u00e7a trimpot, ajuste de tempo e luminosidade, detec\u00e7\u00e3o precisa, cobertura 110\u00b0 ideal para ambientes internos.\" \/>\n<meta name=\"robots\" content=\"index, follow, max-snippet:-1, max-image-preview:large, max-video-preview:-1\" \/>\n<link rel=\"canonical\" href=\"https:\/\/www.exatron.com.br\/es\/produtos\/sensor-de-presenca-de-parede-4x2-trimpot\/\" \/>\n<meta property=\"og:locale\" content=\"es_ES\" \/>\n<meta property=\"og:type\" content=\"article\" \/>\n<meta property=\"og:title\" content=\"Sensor de Presen\u00e7a de Parede 4x2 Trimpot - EXATRON\" \/>\n<meta property=\"og:description\" content=\"LESP4008: Sensor de presen\u00e7a trimpot, ajuste de tempo e luminosidade, detec\u00e7\u00e3o precisa, cobertura 110\u00b0 ideal para ambientes internos.\" \/>\n<meta property=\"og:url\" content=\"https:\/\/www.exatron.com.br\/es\/produtos\/sensor-de-presenca-de-parede-4x2-trimpot\/\" \/>\n<meta property=\"og:site_name\" content=\"EXATRON\" \/>\n<meta property=\"article:modified_time\" content=\"2026-04-16T17:06:41+00:00\" \/>\n<meta property=\"og:image\" content=\"https:\/\/www.exatron.com.br\/wp-content\/uploads\/lesp4008_4-1.png\" \/>\n\t<meta property=\"og:image:width\" content=\"1000\" \/>\n\t<meta property=\"og:image:height\" content=\"1000\" \/>\n\t<meta property=\"og:image:type\" content=\"image\/png\" \/>\n<meta name=\"twitter:card\" content=\"summary_large_image\" \/>\n<meta name=\"twitter:label1\" content=\"Tiempo de lectura\" \/>\n\t<meta name=\"twitter:data1\" content=\"2 minutos\" \/>\n<script type=\"application\/ld+json\" class=\"yoast-schema-graph\">{\"@context\":\"https:\\\/\\\/schema.org\",\"@graph\":[{\"@type\":\"WebPage\",\"@id\":\"https:\\\/\\\/www.exatron.com.br\\\/produtos\\\/sensor-de-presenca-de-parede-4x2-trimpot\\\/\",\"url\":\"https:\\\/\\\/www.exatron.com.br\\\/produtos\\\/sensor-de-presenca-de-parede-4x2-trimpot\\\/\",\"name\":\"Sensor de Presen\u00e7a de Parede 4x2 Trimpot - EXATRON\",\"isPartOf\":{\"@id\":\"https:\\\/\\\/www.exatron.com.br\\\/#website\"},\"primaryImageOfPage\":{\"@id\":\"https:\\\/\\\/www.exatron.com.br\\\/produtos\\\/sensor-de-presenca-de-parede-4x2-trimpot\\\/#primaryimage\"},\"image\":{\"@id\":\"https:\\\/\\\/www.exatron.com.br\\\/produtos\\\/sensor-de-presenca-de-parede-4x2-trimpot\\\/#primaryimage\"},\"thumbnailUrl\":\"https:\\\/\\\/www.exatron.com.br\\\/wp-content\\\/uploads\\\/lesp4008_4-1.png\",\"datePublished\":\"2025-12-08T15:08:51+00:00\",\"dateModified\":\"2026-04-16T17:06:41+00:00\",\"description\":\"LESP4008: Sensor de presen\u00e7a trimpot, ajuste de tempo e luminosidade, detec\u00e7\u00e3o precisa, cobertura 110\u00b0 ideal para ambientes internos.\",\"breadcrumb\":{\"@id\":\"https:\\\/\\\/www.exatron.com.br\\\/produtos\\\/sensor-de-presenca-de-parede-4x2-trimpot\\\/#breadcrumb\"},\"inLanguage\":\"es\",\"potentialAction\":[{\"@type\":\"ReadAction\",\"target\":[\"https:\\\/\\\/www.exatron.com.br\\\/produtos\\\/sensor-de-presenca-de-parede-4x2-trimpot\\\/\"]}]},{\"@type\":\"ImageObject\",\"inLanguage\":\"es\",\"@id\":\"https:\\\/\\\/www.exatron.com.br\\\/produtos\\\/sensor-de-presenca-de-parede-4x2-trimpot\\\/#primaryimage\",\"url\":\"https:\\\/\\\/www.exatron.com.br\\\/wp-content\\\/uploads\\\/lesp4008_4-1.png\",\"contentUrl\":\"https:\\\/\\\/www.exatron.com.br\\\/wp-content\\\/uploads\\\/lesp4008_4-1.png\",\"width\":1000,\"height\":1000,\"caption\":\"Sensor de Presen\u00e7a de Parede 4\u00d72 Trimpot - frente 1\"},{\"@type\":\"BreadcrumbList\",\"@id\":\"https:\\\/\\\/www.exatron.com.br\\\/produtos\\\/sensor-de-presenca-de-parede-4x2-trimpot\\\/#breadcrumb\",\"itemListElement\":[{\"@type\":\"ListItem\",\"position\":1,\"name\":\"In\u00edcio\",\"item\":\"https:\\\/\\\/www.exatron.com.br\\\/\"},{\"@type\":\"ListItem\",\"position\":2,\"name\":\"Loja\",\"item\":\"https:\\\/\\\/www.exatron.com.br\\\/loja\\\/\"},{\"@type\":\"ListItem\",\"position\":3,\"name\":\"Sensor de Presen\u00e7a de Parede 4&#215;2 Trimpot\"}]},{\"@type\":\"WebSite\",\"@id\":\"https:\\\/\\\/www.exatron.com.br\\\/#website\",\"url\":\"https:\\\/\\\/www.exatron.com.br\\\/\",\"name\":\"EXATRON\",\"description\":\"\",\"publisher\":{\"@id\":\"https:\\\/\\\/www.exatron.com.br\\\/#organization\"},\"potentialAction\":[{\"@type\":\"SearchAction\",\"target\":{\"@type\":\"EntryPoint\",\"urlTemplate\":\"https:\\\/\\\/www.exatron.com.br\\\/?s={search_term_string}\"},\"query-input\":{\"@type\":\"PropertyValueSpecification\",\"valueRequired\":true,\"valueName\":\"search_term_string\"}}],\"inLanguage\":\"es\"},{\"@type\":\"Organization\",\"@id\":\"https:\\\/\\\/www.exatron.com.br\\\/#organization\",\"name\":\"EXATRON\",\"url\":\"https:\\\/\\\/www.exatron.com.br\\\/\",\"logo\":{\"@type\":\"ImageObject\",\"inLanguage\":\"es\",\"@id\":\"https:\\\/\\\/www.exatron.com.br\\\/#\\\/schema\\\/logo\\\/image\\\/\",\"url\":\"https:\\\/\\\/www.exatron.com.br\\\/wp-content\\\/uploads\\\/2024\\\/11\\\/default-kit.png\",\"contentUrl\":\"https:\\\/\\\/www.exatron.com.br\\\/wp-content\\\/uploads\\\/2024\\\/11\\\/default-kit.png\",\"width\":956,\"height\":192,\"caption\":\"EXATRON\"},\"image\":{\"@id\":\"https:\\\/\\\/www.exatron.com.br\\\/#\\\/schema\\\/logo\\\/image\\\/\"}}]}<\/script>\n<!-- \/ Yoast SEO plugin. -->","yoast_head_json":{"title":"Sensor de Presen\u00e7a de Parede 4x2 Trimpot - EXATRON","description":"LESP4008: Sensor de presen\u00e7a trimpot, ajuste de tempo e luminosidade, detec\u00e7\u00e3o precisa, cobertura 110\u00b0 ideal para ambientes internos.","robots":{"index":"index","follow":"follow","max-snippet":"max-snippet:-1","max-image-preview":"max-image-preview:large","max-video-preview":"max-video-preview:-1"},"canonical":"https:\/\/www.exatron.com.br\/es\/produtos\/sensor-de-presenca-de-parede-4x2-trimpot\/","og_locale":"es_ES","og_type":"article","og_title":"Sensor de Presen\u00e7a de Parede 4x2 Trimpot - EXATRON","og_description":"LESP4008: Sensor de presen\u00e7a trimpot, ajuste de tempo e luminosidade, detec\u00e7\u00e3o precisa, cobertura 110\u00b0 ideal para ambientes internos.","og_url":"https:\/\/www.exatron.com.br\/es\/produtos\/sensor-de-presenca-de-parede-4x2-trimpot\/","og_site_name":"EXATRON","article_modified_time":"2026-04-16T17:06:41+00:00","og_image":[{"width":1000,"height":1000,"url":"https:\/\/www.exatron.com.br\/wp-content\/uploads\/lesp4008_4-1.png","type":"image\/png"}],"twitter_card":"summary_large_image","twitter_misc":{"Tiempo de lectura":"2 minutos"},"schema":{"@context":"https:\/\/schema.org","@graph":[{"@type":"WebPage","@id":"https:\/\/www.exatron.com.br\/produtos\/sensor-de-presenca-de-parede-4x2-trimpot\/","url":"https:\/\/www.exatron.com.br\/produtos\/sensor-de-presenca-de-parede-4x2-trimpot\/","name":"Sensor de Presen\u00e7a de Parede 4x2 Trimpot - EXATRON","isPartOf":{"@id":"https:\/\/www.exatron.com.br\/#website"},"primaryImageOfPage":{"@id":"https:\/\/www.exatron.com.br\/produtos\/sensor-de-presenca-de-parede-4x2-trimpot\/#primaryimage"},"image":{"@id":"https:\/\/www.exatron.com.br\/produtos\/sensor-de-presenca-de-parede-4x2-trimpot\/#primaryimage"},"thumbnailUrl":"https:\/\/www.exatron.com.br\/wp-content\/uploads\/lesp4008_4-1.png","datePublished":"2025-12-08T15:08:51+00:00","dateModified":"2026-04-16T17:06:41+00:00","description":"LESP4008: Sensor de presen\u00e7a trimpot, ajuste de tempo e luminosidade, detec\u00e7\u00e3o precisa, cobertura 110\u00b0 ideal para ambientes internos.","breadcrumb":{"@id":"https:\/\/www.exatron.com.br\/produtos\/sensor-de-presenca-de-parede-4x2-trimpot\/#breadcrumb"},"inLanguage":"es","potentialAction":[{"@type":"ReadAction","target":["https:\/\/www.exatron.com.br\/produtos\/sensor-de-presenca-de-parede-4x2-trimpot\/"]}]},{"@type":"ImageObject","inLanguage":"es","@id":"https:\/\/www.exatron.com.br\/produtos\/sensor-de-presenca-de-parede-4x2-trimpot\/#primaryimage","url":"https:\/\/www.exatron.com.br\/wp-content\/uploads\/lesp4008_4-1.png","contentUrl":"https:\/\/www.exatron.com.br\/wp-content\/uploads\/lesp4008_4-1.png","width":1000,"height":1000,"caption":"Sensor de Presen\u00e7a de Parede 4\u00d72 Trimpot - frente 1"},{"@type":"BreadcrumbList","@id":"https:\/\/www.exatron.com.br\/produtos\/sensor-de-presenca-de-parede-4x2-trimpot\/#breadcrumb","itemListElement":[{"@type":"ListItem","position":1,"name":"In\u00edcio","item":"https:\/\/www.exatron.com.br\/"},{"@type":"ListItem","position":2,"name":"Loja","item":"https:\/\/www.exatron.com.br\/loja\/"},{"@type":"ListItem","position":3,"name":"Sensor de Presen\u00e7a de Parede 4&#215;2 Trimpot"}]},{"@type":"WebSite","@id":"https:\/\/www.exatron.com.br\/#website","url":"https:\/\/www.exatron.com.br\/","name":"EXATRON","description":"","publisher":{"@id":"https:\/\/www.exatron.com.br\/#organization"},"potentialAction":[{"@type":"SearchAction","target":{"@type":"EntryPoint","urlTemplate":"https:\/\/www.exatron.com.br\/?s={search_term_string}"},"query-input":{"@type":"PropertyValueSpecification","valueRequired":true,"valueName":"search_term_string"}}],"inLanguage":"es"},{"@type":"Organization","@id":"https:\/\/www.exatron.com.br\/#organization","name":"EXATRON","url":"https:\/\/www.exatron.com.br\/","logo":{"@type":"ImageObject","inLanguage":"es","@id":"https:\/\/www.exatron.com.br\/#\/schema\/logo\/image\/","url":"https:\/\/www.exatron.com.br\/wp-content\/uploads\/2024\/11\/default-kit.png","contentUrl":"https:\/\/www.exatron.com.br\/wp-content\/uploads\/2024\/11\/default-kit.png","width":956,"height":192,"caption":"EXATRON"},"image":{"@id":"https:\/\/www.exatron.com.br\/#\/schema\/logo\/image\/"}}]}},"_links":{"self":[{"href":"https:\/\/www.exatron.com.br\/es\/wp-json\/wp\/v2\/product\/10750","targetHints":{"allow":["GET"]}}],"collection":[{"href":"https:\/\/www.exatron.com.br\/es\/wp-json\/wp\/v2\/product"}],"about":[{"href":"https:\/\/www.exatron.com.br\/es\/wp-json\/wp\/v2\/types\/product"}],"replies":[{"embeddable":true,"href":"https:\/\/www.exatron.com.br\/es\/wp-json\/wp\/v2\/comments?post=10750"}],"wp:featuredmedia":[{"embeddable":true,"href":"https:\/\/www.exatron.com.br\/es\/wp-json\/wp\/v2\/media\/14535"}],"wp:attachment":[{"href":"https:\/\/www.exatron.com.br\/es\/wp-json\/wp\/v2\/media?parent=10750"}],"wp:term":[{"taxonomy":"aplicacao","embeddable":true,"href":"https:\/\/www.exatron.com.br\/es\/wp-json\/wp\/v2\/aplicacao?post=10750"},{"taxonomy":"product_brand","embeddable":true,"href":"https:\/\/www.exatron.com.br\/es\/wp-json\/wp\/v2\/product_brand?post=10750"},{"taxonomy":"product_cat","embeddable":true,"href":"https:\/\/www.exatron.com.br\/es\/wp-json\/wp\/v2\/product_cat?post=10750"},{"taxonomy":"product_tag","embeddable":true,"href":"https:\/\/www.exatron.com.br\/es\/wp-json\/wp\/v2\/product_tag?post=10750"}],"curies":[{"name":"wp","href":"https:\/\/api.w.org\/{rel}","templated":true}]}}