{"id":10751,"date":"2025-12-08T15:08:51","date_gmt":"2025-12-08T15:08:51","guid":{"rendered":""},"modified":"2026-04-22T12:06:11","modified_gmt":"2026-04-22T15:06:11","slug":"interruptor-smart-bat-2-teclas","status":"publish","type":"product","link":"https:\/\/www.exatron.com.br\/es\/produtos\/interruptor-smart-bat-2-teclas\/","title":{"rendered":"Interruptor Smart Bat &#8211; 2 teclas"},"content":{"rendered":"<h3>Especificaciones t\u00e9cnicas<\/h3>\n<p>\u2022\u00a0Alimenta\u00e7\u00e3o: 3V &#8211; Pilha CR2032;<\/p>\n<p>\u2022 Consumo em stand by: 0,010mA;<\/p>\n<p>\u2022 Dimens\u00f5es: 86x86x15,5mm;<\/p>\n<p>\u2022 Tecnologia: BLE SIG Mesh 2,4GHz;<\/p>\n<p>\u2022 Criptografia: AES;<\/p>\n<p>\u2022 Dist\u00e2ncia m\u00e1xima do Gateway Wi-Fi\/BLE SIG Mesh: at\u00e9 10m sem obst\u00e1culos;<\/p>\n<p>\u2022 Temperatura de opera\u00e7\u00e3o: 0\u00b0C a 40\u00b0C;<\/p>\n<p>\u2022\u00a0Cores: Branco ou Preto;<\/p>\n<p>\u2022\u00a0Garantia: 02 anos.<\/p>\n<p>&nbsp;<\/p>\n<h3>Instalaci\u00f3n<\/h3>\n<p>\u2022 Configure o Interruptor Smart Bat pelo aplicativo myhouse X, dispon\u00edvel para download no Google Play e na App Store. Vers\u00e3o m\u00ednima do sistema operacional: iOS 11.0 \/ Android\u2122 7.0;<\/p>\n<p>\u2022 O produto deve ser instalado em ambiente interno, sem umidade, vibra\u00e7\u00f5es e distante de fontes de calor;<\/p>\n<p>\u2022 Este produto possui comunica\u00e7\u00e3o Bluetooth BLE SIG Mesh. Para que voc\u00ea consiga usufruir de todos os recursos da automa\u00e7\u00e3o, tenha um Gateway Wi-Fi\/BLE SIG Mesh, assim voc\u00ea poder\u00e1 interagir com outros dispositivos da linha myhouse X. Certifique que o local de instala\u00e7\u00e3o possui um Gateway Wi-Fi\/BLE SIG Mesh e sinal padr\u00e3o Wi-Fi 2,4GHz com conex\u00e3o \u00e0 internet;<\/p>\n<p>\u2022 Antes de iniciar a instala\u00e7\u00e3o, verifique se o local possibilita a comunica\u00e7\u00e3o Bluetooth com o Gateway, o que pode ser feito utilizando o seu smartphone. Lembre-se que esse produto utiliza a tecnologia BLE SIG Mesh, portanto para testar seu funcionamento \u00e9 preciso que voc\u00ea possua um dispositivo Gateway que deve ser instalado onde existe sinal de Wi-Fi 2,4GHz;<\/p>\n<p>\u2022 Ap\u00f3s fechar a tampa, insira as fitas dupla face ou parafuse a tampa traseira no local que o Interruptor Smart ficar\u00e1 fixo. Obs.: Parafusos n\u00e3o acompanham o produto.<\/p>","protected":false},"excerpt":{"rendered":"<p>Revolucione e conecte espa\u00e7os com a linha myhouse X da Exatron! Mais seguran\u00e7a, qualidade e inova\u00e7\u00e3o na automa\u00e7\u00e3o de ambientes.<\/p>\n<p>O Interruptor Smart Bat &#8211; 2 teclas (LSIF6102) possibilita que voc\u00ea crie cenas de automa\u00e7\u00e3o em ambientes, integrando dispositivos inteligentes a essas cenas e at\u00e9 3 modos de disparo por tecla. Possui tecnologia BLE SIG Mesh, para n\u00e3o sobrecarregar seu roteador Wi-Fi, sendo que em conjunto com a Interface Gateway Smart Wi-Fi\/BLE SIG Mesh, possibilita que voc\u00ea tenha at\u00e9 128 dispositivos ocupando apenas um canal da sua rede Wi-Fi.<\/p>\n<p>De f\u00e1cil instala\u00e7\u00e3o, proporciona uma nova forma de controlar suas cargas el\u00e9tricas, por meio de outros dispositivos da linha e aplicativo myhouse X.<\/p>\n<p>&nbsp;<\/p>\n<p><i>13613-23-15596<\/i><\/p>\n<p><i>&quot;Este equipo no tiene derecho a protecci\u00f3n contra interferencias perjudiciales y no puede causar interferencias a sistemas debidamente autorizados.&quot;<\/i><\/p>\n<p><i>&quot;Este producto est\u00e1 aprobado por ANATEL, de acuerdo con los procedimientos regulados por la Resoluci\u00f3n n\u00ba 715, del 23 de octubre de 2019, y cumple con los requisitos t\u00e9cnicos aplicables.&quot;<\/i><\/p>\n<p><i>Para obtener m\u00e1s informaci\u00f3n, visite el sitio web de Anatel: www.gov.br\/anatel\/pt-br\/<\/i><\/p>","protected":false},"featured_media":10333,"comment_status":"open","ping_status":"closed","template":"","meta":{"_acf_changed":false,"_joinchat":[]},"aplicacao":[],"product_brand":[],"product_cat":[359,322],"product_tag":[850,849,752,873,872],"class_list":{"0":"post-10751","1":"product","2":"type-product","3":"status-publish","4":"has-post-thumbnail","6":"product_cat-myhouse-x-interruptor-smart","7":"product_cat-myhouse-x","8":"product_tag-aplicativo-myhouse-x","9":"product_tag-automacao-predial","10":"product_tag-automacao-residencial","11":"product_tag-interruptor-inteligente","12":"product_tag-interruptor-smart","14":"first","15":"instock","16":"shipping-taxable","17":"purchasable","18":"product-type-variable","19":"has-default-attributes"},"acf":[],"yoast_head":"<!-- This site is optimized with the Yoast SEO plugin v27.3 - https:\/\/yoast.com\/product\/yoast-seo-wordpress\/ -->\n<title>Interruptor Smart Bat - 2 teclas - EXATRON<\/title>\n<meta name=\"description\" content=\"Crie at\u00e9 3 modos de disparo por tecla com o Interruptor Smart Bat - 2 teclas (LSIF6102). Criando cenas de automa\u00e7\u00e3o em ambientes diversos.\" \/>\n<meta name=\"robots\" content=\"index, follow, max-snippet:-1, max-image-preview:large, max-video-preview:-1\" \/>\n<link rel=\"canonical\" href=\"https:\/\/www.exatron.com.br\/es\/produtos\/interruptor-smart-bat-2-teclas\/\" \/>\n<meta property=\"og:locale\" content=\"es_ES\" \/>\n<meta property=\"og:type\" content=\"article\" \/>\n<meta property=\"og:title\" content=\"Interruptor Smart Bat - 2 teclas - EXATRON\" \/>\n<meta property=\"og:description\" content=\"Crie at\u00e9 3 modos de disparo por tecla com o Interruptor Smart Bat - 2 teclas (LSIF6102). Criando cenas de automa\u00e7\u00e3o em ambientes diversos.\" \/>\n<meta property=\"og:url\" content=\"https:\/\/www.exatron.com.br\/es\/produtos\/interruptor-smart-bat-2-teclas\/\" \/>\n<meta property=\"og:site_name\" content=\"EXATRON\" \/>\n<meta property=\"article:modified_time\" content=\"2026-04-22T15:06:11+00:00\" \/>\n<meta property=\"og:image\" content=\"https:\/\/www.exatron.com.br\/wp-content\/uploads\/2025\/12\/2oqkuhyixub0hup2i06ygjydynpgqckp1ohhhswy.png\" \/>\n\t<meta property=\"og:image:width\" content=\"1080\" \/>\n\t<meta property=\"og:image:height\" content=\"1080\" \/>\n\t<meta property=\"og:image:type\" content=\"image\/png\" \/>\n<meta name=\"twitter:card\" content=\"summary_large_image\" \/>\n<meta name=\"twitter:label1\" content=\"Tiempo de lectura\" \/>\n\t<meta name=\"twitter:data1\" content=\"2 minutos\" \/>\n<script type=\"application\/ld+json\" class=\"yoast-schema-graph\">{\"@context\":\"https:\\\/\\\/schema.org\",\"@graph\":[{\"@type\":\"WebPage\",\"@id\":\"https:\\\/\\\/www.exatron.com.br\\\/produtos\\\/interruptor-smart-bat-2-teclas\\\/\",\"url\":\"https:\\\/\\\/www.exatron.com.br\\\/produtos\\\/interruptor-smart-bat-2-teclas\\\/\",\"name\":\"Interruptor Smart Bat - 2 teclas - EXATRON\",\"isPartOf\":{\"@id\":\"https:\\\/\\\/www.exatron.com.br\\\/#website\"},\"primaryImageOfPage\":{\"@id\":\"https:\\\/\\\/www.exatron.com.br\\\/produtos\\\/interruptor-smart-bat-2-teclas\\\/#primaryimage\"},\"image\":{\"@id\":\"https:\\\/\\\/www.exatron.com.br\\\/produtos\\\/interruptor-smart-bat-2-teclas\\\/#primaryimage\"},\"thumbnailUrl\":\"https:\\\/\\\/www.exatron.com.br\\\/wp-content\\\/uploads\\\/2025\\\/12\\\/2oqkuhyixub0hup2i06ygjydynpgqckp1ohhhswy.png\",\"datePublished\":\"2025-12-08T15:08:51+00:00\",\"dateModified\":\"2026-04-22T15:06:11+00:00\",\"description\":\"Crie at\u00e9 3 modos de disparo por tecla com o Interruptor Smart Bat - 2 teclas (LSIF6102). Criando cenas de automa\u00e7\u00e3o em ambientes diversos.\",\"breadcrumb\":{\"@id\":\"https:\\\/\\\/www.exatron.com.br\\\/produtos\\\/interruptor-smart-bat-2-teclas\\\/#breadcrumb\"},\"inLanguage\":\"es\",\"potentialAction\":[{\"@type\":\"ReadAction\",\"target\":[\"https:\\\/\\\/www.exatron.com.br\\\/produtos\\\/interruptor-smart-bat-2-teclas\\\/\"]}]},{\"@type\":\"ImageObject\",\"inLanguage\":\"es\",\"@id\":\"https:\\\/\\\/www.exatron.com.br\\\/produtos\\\/interruptor-smart-bat-2-teclas\\\/#primaryimage\",\"url\":\"https:\\\/\\\/www.exatron.com.br\\\/wp-content\\\/uploads\\\/2025\\\/12\\\/2oqkuhyixub0hup2i06ygjydynpgqckp1ohhhswy.png\",\"contentUrl\":\"https:\\\/\\\/www.exatron.com.br\\\/wp-content\\\/uploads\\\/2025\\\/12\\\/2oqkuhyixub0hup2i06ygjydynpgqckp1ohhhswy.png\",\"width\":1080,\"height\":1080,\"caption\":\"Revolucione e conecte espa\u00e7os com a linha myhouse X da Exatron! Mais seguran\u00e7a, qualidade e inova\u00e7\u00e3o na automa\u00e7\u00e3o de ambientes.\"},{\"@type\":\"BreadcrumbList\",\"@id\":\"https:\\\/\\\/www.exatron.com.br\\\/produtos\\\/interruptor-smart-bat-2-teclas\\\/#breadcrumb\",\"itemListElement\":[{\"@type\":\"ListItem\",\"position\":1,\"name\":\"In\u00edcio\",\"item\":\"https:\\\/\\\/www.exatron.com.br\\\/\"},{\"@type\":\"ListItem\",\"position\":2,\"name\":\"Loja\",\"item\":\"https:\\\/\\\/www.exatron.com.br\\\/loja\\\/\"},{\"@type\":\"ListItem\",\"position\":3,\"name\":\"Interruptor Smart Bat &#8211; 2 teclas\"}]},{\"@type\":\"WebSite\",\"@id\":\"https:\\\/\\\/www.exatron.com.br\\\/#website\",\"url\":\"https:\\\/\\\/www.exatron.com.br\\\/\",\"name\":\"EXATRON\",\"description\":\"\",\"publisher\":{\"@id\":\"https:\\\/\\\/www.exatron.com.br\\\/#organization\"},\"potentialAction\":[{\"@type\":\"SearchAction\",\"target\":{\"@type\":\"EntryPoint\",\"urlTemplate\":\"https:\\\/\\\/www.exatron.com.br\\\/?s={search_term_string}\"},\"query-input\":{\"@type\":\"PropertyValueSpecification\",\"valueRequired\":true,\"valueName\":\"search_term_string\"}}],\"inLanguage\":\"es\"},{\"@type\":\"Organization\",\"@id\":\"https:\\\/\\\/www.exatron.com.br\\\/#organization\",\"name\":\"EXATRON\",\"url\":\"https:\\\/\\\/www.exatron.com.br\\\/\",\"logo\":{\"@type\":\"ImageObject\",\"inLanguage\":\"es\",\"@id\":\"https:\\\/\\\/www.exatron.com.br\\\/#\\\/schema\\\/logo\\\/image\\\/\",\"url\":\"https:\\\/\\\/www.exatron.com.br\\\/wp-content\\\/uploads\\\/2024\\\/11\\\/default-kit.png\",\"contentUrl\":\"https:\\\/\\\/www.exatron.com.br\\\/wp-content\\\/uploads\\\/2024\\\/11\\\/default-kit.png\",\"width\":956,\"height\":192,\"caption\":\"EXATRON\"},\"image\":{\"@id\":\"https:\\\/\\\/www.exatron.com.br\\\/#\\\/schema\\\/logo\\\/image\\\/\"}}]}<\/script>\n<!-- \/ Yoast SEO plugin. -->","yoast_head_json":{"title":"Interruptor Smart Bat - 2 teclas - EXATRON","description":"Crie at\u00e9 3 modos de disparo por tecla com o Interruptor Smart Bat - 2 teclas (LSIF6102). Criando cenas de automa\u00e7\u00e3o em ambientes diversos.","robots":{"index":"index","follow":"follow","max-snippet":"max-snippet:-1","max-image-preview":"max-image-preview:large","max-video-preview":"max-video-preview:-1"},"canonical":"https:\/\/www.exatron.com.br\/es\/produtos\/interruptor-smart-bat-2-teclas\/","og_locale":"es_ES","og_type":"article","og_title":"Interruptor Smart Bat - 2 teclas - EXATRON","og_description":"Crie at\u00e9 3 modos de disparo por tecla com o Interruptor Smart Bat - 2 teclas (LSIF6102). Criando cenas de automa\u00e7\u00e3o em ambientes diversos.","og_url":"https:\/\/www.exatron.com.br\/es\/produtos\/interruptor-smart-bat-2-teclas\/","og_site_name":"EXATRON","article_modified_time":"2026-04-22T15:06:11+00:00","og_image":[{"width":1080,"height":1080,"url":"https:\/\/www.exatron.com.br\/wp-content\/uploads\/2025\/12\/2oqkuhyixub0hup2i06ygjydynpgqckp1ohhhswy.png","type":"image\/png"}],"twitter_card":"summary_large_image","twitter_misc":{"Tiempo de lectura":"2 minutos"},"schema":{"@context":"https:\/\/schema.org","@graph":[{"@type":"WebPage","@id":"https:\/\/www.exatron.com.br\/produtos\/interruptor-smart-bat-2-teclas\/","url":"https:\/\/www.exatron.com.br\/produtos\/interruptor-smart-bat-2-teclas\/","name":"Interruptor Smart Bat - 2 teclas - EXATRON","isPartOf":{"@id":"https:\/\/www.exatron.com.br\/#website"},"primaryImageOfPage":{"@id":"https:\/\/www.exatron.com.br\/produtos\/interruptor-smart-bat-2-teclas\/#primaryimage"},"image":{"@id":"https:\/\/www.exatron.com.br\/produtos\/interruptor-smart-bat-2-teclas\/#primaryimage"},"thumbnailUrl":"https:\/\/www.exatron.com.br\/wp-content\/uploads\/2025\/12\/2oqkuhyixub0hup2i06ygjydynpgqckp1ohhhswy.png","datePublished":"2025-12-08T15:08:51+00:00","dateModified":"2026-04-22T15:06:11+00:00","description":"Crie at\u00e9 3 modos de disparo por tecla com o Interruptor Smart Bat - 2 teclas (LSIF6102). Criando cenas de automa\u00e7\u00e3o em ambientes diversos.","breadcrumb":{"@id":"https:\/\/www.exatron.com.br\/produtos\/interruptor-smart-bat-2-teclas\/#breadcrumb"},"inLanguage":"es","potentialAction":[{"@type":"ReadAction","target":["https:\/\/www.exatron.com.br\/produtos\/interruptor-smart-bat-2-teclas\/"]}]},{"@type":"ImageObject","inLanguage":"es","@id":"https:\/\/www.exatron.com.br\/produtos\/interruptor-smart-bat-2-teclas\/#primaryimage","url":"https:\/\/www.exatron.com.br\/wp-content\/uploads\/2025\/12\/2oqkuhyixub0hup2i06ygjydynpgqckp1ohhhswy.png","contentUrl":"https:\/\/www.exatron.com.br\/wp-content\/uploads\/2025\/12\/2oqkuhyixub0hup2i06ygjydynpgqckp1ohhhswy.png","width":1080,"height":1080,"caption":"Revolucione e conecte espa\u00e7os com a linha myhouse X da Exatron! Mais seguran\u00e7a, qualidade e inova\u00e7\u00e3o na automa\u00e7\u00e3o de ambientes."},{"@type":"BreadcrumbList","@id":"https:\/\/www.exatron.com.br\/produtos\/interruptor-smart-bat-2-teclas\/#breadcrumb","itemListElement":[{"@type":"ListItem","position":1,"name":"In\u00edcio","item":"https:\/\/www.exatron.com.br\/"},{"@type":"ListItem","position":2,"name":"Loja","item":"https:\/\/www.exatron.com.br\/loja\/"},{"@type":"ListItem","position":3,"name":"Interruptor Smart Bat &#8211; 2 teclas"}]},{"@type":"WebSite","@id":"https:\/\/www.exatron.com.br\/#website","url":"https:\/\/www.exatron.com.br\/","name":"EXATRON","description":"","publisher":{"@id":"https:\/\/www.exatron.com.br\/#organization"},"potentialAction":[{"@type":"SearchAction","target":{"@type":"EntryPoint","urlTemplate":"https:\/\/www.exatron.com.br\/?s={search_term_string}"},"query-input":{"@type":"PropertyValueSpecification","valueRequired":true,"valueName":"search_term_string"}}],"inLanguage":"es"},{"@type":"Organization","@id":"https:\/\/www.exatron.com.br\/#organization","name":"EXATRON","url":"https:\/\/www.exatron.com.br\/","logo":{"@type":"ImageObject","inLanguage":"es","@id":"https:\/\/www.exatron.com.br\/#\/schema\/logo\/image\/","url":"https:\/\/www.exatron.com.br\/wp-content\/uploads\/2024\/11\/default-kit.png","contentUrl":"https:\/\/www.exatron.com.br\/wp-content\/uploads\/2024\/11\/default-kit.png","width":956,"height":192,"caption":"EXATRON"},"image":{"@id":"https:\/\/www.exatron.com.br\/#\/schema\/logo\/image\/"}}]}},"_links":{"self":[{"href":"https:\/\/www.exatron.com.br\/es\/wp-json\/wp\/v2\/product\/10751","targetHints":{"allow":["GET"]}}],"collection":[{"href":"https:\/\/www.exatron.com.br\/es\/wp-json\/wp\/v2\/product"}],"about":[{"href":"https:\/\/www.exatron.com.br\/es\/wp-json\/wp\/v2\/types\/product"}],"replies":[{"embeddable":true,"href":"https:\/\/www.exatron.com.br\/es\/wp-json\/wp\/v2\/comments?post=10751"}],"wp:featuredmedia":[{"embeddable":true,"href":"https:\/\/www.exatron.com.br\/es\/wp-json\/wp\/v2\/media\/10333"}],"wp:attachment":[{"href":"https:\/\/www.exatron.com.br\/es\/wp-json\/wp\/v2\/media?parent=10751"}],"wp:term":[{"taxonomy":"aplicacao","embeddable":true,"href":"https:\/\/www.exatron.com.br\/es\/wp-json\/wp\/v2\/aplicacao?post=10751"},{"taxonomy":"product_brand","embeddable":true,"href":"https:\/\/www.exatron.com.br\/es\/wp-json\/wp\/v2\/product_brand?post=10751"},{"taxonomy":"product_cat","embeddable":true,"href":"https:\/\/www.exatron.com.br\/es\/wp-json\/wp\/v2\/product_cat?post=10751"},{"taxonomy":"product_tag","embeddable":true,"href":"https:\/\/www.exatron.com.br\/es\/wp-json\/wp\/v2\/product_tag?post=10751"}],"curies":[{"name":"wp","href":"https:\/\/api.w.org\/{rel}","templated":true}]}}