{"id":10753,"date":"2025-12-08T15:08:51","date_gmt":"2025-12-08T15:08:51","guid":{"rendered":""},"modified":"2026-04-14T15:18:04","modified_gmt":"2026-04-14T18:18:04","slug":"sensor-de-presenca-frontal-externo-smart-x-control-1","status":"publish","type":"product","link":"https:\/\/www.exatron.com.br\/es\/produtos\/sensor-de-presenca-frontal-externo-smart-x-control-1\/","title":{"rendered":"Sensor de presencia frontal externo Smart X-Control"},"content":{"rendered":"<h3>Especificaciones t\u00e9cnicas<\/h3>\n<ul>\n<li>Voltaje: 100-240V~;<\/li>\n<li>Consumo de energ\u00eda: &lt;1W;<\/li>\n<li>Frecuencia de funcionamiento: 50-60Hz;<\/li>\n<li>Prote\u00e7\u00e3o contra surto: 1kV;<\/li>\n<li>Dimens\u00f5es: 100x66mm;<\/li>\n<li>Cobertura: At\u00e9 135\u00b0 com alcance de at\u00e9 12m de dist\u00e2ncia em temperatura ambiente de 25\u00b0C, em uma altura de 2,5m (veja mapa de detec\u00e7\u00e3o) Mapa de detec\u00e7\u00e3o ajust\u00e1vel de acordo com a aplica\u00e7\u00e3o e utiliza\u00e7\u00e3o do direcionador de foco); A cobertura frontal de at\u00e9 12m e lateral at\u00e9 7m para cada lado;<\/li>\n<li>Regulagem de tempo (temporiza\u00e7\u00e3o): 1 a 5s, 10, 15, 30 e 45s, 1 a 5min, 10, 15, 20, 25, 30, 40 e 50 min, 1hora, 1:30, 2, 2:30, 3, 3:30 e 4 horas;<\/li>\n<li>Sensor de Luminosidade (N\u00edvel de luz Ambiente): 1 (\u00e0 noite) a 30 (ao entardecer) e 31(sempre &#8211; sem fotoc\u00e9lula), Autolux: memoriza a luz ambiente atual como n\u00edvel m\u00ednimo de luz ambiente;<\/li>\n<li>Regulagem de sensibilidade (sensibilidade): 1 (movimentos bruscos) a 8 (maior alcance);<\/li>\n<li>Funci\u00f3n de rel\u00e9: El sensor funciona como un rel\u00e9 fotocontrolado temporizado. Al anochecer, mantiene la carga encendida durante el tiempo programado (de 0:30 a 12 horas) y luego vuelve a la funci\u00f3n de sensor.<\/li>\n<li>Funci\u00f3n Keep On: Mantiene la carga encendida durante el tiempo programado (de 0:30 a 12 horas). Acci\u00f3n \u00fanica.<\/li>\n<li>Funci\u00f3n de apagado: Mantiene la carga apagada durante el tiempo programado (de 0:30 a 12 horas). Acci\u00f3n \u00fanica.<\/li>\n<li>Fun\u00e7\u00e3o Habilitar\/Desabilitar o LED: Permite desabilitar o LED, fazendo com o produto n\u00e3o pisque o LED ao detectar movimentos;<\/li>\n<li>Tecnolog\u00eda exclusiva Inrush Control, un sistema de conmutaci\u00f3n de red casi nula (onda sinusoidal) que aumenta la vida \u00fatil del conjunto de carga (l\u00e1mparas, balasto y sensor);<\/li>\n<li>Possui LED indicador de funcionamento, de detec\u00e7\u00e3o e dos par\u00e2metros configurados &#8211; quando o produto est\u00e1 operando em algum dos seguintes modos: Fun\u00e7\u00e3o Rel\u00e9, Manter Ligado ou Manter Desligado, o LED oscila (pisca lentamente e de maneira gradual);<\/li>\n<li>Detecta fontes de calor (pessoas, carros, etc.) deve estar no m\u00ednimo a 3\u00b0C de diferen\u00e7a em rela\u00e7\u00e3o \u00e0 temperatura do meio ambiente onde o sensor est\u00e1 instalado (utilizar em ambientes internos);<\/li>\n<li>El sensor guarda los par\u00e1metros configurados previamente (configuraci\u00f3n del temporizador, brillo, sensibilidad y modo de funcionamiento) en caso de corte de energ\u00eda y restablecimiento;<\/li>\n<li>Las potencias m\u00e1ximas de accionamiento no se deben sumar en instalaciones en paralelo;<\/li>\n<li>Ahorro de energ\u00eda de hasta 75%;<\/li>\n<li>Componentes: pl\u00e1sticos, eletr\u00f4nicos e ligas met\u00e1licas;<\/li>\n<li>Grau de prote\u00e7\u00e3o: IP54;<\/li>\n<li>Acompanha parafuso e bucha para instala\u00e7\u00e3o na parede.<\/li>\n<\/ul>\n<figure class=\"table\">\n<table>\n<tbody>\n<tr>\n<td><strong>Alimento<\/strong><\/td>\n<td><strong>Eletr\u00f4nica<\/strong><\/td>\n<td><strong>Led<\/strong><\/td>\n<td><strong>Hal\u00f3gena\/Resistiva<\/strong><\/td>\n<\/tr>\n<tr>\n<td>127 V<\/td>\n<td>200 W<\/td>\n<td>200 W<\/td>\n<td>500W<\/td>\n<\/tr>\n<tr>\n<td>220 V<\/td>\n<td>300 W<\/td>\n<td>300 W<\/td>\n<td>900W<\/td>\n<\/tr>\n<tr>\n<td colspan=\"4\">THD&lt;20% y FP&gt;0,90<\/td>\n<\/tr>\n<\/tbody>\n<\/table>\n<\/figure>\n<ul>\n<li>Garantia: 03 anos<\/li>\n<\/ul>","protected":false},"excerpt":{"rendered":"<p>O Sensor de Presen\u00e7a Frontal Externo Smart X-Control (LESF4001XC) \u00e9 um comando inteligente que se destina ao acionamento temporizado de cargas. Detecta a movimenta\u00e7\u00e3o de fontes de calor como pessoas e carros, atrav\u00e9s de um sensor infravermelho, acionando a carga e permanecendo ligado enquanto houver detec\u00e7\u00e3o de presen\u00e7a e desligando no tempo programado ap\u00f3s a \u00faltima detec\u00e7\u00e3o de presen\u00e7a.<\/p>\n<p>Este modelo faz parte da nova gera\u00e7\u00e3o de sensores de presen\u00e7a com tecnologia microcontrolada. Possui superior imunidade contra interfer\u00eancias emanadas e induzidas, provocadas por reatores eletr\u00f4nicos, celulares, r\u00e1dios comunicadores e instala\u00e7\u00f5es de sensores em paralelo, tamb\u00e9m possui a tecnologia de comuta\u00e7\u00e3o por baixa tens\u00e3o el\u00e9trica menor que 50V, aumentando a vida \u00fatil do conjunto (l\u00e2mpadas e sensor).<\/p>\n<p>Cuenta con la exclusiva tecnolog\u00eda Smart X-Control* que te permite configurar tu sensor v\u00eda smartphone sin necesidad de abrirlo, exponerte a la electricidad o tener que apagar los magnetot\u00e9rmicos.<\/p>\n<p>*Aplicaci\u00f3n disponible para dispositivos iOS y Android.<\/p>","protected":false},"featured_media":14322,"comment_status":"open","ping_status":"closed","template":"","meta":{"_acf_changed":false,"_joinchat":[]},"aplicacao":[267],"product_brand":[],"product_cat":[382,380,326,381],"product_tag":[625,744,635],"class_list":{"0":"post-10753","1":"product","2":"type-product","3":"status-publish","4":"has-post-thumbnail","6":"aplicacao-iluminacao-interna-sensores-de-presenca","7":"product_cat-externo","8":"product_cat-frontal","9":"product_cat-sensores-de-presenca-para-iluminacao","10":"product_cat-smart-x-control","11":"product_tag-sensor-de-presenca","12":"product_tag-sensor-de-presenca-frontal-externo","13":"product_tag-sensor-de-presenca-para-iluminacao","15":"first","16":"instock","17":"shipping-taxable","18":"purchasable","19":"product-type-variable","20":"has-default-attributes"},"acf":[],"yoast_head":"<!-- This site is optimized with the Yoast SEO plugin v27.3 - https:\/\/yoast.com\/product\/yoast-seo-wordpress\/ -->\n<title>Sensor de Presen\u00e7a Frontal Externo Smart X-Control - EXATRON<\/title>\n<meta name=\"description\" content=\"LESF4001XC: Sensor frontal externo Smart X-Control com ajustes via app, detec\u00e7\u00e3o 135\u00b0, economia de energia e alta imunidade a interfer\u00eancias.\" \/>\n<meta name=\"robots\" content=\"index, follow, max-snippet:-1, max-image-preview:large, max-video-preview:-1\" \/>\n<link rel=\"canonical\" href=\"https:\/\/www.exatron.com.br\/es\/produtos\/sensor-de-presenca-frontal-externo-smart-x-control-1\/\" \/>\n<meta property=\"og:locale\" content=\"es_ES\" \/>\n<meta property=\"og:type\" content=\"article\" \/>\n<meta property=\"og:title\" content=\"Sensor de Presen\u00e7a Frontal Externo Smart X-Control - EXATRON\" \/>\n<meta property=\"og:description\" content=\"LESF4001XC: Sensor frontal externo Smart X-Control com ajustes via app, detec\u00e7\u00e3o 135\u00b0, economia de energia e alta imunidade a interfer\u00eancias.\" \/>\n<meta property=\"og:url\" content=\"https:\/\/www.exatron.com.br\/es\/produtos\/sensor-de-presenca-frontal-externo-smart-x-control-1\/\" \/>\n<meta property=\"og:site_name\" content=\"EXATRON\" \/>\n<meta property=\"article:modified_time\" content=\"2026-04-14T18:18:04+00:00\" \/>\n<meta property=\"og:image\" content=\"https:\/\/www.exatron.com.br\/wp-content\/uploads\/lesf4001xc-bc1.png\" \/>\n\t<meta property=\"og:image:width\" content=\"1000\" \/>\n\t<meta property=\"og:image:height\" content=\"1000\" \/>\n\t<meta property=\"og:image:type\" content=\"image\/png\" \/>\n<meta name=\"twitter:card\" content=\"summary_large_image\" \/>\n<meta name=\"twitter:label1\" content=\"Tiempo de lectura\" \/>\n\t<meta name=\"twitter:data1\" content=\"3 minutos\" \/>\n<script type=\"application\/ld+json\" class=\"yoast-schema-graph\">{\"@context\":\"https:\\\/\\\/schema.org\",\"@graph\":[{\"@type\":\"WebPage\",\"@id\":\"https:\\\/\\\/www.exatron.com.br\\\/produtos\\\/sensor-de-presenca-frontal-externo-smart-x-control-1\\\/\",\"url\":\"https:\\\/\\\/www.exatron.com.br\\\/produtos\\\/sensor-de-presenca-frontal-externo-smart-x-control-1\\\/\",\"name\":\"Sensor de Presen\u00e7a Frontal Externo Smart X-Control - EXATRON\",\"isPartOf\":{\"@id\":\"https:\\\/\\\/www.exatron.com.br\\\/#website\"},\"primaryImageOfPage\":{\"@id\":\"https:\\\/\\\/www.exatron.com.br\\\/produtos\\\/sensor-de-presenca-frontal-externo-smart-x-control-1\\\/#primaryimage\"},\"image\":{\"@id\":\"https:\\\/\\\/www.exatron.com.br\\\/produtos\\\/sensor-de-presenca-frontal-externo-smart-x-control-1\\\/#primaryimage\"},\"thumbnailUrl\":\"https:\\\/\\\/www.exatron.com.br\\\/wp-content\\\/uploads\\\/lesf4001xc-bc1.png\",\"datePublished\":\"2025-12-08T15:08:51+00:00\",\"dateModified\":\"2026-04-14T18:18:04+00:00\",\"description\":\"LESF4001XC: Sensor frontal externo Smart X-Control com ajustes via app, detec\u00e7\u00e3o 135\u00b0, economia de energia e alta imunidade a interfer\u00eancias.\",\"breadcrumb\":{\"@id\":\"https:\\\/\\\/www.exatron.com.br\\\/produtos\\\/sensor-de-presenca-frontal-externo-smart-x-control-1\\\/#breadcrumb\"},\"inLanguage\":\"es\",\"potentialAction\":[{\"@type\":\"ReadAction\",\"target\":[\"https:\\\/\\\/www.exatron.com.br\\\/produtos\\\/sensor-de-presenca-frontal-externo-smart-x-control-1\\\/\"]}]},{\"@type\":\"ImageObject\",\"inLanguage\":\"es\",\"@id\":\"https:\\\/\\\/www.exatron.com.br\\\/produtos\\\/sensor-de-presenca-frontal-externo-smart-x-control-1\\\/#primaryimage\",\"url\":\"https:\\\/\\\/www.exatron.com.br\\\/wp-content\\\/uploads\\\/lesf4001xc-bc1.png\",\"contentUrl\":\"https:\\\/\\\/www.exatron.com.br\\\/wp-content\\\/uploads\\\/lesf4001xc-bc1.png\",\"width\":1000,\"height\":1000,\"caption\":\"Sensor de Presen\u00e7a Frontal Externo Smart X-Control vista de frente com direcionador de foco na vertical\"},{\"@type\":\"BreadcrumbList\",\"@id\":\"https:\\\/\\\/www.exatron.com.br\\\/produtos\\\/sensor-de-presenca-frontal-externo-smart-x-control-1\\\/#breadcrumb\",\"itemListElement\":[{\"@type\":\"ListItem\",\"position\":1,\"name\":\"In\u00edcio\",\"item\":\"https:\\\/\\\/www.exatron.com.br\\\/\"},{\"@type\":\"ListItem\",\"position\":2,\"name\":\"Loja\",\"item\":\"https:\\\/\\\/www.exatron.com.br\\\/loja\\\/\"},{\"@type\":\"ListItem\",\"position\":3,\"name\":\"Sensor de Presen\u00e7a Frontal Externo Smart X-Control\"}]},{\"@type\":\"WebSite\",\"@id\":\"https:\\\/\\\/www.exatron.com.br\\\/#website\",\"url\":\"https:\\\/\\\/www.exatron.com.br\\\/\",\"name\":\"EXATRON\",\"description\":\"\",\"publisher\":{\"@id\":\"https:\\\/\\\/www.exatron.com.br\\\/#organization\"},\"potentialAction\":[{\"@type\":\"SearchAction\",\"target\":{\"@type\":\"EntryPoint\",\"urlTemplate\":\"https:\\\/\\\/www.exatron.com.br\\\/?s={search_term_string}\"},\"query-input\":{\"@type\":\"PropertyValueSpecification\",\"valueRequired\":true,\"valueName\":\"search_term_string\"}}],\"inLanguage\":\"es\"},{\"@type\":\"Organization\",\"@id\":\"https:\\\/\\\/www.exatron.com.br\\\/#organization\",\"name\":\"EXATRON\",\"url\":\"https:\\\/\\\/www.exatron.com.br\\\/\",\"logo\":{\"@type\":\"ImageObject\",\"inLanguage\":\"es\",\"@id\":\"https:\\\/\\\/www.exatron.com.br\\\/#\\\/schema\\\/logo\\\/image\\\/\",\"url\":\"https:\\\/\\\/www.exatron.com.br\\\/wp-content\\\/uploads\\\/2024\\\/11\\\/default-kit.png\",\"contentUrl\":\"https:\\\/\\\/www.exatron.com.br\\\/wp-content\\\/uploads\\\/2024\\\/11\\\/default-kit.png\",\"width\":956,\"height\":192,\"caption\":\"EXATRON\"},\"image\":{\"@id\":\"https:\\\/\\\/www.exatron.com.br\\\/#\\\/schema\\\/logo\\\/image\\\/\"}}]}<\/script>\n<!-- \/ Yoast SEO plugin. -->","yoast_head_json":{"title":"Sensor de Presen\u00e7a Frontal Externo Smart X-Control - EXATRON","description":"LESF4001XC: Sensor frontal externo Smart X-Control com ajustes via app, detec\u00e7\u00e3o 135\u00b0, economia de energia e alta imunidade a interfer\u00eancias.","robots":{"index":"index","follow":"follow","max-snippet":"max-snippet:-1","max-image-preview":"max-image-preview:large","max-video-preview":"max-video-preview:-1"},"canonical":"https:\/\/www.exatron.com.br\/es\/produtos\/sensor-de-presenca-frontal-externo-smart-x-control-1\/","og_locale":"es_ES","og_type":"article","og_title":"Sensor de Presen\u00e7a Frontal Externo Smart X-Control - EXATRON","og_description":"LESF4001XC: Sensor frontal externo Smart X-Control com ajustes via app, detec\u00e7\u00e3o 135\u00b0, economia de energia e alta imunidade a interfer\u00eancias.","og_url":"https:\/\/www.exatron.com.br\/es\/produtos\/sensor-de-presenca-frontal-externo-smart-x-control-1\/","og_site_name":"EXATRON","article_modified_time":"2026-04-14T18:18:04+00:00","og_image":[{"width":1000,"height":1000,"url":"https:\/\/www.exatron.com.br\/wp-content\/uploads\/lesf4001xc-bc1.png","type":"image\/png"}],"twitter_card":"summary_large_image","twitter_misc":{"Tiempo de lectura":"3 minutos"},"schema":{"@context":"https:\/\/schema.org","@graph":[{"@type":"WebPage","@id":"https:\/\/www.exatron.com.br\/produtos\/sensor-de-presenca-frontal-externo-smart-x-control-1\/","url":"https:\/\/www.exatron.com.br\/produtos\/sensor-de-presenca-frontal-externo-smart-x-control-1\/","name":"Sensor de Presen\u00e7a Frontal Externo Smart X-Control - EXATRON","isPartOf":{"@id":"https:\/\/www.exatron.com.br\/#website"},"primaryImageOfPage":{"@id":"https:\/\/www.exatron.com.br\/produtos\/sensor-de-presenca-frontal-externo-smart-x-control-1\/#primaryimage"},"image":{"@id":"https:\/\/www.exatron.com.br\/produtos\/sensor-de-presenca-frontal-externo-smart-x-control-1\/#primaryimage"},"thumbnailUrl":"https:\/\/www.exatron.com.br\/wp-content\/uploads\/lesf4001xc-bc1.png","datePublished":"2025-12-08T15:08:51+00:00","dateModified":"2026-04-14T18:18:04+00:00","description":"LESF4001XC: Sensor frontal externo Smart X-Control com ajustes via app, detec\u00e7\u00e3o 135\u00b0, economia de energia e alta imunidade a interfer\u00eancias.","breadcrumb":{"@id":"https:\/\/www.exatron.com.br\/produtos\/sensor-de-presenca-frontal-externo-smart-x-control-1\/#breadcrumb"},"inLanguage":"es","potentialAction":[{"@type":"ReadAction","target":["https:\/\/www.exatron.com.br\/produtos\/sensor-de-presenca-frontal-externo-smart-x-control-1\/"]}]},{"@type":"ImageObject","inLanguage":"es","@id":"https:\/\/www.exatron.com.br\/produtos\/sensor-de-presenca-frontal-externo-smart-x-control-1\/#primaryimage","url":"https:\/\/www.exatron.com.br\/wp-content\/uploads\/lesf4001xc-bc1.png","contentUrl":"https:\/\/www.exatron.com.br\/wp-content\/uploads\/lesf4001xc-bc1.png","width":1000,"height":1000,"caption":"Sensor de Presen\u00e7a Frontal Externo Smart X-Control vista de frente com direcionador de foco na vertical"},{"@type":"BreadcrumbList","@id":"https:\/\/www.exatron.com.br\/produtos\/sensor-de-presenca-frontal-externo-smart-x-control-1\/#breadcrumb","itemListElement":[{"@type":"ListItem","position":1,"name":"In\u00edcio","item":"https:\/\/www.exatron.com.br\/"},{"@type":"ListItem","position":2,"name":"Loja","item":"https:\/\/www.exatron.com.br\/loja\/"},{"@type":"ListItem","position":3,"name":"Sensor de Presen\u00e7a Frontal Externo Smart X-Control"}]},{"@type":"WebSite","@id":"https:\/\/www.exatron.com.br\/#website","url":"https:\/\/www.exatron.com.br\/","name":"EXATRON","description":"","publisher":{"@id":"https:\/\/www.exatron.com.br\/#organization"},"potentialAction":[{"@type":"SearchAction","target":{"@type":"EntryPoint","urlTemplate":"https:\/\/www.exatron.com.br\/?s={search_term_string}"},"query-input":{"@type":"PropertyValueSpecification","valueRequired":true,"valueName":"search_term_string"}}],"inLanguage":"es"},{"@type":"Organization","@id":"https:\/\/www.exatron.com.br\/#organization","name":"EXATRON","url":"https:\/\/www.exatron.com.br\/","logo":{"@type":"ImageObject","inLanguage":"es","@id":"https:\/\/www.exatron.com.br\/#\/schema\/logo\/image\/","url":"https:\/\/www.exatron.com.br\/wp-content\/uploads\/2024\/11\/default-kit.png","contentUrl":"https:\/\/www.exatron.com.br\/wp-content\/uploads\/2024\/11\/default-kit.png","width":956,"height":192,"caption":"EXATRON"},"image":{"@id":"https:\/\/www.exatron.com.br\/#\/schema\/logo\/image\/"}}]}},"_links":{"self":[{"href":"https:\/\/www.exatron.com.br\/es\/wp-json\/wp\/v2\/product\/10753","targetHints":{"allow":["GET"]}}],"collection":[{"href":"https:\/\/www.exatron.com.br\/es\/wp-json\/wp\/v2\/product"}],"about":[{"href":"https:\/\/www.exatron.com.br\/es\/wp-json\/wp\/v2\/types\/product"}],"replies":[{"embeddable":true,"href":"https:\/\/www.exatron.com.br\/es\/wp-json\/wp\/v2\/comments?post=10753"}],"wp:featuredmedia":[{"embeddable":true,"href":"https:\/\/www.exatron.com.br\/es\/wp-json\/wp\/v2\/media\/14322"}],"wp:attachment":[{"href":"https:\/\/www.exatron.com.br\/es\/wp-json\/wp\/v2\/media?parent=10753"}],"wp:term":[{"taxonomy":"aplicacao","embeddable":true,"href":"https:\/\/www.exatron.com.br\/es\/wp-json\/wp\/v2\/aplicacao?post=10753"},{"taxonomy":"product_brand","embeddable":true,"href":"https:\/\/www.exatron.com.br\/es\/wp-json\/wp\/v2\/product_brand?post=10753"},{"taxonomy":"product_cat","embeddable":true,"href":"https:\/\/www.exatron.com.br\/es\/wp-json\/wp\/v2\/product_cat?post=10753"},{"taxonomy":"product_tag","embeddable":true,"href":"https:\/\/www.exatron.com.br\/es\/wp-json\/wp\/v2\/product_tag?post=10753"}],"curies":[{"name":"wp","href":"https:\/\/api.w.org\/{rel}","templated":true}]}}