{"id":10758,"date":"2025-12-08T15:08:51","date_gmt":"2025-12-08T15:08:51","guid":{"rendered":""},"modified":"2026-04-15T09:52:57","modified_gmt":"2026-04-15T12:52:57","slug":"modulo-1-3-sensor-de-presenca-de-parede-smart-x-control","status":"publish","type":"product","link":"https:\/\/www.exatron.com.br\/es\/produtos\/modulo-1-3-sensor-de-presenca-de-parede-smart-x-control\/","title":{"rendered":"M\u00f3dulo sensor de presencia de montaje en pared Smart X-Control 1\/3"},"content":{"rendered":"<h3>Especificaciones t\u00e9cnicas<\/h3>\n<ul>\n<li>Voltaje: 100-240V~;<\/li>\n<li>Consumo de energ\u00eda: &lt;1W;<\/li>\n<li>Frecuencia de funcionamiento: 50-60Hz;<\/li>\n<li>Protecci\u00f3n contra sobretensiones: 1KV;<\/li>\n<li>Dimens\u00f5es: 47,45&#215;20,5mm;<\/li>\n<li>Cobertura: 120\u00b0 con un alcance de hasta 7m a una temperatura ambiente de 25\u00b0C, a una altura de 1,2m;<\/li>\n<li>Conexi\u00f3n el\u00e9ctrica: Conector de cable para cables de 0,5 mm\u00b2 a 2,5 mm\u00b2 (cables no incluidos);<\/li>\n<li>Ajustes de tiempo: 1 a 5 segundos, 10, 15, 30 y 45 segundos; 1 a 5 minutos, 10, 15, 20, 25, 30, 40 y 50 minutos; 1 hora, 1:30, 2, 2:30, 3, 3:30 y 4 horas;<\/li>\n<li>Sensor de luz: 1 (de noche) a 30 (al anochecer) y 31 (siempre, sin fotoc\u00e9lula). Autolux: memoriza la luz ambiental actual como nivel m\u00ednimo de luz ambiental.<\/li>\n<li>Ajuste de sensibilidad: 1 (movimientos bruscos) a 8 (mayor alcance);<\/li>\n<li>Funci\u00f3n de rel\u00e9: El sensor funciona como un rel\u00e9 fotocontrolado temporizado. Al anochecer, mantiene la carga encendida durante el tiempo programado (de 0:30 a 12 horas) y luego vuelve a la funci\u00f3n de sensor.<\/li>\n<li>Funci\u00f3n Keep On: Mantiene la carga encendida durante el tiempo programado (de 0:30 a 12 horas). Acci\u00f3n \u00fanica.<\/li>\n<li>Funci\u00f3n de apagado: Mantiene la carga apagada durante el tiempo programado (de 0:30 a 12 horas). Acci\u00f3n \u00fanica.<\/li>\n<li>Habilitar\/Deshabilitar la funci\u00f3n LED: Le permite deshabilitar el LED, evitando que el producto parpadee cuando detecta movimiento;<\/li>\n<li>Tecnolog\u00eda exclusiva Inrush Control, un sistema de conmutaci\u00f3n de red casi nula (onda sinusoidal) que aumenta la vida \u00fatil del conjunto de carga (l\u00e1mparas, balasto y sensor);<\/li>\n<li>Tiene un indicador LED de funcionamiento, detecci\u00f3n y par\u00e1metros configurados: cuando el producto est\u00e1 funcionando en uno de los siguientes modos: Funci\u00f3n de rel\u00e9, Mantener encendido o Mantener apagado, el LED oscila (parpadea lenta y gradualmente);<\/li>\n<li>Detecta fuentes de calor (personas, coches, etc.) que deben tener al menos 3\u00b0C de diferencia con la temperatura ambiente donde est\u00e1 instalado el sensor (uso en interiores, protegido de la intemperie (viento, lluvia y sol);<\/li>\n<li>El sensor guarda los par\u00e1metros configurados previamente (configuraci\u00f3n del temporizador, brillo, sensibilidad y modo de funcionamiento) en caso de corte de energ\u00eda y restablecimiento;<\/li>\n<li>Las potencias m\u00e1ximas de accionamiento no se deben sumar en instalaciones en paralelo;<\/li>\n<li>Ahorro de energ\u00eda de hasta 75%;<\/li>\n<li>Grado de protecci\u00f3n: IP32;<\/li>\n<li>Componentes: pl\u00e1sticos, electr\u00f3nicos y aleaciones met\u00e1licas.<\/li>\n<\/ul>","protected":false},"excerpt":{"rendered":"<p>O M\u00f3dulo 1\/3 Sensor de Presen\u00e7a de parede Smart X-Control (LEMOSP006) \u00e9 um comando inteligente que se destina ao acionamento temporizado de cargas. Detecta a movimenta\u00e7\u00e3o de fontes de calor como pessoas e carros, atrav\u00e9s de um sensor infravermelho, acionando a carga e permanecendo ligado enquanto houver detec\u00e7\u00e3o de presen\u00e7a e desligando no tempo programado, ap\u00f3s a \u00faltima detec\u00e7\u00e3o de presen\u00e7a.<\/p>\n<p>Compat\u00edvel com todos os conjuntos e m\u00f3dulos da linha el\u00e9trica MyX da Exatron.<\/p>\n<p>Cuenta con la exclusiva tecnolog\u00eda Smart X-Control* que te permite configurar tu sensor v\u00eda smartphone sin necesidad de abrirlo, exponerte a la electricidad o tener que apagar los magnetot\u00e9rmicos.<\/p>\n<p>*Aplicaci\u00f3n disponible para dispositivos iOS y Android.<\/p>","protected":false},"featured_media":14421,"comment_status":"open","ping_status":"closed","template":"","meta":{"_acf_changed":false,"_joinchat":[]},"aplicacao":[267],"product_brand":[],"product_cat":[325,373,326,381],"product_tag":[633,634,635],"class_list":{"0":"post-10758","1":"product","2":"type-product","3":"status-publish","4":"has-post-thumbnail","6":"aplicacao-iluminacao-interna-sensores-de-presenca","7":"product_cat-linha-eletrica","8":"product_cat-modulos","9":"product_cat-sensores-de-presenca-para-iluminacao","10":"product_cat-smart-x-control","11":"product_tag-modulo-de-sensor-de-presenca","12":"product_tag-sensor-de-presenca-de-parede","13":"product_tag-sensor-de-presenca-para-iluminacao","15":"first","16":"indisponivel","17":"shipping-taxable","18":"product-type-variable","19":"has-default-attributes"},"acf":[],"yoast_head":"<!-- This site is optimized with the Yoast SEO plugin v27.3 - https:\/\/yoast.com\/product\/yoast-seo-wordpress\/ -->\n<title>M\u00f3dulo 1\/3 Sensor de Presen\u00e7a de Parede Smart X-Control - EXATRON<\/title>\n<meta name=\"description\" content=\"LEMOSP4006: Sensor de Presen\u00e7a Smart X-Control, controle por app, ajuste de tempo e detec\u00e7\u00e3o precisa para economia e seguran\u00e7a.\" \/>\n<meta name=\"robots\" content=\"index, follow, max-snippet:-1, max-image-preview:large, max-video-preview:-1\" \/>\n<link rel=\"canonical\" href=\"https:\/\/www.exatron.com.br\/es\/produtos\/modulo-1-3-sensor-de-presenca-de-parede-smart-x-control\/\" \/>\n<meta property=\"og:locale\" content=\"es_ES\" \/>\n<meta property=\"og:type\" content=\"article\" \/>\n<meta property=\"og:title\" content=\"M\u00f3dulo 1\/3 Sensor de Presen\u00e7a de Parede Smart X-Control - EXATRON\" \/>\n<meta property=\"og:description\" content=\"LEMOSP4006: Sensor de Presen\u00e7a Smart X-Control, controle por app, ajuste de tempo e detec\u00e7\u00e3o precisa para economia e seguran\u00e7a.\" \/>\n<meta property=\"og:url\" content=\"https:\/\/www.exatron.com.br\/es\/produtos\/modulo-1-3-sensor-de-presenca-de-parede-smart-x-control\/\" \/>\n<meta property=\"og:site_name\" content=\"EXATRON\" \/>\n<meta property=\"article:modified_time\" content=\"2026-04-15T12:52:57+00:00\" \/>\n<meta property=\"og:image\" content=\"https:\/\/www.exatron.com.br\/wp-content\/uploads\/lemosp4006xc2bc1.png\" \/>\n\t<meta property=\"og:image:width\" content=\"1000\" \/>\n\t<meta property=\"og:image:height\" content=\"1000\" \/>\n\t<meta property=\"og:image:type\" content=\"image\/png\" \/>\n<meta name=\"twitter:card\" content=\"summary_large_image\" \/>\n<meta name=\"twitter:label1\" content=\"Tiempo de lectura\" \/>\n\t<meta name=\"twitter:data1\" content=\"3 minutos\" \/>\n<script type=\"application\/ld+json\" class=\"yoast-schema-graph\">{\"@context\":\"https:\\\/\\\/schema.org\",\"@graph\":[{\"@type\":\"WebPage\",\"@id\":\"https:\\\/\\\/www.exatron.com.br\\\/produtos\\\/modulo-1-3-sensor-de-presenca-de-parede-smart-x-control\\\/\",\"url\":\"https:\\\/\\\/www.exatron.com.br\\\/produtos\\\/modulo-1-3-sensor-de-presenca-de-parede-smart-x-control\\\/\",\"name\":\"M\u00f3dulo 1\\\/3 Sensor de Presen\u00e7a de Parede Smart X-Control - EXATRON\",\"isPartOf\":{\"@id\":\"https:\\\/\\\/www.exatron.com.br\\\/#website\"},\"primaryImageOfPage\":{\"@id\":\"https:\\\/\\\/www.exatron.com.br\\\/produtos\\\/modulo-1-3-sensor-de-presenca-de-parede-smart-x-control\\\/#primaryimage\"},\"image\":{\"@id\":\"https:\\\/\\\/www.exatron.com.br\\\/produtos\\\/modulo-1-3-sensor-de-presenca-de-parede-smart-x-control\\\/#primaryimage\"},\"thumbnailUrl\":\"https:\\\/\\\/www.exatron.com.br\\\/wp-content\\\/uploads\\\/lemosp4006xc2bc1.png\",\"datePublished\":\"2025-12-08T15:08:51+00:00\",\"dateModified\":\"2026-04-15T12:52:57+00:00\",\"description\":\"LEMOSP4006: Sensor de Presen\u00e7a Smart X-Control, controle por app, ajuste de tempo e detec\u00e7\u00e3o precisa para economia e seguran\u00e7a.\",\"breadcrumb\":{\"@id\":\"https:\\\/\\\/www.exatron.com.br\\\/produtos\\\/modulo-1-3-sensor-de-presenca-de-parede-smart-x-control\\\/#breadcrumb\"},\"inLanguage\":\"es\",\"potentialAction\":[{\"@type\":\"ReadAction\",\"target\":[\"https:\\\/\\\/www.exatron.com.br\\\/produtos\\\/modulo-1-3-sensor-de-presenca-de-parede-smart-x-control\\\/\"]}]},{\"@type\":\"ImageObject\",\"inLanguage\":\"es\",\"@id\":\"https:\\\/\\\/www.exatron.com.br\\\/produtos\\\/modulo-1-3-sensor-de-presenca-de-parede-smart-x-control\\\/#primaryimage\",\"url\":\"https:\\\/\\\/www.exatron.com.br\\\/wp-content\\\/uploads\\\/lemosp4006xc2bc1.png\",\"contentUrl\":\"https:\\\/\\\/www.exatron.com.br\\\/wp-content\\\/uploads\\\/lemosp4006xc2bc1.png\",\"width\":1000,\"height\":1000,\"caption\":\"M\u00f3dulo 1\\\/3 Sensor de Presen\u00e7a de Parede Smart X-Control 2.0 - lado 1\"},{\"@type\":\"BreadcrumbList\",\"@id\":\"https:\\\/\\\/www.exatron.com.br\\\/produtos\\\/modulo-1-3-sensor-de-presenca-de-parede-smart-x-control\\\/#breadcrumb\",\"itemListElement\":[{\"@type\":\"ListItem\",\"position\":1,\"name\":\"In\u00edcio\",\"item\":\"https:\\\/\\\/www.exatron.com.br\\\/\"},{\"@type\":\"ListItem\",\"position\":2,\"name\":\"Loja\",\"item\":\"https:\\\/\\\/www.exatron.com.br\\\/loja\\\/\"},{\"@type\":\"ListItem\",\"position\":3,\"name\":\"M\u00f3dulo 1\\\/3 Sensor de Presen\u00e7a de Parede Smart X-Control\"}]},{\"@type\":\"WebSite\",\"@id\":\"https:\\\/\\\/www.exatron.com.br\\\/#website\",\"url\":\"https:\\\/\\\/www.exatron.com.br\\\/\",\"name\":\"EXATRON\",\"description\":\"\",\"publisher\":{\"@id\":\"https:\\\/\\\/www.exatron.com.br\\\/#organization\"},\"potentialAction\":[{\"@type\":\"SearchAction\",\"target\":{\"@type\":\"EntryPoint\",\"urlTemplate\":\"https:\\\/\\\/www.exatron.com.br\\\/?s={search_term_string}\"},\"query-input\":{\"@type\":\"PropertyValueSpecification\",\"valueRequired\":true,\"valueName\":\"search_term_string\"}}],\"inLanguage\":\"es\"},{\"@type\":\"Organization\",\"@id\":\"https:\\\/\\\/www.exatron.com.br\\\/#organization\",\"name\":\"EXATRON\",\"url\":\"https:\\\/\\\/www.exatron.com.br\\\/\",\"logo\":{\"@type\":\"ImageObject\",\"inLanguage\":\"es\",\"@id\":\"https:\\\/\\\/www.exatron.com.br\\\/#\\\/schema\\\/logo\\\/image\\\/\",\"url\":\"https:\\\/\\\/www.exatron.com.br\\\/wp-content\\\/uploads\\\/2024\\\/11\\\/default-kit.png\",\"contentUrl\":\"https:\\\/\\\/www.exatron.com.br\\\/wp-content\\\/uploads\\\/2024\\\/11\\\/default-kit.png\",\"width\":956,\"height\":192,\"caption\":\"EXATRON\"},\"image\":{\"@id\":\"https:\\\/\\\/www.exatron.com.br\\\/#\\\/schema\\\/logo\\\/image\\\/\"}}]}<\/script>\n<!-- \/ Yoast SEO plugin. -->","yoast_head_json":{"title":"M\u00f3dulo 1\/3 Sensor de Presen\u00e7a de Parede Smart X-Control - EXATRON","description":"LEMOSP4006: Sensor de Presen\u00e7a Smart X-Control, controle por app, ajuste de tempo e detec\u00e7\u00e3o precisa para economia e seguran\u00e7a.","robots":{"index":"index","follow":"follow","max-snippet":"max-snippet:-1","max-image-preview":"max-image-preview:large","max-video-preview":"max-video-preview:-1"},"canonical":"https:\/\/www.exatron.com.br\/es\/produtos\/modulo-1-3-sensor-de-presenca-de-parede-smart-x-control\/","og_locale":"es_ES","og_type":"article","og_title":"M\u00f3dulo 1\/3 Sensor de Presen\u00e7a de Parede Smart X-Control - EXATRON","og_description":"LEMOSP4006: Sensor de Presen\u00e7a Smart X-Control, controle por app, ajuste de tempo e detec\u00e7\u00e3o precisa para economia e seguran\u00e7a.","og_url":"https:\/\/www.exatron.com.br\/es\/produtos\/modulo-1-3-sensor-de-presenca-de-parede-smart-x-control\/","og_site_name":"EXATRON","article_modified_time":"2026-04-15T12:52:57+00:00","og_image":[{"width":1000,"height":1000,"url":"https:\/\/www.exatron.com.br\/wp-content\/uploads\/lemosp4006xc2bc1.png","type":"image\/png"}],"twitter_card":"summary_large_image","twitter_misc":{"Tiempo de lectura":"3 minutos"},"schema":{"@context":"https:\/\/schema.org","@graph":[{"@type":"WebPage","@id":"https:\/\/www.exatron.com.br\/produtos\/modulo-1-3-sensor-de-presenca-de-parede-smart-x-control\/","url":"https:\/\/www.exatron.com.br\/produtos\/modulo-1-3-sensor-de-presenca-de-parede-smart-x-control\/","name":"M\u00f3dulo 1\/3 Sensor de Presen\u00e7a de Parede Smart X-Control - EXATRON","isPartOf":{"@id":"https:\/\/www.exatron.com.br\/#website"},"primaryImageOfPage":{"@id":"https:\/\/www.exatron.com.br\/produtos\/modulo-1-3-sensor-de-presenca-de-parede-smart-x-control\/#primaryimage"},"image":{"@id":"https:\/\/www.exatron.com.br\/produtos\/modulo-1-3-sensor-de-presenca-de-parede-smart-x-control\/#primaryimage"},"thumbnailUrl":"https:\/\/www.exatron.com.br\/wp-content\/uploads\/lemosp4006xc2bc1.png","datePublished":"2025-12-08T15:08:51+00:00","dateModified":"2026-04-15T12:52:57+00:00","description":"LEMOSP4006: Sensor de Presen\u00e7a Smart X-Control, controle por app, ajuste de tempo e detec\u00e7\u00e3o precisa para economia e seguran\u00e7a.","breadcrumb":{"@id":"https:\/\/www.exatron.com.br\/produtos\/modulo-1-3-sensor-de-presenca-de-parede-smart-x-control\/#breadcrumb"},"inLanguage":"es","potentialAction":[{"@type":"ReadAction","target":["https:\/\/www.exatron.com.br\/produtos\/modulo-1-3-sensor-de-presenca-de-parede-smart-x-control\/"]}]},{"@type":"ImageObject","inLanguage":"es","@id":"https:\/\/www.exatron.com.br\/produtos\/modulo-1-3-sensor-de-presenca-de-parede-smart-x-control\/#primaryimage","url":"https:\/\/www.exatron.com.br\/wp-content\/uploads\/lemosp4006xc2bc1.png","contentUrl":"https:\/\/www.exatron.com.br\/wp-content\/uploads\/lemosp4006xc2bc1.png","width":1000,"height":1000,"caption":"M\u00f3dulo 1\/3 Sensor de Presen\u00e7a de Parede Smart X-Control 2.0 - lado 1"},{"@type":"BreadcrumbList","@id":"https:\/\/www.exatron.com.br\/produtos\/modulo-1-3-sensor-de-presenca-de-parede-smart-x-control\/#breadcrumb","itemListElement":[{"@type":"ListItem","position":1,"name":"In\u00edcio","item":"https:\/\/www.exatron.com.br\/"},{"@type":"ListItem","position":2,"name":"Loja","item":"https:\/\/www.exatron.com.br\/loja\/"},{"@type":"ListItem","position":3,"name":"M\u00f3dulo 1\/3 Sensor de Presen\u00e7a de Parede Smart X-Control"}]},{"@type":"WebSite","@id":"https:\/\/www.exatron.com.br\/#website","url":"https:\/\/www.exatron.com.br\/","name":"EXATRON","description":"","publisher":{"@id":"https:\/\/www.exatron.com.br\/#organization"},"potentialAction":[{"@type":"SearchAction","target":{"@type":"EntryPoint","urlTemplate":"https:\/\/www.exatron.com.br\/?s={search_term_string}"},"query-input":{"@type":"PropertyValueSpecification","valueRequired":true,"valueName":"search_term_string"}}],"inLanguage":"es"},{"@type":"Organization","@id":"https:\/\/www.exatron.com.br\/#organization","name":"EXATRON","url":"https:\/\/www.exatron.com.br\/","logo":{"@type":"ImageObject","inLanguage":"es","@id":"https:\/\/www.exatron.com.br\/#\/schema\/logo\/image\/","url":"https:\/\/www.exatron.com.br\/wp-content\/uploads\/2024\/11\/default-kit.png","contentUrl":"https:\/\/www.exatron.com.br\/wp-content\/uploads\/2024\/11\/default-kit.png","width":956,"height":192,"caption":"EXATRON"},"image":{"@id":"https:\/\/www.exatron.com.br\/#\/schema\/logo\/image\/"}}]}},"_links":{"self":[{"href":"https:\/\/www.exatron.com.br\/es\/wp-json\/wp\/v2\/product\/10758","targetHints":{"allow":["GET"]}}],"collection":[{"href":"https:\/\/www.exatron.com.br\/es\/wp-json\/wp\/v2\/product"}],"about":[{"href":"https:\/\/www.exatron.com.br\/es\/wp-json\/wp\/v2\/types\/product"}],"replies":[{"embeddable":true,"href":"https:\/\/www.exatron.com.br\/es\/wp-json\/wp\/v2\/comments?post=10758"}],"wp:featuredmedia":[{"embeddable":true,"href":"https:\/\/www.exatron.com.br\/es\/wp-json\/wp\/v2\/media\/14421"}],"wp:attachment":[{"href":"https:\/\/www.exatron.com.br\/es\/wp-json\/wp\/v2\/media?parent=10758"}],"wp:term":[{"taxonomy":"aplicacao","embeddable":true,"href":"https:\/\/www.exatron.com.br\/es\/wp-json\/wp\/v2\/aplicacao?post=10758"},{"taxonomy":"product_brand","embeddable":true,"href":"https:\/\/www.exatron.com.br\/es\/wp-json\/wp\/v2\/product_brand?post=10758"},{"taxonomy":"product_cat","embeddable":true,"href":"https:\/\/www.exatron.com.br\/es\/wp-json\/wp\/v2\/product_cat?post=10758"},{"taxonomy":"product_tag","embeddable":true,"href":"https:\/\/www.exatron.com.br\/es\/wp-json\/wp\/v2\/product_tag?post=10758"}],"curies":[{"name":"wp","href":"https:\/\/api.w.org\/{rel}","templated":true}]}}