{"id":10765,"date":"2025-12-08T15:08:52","date_gmt":"2025-12-08T15:08:52","guid":{"rendered":""},"modified":"2026-04-22T10:59:25","modified_gmt":"2026-04-22T13:59:25","slug":"tomada-smart-4x2","status":"publish","type":"product","link":"https:\/\/www.exatron.com.br\/es\/produtos\/tomada-smart-4x2\/","title":{"rendered":"Tomada Smart 4&#215;2"},"content":{"rendered":"<h3>Especificaciones t\u00e9cnicas<\/h3>\n<p>\u2022 Tens\u00e3o: 100-240V~ 50\/60Hz;<\/p>\n<p>\u2022 Consumo: &lt;1,5W;<\/p>\n<p>\u2022 Corrente nominal resistiva: 10A;<\/p>\n<p>\u2022 Tecnologia: BLE SIG Mesh 2,4GHz;<\/p>\n<p>\u2022 Dist\u00e2ncia m\u00e1xima do Gateway Wi-Fi\/BLE SIG Mesh: Depende do n\u00famero de dispositivos e rotas de repeti\u00e7\u00e3o;<\/p>\n<p>\u2022 Dist\u00e2ncia m\u00e1xima entre os LSTO6000 para repeti\u00e7\u00e3o do BLE SIG Mesh: At\u00e9 20 metros em ambiente aberto;<\/p>\n<p>\u2022\u00a0Criptografia: AES;<\/p>\n<p>\u2022 Temperatura de funcionamiento: de 0 \u00b0C a 40 \u00b0C;<\/p>\n<p>\u2022\u00a0Dimens\u00f5es: 122x82x41,5mm;<\/p>\n<p>\u2022\u00a0Pot\u00eancia de comando:<\/p>\n<figure class=\"table\">\n<table>\n<tbody>\n<tr>\n<td style=\"text-align: center\" rowspan=\"2\"><strong>Tens\u00e3o:<\/strong><\/td>\n<td style=\"text-align: center\" colspan=\"2\"><strong>L\u00e2mpadas<\/strong><\/td>\n<td style=\"text-align: center\" rowspan=\"2\"><strong>Motor<\/strong><\/td>\n<td style=\"text-align: center\" rowspan=\"2\"><strong>Resistivo<\/strong><\/td>\n<\/tr>\n<tr>\n<td style=\"text-align: center\"><strong>FP&lt;0,7<\/strong><\/td>\n<td style=\"text-align: center\"><strong>FP\u22650,7<\/strong><\/td>\n<\/tr>\n<tr>\n<td style=\"text-align: center\">127V~<\/td>\n<td style=\"text-align: center\">120 W<\/td>\n<td style=\"text-align: center\">250W<\/td>\n<td style=\"text-align: center\" rowspan=\"2\">300 W<\/td>\n<td style=\"text-align: center\">1000W<\/td>\n<\/tr>\n<tr>\n<td style=\"text-align: center\">220V~<\/td>\n<td style=\"text-align: center\">200 W<\/td>\n<td style=\"text-align: center\">350W<\/td>\n<td style=\"text-align: center\">1800W<\/td>\n<\/tr>\n<\/tbody>\n<\/table>\n<\/figure>\n<p>Obs.: A tabela acima apresenta a pot\u00eancia m\u00e1xima que o produto suporta, a pot\u00eancia consumida n\u00e3o deve ser maior que os valores apresentados na tabela. Esse dispositivo n\u00e3o deve ser utilizado no acionamento direto de motores e equipamentos el\u00e9tricos que possuam corrente de partida maior que a corrente m\u00e1xima do dispositivo. Para sua seguran\u00e7a, n\u00e3o abra o produto sob nenhuma circunst\u00e2ncia.<\/p>\n<p>&nbsp;<\/p>\n<h3>Instalaci\u00f3n<\/h3>\n<p>\u2022\u00a0Configure a Tomada Smart 4&#215;2 pelo aplicativo myhouse X, dispon\u00edvel para download no Google Play e na App Store. Vers\u00e3o m\u00ednima do sistema operacional: iOS 11.0 \/ Android\u2122 7.0;<\/p>\n<p>\u2022\u00a0Instala\u00e7\u00e3o diretamente em caixas 4&#215;2;<\/p>\n<p>\u2022 Utilizar em ambientes internos com cobertura BLE SIG Mesh e Wi-Fi, protegido de intemp\u00e9ries. Esse produto \u00e9 feito para instala\u00e7\u00e3o de acordo com o C\u00f3digo El\u00e9trico Nacional e regula\u00e7\u00f5es locais no Brasil (NBR5410).<\/p>","protected":false},"excerpt":{"rendered":"<p>\u00a1Revoluciona y conecta espacios con la l\u00ednea myhouse X de Exatron!<\/p>\n<p>A Tomada Smart 4&#215;2 (LSTO6000) \u00e9 um controle inteligente para equipamentos ligados na tomada, como lumin\u00e1rias, el\u00e9tricos, eletr\u00f4nicos e outros eletrodom\u00e9sticos.<\/p>\n<p>\u00c9 utilizado para ligar e desligar, monitorar o consumo de energia, temporizar e automatizar a alimenta\u00e7\u00e3o el\u00e9trica de equipamentos, possibilitando a comodidade do monitoramento remoto. O produto possibilita que voc\u00ea acione diretamente suas cargas el\u00e9tricas, integrando dispositivos inteligentes em sua automa\u00e7\u00e3o. Seu meio de acionamento pode ser diretamente na tecla t\u00e1ctil, utilizando o app myhouse X ou comando de voz da Amazon Alexa ou Google Assistente.<\/p>\n<p>Possui tecnologia BLE SIG Mesh, para n\u00e3o sobrecarregar seu roteador Wi-Fi, sendo que em conjunto com a Interface Gateway Smart Wi-Fi\/BLE SIG Mesh, possibilita que voc\u00ea tenha at\u00e9 128 dispositivos ocupando apenas um canal da sua rede Wi-Fi.<\/p>\n<p>&nbsp;<\/p>\n<p><i>\u201cIncorpora produto homologado pela Anatel sob n\u00famero 07475-21-11765\u201d.<\/i><\/p>\n<p><i>\u201cEste equipamento n\u00e3o tem direito \u00e0 prote\u00e7\u00e3o contra interfer\u00eancia prejudicial e n\u00e3o pode causar interfer\u00eancia em sistema devidamente autorizados.\u201d<\/i><\/p>\n<p><i>Para obtener m\u00e1s informaci\u00f3n, visite el sitio web de Anatel: www.gov.br\/anatel\/pt-br\/<\/i><\/p>","protected":false},"featured_media":10344,"comment_status":"open","ping_status":"closed","template":"","meta":{"_acf_changed":false,"_joinchat":[]},"aplicacao":[],"product_brand":[],"product_cat":[322,367],"product_tag":[850,849,752,887,886],"class_list":{"0":"post-10765","1":"product","2":"type-product","3":"status-publish","4":"has-post-thumbnail","6":"product_cat-myhouse-x","7":"product_cat-myhouse-x-tomada-smart","8":"product_tag-aplicativo-myhouse-x","9":"product_tag-automacao-predial","10":"product_tag-automacao-residencial","11":"product_tag-tomada-inteligente","12":"product_tag-tomada-smart","14":"first","15":"instock","16":"shipping-taxable","17":"purchasable","18":"product-type-simple"},"acf":[],"yoast_head":"<!-- This site is optimized with the Yoast SEO plugin v27.3 - https:\/\/yoast.com\/product\/yoast-seo-wordpress\/ -->\n<title>Tomada Smart 4x2 - EXATRON<\/title>\n<meta name=\"description\" content=\"Controle inteligente para equipamentos ligados na tomada, como lumin\u00e1rias, el\u00e9tricos, eletr\u00f4nicos e outros eletrodom\u00e9sticos.\" \/>\n<meta name=\"robots\" content=\"index, follow, max-snippet:-1, max-image-preview:large, max-video-preview:-1\" \/>\n<link rel=\"canonical\" href=\"https:\/\/www.exatron.com.br\/es\/produtos\/tomada-smart-4x2\/\" \/>\n<meta property=\"og:locale\" content=\"es_ES\" \/>\n<meta property=\"og:type\" content=\"article\" \/>\n<meta property=\"og:title\" content=\"Tomada Smart 4x2 - EXATRON\" \/>\n<meta property=\"og:description\" content=\"Controle inteligente para equipamentos ligados na tomada, como lumin\u00e1rias, el\u00e9tricos, eletr\u00f4nicos e outros eletrodom\u00e9sticos.\" \/>\n<meta property=\"og:url\" content=\"https:\/\/www.exatron.com.br\/es\/produtos\/tomada-smart-4x2\/\" \/>\n<meta property=\"og:site_name\" content=\"EXATRON\" \/>\n<meta property=\"article:modified_time\" content=\"2026-04-22T13:59:25+00:00\" \/>\n<meta property=\"og:image\" content=\"https:\/\/www.exatron.com.br\/wp-content\/uploads\/2025\/12\/mjtqeytleaxnlez5p85nkf865oy2zrhxn0rfdm0t.png\" \/>\n\t<meta property=\"og:image:width\" content=\"2160\" \/>\n\t<meta property=\"og:image:height\" content=\"2160\" \/>\n\t<meta property=\"og:image:type\" content=\"image\/png\" \/>\n<meta name=\"twitter:card\" content=\"summary_large_image\" \/>\n<meta name=\"twitter:label1\" content=\"Tiempo de lectura\" \/>\n\t<meta name=\"twitter:data1\" content=\"2 minutos\" \/>\n<script type=\"application\/ld+json\" class=\"yoast-schema-graph\">{\"@context\":\"https:\\\/\\\/schema.org\",\"@graph\":[{\"@type\":\"WebPage\",\"@id\":\"https:\\\/\\\/www.exatron.com.br\\\/produtos\\\/tomada-smart-4x2\\\/\",\"url\":\"https:\\\/\\\/www.exatron.com.br\\\/produtos\\\/tomada-smart-4x2\\\/\",\"name\":\"Tomada Smart 4x2 - EXATRON\",\"isPartOf\":{\"@id\":\"https:\\\/\\\/www.exatron.com.br\\\/#website\"},\"primaryImageOfPage\":{\"@id\":\"https:\\\/\\\/www.exatron.com.br\\\/produtos\\\/tomada-smart-4x2\\\/#primaryimage\"},\"image\":{\"@id\":\"https:\\\/\\\/www.exatron.com.br\\\/produtos\\\/tomada-smart-4x2\\\/#primaryimage\"},\"thumbnailUrl\":\"https:\\\/\\\/www.exatron.com.br\\\/wp-content\\\/uploads\\\/2025\\\/12\\\/mjtqeytleaxnlez5p85nkf865oy2zrhxn0rfdm0t.png\",\"datePublished\":\"2025-12-08T15:08:52+00:00\",\"dateModified\":\"2026-04-22T13:59:25+00:00\",\"description\":\"Controle inteligente para equipamentos ligados na tomada, como lumin\u00e1rias, el\u00e9tricos, eletr\u00f4nicos e outros eletrodom\u00e9sticos.\",\"breadcrumb\":{\"@id\":\"https:\\\/\\\/www.exatron.com.br\\\/produtos\\\/tomada-smart-4x2\\\/#breadcrumb\"},\"inLanguage\":\"es\",\"potentialAction\":[{\"@type\":\"ReadAction\",\"target\":[\"https:\\\/\\\/www.exatron.com.br\\\/produtos\\\/tomada-smart-4x2\\\/\"]}]},{\"@type\":\"ImageObject\",\"inLanguage\":\"es\",\"@id\":\"https:\\\/\\\/www.exatron.com.br\\\/produtos\\\/tomada-smart-4x2\\\/#primaryimage\",\"url\":\"https:\\\/\\\/www.exatron.com.br\\\/wp-content\\\/uploads\\\/2025\\\/12\\\/mjtqeytleaxnlez5p85nkf865oy2zrhxn0rfdm0t.png\",\"contentUrl\":\"https:\\\/\\\/www.exatron.com.br\\\/wp-content\\\/uploads\\\/2025\\\/12\\\/mjtqeytleaxnlez5p85nkf865oy2zrhxn0rfdm0t.png\",\"width\":2160,\"height\":2160,\"caption\":\"A Tomada Smart 4x2 (LSTO6000) \u00e9 um controle inteligente para equipamentos ligados na tomada, como lumin\u00e1rias, el\u00e9tricos, eletr\u00f4nicos e outros eletrodom\u00e9sticos.\"},{\"@type\":\"BreadcrumbList\",\"@id\":\"https:\\\/\\\/www.exatron.com.br\\\/produtos\\\/tomada-smart-4x2\\\/#breadcrumb\",\"itemListElement\":[{\"@type\":\"ListItem\",\"position\":1,\"name\":\"In\u00edcio\",\"item\":\"https:\\\/\\\/www.exatron.com.br\\\/\"},{\"@type\":\"ListItem\",\"position\":2,\"name\":\"Loja\",\"item\":\"https:\\\/\\\/www.exatron.com.br\\\/loja\\\/\"},{\"@type\":\"ListItem\",\"position\":3,\"name\":\"Tomada Smart 4&#215;2\"}]},{\"@type\":\"WebSite\",\"@id\":\"https:\\\/\\\/www.exatron.com.br\\\/#website\",\"url\":\"https:\\\/\\\/www.exatron.com.br\\\/\",\"name\":\"EXATRON\",\"description\":\"\",\"publisher\":{\"@id\":\"https:\\\/\\\/www.exatron.com.br\\\/#organization\"},\"potentialAction\":[{\"@type\":\"SearchAction\",\"target\":{\"@type\":\"EntryPoint\",\"urlTemplate\":\"https:\\\/\\\/www.exatron.com.br\\\/?s={search_term_string}\"},\"query-input\":{\"@type\":\"PropertyValueSpecification\",\"valueRequired\":true,\"valueName\":\"search_term_string\"}}],\"inLanguage\":\"es\"},{\"@type\":\"Organization\",\"@id\":\"https:\\\/\\\/www.exatron.com.br\\\/#organization\",\"name\":\"EXATRON\",\"url\":\"https:\\\/\\\/www.exatron.com.br\\\/\",\"logo\":{\"@type\":\"ImageObject\",\"inLanguage\":\"es\",\"@id\":\"https:\\\/\\\/www.exatron.com.br\\\/#\\\/schema\\\/logo\\\/image\\\/\",\"url\":\"https:\\\/\\\/www.exatron.com.br\\\/wp-content\\\/uploads\\\/2024\\\/11\\\/default-kit.png\",\"contentUrl\":\"https:\\\/\\\/www.exatron.com.br\\\/wp-content\\\/uploads\\\/2024\\\/11\\\/default-kit.png\",\"width\":956,\"height\":192,\"caption\":\"EXATRON\"},\"image\":{\"@id\":\"https:\\\/\\\/www.exatron.com.br\\\/#\\\/schema\\\/logo\\\/image\\\/\"}}]}<\/script>\n<!-- \/ Yoast SEO plugin. -->","yoast_head_json":{"title":"Tomada Smart 4x2 - EXATRON","description":"Controle inteligente para equipamentos ligados na tomada, como lumin\u00e1rias, el\u00e9tricos, eletr\u00f4nicos e outros eletrodom\u00e9sticos.","robots":{"index":"index","follow":"follow","max-snippet":"max-snippet:-1","max-image-preview":"max-image-preview:large","max-video-preview":"max-video-preview:-1"},"canonical":"https:\/\/www.exatron.com.br\/es\/produtos\/tomada-smart-4x2\/","og_locale":"es_ES","og_type":"article","og_title":"Tomada Smart 4x2 - EXATRON","og_description":"Controle inteligente para equipamentos ligados na tomada, como lumin\u00e1rias, el\u00e9tricos, eletr\u00f4nicos e outros eletrodom\u00e9sticos.","og_url":"https:\/\/www.exatron.com.br\/es\/produtos\/tomada-smart-4x2\/","og_site_name":"EXATRON","article_modified_time":"2026-04-22T13:59:25+00:00","og_image":[{"width":2160,"height":2160,"url":"https:\/\/www.exatron.com.br\/wp-content\/uploads\/2025\/12\/mjtqeytleaxnlez5p85nkf865oy2zrhxn0rfdm0t.png","type":"image\/png"}],"twitter_card":"summary_large_image","twitter_misc":{"Tiempo de lectura":"2 minutos"},"schema":{"@context":"https:\/\/schema.org","@graph":[{"@type":"WebPage","@id":"https:\/\/www.exatron.com.br\/produtos\/tomada-smart-4x2\/","url":"https:\/\/www.exatron.com.br\/produtos\/tomada-smart-4x2\/","name":"Tomada Smart 4x2 - EXATRON","isPartOf":{"@id":"https:\/\/www.exatron.com.br\/#website"},"primaryImageOfPage":{"@id":"https:\/\/www.exatron.com.br\/produtos\/tomada-smart-4x2\/#primaryimage"},"image":{"@id":"https:\/\/www.exatron.com.br\/produtos\/tomada-smart-4x2\/#primaryimage"},"thumbnailUrl":"https:\/\/www.exatron.com.br\/wp-content\/uploads\/2025\/12\/mjtqeytleaxnlez5p85nkf865oy2zrhxn0rfdm0t.png","datePublished":"2025-12-08T15:08:52+00:00","dateModified":"2026-04-22T13:59:25+00:00","description":"Controle inteligente para equipamentos ligados na tomada, como lumin\u00e1rias, el\u00e9tricos, eletr\u00f4nicos e outros eletrodom\u00e9sticos.","breadcrumb":{"@id":"https:\/\/www.exatron.com.br\/produtos\/tomada-smart-4x2\/#breadcrumb"},"inLanguage":"es","potentialAction":[{"@type":"ReadAction","target":["https:\/\/www.exatron.com.br\/produtos\/tomada-smart-4x2\/"]}]},{"@type":"ImageObject","inLanguage":"es","@id":"https:\/\/www.exatron.com.br\/produtos\/tomada-smart-4x2\/#primaryimage","url":"https:\/\/www.exatron.com.br\/wp-content\/uploads\/2025\/12\/mjtqeytleaxnlez5p85nkf865oy2zrhxn0rfdm0t.png","contentUrl":"https:\/\/www.exatron.com.br\/wp-content\/uploads\/2025\/12\/mjtqeytleaxnlez5p85nkf865oy2zrhxn0rfdm0t.png","width":2160,"height":2160,"caption":"A Tomada Smart 4x2 (LSTO6000) \u00e9 um controle inteligente para equipamentos ligados na tomada, como lumin\u00e1rias, el\u00e9tricos, eletr\u00f4nicos e outros eletrodom\u00e9sticos."},{"@type":"BreadcrumbList","@id":"https:\/\/www.exatron.com.br\/produtos\/tomada-smart-4x2\/#breadcrumb","itemListElement":[{"@type":"ListItem","position":1,"name":"In\u00edcio","item":"https:\/\/www.exatron.com.br\/"},{"@type":"ListItem","position":2,"name":"Loja","item":"https:\/\/www.exatron.com.br\/loja\/"},{"@type":"ListItem","position":3,"name":"Tomada Smart 4&#215;2"}]},{"@type":"WebSite","@id":"https:\/\/www.exatron.com.br\/#website","url":"https:\/\/www.exatron.com.br\/","name":"EXATRON","description":"","publisher":{"@id":"https:\/\/www.exatron.com.br\/#organization"},"potentialAction":[{"@type":"SearchAction","target":{"@type":"EntryPoint","urlTemplate":"https:\/\/www.exatron.com.br\/?s={search_term_string}"},"query-input":{"@type":"PropertyValueSpecification","valueRequired":true,"valueName":"search_term_string"}}],"inLanguage":"es"},{"@type":"Organization","@id":"https:\/\/www.exatron.com.br\/#organization","name":"EXATRON","url":"https:\/\/www.exatron.com.br\/","logo":{"@type":"ImageObject","inLanguage":"es","@id":"https:\/\/www.exatron.com.br\/#\/schema\/logo\/image\/","url":"https:\/\/www.exatron.com.br\/wp-content\/uploads\/2024\/11\/default-kit.png","contentUrl":"https:\/\/www.exatron.com.br\/wp-content\/uploads\/2024\/11\/default-kit.png","width":956,"height":192,"caption":"EXATRON"},"image":{"@id":"https:\/\/www.exatron.com.br\/#\/schema\/logo\/image\/"}}]}},"_links":{"self":[{"href":"https:\/\/www.exatron.com.br\/es\/wp-json\/wp\/v2\/product\/10765","targetHints":{"allow":["GET"]}}],"collection":[{"href":"https:\/\/www.exatron.com.br\/es\/wp-json\/wp\/v2\/product"}],"about":[{"href":"https:\/\/www.exatron.com.br\/es\/wp-json\/wp\/v2\/types\/product"}],"replies":[{"embeddable":true,"href":"https:\/\/www.exatron.com.br\/es\/wp-json\/wp\/v2\/comments?post=10765"}],"wp:featuredmedia":[{"embeddable":true,"href":"https:\/\/www.exatron.com.br\/es\/wp-json\/wp\/v2\/media\/10344"}],"wp:attachment":[{"href":"https:\/\/www.exatron.com.br\/es\/wp-json\/wp\/v2\/media?parent=10765"}],"wp:term":[{"taxonomy":"aplicacao","embeddable":true,"href":"https:\/\/www.exatron.com.br\/es\/wp-json\/wp\/v2\/aplicacao?post=10765"},{"taxonomy":"product_brand","embeddable":true,"href":"https:\/\/www.exatron.com.br\/es\/wp-json\/wp\/v2\/product_brand?post=10765"},{"taxonomy":"product_cat","embeddable":true,"href":"https:\/\/www.exatron.com.br\/es\/wp-json\/wp\/v2\/product_cat?post=10765"},{"taxonomy":"product_tag","embeddable":true,"href":"https:\/\/www.exatron.com.br\/es\/wp-json\/wp\/v2\/product_tag?post=10765"}],"curies":[{"name":"wp","href":"https:\/\/api.w.org\/{rel}","templated":true}]}}