{"id":10767,"date":"2025-12-08T15:08:52","date_gmt":"2025-12-08T15:08:52","guid":{"rendered":""},"modified":"2026-04-22T11:13:27","modified_gmt":"2026-04-22T14:13:27","slug":"camera-de-video-smart-wi-fi","status":"publish","type":"product","link":"https:\/\/www.exatron.com.br\/es\/produtos\/camera-de-video-smart-wi-fi\/","title":{"rendered":"C\u00e1mara de v\u00eddeo inteligente con Wi-Fi"},"content":{"rendered":"<h3>Especificaciones t\u00e9cnicas<\/h3>\n<p>\u2022 Voltaje de alimentaci\u00f3n: Entrada: 100-240V~ 50\/60Hz y Salida: 5V\/1A;<\/p>\n<p>\u2022 Consumo de energ\u00eda: &lt;5W;<\/p>\n<p>\u2022 Fuente de alimentaci\u00f3n: 5 V\/1 A USB-C;<\/p>\n<p>\u2022 Tecnolog\u00eda: Wi-Fi IEEE 802.11b\/g\/n 2.4GHz;<\/p>\n<p>\u2022 Cifrado: WEP, WPA, WPA2;<\/p>\n<p>\u2022 Distancia infrarroja (IR): 5 metros;<\/p>\n<p>\u2022 Infrarrojos\/Captura: 6 LED IR de alta potencia. Desconexi\u00f3n autom\u00e1tica de IR d\u00eda\/noche.<\/p>\n<p>\u2022 Tipo de sensor: CMOS de 1\/2,9\u2033;<\/p>\n<p>\u2022 Resoluci\u00f3n: 1080P\/2MP Full HD;<\/p>\n<p>\u2022 Tama\u00f1o m\u00e1ximo de imagen: 1080P (1920\u00d71080) en VGA (640\u00d7480);<\/p>\n<p>\u2022 Compresi\u00f3n de v\u00eddeo: H.264;<\/p>\n<p>\u2022 Velocidad de fotogramas: 15 fps;<\/p>\n<p>\u2022 Almacenamiento: Local: Tarjeta MicroSD de hasta 128 GB. Nube: Con un plan contratado;<\/p>\n<p>\u2022 Rotaci\u00f3n: 355\u00b0 horizontal y 80\u00b0 vertical;<\/p>\n<p>\u2022 \u00c1ngulo de visi\u00f3n: 360\u00b0 horizontal y 101\u00b0 vertical;<\/p>\n<p>\u2022 Audio: Bidireccional;<\/p>\n<p>\u2022 Distancia: hasta 30 m del router sin obst\u00e1culos;<\/p>\n<p>\u2022 Temperatura de funcionamiento: de 0 \u00b0C a 40 \u00b0C;<\/p>\n<p>\u2022 Dimensiones de la c\u00e1mara: 111 x 78 mm;<\/p>\n<p>\u2022 Dimensiones del adaptador USB: 80x39x22 mm;<\/p>\n<p>\u2022 ONVIF (Open Network Video Interface Forum) es un est\u00e1ndar de comunicaci\u00f3n que permite que los productos IP de la industria de la videovigilancia (c\u00e1maras, grabadoras) se comuniquen entre s\u00ed, independientemente de su marca o modelo.<\/p>\n<p>&nbsp;<\/p>\n<h3>Instalaci\u00f3n<\/h3>\n<p>\u2022 Configure la c\u00e1mara de video inteligente usando la aplicaci\u00f3n myhouse X, disponible para descargar en Google Play y la App Store. Versi\u00f3n m\u00ednima del sistema operativo: iOS 11.0 \/ Android\u2122 7.0;<\/p>\n<p>\u2022 Instalaci\u00f3n sobre superficies que permitan la rotaci\u00f3n y el alcance de la c\u00e1mara;<\/p>\n<p>\u2022 Utilizar en interiores con cobertura Wi-Fi, protegido de las inclemencias del tiempo.<\/p>","protected":false},"excerpt":{"rendered":"<p>\u00a1Revoluciona y conecta espacios con la l\u00ednea myhouse X de Exatron!<\/p>\n<p>La c\u00e1mara de video inteligente (LSCV6200) se utiliza para monitorear entornos interiores, brindando la comodidad del acceso remoto.<\/p>\n<p>F\u00e1cil de instalar, proporciona una nueva forma de utilizar tus equipos, con el control y las im\u00e1genes a tu alcance, a trav\u00e9s de la app myhouse X o los asistentes de voz Alexa y Google Assistant*.<\/p>\n<p><i>*Para disfrutar de las funciones de audio, v\u00eddeo y voz, debe activar su c\u00e1mara con Exatron. Cont\u00e1ctenos por tel\u00e9fono: 0800 541 3310, correo electr\u00f3nico: <\/i><a href=\"mailto:contato@exatron.com.br\"><i>contato@exatron.com.br<\/i><\/a><i> o WhatsApp: 51 3357-5019.<\/i><\/p>\n<p>&nbsp;<\/p>\n<p><i>LSCV6200 | 00539-24-13287<\/i><\/p>\n<p><i>&quot;Este equipo no tiene derecho a protecci\u00f3n contra interferencias perjudiciales y no puede causar interferencias a sistemas debidamente autorizados.&quot;<\/i><\/p>\n<p><i>&quot;Este producto est\u00e1 aprobado por ANATEL, de acuerdo con los procedimientos regulados por la Resoluci\u00f3n n\u00ba 715, del 23 de octubre de 2019, y cumple con los requisitos t\u00e9cnicos aplicables.&quot;<\/i><\/p>\n<p><i>Para obtener m\u00e1s informaci\u00f3n, visite el sitio web de Anatel: www.gov.br\/anatel\/pt-br\/<\/i><\/p>","protected":false},"featured_media":10346,"comment_status":"open","ping_status":"closed","template":"","meta":{"_acf_changed":false,"_joinchat":[]},"aplicacao":[],"product_brand":[],"product_cat":[369,322],"product_tag":[855,850,849,752,851,852,853,854,857,856],"class_list":{"0":"post-10767","1":"product","2":"type-product","3":"status-publish","4":"has-post-thumbnail","6":"product_cat-myhouse-x-camera-de-video","7":"product_cat-myhouse-x","8":"product_tag-355-rotacao","9":"product_tag-aplicativo-myhouse-x","10":"product_tag-automacao-predial","11":"product_tag-automacao-residencial","12":"product_tag-camera","13":"product_tag-camera-inteligente","14":"product_tag-camera-smart","15":"product_tag-casa-inteligente","16":"product_tag-facil-instalacao","17":"product_tag-monitoramento","19":"first","20":"instock","21":"shipping-taxable","22":"purchasable","23":"product-type-simple"},"acf":[],"yoast_head":"<!-- This site is optimized with the Yoast SEO plugin v27.3 - https:\/\/yoast.com\/product\/yoast-seo-wordpress\/ -->\n<title>C\u00e2mera de V\u00eddeo Smart Wi-Fi - EXATRON<\/title>\n<meta name=\"description\" content=\"Para ambientes internos. Possu\u00ed comando de voz, Wi-Fi, modo noturno, f\u00e1cil instala\u00e7\u00e3o, rota\u00e7\u00e3o 355\u00b0, \u00e1udio bidirecional, rastreamento de movimentos e zoom.\" \/>\n<meta name=\"robots\" content=\"index, follow, max-snippet:-1, max-image-preview:large, max-video-preview:-1\" \/>\n<link rel=\"canonical\" href=\"https:\/\/www.exatron.com.br\/es\/produtos\/camera-de-video-smart-wi-fi\/\" \/>\n<meta property=\"og:locale\" content=\"es_ES\" \/>\n<meta property=\"og:type\" content=\"article\" \/>\n<meta property=\"og:title\" content=\"C\u00e2mera de V\u00eddeo Smart Wi-Fi - EXATRON\" \/>\n<meta property=\"og:description\" content=\"Para ambientes internos. Possu\u00ed comando de voz, Wi-Fi, modo noturno, f\u00e1cil instala\u00e7\u00e3o, rota\u00e7\u00e3o 355\u00b0, \u00e1udio bidirecional, rastreamento de movimentos e zoom.\" \/>\n<meta property=\"og:url\" content=\"https:\/\/www.exatron.com.br\/es\/produtos\/camera-de-video-smart-wi-fi\/\" \/>\n<meta property=\"og:site_name\" content=\"EXATRON\" \/>\n<meta property=\"article:modified_time\" content=\"2026-04-22T14:13:27+00:00\" \/>\n<meta property=\"og:image\" content=\"https:\/\/www.exatron.com.br\/wp-content\/uploads\/2025\/12\/wcka1he3ghnlij4x9hhr4lsjfdvzt3qvsgvvbve2.png\" \/>\n\t<meta property=\"og:image:width\" content=\"1506\" \/>\n\t<meta property=\"og:image:height\" content=\"1505\" \/>\n\t<meta property=\"og:image:type\" content=\"image\/png\" \/>\n<meta name=\"twitter:card\" content=\"summary_large_image\" \/>\n<meta name=\"twitter:label1\" content=\"Tiempo de lectura\" \/>\n\t<meta name=\"twitter:data1\" content=\"2 minutos\" \/>\n<script type=\"application\/ld+json\" class=\"yoast-schema-graph\">{\"@context\":\"https:\\\/\\\/schema.org\",\"@graph\":[{\"@type\":\"WebPage\",\"@id\":\"https:\\\/\\\/www.exatron.com.br\\\/produtos\\\/camera-de-video-smart-wi-fi\\\/\",\"url\":\"https:\\\/\\\/www.exatron.com.br\\\/produtos\\\/camera-de-video-smart-wi-fi\\\/\",\"name\":\"C\u00e2mera de V\u00eddeo Smart Wi-Fi - EXATRON\",\"isPartOf\":{\"@id\":\"https:\\\/\\\/www.exatron.com.br\\\/#website\"},\"primaryImageOfPage\":{\"@id\":\"https:\\\/\\\/www.exatron.com.br\\\/produtos\\\/camera-de-video-smart-wi-fi\\\/#primaryimage\"},\"image\":{\"@id\":\"https:\\\/\\\/www.exatron.com.br\\\/produtos\\\/camera-de-video-smart-wi-fi\\\/#primaryimage\"},\"thumbnailUrl\":\"https:\\\/\\\/www.exatron.com.br\\\/wp-content\\\/uploads\\\/2025\\\/12\\\/wcka1he3ghnlij4x9hhr4lsjfdvzt3qvsgvvbve2.png\",\"datePublished\":\"2025-12-08T15:08:52+00:00\",\"dateModified\":\"2026-04-22T14:13:27+00:00\",\"description\":\"Para ambientes internos. Possu\u00ed comando de voz, Wi-Fi, modo noturno, f\u00e1cil instala\u00e7\u00e3o, rota\u00e7\u00e3o 355\u00b0, \u00e1udio bidirecional, rastreamento de movimentos e zoom.\",\"breadcrumb\":{\"@id\":\"https:\\\/\\\/www.exatron.com.br\\\/produtos\\\/camera-de-video-smart-wi-fi\\\/#breadcrumb\"},\"inLanguage\":\"es\",\"potentialAction\":[{\"@type\":\"ReadAction\",\"target\":[\"https:\\\/\\\/www.exatron.com.br\\\/produtos\\\/camera-de-video-smart-wi-fi\\\/\"]}]},{\"@type\":\"ImageObject\",\"inLanguage\":\"es\",\"@id\":\"https:\\\/\\\/www.exatron.com.br\\\/produtos\\\/camera-de-video-smart-wi-fi\\\/#primaryimage\",\"url\":\"https:\\\/\\\/www.exatron.com.br\\\/wp-content\\\/uploads\\\/2025\\\/12\\\/wcka1he3ghnlij4x9hhr4lsjfdvzt3qvsgvvbve2.png\",\"contentUrl\":\"https:\\\/\\\/www.exatron.com.br\\\/wp-content\\\/uploads\\\/2025\\\/12\\\/wcka1he3ghnlij4x9hhr4lsjfdvzt3qvsgvvbve2.png\",\"width\":1506,\"height\":1505,\"caption\":\"Revolucione e conecte espa\u00e7os com a linha myhouse X da Exatron!\"},{\"@type\":\"BreadcrumbList\",\"@id\":\"https:\\\/\\\/www.exatron.com.br\\\/produtos\\\/camera-de-video-smart-wi-fi\\\/#breadcrumb\",\"itemListElement\":[{\"@type\":\"ListItem\",\"position\":1,\"name\":\"In\u00edcio\",\"item\":\"https:\\\/\\\/www.exatron.com.br\\\/\"},{\"@type\":\"ListItem\",\"position\":2,\"name\":\"Loja\",\"item\":\"https:\\\/\\\/www.exatron.com.br\\\/loja\\\/\"},{\"@type\":\"ListItem\",\"position\":3,\"name\":\"C\u00e2mera de V\u00eddeo Smart Wi-Fi\"}]},{\"@type\":\"WebSite\",\"@id\":\"https:\\\/\\\/www.exatron.com.br\\\/#website\",\"url\":\"https:\\\/\\\/www.exatron.com.br\\\/\",\"name\":\"EXATRON\",\"description\":\"\",\"publisher\":{\"@id\":\"https:\\\/\\\/www.exatron.com.br\\\/#organization\"},\"potentialAction\":[{\"@type\":\"SearchAction\",\"target\":{\"@type\":\"EntryPoint\",\"urlTemplate\":\"https:\\\/\\\/www.exatron.com.br\\\/?s={search_term_string}\"},\"query-input\":{\"@type\":\"PropertyValueSpecification\",\"valueRequired\":true,\"valueName\":\"search_term_string\"}}],\"inLanguage\":\"es\"},{\"@type\":\"Organization\",\"@id\":\"https:\\\/\\\/www.exatron.com.br\\\/#organization\",\"name\":\"EXATRON\",\"url\":\"https:\\\/\\\/www.exatron.com.br\\\/\",\"logo\":{\"@type\":\"ImageObject\",\"inLanguage\":\"es\",\"@id\":\"https:\\\/\\\/www.exatron.com.br\\\/#\\\/schema\\\/logo\\\/image\\\/\",\"url\":\"https:\\\/\\\/www.exatron.com.br\\\/wp-content\\\/uploads\\\/2024\\\/11\\\/default-kit.png\",\"contentUrl\":\"https:\\\/\\\/www.exatron.com.br\\\/wp-content\\\/uploads\\\/2024\\\/11\\\/default-kit.png\",\"width\":956,\"height\":192,\"caption\":\"EXATRON\"},\"image\":{\"@id\":\"https:\\\/\\\/www.exatron.com.br\\\/#\\\/schema\\\/logo\\\/image\\\/\"}}]}<\/script>\n<!-- \/ Yoast SEO plugin. -->","yoast_head_json":{"title":"C\u00e2mera de V\u00eddeo Smart Wi-Fi - EXATRON","description":"Para ambientes internos. Possu\u00ed comando de voz, Wi-Fi, modo noturno, f\u00e1cil instala\u00e7\u00e3o, rota\u00e7\u00e3o 355\u00b0, \u00e1udio bidirecional, rastreamento de movimentos e zoom.","robots":{"index":"index","follow":"follow","max-snippet":"max-snippet:-1","max-image-preview":"max-image-preview:large","max-video-preview":"max-video-preview:-1"},"canonical":"https:\/\/www.exatron.com.br\/es\/produtos\/camera-de-video-smart-wi-fi\/","og_locale":"es_ES","og_type":"article","og_title":"C\u00e2mera de V\u00eddeo Smart Wi-Fi - EXATRON","og_description":"Para ambientes internos. Possu\u00ed comando de voz, Wi-Fi, modo noturno, f\u00e1cil instala\u00e7\u00e3o, rota\u00e7\u00e3o 355\u00b0, \u00e1udio bidirecional, rastreamento de movimentos e zoom.","og_url":"https:\/\/www.exatron.com.br\/es\/produtos\/camera-de-video-smart-wi-fi\/","og_site_name":"EXATRON","article_modified_time":"2026-04-22T14:13:27+00:00","og_image":[{"width":1506,"height":1505,"url":"https:\/\/www.exatron.com.br\/wp-content\/uploads\/2025\/12\/wcka1he3ghnlij4x9hhr4lsjfdvzt3qvsgvvbve2.png","type":"image\/png"}],"twitter_card":"summary_large_image","twitter_misc":{"Tiempo de lectura":"2 minutos"},"schema":{"@context":"https:\/\/schema.org","@graph":[{"@type":"WebPage","@id":"https:\/\/www.exatron.com.br\/produtos\/camera-de-video-smart-wi-fi\/","url":"https:\/\/www.exatron.com.br\/produtos\/camera-de-video-smart-wi-fi\/","name":"C\u00e2mera de V\u00eddeo Smart Wi-Fi - EXATRON","isPartOf":{"@id":"https:\/\/www.exatron.com.br\/#website"},"primaryImageOfPage":{"@id":"https:\/\/www.exatron.com.br\/produtos\/camera-de-video-smart-wi-fi\/#primaryimage"},"image":{"@id":"https:\/\/www.exatron.com.br\/produtos\/camera-de-video-smart-wi-fi\/#primaryimage"},"thumbnailUrl":"https:\/\/www.exatron.com.br\/wp-content\/uploads\/2025\/12\/wcka1he3ghnlij4x9hhr4lsjfdvzt3qvsgvvbve2.png","datePublished":"2025-12-08T15:08:52+00:00","dateModified":"2026-04-22T14:13:27+00:00","description":"Para ambientes internos. Possu\u00ed comando de voz, Wi-Fi, modo noturno, f\u00e1cil instala\u00e7\u00e3o, rota\u00e7\u00e3o 355\u00b0, \u00e1udio bidirecional, rastreamento de movimentos e zoom.","breadcrumb":{"@id":"https:\/\/www.exatron.com.br\/produtos\/camera-de-video-smart-wi-fi\/#breadcrumb"},"inLanguage":"es","potentialAction":[{"@type":"ReadAction","target":["https:\/\/www.exatron.com.br\/produtos\/camera-de-video-smart-wi-fi\/"]}]},{"@type":"ImageObject","inLanguage":"es","@id":"https:\/\/www.exatron.com.br\/produtos\/camera-de-video-smart-wi-fi\/#primaryimage","url":"https:\/\/www.exatron.com.br\/wp-content\/uploads\/2025\/12\/wcka1he3ghnlij4x9hhr4lsjfdvzt3qvsgvvbve2.png","contentUrl":"https:\/\/www.exatron.com.br\/wp-content\/uploads\/2025\/12\/wcka1he3ghnlij4x9hhr4lsjfdvzt3qvsgvvbve2.png","width":1506,"height":1505,"caption":"Revolucione e conecte espa\u00e7os com a linha myhouse X da Exatron!"},{"@type":"BreadcrumbList","@id":"https:\/\/www.exatron.com.br\/produtos\/camera-de-video-smart-wi-fi\/#breadcrumb","itemListElement":[{"@type":"ListItem","position":1,"name":"In\u00edcio","item":"https:\/\/www.exatron.com.br\/"},{"@type":"ListItem","position":2,"name":"Loja","item":"https:\/\/www.exatron.com.br\/loja\/"},{"@type":"ListItem","position":3,"name":"C\u00e2mera de V\u00eddeo Smart Wi-Fi"}]},{"@type":"WebSite","@id":"https:\/\/www.exatron.com.br\/#website","url":"https:\/\/www.exatron.com.br\/","name":"EXATRON","description":"","publisher":{"@id":"https:\/\/www.exatron.com.br\/#organization"},"potentialAction":[{"@type":"SearchAction","target":{"@type":"EntryPoint","urlTemplate":"https:\/\/www.exatron.com.br\/?s={search_term_string}"},"query-input":{"@type":"PropertyValueSpecification","valueRequired":true,"valueName":"search_term_string"}}],"inLanguage":"es"},{"@type":"Organization","@id":"https:\/\/www.exatron.com.br\/#organization","name":"EXATRON","url":"https:\/\/www.exatron.com.br\/","logo":{"@type":"ImageObject","inLanguage":"es","@id":"https:\/\/www.exatron.com.br\/#\/schema\/logo\/image\/","url":"https:\/\/www.exatron.com.br\/wp-content\/uploads\/2024\/11\/default-kit.png","contentUrl":"https:\/\/www.exatron.com.br\/wp-content\/uploads\/2024\/11\/default-kit.png","width":956,"height":192,"caption":"EXATRON"},"image":{"@id":"https:\/\/www.exatron.com.br\/#\/schema\/logo\/image\/"}}]}},"_links":{"self":[{"href":"https:\/\/www.exatron.com.br\/es\/wp-json\/wp\/v2\/product\/10767","targetHints":{"allow":["GET"]}}],"collection":[{"href":"https:\/\/www.exatron.com.br\/es\/wp-json\/wp\/v2\/product"}],"about":[{"href":"https:\/\/www.exatron.com.br\/es\/wp-json\/wp\/v2\/types\/product"}],"replies":[{"embeddable":true,"href":"https:\/\/www.exatron.com.br\/es\/wp-json\/wp\/v2\/comments?post=10767"}],"wp:featuredmedia":[{"embeddable":true,"href":"https:\/\/www.exatron.com.br\/es\/wp-json\/wp\/v2\/media\/10346"}],"wp:attachment":[{"href":"https:\/\/www.exatron.com.br\/es\/wp-json\/wp\/v2\/media?parent=10767"}],"wp:term":[{"taxonomy":"aplicacao","embeddable":true,"href":"https:\/\/www.exatron.com.br\/es\/wp-json\/wp\/v2\/aplicacao?post=10767"},{"taxonomy":"product_brand","embeddable":true,"href":"https:\/\/www.exatron.com.br\/es\/wp-json\/wp\/v2\/product_brand?post=10767"},{"taxonomy":"product_cat","embeddable":true,"href":"https:\/\/www.exatron.com.br\/es\/wp-json\/wp\/v2\/product_cat?post=10767"},{"taxonomy":"product_tag","embeddable":true,"href":"https:\/\/www.exatron.com.br\/es\/wp-json\/wp\/v2\/product_tag?post=10767"}],"curies":[{"name":"wp","href":"https:\/\/api.w.org\/{rel}","templated":true}]}}