{"id":10771,"date":"2025-12-08T15:08:52","date_gmt":"2025-12-08T15:08:52","guid":{"rendered":""},"modified":"2026-04-29T11:19:36","modified_gmt":"2026-04-29T14:19:36","slug":"placa-4x2-2-3-suporte-glass-preto","status":"publish","type":"product","link":"https:\/\/www.exatron.com.br\/es\/produtos\/placa-4x2-2-3-suporte-glass-preto\/","title":{"rendered":"Placa Glass 4&#215;2 2\/3 + Suporte &#8211; Preto"},"content":{"rendered":"<h3>Especificaciones t\u00e9cnicas<\/h3>\n<ul>\n<li><a href=\"https:\/\/www.exatron.com.br\/es\/categoria\/modulos\/\">M\u00f3dulos<\/a> comercializados separadamente;<\/li>\n<li>Modelos de espelho comercializados: 1\/3 (1 m\u00f3dulo), 2\/3 (2 m\u00f3dulos) e 3\/3 (3 m\u00f3dulos);<\/li>\n<li>Cores de produtos: espelhos de vidro temperado (MyX Glass) nas cores preto ou branco;<\/li>\n<li>Cores dos m\u00f3dulos: branco, bronze, chumbo ou preto fosco;<\/li>\n<li>Temperatura de funcionamiento: 0\u00b0C a 40\u00b0C;<\/li>\n<li>Garantia das placas MyX Glass: 5 anos.<\/li>\n<\/ul>\n<p>&nbsp;<\/p>\n<h3>Instalaci\u00f3n<\/h3>\n<ol>\n<li>Aten\u00e7\u00e3o, antes da instala\u00e7\u00e3o verifique se a rede el\u00e9trica est\u00e1 desligada. A instala\u00e7\u00e3o do produto deve ser feita somente por pessoa capacitada;<\/li>\n<li>Instalaci\u00f3n en una caja de 4x2;<\/li>\n<li>Remover o espelho de vidro da grade pl\u00e1stica;<\/li>\n<li>Fixar os m\u00f3dulos desejados na grade e fazer a instala\u00e7\u00e3o el\u00e9trica;<\/li>\n<li>Fixar com 2 parafusos a grade + m\u00f3dulos na caixa 4&#215;2;<\/li>\n<li>Encaixar o espelho de vidro em cima da grade na parede.<\/li>\n<\/ol>","protected":false},"excerpt":{"rendered":"<p>Com um design arrojado e inovador, a linha MyX Glass \u00e9 a escolha ideal para quem busca sofistica\u00e7\u00e3o e praticidade na instala\u00e7\u00e3o el\u00e9trica.<\/p>\n<p>Com mais de 15 m\u00f3dulos dispon\u00edveis, a linha permite que voc\u00ea monte a sua instala\u00e7\u00e3o el\u00e9trica de acordo com a sua necessidade, sem abrir m\u00e3o do design moderno e elegante. Produzida com a base em pol\u00edmero ABS e face frontal de vidro temperado de alto brilho, a MyX Glass tem toda sua produ\u00e7\u00e3o realizada pela Exatron em sua f\u00e1brica no Brasil, garantindo a qualidade e a durabilidade dos produtos.<\/p>\n<p>Os engates inteligentes permitem que voc\u00ea altere as composi\u00e7\u00f5es dos m\u00f3dulos de forma f\u00e1cil e r\u00e1pida, sem a necessidade de ferramentas. Al\u00e9m disso, a estrutura refor\u00e7ada garante que os produtos n\u00e3o se deformem ao serem instalados, garantindo a seguran\u00e7a e a estabilidade da instala\u00e7\u00e3o el\u00e9trica.<\/p>\n<p>Os produtos da linha MyX Glass s\u00e3o intercambi\u00e1veis entre si e com a linha MyX, permitindo que voc\u00ea crie composi\u00e7\u00f5es \u00fanicas e personalizadas. A ergonomia e o acabamento refinado com vidro frontal de alta resist\u00eancia mec\u00e2nica garantem o conforto e a eleg\u00e2ncia na utiliza\u00e7\u00e3o dos produtos.<\/p>\n<p>Transforme a sua instala\u00e7\u00e3o el\u00e9trica em um verdadeiro destaque de design e qualidade, e surpreenda-se com a sofistica\u00e7\u00e3o e praticidade de instala\u00e7\u00e3o dos nossos produtos.<\/p>","protected":false},"featured_media":10350,"comment_status":"open","ping_status":"closed","template":"","meta":{"_acf_changed":false,"_joinchat":[]},"aplicacao":[],"product_brand":[],"product_cat":[377,325,1044],"product_tag":[1004,1022,1023,1020],"class_list":{"0":"post-10771","1":"product","2":"type-product","3":"status-publish","4":"has-post-thumbnail","6":"product_cat-glass","7":"product_cat-linha-eletrica","8":"product_cat-placas-e-suporte","9":"product_tag-linha-eletrica","10":"product_tag-linha-eletrica-myglass","11":"product_tag-placa-4x2-2-3","12":"product_tag-placa-4x2-vidro-temperado","14":"first","15":"onbackorder","16":"shipping-taxable","17":"product-type-simple"},"acf":[],"yoast_head":"<!-- This site is optimized with the Yoast SEO plugin v27.3 - https:\/\/yoast.com\/product\/yoast-seo-wordpress\/ -->\n<title>Placa Glass 4x2 2\/3 + Suporte - Preto - EXATRON<\/title>\n<meta name=\"description\" content=\"Placa 4x2 2\/3 + Suporte Glass - Preto (LEPC4216): Eleg\u00e2ncia e funcionalidade em um espelho de vidro preto. Compat\u00edvel com a linha MyX.\" \/>\n<meta name=\"robots\" content=\"index, follow, max-snippet:-1, max-image-preview:large, max-video-preview:-1\" \/>\n<link rel=\"canonical\" href=\"https:\/\/www.exatron.com.br\/es\/produtos\/placa-4x2-2-3-suporte-glass-preto\/\" \/>\n<meta property=\"og:locale\" content=\"es_ES\" \/>\n<meta property=\"og:type\" content=\"article\" \/>\n<meta property=\"og:title\" content=\"Placa Glass 4x2 2\/3 + Suporte - Preto - EXATRON\" \/>\n<meta property=\"og:description\" content=\"Placa 4x2 2\/3 + Suporte Glass - Preto (LEPC4216): Eleg\u00e2ncia e funcionalidade em um espelho de vidro preto. Compat\u00edvel com a linha MyX.\" \/>\n<meta property=\"og:url\" content=\"https:\/\/www.exatron.com.br\/es\/produtos\/placa-4x2-2-3-suporte-glass-preto\/\" \/>\n<meta property=\"og:site_name\" content=\"EXATRON\" \/>\n<meta property=\"article:modified_time\" content=\"2026-04-29T14:19:36+00:00\" \/>\n<meta property=\"og:image\" content=\"https:\/\/www.exatron.com.br\/wp-content\/uploads\/2025\/12\/hhz1jvnaifqhdpszu6ilkmtj63ehd2kt9911ojcm.png\" \/>\n\t<meta property=\"og:image:width\" content=\"1080\" \/>\n\t<meta property=\"og:image:height\" content=\"1080\" \/>\n\t<meta property=\"og:image:type\" content=\"image\/png\" \/>\n<meta name=\"twitter:card\" content=\"summary_large_image\" \/>\n<meta name=\"twitter:label1\" content=\"Tiempo de lectura\" \/>\n\t<meta name=\"twitter:data1\" content=\"1 minuto\" \/>\n<script type=\"application\/ld+json\" class=\"yoast-schema-graph\">{\"@context\":\"https:\\\/\\\/schema.org\",\"@graph\":[{\"@type\":\"WebPage\",\"@id\":\"https:\\\/\\\/www.exatron.com.br\\\/produtos\\\/placa-4x2-2-3-suporte-glass-preto\\\/\",\"url\":\"https:\\\/\\\/www.exatron.com.br\\\/produtos\\\/placa-4x2-2-3-suporte-glass-preto\\\/\",\"name\":\"Placa Glass 4x2 2\\\/3 + Suporte - Preto - EXATRON\",\"isPartOf\":{\"@id\":\"https:\\\/\\\/www.exatron.com.br\\\/#website\"},\"primaryImageOfPage\":{\"@id\":\"https:\\\/\\\/www.exatron.com.br\\\/produtos\\\/placa-4x2-2-3-suporte-glass-preto\\\/#primaryimage\"},\"image\":{\"@id\":\"https:\\\/\\\/www.exatron.com.br\\\/produtos\\\/placa-4x2-2-3-suporte-glass-preto\\\/#primaryimage\"},\"thumbnailUrl\":\"https:\\\/\\\/www.exatron.com.br\\\/wp-content\\\/uploads\\\/2025\\\/12\\\/hhz1jvnaifqhdpszu6ilkmtj63ehd2kt9911ojcm.png\",\"datePublished\":\"2025-12-08T15:08:52+00:00\",\"dateModified\":\"2026-04-29T14:19:36+00:00\",\"description\":\"Placa 4x2 2\\\/3 + Suporte Glass - Preto (LEPC4216): Eleg\u00e2ncia e funcionalidade em um espelho de vidro preto. Compat\u00edvel com a linha MyX.\",\"breadcrumb\":{\"@id\":\"https:\\\/\\\/www.exatron.com.br\\\/produtos\\\/placa-4x2-2-3-suporte-glass-preto\\\/#breadcrumb\"},\"inLanguage\":\"es\",\"potentialAction\":[{\"@type\":\"ReadAction\",\"target\":[\"https:\\\/\\\/www.exatron.com.br\\\/produtos\\\/placa-4x2-2-3-suporte-glass-preto\\\/\"]}]},{\"@type\":\"ImageObject\",\"inLanguage\":\"es\",\"@id\":\"https:\\\/\\\/www.exatron.com.br\\\/produtos\\\/placa-4x2-2-3-suporte-glass-preto\\\/#primaryimage\",\"url\":\"https:\\\/\\\/www.exatron.com.br\\\/wp-content\\\/uploads\\\/2025\\\/12\\\/hhz1jvnaifqhdpszu6ilkmtj63ehd2kt9911ojcm.png\",\"contentUrl\":\"https:\\\/\\\/www.exatron.com.br\\\/wp-content\\\/uploads\\\/2025\\\/12\\\/hhz1jvnaifqhdpszu6ilkmtj63ehd2kt9911ojcm.png\",\"width\":1080,\"height\":1080,\"caption\":\"Placa Glass 4x2 2\\\/3 + Suporte - Preto\"},{\"@type\":\"BreadcrumbList\",\"@id\":\"https:\\\/\\\/www.exatron.com.br\\\/produtos\\\/placa-4x2-2-3-suporte-glass-preto\\\/#breadcrumb\",\"itemListElement\":[{\"@type\":\"ListItem\",\"position\":1,\"name\":\"In\u00edcio\",\"item\":\"https:\\\/\\\/www.exatron.com.br\\\/\"},{\"@type\":\"ListItem\",\"position\":2,\"name\":\"Loja\",\"item\":\"https:\\\/\\\/www.exatron.com.br\\\/loja\\\/\"},{\"@type\":\"ListItem\",\"position\":3,\"name\":\"Placa Glass 4&#215;2 2\\\/3 + Suporte &#8211; Preto\"}]},{\"@type\":\"WebSite\",\"@id\":\"https:\\\/\\\/www.exatron.com.br\\\/#website\",\"url\":\"https:\\\/\\\/www.exatron.com.br\\\/\",\"name\":\"EXATRON\",\"description\":\"\",\"publisher\":{\"@id\":\"https:\\\/\\\/www.exatron.com.br\\\/#organization\"},\"potentialAction\":[{\"@type\":\"SearchAction\",\"target\":{\"@type\":\"EntryPoint\",\"urlTemplate\":\"https:\\\/\\\/www.exatron.com.br\\\/?s={search_term_string}\"},\"query-input\":{\"@type\":\"PropertyValueSpecification\",\"valueRequired\":true,\"valueName\":\"search_term_string\"}}],\"inLanguage\":\"es\"},{\"@type\":\"Organization\",\"@id\":\"https:\\\/\\\/www.exatron.com.br\\\/#organization\",\"name\":\"EXATRON\",\"url\":\"https:\\\/\\\/www.exatron.com.br\\\/\",\"logo\":{\"@type\":\"ImageObject\",\"inLanguage\":\"es\",\"@id\":\"https:\\\/\\\/www.exatron.com.br\\\/#\\\/schema\\\/logo\\\/image\\\/\",\"url\":\"https:\\\/\\\/www.exatron.com.br\\\/wp-content\\\/uploads\\\/2024\\\/11\\\/default-kit.png\",\"contentUrl\":\"https:\\\/\\\/www.exatron.com.br\\\/wp-content\\\/uploads\\\/2024\\\/11\\\/default-kit.png\",\"width\":956,\"height\":192,\"caption\":\"EXATRON\"},\"image\":{\"@id\":\"https:\\\/\\\/www.exatron.com.br\\\/#\\\/schema\\\/logo\\\/image\\\/\"}}]}<\/script>\n<!-- \/ Yoast SEO plugin. -->","yoast_head_json":{"title":"Placa Glass 4x2 2\/3 + Suporte - Preto - EXATRON","description":"Placa 4x2 2\/3 + Suporte Glass - Preto (LEPC4216): Eleg\u00e2ncia e funcionalidade em um espelho de vidro preto. Compat\u00edvel com a linha MyX.","robots":{"index":"index","follow":"follow","max-snippet":"max-snippet:-1","max-image-preview":"max-image-preview:large","max-video-preview":"max-video-preview:-1"},"canonical":"https:\/\/www.exatron.com.br\/es\/produtos\/placa-4x2-2-3-suporte-glass-preto\/","og_locale":"es_ES","og_type":"article","og_title":"Placa Glass 4x2 2\/3 + Suporte - Preto - EXATRON","og_description":"Placa 4x2 2\/3 + Suporte Glass - Preto (LEPC4216): Eleg\u00e2ncia e funcionalidade em um espelho de vidro preto. Compat\u00edvel com a linha MyX.","og_url":"https:\/\/www.exatron.com.br\/es\/produtos\/placa-4x2-2-3-suporte-glass-preto\/","og_site_name":"EXATRON","article_modified_time":"2026-04-29T14:19:36+00:00","og_image":[{"width":1080,"height":1080,"url":"https:\/\/www.exatron.com.br\/wp-content\/uploads\/2025\/12\/hhz1jvnaifqhdpszu6ilkmtj63ehd2kt9911ojcm.png","type":"image\/png"}],"twitter_card":"summary_large_image","twitter_misc":{"Tiempo de lectura":"1 minuto"},"schema":{"@context":"https:\/\/schema.org","@graph":[{"@type":"WebPage","@id":"https:\/\/www.exatron.com.br\/produtos\/placa-4x2-2-3-suporte-glass-preto\/","url":"https:\/\/www.exatron.com.br\/produtos\/placa-4x2-2-3-suporte-glass-preto\/","name":"Placa Glass 4x2 2\/3 + Suporte - Preto - EXATRON","isPartOf":{"@id":"https:\/\/www.exatron.com.br\/#website"},"primaryImageOfPage":{"@id":"https:\/\/www.exatron.com.br\/produtos\/placa-4x2-2-3-suporte-glass-preto\/#primaryimage"},"image":{"@id":"https:\/\/www.exatron.com.br\/produtos\/placa-4x2-2-3-suporte-glass-preto\/#primaryimage"},"thumbnailUrl":"https:\/\/www.exatron.com.br\/wp-content\/uploads\/2025\/12\/hhz1jvnaifqhdpszu6ilkmtj63ehd2kt9911ojcm.png","datePublished":"2025-12-08T15:08:52+00:00","dateModified":"2026-04-29T14:19:36+00:00","description":"Placa 4x2 2\/3 + Suporte Glass - Preto (LEPC4216): Eleg\u00e2ncia e funcionalidade em um espelho de vidro preto. Compat\u00edvel com a linha MyX.","breadcrumb":{"@id":"https:\/\/www.exatron.com.br\/produtos\/placa-4x2-2-3-suporte-glass-preto\/#breadcrumb"},"inLanguage":"es","potentialAction":[{"@type":"ReadAction","target":["https:\/\/www.exatron.com.br\/produtos\/placa-4x2-2-3-suporte-glass-preto\/"]}]},{"@type":"ImageObject","inLanguage":"es","@id":"https:\/\/www.exatron.com.br\/produtos\/placa-4x2-2-3-suporte-glass-preto\/#primaryimage","url":"https:\/\/www.exatron.com.br\/wp-content\/uploads\/2025\/12\/hhz1jvnaifqhdpszu6ilkmtj63ehd2kt9911ojcm.png","contentUrl":"https:\/\/www.exatron.com.br\/wp-content\/uploads\/2025\/12\/hhz1jvnaifqhdpszu6ilkmtj63ehd2kt9911ojcm.png","width":1080,"height":1080,"caption":"Placa Glass 4x2 2\/3 + Suporte - Preto"},{"@type":"BreadcrumbList","@id":"https:\/\/www.exatron.com.br\/produtos\/placa-4x2-2-3-suporte-glass-preto\/#breadcrumb","itemListElement":[{"@type":"ListItem","position":1,"name":"In\u00edcio","item":"https:\/\/www.exatron.com.br\/"},{"@type":"ListItem","position":2,"name":"Loja","item":"https:\/\/www.exatron.com.br\/loja\/"},{"@type":"ListItem","position":3,"name":"Placa Glass 4&#215;2 2\/3 + Suporte &#8211; Preto"}]},{"@type":"WebSite","@id":"https:\/\/www.exatron.com.br\/#website","url":"https:\/\/www.exatron.com.br\/","name":"EXATRON","description":"","publisher":{"@id":"https:\/\/www.exatron.com.br\/#organization"},"potentialAction":[{"@type":"SearchAction","target":{"@type":"EntryPoint","urlTemplate":"https:\/\/www.exatron.com.br\/?s={search_term_string}"},"query-input":{"@type":"PropertyValueSpecification","valueRequired":true,"valueName":"search_term_string"}}],"inLanguage":"es"},{"@type":"Organization","@id":"https:\/\/www.exatron.com.br\/#organization","name":"EXATRON","url":"https:\/\/www.exatron.com.br\/","logo":{"@type":"ImageObject","inLanguage":"es","@id":"https:\/\/www.exatron.com.br\/#\/schema\/logo\/image\/","url":"https:\/\/www.exatron.com.br\/wp-content\/uploads\/2024\/11\/default-kit.png","contentUrl":"https:\/\/www.exatron.com.br\/wp-content\/uploads\/2024\/11\/default-kit.png","width":956,"height":192,"caption":"EXATRON"},"image":{"@id":"https:\/\/www.exatron.com.br\/#\/schema\/logo\/image\/"}}]}},"_links":{"self":[{"href":"https:\/\/www.exatron.com.br\/es\/wp-json\/wp\/v2\/product\/10771","targetHints":{"allow":["GET"]}}],"collection":[{"href":"https:\/\/www.exatron.com.br\/es\/wp-json\/wp\/v2\/product"}],"about":[{"href":"https:\/\/www.exatron.com.br\/es\/wp-json\/wp\/v2\/types\/product"}],"replies":[{"embeddable":true,"href":"https:\/\/www.exatron.com.br\/es\/wp-json\/wp\/v2\/comments?post=10771"}],"wp:featuredmedia":[{"embeddable":true,"href":"https:\/\/www.exatron.com.br\/es\/wp-json\/wp\/v2\/media\/10350"}],"wp:attachment":[{"href":"https:\/\/www.exatron.com.br\/es\/wp-json\/wp\/v2\/media?parent=10771"}],"wp:term":[{"taxonomy":"aplicacao","embeddable":true,"href":"https:\/\/www.exatron.com.br\/es\/wp-json\/wp\/v2\/aplicacao?post=10771"},{"taxonomy":"product_brand","embeddable":true,"href":"https:\/\/www.exatron.com.br\/es\/wp-json\/wp\/v2\/product_brand?post=10771"},{"taxonomy":"product_cat","embeddable":true,"href":"https:\/\/www.exatron.com.br\/es\/wp-json\/wp\/v2\/product_cat?post=10771"},{"taxonomy":"product_tag","embeddable":true,"href":"https:\/\/www.exatron.com.br\/es\/wp-json\/wp\/v2\/product_tag?post=10771"}],"curies":[{"name":"wp","href":"https:\/\/api.w.org\/{rel}","templated":true}]}}