{"id":10774,"date":"2025-12-08T15:08:53","date_gmt":"2025-12-08T15:08:53","guid":{"rendered":""},"modified":"2026-04-29T15:26:59","modified_gmt":"2026-04-29T18:26:59","slug":"tomada-giratoria-baixa-para-rele-com-l-plastico","status":"publish","type":"product","link":"https:\/\/www.exatron.com.br\/es\/produtos\/tomada-giratoria-baixa-para-rele-com-l-plastico\/","title":{"rendered":"Tomada Girat\u00f3ria Baixa para Rel\u00e9 com &#8220;L&#8221; Pl\u00e1stico"},"content":{"rendered":"<h3>Especificaciones t\u00e9cnicas<\/h3>\n<ul>\n<li>Tomada girat\u00f3ria baixa para rel\u00e9, bivolt, com suporte pl\u00e1stico;<\/li>\n<li>Material: Al\u00e7a em resina poliamida (nylon) com refor\u00e7o de fibra de vidro, tomada e soquete em polipropileno e terminais de lat\u00e3o estanhado;<\/li>\n<li>Mapa de marca\u00e7\u00e3o indel\u00e9vel com identifica\u00e7\u00e3o do sentido de encaixe do rel\u00e9 e identifica\u00e7\u00e3o dos terminais de encaixe;<\/li>\n<li>Liga\u00e7\u00e3o a 3 fios: fase 1 (preto), neutro ou fase 2 (branco) e carga (vermelho);<\/li>\n<li>Se\u00e7\u00e3o transversal dos fios de 1mm\u00b2, comprimento de 15cm e decape padr\u00e3o 25mm;<\/li>\n<li>Comprimento dos fios de liga\u00e7\u00e3o pode ser alterado a pedido do cliente (sob consulta);<\/li>\n<li>Intercambialidade total: pode ser utilizada com rel\u00e9s de qualquer fabricante que atenda NBR 5123;<\/li>\n<li>Permite giro de 360\u00b0 para correta orienta\u00e7\u00e3o do rel\u00e9;<\/li>\n<li>Suporta uma for\u00e7a vertical de 50N (5kg);<\/li>\n<li>Corrente nominal: 10A;<\/li>\n<li>Tens\u00e3o de opera\u00e7\u00e3o: 100 a 240 Vac;<\/li>\n<li>Frecuencia de funcionamiento: 50\/60Hz;<\/li>\n<li>Rigidez diel\u00e9trica: Maior 2500V;<\/li>\n<li>Grau de prote\u00e7\u00e3o (IP): IP33\/65 &#8211; com rel\u00e9 fotoel\u00e9trico (TGBR0LP)*;<\/li>\n<li>Garantia: 1 ano.<\/li>\n<\/ul>\n<p>* A veda\u00e7\u00e3o da gaxeta do rel\u00e9 fotoel\u00e9trico deve ser adequada para o grau de prote\u00e7\u00e3o IP33\/65 de acordo com NBR5123:2016.<\/p>","protected":false},"excerpt":{"rendered":"<p>A Tomada Girat\u00f3ria Baixa para Rel\u00e9 com &#8220;L&#8221; Pl\u00e1stico (TGBR0LP PP) da Exatron \u00e9 uma solu\u00e7\u00e3o vers\u00e1til para instala\u00e7\u00e3o de rel\u00e9s fotel\u00e9tricos.<\/p>\n<p>Projetada para garantir uma fixa\u00e7\u00e3o robusta, ela vem equipada com um suporte pl\u00e1stico resistente e uma inovadora fun\u00e7\u00e3o girat\u00f3ria. Esta caracter\u00edstica permite que o rel\u00e9 seja ajustado em qualquer dire\u00e7\u00e3o, girando livremente at\u00e9 360\u00b0, assegurando que o sensor de luz esteja sempre otimamente posicionado para captar a ilumina\u00e7\u00e3o do sol. Tal funcionalidade n\u00e3o s\u00f3 simplifica a instala\u00e7\u00e3o, mas tamb\u00e9m maximiza a efici\u00eancia do rel\u00e9, adaptando-se perfeitamente \u00e0s necessidades espec\u00edficas de cada ambiente.<\/p>","protected":false},"featured_media":9806,"comment_status":"open","ping_status":"closed","template":"","meta":{"_acf_changed":false,"_joinchat":[]},"aplicacao":[],"product_brand":[],"product_cat":[357,321],"product_tag":[808,805,798],"class_list":{"0":"post-10774","1":"product","2":"type-product","3":"status-publish","4":"has-post-thumbnail","6":"product_cat-l-plastico","7":"product_cat-tomadas-para-rele","8":"product_tag-tomada-base-rele","9":"product_tag-tomada-de-rele","10":"product_tag-tomada-para-rele","12":"first","13":"onbackorder","14":"shipping-taxable","15":"product-type-simple"},"acf":[],"yoast_head":"<!-- This site is optimized with the Yoast SEO plugin v27.3 - https:\/\/yoast.com\/product\/yoast-seo-wordpress\/ -->\n<title>Tomada Girat\u00f3ria Baixa para Rel\u00e9 com &quot;L&quot; Pl\u00e1stico - EXATRON<\/title>\n<meta name=\"description\" content=\"Liga\u00e7\u00e3o a 3 fios, pode ser utilizada com rel\u00e9s de qualquer fabricante que atenda NBR 5123 e Permite giro de 360\u00b0 para correta orienta\u00e7\u00e3o do rel\u00e9;\" \/>\n<meta name=\"robots\" content=\"index, follow, max-snippet:-1, max-image-preview:large, max-video-preview:-1\" \/>\n<link rel=\"canonical\" href=\"https:\/\/www.exatron.com.br\/es\/produtos\/tomada-giratoria-baixa-para-rele-com-l-plastico\/\" \/>\n<meta property=\"og:locale\" content=\"es_ES\" \/>\n<meta property=\"og:type\" content=\"article\" \/>\n<meta property=\"og:title\" content=\"Tomada Girat\u00f3ria Baixa para Rel\u00e9 com &quot;L&quot; Pl\u00e1stico - EXATRON\" \/>\n<meta property=\"og:description\" content=\"Liga\u00e7\u00e3o a 3 fios, pode ser utilizada com rel\u00e9s de qualquer fabricante que atenda NBR 5123 e Permite giro de 360\u00b0 para correta orienta\u00e7\u00e3o do rel\u00e9;\" \/>\n<meta property=\"og:url\" content=\"https:\/\/www.exatron.com.br\/es\/produtos\/tomada-giratoria-baixa-para-rele-com-l-plastico\/\" \/>\n<meta property=\"og:site_name\" content=\"EXATRON\" \/>\n<meta property=\"article:modified_time\" content=\"2026-04-29T18:26:59+00:00\" \/>\n<meta property=\"og:image\" content=\"https:\/\/www.exatron.com.br\/wp-content\/uploads\/2025\/12\/asxm8nxyx74abjlddkukhoiqhvkkzz0jdyqaqzlr.png\" \/>\n\t<meta property=\"og:image:width\" content=\"1080\" \/>\n\t<meta property=\"og:image:height\" content=\"1080\" \/>\n\t<meta property=\"og:image:type\" content=\"image\/png\" \/>\n<meta name=\"twitter:card\" content=\"summary_large_image\" \/>\n<meta name=\"twitter:label1\" content=\"Tiempo de lectura\" \/>\n\t<meta name=\"twitter:data1\" content=\"2 minutos\" \/>\n<script type=\"application\/ld+json\" class=\"yoast-schema-graph\">{\"@context\":\"https:\\\/\\\/schema.org\",\"@graph\":[{\"@type\":\"WebPage\",\"@id\":\"https:\\\/\\\/www.exatron.com.br\\\/produtos\\\/tomada-giratoria-baixa-para-rele-com-l-plastico\\\/\",\"url\":\"https:\\\/\\\/www.exatron.com.br\\\/produtos\\\/tomada-giratoria-baixa-para-rele-com-l-plastico\\\/\",\"name\":\"Tomada Girat\u00f3ria Baixa para Rel\u00e9 com \\\"L\\\" Pl\u00e1stico - EXATRON\",\"isPartOf\":{\"@id\":\"https:\\\/\\\/www.exatron.com.br\\\/#website\"},\"primaryImageOfPage\":{\"@id\":\"https:\\\/\\\/www.exatron.com.br\\\/produtos\\\/tomada-giratoria-baixa-para-rele-com-l-plastico\\\/#primaryimage\"},\"image\":{\"@id\":\"https:\\\/\\\/www.exatron.com.br\\\/produtos\\\/tomada-giratoria-baixa-para-rele-com-l-plastico\\\/#primaryimage\"},\"thumbnailUrl\":\"https:\\\/\\\/www.exatron.com.br\\\/wp-content\\\/uploads\\\/2025\\\/12\\\/asxm8nxyx74abjlddkukhoiqhvkkzz0jdyqaqzlr.png\",\"datePublished\":\"2025-12-08T15:08:53+00:00\",\"dateModified\":\"2026-04-29T18:26:59+00:00\",\"description\":\"Liga\u00e7\u00e3o a 3 fios, pode ser utilizada com rel\u00e9s de qualquer fabricante que atenda NBR 5123 e Permite giro de 360\u00b0 para correta orienta\u00e7\u00e3o do rel\u00e9;\",\"breadcrumb\":{\"@id\":\"https:\\\/\\\/www.exatron.com.br\\\/produtos\\\/tomada-giratoria-baixa-para-rele-com-l-plastico\\\/#breadcrumb\"},\"inLanguage\":\"es\",\"potentialAction\":[{\"@type\":\"ReadAction\",\"target\":[\"https:\\\/\\\/www.exatron.com.br\\\/produtos\\\/tomada-giratoria-baixa-para-rele-com-l-plastico\\\/\"]}]},{\"@type\":\"ImageObject\",\"inLanguage\":\"es\",\"@id\":\"https:\\\/\\\/www.exatron.com.br\\\/produtos\\\/tomada-giratoria-baixa-para-rele-com-l-plastico\\\/#primaryimage\",\"url\":\"https:\\\/\\\/www.exatron.com.br\\\/wp-content\\\/uploads\\\/2025\\\/12\\\/asxm8nxyx74abjlddkukhoiqhvkkzz0jdyqaqzlr.png\",\"contentUrl\":\"https:\\\/\\\/www.exatron.com.br\\\/wp-content\\\/uploads\\\/2025\\\/12\\\/asxm8nxyx74abjlddkukhoiqhvkkzz0jdyqaqzlr.png\",\"width\":1080,\"height\":1080,\"caption\":\"Projetada para garantir uma fixa\u00e7\u00e3o robusta, ela vem equipada com um suporte pl\u00e1stico resistente e uma inovadora fun\u00e7\u00e3o girat\u00f3ria.\"},{\"@type\":\"BreadcrumbList\",\"@id\":\"https:\\\/\\\/www.exatron.com.br\\\/produtos\\\/tomada-giratoria-baixa-para-rele-com-l-plastico\\\/#breadcrumb\",\"itemListElement\":[{\"@type\":\"ListItem\",\"position\":1,\"name\":\"In\u00edcio\",\"item\":\"https:\\\/\\\/www.exatron.com.br\\\/\"},{\"@type\":\"ListItem\",\"position\":2,\"name\":\"Loja\",\"item\":\"https:\\\/\\\/www.exatron.com.br\\\/loja\\\/\"},{\"@type\":\"ListItem\",\"position\":3,\"name\":\"Tomada Girat\u00f3ria Baixa para Rel\u00e9 com &#8220;L&#8221; Pl\u00e1stico\"}]},{\"@type\":\"WebSite\",\"@id\":\"https:\\\/\\\/www.exatron.com.br\\\/#website\",\"url\":\"https:\\\/\\\/www.exatron.com.br\\\/\",\"name\":\"EXATRON\",\"description\":\"\",\"publisher\":{\"@id\":\"https:\\\/\\\/www.exatron.com.br\\\/#organization\"},\"potentialAction\":[{\"@type\":\"SearchAction\",\"target\":{\"@type\":\"EntryPoint\",\"urlTemplate\":\"https:\\\/\\\/www.exatron.com.br\\\/?s={search_term_string}\"},\"query-input\":{\"@type\":\"PropertyValueSpecification\",\"valueRequired\":true,\"valueName\":\"search_term_string\"}}],\"inLanguage\":\"es\"},{\"@type\":\"Organization\",\"@id\":\"https:\\\/\\\/www.exatron.com.br\\\/#organization\",\"name\":\"EXATRON\",\"url\":\"https:\\\/\\\/www.exatron.com.br\\\/\",\"logo\":{\"@type\":\"ImageObject\",\"inLanguage\":\"es\",\"@id\":\"https:\\\/\\\/www.exatron.com.br\\\/#\\\/schema\\\/logo\\\/image\\\/\",\"url\":\"https:\\\/\\\/www.exatron.com.br\\\/wp-content\\\/uploads\\\/2024\\\/11\\\/default-kit.png\",\"contentUrl\":\"https:\\\/\\\/www.exatron.com.br\\\/wp-content\\\/uploads\\\/2024\\\/11\\\/default-kit.png\",\"width\":956,\"height\":192,\"caption\":\"EXATRON\"},\"image\":{\"@id\":\"https:\\\/\\\/www.exatron.com.br\\\/#\\\/schema\\\/logo\\\/image\\\/\"}}]}<\/script>\n<!-- \/ Yoast SEO plugin. -->","yoast_head_json":{"title":"Tomada Girat\u00f3ria Baixa para Rel\u00e9 com \"L\" Pl\u00e1stico - EXATRON","description":"Liga\u00e7\u00e3o a 3 fios, pode ser utilizada com rel\u00e9s de qualquer fabricante que atenda NBR 5123 e Permite giro de 360\u00b0 para correta orienta\u00e7\u00e3o do rel\u00e9;","robots":{"index":"index","follow":"follow","max-snippet":"max-snippet:-1","max-image-preview":"max-image-preview:large","max-video-preview":"max-video-preview:-1"},"canonical":"https:\/\/www.exatron.com.br\/es\/produtos\/tomada-giratoria-baixa-para-rele-com-l-plastico\/","og_locale":"es_ES","og_type":"article","og_title":"Tomada Girat\u00f3ria Baixa para Rel\u00e9 com \"L\" Pl\u00e1stico - EXATRON","og_description":"Liga\u00e7\u00e3o a 3 fios, pode ser utilizada com rel\u00e9s de qualquer fabricante que atenda NBR 5123 e Permite giro de 360\u00b0 para correta orienta\u00e7\u00e3o do rel\u00e9;","og_url":"https:\/\/www.exatron.com.br\/es\/produtos\/tomada-giratoria-baixa-para-rele-com-l-plastico\/","og_site_name":"EXATRON","article_modified_time":"2026-04-29T18:26:59+00:00","og_image":[{"width":1080,"height":1080,"url":"https:\/\/www.exatron.com.br\/wp-content\/uploads\/2025\/12\/asxm8nxyx74abjlddkukhoiqhvkkzz0jdyqaqzlr.png","type":"image\/png"}],"twitter_card":"summary_large_image","twitter_misc":{"Tiempo de lectura":"2 minutos"},"schema":{"@context":"https:\/\/schema.org","@graph":[{"@type":"WebPage","@id":"https:\/\/www.exatron.com.br\/produtos\/tomada-giratoria-baixa-para-rele-com-l-plastico\/","url":"https:\/\/www.exatron.com.br\/produtos\/tomada-giratoria-baixa-para-rele-com-l-plastico\/","name":"Tomada Girat\u00f3ria Baixa para Rel\u00e9 com \"L\" Pl\u00e1stico - EXATRON","isPartOf":{"@id":"https:\/\/www.exatron.com.br\/#website"},"primaryImageOfPage":{"@id":"https:\/\/www.exatron.com.br\/produtos\/tomada-giratoria-baixa-para-rele-com-l-plastico\/#primaryimage"},"image":{"@id":"https:\/\/www.exatron.com.br\/produtos\/tomada-giratoria-baixa-para-rele-com-l-plastico\/#primaryimage"},"thumbnailUrl":"https:\/\/www.exatron.com.br\/wp-content\/uploads\/2025\/12\/asxm8nxyx74abjlddkukhoiqhvkkzz0jdyqaqzlr.png","datePublished":"2025-12-08T15:08:53+00:00","dateModified":"2026-04-29T18:26:59+00:00","description":"Liga\u00e7\u00e3o a 3 fios, pode ser utilizada com rel\u00e9s de qualquer fabricante que atenda NBR 5123 e Permite giro de 360\u00b0 para correta orienta\u00e7\u00e3o do rel\u00e9;","breadcrumb":{"@id":"https:\/\/www.exatron.com.br\/produtos\/tomada-giratoria-baixa-para-rele-com-l-plastico\/#breadcrumb"},"inLanguage":"es","potentialAction":[{"@type":"ReadAction","target":["https:\/\/www.exatron.com.br\/produtos\/tomada-giratoria-baixa-para-rele-com-l-plastico\/"]}]},{"@type":"ImageObject","inLanguage":"es","@id":"https:\/\/www.exatron.com.br\/produtos\/tomada-giratoria-baixa-para-rele-com-l-plastico\/#primaryimage","url":"https:\/\/www.exatron.com.br\/wp-content\/uploads\/2025\/12\/asxm8nxyx74abjlddkukhoiqhvkkzz0jdyqaqzlr.png","contentUrl":"https:\/\/www.exatron.com.br\/wp-content\/uploads\/2025\/12\/asxm8nxyx74abjlddkukhoiqhvkkzz0jdyqaqzlr.png","width":1080,"height":1080,"caption":"Projetada para garantir uma fixa\u00e7\u00e3o robusta, ela vem equipada com um suporte pl\u00e1stico resistente e uma inovadora fun\u00e7\u00e3o girat\u00f3ria."},{"@type":"BreadcrumbList","@id":"https:\/\/www.exatron.com.br\/produtos\/tomada-giratoria-baixa-para-rele-com-l-plastico\/#breadcrumb","itemListElement":[{"@type":"ListItem","position":1,"name":"In\u00edcio","item":"https:\/\/www.exatron.com.br\/"},{"@type":"ListItem","position":2,"name":"Loja","item":"https:\/\/www.exatron.com.br\/loja\/"},{"@type":"ListItem","position":3,"name":"Tomada Girat\u00f3ria Baixa para Rel\u00e9 com &#8220;L&#8221; Pl\u00e1stico"}]},{"@type":"WebSite","@id":"https:\/\/www.exatron.com.br\/#website","url":"https:\/\/www.exatron.com.br\/","name":"EXATRON","description":"","publisher":{"@id":"https:\/\/www.exatron.com.br\/#organization"},"potentialAction":[{"@type":"SearchAction","target":{"@type":"EntryPoint","urlTemplate":"https:\/\/www.exatron.com.br\/?s={search_term_string}"},"query-input":{"@type":"PropertyValueSpecification","valueRequired":true,"valueName":"search_term_string"}}],"inLanguage":"es"},{"@type":"Organization","@id":"https:\/\/www.exatron.com.br\/#organization","name":"EXATRON","url":"https:\/\/www.exatron.com.br\/","logo":{"@type":"ImageObject","inLanguage":"es","@id":"https:\/\/www.exatron.com.br\/#\/schema\/logo\/image\/","url":"https:\/\/www.exatron.com.br\/wp-content\/uploads\/2024\/11\/default-kit.png","contentUrl":"https:\/\/www.exatron.com.br\/wp-content\/uploads\/2024\/11\/default-kit.png","width":956,"height":192,"caption":"EXATRON"},"image":{"@id":"https:\/\/www.exatron.com.br\/#\/schema\/logo\/image\/"}}]}},"_links":{"self":[{"href":"https:\/\/www.exatron.com.br\/es\/wp-json\/wp\/v2\/product\/10774","targetHints":{"allow":["GET"]}}],"collection":[{"href":"https:\/\/www.exatron.com.br\/es\/wp-json\/wp\/v2\/product"}],"about":[{"href":"https:\/\/www.exatron.com.br\/es\/wp-json\/wp\/v2\/types\/product"}],"replies":[{"embeddable":true,"href":"https:\/\/www.exatron.com.br\/es\/wp-json\/wp\/v2\/comments?post=10774"}],"wp:featuredmedia":[{"embeddable":true,"href":"https:\/\/www.exatron.com.br\/es\/wp-json\/wp\/v2\/media\/9806"}],"wp:attachment":[{"href":"https:\/\/www.exatron.com.br\/es\/wp-json\/wp\/v2\/media?parent=10774"}],"wp:term":[{"taxonomy":"aplicacao","embeddable":true,"href":"https:\/\/www.exatron.com.br\/es\/wp-json\/wp\/v2\/aplicacao?post=10774"},{"taxonomy":"product_brand","embeddable":true,"href":"https:\/\/www.exatron.com.br\/es\/wp-json\/wp\/v2\/product_brand?post=10774"},{"taxonomy":"product_cat","embeddable":true,"href":"https:\/\/www.exatron.com.br\/es\/wp-json\/wp\/v2\/product_cat?post=10774"},{"taxonomy":"product_tag","embeddable":true,"href":"https:\/\/www.exatron.com.br\/es\/wp-json\/wp\/v2\/product_tag?post=10774"}],"curies":[{"name":"wp","href":"https:\/\/api.w.org\/{rel}","templated":true}]}}